{"id":6744,"date":"2025-05-02T08:49:28","date_gmt":"2025-05-02T06:49:28","guid":{"rendered":"https:\/\/www.mosagreen.it\/product\/sistema-doppio-binario-to56-2r\/"},"modified":"2025-08-18T17:48:02","modified_gmt":"2025-08-18T15:48:02","slug":"systeme-a-double-rail-to56-2r","status":"publish","type":"product","link":"https:\/\/www.mosagreen.it\/fr\/product\/systeme-a-double-rail-to56-2r\/","title":{"rendered":"SYST\u00c8ME \u00c0 DOUBLE RAIL TO56-2R"},"content":{"rendered":"\t\t<div data-elementor-type=\"wp-post\" data-elementor-id=\"6744\" class=\"elementor elementor-6744 elementor-2549\" data-elementor-post-type=\"product\">\n\t\t\t\t<div class=\"elementor-element elementor-element-052947d e-con-full e-flex e-con e-parent\" data-id=\"052947d\" data-element_type=\"container\">\n\t\t\t\t<div class=\"elementor-element elementor-element-9b38406 elementor-widget elementor-widget-template\" data-id=\"9b38406\" data-element_type=\"widget\" data-widget_type=\"template.default\">\n\t\t\t\t<div class=\"elementor-widget-container\">\n\t\t\t\t\t\t\t<div class=\"elementor-template\">\n\t\t\t\t\t<div data-elementor-type=\"page\" data-elementor-id=\"1778\" class=\"elementor elementor-1778\" data-elementor-post-type=\"elementor_library\">\n\t\t\t\t<div class=\"elementor-element elementor-element-6aadf54 e-con-full e-flex e-con e-parent\" data-id=\"6aadf54\" data-element_type=\"container\">\n\t\t\t\t<div class=\"elementor-element elementor-element-9b512b8 elementor-widget elementor-widget-image\" data-id=\"9b512b8\" data-element_type=\"widget\" data-widget_type=\"image.default\">\n\t\t\t\t<div class=\"elementor-widget-container\">\n\t\t\t\t\t\t\t\t\t\t\t\t\t\t\t<img decoding=\"async\" src=\"https:\/\/www.mosagreen.it\/wp-content\/uploads\/elementor\/thumbs\/TESTATA-Irrigazione-r6ikhhgb64z3uydwkbhn3aeq9xythvfqhd0s8qf3vc.jpg\" title=\"TESTATA-Irrigazione\" alt=\"TESTATA-Irrigazione\" loading=\"lazy\" \/>\t\t\t\t\t\t\t\t\t\t\t\t\t\t\t<\/div>\n\t\t\t\t<\/div>\n\t\t\t\t<\/div>\n\t\t\t\t<\/div>\n\t\t\t\t<\/div>\n\t\t\t\t\t\t<\/div>\n\t\t\t\t<\/div>\n\t\t\t\t<\/div>\n\t\t<div class=\"elementor-element elementor-element-cf3fc55 e-flex e-con-boxed e-con e-parent\" data-id=\"cf3fc55\" data-element_type=\"container\">\n\t\t\t\t\t<div class=\"e-con-inner\">\n\t\t<div class=\"elementor-element elementor-element-1b627e5 e-con-full e-flex e-con e-child\" data-id=\"1b627e5\" data-element_type=\"container\">\n\t\t\t\t<div class=\"elementor-element elementor-element-ab00c0f elementor-invisible elementor-widget elementor-widget-theme-post-featured-image elementor-widget-image\" data-id=\"ab00c0f\" data-element_type=\"widget\" data-settings=\"{&quot;_animation&quot;:&quot;fadeInLeft&quot;,&quot;_animation_delay&quot;:300}\" data-widget_type=\"theme-post-featured-image.default\">\n\t\t\t\t<div class=\"elementor-widget-container\">\n\t\t\t\t\t\t\t\t\t\t\t\t\t\t\t<img fetchpriority=\"high\" decoding=\"async\" width=\"600\" height=\"600\" src=\"https:\/\/www.mosagreen.it\/wp-content\/uploads\/2025\/05\/pag-75-a.png\" class=\"attachment-large size-large wp-image-2553\" alt=\"\" srcset=\"https:\/\/www.mosagreen.it\/wp-content\/uploads\/2025\/05\/pag-75-a.png 600w, https:\/\/www.mosagreen.it\/wp-content\/uploads\/2025\/05\/pag-75-a-300x300.png 300w, https:\/\/www.mosagreen.it\/wp-content\/uploads\/2025\/05\/pag-75-a-150x150.png 150w\" sizes=\"(max-width: 600px) 100vw, 600px\" \/>\t\t\t\t\t\t\t\t\t\t\t\t\t\t\t<\/div>\n\t\t\t\t<\/div>\n\t\t\t\t<div class=\"elementor-element elementor-element-3a78fcd elementor-widget elementor-widget-video\" data-id=\"3a78fcd\" data-element_type=\"widget\" data-settings=\"{&quot;youtube_url&quot;:&quot;https:\\\/\\\/m.youtube.com\\\/watch?v=0X0H04_7sDE&quot;,&quot;image_overlay&quot;:{&quot;url&quot;:&quot;https:\\\/\\\/www.mosagreen.it\\\/wp-content\\\/uploads\\\/2025\\\/05\\\/pag-75-b.png&quot;,&quot;id&quot;:2559,&quot;size&quot;:&quot;&quot;,&quot;alt&quot;:&quot;&quot;,&quot;source&quot;:&quot;library&quot;},&quot;lightbox&quot;:&quot;yes&quot;,&quot;lightbox_content_animation&quot;:&quot;fadeInUp&quot;,&quot;show_image_overlay&quot;:&quot;yes&quot;,&quot;video_type&quot;:&quot;youtube&quot;,&quot;controls&quot;:&quot;yes&quot;}\" data-widget_type=\"video.default\">\n\t\t\t\t<div class=\"elementor-widget-container\">\n\t\t\t\t\t\t\t<div class=\"elementor-wrapper elementor-open-lightbox\">\n\t\t\t\t\t\t\t<div class=\"elementor-custom-embed-image-overlay\" data-elementor-open-lightbox=\"yes\" data-elementor-lightbox=\"{&quot;type&quot;:&quot;video&quot;,&quot;videoType&quot;:&quot;youtube&quot;,&quot;url&quot;:&quot;https:\\\/\\\/www.youtube.com\\\/embed\\\/0X0H04_7sDE?feature=oembed&amp;start&amp;end&amp;wmode=opaque&amp;loop=0&amp;controls=1&amp;mute=0&amp;rel=0&amp;cc_load_policy=0&quot;,&quot;autoplay&quot;:&quot;&quot;,&quot;modalOptions&quot;:{&quot;id&quot;:&quot;elementor-lightbox-3a78fcd&quot;,&quot;entranceAnimation&quot;:&quot;fadeInUp&quot;,&quot;entranceAnimation_tablet&quot;:&quot;&quot;,&quot;entranceAnimation_mobile&quot;:&quot;&quot;,&quot;videoAspectRatio&quot;:&quot;169&quot;}}\" data-e-action-hash=\"#elementor-action%3Aaction%3Dlightbox%26settings%3DeyJ0eXBlIjoidmlkZW8iLCJ2aWRlb1R5cGUiOiJ5b3V0dWJlIiwidXJsIjoiaHR0cHM6XC9cL3d3dy55b3V0dWJlLmNvbVwvZW1iZWRcLzBYMEgwNF83c0RFP2ZlYXR1cmU9b2VtYmVkJnN0YXJ0JmVuZCZ3bW9kZT1vcGFxdWUmbG9vcD0wJmNvbnRyb2xzPTEmbXV0ZT0wJnJlbD0wJmNjX2xvYWRfcG9saWN5PTAiLCJhdXRvcGxheSI6IiIsIm1vZGFsT3B0aW9ucyI6eyJpZCI6ImVsZW1lbnRvci1saWdodGJveC0zYTc4ZmNkIiwiZW50cmFuY2VBbmltYXRpb24iOiJmYWRlSW5VcCIsImVudHJhbmNlQW5pbWF0aW9uX3RhYmxldCI6IiIsImVudHJhbmNlQW5pbWF0aW9uX21vYmlsZSI6IiIsInZpZGVvQXNwZWN0UmF0aW8iOiIxNjkifX0%3D\">\n\t\t\t\t\t\t\t\t\t\t\t<img decoding=\"async\" width=\"600\" height=\"600\" src=\"https:\/\/www.mosagreen.it\/wp-content\/uploads\/2025\/05\/pag-75-b.png\" class=\"attachment-full size-full wp-image-2559\" alt=\"\" srcset=\"https:\/\/www.mosagreen.it\/wp-content\/uploads\/2025\/05\/pag-75-b.png 600w, https:\/\/www.mosagreen.it\/wp-content\/uploads\/2025\/05\/pag-75-b-300x300.png 300w, https:\/\/www.mosagreen.it\/wp-content\/uploads\/2025\/05\/pag-75-b-150x150.png 150w\" sizes=\"(max-width: 600px) 100vw, 600px\" \/>\t\t\t\t\t\t\t\t\t\t\t\t\t\t\t\t<div class=\"elementor-custom-embed-play\" role=\"button\" aria-label=\"Lire la vid\u00e9o\" tabindex=\"0\">\n\t\t\t\t\t\t\t<svg xmlns=\"http:\/\/www.w3.org\/2000\/svg\" width=\"68.508\" height=\"68.336\" viewBox=\"0 0 68.508 68.336\"><path id=\"Icon_material-sharp-slow-motion-video\" data-name=\"Icon material-sharp-slow-motion-video\" d=\"M40.849,29.654,30.375,21.79V52.7l10.474-7.864,10.13-7.589-10.13-7.589Zm0,0L30.375,21.79V52.7l10.474-7.864,10.13-7.589-10.13-7.589Zm0,0L30.375,21.79V52.7l10.474-7.864,10.13-7.589-10.13-7.589Zm-7.04-19.642V3.075A34.164,34.164,0,0,0,15.54,10.664l4.876,4.911a27.269,27.269,0,0,1,13.392-5.563Zm-18.234,10.4L10.664,15.54A34.164,34.164,0,0,0,3.075,33.809h6.937A27.269,27.269,0,0,1,15.575,20.417Zm-5.563,20.26H3.075a34.164,34.164,0,0,0,7.589,18.269l4.911-4.911a27.018,27.018,0,0,1-5.563-13.358ZM15.54,63.822a34.274,34.274,0,0,0,18.269,7.589V64.474a27.269,27.269,0,0,1-13.392-5.563L15.54,63.822ZM71.583,37.243A34.391,34.391,0,0,1,40.849,71.411V64.474a27.469,27.469,0,0,0,0-54.463V3.075A34.391,34.391,0,0,1,71.583,37.243Z\" transform=\"translate(-3.075 -3.075)\" fill=\"#fff\"><\/path><\/svg>\t\t\t\t\t\t<\/div>\n\t\t\t\t\t\t\t\t\t<\/div>\n\t\t\t\t\t<\/div>\n\t\t\t\t\t\t<\/div>\n\t\t\t\t<\/div>\n\t\t\t\t<\/div>\n\t\t<div class=\"elementor-element elementor-element-8c554c7 e-con-full e-flex elementor-invisible e-con e-child\" data-id=\"8c554c7\" data-element_type=\"container\" data-settings=\"{&quot;animation&quot;:&quot;fadeInRight&quot;,&quot;animation_delay&quot;:400}\">\n\t\t<div class=\"elementor-element elementor-element-0b670e5 e-con-full e-flex e-con e-child\" data-id=\"0b670e5\" data-element_type=\"container\">\n\t\t\t\t<div class=\"elementor-element elementor-element-085d751 elementor-widget elementor-widget-heading\" data-id=\"085d751\" data-element_type=\"widget\" data-widget_type=\"heading.default\">\n\t\t\t\t<div class=\"elementor-widget-container\">\n\t\t\t\t\t<h2 class=\"elementor-heading-title elementor-size-default\">SYST\u00c8ME \u00c0 DOUBLE RAIL<\/h2>\t\t\t\t<\/div>\n\t\t\t\t<\/div>\n\t\t\t\t<div class=\"elementor-element elementor-element-f51387e elementor-widget elementor-widget-heading\" data-id=\"f51387e\" data-element_type=\"widget\" data-widget_type=\"heading.default\">\n\t\t\t\t<div class=\"elementor-widget-container\">\n\t\t\t\t\t<h2 class=\"elementor-heading-title elementor-size-default\">TO56-2R<\/h2>\t\t\t\t<\/div>\n\t\t\t\t<\/div>\n\t\t\t\t<\/div>\n\t\t\t\t<div class=\"elementor-element elementor-element-6e536f2 elementor-widget elementor-widget-text-editor\" data-id=\"6e536f2\" data-element_type=\"widget\" data-widget_type=\"text-editor.default\">\n\t\t\t\t<div class=\"elementor-widget-container\">\n\t\t\t\t\t\t\t\t\t<ul class=\"ul1\"><li class=\"li1\">Syst\u00e8me \u00e0 double rail :<br \/>&#8211; Rails, avec profil con\u00e7u par Mosa Green, ancr\u00e9s \u00e0 la structure de la serre<br \/>&#8211; Syst\u00e8me de pr\u00e9-tension et de traction Mosa Green pour des serres qui ont une longueur de jusqu\u2019\u00e0 270 m<\/li><li class=\"li1\">Deux chariots :<br \/>&#8211; Un chariot pour le transport du tuyau d&rsquo;eau\/traitement<br \/>&#8211; Un chariot pour le transport de la tuyauterie en acier inoxydable \u00e9quip\u00e9e de buses d&rsquo;irrigation<br \/>&#8211; Le mouvement est assur\u00e9 par un moteur reli\u00e9 \u00e0 un syst\u00e8me de traction compos\u00e9 de c\u00e2bles d&rsquo;acier et de poulies<\/li><li class=\"li2\"><span class=\"s2\">Panneau de commande : <br \/>&#8211; R\u00e9glage et gestion des param\u00e8tres d\u2019irrigation<br \/>&#8211; Gestion des \u00e9lectrovannes eau\/traitement<br \/>&#8211; Cr\u00e9ation et m\u00e9morisation des programmes d&rsquo;irrigation<\/span><\/li><li class=\"li2\"><span class=\"s2\">Irrigation :<br \/>&#8211; Irrigation, traitement et fertigation \u00e0 basse pression (max. 6 bar) effectu\u00e9s par une simple ou double tuyauterie en acier inoxydable \u00e9quip\u00e9e de buses.<br \/>&#8211; Traitement \u00e0 haute pression (max. 16 bar) r\u00e9alis\u00e9 avec une tuyauterie suppl\u00e9mentaire en acier inoxydable \u00e9quip\u00e9e de buses en c\u00e9ramique situ\u00e9es dans des porte-buses en laiton.<\/span><\/li><li class=\"li3\">Connexion \u00e9lectrique : 230 V monophas\u00e9, puissance 0,4 kW pour chaque barre d&rsquo;irrigation.<\/li><\/ul>\t\t\t\t\t\t\t\t<\/div>\n\t\t\t\t<\/div>\n\t\t\t\t<\/div>\n\t\t\t\t\t<\/div>\n\t\t\t\t<\/div>\n\t\t\t\t<\/div>\n\t\t","protected":false},"featured_media":2553,"template":"","meta":{"_acf_changed":false,"inline_featured_image":false},"product_category":[124],"class_list":["post-6744","product","type-product","status-publish","has-post-thumbnail","hentry","product_category-irrigation-fr"],"acf":[],"yoast_head":"<!-- This site is optimized with the Yoast SEO plugin v26.0 - https:\/\/yoast.com\/wordpress\/plugins\/seo\/ -->\n<title>SYST\u00c8ME \u00c0 DOUBLE RAIL TO56-2R - MosaGreen<\/title>\n<meta name=\"robots\" content=\"index, follow, max-snippet:-1, max-image-preview:large, max-video-preview:-1\" \/>\n<link rel=\"canonical\" href=\"https:\/\/www.mosagreen.it\/fr\/product\/systeme-a-double-rail-to56-2r\/\" \/>\n<meta property=\"og:locale\" content=\"fr_FR\" \/>\n<meta property=\"og:type\" content=\"article\" \/>\n<meta property=\"og:title\" content=\"SYST\u00c8ME \u00c0 DOUBLE RAIL TO56-2R - MosaGreen\" \/>\n<meta property=\"og:description\" content=\"https:\/\/m.youtube.com\/watch?v=0X0H04_7sDE Syst\u00e8me \u00e0 double rail :&#8211; Rails, avec profil con\u00e7u par Mosa Green, ancr\u00e9s \u00e0 la structure de la serre&#8211; Syst\u00e8me de pr\u00e9-tension et de traction Mosa Green pour des serres qui ont une longueur de jusqu\u2019\u00e0 270 m Deux chariots :&#8211; Un chariot pour le transport du tuyau d&rsquo;eau\/traitement&#8211; Un chariot pour le transport [&hellip;]\" \/>\n<meta property=\"og:url\" content=\"https:\/\/www.mosagreen.it\/fr\/product\/systeme-a-double-rail-to56-2r\/\" \/>\n<meta property=\"og:site_name\" content=\"MosaGreen\" \/>\n<meta property=\"article:modified_time\" content=\"2025-08-18T15:48:02+00:00\" \/>\n<meta property=\"og:image\" content=\"https:\/\/www.mosagreen.it\/wp-content\/uploads\/2025\/05\/pag-75-a.png\" \/>\n\t<meta property=\"og:image:width\" content=\"600\" \/>\n\t<meta property=\"og:image:height\" content=\"600\" \/>\n\t<meta property=\"og:image:type\" content=\"image\/png\" \/>\n<meta name=\"twitter:card\" content=\"summary_large_image\" \/>\n<meta name=\"twitter:label1\" content=\"Dur\u00e9e de lecture estim\u00e9e\" \/>\n\t<meta name=\"twitter:data1\" content=\"2 minutes\" \/>\n<script type=\"application\/ld+json\" class=\"yoast-schema-graph\">{\"@context\":\"https:\/\/schema.org\",\"@graph\":[{\"@type\":\"WebPage\",\"@id\":\"https:\/\/www.mosagreen.it\/fr\/product\/systeme-a-double-rail-to56-2r\/\",\"url\":\"https:\/\/www.mosagreen.it\/fr\/product\/systeme-a-double-rail-to56-2r\/\",\"name\":\"SYST\u00c8ME \u00c0 DOUBLE RAIL TO56-2R - MosaGreen\",\"isPartOf\":{\"@id\":\"https:\/\/www.mosagreen.it\/fr\/#website\"},\"primaryImageOfPage\":{\"@id\":\"https:\/\/www.mosagreen.it\/fr\/product\/systeme-a-double-rail-to56-2r\/#primaryimage\"},\"image\":{\"@id\":\"https:\/\/www.mosagreen.it\/fr\/product\/systeme-a-double-rail-to56-2r\/#primaryimage\"},\"thumbnailUrl\":\"https:\/\/www.mosagreen.it\/wp-content\/uploads\/2025\/05\/pag-75-a.png\",\"datePublished\":\"2025-05-02T06:49:28+00:00\",\"dateModified\":\"2025-08-18T15:48:02+00:00\",\"breadcrumb\":{\"@id\":\"https:\/\/www.mosagreen.it\/fr\/product\/systeme-a-double-rail-to56-2r\/#breadcrumb\"},\"inLanguage\":\"fr-FR\",\"potentialAction\":[{\"@type\":\"ReadAction\",\"target\":[\"https:\/\/www.mosagreen.it\/fr\/product\/systeme-a-double-rail-to56-2r\/\"]}]},{\"@type\":\"ImageObject\",\"inLanguage\":\"fr-FR\",\"@id\":\"https:\/\/www.mosagreen.it\/fr\/product\/systeme-a-double-rail-to56-2r\/#primaryimage\",\"url\":\"https:\/\/www.mosagreen.it\/wp-content\/uploads\/2025\/05\/pag-75-a.png\",\"contentUrl\":\"https:\/\/www.mosagreen.it\/wp-content\/uploads\/2025\/05\/pag-75-a.png\",\"width\":600,\"height\":600},{\"@type\":\"BreadcrumbList\",\"@id\":\"https:\/\/www.mosagreen.it\/fr\/product\/systeme-a-double-rail-to56-2r\/#breadcrumb\",\"itemListElement\":[{\"@type\":\"ListItem\",\"position\":1,\"name\":\"Home\",\"item\":\"https:\/\/www.mosagreen.it\/fr\/\"},{\"@type\":\"ListItem\",\"position\":2,\"name\":\"SYST\u00c8ME \u00c0 DOUBLE RAIL TO56-2R\"}]},{\"@type\":\"WebSite\",\"@id\":\"https:\/\/www.mosagreen.it\/fr\/#website\",\"url\":\"https:\/\/www.mosagreen.it\/fr\/\",\"name\":\"MosaGreen\",\"description\":\"Macchine per OrtoFloro Vivaismo\",\"publisher\":{\"@id\":\"https:\/\/www.mosagreen.it\/fr\/#organization\"},\"potentialAction\":[{\"@type\":\"SearchAction\",\"target\":{\"@type\":\"EntryPoint\",\"urlTemplate\":\"https:\/\/www.mosagreen.it\/fr\/?s={search_term_string}\"},\"query-input\":{\"@type\":\"PropertyValueSpecification\",\"valueRequired\":true,\"valueName\":\"search_term_string\"}}],\"inLanguage\":\"fr-FR\"},{\"@type\":\"Organization\",\"@id\":\"https:\/\/www.mosagreen.it\/fr\/#organization\",\"name\":\"MosaGreen\",\"url\":\"https:\/\/www.mosagreen.it\/fr\/\",\"logo\":{\"@type\":\"ImageObject\",\"inLanguage\":\"fr-FR\",\"@id\":\"https:\/\/www.mosagreen.it\/fr\/#\/schema\/logo\/image\/\",\"url\":\"https:\/\/www.mosagreen.it\/wp-content\/uploads\/2025\/04\/logo-1.png\",\"contentUrl\":\"https:\/\/www.mosagreen.it\/wp-content\/uploads\/2025\/04\/logo-1.png\",\"width\":367,\"height\":476,\"caption\":\"MosaGreen\"},\"image\":{\"@id\":\"https:\/\/www.mosagreen.it\/fr\/#\/schema\/logo\/image\/\"}}]}<\/script>\n<!-- \/ Yoast SEO plugin. -->","yoast_head_json":{"title":"SYST\u00c8ME \u00c0 DOUBLE RAIL TO56-2R - MosaGreen","robots":{"index":"index","follow":"follow","max-snippet":"max-snippet:-1","max-image-preview":"max-image-preview:large","max-video-preview":"max-video-preview:-1"},"canonical":"https:\/\/www.mosagreen.it\/fr\/product\/systeme-a-double-rail-to56-2r\/","og_locale":"fr_FR","og_type":"article","og_title":"SYST\u00c8ME \u00c0 DOUBLE RAIL TO56-2R - MosaGreen","og_description":"https:\/\/m.youtube.com\/watch?v=0X0H04_7sDE Syst\u00e8me \u00e0 double rail :&#8211; Rails, avec profil con\u00e7u par Mosa Green, ancr\u00e9s \u00e0 la structure de la serre&#8211; Syst\u00e8me de pr\u00e9-tension et de traction Mosa Green pour des serres qui ont une longueur de jusqu\u2019\u00e0 270 m Deux chariots :&#8211; Un chariot pour le transport du tuyau d&rsquo;eau\/traitement&#8211; Un chariot pour le transport [&hellip;]","og_url":"https:\/\/www.mosagreen.it\/fr\/product\/systeme-a-double-rail-to56-2r\/","og_site_name":"MosaGreen","article_modified_time":"2025-08-18T15:48:02+00:00","og_image":[{"width":600,"height":600,"url":"https:\/\/www.mosagreen.it\/wp-content\/uploads\/2025\/05\/pag-75-a.png","type":"image\/png"}],"twitter_card":"summary_large_image","twitter_misc":{"Dur\u00e9e de lecture estim\u00e9e":"2 minutes"},"schema":{"@context":"https:\/\/schema.org","@graph":[{"@type":"WebPage","@id":"https:\/\/www.mosagreen.it\/fr\/product\/systeme-a-double-rail-to56-2r\/","url":"https:\/\/www.mosagreen.it\/fr\/product\/systeme-a-double-rail-to56-2r\/","name":"SYST\u00c8ME \u00c0 DOUBLE RAIL TO56-2R - MosaGreen","isPartOf":{"@id":"https:\/\/www.mosagreen.it\/fr\/#website"},"primaryImageOfPage":{"@id":"https:\/\/www.mosagreen.it\/fr\/product\/systeme-a-double-rail-to56-2r\/#primaryimage"},"image":{"@id":"https:\/\/www.mosagreen.it\/fr\/product\/systeme-a-double-rail-to56-2r\/#primaryimage"},"thumbnailUrl":"https:\/\/www.mosagreen.it\/wp-content\/uploads\/2025\/05\/pag-75-a.png","datePublished":"2025-05-02T06:49:28+00:00","dateModified":"2025-08-18T15:48:02+00:00","breadcrumb":{"@id":"https:\/\/www.mosagreen.it\/fr\/product\/systeme-a-double-rail-to56-2r\/#breadcrumb"},"inLanguage":"fr-FR","potentialAction":[{"@type":"ReadAction","target":["https:\/\/www.mosagreen.it\/fr\/product\/systeme-a-double-rail-to56-2r\/"]}]},{"@type":"ImageObject","inLanguage":"fr-FR","@id":"https:\/\/www.mosagreen.it\/fr\/product\/systeme-a-double-rail-to56-2r\/#primaryimage","url":"https:\/\/www.mosagreen.it\/wp-content\/uploads\/2025\/05\/pag-75-a.png","contentUrl":"https:\/\/www.mosagreen.it\/wp-content\/uploads\/2025\/05\/pag-75-a.png","width":600,"height":600},{"@type":"BreadcrumbList","@id":"https:\/\/www.mosagreen.it\/fr\/product\/systeme-a-double-rail-to56-2r\/#breadcrumb","itemListElement":[{"@type":"ListItem","position":1,"name":"Home","item":"https:\/\/www.mosagreen.it\/fr\/"},{"@type":"ListItem","position":2,"name":"SYST\u00c8ME \u00c0 DOUBLE RAIL TO56-2R"}]},{"@type":"WebSite","@id":"https:\/\/www.mosagreen.it\/fr\/#website","url":"https:\/\/www.mosagreen.it\/fr\/","name":"MosaGreen","description":"Macchine per OrtoFloro Vivaismo","publisher":{"@id":"https:\/\/www.mosagreen.it\/fr\/#organization"},"potentialAction":[{"@type":"SearchAction","target":{"@type":"EntryPoint","urlTemplate":"https:\/\/www.mosagreen.it\/fr\/?s={search_term_string}"},"query-input":{"@type":"PropertyValueSpecification","valueRequired":true,"valueName":"search_term_string"}}],"inLanguage":"fr-FR"},{"@type":"Organization","@id":"https:\/\/www.mosagreen.it\/fr\/#organization","name":"MosaGreen","url":"https:\/\/www.mosagreen.it\/fr\/","logo":{"@type":"ImageObject","inLanguage":"fr-FR","@id":"https:\/\/www.mosagreen.it\/fr\/#\/schema\/logo\/image\/","url":"https:\/\/www.mosagreen.it\/wp-content\/uploads\/2025\/04\/logo-1.png","contentUrl":"https:\/\/www.mosagreen.it\/wp-content\/uploads\/2025\/04\/logo-1.png","width":367,"height":476,"caption":"MosaGreen"},"image":{"@id":"https:\/\/www.mosagreen.it\/fr\/#\/schema\/logo\/image\/"}}]}},"_links":{"self":[{"href":"https:\/\/www.mosagreen.it\/fr\/wp-json\/wp\/v2\/product\/6744","targetHints":{"allow":["GET"]}}],"collection":[{"href":"https:\/\/www.mosagreen.it\/fr\/wp-json\/wp\/v2\/product"}],"about":[{"href":"https:\/\/www.mosagreen.it\/fr\/wp-json\/wp\/v2\/types\/product"}],"version-history":[{"count":5,"href":"https:\/\/www.mosagreen.it\/fr\/wp-json\/wp\/v2\/product\/6744\/revisions"}],"predecessor-version":[{"id":6749,"href":"https:\/\/www.mosagreen.it\/fr\/wp-json\/wp\/v2\/product\/6744\/revisions\/6749"}],"wp:featuredmedia":[{"embeddable":true,"href":"https:\/\/www.mosagreen.it\/fr\/wp-json\/wp\/v2\/media\/2553"}],"wp:attachment":[{"href":"https:\/\/www.mosagreen.it\/fr\/wp-json\/wp\/v2\/media?parent=6744"}],"wp:term":[{"taxonomy":"product_category","embeddable":true,"href":"https:\/\/www.mosagreen.it\/fr\/wp-json\/wp\/v2\/product_category?post=6744"}],"curies":[{"name":"wp","href":"https:\/\/api.w.org\/{rel}","templated":true}]}}