{"id":6696,"date":"2025-05-02T08:47:05","date_gmt":"2025-05-02T06:47:05","guid":{"rendered":"https:\/\/www.mosagreen.it\/product\/pannello-di-controllo-aqua-green-connect\/"},"modified":"2025-08-18T17:32:36","modified_gmt":"2025-08-18T15:32:36","slug":"panneau-de-commande-aqua-green-connect","status":"publish","type":"product","link":"https:\/\/www.mosagreen.it\/fr\/product\/panneau-de-commande-aqua-green-connect\/","title":{"rendered":"PANNEAU DE COMMANDE AQUA GREEN CONNECT"},"content":{"rendered":"\t\t<div data-elementor-type=\"wp-post\" data-elementor-id=\"6696\" class=\"elementor elementor-6696 elementor-2569\" data-elementor-post-type=\"product\">\n\t\t\t\t<div class=\"elementor-element elementor-element-a1f243f e-con-full e-flex e-con e-parent\" data-id=\"a1f243f\" data-element_type=\"container\">\n\t\t\t\t<div class=\"elementor-element elementor-element-4f09dea elementor-widget elementor-widget-template\" data-id=\"4f09dea\" data-element_type=\"widget\" data-widget_type=\"template.default\">\n\t\t\t\t<div class=\"elementor-widget-container\">\n\t\t\t\t\t\t\t<div class=\"elementor-template\">\n\t\t\t\t\t<div data-elementor-type=\"page\" data-elementor-id=\"1778\" class=\"elementor elementor-1778\" data-elementor-post-type=\"elementor_library\">\n\t\t\t\t<div class=\"elementor-element elementor-element-6aadf54 e-con-full e-flex e-con e-parent\" data-id=\"6aadf54\" data-element_type=\"container\">\n\t\t\t\t<div class=\"elementor-element elementor-element-9b512b8 elementor-widget elementor-widget-image\" data-id=\"9b512b8\" data-element_type=\"widget\" data-widget_type=\"image.default\">\n\t\t\t\t<div class=\"elementor-widget-container\">\n\t\t\t\t\t\t\t\t\t\t\t\t\t\t\t<img decoding=\"async\" src=\"https:\/\/www.mosagreen.it\/wp-content\/uploads\/elementor\/thumbs\/TESTATA-Irrigazione-r6ikhhgb64z3uydwkbhn3aeq9xythvfqhd0s8qf3vc.jpg\" title=\"TESTATA-Irrigazione\" alt=\"TESTATA-Irrigazione\" loading=\"lazy\" \/>\t\t\t\t\t\t\t\t\t\t\t\t\t\t\t<\/div>\n\t\t\t\t<\/div>\n\t\t\t\t<\/div>\n\t\t\t\t<\/div>\n\t\t\t\t<\/div>\n\t\t\t\t\t\t<\/div>\n\t\t\t\t<\/div>\n\t\t\t\t<\/div>\n\t\t<div class=\"elementor-element elementor-element-055cfc2 e-flex e-con-boxed e-con e-parent\" data-id=\"055cfc2\" data-element_type=\"container\">\n\t\t\t\t\t<div class=\"e-con-inner\">\n\t\t<div class=\"elementor-element elementor-element-caa1732 e-con-full e-flex e-con e-child\" data-id=\"caa1732\" data-element_type=\"container\">\n\t\t\t\t<div class=\"elementor-element elementor-element-27297fd elementor-invisible elementor-widget elementor-widget-theme-post-featured-image elementor-widget-image\" data-id=\"27297fd\" data-element_type=\"widget\" data-settings=\"{&quot;_animation&quot;:&quot;fadeInLeft&quot;,&quot;_animation_delay&quot;:300}\" data-widget_type=\"theme-post-featured-image.default\">\n\t\t\t\t<div class=\"elementor-widget-container\">\n\t\t\t\t\t\t\t\t\t\t\t\t\t\t\t<img fetchpriority=\"high\" decoding=\"async\" width=\"600\" height=\"600\" src=\"https:\/\/www.mosagreen.it\/wp-content\/uploads\/2025\/05\/Pannello.png\" class=\"attachment-large size-large wp-image-5449\" alt=\"\" srcset=\"https:\/\/www.mosagreen.it\/wp-content\/uploads\/2025\/05\/Pannello.png 600w, https:\/\/www.mosagreen.it\/wp-content\/uploads\/2025\/05\/Pannello-300x300.png 300w, https:\/\/www.mosagreen.it\/wp-content\/uploads\/2025\/05\/Pannello-150x150.png 150w\" sizes=\"(max-width: 600px) 100vw, 600px\" \/>\t\t\t\t\t\t\t\t\t\t\t\t\t\t\t<\/div>\n\t\t\t\t<\/div>\n\t\t\t\t<\/div>\n\t\t<div class=\"elementor-element elementor-element-4588a71 e-con-full e-flex elementor-invisible e-con e-child\" data-id=\"4588a71\" data-element_type=\"container\" data-settings=\"{&quot;animation&quot;:&quot;fadeInRight&quot;,&quot;animation_delay&quot;:400}\">\n\t\t<div class=\"elementor-element elementor-element-7a7ad8c e-con-full e-flex e-con e-child\" data-id=\"7a7ad8c\" data-element_type=\"container\">\n\t\t\t\t<div class=\"elementor-element elementor-element-b84adf0 elementor-widget elementor-widget-heading\" data-id=\"b84adf0\" data-element_type=\"widget\" data-widget_type=\"heading.default\">\n\t\t\t\t<div class=\"elementor-widget-container\">\n\t\t\t\t\t<h2 class=\"elementor-heading-title elementor-size-default\">PANNEAU DE COMMANDE<\/h2>\t\t\t\t<\/div>\n\t\t\t\t<\/div>\n\t\t\t\t<div class=\"elementor-element elementor-element-6cb1c55 elementor-widget elementor-widget-heading\" data-id=\"6cb1c55\" data-element_type=\"widget\" data-widget_type=\"heading.default\">\n\t\t\t\t<div class=\"elementor-widget-container\">\n\t\t\t\t\t<h2 class=\"elementor-heading-title elementor-size-default\">AQUA GREEN CONNECT<\/h2>\t\t\t\t<\/div>\n\t\t\t\t<\/div>\n\t\t\t\t<\/div>\n\t\t\t\t<div class=\"elementor-element elementor-element-4c4dd93 elementor-widget elementor-widget-text-editor\" data-id=\"4c4dd93\" data-element_type=\"widget\" data-widget_type=\"text-editor.default\">\n\t\t\t\t<div class=\"elementor-widget-container\">\n\t\t\t\t\t\t\t\t\t<ul><li>Cr\u00e9ation et gestion des programmes d\u2019irrigation<\/li><li>Subdivision de la surface \u00e0 irriguer en jusqu\u2019\u00e0 10 zones<\/li><li>5 d\u00e9parts programm\u00e9s pouvant \u00eatre associ\u00e9s \u00e0 diff\u00e9rentes zones d&rsquo;irrigation<\/li><li>Contr\u00f4le de jusqu&rsquo;\u00e0 3 \u00e9lectrovannes pour chaque barre<\/li><li>Contr\u00f4le de jusqu&rsquo;\u00e0 5 barres d&rsquo;irrigation actives simultan\u00e9ment, chacune dot\u00e9e de sa propre bo\u00eete de commande<\/li><li>Contr\u00f4le \u00e0 distance via application web<\/li><li>Contr\u00f4le de tous les param\u00e8tres et programmes d\u2019irrigation en temps r\u00e9el<\/li><li>Saisie et mise en m\u00e9moire des donn\u00e9es des capteurs install\u00e9s \u00e0 bord<\/li><li>Rapport d\u2019irrigation quotidien<\/li><li>Archive des rapports d\u2019irrigation quotidiens.<\/li><\/ul>\t\t\t\t\t\t\t\t<\/div>\n\t\t\t\t<\/div>\n\t\t\t\t<\/div>\n\t\t\t\t\t<\/div>\n\t\t\t\t<\/div>\n\t\t\t\t<\/div>\n\t\t","protected":false},"featured_media":5449,"template":"","meta":{"_acf_changed":false,"inline_featured_image":false},"product_category":[124],"class_list":["post-6696","product","type-product","status-publish","has-post-thumbnail","hentry","product_category-irrigation-fr"],"acf":[],"yoast_head":"<!-- This site is optimized with the Yoast SEO plugin v26.0 - https:\/\/yoast.com\/wordpress\/plugins\/seo\/ -->\n<title>PANNEAU DE COMMANDE AQUA GREEN CONNECT - MosaGreen<\/title>\n<meta name=\"robots\" content=\"index, follow, max-snippet:-1, max-image-preview:large, max-video-preview:-1\" \/>\n<link rel=\"canonical\" href=\"https:\/\/www.mosagreen.it\/fr\/product\/panneau-de-commande-aqua-green-connect\/\" \/>\n<meta property=\"og:locale\" content=\"fr_FR\" \/>\n<meta property=\"og:type\" content=\"article\" \/>\n<meta property=\"og:title\" content=\"PANNEAU DE COMMANDE AQUA GREEN CONNECT - MosaGreen\" \/>\n<meta property=\"og:description\" content=\"Cr\u00e9ation et gestion des programmes d\u2019irrigation Subdivision de la surface \u00e0 irriguer en jusqu\u2019\u00e0 10 zones 5 d\u00e9parts programm\u00e9s pouvant \u00eatre associ\u00e9s \u00e0 diff\u00e9rentes zones d&rsquo;irrigation Contr\u00f4le de jusqu&rsquo;\u00e0 3 \u00e9lectrovannes pour chaque barre Contr\u00f4le de jusqu&rsquo;\u00e0 5 barres d&rsquo;irrigation actives simultan\u00e9ment, chacune dot\u00e9e de sa propre bo\u00eete de commande Contr\u00f4le \u00e0 distance via application [&hellip;]\" \/>\n<meta property=\"og:url\" content=\"https:\/\/www.mosagreen.it\/fr\/product\/panneau-de-commande-aqua-green-connect\/\" \/>\n<meta property=\"og:site_name\" content=\"MosaGreen\" \/>\n<meta property=\"article:modified_time\" content=\"2025-08-18T15:32:36+00:00\" \/>\n<meta property=\"og:image\" content=\"https:\/\/www.mosagreen.it\/wp-content\/uploads\/2025\/05\/Pannello.png\" \/>\n\t<meta property=\"og:image:width\" content=\"600\" \/>\n\t<meta property=\"og:image:height\" content=\"600\" \/>\n\t<meta property=\"og:image:type\" content=\"image\/png\" \/>\n<meta name=\"twitter:card\" content=\"summary_large_image\" \/>\n<meta name=\"twitter:label1\" content=\"Dur\u00e9e de lecture estim\u00e9e\" \/>\n\t<meta name=\"twitter:data1\" content=\"2 minutes\" \/>\n<script type=\"application\/ld+json\" class=\"yoast-schema-graph\">{\"@context\":\"https:\/\/schema.org\",\"@graph\":[{\"@type\":\"WebPage\",\"@id\":\"https:\/\/www.mosagreen.it\/fr\/product\/panneau-de-commande-aqua-green-connect\/\",\"url\":\"https:\/\/www.mosagreen.it\/fr\/product\/panneau-de-commande-aqua-green-connect\/\",\"name\":\"PANNEAU DE COMMANDE AQUA GREEN CONNECT - MosaGreen\",\"isPartOf\":{\"@id\":\"https:\/\/www.mosagreen.it\/fr\/#website\"},\"primaryImageOfPage\":{\"@id\":\"https:\/\/www.mosagreen.it\/fr\/product\/panneau-de-commande-aqua-green-connect\/#primaryimage\"},\"image\":{\"@id\":\"https:\/\/www.mosagreen.it\/fr\/product\/panneau-de-commande-aqua-green-connect\/#primaryimage\"},\"thumbnailUrl\":\"https:\/\/www.mosagreen.it\/wp-content\/uploads\/2025\/05\/Pannello.png\",\"datePublished\":\"2025-05-02T06:47:05+00:00\",\"dateModified\":\"2025-08-18T15:32:36+00:00\",\"breadcrumb\":{\"@id\":\"https:\/\/www.mosagreen.it\/fr\/product\/panneau-de-commande-aqua-green-connect\/#breadcrumb\"},\"inLanguage\":\"fr-FR\",\"potentialAction\":[{\"@type\":\"ReadAction\",\"target\":[\"https:\/\/www.mosagreen.it\/fr\/product\/panneau-de-commande-aqua-green-connect\/\"]}]},{\"@type\":\"ImageObject\",\"inLanguage\":\"fr-FR\",\"@id\":\"https:\/\/www.mosagreen.it\/fr\/product\/panneau-de-commande-aqua-green-connect\/#primaryimage\",\"url\":\"https:\/\/www.mosagreen.it\/wp-content\/uploads\/2025\/05\/Pannello.png\",\"contentUrl\":\"https:\/\/www.mosagreen.it\/wp-content\/uploads\/2025\/05\/Pannello.png\",\"width\":600,\"height\":600},{\"@type\":\"BreadcrumbList\",\"@id\":\"https:\/\/www.mosagreen.it\/fr\/product\/panneau-de-commande-aqua-green-connect\/#breadcrumb\",\"itemListElement\":[{\"@type\":\"ListItem\",\"position\":1,\"name\":\"Home\",\"item\":\"https:\/\/www.mosagreen.it\/fr\/\"},{\"@type\":\"ListItem\",\"position\":2,\"name\":\"PANNEAU DE COMMANDE AQUA GREEN CONNECT\"}]},{\"@type\":\"WebSite\",\"@id\":\"https:\/\/www.mosagreen.it\/fr\/#website\",\"url\":\"https:\/\/www.mosagreen.it\/fr\/\",\"name\":\"MosaGreen\",\"description\":\"Macchine per OrtoFloro Vivaismo\",\"publisher\":{\"@id\":\"https:\/\/www.mosagreen.it\/fr\/#organization\"},\"potentialAction\":[{\"@type\":\"SearchAction\",\"target\":{\"@type\":\"EntryPoint\",\"urlTemplate\":\"https:\/\/www.mosagreen.it\/fr\/?s={search_term_string}\"},\"query-input\":{\"@type\":\"PropertyValueSpecification\",\"valueRequired\":true,\"valueName\":\"search_term_string\"}}],\"inLanguage\":\"fr-FR\"},{\"@type\":\"Organization\",\"@id\":\"https:\/\/www.mosagreen.it\/fr\/#organization\",\"name\":\"MosaGreen\",\"url\":\"https:\/\/www.mosagreen.it\/fr\/\",\"logo\":{\"@type\":\"ImageObject\",\"inLanguage\":\"fr-FR\",\"@id\":\"https:\/\/www.mosagreen.it\/fr\/#\/schema\/logo\/image\/\",\"url\":\"https:\/\/www.mosagreen.it\/wp-content\/uploads\/2025\/04\/logo-1.png\",\"contentUrl\":\"https:\/\/www.mosagreen.it\/wp-content\/uploads\/2025\/04\/logo-1.png\",\"width\":367,\"height\":476,\"caption\":\"MosaGreen\"},\"image\":{\"@id\":\"https:\/\/www.mosagreen.it\/fr\/#\/schema\/logo\/image\/\"}}]}<\/script>\n<!-- \/ Yoast SEO plugin. -->","yoast_head_json":{"title":"PANNEAU DE COMMANDE AQUA GREEN CONNECT - MosaGreen","robots":{"index":"index","follow":"follow","max-snippet":"max-snippet:-1","max-image-preview":"max-image-preview:large","max-video-preview":"max-video-preview:-1"},"canonical":"https:\/\/www.mosagreen.it\/fr\/product\/panneau-de-commande-aqua-green-connect\/","og_locale":"fr_FR","og_type":"article","og_title":"PANNEAU DE COMMANDE AQUA GREEN CONNECT - MosaGreen","og_description":"Cr\u00e9ation et gestion des programmes d\u2019irrigation Subdivision de la surface \u00e0 irriguer en jusqu\u2019\u00e0 10 zones 5 d\u00e9parts programm\u00e9s pouvant \u00eatre associ\u00e9s \u00e0 diff\u00e9rentes zones d&rsquo;irrigation Contr\u00f4le de jusqu&rsquo;\u00e0 3 \u00e9lectrovannes pour chaque barre Contr\u00f4le de jusqu&rsquo;\u00e0 5 barres d&rsquo;irrigation actives simultan\u00e9ment, chacune dot\u00e9e de sa propre bo\u00eete de commande Contr\u00f4le \u00e0 distance via application [&hellip;]","og_url":"https:\/\/www.mosagreen.it\/fr\/product\/panneau-de-commande-aqua-green-connect\/","og_site_name":"MosaGreen","article_modified_time":"2025-08-18T15:32:36+00:00","og_image":[{"width":600,"height":600,"url":"https:\/\/www.mosagreen.it\/wp-content\/uploads\/2025\/05\/Pannello.png","type":"image\/png"}],"twitter_card":"summary_large_image","twitter_misc":{"Dur\u00e9e de lecture estim\u00e9e":"2 minutes"},"schema":{"@context":"https:\/\/schema.org","@graph":[{"@type":"WebPage","@id":"https:\/\/www.mosagreen.it\/fr\/product\/panneau-de-commande-aqua-green-connect\/","url":"https:\/\/www.mosagreen.it\/fr\/product\/panneau-de-commande-aqua-green-connect\/","name":"PANNEAU DE COMMANDE AQUA GREEN CONNECT - MosaGreen","isPartOf":{"@id":"https:\/\/www.mosagreen.it\/fr\/#website"},"primaryImageOfPage":{"@id":"https:\/\/www.mosagreen.it\/fr\/product\/panneau-de-commande-aqua-green-connect\/#primaryimage"},"image":{"@id":"https:\/\/www.mosagreen.it\/fr\/product\/panneau-de-commande-aqua-green-connect\/#primaryimage"},"thumbnailUrl":"https:\/\/www.mosagreen.it\/wp-content\/uploads\/2025\/05\/Pannello.png","datePublished":"2025-05-02T06:47:05+00:00","dateModified":"2025-08-18T15:32:36+00:00","breadcrumb":{"@id":"https:\/\/www.mosagreen.it\/fr\/product\/panneau-de-commande-aqua-green-connect\/#breadcrumb"},"inLanguage":"fr-FR","potentialAction":[{"@type":"ReadAction","target":["https:\/\/www.mosagreen.it\/fr\/product\/panneau-de-commande-aqua-green-connect\/"]}]},{"@type":"ImageObject","inLanguage":"fr-FR","@id":"https:\/\/www.mosagreen.it\/fr\/product\/panneau-de-commande-aqua-green-connect\/#primaryimage","url":"https:\/\/www.mosagreen.it\/wp-content\/uploads\/2025\/05\/Pannello.png","contentUrl":"https:\/\/www.mosagreen.it\/wp-content\/uploads\/2025\/05\/Pannello.png","width":600,"height":600},{"@type":"BreadcrumbList","@id":"https:\/\/www.mosagreen.it\/fr\/product\/panneau-de-commande-aqua-green-connect\/#breadcrumb","itemListElement":[{"@type":"ListItem","position":1,"name":"Home","item":"https:\/\/www.mosagreen.it\/fr\/"},{"@type":"ListItem","position":2,"name":"PANNEAU DE COMMANDE AQUA GREEN CONNECT"}]},{"@type":"WebSite","@id":"https:\/\/www.mosagreen.it\/fr\/#website","url":"https:\/\/www.mosagreen.it\/fr\/","name":"MosaGreen","description":"Macchine per OrtoFloro Vivaismo","publisher":{"@id":"https:\/\/www.mosagreen.it\/fr\/#organization"},"potentialAction":[{"@type":"SearchAction","target":{"@type":"EntryPoint","urlTemplate":"https:\/\/www.mosagreen.it\/fr\/?s={search_term_string}"},"query-input":{"@type":"PropertyValueSpecification","valueRequired":true,"valueName":"search_term_string"}}],"inLanguage":"fr-FR"},{"@type":"Organization","@id":"https:\/\/www.mosagreen.it\/fr\/#organization","name":"MosaGreen","url":"https:\/\/www.mosagreen.it\/fr\/","logo":{"@type":"ImageObject","inLanguage":"fr-FR","@id":"https:\/\/www.mosagreen.it\/fr\/#\/schema\/logo\/image\/","url":"https:\/\/www.mosagreen.it\/wp-content\/uploads\/2025\/04\/logo-1.png","contentUrl":"https:\/\/www.mosagreen.it\/wp-content\/uploads\/2025\/04\/logo-1.png","width":367,"height":476,"caption":"MosaGreen"},"image":{"@id":"https:\/\/www.mosagreen.it\/fr\/#\/schema\/logo\/image\/"}}]}},"_links":{"self":[{"href":"https:\/\/www.mosagreen.it\/fr\/wp-json\/wp\/v2\/product\/6696","targetHints":{"allow":["GET"]}}],"collection":[{"href":"https:\/\/www.mosagreen.it\/fr\/wp-json\/wp\/v2\/product"}],"about":[{"href":"https:\/\/www.mosagreen.it\/fr\/wp-json\/wp\/v2\/types\/product"}],"version-history":[{"count":4,"href":"https:\/\/www.mosagreen.it\/fr\/wp-json\/wp\/v2\/product\/6696\/revisions"}],"predecessor-version":[{"id":6700,"href":"https:\/\/www.mosagreen.it\/fr\/wp-json\/wp\/v2\/product\/6696\/revisions\/6700"}],"wp:featuredmedia":[{"embeddable":true,"href":"https:\/\/www.mosagreen.it\/fr\/wp-json\/wp\/v2\/media\/5449"}],"wp:attachment":[{"href":"https:\/\/www.mosagreen.it\/fr\/wp-json\/wp\/v2\/media?parent=6696"}],"wp:term":[{"taxonomy":"product_category","embeddable":true,"href":"https:\/\/www.mosagreen.it\/fr\/wp-json\/wp\/v2\/product_category?post=6696"}],"curies":[{"name":"wp","href":"https:\/\/api.w.org\/{rel}","templated":true}]}}