{"id":6672,"date":"2025-05-02T08:46:14","date_gmt":"2025-05-02T06:46:14","guid":{"rendered":"https:\/\/www.mosagreen.it\/product\/pannello-di-controllo-aqua-touch\/"},"modified":"2025-08-18T17:27:09","modified_gmt":"2025-08-18T15:27:09","slug":"panneau-de-commande-aqua-touch","status":"publish","type":"product","link":"https:\/\/www.mosagreen.it\/fr\/product\/panneau-de-commande-aqua-touch\/","title":{"rendered":"PANNEAU DE COMMANDE AQUA TOUCH"},"content":{"rendered":"\t\t<div data-elementor-type=\"wp-post\" data-elementor-id=\"6672\" class=\"elementor elementor-6672 elementor-2570\" data-elementor-post-type=\"product\">\n\t\t\t\t<div class=\"elementor-element elementor-element-6ac56f2 e-con-full e-flex e-con e-parent\" data-id=\"6ac56f2\" data-element_type=\"container\">\n\t\t\t\t<div class=\"elementor-element elementor-element-1dbbb1b elementor-widget elementor-widget-template\" data-id=\"1dbbb1b\" data-element_type=\"widget\" data-widget_type=\"template.default\">\n\t\t\t\t<div class=\"elementor-widget-container\">\n\t\t\t\t\t\t\t<div class=\"elementor-template\">\n\t\t\t\t\t<div data-elementor-type=\"page\" data-elementor-id=\"1778\" class=\"elementor elementor-1778\" data-elementor-post-type=\"elementor_library\">\n\t\t\t\t<div class=\"elementor-element elementor-element-6aadf54 e-con-full e-flex e-con e-parent\" data-id=\"6aadf54\" data-element_type=\"container\">\n\t\t\t\t<div class=\"elementor-element elementor-element-9b512b8 elementor-widget elementor-widget-image\" data-id=\"9b512b8\" data-element_type=\"widget\" data-widget_type=\"image.default\">\n\t\t\t\t<div class=\"elementor-widget-container\">\n\t\t\t\t\t\t\t\t\t\t\t\t\t\t\t<img decoding=\"async\" src=\"https:\/\/www.mosagreen.it\/wp-content\/uploads\/elementor\/thumbs\/TESTATA-Irrigazione-r6ikhhgb64z3uydwkbhn3aeq9xythvfqhd0s8qf3vc.jpg\" title=\"TESTATA-Irrigazione\" alt=\"TESTATA-Irrigazione\" loading=\"lazy\" \/>\t\t\t\t\t\t\t\t\t\t\t\t\t\t\t<\/div>\n\t\t\t\t<\/div>\n\t\t\t\t<\/div>\n\t\t\t\t<\/div>\n\t\t\t\t<\/div>\n\t\t\t\t\t\t<\/div>\n\t\t\t\t<\/div>\n\t\t\t\t<\/div>\n\t\t<div class=\"elementor-element elementor-element-55ad475 e-flex e-con-boxed e-con e-parent\" data-id=\"55ad475\" data-element_type=\"container\">\n\t\t\t\t\t<div class=\"e-con-inner\">\n\t\t<div class=\"elementor-element elementor-element-b8b7161 e-con-full e-flex e-con e-child\" data-id=\"b8b7161\" data-element_type=\"container\">\n\t\t\t\t<div class=\"elementor-element elementor-element-9b413ce elementor-invisible elementor-widget elementor-widget-theme-post-featured-image elementor-widget-image\" data-id=\"9b413ce\" data-element_type=\"widget\" data-settings=\"{&quot;_animation&quot;:&quot;fadeInLeft&quot;,&quot;_animation_delay&quot;:300}\" data-widget_type=\"theme-post-featured-image.default\">\n\t\t\t\t<div class=\"elementor-widget-container\">\n\t\t\t\t\t\t\t\t\t\t\t\t\t\t\t<img fetchpriority=\"high\" decoding=\"async\" width=\"600\" height=\"600\" src=\"https:\/\/www.mosagreen.it\/wp-content\/uploads\/2025\/05\/pag-78.png\" class=\"attachment-large size-large wp-image-2580\" alt=\"\" srcset=\"https:\/\/www.mosagreen.it\/wp-content\/uploads\/2025\/05\/pag-78.png 600w, https:\/\/www.mosagreen.it\/wp-content\/uploads\/2025\/05\/pag-78-300x300.png 300w, https:\/\/www.mosagreen.it\/wp-content\/uploads\/2025\/05\/pag-78-150x150.png 150w\" sizes=\"(max-width: 600px) 100vw, 600px\" \/>\t\t\t\t\t\t\t\t\t\t\t\t\t\t\t<\/div>\n\t\t\t\t<\/div>\n\t\t\t\t<\/div>\n\t\t<div class=\"elementor-element elementor-element-343e8a3 e-con-full e-flex elementor-invisible e-con e-child\" data-id=\"343e8a3\" data-element_type=\"container\" data-settings=\"{&quot;animation&quot;:&quot;fadeInRight&quot;,&quot;animation_delay&quot;:400}\">\n\t\t<div class=\"elementor-element elementor-element-200ae1f e-con-full e-flex e-con e-child\" data-id=\"200ae1f\" data-element_type=\"container\">\n\t\t\t\t<div class=\"elementor-element elementor-element-aab9097 elementor-widget elementor-widget-heading\" data-id=\"aab9097\" data-element_type=\"widget\" data-widget_type=\"heading.default\">\n\t\t\t\t<div class=\"elementor-widget-container\">\n\t\t\t\t\t<h2 class=\"elementor-heading-title elementor-size-default\">PANNEAU DE COMMANDE<\/h2>\t\t\t\t<\/div>\n\t\t\t\t<\/div>\n\t\t\t\t<div class=\"elementor-element elementor-element-2aedb54 elementor-widget elementor-widget-heading\" data-id=\"2aedb54\" data-element_type=\"widget\" data-widget_type=\"heading.default\">\n\t\t\t\t<div class=\"elementor-widget-container\">\n\t\t\t\t\t<h2 class=\"elementor-heading-title elementor-size-default\">AQUA TOUCH<\/h2>\t\t\t\t<\/div>\n\t\t\t\t<\/div>\n\t\t\t\t<\/div>\n\t\t\t\t<div class=\"elementor-element elementor-element-7d7bbdf elementor-widget elementor-widget-text-editor\" data-id=\"7d7bbdf\" data-element_type=\"widget\" data-widget_type=\"text-editor.default\">\n\t\t\t\t<div class=\"elementor-widget-container\">\n\t\t\t\t\t\t\t\t\t<ul><li>Panneau \u00e0 \u00e9cran tactile<\/li><li>Cr\u00e9ation et gestion des programmes d\u2019irrigation<\/li><li>Subdivision de la surface \u00e0 irriguer en jusqu\u2019\u00e0 20 zones<\/li><li>10 d\u00e9parts programm\u00e9s pouvant \u00eatre associ\u00e9s \u00e0 diff\u00e9rentes zones d&rsquo;irrigation<\/li><li>Contr\u00f4le de jusqu&rsquo;\u00e0 6 \u00e9lectrovannes pour chaque barre<\/li><li>Contr\u00f4le de jusqu&rsquo;\u00e0 8 barres d&rsquo;irrigation actives simultan\u00e9ment<\/li><li>Contr\u00f4le \u00e0 distance via le logiciel Mosa Green install\u00e9 sur ordinateur ou tablette pour la gestion \u00e0 l\u2019\u00e9cran du syst\u00e8me d\u2019irrigation.<\/li><\/ul>\t\t\t\t\t\t\t\t<\/div>\n\t\t\t\t<\/div>\n\t\t\t\t<\/div>\n\t\t\t\t\t<\/div>\n\t\t\t\t<\/div>\n\t\t\t\t<\/div>\n\t\t","protected":false},"featured_media":2580,"template":"","meta":{"_acf_changed":false,"inline_featured_image":false},"product_category":[124],"class_list":["post-6672","product","type-product","status-publish","has-post-thumbnail","hentry","product_category-irrigation-fr"],"acf":[],"yoast_head":"<!-- This site is optimized with the Yoast SEO plugin v26.0 - https:\/\/yoast.com\/wordpress\/plugins\/seo\/ -->\n<title>PANNEAU DE COMMANDE AQUA TOUCH - MosaGreen<\/title>\n<meta name=\"robots\" content=\"index, follow, max-snippet:-1, max-image-preview:large, max-video-preview:-1\" \/>\n<link rel=\"canonical\" href=\"https:\/\/www.mosagreen.it\/fr\/product\/panneau-de-commande-aqua-touch\/\" \/>\n<meta property=\"og:locale\" content=\"fr_FR\" \/>\n<meta property=\"og:type\" content=\"article\" \/>\n<meta property=\"og:title\" content=\"PANNEAU DE COMMANDE AQUA TOUCH - MosaGreen\" \/>\n<meta property=\"og:description\" content=\"Panneau \u00e0 \u00e9cran tactile Cr\u00e9ation et gestion des programmes d\u2019irrigation Subdivision de la surface \u00e0 irriguer en jusqu\u2019\u00e0 20 zones 10 d\u00e9parts programm\u00e9s pouvant \u00eatre associ\u00e9s \u00e0 diff\u00e9rentes zones d&rsquo;irrigation Contr\u00f4le de jusqu&rsquo;\u00e0 6 \u00e9lectrovannes pour chaque barre Contr\u00f4le de jusqu&rsquo;\u00e0 8 barres d&rsquo;irrigation actives simultan\u00e9ment Contr\u00f4le \u00e0 distance via le logiciel Mosa Green install\u00e9 [&hellip;]\" \/>\n<meta property=\"og:url\" content=\"https:\/\/www.mosagreen.it\/fr\/product\/panneau-de-commande-aqua-touch\/\" \/>\n<meta property=\"og:site_name\" content=\"MosaGreen\" \/>\n<meta property=\"article:modified_time\" content=\"2025-08-18T15:27:09+00:00\" \/>\n<meta property=\"og:image\" content=\"https:\/\/www.mosagreen.it\/wp-content\/uploads\/2025\/05\/pag-78.png\" \/>\n\t<meta property=\"og:image:width\" content=\"600\" \/>\n\t<meta property=\"og:image:height\" content=\"600\" \/>\n\t<meta property=\"og:image:type\" content=\"image\/png\" \/>\n<meta name=\"twitter:card\" content=\"summary_large_image\" \/>\n<meta name=\"twitter:label1\" content=\"Dur\u00e9e de lecture estim\u00e9e\" \/>\n\t<meta name=\"twitter:data1\" content=\"1 minute\" \/>\n<script type=\"application\/ld+json\" class=\"yoast-schema-graph\">{\"@context\":\"https:\/\/schema.org\",\"@graph\":[{\"@type\":\"WebPage\",\"@id\":\"https:\/\/www.mosagreen.it\/fr\/product\/panneau-de-commande-aqua-touch\/\",\"url\":\"https:\/\/www.mosagreen.it\/fr\/product\/panneau-de-commande-aqua-touch\/\",\"name\":\"PANNEAU DE COMMANDE AQUA TOUCH - MosaGreen\",\"isPartOf\":{\"@id\":\"https:\/\/www.mosagreen.it\/fr\/#website\"},\"primaryImageOfPage\":{\"@id\":\"https:\/\/www.mosagreen.it\/fr\/product\/panneau-de-commande-aqua-touch\/#primaryimage\"},\"image\":{\"@id\":\"https:\/\/www.mosagreen.it\/fr\/product\/panneau-de-commande-aqua-touch\/#primaryimage\"},\"thumbnailUrl\":\"https:\/\/www.mosagreen.it\/wp-content\/uploads\/2025\/05\/pag-78.png\",\"datePublished\":\"2025-05-02T06:46:14+00:00\",\"dateModified\":\"2025-08-18T15:27:09+00:00\",\"breadcrumb\":{\"@id\":\"https:\/\/www.mosagreen.it\/fr\/product\/panneau-de-commande-aqua-touch\/#breadcrumb\"},\"inLanguage\":\"fr-FR\",\"potentialAction\":[{\"@type\":\"ReadAction\",\"target\":[\"https:\/\/www.mosagreen.it\/fr\/product\/panneau-de-commande-aqua-touch\/\"]}]},{\"@type\":\"ImageObject\",\"inLanguage\":\"fr-FR\",\"@id\":\"https:\/\/www.mosagreen.it\/fr\/product\/panneau-de-commande-aqua-touch\/#primaryimage\",\"url\":\"https:\/\/www.mosagreen.it\/wp-content\/uploads\/2025\/05\/pag-78.png\",\"contentUrl\":\"https:\/\/www.mosagreen.it\/wp-content\/uploads\/2025\/05\/pag-78.png\",\"width\":600,\"height\":600},{\"@type\":\"BreadcrumbList\",\"@id\":\"https:\/\/www.mosagreen.it\/fr\/product\/panneau-de-commande-aqua-touch\/#breadcrumb\",\"itemListElement\":[{\"@type\":\"ListItem\",\"position\":1,\"name\":\"Home\",\"item\":\"https:\/\/www.mosagreen.it\/fr\/\"},{\"@type\":\"ListItem\",\"position\":2,\"name\":\"PANNEAU DE COMMANDE AQUA TOUCH\"}]},{\"@type\":\"WebSite\",\"@id\":\"https:\/\/www.mosagreen.it\/fr\/#website\",\"url\":\"https:\/\/www.mosagreen.it\/fr\/\",\"name\":\"MosaGreen\",\"description\":\"Macchine per OrtoFloro Vivaismo\",\"publisher\":{\"@id\":\"https:\/\/www.mosagreen.it\/fr\/#organization\"},\"potentialAction\":[{\"@type\":\"SearchAction\",\"target\":{\"@type\":\"EntryPoint\",\"urlTemplate\":\"https:\/\/www.mosagreen.it\/fr\/?s={search_term_string}\"},\"query-input\":{\"@type\":\"PropertyValueSpecification\",\"valueRequired\":true,\"valueName\":\"search_term_string\"}}],\"inLanguage\":\"fr-FR\"},{\"@type\":\"Organization\",\"@id\":\"https:\/\/www.mosagreen.it\/fr\/#organization\",\"name\":\"MosaGreen\",\"url\":\"https:\/\/www.mosagreen.it\/fr\/\",\"logo\":{\"@type\":\"ImageObject\",\"inLanguage\":\"fr-FR\",\"@id\":\"https:\/\/www.mosagreen.it\/fr\/#\/schema\/logo\/image\/\",\"url\":\"https:\/\/www.mosagreen.it\/wp-content\/uploads\/2025\/04\/logo-1.png\",\"contentUrl\":\"https:\/\/www.mosagreen.it\/wp-content\/uploads\/2025\/04\/logo-1.png\",\"width\":367,\"height\":476,\"caption\":\"MosaGreen\"},\"image\":{\"@id\":\"https:\/\/www.mosagreen.it\/fr\/#\/schema\/logo\/image\/\"}}]}<\/script>\n<!-- \/ Yoast SEO plugin. -->","yoast_head_json":{"title":"PANNEAU DE COMMANDE AQUA TOUCH - MosaGreen","robots":{"index":"index","follow":"follow","max-snippet":"max-snippet:-1","max-image-preview":"max-image-preview:large","max-video-preview":"max-video-preview:-1"},"canonical":"https:\/\/www.mosagreen.it\/fr\/product\/panneau-de-commande-aqua-touch\/","og_locale":"fr_FR","og_type":"article","og_title":"PANNEAU DE COMMANDE AQUA TOUCH - MosaGreen","og_description":"Panneau \u00e0 \u00e9cran tactile Cr\u00e9ation et gestion des programmes d\u2019irrigation Subdivision de la surface \u00e0 irriguer en jusqu\u2019\u00e0 20 zones 10 d\u00e9parts programm\u00e9s pouvant \u00eatre associ\u00e9s \u00e0 diff\u00e9rentes zones d&rsquo;irrigation Contr\u00f4le de jusqu&rsquo;\u00e0 6 \u00e9lectrovannes pour chaque barre Contr\u00f4le de jusqu&rsquo;\u00e0 8 barres d&rsquo;irrigation actives simultan\u00e9ment Contr\u00f4le \u00e0 distance via le logiciel Mosa Green install\u00e9 [&hellip;]","og_url":"https:\/\/www.mosagreen.it\/fr\/product\/panneau-de-commande-aqua-touch\/","og_site_name":"MosaGreen","article_modified_time":"2025-08-18T15:27:09+00:00","og_image":[{"width":600,"height":600,"url":"https:\/\/www.mosagreen.it\/wp-content\/uploads\/2025\/05\/pag-78.png","type":"image\/png"}],"twitter_card":"summary_large_image","twitter_misc":{"Dur\u00e9e de lecture estim\u00e9e":"1 minute"},"schema":{"@context":"https:\/\/schema.org","@graph":[{"@type":"WebPage","@id":"https:\/\/www.mosagreen.it\/fr\/product\/panneau-de-commande-aqua-touch\/","url":"https:\/\/www.mosagreen.it\/fr\/product\/panneau-de-commande-aqua-touch\/","name":"PANNEAU DE COMMANDE AQUA TOUCH - MosaGreen","isPartOf":{"@id":"https:\/\/www.mosagreen.it\/fr\/#website"},"primaryImageOfPage":{"@id":"https:\/\/www.mosagreen.it\/fr\/product\/panneau-de-commande-aqua-touch\/#primaryimage"},"image":{"@id":"https:\/\/www.mosagreen.it\/fr\/product\/panneau-de-commande-aqua-touch\/#primaryimage"},"thumbnailUrl":"https:\/\/www.mosagreen.it\/wp-content\/uploads\/2025\/05\/pag-78.png","datePublished":"2025-05-02T06:46:14+00:00","dateModified":"2025-08-18T15:27:09+00:00","breadcrumb":{"@id":"https:\/\/www.mosagreen.it\/fr\/product\/panneau-de-commande-aqua-touch\/#breadcrumb"},"inLanguage":"fr-FR","potentialAction":[{"@type":"ReadAction","target":["https:\/\/www.mosagreen.it\/fr\/product\/panneau-de-commande-aqua-touch\/"]}]},{"@type":"ImageObject","inLanguage":"fr-FR","@id":"https:\/\/www.mosagreen.it\/fr\/product\/panneau-de-commande-aqua-touch\/#primaryimage","url":"https:\/\/www.mosagreen.it\/wp-content\/uploads\/2025\/05\/pag-78.png","contentUrl":"https:\/\/www.mosagreen.it\/wp-content\/uploads\/2025\/05\/pag-78.png","width":600,"height":600},{"@type":"BreadcrumbList","@id":"https:\/\/www.mosagreen.it\/fr\/product\/panneau-de-commande-aqua-touch\/#breadcrumb","itemListElement":[{"@type":"ListItem","position":1,"name":"Home","item":"https:\/\/www.mosagreen.it\/fr\/"},{"@type":"ListItem","position":2,"name":"PANNEAU DE COMMANDE AQUA TOUCH"}]},{"@type":"WebSite","@id":"https:\/\/www.mosagreen.it\/fr\/#website","url":"https:\/\/www.mosagreen.it\/fr\/","name":"MosaGreen","description":"Macchine per OrtoFloro Vivaismo","publisher":{"@id":"https:\/\/www.mosagreen.it\/fr\/#organization"},"potentialAction":[{"@type":"SearchAction","target":{"@type":"EntryPoint","urlTemplate":"https:\/\/www.mosagreen.it\/fr\/?s={search_term_string}"},"query-input":{"@type":"PropertyValueSpecification","valueRequired":true,"valueName":"search_term_string"}}],"inLanguage":"fr-FR"},{"@type":"Organization","@id":"https:\/\/www.mosagreen.it\/fr\/#organization","name":"MosaGreen","url":"https:\/\/www.mosagreen.it\/fr\/","logo":{"@type":"ImageObject","inLanguage":"fr-FR","@id":"https:\/\/www.mosagreen.it\/fr\/#\/schema\/logo\/image\/","url":"https:\/\/www.mosagreen.it\/wp-content\/uploads\/2025\/04\/logo-1.png","contentUrl":"https:\/\/www.mosagreen.it\/wp-content\/uploads\/2025\/04\/logo-1.png","width":367,"height":476,"caption":"MosaGreen"},"image":{"@id":"https:\/\/www.mosagreen.it\/fr\/#\/schema\/logo\/image\/"}}]}},"_links":{"self":[{"href":"https:\/\/www.mosagreen.it\/fr\/wp-json\/wp\/v2\/product\/6672","targetHints":{"allow":["GET"]}}],"collection":[{"href":"https:\/\/www.mosagreen.it\/fr\/wp-json\/wp\/v2\/product"}],"about":[{"href":"https:\/\/www.mosagreen.it\/fr\/wp-json\/wp\/v2\/types\/product"}],"version-history":[{"count":4,"href":"https:\/\/www.mosagreen.it\/fr\/wp-json\/wp\/v2\/product\/6672\/revisions"}],"predecessor-version":[{"id":6676,"href":"https:\/\/www.mosagreen.it\/fr\/wp-json\/wp\/v2\/product\/6672\/revisions\/6676"}],"wp:featuredmedia":[{"embeddable":true,"href":"https:\/\/www.mosagreen.it\/fr\/wp-json\/wp\/v2\/media\/2580"}],"wp:attachment":[{"href":"https:\/\/www.mosagreen.it\/fr\/wp-json\/wp\/v2\/media?parent=6672"}],"wp:term":[{"taxonomy":"product_category","embeddable":true,"href":"https:\/\/www.mosagreen.it\/fr\/wp-json\/wp\/v2\/product_category?post=6672"}],"curies":[{"name":"wp","href":"https:\/\/api.w.org\/{rel}","templated":true}]}}