{"id":6621,"date":"2025-03-12T17:57:36","date_gmt":"2025-03-12T16:57:36","guid":{"rendered":"https:\/\/www.mosagreen.it\/product\/decatastatori\/"},"modified":"2025-08-18T17:11:50","modified_gmt":"2025-08-18T15:11:50","slug":"depileurs","status":"publish","type":"product","link":"https:\/\/www.mosagreen.it\/fr\/product\/depileurs\/","title":{"rendered":"D\u00c9PILEURS"},"content":{"rendered":"\t\t<div data-elementor-type=\"wp-post\" data-elementor-id=\"6621\" class=\"elementor elementor-6621 elementor-2267\" data-elementor-post-type=\"product\">\n\t\t\t\t<div class=\"elementor-element elementor-element-811e8f1 e-con-full e-flex e-con e-parent\" data-id=\"811e8f1\" data-element_type=\"container\">\n\t\t\t\t<div class=\"elementor-element elementor-element-2828346 elementor-widget elementor-widget-template\" data-id=\"2828346\" data-element_type=\"widget\" data-widget_type=\"template.default\">\n\t\t\t\t<div class=\"elementor-widget-container\">\n\t\t\t\t\t\t\t<div class=\"elementor-template\">\n\t\t\t\t\t<div data-elementor-type=\"page\" data-elementor-id=\"1781\" class=\"elementor elementor-1781\" data-elementor-post-type=\"elementor_library\">\n\t\t\t\t<div class=\"elementor-element elementor-element-5f89f02 e-con-full e-flex e-con e-parent\" data-id=\"5f89f02\" data-element_type=\"container\">\n\t\t\t\t<div class=\"elementor-element elementor-element-10fd106 elementor-widget elementor-widget-image\" data-id=\"10fd106\" data-element_type=\"widget\" data-widget_type=\"image.default\">\n\t\t\t\t<div class=\"elementor-widget-container\">\n\t\t\t\t\t\t\t\t\t\t\t\t\t\t\t<img decoding=\"async\" src=\"https:\/\/www.mosagreen.it\/wp-content\/uploads\/elementor\/thumbs\/TESTATA-Accatastatori-r6ikfzvickxrh6jq96bwn5xgezawb4j19zu3vymjq0.jpg\" title=\"TESTATA-Accatastatori\" alt=\"TESTATA-Accatastatori\" loading=\"lazy\" \/>\t\t\t\t\t\t\t\t\t\t\t\t\t\t\t<\/div>\n\t\t\t\t<\/div>\n\t\t\t\t<\/div>\n\t\t\t\t<\/div>\n\t\t\t\t<\/div>\n\t\t\t\t\t\t<\/div>\n\t\t\t\t<\/div>\n\t\t\t\t<\/div>\n\t\t<div class=\"elementor-element elementor-element-3c440fb e-flex e-con-boxed e-con e-parent\" data-id=\"3c440fb\" data-element_type=\"container\">\n\t\t\t\t\t<div class=\"e-con-inner\">\n\t\t\t\t<div class=\"elementor-element elementor-element-9eb2a4d elementor-widget elementor-widget-heading\" data-id=\"9eb2a4d\" data-element_type=\"widget\" data-widget_type=\"heading.default\">\n\t\t\t\t<div class=\"elementor-widget-container\">\n\t\t\t\t\t<h2 class=\"elementor-heading-title elementor-size-default\">D\u00c9PILEURS<\/h2>\t\t\t\t<\/div>\n\t\t\t\t<\/div>\n\t\t\t\t\t<\/div>\n\t\t\t\t<\/div>\n\t\t<div class=\"elementor-element elementor-element-f6a8d9e e-flex e-con-boxed e-con e-parent\" data-id=\"f6a8d9e\" data-element_type=\"container\">\n\t\t\t\t\t<div class=\"e-con-inner\">\n\t\t<a class=\"elementor-element elementor-element-2338348 e-con-full e-flex elementor-invisible e-con e-child\" data-id=\"2338348\" data-element_type=\"container\" data-settings=\"{&quot;animation&quot;:&quot;fadeInRight&quot;,&quot;animation_delay&quot;:300}\">\n\t\t<div class=\"elementor-element elementor-element-8ef5d40 e-con-full e-flex e-con e-child\" data-id=\"8ef5d40\" data-element_type=\"container\">\n\t\t\t\t<div class=\"elementor-element elementor-element-406fd72 elementor-widget__width-initial elementor-widget elementor-widget-heading\" data-id=\"406fd72\" data-element_type=\"widget\" data-widget_type=\"heading.default\">\n\t\t\t\t<div class=\"elementor-widget-container\">\n\t\t\t\t\t<h2 class=\"elementor-heading-title elementor-size-default\">D\u00c9PILEUR<\/h2>\t\t\t\t<\/div>\n\t\t\t\t<\/div>\n\t\t\t\t<div class=\"elementor-element elementor-element-a38fb18 elementor-widget__width-initial elementor-widget elementor-widget-heading\" data-id=\"a38fb18\" data-element_type=\"widget\" data-widget_type=\"heading.default\">\n\t\t\t\t<div class=\"elementor-widget-container\">\n\t\t\t\t\t<h2 class=\"elementor-heading-title elementor-size-default\">DC-1<\/h2>\t\t\t\t<\/div>\n\t\t\t\t<\/div>\n\t\t\t\t<div class=\"elementor-element elementor-element-f99196d elementor-widget__width-initial elementor-widget elementor-widget-text-editor\" data-id=\"f99196d\" data-element_type=\"widget\" data-widget_type=\"text-editor.default\">\n\t\t\t\t<div class=\"elementor-widget-container\">\n\t\t\t\t\t\t\t\t\tLe d\u00e9pileur DC-1 est con\u00e7u pour les contenants en polystyr\u00e8ne.\t\t\t\t\t\t\t\t<\/div>\n\t\t\t\t<\/div>\n\t\t\t\t<\/div>\n\t\t\t\t<div class=\"elementor-element elementor-element-880794c elementor-widget elementor-widget-image\" data-id=\"880794c\" data-element_type=\"widget\" data-widget_type=\"image.default\">\n\t\t\t\t<div class=\"elementor-widget-container\">\n\t\t\t\t\t\t\t\t\t\t\t\t\t\t\t<img fetchpriority=\"high\" decoding=\"async\" width=\"785\" height=\"1024\" src=\"https:\/\/www.mosagreen.it\/wp-content\/uploads\/2025\/03\/DESTACKERS-DC-1-mod-785x1024.png\" class=\"attachment-large size-large wp-image-3311\" alt=\"\" srcset=\"https:\/\/www.mosagreen.it\/wp-content\/uploads\/2025\/03\/DESTACKERS-DC-1-mod-785x1024.png 785w, https:\/\/www.mosagreen.it\/wp-content\/uploads\/2025\/03\/DESTACKERS-DC-1-mod-230x300.png 230w, https:\/\/www.mosagreen.it\/wp-content\/uploads\/2025\/03\/DESTACKERS-DC-1-mod-768x1001.png 768w, https:\/\/www.mosagreen.it\/wp-content\/uploads\/2025\/03\/DESTACKERS-DC-1-mod-1178x1536.png 1178w, https:\/\/www.mosagreen.it\/wp-content\/uploads\/2025\/03\/DESTACKERS-DC-1-mod.png 1314w\" sizes=\"(max-width: 785px) 100vw, 785px\" \/>\t\t\t\t\t\t\t\t\t\t\t\t\t\t\t<\/div>\n\t\t\t\t<\/div>\n\t\t\t\t<\/a>\n\t\t<a class=\"elementor-element elementor-element-376f545 e-con-full e-flex elementor-invisible e-con e-child\" data-id=\"376f545\" data-element_type=\"container\" data-settings=\"{&quot;animation&quot;:&quot;fadeInRight&quot;,&quot;animation_delay&quot;:300}\">\n\t\t<div class=\"elementor-element elementor-element-add2e1a e-con-full e-flex e-con e-child\" data-id=\"add2e1a\" data-element_type=\"container\">\n\t\t\t\t<div class=\"elementor-element elementor-element-f09fe4d elementor-widget__width-initial elementor-widget elementor-widget-heading\" data-id=\"f09fe4d\" data-element_type=\"widget\" data-widget_type=\"heading.default\">\n\t\t\t\t<div class=\"elementor-widget-container\">\n\t\t\t\t\t<h2 class=\"elementor-heading-title elementor-size-default\">D\u00c9PILEUR<\/h2>\t\t\t\t<\/div>\n\t\t\t\t<\/div>\n\t\t\t\t<div class=\"elementor-element elementor-element-e1d8e77 elementor-widget__width-initial elementor-widget elementor-widget-heading\" data-id=\"e1d8e77\" data-element_type=\"widget\" data-widget_type=\"heading.default\">\n\t\t\t\t<div class=\"elementor-widget-container\">\n\t\t\t\t\t<h2 class=\"elementor-heading-title elementor-size-default\">DC-6<\/h2>\t\t\t\t<\/div>\n\t\t\t\t<\/div>\n\t\t\t\t<div class=\"elementor-element elementor-element-4f23cab elementor-widget__width-initial elementor-widget elementor-widget-text-editor\" data-id=\"4f23cab\" data-element_type=\"widget\" data-widget_type=\"text-editor.default\">\n\t\t\t\t<div class=\"elementor-widget-container\">\n\t\t\t\t\t\t\t\t\tLe d\u00e9pileur DC-6 est con\u00e7u pour les contenants lourds en plastique dur.\t\t\t\t\t\t\t\t<\/div>\n\t\t\t\t<\/div>\n\t\t\t\t<\/div>\n\t\t\t\t<div class=\"elementor-element elementor-element-2d7f254 elementor-widget elementor-widget-image\" data-id=\"2d7f254\" data-element_type=\"widget\" data-widget_type=\"image.default\">\n\t\t\t\t<div class=\"elementor-widget-container\">\n\t\t\t\t\t\t\t\t\t\t\t\t\t\t\t<img decoding=\"async\" width=\"787\" height=\"1024\" src=\"https:\/\/www.mosagreen.it\/wp-content\/uploads\/2025\/03\/DESTACKERS-DC-6-mod-1-787x1024.png\" class=\"attachment-large size-large wp-image-3321\" alt=\"\" srcset=\"https:\/\/www.mosagreen.it\/wp-content\/uploads\/2025\/03\/DESTACKERS-DC-6-mod-1-787x1024.png 787w, https:\/\/www.mosagreen.it\/wp-content\/uploads\/2025\/03\/DESTACKERS-DC-6-mod-1-231x300.png 231w, https:\/\/www.mosagreen.it\/wp-content\/uploads\/2025\/03\/DESTACKERS-DC-6-mod-1-768x999.png 768w, https:\/\/www.mosagreen.it\/wp-content\/uploads\/2025\/03\/DESTACKERS-DC-6-mod-1-1181x1536.png 1181w, https:\/\/www.mosagreen.it\/wp-content\/uploads\/2025\/03\/DESTACKERS-DC-6-mod-1.png 1231w\" sizes=\"(max-width: 787px) 100vw, 787px\" \/>\t\t\t\t\t\t\t\t\t\t\t\t\t\t\t<\/div>\n\t\t\t\t<\/div>\n\t\t\t\t<\/a>\n\t\t\t\t\t<\/div>\n\t\t\t\t<\/div>\n\t\t<div class=\"elementor-element elementor-element-6067d4d e-flex e-con-boxed e-con e-parent\" data-id=\"6067d4d\" data-element_type=\"container\">\n\t\t\t\t\t<div class=\"e-con-inner\">\n\t\t<a class=\"elementor-element elementor-element-0c09f21 e-con-full e-flex elementor-invisible e-con e-child\" data-id=\"0c09f21\" data-element_type=\"container\" data-settings=\"{&quot;animation&quot;:&quot;fadeInRight&quot;,&quot;animation_delay&quot;:300}\">\n\t\t<div class=\"elementor-element elementor-element-7271583 e-con-full e-flex e-con e-child\" data-id=\"7271583\" data-element_type=\"container\">\n\t\t\t\t<div class=\"elementor-element elementor-element-3f8c9a8 elementor-widget__width-initial elementor-widget elementor-widget-heading\" data-id=\"3f8c9a8\" data-element_type=\"widget\" data-widget_type=\"heading.default\">\n\t\t\t\t<div class=\"elementor-widget-container\">\n\t\t\t\t\t<h2 class=\"elementor-heading-title elementor-size-default\">D\u00c9PILEUR<\/h2>\t\t\t\t<\/div>\n\t\t\t\t<\/div>\n\t\t\t\t<div class=\"elementor-element elementor-element-bd9f23e elementor-widget__width-initial elementor-widget elementor-widget-heading\" data-id=\"bd9f23e\" data-element_type=\"widget\" data-widget_type=\"heading.default\">\n\t\t\t\t<div class=\"elementor-widget-container\">\n\t\t\t\t\t<h2 class=\"elementor-heading-title elementor-size-default\">DC-3<\/h2>\t\t\t\t<\/div>\n\t\t\t\t<\/div>\n\t\t\t\t<div class=\"elementor-element elementor-element-3aa6457 elementor-widget__width-initial elementor-widget elementor-widget-text-editor\" data-id=\"3aa6457\" data-element_type=\"widget\" data-widget_type=\"text-editor.default\">\n\t\t\t\t<div class=\"elementor-widget-container\">\n\t\t\t\t\t\t\t\t\tLe d\u00e9pileur DC-3 est con\u00e7u pour les contenants thermoform\u00e9s l\u00e9gers.\t\t\t\t\t\t\t\t<\/div>\n\t\t\t\t<\/div>\n\t\t\t\t<\/div>\n\t\t\t\t<div class=\"elementor-element elementor-element-6e3657d elementor-widget elementor-widget-image\" data-id=\"6e3657d\" data-element_type=\"widget\" data-widget_type=\"image.default\">\n\t\t\t\t<div class=\"elementor-widget-container\">\n\t\t\t\t\t\t\t\t\t\t\t\t\t\t\t<img decoding=\"async\" width=\"800\" height=\"583\" src=\"https:\/\/www.mosagreen.it\/wp-content\/uploads\/2025\/03\/DESTACKERS-DC-3-2-1024x746.png\" class=\"attachment-large size-large wp-image-5206\" alt=\"\" srcset=\"https:\/\/www.mosagreen.it\/wp-content\/uploads\/2025\/03\/DESTACKERS-DC-3-2-1024x746.png 1024w, https:\/\/www.mosagreen.it\/wp-content\/uploads\/2025\/03\/DESTACKERS-DC-3-2-300x219.png 300w, https:\/\/www.mosagreen.it\/wp-content\/uploads\/2025\/03\/DESTACKERS-DC-3-2-768x559.png 768w, https:\/\/www.mosagreen.it\/wp-content\/uploads\/2025\/03\/DESTACKERS-DC-3-2.png 1510w\" sizes=\"(max-width: 800px) 100vw, 800px\" \/>\t\t\t\t\t\t\t\t\t\t\t\t\t\t\t<\/div>\n\t\t\t\t<\/div>\n\t\t\t\t<\/a>\n\t\t<a class=\"elementor-element elementor-element-bfe681d e-con-full e-flex elementor-invisible e-con e-child\" data-id=\"bfe681d\" data-element_type=\"container\" data-settings=\"{&quot;animation&quot;:&quot;fadeInRight&quot;,&quot;animation_delay&quot;:300}\">\n\t\t<div class=\"elementor-element elementor-element-3c7f15d e-con-full e-flex e-con e-child\" data-id=\"3c7f15d\" data-element_type=\"container\">\n\t\t\t\t<div class=\"elementor-element elementor-element-eeeed6d elementor-widget__width-initial elementor-widget elementor-widget-heading\" data-id=\"eeeed6d\" data-element_type=\"widget\" data-widget_type=\"heading.default\">\n\t\t\t\t<div class=\"elementor-widget-container\">\n\t\t\t\t\t<h2 class=\"elementor-heading-title elementor-size-default\">D\u00c9PILEUR<\/h2>\t\t\t\t<\/div>\n\t\t\t\t<\/div>\n\t\t\t\t<div class=\"elementor-element elementor-element-dbfa841 elementor-widget__width-initial elementor-widget elementor-widget-heading\" data-id=\"dbfa841\" data-element_type=\"widget\" data-widget_type=\"heading.default\">\n\t\t\t\t<div class=\"elementor-widget-container\">\n\t\t\t\t\t<h2 class=\"elementor-heading-title elementor-size-default\">DC-8<\/h2>\t\t\t\t<\/div>\n\t\t\t\t<\/div>\n\t\t\t\t<div class=\"elementor-element elementor-element-684028b elementor-widget__width-initial elementor-widget elementor-widget-text-editor\" data-id=\"684028b\" data-element_type=\"widget\" data-widget_type=\"text-editor.default\">\n\t\t\t\t<div class=\"elementor-widget-container\">\n\t\t\t\t\t\t\t\t\tLe d\u00e9pileur DC-8 est con\u00e7u pour un rel\u00e2chement contr\u00f4l\u00e9 et sans \u00e0-coups des conteneurs.\t\t\t\t\t\t\t\t<\/div>\n\t\t\t\t<\/div>\n\t\t\t\t<\/div>\n\t\t\t\t<div class=\"elementor-element elementor-element-3a3fa51 elementor-widget elementor-widget-image\" data-id=\"3a3fa51\" data-element_type=\"widget\" data-widget_type=\"image.default\">\n\t\t\t\t<div class=\"elementor-widget-container\">\n\t\t\t\t\t\t\t\t\t\t\t\t\t\t\t<img loading=\"lazy\" decoding=\"async\" width=\"800\" height=\"890\" src=\"https:\/\/www.mosagreen.it\/wp-content\/uploads\/2025\/03\/DESTACKERS-DC-8-1-920x1024.png\" class=\"attachment-large size-large wp-image-3326\" alt=\"\" srcset=\"https:\/\/www.mosagreen.it\/wp-content\/uploads\/2025\/03\/DESTACKERS-DC-8-1-920x1024.png 920w, https:\/\/www.mosagreen.it\/wp-content\/uploads\/2025\/03\/DESTACKERS-DC-8-1-270x300.png 270w, https:\/\/www.mosagreen.it\/wp-content\/uploads\/2025\/03\/DESTACKERS-DC-8-1-768x855.png 768w, https:\/\/www.mosagreen.it\/wp-content\/uploads\/2025\/03\/DESTACKERS-DC-8-1-1380x1536.png 1380w, https:\/\/www.mosagreen.it\/wp-content\/uploads\/2025\/03\/DESTACKERS-DC-8-1.png 1464w\" sizes=\"(max-width: 800px) 100vw, 800px\" \/>\t\t\t\t\t\t\t\t\t\t\t\t\t\t\t<\/div>\n\t\t\t\t<\/div>\n\t\t\t\t<\/a>\n\t\t\t\t\t<\/div>\n\t\t\t\t<\/div>\n\t\t\t\t<\/div>\n\t\t","protected":false},"featured_media":2271,"template":"","meta":{"_acf_changed":false,"inline_featured_image":false},"product_category":[112],"class_list":["post-6621","product","type-product","status-publish","has-post-thumbnail","hentry","product_category-empilage-et-depilage"],"acf":[],"yoast_head":"<!-- This site is optimized with the Yoast SEO plugin v26.0 - https:\/\/yoast.com\/wordpress\/plugins\/seo\/ -->\n<title>D\u00c9PILEURS - MosaGreen<\/title>\n<meta name=\"robots\" content=\"index, follow, max-snippet:-1, max-image-preview:large, max-video-preview:-1\" \/>\n<link rel=\"canonical\" href=\"https:\/\/www.mosagreen.it\/fr\/product\/depileurs\/\" \/>\n<meta property=\"og:locale\" content=\"fr_FR\" \/>\n<meta property=\"og:type\" content=\"article\" \/>\n<meta property=\"og:title\" content=\"D\u00c9PILEURS - MosaGreen\" \/>\n<meta property=\"og:description\" content=\"D\u00c9PILEURS D\u00c9PILEUR DC-1 Le d\u00e9pileur DC-1 est con\u00e7u pour les contenants en polystyr\u00e8ne. D\u00c9PILEUR DC-6 Le d\u00e9pileur DC-6 est con\u00e7u pour les contenants lourds en plastique dur. D\u00c9PILEUR DC-3 Le d\u00e9pileur DC-3 est con\u00e7u pour les contenants thermoform\u00e9s l\u00e9gers. D\u00c9PILEUR DC-8 Le d\u00e9pileur DC-8 est con\u00e7u pour un rel\u00e2chement contr\u00f4l\u00e9 et sans \u00e0-coups des conteneurs.\" \/>\n<meta property=\"og:url\" content=\"https:\/\/www.mosagreen.it\/fr\/product\/depileurs\/\" \/>\n<meta property=\"og:site_name\" content=\"MosaGreen\" \/>\n<meta property=\"article:modified_time\" content=\"2025-08-18T15:11:50+00:00\" \/>\n<meta property=\"og:image\" content=\"https:\/\/www.mosagreen.it\/wp-content\/uploads\/2025\/05\/DESTACKERS-DC-1-mod.png\" \/>\n\t<meta property=\"og:image:width\" content=\"1920\" \/>\n\t<meta property=\"og:image:height\" content=\"1815\" \/>\n\t<meta property=\"og:image:type\" content=\"image\/png\" \/>\n<meta name=\"twitter:card\" content=\"summary_large_image\" \/>\n<meta name=\"twitter:label1\" content=\"Dur\u00e9e de lecture estim\u00e9e\" \/>\n\t<meta name=\"twitter:data1\" content=\"2 minutes\" \/>\n<script type=\"application\/ld+json\" class=\"yoast-schema-graph\">{\"@context\":\"https:\/\/schema.org\",\"@graph\":[{\"@type\":\"WebPage\",\"@id\":\"https:\/\/www.mosagreen.it\/fr\/product\/depileurs\/\",\"url\":\"https:\/\/www.mosagreen.it\/fr\/product\/depileurs\/\",\"name\":\"D\u00c9PILEURS - MosaGreen\",\"isPartOf\":{\"@id\":\"https:\/\/www.mosagreen.it\/fr\/#website\"},\"primaryImageOfPage\":{\"@id\":\"https:\/\/www.mosagreen.it\/fr\/product\/depileurs\/#primaryimage\"},\"image\":{\"@id\":\"https:\/\/www.mosagreen.it\/fr\/product\/depileurs\/#primaryimage\"},\"thumbnailUrl\":\"https:\/\/www.mosagreen.it\/wp-content\/uploads\/2025\/05\/DESTACKERS-DC-1-mod.png\",\"datePublished\":\"2025-03-12T16:57:36+00:00\",\"dateModified\":\"2025-08-18T15:11:50+00:00\",\"breadcrumb\":{\"@id\":\"https:\/\/www.mosagreen.it\/fr\/product\/depileurs\/#breadcrumb\"},\"inLanguage\":\"fr-FR\",\"potentialAction\":[{\"@type\":\"ReadAction\",\"target\":[\"https:\/\/www.mosagreen.it\/fr\/product\/depileurs\/\"]}]},{\"@type\":\"ImageObject\",\"inLanguage\":\"fr-FR\",\"@id\":\"https:\/\/www.mosagreen.it\/fr\/product\/depileurs\/#primaryimage\",\"url\":\"https:\/\/www.mosagreen.it\/wp-content\/uploads\/2025\/05\/DESTACKERS-DC-1-mod.png\",\"contentUrl\":\"https:\/\/www.mosagreen.it\/wp-content\/uploads\/2025\/05\/DESTACKERS-DC-1-mod.png\",\"width\":1920,\"height\":1815},{\"@type\":\"BreadcrumbList\",\"@id\":\"https:\/\/www.mosagreen.it\/fr\/product\/depileurs\/#breadcrumb\",\"itemListElement\":[{\"@type\":\"ListItem\",\"position\":1,\"name\":\"Home\",\"item\":\"https:\/\/www.mosagreen.it\/fr\/\"},{\"@type\":\"ListItem\",\"position\":2,\"name\":\"D\u00c9PILEURS\"}]},{\"@type\":\"WebSite\",\"@id\":\"https:\/\/www.mosagreen.it\/fr\/#website\",\"url\":\"https:\/\/www.mosagreen.it\/fr\/\",\"name\":\"MosaGreen\",\"description\":\"Macchine per OrtoFloro Vivaismo\",\"publisher\":{\"@id\":\"https:\/\/www.mosagreen.it\/fr\/#organization\"},\"potentialAction\":[{\"@type\":\"SearchAction\",\"target\":{\"@type\":\"EntryPoint\",\"urlTemplate\":\"https:\/\/www.mosagreen.it\/fr\/?s={search_term_string}\"},\"query-input\":{\"@type\":\"PropertyValueSpecification\",\"valueRequired\":true,\"valueName\":\"search_term_string\"}}],\"inLanguage\":\"fr-FR\"},{\"@type\":\"Organization\",\"@id\":\"https:\/\/www.mosagreen.it\/fr\/#organization\",\"name\":\"MosaGreen\",\"url\":\"https:\/\/www.mosagreen.it\/fr\/\",\"logo\":{\"@type\":\"ImageObject\",\"inLanguage\":\"fr-FR\",\"@id\":\"https:\/\/www.mosagreen.it\/fr\/#\/schema\/logo\/image\/\",\"url\":\"https:\/\/www.mosagreen.it\/wp-content\/uploads\/2025\/04\/logo-1.png\",\"contentUrl\":\"https:\/\/www.mosagreen.it\/wp-content\/uploads\/2025\/04\/logo-1.png\",\"width\":367,\"height\":476,\"caption\":\"MosaGreen\"},\"image\":{\"@id\":\"https:\/\/www.mosagreen.it\/fr\/#\/schema\/logo\/image\/\"}}]}<\/script>\n<!-- \/ Yoast SEO plugin. -->","yoast_head_json":{"title":"D\u00c9PILEURS - MosaGreen","robots":{"index":"index","follow":"follow","max-snippet":"max-snippet:-1","max-image-preview":"max-image-preview:large","max-video-preview":"max-video-preview:-1"},"canonical":"https:\/\/www.mosagreen.it\/fr\/product\/depileurs\/","og_locale":"fr_FR","og_type":"article","og_title":"D\u00c9PILEURS - MosaGreen","og_description":"D\u00c9PILEURS D\u00c9PILEUR DC-1 Le d\u00e9pileur DC-1 est con\u00e7u pour les contenants en polystyr\u00e8ne. D\u00c9PILEUR DC-6 Le d\u00e9pileur DC-6 est con\u00e7u pour les contenants lourds en plastique dur. D\u00c9PILEUR DC-3 Le d\u00e9pileur DC-3 est con\u00e7u pour les contenants thermoform\u00e9s l\u00e9gers. D\u00c9PILEUR DC-8 Le d\u00e9pileur DC-8 est con\u00e7u pour un rel\u00e2chement contr\u00f4l\u00e9 et sans \u00e0-coups des conteneurs.","og_url":"https:\/\/www.mosagreen.it\/fr\/product\/depileurs\/","og_site_name":"MosaGreen","article_modified_time":"2025-08-18T15:11:50+00:00","og_image":[{"width":1920,"height":1815,"url":"https:\/\/www.mosagreen.it\/wp-content\/uploads\/2025\/05\/DESTACKERS-DC-1-mod.png","type":"image\/png"}],"twitter_card":"summary_large_image","twitter_misc":{"Dur\u00e9e de lecture estim\u00e9e":"2 minutes"},"schema":{"@context":"https:\/\/schema.org","@graph":[{"@type":"WebPage","@id":"https:\/\/www.mosagreen.it\/fr\/product\/depileurs\/","url":"https:\/\/www.mosagreen.it\/fr\/product\/depileurs\/","name":"D\u00c9PILEURS - MosaGreen","isPartOf":{"@id":"https:\/\/www.mosagreen.it\/fr\/#website"},"primaryImageOfPage":{"@id":"https:\/\/www.mosagreen.it\/fr\/product\/depileurs\/#primaryimage"},"image":{"@id":"https:\/\/www.mosagreen.it\/fr\/product\/depileurs\/#primaryimage"},"thumbnailUrl":"https:\/\/www.mosagreen.it\/wp-content\/uploads\/2025\/05\/DESTACKERS-DC-1-mod.png","datePublished":"2025-03-12T16:57:36+00:00","dateModified":"2025-08-18T15:11:50+00:00","breadcrumb":{"@id":"https:\/\/www.mosagreen.it\/fr\/product\/depileurs\/#breadcrumb"},"inLanguage":"fr-FR","potentialAction":[{"@type":"ReadAction","target":["https:\/\/www.mosagreen.it\/fr\/product\/depileurs\/"]}]},{"@type":"ImageObject","inLanguage":"fr-FR","@id":"https:\/\/www.mosagreen.it\/fr\/product\/depileurs\/#primaryimage","url":"https:\/\/www.mosagreen.it\/wp-content\/uploads\/2025\/05\/DESTACKERS-DC-1-mod.png","contentUrl":"https:\/\/www.mosagreen.it\/wp-content\/uploads\/2025\/05\/DESTACKERS-DC-1-mod.png","width":1920,"height":1815},{"@type":"BreadcrumbList","@id":"https:\/\/www.mosagreen.it\/fr\/product\/depileurs\/#breadcrumb","itemListElement":[{"@type":"ListItem","position":1,"name":"Home","item":"https:\/\/www.mosagreen.it\/fr\/"},{"@type":"ListItem","position":2,"name":"D\u00c9PILEURS"}]},{"@type":"WebSite","@id":"https:\/\/www.mosagreen.it\/fr\/#website","url":"https:\/\/www.mosagreen.it\/fr\/","name":"MosaGreen","description":"Macchine per OrtoFloro Vivaismo","publisher":{"@id":"https:\/\/www.mosagreen.it\/fr\/#organization"},"potentialAction":[{"@type":"SearchAction","target":{"@type":"EntryPoint","urlTemplate":"https:\/\/www.mosagreen.it\/fr\/?s={search_term_string}"},"query-input":{"@type":"PropertyValueSpecification","valueRequired":true,"valueName":"search_term_string"}}],"inLanguage":"fr-FR"},{"@type":"Organization","@id":"https:\/\/www.mosagreen.it\/fr\/#organization","name":"MosaGreen","url":"https:\/\/www.mosagreen.it\/fr\/","logo":{"@type":"ImageObject","inLanguage":"fr-FR","@id":"https:\/\/www.mosagreen.it\/fr\/#\/schema\/logo\/image\/","url":"https:\/\/www.mosagreen.it\/wp-content\/uploads\/2025\/04\/logo-1.png","contentUrl":"https:\/\/www.mosagreen.it\/wp-content\/uploads\/2025\/04\/logo-1.png","width":367,"height":476,"caption":"MosaGreen"},"image":{"@id":"https:\/\/www.mosagreen.it\/fr\/#\/schema\/logo\/image\/"}}]}},"_links":{"self":[{"href":"https:\/\/www.mosagreen.it\/fr\/wp-json\/wp\/v2\/product\/6621","targetHints":{"allow":["GET"]}}],"collection":[{"href":"https:\/\/www.mosagreen.it\/fr\/wp-json\/wp\/v2\/product"}],"about":[{"href":"https:\/\/www.mosagreen.it\/fr\/wp-json\/wp\/v2\/types\/product"}],"version-history":[{"count":4,"href":"https:\/\/www.mosagreen.it\/fr\/wp-json\/wp\/v2\/product\/6621\/revisions"}],"predecessor-version":[{"id":6625,"href":"https:\/\/www.mosagreen.it\/fr\/wp-json\/wp\/v2\/product\/6621\/revisions\/6625"}],"wp:featuredmedia":[{"embeddable":true,"href":"https:\/\/www.mosagreen.it\/fr\/wp-json\/wp\/v2\/media\/2271"}],"wp:attachment":[{"href":"https:\/\/www.mosagreen.it\/fr\/wp-json\/wp\/v2\/media?parent=6621"}],"wp:term":[{"taxonomy":"product_category","embeddable":true,"href":"https:\/\/www.mosagreen.it\/fr\/wp-json\/wp\/v2\/product_category?post=6621"}],"curies":[{"name":"wp","href":"https:\/\/api.w.org\/{rel}","templated":true}]}}