{"id":6481,"date":"2025-03-12T17:52:30","date_gmt":"2025-03-12T16:52:30","guid":{"rendered":"https:\/\/www.mosagreen.it\/?post_type=product&#038;p=6481"},"modified":"2025-08-18T16:03:57","modified_gmt":"2025-08-18T14:03:57","slug":"palettiseur-aps23","status":"publish","type":"product","link":"https:\/\/www.mosagreen.it\/fr\/product\/palettiseur-aps23\/","title":{"rendered":"PALETTISEUR APS23"},"content":{"rendered":"\t\t<div data-elementor-type=\"wp-post\" data-elementor-id=\"6481\" class=\"elementor elementor-6481 elementor-2366\" data-elementor-post-type=\"product\">\n\t\t\t\t<div class=\"elementor-element elementor-element-af09af8 e-con-full e-flex e-con e-parent\" data-id=\"af09af8\" data-element_type=\"container\">\n\t\t\t\t<div class=\"elementor-element elementor-element-f081740 elementor-widget elementor-widget-template\" data-id=\"f081740\" data-element_type=\"widget\" data-widget_type=\"template.default\">\n\t\t\t\t<div class=\"elementor-widget-container\">\n\t\t\t\t\t\t\t<div class=\"elementor-template\">\n\t\t\t\t\t<div data-elementor-type=\"page\" data-elementor-id=\"1781\" class=\"elementor elementor-1781\" data-elementor-post-type=\"elementor_library\">\n\t\t\t\t<div class=\"elementor-element elementor-element-5f89f02 e-con-full e-flex e-con e-parent\" data-id=\"5f89f02\" data-element_type=\"container\">\n\t\t\t\t<div class=\"elementor-element elementor-element-10fd106 elementor-widget elementor-widget-image\" data-id=\"10fd106\" data-element_type=\"widget\" data-widget_type=\"image.default\">\n\t\t\t\t<div class=\"elementor-widget-container\">\n\t\t\t\t\t\t\t\t\t\t\t\t\t\t\t<img decoding=\"async\" src=\"https:\/\/www.mosagreen.it\/wp-content\/uploads\/elementor\/thumbs\/TESTATA-Accatastatori-r6ikfzvickxrh6jq96bwn5xgezawb4j19zu3vymjq0.jpg\" title=\"TESTATA-Accatastatori\" alt=\"TESTATA-Accatastatori\" loading=\"lazy\" \/>\t\t\t\t\t\t\t\t\t\t\t\t\t\t\t<\/div>\n\t\t\t\t<\/div>\n\t\t\t\t<\/div>\n\t\t\t\t<\/div>\n\t\t\t\t<\/div>\n\t\t\t\t\t\t<\/div>\n\t\t\t\t<\/div>\n\t\t\t\t<\/div>\n\t\t<div class=\"elementor-element elementor-element-ae64296 e-flex e-con-boxed e-con e-parent\" data-id=\"ae64296\" data-element_type=\"container\">\n\t\t\t\t\t<div class=\"e-con-inner\">\n\t\t<div class=\"elementor-element elementor-element-8660118 e-con-full e-flex e-con e-child\" data-id=\"8660118\" data-element_type=\"container\">\n\t\t\t\t<div class=\"elementor-element elementor-element-ebc3178 elementor-invisible elementor-widget elementor-widget-theme-post-featured-image elementor-widget-image\" data-id=\"ebc3178\" data-element_type=\"widget\" data-settings=\"{&quot;_animation&quot;:&quot;fadeInLeft&quot;,&quot;_animation_delay&quot;:300}\" data-widget_type=\"theme-post-featured-image.default\">\n\t\t\t\t<div class=\"elementor-widget-container\">\n\t\t\t\t\t\t\t\t\t\t\t\t\t\t\t<img fetchpriority=\"high\" decoding=\"async\" width=\"800\" height=\"576\" src=\"https:\/\/www.mosagreen.it\/wp-content\/uploads\/2025\/05\/PALETTISER-APS23-1024x737.png\" class=\"attachment-large size-large wp-image-2369\" alt=\"\" srcset=\"https:\/\/www.mosagreen.it\/wp-content\/uploads\/2025\/05\/PALETTISER-APS23-1024x737.png 1024w, https:\/\/www.mosagreen.it\/wp-content\/uploads\/2025\/05\/PALETTISER-APS23-300x216.png 300w, https:\/\/www.mosagreen.it\/wp-content\/uploads\/2025\/05\/PALETTISER-APS23-768x553.png 768w, https:\/\/www.mosagreen.it\/wp-content\/uploads\/2025\/05\/PALETTISER-APS23-1536x1106.png 1536w, https:\/\/www.mosagreen.it\/wp-content\/uploads\/2025\/05\/PALETTISER-APS23.png 1920w\" sizes=\"(max-width: 800px) 100vw, 800px\" \/>\t\t\t\t\t\t\t\t\t\t\t\t\t\t\t<\/div>\n\t\t\t\t<\/div>\n\t\t\t\t<\/div>\n\t\t<div class=\"elementor-element elementor-element-173462f e-con-full e-flex elementor-invisible e-con e-child\" data-id=\"173462f\" data-element_type=\"container\" data-settings=\"{&quot;animation&quot;:&quot;fadeInRight&quot;,&quot;animation_delay&quot;:400}\">\n\t\t<div class=\"elementor-element elementor-element-62696d3 e-con-full e-flex e-con e-child\" data-id=\"62696d3\" data-element_type=\"container\">\n\t\t\t\t<div class=\"elementor-element elementor-element-cd6c337 elementor-widget elementor-widget-heading\" data-id=\"cd6c337\" data-element_type=\"widget\" data-widget_type=\"heading.default\">\n\t\t\t\t<div class=\"elementor-widget-container\">\n\t\t\t\t\t<h2 class=\"elementor-heading-title elementor-size-default\">PALETTISEUR<\/h2>\t\t\t\t<\/div>\n\t\t\t\t<\/div>\n\t\t\t\t<div class=\"elementor-element elementor-element-e9b7d08 elementor-widget elementor-widget-heading\" data-id=\"e9b7d08\" data-element_type=\"widget\" data-widget_type=\"heading.default\">\n\t\t\t\t<div class=\"elementor-widget-container\">\n\t\t\t\t\t<h2 class=\"elementor-heading-title elementor-size-default\">APS23<\/h2>\t\t\t\t<\/div>\n\t\t\t\t<\/div>\n\t\t\t\t<\/div>\n\t\t\t\t<div class=\"elementor-element elementor-element-14dd3e6 elementor-widget elementor-widget-text-editor\" data-id=\"14dd3e6\" data-element_type=\"widget\" data-widget_type=\"text-editor.default\">\n\t\t\t\t<div class=\"elementor-widget-container\">\n\t\t\t\t\t\t\t\t\tLe palettiseur robotis\u00e9 APS23 est con\u00e7u pour la manipulation et le positionnement de diff\u00e9rents types de plaques sur des palettes. Gr\u00e2ce \u00e0 son mouvement \u00e0 trois axes et au syst\u00e8me pneumatique de saisie et de rotation, il pr\u00e9l\u00e8ve des plaques du convoyeur \u00e0 bande et les d\u00e9pose sur une palette, en suivant un sch\u00e9ma pr\u00e9d\u00e9fini. La configuration du palettiseur, en fonction des dimensions et des mat\u00e9riaux des palettes et des plaques, s&rsquo;effectue via le panneau de commande \u00e0 \u00e9cran tactile. La pince de manipulation a une capacit\u00e9 de charge maximale de 45 kg. La vitesse de travail est \u00e9lev\u00e9e, jusqu&rsquo;\u00e0 240 cycles\/heure. Un syst\u00e8me de changement automatique de palettes est disponible en option pour assurer le fonctionnement en continu du palettiseur.\t\t\t\t\t\t\t\t<\/div>\n\t\t\t\t<\/div>\n\t\t\t\t<\/div>\n\t\t\t\t\t<\/div>\n\t\t\t\t<\/div>\n\t\t<div class=\"elementor-element elementor-element-ed99fa6 e-flex e-con-boxed elementor-invisible e-con e-parent\" data-id=\"ed99fa6\" data-element_type=\"container\" data-settings=\"{&quot;animation&quot;:&quot;fadeInUp&quot;,&quot;animation_delay&quot;:300}\">\n\t\t\t\t\t<div class=\"e-con-inner\">\n\t\t<div class=\"elementor-element elementor-element-5f70f2f e-con-full e-flex e-con e-child\" data-id=\"5f70f2f\" data-element_type=\"container\">\n\t\t<div class=\"elementor-element elementor-element-ff90029 e-con-full e-flex elementor-invisible e-con e-child\" data-id=\"ff90029\" data-element_type=\"container\" data-settings=\"{&quot;animation&quot;:&quot;fadeInRight&quot;,&quot;animation_delay&quot;:400}\">\n\t\t\t\t<div class=\"elementor-element elementor-element-39f5573 elementor-widget__width-inherit elementor-widget elementor-widget-shortcode\" data-id=\"39f5573\" data-element_type=\"widget\" data-widget_type=\"shortcode.default\">\n\t\t\t\t<div class=\"elementor-widget-container\">\n\t\t\t\t\t\t\t<div class=\"elementor-shortcode\"><h2 id=\"tablepress-112-name\" class=\"tablepress-table-name tablepress-table-name-id-112\">PALETTISEUR APS23 \u2013 Donn\u00e9es techniques<\/h2>\n\n<table id=\"tablepress-112\" class=\"tablepress tablepress-id-112\" aria-labelledby=\"tablepress-112-name\">\n<tbody class=\"row-striping\">\n<tr class=\"row-1\">\n\t<td class=\"column-1\">Vitesse de travail<\/td><td class=\"column-2\">240<\/td><td class=\"column-3\">Cycles\/Heure<\/td>\n<\/tr>\n<tr class=\"row-2\">\n\t<td class=\"column-1\">Dimensions du conteneur<\/td><td class=\"column-2\">700x500x160<\/td><td class=\"column-3\">mm<\/td>\n<\/tr>\n<tr class=\"row-3\">\n\t<td class=\"column-1\">Puissance install\u00e9e<\/td><td class=\"column-2\">5,5<\/td><td class=\"column-3\">kW<\/td>\n<\/tr>\n<tr class=\"row-4\">\n\t<td class=\"column-1\">Consommation d'air (max)<\/td><td class=\"column-2\">55<\/td><td class=\"column-3\">l\/min<\/td>\n<\/tr>\n<tr class=\"row-5\">\n\t<td class=\"column-1\">Poids<\/td><td class=\"column-2\">900<\/td><td class=\"column-3\">kg<\/td>\n<\/tr>\n<tr class=\"row-6\">\n\t<td class=\"column-1\">Dimensions<\/td><td class=\"column-2\">7600x3400<\/td><td class=\"column-3\">mm<\/td>\n<\/tr>\n<\/tbody>\n<\/table>\n<!-- #tablepress-112 from cache --><\/div>\n\t\t\t\t\t\t<\/div>\n\t\t\t\t<\/div>\n\t\t\t\t<\/div>\n\t\t\t\t<\/div>\n\t\t\t\t\t<\/div>\n\t\t\t\t<\/div>\n\t\t\t\t<\/div>\n\t\t","protected":false},"featured_media":2369,"template":"","meta":{"_acf_changed":false,"inline_featured_image":false},"product_category":[112],"class_list":["post-6481","product","type-product","status-publish","has-post-thumbnail","hentry","product_category-empilage-et-depilage"],"acf":[],"yoast_head":"<!-- This site is optimized with the Yoast SEO plugin v26.0 - https:\/\/yoast.com\/wordpress\/plugins\/seo\/ -->\n<title>PALETTISEUR APS23 - MosaGreen<\/title>\n<meta name=\"robots\" content=\"index, follow, max-snippet:-1, max-image-preview:large, max-video-preview:-1\" \/>\n<link rel=\"canonical\" href=\"https:\/\/www.mosagreen.it\/fr\/product\/palettiseur-aps23\/\" \/>\n<meta property=\"og:locale\" content=\"fr_FR\" \/>\n<meta property=\"og:type\" content=\"article\" \/>\n<meta property=\"og:title\" content=\"PALETTISEUR APS23 - MosaGreen\" \/>\n<meta property=\"og:description\" content=\"Le palettiseur robotis\u00e9 APS23 est con\u00e7u pour la manipulation et le positionnement de diff\u00e9rents types de plaques sur des palettes. Gr\u00e2ce \u00e0 son mouvement \u00e0 trois axes et au syst\u00e8me pneumatique de saisie et de rotation, il pr\u00e9l\u00e8ve des plaques du convoyeur \u00e0 bande et les d\u00e9pose sur une palette, en suivant un sch\u00e9ma pr\u00e9d\u00e9fini. [&hellip;]\" \/>\n<meta property=\"og:url\" content=\"https:\/\/www.mosagreen.it\/fr\/product\/palettiseur-aps23\/\" \/>\n<meta property=\"og:site_name\" content=\"MosaGreen\" \/>\n<meta property=\"article:modified_time\" content=\"2025-08-18T14:03:57+00:00\" \/>\n<meta property=\"og:image\" content=\"https:\/\/www.mosagreen.it\/wp-content\/uploads\/2025\/05\/PALETTISER-APS23-1024x737.png\" \/>\n\t<meta property=\"og:image:width\" content=\"1024\" \/>\n\t<meta property=\"og:image:height\" content=\"737\" \/>\n\t<meta property=\"og:image:type\" content=\"image\/png\" \/>\n<meta name=\"twitter:card\" content=\"summary_large_image\" \/>\n<meta name=\"twitter:label1\" content=\"Dur\u00e9e de lecture estim\u00e9e\" \/>\n\t<meta name=\"twitter:data1\" content=\"2 minutes\" \/>\n<script type=\"application\/ld+json\" class=\"yoast-schema-graph\">{\"@context\":\"https:\/\/schema.org\",\"@graph\":[{\"@type\":\"WebPage\",\"@id\":\"https:\/\/www.mosagreen.it\/fr\/product\/palettiseur-aps23\/\",\"url\":\"https:\/\/www.mosagreen.it\/fr\/product\/palettiseur-aps23\/\",\"name\":\"PALETTISEUR APS23 - MosaGreen\",\"isPartOf\":{\"@id\":\"https:\/\/www.mosagreen.it\/fr\/#website\"},\"primaryImageOfPage\":{\"@id\":\"https:\/\/www.mosagreen.it\/fr\/product\/palettiseur-aps23\/#primaryimage\"},\"image\":{\"@id\":\"https:\/\/www.mosagreen.it\/fr\/product\/palettiseur-aps23\/#primaryimage\"},\"thumbnailUrl\":\"https:\/\/www.mosagreen.it\/wp-content\/uploads\/2025\/05\/PALETTISER-APS23.png\",\"datePublished\":\"2025-03-12T16:52:30+00:00\",\"dateModified\":\"2025-08-18T14:03:57+00:00\",\"breadcrumb\":{\"@id\":\"https:\/\/www.mosagreen.it\/fr\/product\/palettiseur-aps23\/#breadcrumb\"},\"inLanguage\":\"fr-FR\",\"potentialAction\":[{\"@type\":\"ReadAction\",\"target\":[\"https:\/\/www.mosagreen.it\/fr\/product\/palettiseur-aps23\/\"]}]},{\"@type\":\"ImageObject\",\"inLanguage\":\"fr-FR\",\"@id\":\"https:\/\/www.mosagreen.it\/fr\/product\/palettiseur-aps23\/#primaryimage\",\"url\":\"https:\/\/www.mosagreen.it\/wp-content\/uploads\/2025\/05\/PALETTISER-APS23.png\",\"contentUrl\":\"https:\/\/www.mosagreen.it\/wp-content\/uploads\/2025\/05\/PALETTISER-APS23.png\",\"width\":1920,\"height\":1382},{\"@type\":\"BreadcrumbList\",\"@id\":\"https:\/\/www.mosagreen.it\/fr\/product\/palettiseur-aps23\/#breadcrumb\",\"itemListElement\":[{\"@type\":\"ListItem\",\"position\":1,\"name\":\"Home\",\"item\":\"https:\/\/www.mosagreen.it\/fr\/\"},{\"@type\":\"ListItem\",\"position\":2,\"name\":\"PALETTISEUR APS23\"}]},{\"@type\":\"WebSite\",\"@id\":\"https:\/\/www.mosagreen.it\/fr\/#website\",\"url\":\"https:\/\/www.mosagreen.it\/fr\/\",\"name\":\"MosaGreen\",\"description\":\"Macchine per OrtoFloro Vivaismo\",\"publisher\":{\"@id\":\"https:\/\/www.mosagreen.it\/fr\/#organization\"},\"potentialAction\":[{\"@type\":\"SearchAction\",\"target\":{\"@type\":\"EntryPoint\",\"urlTemplate\":\"https:\/\/www.mosagreen.it\/fr\/?s={search_term_string}\"},\"query-input\":{\"@type\":\"PropertyValueSpecification\",\"valueRequired\":true,\"valueName\":\"search_term_string\"}}],\"inLanguage\":\"fr-FR\"},{\"@type\":\"Organization\",\"@id\":\"https:\/\/www.mosagreen.it\/fr\/#organization\",\"name\":\"MosaGreen\",\"url\":\"https:\/\/www.mosagreen.it\/fr\/\",\"logo\":{\"@type\":\"ImageObject\",\"inLanguage\":\"fr-FR\",\"@id\":\"https:\/\/www.mosagreen.it\/fr\/#\/schema\/logo\/image\/\",\"url\":\"https:\/\/www.mosagreen.it\/wp-content\/uploads\/2025\/04\/logo-1.png\",\"contentUrl\":\"https:\/\/www.mosagreen.it\/wp-content\/uploads\/2025\/04\/logo-1.png\",\"width\":367,\"height\":476,\"caption\":\"MosaGreen\"},\"image\":{\"@id\":\"https:\/\/www.mosagreen.it\/fr\/#\/schema\/logo\/image\/\"}}]}<\/script>\n<!-- \/ Yoast SEO plugin. -->","yoast_head_json":{"title":"PALETTISEUR APS23 - MosaGreen","robots":{"index":"index","follow":"follow","max-snippet":"max-snippet:-1","max-image-preview":"max-image-preview:large","max-video-preview":"max-video-preview:-1"},"canonical":"https:\/\/www.mosagreen.it\/fr\/product\/palettiseur-aps23\/","og_locale":"fr_FR","og_type":"article","og_title":"PALETTISEUR APS23 - MosaGreen","og_description":"Le palettiseur robotis\u00e9 APS23 est con\u00e7u pour la manipulation et le positionnement de diff\u00e9rents types de plaques sur des palettes. Gr\u00e2ce \u00e0 son mouvement \u00e0 trois axes et au syst\u00e8me pneumatique de saisie et de rotation, il pr\u00e9l\u00e8ve des plaques du convoyeur \u00e0 bande et les d\u00e9pose sur une palette, en suivant un sch\u00e9ma pr\u00e9d\u00e9fini. [&hellip;]","og_url":"https:\/\/www.mosagreen.it\/fr\/product\/palettiseur-aps23\/","og_site_name":"MosaGreen","article_modified_time":"2025-08-18T14:03:57+00:00","og_image":[{"width":1024,"height":737,"url":"https:\/\/www.mosagreen.it\/wp-content\/uploads\/2025\/05\/PALETTISER-APS23-1024x737.png","type":"image\/png"}],"twitter_card":"summary_large_image","twitter_misc":{"Dur\u00e9e de lecture estim\u00e9e":"2 minutes"},"schema":{"@context":"https:\/\/schema.org","@graph":[{"@type":"WebPage","@id":"https:\/\/www.mosagreen.it\/fr\/product\/palettiseur-aps23\/","url":"https:\/\/www.mosagreen.it\/fr\/product\/palettiseur-aps23\/","name":"PALETTISEUR APS23 - MosaGreen","isPartOf":{"@id":"https:\/\/www.mosagreen.it\/fr\/#website"},"primaryImageOfPage":{"@id":"https:\/\/www.mosagreen.it\/fr\/product\/palettiseur-aps23\/#primaryimage"},"image":{"@id":"https:\/\/www.mosagreen.it\/fr\/product\/palettiseur-aps23\/#primaryimage"},"thumbnailUrl":"https:\/\/www.mosagreen.it\/wp-content\/uploads\/2025\/05\/PALETTISER-APS23.png","datePublished":"2025-03-12T16:52:30+00:00","dateModified":"2025-08-18T14:03:57+00:00","breadcrumb":{"@id":"https:\/\/www.mosagreen.it\/fr\/product\/palettiseur-aps23\/#breadcrumb"},"inLanguage":"fr-FR","potentialAction":[{"@type":"ReadAction","target":["https:\/\/www.mosagreen.it\/fr\/product\/palettiseur-aps23\/"]}]},{"@type":"ImageObject","inLanguage":"fr-FR","@id":"https:\/\/www.mosagreen.it\/fr\/product\/palettiseur-aps23\/#primaryimage","url":"https:\/\/www.mosagreen.it\/wp-content\/uploads\/2025\/05\/PALETTISER-APS23.png","contentUrl":"https:\/\/www.mosagreen.it\/wp-content\/uploads\/2025\/05\/PALETTISER-APS23.png","width":1920,"height":1382},{"@type":"BreadcrumbList","@id":"https:\/\/www.mosagreen.it\/fr\/product\/palettiseur-aps23\/#breadcrumb","itemListElement":[{"@type":"ListItem","position":1,"name":"Home","item":"https:\/\/www.mosagreen.it\/fr\/"},{"@type":"ListItem","position":2,"name":"PALETTISEUR APS23"}]},{"@type":"WebSite","@id":"https:\/\/www.mosagreen.it\/fr\/#website","url":"https:\/\/www.mosagreen.it\/fr\/","name":"MosaGreen","description":"Macchine per OrtoFloro Vivaismo","publisher":{"@id":"https:\/\/www.mosagreen.it\/fr\/#organization"},"potentialAction":[{"@type":"SearchAction","target":{"@type":"EntryPoint","urlTemplate":"https:\/\/www.mosagreen.it\/fr\/?s={search_term_string}"},"query-input":{"@type":"PropertyValueSpecification","valueRequired":true,"valueName":"search_term_string"}}],"inLanguage":"fr-FR"},{"@type":"Organization","@id":"https:\/\/www.mosagreen.it\/fr\/#organization","name":"MosaGreen","url":"https:\/\/www.mosagreen.it\/fr\/","logo":{"@type":"ImageObject","inLanguage":"fr-FR","@id":"https:\/\/www.mosagreen.it\/fr\/#\/schema\/logo\/image\/","url":"https:\/\/www.mosagreen.it\/wp-content\/uploads\/2025\/04\/logo-1.png","contentUrl":"https:\/\/www.mosagreen.it\/wp-content\/uploads\/2025\/04\/logo-1.png","width":367,"height":476,"caption":"MosaGreen"},"image":{"@id":"https:\/\/www.mosagreen.it\/fr\/#\/schema\/logo\/image\/"}}]}},"_links":{"self":[{"href":"https:\/\/www.mosagreen.it\/fr\/wp-json\/wp\/v2\/product\/6481","targetHints":{"allow":["GET"]}}],"collection":[{"href":"https:\/\/www.mosagreen.it\/fr\/wp-json\/wp\/v2\/product"}],"about":[{"href":"https:\/\/www.mosagreen.it\/fr\/wp-json\/wp\/v2\/types\/product"}],"version-history":[{"count":4,"href":"https:\/\/www.mosagreen.it\/fr\/wp-json\/wp\/v2\/product\/6481\/revisions"}],"predecessor-version":[{"id":6487,"href":"https:\/\/www.mosagreen.it\/fr\/wp-json\/wp\/v2\/product\/6481\/revisions\/6487"}],"wp:featuredmedia":[{"embeddable":true,"href":"https:\/\/www.mosagreen.it\/fr\/wp-json\/wp\/v2\/media\/2369"}],"wp:attachment":[{"href":"https:\/\/www.mosagreen.it\/fr\/wp-json\/wp\/v2\/media?parent=6481"}],"wp:term":[{"taxonomy":"product_category","embeddable":true,"href":"https:\/\/www.mosagreen.it\/fr\/wp-json\/wp\/v2\/product_category?post=6481"}],"curies":[{"name":"wp","href":"https:\/\/api.w.org\/{rel}","templated":true}]}}