{"id":6410,"date":"2025-03-10T10:34:51","date_gmt":"2025-03-10T09:34:51","guid":{"rendered":"https:\/\/www.mosagreen.it\/product\/caricatore-automatico-di-contenitori-to59\/"},"modified":"2025-08-18T15:48:31","modified_gmt":"2025-08-18T13:48:31","slug":"chargeur-automatique-de-contenants-to59","status":"publish","type":"product","link":"https:\/\/www.mosagreen.it\/fr\/product\/chargeur-automatique-de-contenants-to59\/","title":{"rendered":"CHARGEUR AUTOMATIQUE DE CONTENANTS TO59"},"content":{"rendered":"\t\t<div data-elementor-type=\"wp-post\" data-elementor-id=\"6410\" class=\"elementor elementor-6410 elementor-2355\" data-elementor-post-type=\"product\">\n\t\t\t\t<div class=\"elementor-element elementor-element-b5812a9 e-con-full e-flex e-con e-parent\" data-id=\"b5812a9\" data-element_type=\"container\">\n\t\t\t\t<div class=\"elementor-element elementor-element-495e226 elementor-widget elementor-widget-template\" data-id=\"495e226\" data-element_type=\"widget\" data-widget_type=\"template.default\">\n\t\t\t\t<div class=\"elementor-widget-container\">\n\t\t\t\t\t\t\t<div class=\"elementor-template\">\n\t\t\t\t\t<div data-elementor-type=\"page\" data-elementor-id=\"1787\" class=\"elementor elementor-1787\" data-elementor-post-type=\"elementor_library\">\n\t\t\t\t<div class=\"elementor-element elementor-element-0033920 e-con-full e-flex e-con e-parent\" data-id=\"0033920\" data-element_type=\"container\">\n\t\t\t\t<div class=\"elementor-element elementor-element-cfa2025 elementor-widget elementor-widget-image\" data-id=\"cfa2025\" data-element_type=\"widget\" data-widget_type=\"image.default\">\n\t\t\t\t<div class=\"elementor-widget-container\">\n\t\t\t\t\t\t\t\t\t\t\t\t\t\t\t<img decoding=\"async\" src=\"https:\/\/www.mosagreen.it\/wp-content\/uploads\/elementor\/thumbs\/TESTATA-Movimentazione-r6iki5w43twk8teelm1xw48ppymd204r8pzepxevdk.jpg\" title=\"TESTATA-Movimentazione\" alt=\"TESTATA-Movimentazione\" loading=\"lazy\" \/>\t\t\t\t\t\t\t\t\t\t\t\t\t\t\t<\/div>\n\t\t\t\t<\/div>\n\t\t\t\t<\/div>\n\t\t\t\t<\/div>\n\t\t\t\t<\/div>\n\t\t\t\t\t\t<\/div>\n\t\t\t\t<\/div>\n\t\t\t\t<\/div>\n\t\t<div class=\"elementor-element elementor-element-e6d4980 e-flex e-con-boxed e-con e-parent\" data-id=\"e6d4980\" data-element_type=\"container\">\n\t\t\t\t\t<div class=\"e-con-inner\">\n\t\t<div class=\"elementor-element elementor-element-7a6e026 e-con-full e-flex e-con e-child\" data-id=\"7a6e026\" data-element_type=\"container\">\n\t\t\t\t<div class=\"elementor-element elementor-element-f4942ad elementor-invisible elementor-widget elementor-widget-theme-post-featured-image elementor-widget-image\" data-id=\"f4942ad\" data-element_type=\"widget\" data-settings=\"{&quot;_animation&quot;:&quot;fadeInLeft&quot;,&quot;_animation_delay&quot;:300}\" data-widget_type=\"theme-post-featured-image.default\">\n\t\t\t\t<div class=\"elementor-widget-container\">\n\t\t\t\t\t\t\t\t\t\t\t\t\t\t\t<img fetchpriority=\"high\" decoding=\"async\" width=\"800\" height=\"466\" src=\"https:\/\/www.mosagreen.it\/wp-content\/uploads\/2025\/03\/AUTOMATIC-TRAY-LOADER-TO59-1024x596.png\" class=\"attachment-large size-large wp-image-3267\" alt=\"\" srcset=\"https:\/\/www.mosagreen.it\/wp-content\/uploads\/2025\/03\/AUTOMATIC-TRAY-LOADER-TO59-1024x596.png 1024w, https:\/\/www.mosagreen.it\/wp-content\/uploads\/2025\/03\/AUTOMATIC-TRAY-LOADER-TO59-300x175.png 300w, https:\/\/www.mosagreen.it\/wp-content\/uploads\/2025\/03\/AUTOMATIC-TRAY-LOADER-TO59-768x447.png 768w, https:\/\/www.mosagreen.it\/wp-content\/uploads\/2025\/03\/AUTOMATIC-TRAY-LOADER-TO59-1536x894.png 1536w, https:\/\/www.mosagreen.it\/wp-content\/uploads\/2025\/03\/AUTOMATIC-TRAY-LOADER-TO59.png 1920w\" sizes=\"(max-width: 800px) 100vw, 800px\" \/>\t\t\t\t\t\t\t\t\t\t\t\t\t\t\t<\/div>\n\t\t\t\t<\/div>\n\t\t\t\t<\/div>\n\t\t<div class=\"elementor-element elementor-element-4cd0f18 e-con-full e-flex elementor-invisible e-con e-child\" data-id=\"4cd0f18\" data-element_type=\"container\" data-settings=\"{&quot;animation&quot;:&quot;fadeInRight&quot;,&quot;animation_delay&quot;:400}\">\n\t\t<div class=\"elementor-element elementor-element-fb4b608 e-con-full e-flex e-con e-child\" data-id=\"fb4b608\" data-element_type=\"container\">\n\t\t\t\t<div class=\"elementor-element elementor-element-25a4232 elementor-widget elementor-widget-heading\" data-id=\"25a4232\" data-element_type=\"widget\" data-widget_type=\"heading.default\">\n\t\t\t\t<div class=\"elementor-widget-container\">\n\t\t\t\t\t<h2 class=\"elementor-heading-title elementor-size-default\">CHARGEUR AUTOMATIQUE DE CONTENANTS<\/h2>\t\t\t\t<\/div>\n\t\t\t\t<\/div>\n\t\t\t\t<div class=\"elementor-element elementor-element-0a3911a elementor-widget elementor-widget-heading\" data-id=\"0a3911a\" data-element_type=\"widget\" data-widget_type=\"heading.default\">\n\t\t\t\t<div class=\"elementor-widget-container\">\n\t\t\t\t\t<h2 class=\"elementor-heading-title elementor-size-default\">TO59<\/h2>\t\t\t\t<\/div>\n\t\t\t\t<\/div>\n\t\t\t\t<\/div>\n\t\t\t\t<div class=\"elementor-element elementor-element-fc1103a elementor-widget elementor-widget-text-editor\" data-id=\"fc1103a\" data-element_type=\"widget\" data-widget_type=\"text-editor.default\">\n\t\t\t\t<div class=\"elementor-widget-container\">\n\t\t\t\t\t\t\t\t\tLe chargeur automatique de contenants TO59 est con\u00e7u pour l&rsquo;alimentation automatique d&rsquo;un d\u00e9pileur de contenants int\u00e9gr\u00e9 dans une ligne de semis. Il est disponible avec un convoyeur \u00e0 bande de 3 ou 4 m\u00e8tres de long. Ce chargeur permet d&rsquo;alimenter automatiquement un d\u00e9pileur connect\u00e9 \u00e0 une remplisseuse avec des piles de contenants et existe en deux versions : une pour les contenants en plastique dur et une pour les contenants en polystyr\u00e8ne.\t\t\t\t\t\t\t\t<\/div>\n\t\t\t\t<\/div>\n\t\t\t\t<\/div>\n\t\t\t\t\t<\/div>\n\t\t\t\t<\/div>\n\t\t<div class=\"elementor-element elementor-element-42bbfd3 e-flex e-con-boxed elementor-invisible e-con e-parent\" data-id=\"42bbfd3\" data-element_type=\"container\" data-settings=\"{&quot;animation&quot;:&quot;fadeInUp&quot;,&quot;animation_delay&quot;:300}\">\n\t\t\t\t\t<div class=\"e-con-inner\">\n\t\t<div class=\"elementor-element elementor-element-58d4987 e-con-full e-flex e-con e-child\" data-id=\"58d4987\" data-element_type=\"container\">\n\t\t<div class=\"elementor-element elementor-element-e09de5f e-con-full e-flex elementor-invisible e-con e-child\" data-id=\"e09de5f\" data-element_type=\"container\" data-settings=\"{&quot;animation&quot;:&quot;fadeInRight&quot;,&quot;animation_delay&quot;:400}\">\n\t\t\t\t<div class=\"elementor-element elementor-element-82ef387 elementor-widget__width-inherit elementor-widget elementor-widget-shortcode\" data-id=\"82ef387\" data-element_type=\"widget\" data-widget_type=\"shortcode.default\">\n\t\t\t\t<div class=\"elementor-widget-container\">\n\t\t\t\t\t\t\t<div class=\"elementor-shortcode\"><h2 id=\"tablepress-104-name\" class=\"tablepress-table-name tablepress-table-name-id-104\">CHARGEUR AUTOMATIQUE DE CONTENANTS TO59 \u2013 D\u00e9pileurs disponibles<\/h2>\n\n<table id=\"tablepress-104\" class=\"tablepress tablepress-id-104\" aria-labelledby=\"tablepress-104-name\">\n<tbody class=\"row-striping\">\n<tr class=\"row-1\">\n\t<td class=\"column-1\">DC-1<\/td><td class=\"column-2\">D\u00e9pileur pour conteneurs en polystyr\u00e8ne<\/td>\n<\/tr>\n<tr class=\"row-2\">\n\t<td class=\"column-1\">DC-6<\/td><td class=\"column-2\">D\u00e9pileur pour conteneurs lourds en plastique dur<\/td>\n<\/tr>\n<\/tbody>\n<\/table>\n<!-- #tablepress-104 from cache --><\/div>\n\t\t\t\t\t\t<\/div>\n\t\t\t\t<\/div>\n\t\t\t\t<\/div>\n\t\t\t\t<\/div>\n\t\t\t\t\t<\/div>\n\t\t\t\t<\/div>\n\t\t\t\t<\/div>\n\t\t","protected":false},"featured_media":3267,"template":"","meta":{"_acf_changed":false,"inline_featured_image":false},"product_category":[132],"class_list":["post-6410","product","type-product","status-publish","has-post-thumbnail","hentry","product_category-manutention"],"acf":[],"yoast_head":"<!-- This site is optimized with the Yoast SEO plugin v26.0 - https:\/\/yoast.com\/wordpress\/plugins\/seo\/ -->\n<title>CHARGEUR AUTOMATIQUE DE CONTENANTS TO59 - MosaGreen<\/title>\n<meta name=\"robots\" content=\"index, follow, max-snippet:-1, max-image-preview:large, max-video-preview:-1\" \/>\n<link rel=\"canonical\" href=\"https:\/\/www.mosagreen.it\/fr\/product\/chargeur-automatique-de-contenants-to59\/\" \/>\n<meta property=\"og:locale\" content=\"fr_FR\" \/>\n<meta property=\"og:type\" content=\"article\" \/>\n<meta property=\"og:title\" content=\"CHARGEUR AUTOMATIQUE DE CONTENANTS TO59 - MosaGreen\" \/>\n<meta property=\"og:description\" content=\"Le chargeur automatique de contenants TO59 est con\u00e7u pour l&rsquo;alimentation automatique d&rsquo;un d\u00e9pileur de contenants int\u00e9gr\u00e9 dans une ligne de semis. Il est disponible avec un convoyeur \u00e0 bande de 3 ou 4 m\u00e8tres de long. Ce chargeur permet d&rsquo;alimenter automatiquement un d\u00e9pileur connect\u00e9 \u00e0 une remplisseuse avec des piles de contenants et existe en [&hellip;]\" \/>\n<meta property=\"og:url\" content=\"https:\/\/www.mosagreen.it\/fr\/product\/chargeur-automatique-de-contenants-to59\/\" \/>\n<meta property=\"og:site_name\" content=\"MosaGreen\" \/>\n<meta property=\"article:modified_time\" content=\"2025-08-18T13:48:31+00:00\" \/>\n<meta property=\"og:image\" content=\"https:\/\/www.mosagreen.it\/wp-content\/uploads\/2025\/03\/AUTOMATIC-TRAY-LOADER-TO59.png\" \/>\n\t<meta property=\"og:image:width\" content=\"1920\" \/>\n\t<meta property=\"og:image:height\" content=\"1118\" \/>\n\t<meta property=\"og:image:type\" content=\"image\/png\" \/>\n<meta name=\"twitter:card\" content=\"summary_large_image\" \/>\n<meta name=\"twitter:label1\" content=\"Dur\u00e9e de lecture estim\u00e9e\" \/>\n\t<meta name=\"twitter:data1\" content=\"1 minute\" \/>\n<script type=\"application\/ld+json\" class=\"yoast-schema-graph\">{\"@context\":\"https:\/\/schema.org\",\"@graph\":[{\"@type\":\"WebPage\",\"@id\":\"https:\/\/www.mosagreen.it\/fr\/product\/chargeur-automatique-de-contenants-to59\/\",\"url\":\"https:\/\/www.mosagreen.it\/fr\/product\/chargeur-automatique-de-contenants-to59\/\",\"name\":\"CHARGEUR AUTOMATIQUE DE CONTENANTS TO59 - MosaGreen\",\"isPartOf\":{\"@id\":\"https:\/\/www.mosagreen.it\/fr\/#website\"},\"primaryImageOfPage\":{\"@id\":\"https:\/\/www.mosagreen.it\/fr\/product\/chargeur-automatique-de-contenants-to59\/#primaryimage\"},\"image\":{\"@id\":\"https:\/\/www.mosagreen.it\/fr\/product\/chargeur-automatique-de-contenants-to59\/#primaryimage\"},\"thumbnailUrl\":\"https:\/\/www.mosagreen.it\/wp-content\/uploads\/2025\/03\/AUTOMATIC-TRAY-LOADER-TO59.png\",\"datePublished\":\"2025-03-10T09:34:51+00:00\",\"dateModified\":\"2025-08-18T13:48:31+00:00\",\"breadcrumb\":{\"@id\":\"https:\/\/www.mosagreen.it\/fr\/product\/chargeur-automatique-de-contenants-to59\/#breadcrumb\"},\"inLanguage\":\"fr-FR\",\"potentialAction\":[{\"@type\":\"ReadAction\",\"target\":[\"https:\/\/www.mosagreen.it\/fr\/product\/chargeur-automatique-de-contenants-to59\/\"]}]},{\"@type\":\"ImageObject\",\"inLanguage\":\"fr-FR\",\"@id\":\"https:\/\/www.mosagreen.it\/fr\/product\/chargeur-automatique-de-contenants-to59\/#primaryimage\",\"url\":\"https:\/\/www.mosagreen.it\/wp-content\/uploads\/2025\/03\/AUTOMATIC-TRAY-LOADER-TO59.png\",\"contentUrl\":\"https:\/\/www.mosagreen.it\/wp-content\/uploads\/2025\/03\/AUTOMATIC-TRAY-LOADER-TO59.png\",\"width\":1920,\"height\":1118},{\"@type\":\"BreadcrumbList\",\"@id\":\"https:\/\/www.mosagreen.it\/fr\/product\/chargeur-automatique-de-contenants-to59\/#breadcrumb\",\"itemListElement\":[{\"@type\":\"ListItem\",\"position\":1,\"name\":\"Home\",\"item\":\"https:\/\/www.mosagreen.it\/fr\/\"},{\"@type\":\"ListItem\",\"position\":2,\"name\":\"CHARGEUR AUTOMATIQUE DE CONTENANTS TO59\"}]},{\"@type\":\"WebSite\",\"@id\":\"https:\/\/www.mosagreen.it\/fr\/#website\",\"url\":\"https:\/\/www.mosagreen.it\/fr\/\",\"name\":\"MosaGreen\",\"description\":\"Macchine per OrtoFloro Vivaismo\",\"publisher\":{\"@id\":\"https:\/\/www.mosagreen.it\/fr\/#organization\"},\"potentialAction\":[{\"@type\":\"SearchAction\",\"target\":{\"@type\":\"EntryPoint\",\"urlTemplate\":\"https:\/\/www.mosagreen.it\/fr\/?s={search_term_string}\"},\"query-input\":{\"@type\":\"PropertyValueSpecification\",\"valueRequired\":true,\"valueName\":\"search_term_string\"}}],\"inLanguage\":\"fr-FR\"},{\"@type\":\"Organization\",\"@id\":\"https:\/\/www.mosagreen.it\/fr\/#organization\",\"name\":\"MosaGreen\",\"url\":\"https:\/\/www.mosagreen.it\/fr\/\",\"logo\":{\"@type\":\"ImageObject\",\"inLanguage\":\"fr-FR\",\"@id\":\"https:\/\/www.mosagreen.it\/fr\/#\/schema\/logo\/image\/\",\"url\":\"https:\/\/www.mosagreen.it\/wp-content\/uploads\/2025\/04\/logo-1.png\",\"contentUrl\":\"https:\/\/www.mosagreen.it\/wp-content\/uploads\/2025\/04\/logo-1.png\",\"width\":367,\"height\":476,\"caption\":\"MosaGreen\"},\"image\":{\"@id\":\"https:\/\/www.mosagreen.it\/fr\/#\/schema\/logo\/image\/\"}}]}<\/script>\n<!-- \/ Yoast SEO plugin. -->","yoast_head_json":{"title":"CHARGEUR AUTOMATIQUE DE CONTENANTS TO59 - MosaGreen","robots":{"index":"index","follow":"follow","max-snippet":"max-snippet:-1","max-image-preview":"max-image-preview:large","max-video-preview":"max-video-preview:-1"},"canonical":"https:\/\/www.mosagreen.it\/fr\/product\/chargeur-automatique-de-contenants-to59\/","og_locale":"fr_FR","og_type":"article","og_title":"CHARGEUR AUTOMATIQUE DE CONTENANTS TO59 - MosaGreen","og_description":"Le chargeur automatique de contenants TO59 est con\u00e7u pour l&rsquo;alimentation automatique d&rsquo;un d\u00e9pileur de contenants int\u00e9gr\u00e9 dans une ligne de semis. Il est disponible avec un convoyeur \u00e0 bande de 3 ou 4 m\u00e8tres de long. Ce chargeur permet d&rsquo;alimenter automatiquement un d\u00e9pileur connect\u00e9 \u00e0 une remplisseuse avec des piles de contenants et existe en [&hellip;]","og_url":"https:\/\/www.mosagreen.it\/fr\/product\/chargeur-automatique-de-contenants-to59\/","og_site_name":"MosaGreen","article_modified_time":"2025-08-18T13:48:31+00:00","og_image":[{"width":1920,"height":1118,"url":"https:\/\/www.mosagreen.it\/wp-content\/uploads\/2025\/03\/AUTOMATIC-TRAY-LOADER-TO59.png","type":"image\/png"}],"twitter_card":"summary_large_image","twitter_misc":{"Dur\u00e9e de lecture estim\u00e9e":"1 minute"},"schema":{"@context":"https:\/\/schema.org","@graph":[{"@type":"WebPage","@id":"https:\/\/www.mosagreen.it\/fr\/product\/chargeur-automatique-de-contenants-to59\/","url":"https:\/\/www.mosagreen.it\/fr\/product\/chargeur-automatique-de-contenants-to59\/","name":"CHARGEUR AUTOMATIQUE DE CONTENANTS TO59 - MosaGreen","isPartOf":{"@id":"https:\/\/www.mosagreen.it\/fr\/#website"},"primaryImageOfPage":{"@id":"https:\/\/www.mosagreen.it\/fr\/product\/chargeur-automatique-de-contenants-to59\/#primaryimage"},"image":{"@id":"https:\/\/www.mosagreen.it\/fr\/product\/chargeur-automatique-de-contenants-to59\/#primaryimage"},"thumbnailUrl":"https:\/\/www.mosagreen.it\/wp-content\/uploads\/2025\/03\/AUTOMATIC-TRAY-LOADER-TO59.png","datePublished":"2025-03-10T09:34:51+00:00","dateModified":"2025-08-18T13:48:31+00:00","breadcrumb":{"@id":"https:\/\/www.mosagreen.it\/fr\/product\/chargeur-automatique-de-contenants-to59\/#breadcrumb"},"inLanguage":"fr-FR","potentialAction":[{"@type":"ReadAction","target":["https:\/\/www.mosagreen.it\/fr\/product\/chargeur-automatique-de-contenants-to59\/"]}]},{"@type":"ImageObject","inLanguage":"fr-FR","@id":"https:\/\/www.mosagreen.it\/fr\/product\/chargeur-automatique-de-contenants-to59\/#primaryimage","url":"https:\/\/www.mosagreen.it\/wp-content\/uploads\/2025\/03\/AUTOMATIC-TRAY-LOADER-TO59.png","contentUrl":"https:\/\/www.mosagreen.it\/wp-content\/uploads\/2025\/03\/AUTOMATIC-TRAY-LOADER-TO59.png","width":1920,"height":1118},{"@type":"BreadcrumbList","@id":"https:\/\/www.mosagreen.it\/fr\/product\/chargeur-automatique-de-contenants-to59\/#breadcrumb","itemListElement":[{"@type":"ListItem","position":1,"name":"Home","item":"https:\/\/www.mosagreen.it\/fr\/"},{"@type":"ListItem","position":2,"name":"CHARGEUR AUTOMATIQUE DE CONTENANTS TO59"}]},{"@type":"WebSite","@id":"https:\/\/www.mosagreen.it\/fr\/#website","url":"https:\/\/www.mosagreen.it\/fr\/","name":"MosaGreen","description":"Macchine per OrtoFloro Vivaismo","publisher":{"@id":"https:\/\/www.mosagreen.it\/fr\/#organization"},"potentialAction":[{"@type":"SearchAction","target":{"@type":"EntryPoint","urlTemplate":"https:\/\/www.mosagreen.it\/fr\/?s={search_term_string}"},"query-input":{"@type":"PropertyValueSpecification","valueRequired":true,"valueName":"search_term_string"}}],"inLanguage":"fr-FR"},{"@type":"Organization","@id":"https:\/\/www.mosagreen.it\/fr\/#organization","name":"MosaGreen","url":"https:\/\/www.mosagreen.it\/fr\/","logo":{"@type":"ImageObject","inLanguage":"fr-FR","@id":"https:\/\/www.mosagreen.it\/fr\/#\/schema\/logo\/image\/","url":"https:\/\/www.mosagreen.it\/wp-content\/uploads\/2025\/04\/logo-1.png","contentUrl":"https:\/\/www.mosagreen.it\/wp-content\/uploads\/2025\/04\/logo-1.png","width":367,"height":476,"caption":"MosaGreen"},"image":{"@id":"https:\/\/www.mosagreen.it\/fr\/#\/schema\/logo\/image\/"}}]}},"_links":{"self":[{"href":"https:\/\/www.mosagreen.it\/fr\/wp-json\/wp\/v2\/product\/6410","targetHints":{"allow":["GET"]}}],"collection":[{"href":"https:\/\/www.mosagreen.it\/fr\/wp-json\/wp\/v2\/product"}],"about":[{"href":"https:\/\/www.mosagreen.it\/fr\/wp-json\/wp\/v2\/types\/product"}],"version-history":[{"count":4,"href":"https:\/\/www.mosagreen.it\/fr\/wp-json\/wp\/v2\/product\/6410\/revisions"}],"predecessor-version":[{"id":6416,"href":"https:\/\/www.mosagreen.it\/fr\/wp-json\/wp\/v2\/product\/6410\/revisions\/6416"}],"wp:featuredmedia":[{"embeddable":true,"href":"https:\/\/www.mosagreen.it\/fr\/wp-json\/wp\/v2\/media\/3267"}],"wp:attachment":[{"href":"https:\/\/www.mosagreen.it\/fr\/wp-json\/wp\/v2\/media?parent=6410"}],"wp:term":[{"taxonomy":"product_category","embeddable":true,"href":"https:\/\/www.mosagreen.it\/fr\/wp-json\/wp\/v2\/product_category?post=6410"}],"curies":[{"name":"wp","href":"https:\/\/api.w.org\/{rel}","templated":true}]}}