{"id":6378,"date":"2025-03-10T10:33:34","date_gmt":"2025-03-10T09:33:34","guid":{"rendered":"https:\/\/www.mosagreen.it\/product\/nastro-di-trasporto-n11m\/"},"modified":"2025-08-18T15:43:19","modified_gmt":"2025-08-18T13:43:19","slug":"convoyeur-a-bande-n11m","status":"publish","type":"product","link":"https:\/\/www.mosagreen.it\/fr\/product\/convoyeur-a-bande-n11m\/","title":{"rendered":"CONVOYEUR \u00c0 BANDE N11M"},"content":{"rendered":"\t\t<div data-elementor-type=\"wp-post\" data-elementor-id=\"6378\" class=\"elementor elementor-6378 elementor-2469\" data-elementor-post-type=\"product\">\n\t\t\t\t<div class=\"elementor-element elementor-element-b3d7c6c e-con-full e-flex e-con e-parent\" data-id=\"b3d7c6c\" data-element_type=\"container\">\n\t\t\t\t<div class=\"elementor-element elementor-element-6651c00 elementor-widget elementor-widget-template\" data-id=\"6651c00\" data-element_type=\"widget\" data-widget_type=\"template.default\">\n\t\t\t\t<div class=\"elementor-widget-container\">\n\t\t\t\t\t\t\t<div class=\"elementor-template\">\n\t\t\t\t\t<div data-elementor-type=\"page\" data-elementor-id=\"1787\" class=\"elementor elementor-1787\" data-elementor-post-type=\"elementor_library\">\n\t\t\t\t<div class=\"elementor-element elementor-element-0033920 e-con-full e-flex e-con e-parent\" data-id=\"0033920\" data-element_type=\"container\">\n\t\t\t\t<div class=\"elementor-element elementor-element-cfa2025 elementor-widget elementor-widget-image\" data-id=\"cfa2025\" data-element_type=\"widget\" data-widget_type=\"image.default\">\n\t\t\t\t<div class=\"elementor-widget-container\">\n\t\t\t\t\t\t\t\t\t\t\t\t\t\t\t<img decoding=\"async\" src=\"https:\/\/www.mosagreen.it\/wp-content\/uploads\/elementor\/thumbs\/TESTATA-Movimentazione-r6iki5w43twk8teelm1xw48ppymd204r8pzepxevdk.jpg\" title=\"TESTATA-Movimentazione\" alt=\"TESTATA-Movimentazione\" loading=\"lazy\" \/>\t\t\t\t\t\t\t\t\t\t\t\t\t\t\t<\/div>\n\t\t\t\t<\/div>\n\t\t\t\t<\/div>\n\t\t\t\t<\/div>\n\t\t\t\t<\/div>\n\t\t\t\t\t\t<\/div>\n\t\t\t\t<\/div>\n\t\t\t\t<\/div>\n\t\t<div class=\"elementor-element elementor-element-12f4210 e-flex e-con-boxed e-con e-parent\" data-id=\"12f4210\" data-element_type=\"container\">\n\t\t\t\t\t<div class=\"e-con-inner\">\n\t\t<div class=\"elementor-element elementor-element-50e1ed6 e-con-full e-flex e-con e-child\" data-id=\"50e1ed6\" data-element_type=\"container\">\n\t\t\t\t<div class=\"elementor-element elementor-element-dfdc1b3 elementor-invisible elementor-widget elementor-widget-theme-post-featured-image elementor-widget-image\" data-id=\"dfdc1b3\" data-element_type=\"widget\" data-settings=\"{&quot;_animation&quot;:&quot;fadeInLeft&quot;,&quot;_animation_delay&quot;:300}\" data-widget_type=\"theme-post-featured-image.default\">\n\t\t\t\t<div class=\"elementor-widget-container\">\n\t\t\t\t\t\t\t\t\t\t\t\t\t\t\t<img fetchpriority=\"high\" decoding=\"async\" width=\"800\" height=\"368\" src=\"https:\/\/www.mosagreen.it\/wp-content\/uploads\/2025\/03\/Conveyor-belt-N11M-mod-1024x471.png\" class=\"attachment-large size-large wp-image-3292\" alt=\"\" srcset=\"https:\/\/www.mosagreen.it\/wp-content\/uploads\/2025\/03\/Conveyor-belt-N11M-mod-1024x471.png 1024w, https:\/\/www.mosagreen.it\/wp-content\/uploads\/2025\/03\/Conveyor-belt-N11M-mod-300x138.png 300w, https:\/\/www.mosagreen.it\/wp-content\/uploads\/2025\/03\/Conveyor-belt-N11M-mod-768x353.png 768w, https:\/\/www.mosagreen.it\/wp-content\/uploads\/2025\/03\/Conveyor-belt-N11M-mod-1536x706.png 1536w, https:\/\/www.mosagreen.it\/wp-content\/uploads\/2025\/03\/Conveyor-belt-N11M-mod.png 1920w\" sizes=\"(max-width: 800px) 100vw, 800px\" \/>\t\t\t\t\t\t\t\t\t\t\t\t\t\t\t<\/div>\n\t\t\t\t<\/div>\n\t\t\t\t<\/div>\n\t\t<div class=\"elementor-element elementor-element-9d40342 e-con-full e-flex elementor-invisible e-con e-child\" data-id=\"9d40342\" data-element_type=\"container\" data-settings=\"{&quot;animation&quot;:&quot;fadeInRight&quot;,&quot;animation_delay&quot;:400}\">\n\t\t<div class=\"elementor-element elementor-element-311ca6e e-con-full e-flex e-con e-child\" data-id=\"311ca6e\" data-element_type=\"container\">\n\t\t\t\t<div class=\"elementor-element elementor-element-2888050 elementor-widget elementor-widget-heading\" data-id=\"2888050\" data-element_type=\"widget\" data-widget_type=\"heading.default\">\n\t\t\t\t<div class=\"elementor-widget-container\">\n\t\t\t\t\t<h2 class=\"elementor-heading-title elementor-size-default\">CONVOYEUR \u00c0 BANDE<\/h2>\t\t\t\t<\/div>\n\t\t\t\t<\/div>\n\t\t\t\t<div class=\"elementor-element elementor-element-b96c0d4 elementor-widget elementor-widget-heading\" data-id=\"b96c0d4\" data-element_type=\"widget\" data-widget_type=\"heading.default\">\n\t\t\t\t<div class=\"elementor-widget-container\">\n\t\t\t\t\t<h2 class=\"elementor-heading-title elementor-size-default\">N11M<\/h2>\t\t\t\t<\/div>\n\t\t\t\t<\/div>\n\t\t\t\t<\/div>\n\t\t\t\t<div class=\"elementor-element elementor-element-483607b elementor-widget elementor-widget-text-editor\" data-id=\"483607b\" data-element_type=\"widget\" data-widget_type=\"text-editor.default\">\n\t\t\t\t<div class=\"elementor-widget-container\">\n\t\t\t\t\t\t\t\t\tLe convoyeur \u00e0 bande N11M est con\u00e7u pour transporter des contenants ou du substrat et est disponible en diff\u00e9rentes longueurs. Le ch\u00e2ssis, en t\u00f4le peinte, mesure 50 cm de large et est muni de deux pieds r\u00e9glables ainsi que de guides (pour contenants) ou de panneaux lat\u00e9raux de contention (pour substrat). Le convoyeur est entra\u00een\u00e9 par un moteur triphas\u00e9 de 0,25 kW 380 V.\t\t\t\t\t\t\t\t<\/div>\n\t\t\t\t<\/div>\n\t\t\t\t<\/div>\n\t\t\t\t\t<\/div>\n\t\t\t\t<\/div>\n\t\t<div class=\"elementor-element elementor-element-cfab0ad e-flex e-con-boxed elementor-invisible e-con e-parent\" data-id=\"cfab0ad\" data-element_type=\"container\" data-settings=\"{&quot;animation&quot;:&quot;fadeInUp&quot;,&quot;animation_delay&quot;:300}\">\n\t\t\t\t\t<div class=\"e-con-inner\">\n\t\t<div class=\"elementor-element elementor-element-dc7b09e e-con-full e-flex e-con e-child\" data-id=\"dc7b09e\" data-element_type=\"container\">\n\t\t<div class=\"elementor-element elementor-element-bcc95f5 e-con-full e-flex elementor-invisible e-con e-child\" data-id=\"bcc95f5\" data-element_type=\"container\" data-settings=\"{&quot;animation&quot;:&quot;fadeInRight&quot;,&quot;animation_delay&quot;:400}\">\n\t\t\t\t<div class=\"elementor-element elementor-element-89fa65d elementor-widget__width-inherit elementor-widget elementor-widget-shortcode\" data-id=\"89fa65d\" data-element_type=\"widget\" data-widget_type=\"shortcode.default\">\n\t\t\t\t<div class=\"elementor-widget-container\">\n\t\t\t\t\t\t\t<div class=\"elementor-shortcode\"><h2 id=\"tablepress-100-name\" class=\"tablepress-table-name tablepress-table-name-id-100\">CONVOYEUR \u00c0 BANDE N11M \u2013 Donn\u00e9es techniques<\/h2>\n\n<table id=\"tablepress-100\" class=\"tablepress tablepress-id-100\" aria-labelledby=\"tablepress-100-name\">\n<tbody class=\"row-striping\">\n<tr class=\"row-1\">\n\t<td class=\"column-1\">Puissance install\u00e9e<\/td><td class=\"column-2\">0,18-0,55<\/td><td class=\"column-3\">kW<\/td>\n<\/tr>\n<tr class=\"row-2\">\n\t<td class=\"column-1\">Dimensions<\/td><td class=\"column-2\">500x1200<br \/>\n500x2000<br \/>\n500x3000<br \/>\n500x4000<br \/>\n500x5000<br \/>\n500x6000<\/td><td class=\"column-3\">mm<\/td>\n<\/tr>\n<\/tbody>\n<\/table>\n<!-- #tablepress-100 from cache --><\/div>\n\t\t\t\t\t\t<\/div>\n\t\t\t\t<\/div>\n\t\t\t\t<\/div>\n\t\t\t\t<\/div>\n\t\t\t\t\t<\/div>\n\t\t\t\t<\/div>\n\t\t\t\t<\/div>\n\t\t","protected":false},"featured_media":3292,"template":"","meta":{"_acf_changed":false,"inline_featured_image":false},"product_category":[132],"class_list":["post-6378","product","type-product","status-publish","has-post-thumbnail","hentry","product_category-manutention"],"acf":[],"yoast_head":"<!-- This site is optimized with the Yoast SEO plugin v26.0 - https:\/\/yoast.com\/wordpress\/plugins\/seo\/ -->\n<title>CONVOYEUR \u00c0 BANDE N11M - MosaGreen<\/title>\n<meta name=\"robots\" content=\"index, follow, max-snippet:-1, max-image-preview:large, max-video-preview:-1\" \/>\n<link rel=\"canonical\" href=\"https:\/\/www.mosagreen.it\/fr\/product\/convoyeur-a-bande-n11m\/\" \/>\n<meta property=\"og:locale\" content=\"fr_FR\" \/>\n<meta property=\"og:type\" content=\"article\" \/>\n<meta property=\"og:title\" content=\"CONVOYEUR \u00c0 BANDE N11M - MosaGreen\" \/>\n<meta property=\"og:description\" content=\"Le convoyeur \u00e0 bande N11M est con\u00e7u pour transporter des contenants ou du substrat et est disponible en diff\u00e9rentes longueurs. Le ch\u00e2ssis, en t\u00f4le peinte, mesure 50 cm de large et est muni de deux pieds r\u00e9glables ainsi que de guides (pour contenants) ou de panneaux lat\u00e9raux de contention (pour substrat). Le convoyeur est entra\u00een\u00e9 [&hellip;]\" \/>\n<meta property=\"og:url\" content=\"https:\/\/www.mosagreen.it\/fr\/product\/convoyeur-a-bande-n11m\/\" \/>\n<meta property=\"og:site_name\" content=\"MosaGreen\" \/>\n<meta property=\"article:modified_time\" content=\"2025-08-18T13:43:19+00:00\" \/>\n<meta property=\"og:image\" content=\"https:\/\/www.mosagreen.it\/wp-content\/uploads\/2025\/03\/Conveyor-belt-N11M-mod.png\" \/>\n\t<meta property=\"og:image:width\" content=\"1920\" \/>\n\t<meta property=\"og:image:height\" content=\"883\" \/>\n\t<meta property=\"og:image:type\" content=\"image\/png\" \/>\n<meta name=\"twitter:card\" content=\"summary_large_image\" \/>\n<meta name=\"twitter:label1\" content=\"Dur\u00e9e de lecture estim\u00e9e\" \/>\n\t<meta name=\"twitter:data1\" content=\"1 minute\" \/>\n<script type=\"application\/ld+json\" class=\"yoast-schema-graph\">{\"@context\":\"https:\/\/schema.org\",\"@graph\":[{\"@type\":\"WebPage\",\"@id\":\"https:\/\/www.mosagreen.it\/fr\/product\/convoyeur-a-bande-n11m\/\",\"url\":\"https:\/\/www.mosagreen.it\/fr\/product\/convoyeur-a-bande-n11m\/\",\"name\":\"CONVOYEUR \u00c0 BANDE N11M - MosaGreen\",\"isPartOf\":{\"@id\":\"https:\/\/www.mosagreen.it\/fr\/#website\"},\"primaryImageOfPage\":{\"@id\":\"https:\/\/www.mosagreen.it\/fr\/product\/convoyeur-a-bande-n11m\/#primaryimage\"},\"image\":{\"@id\":\"https:\/\/www.mosagreen.it\/fr\/product\/convoyeur-a-bande-n11m\/#primaryimage\"},\"thumbnailUrl\":\"https:\/\/www.mosagreen.it\/wp-content\/uploads\/2025\/03\/Conveyor-belt-N11M-mod.png\",\"datePublished\":\"2025-03-10T09:33:34+00:00\",\"dateModified\":\"2025-08-18T13:43:19+00:00\",\"breadcrumb\":{\"@id\":\"https:\/\/www.mosagreen.it\/fr\/product\/convoyeur-a-bande-n11m\/#breadcrumb\"},\"inLanguage\":\"fr-FR\",\"potentialAction\":[{\"@type\":\"ReadAction\",\"target\":[\"https:\/\/www.mosagreen.it\/fr\/product\/convoyeur-a-bande-n11m\/\"]}]},{\"@type\":\"ImageObject\",\"inLanguage\":\"fr-FR\",\"@id\":\"https:\/\/www.mosagreen.it\/fr\/product\/convoyeur-a-bande-n11m\/#primaryimage\",\"url\":\"https:\/\/www.mosagreen.it\/wp-content\/uploads\/2025\/03\/Conveyor-belt-N11M-mod.png\",\"contentUrl\":\"https:\/\/www.mosagreen.it\/wp-content\/uploads\/2025\/03\/Conveyor-belt-N11M-mod.png\",\"width\":1920,\"height\":883},{\"@type\":\"BreadcrumbList\",\"@id\":\"https:\/\/www.mosagreen.it\/fr\/product\/convoyeur-a-bande-n11m\/#breadcrumb\",\"itemListElement\":[{\"@type\":\"ListItem\",\"position\":1,\"name\":\"Home\",\"item\":\"https:\/\/www.mosagreen.it\/fr\/\"},{\"@type\":\"ListItem\",\"position\":2,\"name\":\"CONVOYEUR \u00c0 BANDE N11M\"}]},{\"@type\":\"WebSite\",\"@id\":\"https:\/\/www.mosagreen.it\/fr\/#website\",\"url\":\"https:\/\/www.mosagreen.it\/fr\/\",\"name\":\"MosaGreen\",\"description\":\"Macchine per OrtoFloro Vivaismo\",\"publisher\":{\"@id\":\"https:\/\/www.mosagreen.it\/fr\/#organization\"},\"potentialAction\":[{\"@type\":\"SearchAction\",\"target\":{\"@type\":\"EntryPoint\",\"urlTemplate\":\"https:\/\/www.mosagreen.it\/fr\/?s={search_term_string}\"},\"query-input\":{\"@type\":\"PropertyValueSpecification\",\"valueRequired\":true,\"valueName\":\"search_term_string\"}}],\"inLanguage\":\"fr-FR\"},{\"@type\":\"Organization\",\"@id\":\"https:\/\/www.mosagreen.it\/fr\/#organization\",\"name\":\"MosaGreen\",\"url\":\"https:\/\/www.mosagreen.it\/fr\/\",\"logo\":{\"@type\":\"ImageObject\",\"inLanguage\":\"fr-FR\",\"@id\":\"https:\/\/www.mosagreen.it\/fr\/#\/schema\/logo\/image\/\",\"url\":\"https:\/\/www.mosagreen.it\/wp-content\/uploads\/2025\/04\/logo-1.png\",\"contentUrl\":\"https:\/\/www.mosagreen.it\/wp-content\/uploads\/2025\/04\/logo-1.png\",\"width\":367,\"height\":476,\"caption\":\"MosaGreen\"},\"image\":{\"@id\":\"https:\/\/www.mosagreen.it\/fr\/#\/schema\/logo\/image\/\"}}]}<\/script>\n<!-- \/ Yoast SEO plugin. -->","yoast_head_json":{"title":"CONVOYEUR \u00c0 BANDE N11M - MosaGreen","robots":{"index":"index","follow":"follow","max-snippet":"max-snippet:-1","max-image-preview":"max-image-preview:large","max-video-preview":"max-video-preview:-1"},"canonical":"https:\/\/www.mosagreen.it\/fr\/product\/convoyeur-a-bande-n11m\/","og_locale":"fr_FR","og_type":"article","og_title":"CONVOYEUR \u00c0 BANDE N11M - MosaGreen","og_description":"Le convoyeur \u00e0 bande N11M est con\u00e7u pour transporter des contenants ou du substrat et est disponible en diff\u00e9rentes longueurs. Le ch\u00e2ssis, en t\u00f4le peinte, mesure 50 cm de large et est muni de deux pieds r\u00e9glables ainsi que de guides (pour contenants) ou de panneaux lat\u00e9raux de contention (pour substrat). Le convoyeur est entra\u00een\u00e9 [&hellip;]","og_url":"https:\/\/www.mosagreen.it\/fr\/product\/convoyeur-a-bande-n11m\/","og_site_name":"MosaGreen","article_modified_time":"2025-08-18T13:43:19+00:00","og_image":[{"width":1920,"height":883,"url":"https:\/\/www.mosagreen.it\/wp-content\/uploads\/2025\/03\/Conveyor-belt-N11M-mod.png","type":"image\/png"}],"twitter_card":"summary_large_image","twitter_misc":{"Dur\u00e9e de lecture estim\u00e9e":"1 minute"},"schema":{"@context":"https:\/\/schema.org","@graph":[{"@type":"WebPage","@id":"https:\/\/www.mosagreen.it\/fr\/product\/convoyeur-a-bande-n11m\/","url":"https:\/\/www.mosagreen.it\/fr\/product\/convoyeur-a-bande-n11m\/","name":"CONVOYEUR \u00c0 BANDE N11M - MosaGreen","isPartOf":{"@id":"https:\/\/www.mosagreen.it\/fr\/#website"},"primaryImageOfPage":{"@id":"https:\/\/www.mosagreen.it\/fr\/product\/convoyeur-a-bande-n11m\/#primaryimage"},"image":{"@id":"https:\/\/www.mosagreen.it\/fr\/product\/convoyeur-a-bande-n11m\/#primaryimage"},"thumbnailUrl":"https:\/\/www.mosagreen.it\/wp-content\/uploads\/2025\/03\/Conveyor-belt-N11M-mod.png","datePublished":"2025-03-10T09:33:34+00:00","dateModified":"2025-08-18T13:43:19+00:00","breadcrumb":{"@id":"https:\/\/www.mosagreen.it\/fr\/product\/convoyeur-a-bande-n11m\/#breadcrumb"},"inLanguage":"fr-FR","potentialAction":[{"@type":"ReadAction","target":["https:\/\/www.mosagreen.it\/fr\/product\/convoyeur-a-bande-n11m\/"]}]},{"@type":"ImageObject","inLanguage":"fr-FR","@id":"https:\/\/www.mosagreen.it\/fr\/product\/convoyeur-a-bande-n11m\/#primaryimage","url":"https:\/\/www.mosagreen.it\/wp-content\/uploads\/2025\/03\/Conveyor-belt-N11M-mod.png","contentUrl":"https:\/\/www.mosagreen.it\/wp-content\/uploads\/2025\/03\/Conveyor-belt-N11M-mod.png","width":1920,"height":883},{"@type":"BreadcrumbList","@id":"https:\/\/www.mosagreen.it\/fr\/product\/convoyeur-a-bande-n11m\/#breadcrumb","itemListElement":[{"@type":"ListItem","position":1,"name":"Home","item":"https:\/\/www.mosagreen.it\/fr\/"},{"@type":"ListItem","position":2,"name":"CONVOYEUR \u00c0 BANDE N11M"}]},{"@type":"WebSite","@id":"https:\/\/www.mosagreen.it\/fr\/#website","url":"https:\/\/www.mosagreen.it\/fr\/","name":"MosaGreen","description":"Macchine per OrtoFloro Vivaismo","publisher":{"@id":"https:\/\/www.mosagreen.it\/fr\/#organization"},"potentialAction":[{"@type":"SearchAction","target":{"@type":"EntryPoint","urlTemplate":"https:\/\/www.mosagreen.it\/fr\/?s={search_term_string}"},"query-input":{"@type":"PropertyValueSpecification","valueRequired":true,"valueName":"search_term_string"}}],"inLanguage":"fr-FR"},{"@type":"Organization","@id":"https:\/\/www.mosagreen.it\/fr\/#organization","name":"MosaGreen","url":"https:\/\/www.mosagreen.it\/fr\/","logo":{"@type":"ImageObject","inLanguage":"fr-FR","@id":"https:\/\/www.mosagreen.it\/fr\/#\/schema\/logo\/image\/","url":"https:\/\/www.mosagreen.it\/wp-content\/uploads\/2025\/04\/logo-1.png","contentUrl":"https:\/\/www.mosagreen.it\/wp-content\/uploads\/2025\/04\/logo-1.png","width":367,"height":476,"caption":"MosaGreen"},"image":{"@id":"https:\/\/www.mosagreen.it\/fr\/#\/schema\/logo\/image\/"}}]}},"_links":{"self":[{"href":"https:\/\/www.mosagreen.it\/fr\/wp-json\/wp\/v2\/product\/6378","targetHints":{"allow":["GET"]}}],"collection":[{"href":"https:\/\/www.mosagreen.it\/fr\/wp-json\/wp\/v2\/product"}],"about":[{"href":"https:\/\/www.mosagreen.it\/fr\/wp-json\/wp\/v2\/types\/product"}],"version-history":[{"count":4,"href":"https:\/\/www.mosagreen.it\/fr\/wp-json\/wp\/v2\/product\/6378\/revisions"}],"predecessor-version":[{"id":6384,"href":"https:\/\/www.mosagreen.it\/fr\/wp-json\/wp\/v2\/product\/6378\/revisions\/6384"}],"wp:featuredmedia":[{"embeddable":true,"href":"https:\/\/www.mosagreen.it\/fr\/wp-json\/wp\/v2\/media\/3292"}],"wp:attachment":[{"href":"https:\/\/www.mosagreen.it\/fr\/wp-json\/wp\/v2\/media?parent=6378"}],"wp:term":[{"taxonomy":"product_category","embeddable":true,"href":"https:\/\/www.mosagreen.it\/fr\/wp-json\/wp\/v2\/product_category?post=6378"}],"curies":[{"name":"wp","href":"https:\/\/api.w.org\/{rel}","templated":true}]}}