{"id":6346,"date":"2025-03-10T10:32:37","date_gmt":"2025-03-10T09:32:37","guid":{"rendered":"https:\/\/www.mosagreen.it\/product\/nastro-di-trasporto-n11m-f\/"},"modified":"2025-08-18T15:35:44","modified_gmt":"2025-08-18T13:35:44","slug":"convoyeur-a-bande-n11m-f","status":"publish","type":"product","link":"https:\/\/www.mosagreen.it\/fr\/product\/convoyeur-a-bande-n11m-f\/","title":{"rendered":"CONVOYEUR \u00c0 BANDE N11M-F"},"content":{"rendered":"\t\t<div data-elementor-type=\"wp-post\" data-elementor-id=\"6346\" class=\"elementor elementor-6346 elementor-2477\" data-elementor-post-type=\"product\">\n\t\t\t\t<div class=\"elementor-element elementor-element-bf518c5 e-con-full e-flex e-con e-parent\" data-id=\"bf518c5\" data-element_type=\"container\">\n\t\t\t\t<div class=\"elementor-element elementor-element-168e4b3 elementor-widget elementor-widget-template\" data-id=\"168e4b3\" data-element_type=\"widget\" data-widget_type=\"template.default\">\n\t\t\t\t<div class=\"elementor-widget-container\">\n\t\t\t\t\t\t\t<div class=\"elementor-template\">\n\t\t\t\t\t<div data-elementor-type=\"page\" data-elementor-id=\"1787\" class=\"elementor elementor-1787\" data-elementor-post-type=\"elementor_library\">\n\t\t\t\t<div class=\"elementor-element elementor-element-0033920 e-con-full e-flex e-con e-parent\" data-id=\"0033920\" data-element_type=\"container\">\n\t\t\t\t<div class=\"elementor-element elementor-element-cfa2025 elementor-widget elementor-widget-image\" data-id=\"cfa2025\" data-element_type=\"widget\" data-widget_type=\"image.default\">\n\t\t\t\t<div class=\"elementor-widget-container\">\n\t\t\t\t\t\t\t\t\t\t\t\t\t\t\t<img decoding=\"async\" src=\"https:\/\/www.mosagreen.it\/wp-content\/uploads\/elementor\/thumbs\/TESTATA-Movimentazione-r6iki5w43twk8teelm1xw48ppymd204r8pzepxevdk.jpg\" title=\"TESTATA-Movimentazione\" alt=\"TESTATA-Movimentazione\" loading=\"lazy\" \/>\t\t\t\t\t\t\t\t\t\t\t\t\t\t\t<\/div>\n\t\t\t\t<\/div>\n\t\t\t\t<\/div>\n\t\t\t\t<\/div>\n\t\t\t\t<\/div>\n\t\t\t\t\t\t<\/div>\n\t\t\t\t<\/div>\n\t\t\t\t<\/div>\n\t\t<div class=\"elementor-element elementor-element-80f2f84 e-flex e-con-boxed e-con e-parent\" data-id=\"80f2f84\" data-element_type=\"container\">\n\t\t\t\t\t<div class=\"e-con-inner\">\n\t\t<div class=\"elementor-element elementor-element-69ebc6b e-con-full e-flex e-con e-child\" data-id=\"69ebc6b\" data-element_type=\"container\">\n\t\t\t\t<div class=\"elementor-element elementor-element-e9862e0 elementor-invisible elementor-widget elementor-widget-theme-post-featured-image elementor-widget-image\" data-id=\"e9862e0\" data-element_type=\"widget\" data-settings=\"{&quot;_animation&quot;:&quot;fadeInLeft&quot;,&quot;_animation_delay&quot;:300}\" data-widget_type=\"theme-post-featured-image.default\">\n\t\t\t\t<div class=\"elementor-widget-container\">\n\t\t\t\t\t\t\t\t\t\t\t\t\t\t\t<img fetchpriority=\"high\" decoding=\"async\" width=\"800\" height=\"504\" src=\"https:\/\/www.mosagreen.it\/wp-content\/uploads\/2025\/03\/Conveyor-belt-N11M-F-1024x645.png\" class=\"attachment-large size-large wp-image-3285\" alt=\"\" srcset=\"https:\/\/www.mosagreen.it\/wp-content\/uploads\/2025\/03\/Conveyor-belt-N11M-F-1024x645.png 1024w, https:\/\/www.mosagreen.it\/wp-content\/uploads\/2025\/03\/Conveyor-belt-N11M-F-300x189.png 300w, https:\/\/www.mosagreen.it\/wp-content\/uploads\/2025\/03\/Conveyor-belt-N11M-F-768x484.png 768w, https:\/\/www.mosagreen.it\/wp-content\/uploads\/2025\/03\/Conveyor-belt-N11M-F-1536x968.png 1536w, https:\/\/www.mosagreen.it\/wp-content\/uploads\/2025\/03\/Conveyor-belt-N11M-F.png 1771w\" sizes=\"(max-width: 800px) 100vw, 800px\" \/>\t\t\t\t\t\t\t\t\t\t\t\t\t\t\t<\/div>\n\t\t\t\t<\/div>\n\t\t\t\t<\/div>\n\t\t<div class=\"elementor-element elementor-element-b601206 e-con-full e-flex elementor-invisible e-con e-child\" data-id=\"b601206\" data-element_type=\"container\" data-settings=\"{&quot;animation&quot;:&quot;fadeInRight&quot;,&quot;animation_delay&quot;:400}\">\n\t\t<div class=\"elementor-element elementor-element-be6249c e-con-full e-flex e-con e-child\" data-id=\"be6249c\" data-element_type=\"container\">\n\t\t\t\t<div class=\"elementor-element elementor-element-27c2a85 elementor-widget elementor-widget-heading\" data-id=\"27c2a85\" data-element_type=\"widget\" data-widget_type=\"heading.default\">\n\t\t\t\t<div class=\"elementor-widget-container\">\n\t\t\t\t\t<h2 class=\"elementor-heading-title elementor-size-default\">CONVOYEUR \u00c0 BANDE<\/h2>\t\t\t\t<\/div>\n\t\t\t\t<\/div>\n\t\t\t\t<div class=\"elementor-element elementor-element-cc0884a elementor-widget elementor-widget-heading\" data-id=\"cc0884a\" data-element_type=\"widget\" data-widget_type=\"heading.default\">\n\t\t\t\t<div class=\"elementor-widget-container\">\n\t\t\t\t\t<h2 class=\"elementor-heading-title elementor-size-default\">N11M-F<\/h2>\t\t\t\t<\/div>\n\t\t\t\t<\/div>\n\t\t\t\t<\/div>\n\t\t\t\t<div class=\"elementor-element elementor-element-77cc6d3 elementor-widget elementor-widget-text-editor\" data-id=\"77cc6d3\" data-element_type=\"widget\" data-widget_type=\"text-editor.default\">\n\t\t\t\t<div class=\"elementor-widget-container\">\n\t\t\t\t\t\t\t\t\tLe convoyeur \u00e0 bande N11M-F est con\u00e7u pour transporter des pots et est disponible en diff\u00e9rentes longueurs. Le ch\u00e2ssis, en acier inoxydable, mesure 18 cm de large et est muni de deux pieds r\u00e9glables en hauteur. Le convoyeur est entra\u00een\u00e9 par un moteur triphas\u00e9 de 0,18 kW 380 V.\t\t\t\t\t\t\t\t<\/div>\n\t\t\t\t<\/div>\n\t\t\t\t<\/div>\n\t\t\t\t\t<\/div>\n\t\t\t\t<\/div>\n\t\t<div class=\"elementor-element elementor-element-e820ba1 e-flex e-con-boxed elementor-invisible e-con e-parent\" data-id=\"e820ba1\" data-element_type=\"container\" data-settings=\"{&quot;animation&quot;:&quot;fadeInUp&quot;,&quot;animation_delay&quot;:300}\">\n\t\t\t\t\t<div class=\"e-con-inner\">\n\t\t<div class=\"elementor-element elementor-element-94f52d9 e-con-full e-flex e-con e-child\" data-id=\"94f52d9\" data-element_type=\"container\">\n\t\t<div class=\"elementor-element elementor-element-1d3920c e-con-full e-flex elementor-invisible e-con e-child\" data-id=\"1d3920c\" data-element_type=\"container\" data-settings=\"{&quot;animation&quot;:&quot;fadeInRight&quot;,&quot;animation_delay&quot;:400}\">\n\t\t\t\t<div class=\"elementor-element elementor-element-0878cb0 elementor-widget__width-inherit elementor-widget elementor-widget-shortcode\" data-id=\"0878cb0\" data-element_type=\"widget\" data-widget_type=\"shortcode.default\">\n\t\t\t\t<div class=\"elementor-widget-container\">\n\t\t\t\t\t\t\t<div class=\"elementor-shortcode\"><h2 id=\"tablepress-96-name\" class=\"tablepress-table-name tablepress-table-name-id-96\">CONVOYEUR \u00c0 BANDE N11M-F \u2013 Donn\u00e9es techniques<\/h2>\n\n<table id=\"tablepress-96\" class=\"tablepress tablepress-id-96\" aria-labelledby=\"tablepress-96-name\">\n<tbody class=\"row-striping\">\n<tr class=\"row-1\">\n\t<td class=\"column-1\">Puissance install\u00e9e<\/td><td class=\"column-2\">0,18<\/td><td class=\"column-3\">kW<\/td>\n<\/tr>\n<tr class=\"row-2\">\n\t<td class=\"column-1\">Dimensions<\/td><td class=\"column-2\">180x3000<br \/>\n180x6000<\/td><td class=\"column-3\">mm<\/td>\n<\/tr>\n<\/tbody>\n<\/table>\n<!-- #tablepress-96 from cache --><\/div>\n\t\t\t\t\t\t<\/div>\n\t\t\t\t<\/div>\n\t\t\t\t<\/div>\n\t\t\t\t<\/div>\n\t\t\t\t\t<\/div>\n\t\t\t\t<\/div>\n\t\t\t\t<\/div>\n\t\t","protected":false},"featured_media":3285,"template":"","meta":{"_acf_changed":false,"inline_featured_image":false},"product_category":[132],"class_list":["post-6346","product","type-product","status-publish","has-post-thumbnail","hentry","product_category-manutention"],"acf":[],"yoast_head":"<!-- This site is optimized with the Yoast SEO plugin v26.0 - https:\/\/yoast.com\/wordpress\/plugins\/seo\/ -->\n<title>CONVOYEUR \u00c0 BANDE N11M-F - MosaGreen<\/title>\n<meta name=\"robots\" content=\"index, follow, max-snippet:-1, max-image-preview:large, max-video-preview:-1\" \/>\n<link rel=\"canonical\" href=\"https:\/\/www.mosagreen.it\/fr\/product\/convoyeur-a-bande-n11m-f\/\" \/>\n<meta property=\"og:locale\" content=\"fr_FR\" \/>\n<meta property=\"og:type\" content=\"article\" \/>\n<meta property=\"og:title\" content=\"CONVOYEUR \u00c0 BANDE N11M-F - MosaGreen\" \/>\n<meta property=\"og:description\" content=\"Le convoyeur \u00e0 bande N11M-F est con\u00e7u pour transporter des pots et est disponible en diff\u00e9rentes longueurs. Le ch\u00e2ssis, en acier inoxydable, mesure 18 cm de large et est muni de deux pieds r\u00e9glables en hauteur. Le convoyeur est entra\u00een\u00e9 par un moteur triphas\u00e9 de 0,18 kW 380 V.\" \/>\n<meta property=\"og:url\" content=\"https:\/\/www.mosagreen.it\/fr\/product\/convoyeur-a-bande-n11m-f\/\" \/>\n<meta property=\"og:site_name\" content=\"MosaGreen\" \/>\n<meta property=\"article:modified_time\" content=\"2025-08-18T13:35:44+00:00\" \/>\n<meta property=\"og:image\" content=\"https:\/\/www.mosagreen.it\/wp-content\/uploads\/2025\/03\/Conveyor-belt-N11M-F.png\" \/>\n\t<meta property=\"og:image:width\" content=\"1771\" \/>\n\t<meta property=\"og:image:height\" content=\"1116\" \/>\n\t<meta property=\"og:image:type\" content=\"image\/png\" \/>\n<meta name=\"twitter:card\" content=\"summary_large_image\" \/>\n<meta name=\"twitter:label1\" content=\"Dur\u00e9e de lecture estim\u00e9e\" \/>\n\t<meta name=\"twitter:data1\" content=\"1 minute\" \/>\n<script type=\"application\/ld+json\" class=\"yoast-schema-graph\">{\"@context\":\"https:\/\/schema.org\",\"@graph\":[{\"@type\":\"WebPage\",\"@id\":\"https:\/\/www.mosagreen.it\/fr\/product\/convoyeur-a-bande-n11m-f\/\",\"url\":\"https:\/\/www.mosagreen.it\/fr\/product\/convoyeur-a-bande-n11m-f\/\",\"name\":\"CONVOYEUR \u00c0 BANDE N11M-F - MosaGreen\",\"isPartOf\":{\"@id\":\"https:\/\/www.mosagreen.it\/fr\/#website\"},\"primaryImageOfPage\":{\"@id\":\"https:\/\/www.mosagreen.it\/fr\/product\/convoyeur-a-bande-n11m-f\/#primaryimage\"},\"image\":{\"@id\":\"https:\/\/www.mosagreen.it\/fr\/product\/convoyeur-a-bande-n11m-f\/#primaryimage\"},\"thumbnailUrl\":\"https:\/\/www.mosagreen.it\/wp-content\/uploads\/2025\/03\/Conveyor-belt-N11M-F.png\",\"datePublished\":\"2025-03-10T09:32:37+00:00\",\"dateModified\":\"2025-08-18T13:35:44+00:00\",\"breadcrumb\":{\"@id\":\"https:\/\/www.mosagreen.it\/fr\/product\/convoyeur-a-bande-n11m-f\/#breadcrumb\"},\"inLanguage\":\"fr-FR\",\"potentialAction\":[{\"@type\":\"ReadAction\",\"target\":[\"https:\/\/www.mosagreen.it\/fr\/product\/convoyeur-a-bande-n11m-f\/\"]}]},{\"@type\":\"ImageObject\",\"inLanguage\":\"fr-FR\",\"@id\":\"https:\/\/www.mosagreen.it\/fr\/product\/convoyeur-a-bande-n11m-f\/#primaryimage\",\"url\":\"https:\/\/www.mosagreen.it\/wp-content\/uploads\/2025\/03\/Conveyor-belt-N11M-F.png\",\"contentUrl\":\"https:\/\/www.mosagreen.it\/wp-content\/uploads\/2025\/03\/Conveyor-belt-N11M-F.png\",\"width\":1771,\"height\":1116},{\"@type\":\"BreadcrumbList\",\"@id\":\"https:\/\/www.mosagreen.it\/fr\/product\/convoyeur-a-bande-n11m-f\/#breadcrumb\",\"itemListElement\":[{\"@type\":\"ListItem\",\"position\":1,\"name\":\"Home\",\"item\":\"https:\/\/www.mosagreen.it\/fr\/\"},{\"@type\":\"ListItem\",\"position\":2,\"name\":\"CONVOYEUR \u00c0 BANDE N11M-F\"}]},{\"@type\":\"WebSite\",\"@id\":\"https:\/\/www.mosagreen.it\/fr\/#website\",\"url\":\"https:\/\/www.mosagreen.it\/fr\/\",\"name\":\"MosaGreen\",\"description\":\"Macchine per OrtoFloro Vivaismo\",\"publisher\":{\"@id\":\"https:\/\/www.mosagreen.it\/fr\/#organization\"},\"potentialAction\":[{\"@type\":\"SearchAction\",\"target\":{\"@type\":\"EntryPoint\",\"urlTemplate\":\"https:\/\/www.mosagreen.it\/fr\/?s={search_term_string}\"},\"query-input\":{\"@type\":\"PropertyValueSpecification\",\"valueRequired\":true,\"valueName\":\"search_term_string\"}}],\"inLanguage\":\"fr-FR\"},{\"@type\":\"Organization\",\"@id\":\"https:\/\/www.mosagreen.it\/fr\/#organization\",\"name\":\"MosaGreen\",\"url\":\"https:\/\/www.mosagreen.it\/fr\/\",\"logo\":{\"@type\":\"ImageObject\",\"inLanguage\":\"fr-FR\",\"@id\":\"https:\/\/www.mosagreen.it\/fr\/#\/schema\/logo\/image\/\",\"url\":\"https:\/\/www.mosagreen.it\/wp-content\/uploads\/2025\/04\/logo-1.png\",\"contentUrl\":\"https:\/\/www.mosagreen.it\/wp-content\/uploads\/2025\/04\/logo-1.png\",\"width\":367,\"height\":476,\"caption\":\"MosaGreen\"},\"image\":{\"@id\":\"https:\/\/www.mosagreen.it\/fr\/#\/schema\/logo\/image\/\"}}]}<\/script>\n<!-- \/ Yoast SEO plugin. -->","yoast_head_json":{"title":"CONVOYEUR \u00c0 BANDE N11M-F - MosaGreen","robots":{"index":"index","follow":"follow","max-snippet":"max-snippet:-1","max-image-preview":"max-image-preview:large","max-video-preview":"max-video-preview:-1"},"canonical":"https:\/\/www.mosagreen.it\/fr\/product\/convoyeur-a-bande-n11m-f\/","og_locale":"fr_FR","og_type":"article","og_title":"CONVOYEUR \u00c0 BANDE N11M-F - MosaGreen","og_description":"Le convoyeur \u00e0 bande N11M-F est con\u00e7u pour transporter des pots et est disponible en diff\u00e9rentes longueurs. Le ch\u00e2ssis, en acier inoxydable, mesure 18 cm de large et est muni de deux pieds r\u00e9glables en hauteur. Le convoyeur est entra\u00een\u00e9 par un moteur triphas\u00e9 de 0,18 kW 380 V.","og_url":"https:\/\/www.mosagreen.it\/fr\/product\/convoyeur-a-bande-n11m-f\/","og_site_name":"MosaGreen","article_modified_time":"2025-08-18T13:35:44+00:00","og_image":[{"width":1771,"height":1116,"url":"https:\/\/www.mosagreen.it\/wp-content\/uploads\/2025\/03\/Conveyor-belt-N11M-F.png","type":"image\/png"}],"twitter_card":"summary_large_image","twitter_misc":{"Dur\u00e9e de lecture estim\u00e9e":"1 minute"},"schema":{"@context":"https:\/\/schema.org","@graph":[{"@type":"WebPage","@id":"https:\/\/www.mosagreen.it\/fr\/product\/convoyeur-a-bande-n11m-f\/","url":"https:\/\/www.mosagreen.it\/fr\/product\/convoyeur-a-bande-n11m-f\/","name":"CONVOYEUR \u00c0 BANDE N11M-F - MosaGreen","isPartOf":{"@id":"https:\/\/www.mosagreen.it\/fr\/#website"},"primaryImageOfPage":{"@id":"https:\/\/www.mosagreen.it\/fr\/product\/convoyeur-a-bande-n11m-f\/#primaryimage"},"image":{"@id":"https:\/\/www.mosagreen.it\/fr\/product\/convoyeur-a-bande-n11m-f\/#primaryimage"},"thumbnailUrl":"https:\/\/www.mosagreen.it\/wp-content\/uploads\/2025\/03\/Conveyor-belt-N11M-F.png","datePublished":"2025-03-10T09:32:37+00:00","dateModified":"2025-08-18T13:35:44+00:00","breadcrumb":{"@id":"https:\/\/www.mosagreen.it\/fr\/product\/convoyeur-a-bande-n11m-f\/#breadcrumb"},"inLanguage":"fr-FR","potentialAction":[{"@type":"ReadAction","target":["https:\/\/www.mosagreen.it\/fr\/product\/convoyeur-a-bande-n11m-f\/"]}]},{"@type":"ImageObject","inLanguage":"fr-FR","@id":"https:\/\/www.mosagreen.it\/fr\/product\/convoyeur-a-bande-n11m-f\/#primaryimage","url":"https:\/\/www.mosagreen.it\/wp-content\/uploads\/2025\/03\/Conveyor-belt-N11M-F.png","contentUrl":"https:\/\/www.mosagreen.it\/wp-content\/uploads\/2025\/03\/Conveyor-belt-N11M-F.png","width":1771,"height":1116},{"@type":"BreadcrumbList","@id":"https:\/\/www.mosagreen.it\/fr\/product\/convoyeur-a-bande-n11m-f\/#breadcrumb","itemListElement":[{"@type":"ListItem","position":1,"name":"Home","item":"https:\/\/www.mosagreen.it\/fr\/"},{"@type":"ListItem","position":2,"name":"CONVOYEUR \u00c0 BANDE N11M-F"}]},{"@type":"WebSite","@id":"https:\/\/www.mosagreen.it\/fr\/#website","url":"https:\/\/www.mosagreen.it\/fr\/","name":"MosaGreen","description":"Macchine per OrtoFloro Vivaismo","publisher":{"@id":"https:\/\/www.mosagreen.it\/fr\/#organization"},"potentialAction":[{"@type":"SearchAction","target":{"@type":"EntryPoint","urlTemplate":"https:\/\/www.mosagreen.it\/fr\/?s={search_term_string}"},"query-input":{"@type":"PropertyValueSpecification","valueRequired":true,"valueName":"search_term_string"}}],"inLanguage":"fr-FR"},{"@type":"Organization","@id":"https:\/\/www.mosagreen.it\/fr\/#organization","name":"MosaGreen","url":"https:\/\/www.mosagreen.it\/fr\/","logo":{"@type":"ImageObject","inLanguage":"fr-FR","@id":"https:\/\/www.mosagreen.it\/fr\/#\/schema\/logo\/image\/","url":"https:\/\/www.mosagreen.it\/wp-content\/uploads\/2025\/04\/logo-1.png","contentUrl":"https:\/\/www.mosagreen.it\/wp-content\/uploads\/2025\/04\/logo-1.png","width":367,"height":476,"caption":"MosaGreen"},"image":{"@id":"https:\/\/www.mosagreen.it\/fr\/#\/schema\/logo\/image\/"}}]}},"_links":{"self":[{"href":"https:\/\/www.mosagreen.it\/fr\/wp-json\/wp\/v2\/product\/6346","targetHints":{"allow":["GET"]}}],"collection":[{"href":"https:\/\/www.mosagreen.it\/fr\/wp-json\/wp\/v2\/product"}],"about":[{"href":"https:\/\/www.mosagreen.it\/fr\/wp-json\/wp\/v2\/types\/product"}],"version-history":[{"count":4,"href":"https:\/\/www.mosagreen.it\/fr\/wp-json\/wp\/v2\/product\/6346\/revisions"}],"predecessor-version":[{"id":6352,"href":"https:\/\/www.mosagreen.it\/fr\/wp-json\/wp\/v2\/product\/6346\/revisions\/6352"}],"wp:featuredmedia":[{"embeddable":true,"href":"https:\/\/www.mosagreen.it\/fr\/wp-json\/wp\/v2\/media\/3285"}],"wp:attachment":[{"href":"https:\/\/www.mosagreen.it\/fr\/wp-json\/wp\/v2\/media?parent=6346"}],"wp:term":[{"taxonomy":"product_category","embeddable":true,"href":"https:\/\/www.mosagreen.it\/fr\/wp-json\/wp\/v2\/product_category?post=6346"}],"curies":[{"name":"wp","href":"https:\/\/api.w.org\/{rel}","templated":true}]}}