{"id":6275,"date":"2025-02-01T11:10:11","date_gmt":"2025-02-01T10:10:11","guid":{"rendered":"https:\/\/www.mosagreen.it\/product\/trapiantatrici-tea-1500j-e-2000j\/"},"modified":"2025-08-18T15:18:30","modified_gmt":"2025-08-18T13:18:30","slug":"repiqueuses-tea-1500j-et-2000j","status":"publish","type":"product","link":"https:\/\/www.mosagreen.it\/fr\/product\/repiqueuses-tea-1500j-et-2000j\/","title":{"rendered":"REPIQUEUSES TEA\u00a01500J et 2000J"},"content":{"rendered":"\t\t<div data-elementor-type=\"wp-post\" data-elementor-id=\"6275\" class=\"elementor elementor-6275 elementor-2161\" data-elementor-post-type=\"product\">\n\t\t\t\t<div class=\"elementor-element elementor-element-5ee0f03 e-con-full e-flex e-con e-parent\" data-id=\"5ee0f03\" data-element_type=\"container\">\n\t\t\t\t<div class=\"elementor-element elementor-element-c05244a elementor-widget elementor-widget-template\" data-id=\"c05244a\" data-element_type=\"widget\" data-widget_type=\"template.default\">\n\t\t\t\t<div class=\"elementor-widget-container\">\n\t\t\t\t\t\t\t<div class=\"elementor-template\">\n\t\t\t\t\t<div data-elementor-type=\"page\" data-elementor-id=\"1790\" class=\"elementor elementor-1790\" data-elementor-post-type=\"elementor_library\">\n\t\t\t\t<div class=\"elementor-element elementor-element-150f5b1 e-con-full e-flex e-con e-parent\" data-id=\"150f5b1\" data-element_type=\"container\">\n\t\t\t\t<div class=\"elementor-element elementor-element-0df2c98 elementor-widget elementor-widget-image\" data-id=\"0df2c98\" data-element_type=\"widget\" data-widget_type=\"image.default\">\n\t\t\t\t<div class=\"elementor-widget-container\">\n\t\t\t\t\t\t\t\t\t\t\t\t\t\t\t<img decoding=\"async\" src=\"https:\/\/www.mosagreen.it\/wp-content\/uploads\/elementor\/thumbs\/TESTATA-Trapiantatrici-r6ikiqkka6ovc8kd8uzqez0usfsfrceunkc3a0k7ko.jpg\" title=\"TESTATA-Trapiantatrici\" alt=\"TESTATA-Trapiantatrici\" loading=\"lazy\" \/>\t\t\t\t\t\t\t\t\t\t\t\t\t\t\t<\/div>\n\t\t\t\t<\/div>\n\t\t\t\t<\/div>\n\t\t\t\t<\/div>\n\t\t\t\t<\/div>\n\t\t\t\t\t\t<\/div>\n\t\t\t\t<\/div>\n\t\t\t\t<\/div>\n\t\t<div class=\"elementor-element elementor-element-cc5c594 e-flex e-con-boxed e-con e-parent\" data-id=\"cc5c594\" data-element_type=\"container\">\n\t\t\t\t\t<div class=\"e-con-inner\">\n\t\t<div class=\"elementor-element elementor-element-70c3e22 e-con-full e-flex e-con e-child\" data-id=\"70c3e22\" data-element_type=\"container\">\n\t\t\t\t<div class=\"elementor-element elementor-element-1423f55 elementor-invisible elementor-widget elementor-widget-theme-post-featured-image elementor-widget-image\" data-id=\"1423f55\" data-element_type=\"widget\" data-settings=\"{&quot;_animation&quot;:&quot;fadeInLeft&quot;,&quot;_animation_delay&quot;:300}\" data-widget_type=\"theme-post-featured-image.default\">\n\t\t\t\t<div class=\"elementor-widget-container\">\n\t\t\t\t\t\t\t\t\t\t\t\t\t\t\t<img fetchpriority=\"high\" decoding=\"async\" width=\"800\" height=\"626\" src=\"https:\/\/www.mosagreen.it\/wp-content\/uploads\/2025\/05\/TRANSPLANTERS-TEA-1500J-AND-2000J-1024x801.png\" class=\"attachment-large size-large wp-image-2145\" alt=\"\" srcset=\"https:\/\/www.mosagreen.it\/wp-content\/uploads\/2025\/05\/TRANSPLANTERS-TEA-1500J-AND-2000J-1024x801.png 1024w, https:\/\/www.mosagreen.it\/wp-content\/uploads\/2025\/05\/TRANSPLANTERS-TEA-1500J-AND-2000J-300x235.png 300w, https:\/\/www.mosagreen.it\/wp-content\/uploads\/2025\/05\/TRANSPLANTERS-TEA-1500J-AND-2000J-768x601.png 768w, https:\/\/www.mosagreen.it\/wp-content\/uploads\/2025\/05\/TRANSPLANTERS-TEA-1500J-AND-2000J-1536x1202.png 1536w, https:\/\/www.mosagreen.it\/wp-content\/uploads\/2025\/05\/TRANSPLANTERS-TEA-1500J-AND-2000J.png 1920w\" sizes=\"(max-width: 800px) 100vw, 800px\" \/>\t\t\t\t\t\t\t\t\t\t\t\t\t\t\t<\/div>\n\t\t\t\t<\/div>\n\t\t\t\t<\/div>\n\t\t<div class=\"elementor-element elementor-element-a58e358 e-con-full e-flex elementor-invisible e-con e-child\" data-id=\"a58e358\" data-element_type=\"container\" data-settings=\"{&quot;animation&quot;:&quot;fadeInRight&quot;,&quot;animation_delay&quot;:400}\">\n\t\t<div class=\"elementor-element elementor-element-0dab557 e-con-full e-flex e-con e-child\" data-id=\"0dab557\" data-element_type=\"container\">\n\t\t\t\t<div class=\"elementor-element elementor-element-0684395 elementor-widget elementor-widget-heading\" data-id=\"0684395\" data-element_type=\"widget\" data-widget_type=\"heading.default\">\n\t\t\t\t<div class=\"elementor-widget-container\">\n\t\t\t\t\t<h2 class=\"elementor-heading-title elementor-size-default\">REPIQUEUSES TEA<\/h2>\t\t\t\t<\/div>\n\t\t\t\t<\/div>\n\t\t\t\t<div class=\"elementor-element elementor-element-5d2e02a elementor-widget elementor-widget-heading\" data-id=\"5d2e02a\" data-element_type=\"widget\" data-widget_type=\"heading.default\">\n\t\t\t\t<div class=\"elementor-widget-container\">\n\t\t\t\t\t<h2 class=\"elementor-heading-title elementor-size-default\">1500J et 2000J <\/h2>\t\t\t\t<\/div>\n\t\t\t\t<\/div>\n\t\t\t\t<\/div>\n\t\t\t\t<div class=\"elementor-element elementor-element-5c7d7c0 elementor-widget elementor-widget-text-editor\" data-id=\"5c7d7c0\" data-element_type=\"widget\" data-widget_type=\"text-editor.default\">\n\t\t\t\t<div class=\"elementor-widget-container\">\n\t\t\t\t\t\t\t\t\tLes repiqueuses TEA 1500J et 2000J sont con\u00e7ues pour le repiquage automatique de jeunes plants en pots et sont sp\u00e9cialement con\u00e7ues pour \u00eatre raccord\u00e9es \u00e0 des rempoteuses \u00e0 rotonde porte-pots ou \u00e0 cha\u00eene de transport lin\u00e9aire. Les pinces sont motoris\u00e9es individuellement et permettent de saisir les jeunes plants aussi lat\u00e9ralement. Le mouvement lat\u00e9ral des pinces, ainsi que les param\u00e8tres de la machine et les programmes de transplantation sont g\u00e9r\u00e9s via le panneau de commande. Les param\u00e8tres et les programmes peuvent \u00eatre m\u00e9moris\u00e9s sur une cl\u00e9 USB.\t\t\t\t\t\t\t\t<\/div>\n\t\t\t\t<\/div>\n\t\t\t\t<\/div>\n\t\t\t\t\t<\/div>\n\t\t\t\t<\/div>\n\t\t<div class=\"elementor-element elementor-element-af12b41 e-flex e-con-boxed elementor-invisible e-con e-parent\" data-id=\"af12b41\" data-element_type=\"container\" data-settings=\"{&quot;animation&quot;:&quot;fadeInUp&quot;,&quot;animation_delay&quot;:300}\">\n\t\t\t\t\t<div class=\"e-con-inner\">\n\t\t<div class=\"elementor-element elementor-element-046180a e-con-full e-flex e-con e-child\" data-id=\"046180a\" data-element_type=\"container\">\n\t\t<div class=\"elementor-element elementor-element-b59c963 e-con-full e-flex elementor-invisible e-con e-child\" data-id=\"b59c963\" data-element_type=\"container\" data-settings=\"{&quot;animation&quot;:&quot;fadeInLeft&quot;,&quot;animation_delay&quot;:300}\">\n\t\t\t\t<div class=\"elementor-element elementor-element-03cbf16 elementor-widget elementor-widget-image\" data-id=\"03cbf16\" data-element_type=\"widget\" data-widget_type=\"image.default\">\n\t\t\t\t<div class=\"elementor-widget-container\">\n\t\t\t\t\t\t\t\t\t\t\t\t\t\t\t<img decoding=\"async\" width=\"600\" height=\"600\" src=\"https:\/\/www.mosagreen.it\/wp-content\/uploads\/2025\/05\/pag-57.png\" class=\"attachment-large size-large wp-image-2168\" alt=\"\" srcset=\"https:\/\/www.mosagreen.it\/wp-content\/uploads\/2025\/05\/pag-57.png 600w, https:\/\/www.mosagreen.it\/wp-content\/uploads\/2025\/05\/pag-57-300x300.png 300w, https:\/\/www.mosagreen.it\/wp-content\/uploads\/2025\/05\/pag-57-150x150.png 150w\" sizes=\"(max-width: 600px) 100vw, 600px\" \/>\t\t\t\t\t\t\t\t\t\t\t\t\t\t\t<\/div>\n\t\t\t\t<\/div>\n\t\t\t\t<\/div>\n\t\t<div class=\"elementor-element elementor-element-c907d6f e-con-full e-flex elementor-invisible e-con e-child\" data-id=\"c907d6f\" data-element_type=\"container\" data-settings=\"{&quot;animation&quot;:&quot;fadeInRight&quot;,&quot;animation_delay&quot;:400}\">\n\t\t\t\t<div class=\"elementor-element elementor-element-c0dc1e1 elementor-widget__width-inherit elementor-widget elementor-widget-shortcode\" data-id=\"c0dc1e1\" data-element_type=\"widget\" data-widget_type=\"shortcode.default\">\n\t\t\t\t<div class=\"elementor-widget-container\">\n\t\t\t\t\t\t\t<div class=\"elementor-shortcode\">\n<table id=\"tablepress-87\" class=\"tablepress tablepress-id-87\">\n<thead>\n<tr class=\"row-1\">\n\t<th class=\"column-1\">Donn\u00e9es techniques<\/th><th class=\"column-2\">TEA 1500J<\/th><th class=\"column-3\">TEA 2000J<\/th><td class=\"column-4\"><\/td>\n<\/tr>\n<\/thead>\n<tbody class=\"row-striping\">\n<tr class=\"row-2\">\n\t<td class=\"column-1\">Capacit\u00e9 de production<\/td><td class=\"column-2\">1000<\/td><td class=\"column-3\">1000<\/td><td class=\"column-4\">Plants\/Heure\/Pince<\/td>\n<\/tr>\n<tr class=\"row-3\">\n\t<td class=\"column-1\">Dimensions du conteneur<\/td><td class=\"column-2\">400x600<\/td><td class=\"column-3\">400x600<\/td><td class=\"column-4\">mm<\/td>\n<\/tr>\n<tr class=\"row-4\">\n\t<td class=\"column-1\">Consommation d'eau (max)<\/td><td class=\"column-2\">80<\/td><td class=\"column-3\">80<\/td><td class=\"column-4\">l\/min<\/td>\n<\/tr>\n<tr class=\"row-5\">\n\t<td class=\"column-1\">Nombre de pinces (max)<\/td><td class=\"column-2\">12<\/td><td class=\"column-3\">16<\/td><td class=\"column-4\"><\/td>\n<\/tr>\n<tr class=\"row-6\">\n\t<td class=\"column-1\">Poids<\/td><td class=\"column-2\">650<\/td><td class=\"column-3\">700<\/td><td class=\"column-4\">kg<\/td>\n<\/tr>\n<tr class=\"row-7\">\n\t<td class=\"column-1\">Dimensions<\/td><td class=\"column-2\">3200x1940<\/td><td class=\"column-3\">4200x1940<\/td><td class=\"column-4\">mm<\/td>\n<\/tr>\n<\/tbody>\n<\/table>\n<!-- #tablepress-87 from cache --><\/div>\n\t\t\t\t\t\t<\/div>\n\t\t\t\t<\/div>\n\t\t\t\t<\/div>\n\t\t\t\t<\/div>\n\t\t\t\t\t<\/div>\n\t\t\t\t<\/div>\n\t\t\t\t<\/div>\n\t\t","protected":false},"featured_media":2145,"template":"","meta":{"_acf_changed":false,"inline_featured_image":false},"product_category":[136,139],"class_list":["post-6275","product","type-product","status-publish","has-post-thumbnail","hentry","product_category-repiquage","product_category-trapiantatrici-automatiche-tea-fr"],"acf":[],"yoast_head":"<!-- This site is optimized with the Yoast SEO plugin v26.0 - https:\/\/yoast.com\/wordpress\/plugins\/seo\/ -->\n<title>REPIQUEUSES TEA\u00a01500J et 2000J - MosaGreen<\/title>\n<meta name=\"robots\" content=\"index, follow, max-snippet:-1, max-image-preview:large, max-video-preview:-1\" \/>\n<link rel=\"canonical\" href=\"https:\/\/www.mosagreen.it\/fr\/product\/repiqueuses-tea-1500j-et-2000j\/\" \/>\n<meta property=\"og:locale\" content=\"fr_FR\" \/>\n<meta property=\"og:type\" content=\"article\" \/>\n<meta property=\"og:title\" content=\"REPIQUEUSES TEA\u00a01500J et 2000J - MosaGreen\" \/>\n<meta property=\"og:description\" content=\"Les repiqueuses TEA 1500J et 2000J sont con\u00e7ues pour le repiquage automatique de jeunes plants en pots et sont sp\u00e9cialement con\u00e7ues pour \u00eatre raccord\u00e9es \u00e0 des rempoteuses \u00e0 rotonde porte-pots ou \u00e0 cha\u00eene de transport lin\u00e9aire. Les pinces sont motoris\u00e9es individuellement et permettent de saisir les jeunes plants aussi lat\u00e9ralement. Le mouvement lat\u00e9ral des pinces, [&hellip;]\" \/>\n<meta property=\"og:url\" content=\"https:\/\/www.mosagreen.it\/fr\/product\/repiqueuses-tea-1500j-et-2000j\/\" \/>\n<meta property=\"og:site_name\" content=\"MosaGreen\" \/>\n<meta property=\"article:modified_time\" content=\"2025-08-18T13:18:30+00:00\" \/>\n<meta property=\"og:image\" content=\"https:\/\/www.mosagreen.it\/wp-content\/uploads\/2025\/05\/TRANSPLANTERS-TEA-1500J-AND-2000J.png\" \/>\n\t<meta property=\"og:image:width\" content=\"1920\" \/>\n\t<meta property=\"og:image:height\" content=\"1502\" \/>\n\t<meta property=\"og:image:type\" content=\"image\/png\" \/>\n<meta name=\"twitter:card\" content=\"summary_large_image\" \/>\n<meta name=\"twitter:label1\" content=\"Dur\u00e9e de lecture estim\u00e9e\" \/>\n\t<meta name=\"twitter:data1\" content=\"2 minutes\" \/>\n<script type=\"application\/ld+json\" class=\"yoast-schema-graph\">{\"@context\":\"https:\/\/schema.org\",\"@graph\":[{\"@type\":\"WebPage\",\"@id\":\"https:\/\/www.mosagreen.it\/fr\/product\/repiqueuses-tea-1500j-et-2000j\/\",\"url\":\"https:\/\/www.mosagreen.it\/fr\/product\/repiqueuses-tea-1500j-et-2000j\/\",\"name\":\"REPIQUEUSES TEA\u00a01500J et 2000J - MosaGreen\",\"isPartOf\":{\"@id\":\"https:\/\/www.mosagreen.it\/fr\/#website\"},\"primaryImageOfPage\":{\"@id\":\"https:\/\/www.mosagreen.it\/fr\/product\/repiqueuses-tea-1500j-et-2000j\/#primaryimage\"},\"image\":{\"@id\":\"https:\/\/www.mosagreen.it\/fr\/product\/repiqueuses-tea-1500j-et-2000j\/#primaryimage\"},\"thumbnailUrl\":\"https:\/\/www.mosagreen.it\/wp-content\/uploads\/2025\/05\/TRANSPLANTERS-TEA-1500J-AND-2000J.png\",\"datePublished\":\"2025-02-01T10:10:11+00:00\",\"dateModified\":\"2025-08-18T13:18:30+00:00\",\"breadcrumb\":{\"@id\":\"https:\/\/www.mosagreen.it\/fr\/product\/repiqueuses-tea-1500j-et-2000j\/#breadcrumb\"},\"inLanguage\":\"fr-FR\",\"potentialAction\":[{\"@type\":\"ReadAction\",\"target\":[\"https:\/\/www.mosagreen.it\/fr\/product\/repiqueuses-tea-1500j-et-2000j\/\"]}]},{\"@type\":\"ImageObject\",\"inLanguage\":\"fr-FR\",\"@id\":\"https:\/\/www.mosagreen.it\/fr\/product\/repiqueuses-tea-1500j-et-2000j\/#primaryimage\",\"url\":\"https:\/\/www.mosagreen.it\/wp-content\/uploads\/2025\/05\/TRANSPLANTERS-TEA-1500J-AND-2000J.png\",\"contentUrl\":\"https:\/\/www.mosagreen.it\/wp-content\/uploads\/2025\/05\/TRANSPLANTERS-TEA-1500J-AND-2000J.png\",\"width\":1920,\"height\":1502},{\"@type\":\"BreadcrumbList\",\"@id\":\"https:\/\/www.mosagreen.it\/fr\/product\/repiqueuses-tea-1500j-et-2000j\/#breadcrumb\",\"itemListElement\":[{\"@type\":\"ListItem\",\"position\":1,\"name\":\"Home\",\"item\":\"https:\/\/www.mosagreen.it\/fr\/\"},{\"@type\":\"ListItem\",\"position\":2,\"name\":\"REPIQUEUSES TEA\u00a01500J et 2000J\"}]},{\"@type\":\"WebSite\",\"@id\":\"https:\/\/www.mosagreen.it\/fr\/#website\",\"url\":\"https:\/\/www.mosagreen.it\/fr\/\",\"name\":\"MosaGreen\",\"description\":\"Macchine per OrtoFloro Vivaismo\",\"publisher\":{\"@id\":\"https:\/\/www.mosagreen.it\/fr\/#organization\"},\"potentialAction\":[{\"@type\":\"SearchAction\",\"target\":{\"@type\":\"EntryPoint\",\"urlTemplate\":\"https:\/\/www.mosagreen.it\/fr\/?s={search_term_string}\"},\"query-input\":{\"@type\":\"PropertyValueSpecification\",\"valueRequired\":true,\"valueName\":\"search_term_string\"}}],\"inLanguage\":\"fr-FR\"},{\"@type\":\"Organization\",\"@id\":\"https:\/\/www.mosagreen.it\/fr\/#organization\",\"name\":\"MosaGreen\",\"url\":\"https:\/\/www.mosagreen.it\/fr\/\",\"logo\":{\"@type\":\"ImageObject\",\"inLanguage\":\"fr-FR\",\"@id\":\"https:\/\/www.mosagreen.it\/fr\/#\/schema\/logo\/image\/\",\"url\":\"https:\/\/www.mosagreen.it\/wp-content\/uploads\/2025\/04\/logo-1.png\",\"contentUrl\":\"https:\/\/www.mosagreen.it\/wp-content\/uploads\/2025\/04\/logo-1.png\",\"width\":367,\"height\":476,\"caption\":\"MosaGreen\"},\"image\":{\"@id\":\"https:\/\/www.mosagreen.it\/fr\/#\/schema\/logo\/image\/\"}}]}<\/script>\n<!-- \/ Yoast SEO plugin. -->","yoast_head_json":{"title":"REPIQUEUSES TEA\u00a01500J et 2000J - MosaGreen","robots":{"index":"index","follow":"follow","max-snippet":"max-snippet:-1","max-image-preview":"max-image-preview:large","max-video-preview":"max-video-preview:-1"},"canonical":"https:\/\/www.mosagreen.it\/fr\/product\/repiqueuses-tea-1500j-et-2000j\/","og_locale":"fr_FR","og_type":"article","og_title":"REPIQUEUSES TEA\u00a01500J et 2000J - MosaGreen","og_description":"Les repiqueuses TEA 1500J et 2000J sont con\u00e7ues pour le repiquage automatique de jeunes plants en pots et sont sp\u00e9cialement con\u00e7ues pour \u00eatre raccord\u00e9es \u00e0 des rempoteuses \u00e0 rotonde porte-pots ou \u00e0 cha\u00eene de transport lin\u00e9aire. Les pinces sont motoris\u00e9es individuellement et permettent de saisir les jeunes plants aussi lat\u00e9ralement. Le mouvement lat\u00e9ral des pinces, [&hellip;]","og_url":"https:\/\/www.mosagreen.it\/fr\/product\/repiqueuses-tea-1500j-et-2000j\/","og_site_name":"MosaGreen","article_modified_time":"2025-08-18T13:18:30+00:00","og_image":[{"width":1920,"height":1502,"url":"https:\/\/www.mosagreen.it\/wp-content\/uploads\/2025\/05\/TRANSPLANTERS-TEA-1500J-AND-2000J.png","type":"image\/png"}],"twitter_card":"summary_large_image","twitter_misc":{"Dur\u00e9e de lecture estim\u00e9e":"2 minutes"},"schema":{"@context":"https:\/\/schema.org","@graph":[{"@type":"WebPage","@id":"https:\/\/www.mosagreen.it\/fr\/product\/repiqueuses-tea-1500j-et-2000j\/","url":"https:\/\/www.mosagreen.it\/fr\/product\/repiqueuses-tea-1500j-et-2000j\/","name":"REPIQUEUSES TEA\u00a01500J et 2000J - MosaGreen","isPartOf":{"@id":"https:\/\/www.mosagreen.it\/fr\/#website"},"primaryImageOfPage":{"@id":"https:\/\/www.mosagreen.it\/fr\/product\/repiqueuses-tea-1500j-et-2000j\/#primaryimage"},"image":{"@id":"https:\/\/www.mosagreen.it\/fr\/product\/repiqueuses-tea-1500j-et-2000j\/#primaryimage"},"thumbnailUrl":"https:\/\/www.mosagreen.it\/wp-content\/uploads\/2025\/05\/TRANSPLANTERS-TEA-1500J-AND-2000J.png","datePublished":"2025-02-01T10:10:11+00:00","dateModified":"2025-08-18T13:18:30+00:00","breadcrumb":{"@id":"https:\/\/www.mosagreen.it\/fr\/product\/repiqueuses-tea-1500j-et-2000j\/#breadcrumb"},"inLanguage":"fr-FR","potentialAction":[{"@type":"ReadAction","target":["https:\/\/www.mosagreen.it\/fr\/product\/repiqueuses-tea-1500j-et-2000j\/"]}]},{"@type":"ImageObject","inLanguage":"fr-FR","@id":"https:\/\/www.mosagreen.it\/fr\/product\/repiqueuses-tea-1500j-et-2000j\/#primaryimage","url":"https:\/\/www.mosagreen.it\/wp-content\/uploads\/2025\/05\/TRANSPLANTERS-TEA-1500J-AND-2000J.png","contentUrl":"https:\/\/www.mosagreen.it\/wp-content\/uploads\/2025\/05\/TRANSPLANTERS-TEA-1500J-AND-2000J.png","width":1920,"height":1502},{"@type":"BreadcrumbList","@id":"https:\/\/www.mosagreen.it\/fr\/product\/repiqueuses-tea-1500j-et-2000j\/#breadcrumb","itemListElement":[{"@type":"ListItem","position":1,"name":"Home","item":"https:\/\/www.mosagreen.it\/fr\/"},{"@type":"ListItem","position":2,"name":"REPIQUEUSES TEA\u00a01500J et 2000J"}]},{"@type":"WebSite","@id":"https:\/\/www.mosagreen.it\/fr\/#website","url":"https:\/\/www.mosagreen.it\/fr\/","name":"MosaGreen","description":"Macchine per OrtoFloro Vivaismo","publisher":{"@id":"https:\/\/www.mosagreen.it\/fr\/#organization"},"potentialAction":[{"@type":"SearchAction","target":{"@type":"EntryPoint","urlTemplate":"https:\/\/www.mosagreen.it\/fr\/?s={search_term_string}"},"query-input":{"@type":"PropertyValueSpecification","valueRequired":true,"valueName":"search_term_string"}}],"inLanguage":"fr-FR"},{"@type":"Organization","@id":"https:\/\/www.mosagreen.it\/fr\/#organization","name":"MosaGreen","url":"https:\/\/www.mosagreen.it\/fr\/","logo":{"@type":"ImageObject","inLanguage":"fr-FR","@id":"https:\/\/www.mosagreen.it\/fr\/#\/schema\/logo\/image\/","url":"https:\/\/www.mosagreen.it\/wp-content\/uploads\/2025\/04\/logo-1.png","contentUrl":"https:\/\/www.mosagreen.it\/wp-content\/uploads\/2025\/04\/logo-1.png","width":367,"height":476,"caption":"MosaGreen"},"image":{"@id":"https:\/\/www.mosagreen.it\/fr\/#\/schema\/logo\/image\/"}}]}},"_links":{"self":[{"href":"https:\/\/www.mosagreen.it\/fr\/wp-json\/wp\/v2\/product\/6275","targetHints":{"allow":["GET"]}}],"collection":[{"href":"https:\/\/www.mosagreen.it\/fr\/wp-json\/wp\/v2\/product"}],"about":[{"href":"https:\/\/www.mosagreen.it\/fr\/wp-json\/wp\/v2\/types\/product"}],"version-history":[{"count":4,"href":"https:\/\/www.mosagreen.it\/fr\/wp-json\/wp\/v2\/product\/6275\/revisions"}],"predecessor-version":[{"id":6281,"href":"https:\/\/www.mosagreen.it\/fr\/wp-json\/wp\/v2\/product\/6275\/revisions\/6281"}],"wp:featuredmedia":[{"embeddable":true,"href":"https:\/\/www.mosagreen.it\/fr\/wp-json\/wp\/v2\/media\/2145"}],"wp:attachment":[{"href":"https:\/\/www.mosagreen.it\/fr\/wp-json\/wp\/v2\/media?parent=6275"}],"wp:term":[{"taxonomy":"product_category","embeddable":true,"href":"https:\/\/www.mosagreen.it\/fr\/wp-json\/wp\/v2\/product_category?post=6275"}],"curies":[{"name":"wp","href":"https:\/\/api.w.org\/{rel}","templated":true}]}}