{"id":6116,"date":"2025-05-06T17:57:21","date_gmt":"2025-05-06T15:57:21","guid":{"rendered":"https:\/\/www.mosagreen.it\/product\/seminatrice-s9a\/"},"modified":"2025-08-18T12:16:47","modified_gmt":"2025-08-18T10:16:47","slug":"semoir-s9a","status":"publish","type":"product","link":"https:\/\/www.mosagreen.it\/fr\/product\/semoir-s9a\/","title":{"rendered":"SEMOIR S9A"},"content":{"rendered":"\t\t<div data-elementor-type=\"wp-post\" data-elementor-id=\"6116\" class=\"elementor elementor-6116 elementor-1391\" data-elementor-post-type=\"product\">\n\t\t\t\t<div class=\"elementor-element elementor-element-36ba606 e-con-full e-flex e-con e-parent\" data-id=\"36ba606\" data-element_type=\"container\">\n\t\t\t\t<div class=\"elementor-element elementor-element-6fdd6dc elementor-widget elementor-widget-template\" data-id=\"6fdd6dc\" data-element_type=\"widget\" data-widget_type=\"template.default\">\n\t\t\t\t<div class=\"elementor-widget-container\">\n\t\t\t\t\t\t\t<div class=\"elementor-template\">\n\t\t\t\t\t<div data-elementor-type=\"container\" data-elementor-id=\"1297\" class=\"elementor elementor-1297\" data-elementor-post-type=\"elementor_library\">\n\t\t\t\t<div class=\"elementor-element elementor-element-3a437e53 e-con-full e-flex e-con e-parent\" data-id=\"3a437e53\" data-element_type=\"container\">\n\t\t\t\t<div class=\"elementor-element elementor-element-4b7fb27 elementor-widget elementor-widget-image\" data-id=\"4b7fb27\" data-element_type=\"widget\" data-widget_type=\"image.default\">\n\t\t\t\t<div class=\"elementor-widget-container\">\n\t\t\t\t\t\t\t\t\t\t\t\t\t\t\t<img decoding=\"async\" src=\"https:\/\/www.mosagreen.it\/wp-content\/uploads\/elementor\/thumbs\/semina-scaled-r5g7waswuvst184okpie17k55ss3il6fvc515yv0ka.png\" title=\"semina\" alt=\"semina\" loading=\"lazy\" \/>\t\t\t\t\t\t\t\t\t\t\t\t\t\t\t<\/div>\n\t\t\t\t<\/div>\n\t\t\t\t<\/div>\n\t\t\t\t<\/div>\n\t\t\t\t<\/div>\n\t\t\t\t\t\t<\/div>\n\t\t\t\t<\/div>\n\t\t\t\t<\/div>\n\t\t<div class=\"elementor-element elementor-element-2938792 e-flex e-con-boxed e-con e-parent\" data-id=\"2938792\" data-element_type=\"container\">\n\t\t\t\t\t<div class=\"e-con-inner\">\n\t\t<div class=\"elementor-element elementor-element-8e7434e e-con-full e-flex e-con e-child\" data-id=\"8e7434e\" data-element_type=\"container\">\n\t\t\t\t<div class=\"elementor-element elementor-element-2518f30 elementor-invisible elementor-widget elementor-widget-theme-post-featured-image elementor-widget-image\" data-id=\"2518f30\" data-element_type=\"widget\" data-settings=\"{&quot;_animation&quot;:&quot;fadeInLeft&quot;,&quot;_animation_delay&quot;:300}\" data-widget_type=\"theme-post-featured-image.default\">\n\t\t\t\t<div class=\"elementor-widget-container\">\n\t\t\t\t\t\t\t\t\t\t\t\t\t\t\t<img fetchpriority=\"high\" decoding=\"async\" width=\"500\" height=\"316\" src=\"https:\/\/www.mosagreen.it\/wp-content\/uploads\/2025\/05\/S9A-2.png\" class=\"attachment-large size-large wp-image-5230\" alt=\"\" srcset=\"https:\/\/www.mosagreen.it\/wp-content\/uploads\/2025\/05\/S9A-2.png 500w, https:\/\/www.mosagreen.it\/wp-content\/uploads\/2025\/05\/S9A-2-300x190.png 300w\" sizes=\"(max-width: 500px) 100vw, 500px\" \/>\t\t\t\t\t\t\t\t\t\t\t\t\t\t\t<\/div>\n\t\t\t\t<\/div>\n\t\t\t\t<\/div>\n\t\t<div class=\"elementor-element elementor-element-94b09a7 e-con-full e-flex elementor-invisible e-con e-child\" data-id=\"94b09a7\" data-element_type=\"container\" data-settings=\"{&quot;animation&quot;:&quot;fadeInRight&quot;,&quot;animation_delay&quot;:400}\">\n\t\t<div class=\"elementor-element elementor-element-269ba52 e-con-full e-flex e-con e-child\" data-id=\"269ba52\" data-element_type=\"container\">\n\t\t\t\t<div class=\"elementor-element elementor-element-3d1c9d1 elementor-widget elementor-widget-heading\" data-id=\"3d1c9d1\" data-element_type=\"widget\" data-widget_type=\"heading.default\">\n\t\t\t\t<div class=\"elementor-widget-container\">\n\t\t\t\t\t<h2 class=\"elementor-heading-title elementor-size-default\">SEMOIR<\/h2>\t\t\t\t<\/div>\n\t\t\t\t<\/div>\n\t\t\t\t<div class=\"elementor-element elementor-element-5558369 elementor-widget elementor-widget-heading\" data-id=\"5558369\" data-element_type=\"widget\" data-widget_type=\"heading.default\">\n\t\t\t\t<div class=\"elementor-widget-container\">\n\t\t\t\t\t<h2 class=\"elementor-heading-title elementor-size-default\">S9A<\/h2>\t\t\t\t<\/div>\n\t\t\t\t<\/div>\n\t\t\t\t<\/div>\n\t\t\t\t<div class=\"elementor-element elementor-element-5b988c6 elementor-widget elementor-widget-text-editor\" data-id=\"5b988c6\" data-element_type=\"widget\" data-widget_type=\"text-editor.default\">\n\t\t\t\t<div class=\"elementor-widget-container\">\n\t\t\t\t\t\t\t\t\tLe semoir S9A est con\u00e7u pour les productions \u00e0 volume \u00e9lev\u00e9 et permet de g\u00e9rer la vitesse et les param\u00e8tres de semis en fonction de la vari\u00e9t\u00e9 de semences et du type de contenant.  Il offre des performances excellentes, en particulier lors de l&rsquo;utilisation de contenants rigides en plastique et en polystyr\u00e8ne, avec un temps de changement d\u2019outils rapide. Con\u00e7u pour \u00eatre coupl\u00e9 \u00e0 la remplisseuse R9G, le semoir est \u00e9quip\u00e9 d&rsquo;un panneau de commande qui permet de r\u00e9gler et d\u2019ajuster les principaux param\u00e8tres de semis et de remplissage.\t\t\t\t\t\t\t\t<\/div>\n\t\t\t\t<\/div>\n\t\t\t\t<\/div>\n\t\t\t\t\t<\/div>\n\t\t\t\t<\/div>\n\t\t<div class=\"elementor-element elementor-element-5f3a038 e-flex e-con-boxed e-con e-parent\" data-id=\"5f3a038\" data-element_type=\"container\">\n\t\t\t\t\t<div class=\"e-con-inner\">\n\t\t<div class=\"elementor-element elementor-element-77de4dd e-con-full e-flex e-con e-child\" data-id=\"77de4dd\" data-element_type=\"container\" data-settings=\"{&quot;background_background&quot;:&quot;classic&quot;}\">\n\t\t<div class=\"elementor-element elementor-element-e4ffdd9 e-con-full e-transform e-flex e-con e-child\" data-id=\"e4ffdd9\" data-element_type=\"container\" data-settings=\"{&quot;_transform_translateY_effect&quot;:{&quot;unit&quot;:&quot;%&quot;,&quot;size&quot;:40,&quot;sizes&quot;:[]},&quot;_transform_translateY_effect_tablet&quot;:{&quot;unit&quot;:&quot;%&quot;,&quot;size&quot;:&quot;&quot;,&quot;sizes&quot;:[]},&quot;_transform_translateY_effect_mobile&quot;:{&quot;unit&quot;:&quot;%&quot;,&quot;size&quot;:&quot;&quot;,&quot;sizes&quot;:[]},&quot;_transform_translateX_effect&quot;:{&quot;unit&quot;:&quot;px&quot;,&quot;size&quot;:&quot;&quot;,&quot;sizes&quot;:[]},&quot;_transform_translateX_effect_tablet&quot;:{&quot;unit&quot;:&quot;px&quot;,&quot;size&quot;:&quot;&quot;,&quot;sizes&quot;:[]},&quot;_transform_translateX_effect_mobile&quot;:{&quot;unit&quot;:&quot;px&quot;,&quot;size&quot;:&quot;&quot;,&quot;sizes&quot;:[]}}\">\n\t\t\t\t<\/div>\n\t\t<div class=\"elementor-element elementor-element-7c1453a e-con-full e-flex e-con e-child\" data-id=\"7c1453a\" data-element_type=\"container\">\n\t\t<div class=\"elementor-element elementor-element-ffdfaf9 e-con-full animated-slow vodu_blurb e-flex elementor-invisible e-con e-child\" data-id=\"ffdfaf9\" data-element_type=\"container\" data-settings=\"{&quot;background_background&quot;:&quot;classic&quot;,&quot;animation&quot;:&quot;fadeIn&quot;,&quot;animation_delay&quot;:1000}\">\n\t\t\t\t<div class=\"elementor-element elementor-element-3d7fcd7 elementor-widget elementor-widget-image\" data-id=\"3d7fcd7\" data-element_type=\"widget\" data-widget_type=\"image.default\">\n\t\t\t\t<div class=\"elementor-widget-container\">\n\t\t\t\t\t\t\t\t\t\t\t\t\t\t\t<img decoding=\"async\" width=\"1\" height=\"1\" src=\"https:\/\/www.mosagreen.it\/wp-content\/uploads\/2025\/05\/Asset-55.svg\" class=\"attachment-large size-large wp-image-1396\" alt=\"\" \/>\t\t\t\t\t\t\t\t\t\t\t\t\t\t\t<\/div>\n\t\t\t\t<\/div>\n\t\t<div class=\"elementor-element elementor-element-f997827 e-con-full vodu_cont_title e-flex e-con e-child\" data-id=\"f997827\" data-element_type=\"container\">\n\t\t\t\t<div class=\"elementor-element elementor-element-c3b0fc0 elementor-widget elementor-widget-heading\" data-id=\"c3b0fc0\" data-element_type=\"widget\" data-widget_type=\"heading.default\">\n\t\t\t\t<div class=\"elementor-widget-container\">\n\t\t\t\t\t<h2 class=\"elementor-heading-title elementor-size-default\">Rouleau d\u2019empreinte<\/h2>\t\t\t\t<\/div>\n\t\t\t\t<\/div>\n\t\t\t\t<\/div>\n\t\t\t\t<\/div>\n\t\t<div class=\"elementor-element elementor-element-6619fab e-con-full animated-slow vodu_blurb e-flex elementor-invisible e-con e-child\" data-id=\"6619fab\" data-element_type=\"container\" data-settings=\"{&quot;background_background&quot;:&quot;classic&quot;,&quot;animation&quot;:&quot;fadeIn&quot;,&quot;animation_delay&quot;:1500}\">\n\t\t\t\t<div class=\"elementor-element elementor-element-19d93d7 elementor-widget elementor-widget-image\" data-id=\"19d93d7\" data-element_type=\"widget\" data-widget_type=\"image.default\">\n\t\t\t\t<div class=\"elementor-widget-container\">\n\t\t\t\t\t\t\t\t\t\t\t\t\t\t\t<img decoding=\"async\" width=\"1\" height=\"1\" src=\"https:\/\/www.mosagreen.it\/wp-content\/uploads\/2025\/05\/Asset-52.svg\" class=\"attachment-large size-large wp-image-1972\" alt=\"\" \/>\t\t\t\t\t\t\t\t\t\t\t\t\t\t\t<\/div>\n\t\t\t\t<\/div>\n\t\t<div class=\"elementor-element elementor-element-198da6c e-con-full vodu_cont_title e-flex e-con e-child\" data-id=\"198da6c\" data-element_type=\"container\">\n\t\t\t\t<div class=\"elementor-element elementor-element-5ea8beb elementor-widget elementor-widget-heading\" data-id=\"5ea8beb\" data-element_type=\"widget\" data-widget_type=\"heading.default\">\n\t\t\t\t<div class=\"elementor-widget-container\">\n\t\t\t\t\t<h2 class=\"elementor-heading-title elementor-size-default\">Rouleau de semis<\/h2>\t\t\t\t<\/div>\n\t\t\t\t<\/div>\n\t\t\t\t<\/div>\n\t\t\t\t<\/div>\n\t\t\t\t<\/div>\n\t\t\t\t<\/div>\n\t\t\t\t\t<\/div>\n\t\t\t\t<\/div>\n\t\t<div class=\"elementor-element elementor-element-a76797a e-flex e-con-boxed elementor-invisible e-con e-parent\" data-id=\"a76797a\" data-element_type=\"container\" data-settings=\"{&quot;animation&quot;:&quot;fadeInUp&quot;,&quot;animation_delay&quot;:300}\">\n\t\t\t\t\t<div class=\"e-con-inner\">\n\t\t<div class=\"elementor-element elementor-element-30bb137 e-con-full e-flex e-con e-child\" data-id=\"30bb137\" data-element_type=\"container\">\n\t\t<div class=\"elementor-element elementor-element-3e4eeb5 e-con-full e-flex elementor-invisible e-con e-child\" data-id=\"3e4eeb5\" data-element_type=\"container\" data-settings=\"{&quot;animation&quot;:&quot;fadeInRight&quot;,&quot;animation_delay&quot;:400}\">\n\t\t\t\t<div class=\"elementor-element elementor-element-be239f6 elementor-widget__width-inherit elementor-widget elementor-widget-shortcode\" data-id=\"be239f6\" data-element_type=\"widget\" data-widget_type=\"shortcode.default\">\n\t\t\t\t<div class=\"elementor-widget-container\">\n\t\t\t\t\t\t\t<div class=\"elementor-shortcode\"><h2 id=\"tablepress-67-name\" class=\"tablepress-table-name tablepress-table-name-id-67\">SEMOIR S9A \u2013 Donn\u00e9es techniques<\/h2>\n\n<table id=\"tablepress-67\" class=\"tablepress tablepress-id-67\" aria-labelledby=\"tablepress-67-name\">\n<tbody class=\"row-striping\">\n<tr class=\"row-1\">\n\t<td class=\"column-1\">Capacit\u00e9 de production<\/td><td class=\"column-2\">1400<\/td><td class=\"column-3\">Conteneurs\/Heure<\/td>\n<\/tr>\n<tr class=\"row-2\">\n\t<td class=\"column-1\">Dimensions du conteneur<\/td><td class=\"column-2\">700x500x160<\/td><td class=\"column-3\">mm<\/td>\n<\/tr>\n<tr class=\"row-3\">\n\t<td class=\"column-1\">Puissance install\u00e9e<\/td><td class=\"column-2\">5,5<\/td><td class=\"column-3\">kW<\/td>\n<\/tr>\n<tr class=\"row-4\">\n\t<td class=\"column-1\">Consommation d'air<\/td><td class=\"column-2\">140<\/td><td class=\"column-3\">l\/min<\/td>\n<\/tr>\n<tr class=\"row-5\">\n\t<td class=\"column-1\">Poids<\/td><td class=\"column-2\">400<\/td><td class=\"column-3\">Kg<\/td>\n<\/tr>\n<tr class=\"row-6\">\n\t<td class=\"column-1\">Dimensions<\/td><td class=\"column-2\">3200x1100<\/td><td class=\"column-3\">mm<\/td>\n<\/tr>\n<\/tbody>\n<\/table>\n<!-- #tablepress-67 from cache --><\/div>\n\t\t\t\t\t\t<\/div>\n\t\t\t\t<\/div>\n\t\t\t\t<\/div>\n\t\t\t\t<\/div>\n\t\t\t\t\t<\/div>\n\t\t\t\t<\/div>\n\t\t\t\t<\/div>\n\t\t","protected":false},"featured_media":5230,"template":"","meta":{"_acf_changed":false,"inline_featured_image":false},"product_category":[154,107],"class_list":["post-6116","product","type-product","status-publish","has-post-thumbnail","hentry","product_category-seminatrici-singole-fr","product_category-semis"],"acf":[],"yoast_head":"<!-- This site is optimized with the Yoast SEO plugin v26.0 - https:\/\/yoast.com\/wordpress\/plugins\/seo\/ -->\n<title>SEMOIR S9A - MosaGreen<\/title>\n<meta name=\"robots\" content=\"index, follow, max-snippet:-1, max-image-preview:large, max-video-preview:-1\" \/>\n<link rel=\"canonical\" href=\"https:\/\/www.mosagreen.it\/fr\/product\/semoir-s9a\/\" \/>\n<meta property=\"og:locale\" content=\"fr_FR\" \/>\n<meta property=\"og:type\" content=\"article\" \/>\n<meta property=\"og:title\" content=\"SEMOIR S9A - MosaGreen\" \/>\n<meta property=\"og:description\" content=\"Le semoir S9A est con\u00e7u pour les productions \u00e0 volume \u00e9lev\u00e9 et permet de g\u00e9rer la vitesse et les param\u00e8tres de semis en fonction de la vari\u00e9t\u00e9 de semences et du type de contenant. Il offre des performances excellentes, en particulier lors de l&rsquo;utilisation de contenants rigides en plastique et en polystyr\u00e8ne, avec un temps [&hellip;]\" \/>\n<meta property=\"og:url\" content=\"https:\/\/www.mosagreen.it\/fr\/product\/semoir-s9a\/\" \/>\n<meta property=\"og:site_name\" content=\"MosaGreen\" \/>\n<meta property=\"article:modified_time\" content=\"2025-08-18T10:16:47+00:00\" \/>\n<meta property=\"og:image\" content=\"https:\/\/www.mosagreen.it\/wp-content\/uploads\/2025\/05\/S9A-2.png\" \/>\n\t<meta property=\"og:image:width\" content=\"500\" \/>\n\t<meta property=\"og:image:height\" content=\"316\" \/>\n\t<meta property=\"og:image:type\" content=\"image\/png\" \/>\n<meta name=\"twitter:card\" content=\"summary_large_image\" \/>\n<meta name=\"twitter:label1\" content=\"Dur\u00e9e de lecture estim\u00e9e\" \/>\n\t<meta name=\"twitter:data1\" content=\"2 minutes\" \/>\n<script type=\"application\/ld+json\" class=\"yoast-schema-graph\">{\"@context\":\"https:\/\/schema.org\",\"@graph\":[{\"@type\":\"WebPage\",\"@id\":\"https:\/\/www.mosagreen.it\/fr\/product\/semoir-s9a\/\",\"url\":\"https:\/\/www.mosagreen.it\/fr\/product\/semoir-s9a\/\",\"name\":\"SEMOIR S9A - MosaGreen\",\"isPartOf\":{\"@id\":\"https:\/\/www.mosagreen.it\/fr\/#website\"},\"primaryImageOfPage\":{\"@id\":\"https:\/\/www.mosagreen.it\/fr\/product\/semoir-s9a\/#primaryimage\"},\"image\":{\"@id\":\"https:\/\/www.mosagreen.it\/fr\/product\/semoir-s9a\/#primaryimage\"},\"thumbnailUrl\":\"https:\/\/www.mosagreen.it\/wp-content\/uploads\/2025\/05\/S9A-2.png\",\"datePublished\":\"2025-05-06T15:57:21+00:00\",\"dateModified\":\"2025-08-18T10:16:47+00:00\",\"breadcrumb\":{\"@id\":\"https:\/\/www.mosagreen.it\/fr\/product\/semoir-s9a\/#breadcrumb\"},\"inLanguage\":\"fr-FR\",\"potentialAction\":[{\"@type\":\"ReadAction\",\"target\":[\"https:\/\/www.mosagreen.it\/fr\/product\/semoir-s9a\/\"]}]},{\"@type\":\"ImageObject\",\"inLanguage\":\"fr-FR\",\"@id\":\"https:\/\/www.mosagreen.it\/fr\/product\/semoir-s9a\/#primaryimage\",\"url\":\"https:\/\/www.mosagreen.it\/wp-content\/uploads\/2025\/05\/S9A-2.png\",\"contentUrl\":\"https:\/\/www.mosagreen.it\/wp-content\/uploads\/2025\/05\/S9A-2.png\",\"width\":500,\"height\":316},{\"@type\":\"BreadcrumbList\",\"@id\":\"https:\/\/www.mosagreen.it\/fr\/product\/semoir-s9a\/#breadcrumb\",\"itemListElement\":[{\"@type\":\"ListItem\",\"position\":1,\"name\":\"Home\",\"item\":\"https:\/\/www.mosagreen.it\/fr\/\"},{\"@type\":\"ListItem\",\"position\":2,\"name\":\"SEMOIR S9A\"}]},{\"@type\":\"WebSite\",\"@id\":\"https:\/\/www.mosagreen.it\/fr\/#website\",\"url\":\"https:\/\/www.mosagreen.it\/fr\/\",\"name\":\"MosaGreen\",\"description\":\"Macchine per OrtoFloro Vivaismo\",\"publisher\":{\"@id\":\"https:\/\/www.mosagreen.it\/fr\/#organization\"},\"potentialAction\":[{\"@type\":\"SearchAction\",\"target\":{\"@type\":\"EntryPoint\",\"urlTemplate\":\"https:\/\/www.mosagreen.it\/fr\/?s={search_term_string}\"},\"query-input\":{\"@type\":\"PropertyValueSpecification\",\"valueRequired\":true,\"valueName\":\"search_term_string\"}}],\"inLanguage\":\"fr-FR\"},{\"@type\":\"Organization\",\"@id\":\"https:\/\/www.mosagreen.it\/fr\/#organization\",\"name\":\"MosaGreen\",\"url\":\"https:\/\/www.mosagreen.it\/fr\/\",\"logo\":{\"@type\":\"ImageObject\",\"inLanguage\":\"fr-FR\",\"@id\":\"https:\/\/www.mosagreen.it\/fr\/#\/schema\/logo\/image\/\",\"url\":\"https:\/\/www.mosagreen.it\/wp-content\/uploads\/2025\/04\/logo-1.png\",\"contentUrl\":\"https:\/\/www.mosagreen.it\/wp-content\/uploads\/2025\/04\/logo-1.png\",\"width\":367,\"height\":476,\"caption\":\"MosaGreen\"},\"image\":{\"@id\":\"https:\/\/www.mosagreen.it\/fr\/#\/schema\/logo\/image\/\"}}]}<\/script>\n<!-- \/ Yoast SEO plugin. -->","yoast_head_json":{"title":"SEMOIR S9A - MosaGreen","robots":{"index":"index","follow":"follow","max-snippet":"max-snippet:-1","max-image-preview":"max-image-preview:large","max-video-preview":"max-video-preview:-1"},"canonical":"https:\/\/www.mosagreen.it\/fr\/product\/semoir-s9a\/","og_locale":"fr_FR","og_type":"article","og_title":"SEMOIR S9A - MosaGreen","og_description":"Le semoir S9A est con\u00e7u pour les productions \u00e0 volume \u00e9lev\u00e9 et permet de g\u00e9rer la vitesse et les param\u00e8tres de semis en fonction de la vari\u00e9t\u00e9 de semences et du type de contenant. Il offre des performances excellentes, en particulier lors de l&rsquo;utilisation de contenants rigides en plastique et en polystyr\u00e8ne, avec un temps [&hellip;]","og_url":"https:\/\/www.mosagreen.it\/fr\/product\/semoir-s9a\/","og_site_name":"MosaGreen","article_modified_time":"2025-08-18T10:16:47+00:00","og_image":[{"width":500,"height":316,"url":"https:\/\/www.mosagreen.it\/wp-content\/uploads\/2025\/05\/S9A-2.png","type":"image\/png"}],"twitter_card":"summary_large_image","twitter_misc":{"Dur\u00e9e de lecture estim\u00e9e":"2 minutes"},"schema":{"@context":"https:\/\/schema.org","@graph":[{"@type":"WebPage","@id":"https:\/\/www.mosagreen.it\/fr\/product\/semoir-s9a\/","url":"https:\/\/www.mosagreen.it\/fr\/product\/semoir-s9a\/","name":"SEMOIR S9A - MosaGreen","isPartOf":{"@id":"https:\/\/www.mosagreen.it\/fr\/#website"},"primaryImageOfPage":{"@id":"https:\/\/www.mosagreen.it\/fr\/product\/semoir-s9a\/#primaryimage"},"image":{"@id":"https:\/\/www.mosagreen.it\/fr\/product\/semoir-s9a\/#primaryimage"},"thumbnailUrl":"https:\/\/www.mosagreen.it\/wp-content\/uploads\/2025\/05\/S9A-2.png","datePublished":"2025-05-06T15:57:21+00:00","dateModified":"2025-08-18T10:16:47+00:00","breadcrumb":{"@id":"https:\/\/www.mosagreen.it\/fr\/product\/semoir-s9a\/#breadcrumb"},"inLanguage":"fr-FR","potentialAction":[{"@type":"ReadAction","target":["https:\/\/www.mosagreen.it\/fr\/product\/semoir-s9a\/"]}]},{"@type":"ImageObject","inLanguage":"fr-FR","@id":"https:\/\/www.mosagreen.it\/fr\/product\/semoir-s9a\/#primaryimage","url":"https:\/\/www.mosagreen.it\/wp-content\/uploads\/2025\/05\/S9A-2.png","contentUrl":"https:\/\/www.mosagreen.it\/wp-content\/uploads\/2025\/05\/S9A-2.png","width":500,"height":316},{"@type":"BreadcrumbList","@id":"https:\/\/www.mosagreen.it\/fr\/product\/semoir-s9a\/#breadcrumb","itemListElement":[{"@type":"ListItem","position":1,"name":"Home","item":"https:\/\/www.mosagreen.it\/fr\/"},{"@type":"ListItem","position":2,"name":"SEMOIR S9A"}]},{"@type":"WebSite","@id":"https:\/\/www.mosagreen.it\/fr\/#website","url":"https:\/\/www.mosagreen.it\/fr\/","name":"MosaGreen","description":"Macchine per OrtoFloro Vivaismo","publisher":{"@id":"https:\/\/www.mosagreen.it\/fr\/#organization"},"potentialAction":[{"@type":"SearchAction","target":{"@type":"EntryPoint","urlTemplate":"https:\/\/www.mosagreen.it\/fr\/?s={search_term_string}"},"query-input":{"@type":"PropertyValueSpecification","valueRequired":true,"valueName":"search_term_string"}}],"inLanguage":"fr-FR"},{"@type":"Organization","@id":"https:\/\/www.mosagreen.it\/fr\/#organization","name":"MosaGreen","url":"https:\/\/www.mosagreen.it\/fr\/","logo":{"@type":"ImageObject","inLanguage":"fr-FR","@id":"https:\/\/www.mosagreen.it\/fr\/#\/schema\/logo\/image\/","url":"https:\/\/www.mosagreen.it\/wp-content\/uploads\/2025\/04\/logo-1.png","contentUrl":"https:\/\/www.mosagreen.it\/wp-content\/uploads\/2025\/04\/logo-1.png","width":367,"height":476,"caption":"MosaGreen"},"image":{"@id":"https:\/\/www.mosagreen.it\/fr\/#\/schema\/logo\/image\/"}}]}},"_links":{"self":[{"href":"https:\/\/www.mosagreen.it\/fr\/wp-json\/wp\/v2\/product\/6116","targetHints":{"allow":["GET"]}}],"collection":[{"href":"https:\/\/www.mosagreen.it\/fr\/wp-json\/wp\/v2\/product"}],"about":[{"href":"https:\/\/www.mosagreen.it\/fr\/wp-json\/wp\/v2\/types\/product"}],"version-history":[{"count":4,"href":"https:\/\/www.mosagreen.it\/fr\/wp-json\/wp\/v2\/product\/6116\/revisions"}],"predecessor-version":[{"id":6122,"href":"https:\/\/www.mosagreen.it\/fr\/wp-json\/wp\/v2\/product\/6116\/revisions\/6122"}],"wp:featuredmedia":[{"embeddable":true,"href":"https:\/\/www.mosagreen.it\/fr\/wp-json\/wp\/v2\/media\/5230"}],"wp:attachment":[{"href":"https:\/\/www.mosagreen.it\/fr\/wp-json\/wp\/v2\/media?parent=6116"}],"wp:term":[{"taxonomy":"product_category","embeddable":true,"href":"https:\/\/www.mosagreen.it\/fr\/wp-json\/wp\/v2\/product_category?post=6116"}],"curies":[{"name":"wp","href":"https:\/\/api.w.org\/{rel}","templated":true}]}}