{"id":6086,"date":"2025-05-02T17:50:28","date_gmt":"2025-05-02T15:50:28","guid":{"rendered":"https:\/\/www.mosagreen.it\/product\/riempitore-r9g\/"},"modified":"2025-09-05T15:20:47","modified_gmt":"2025-09-05T13:20:47","slug":"remplisseuse-r9g","status":"publish","type":"product","link":"https:\/\/www.mosagreen.it\/fr\/product\/remplisseuse-r9g\/","title":{"rendered":"REMPLISSEUSE R9G"},"content":{"rendered":"\t\t<div data-elementor-type=\"wp-post\" data-elementor-id=\"6086\" class=\"elementor elementor-6086 elementor-1371\" data-elementor-post-type=\"product\">\n\t\t\t\t<div class=\"elementor-element elementor-element-a2ded83 e-con-full e-flex e-con e-parent\" data-id=\"a2ded83\" data-element_type=\"container\">\n\t\t\t\t<div class=\"elementor-element elementor-element-66d6a82 elementor-widget elementor-widget-template\" data-id=\"66d6a82\" data-element_type=\"widget\" data-widget_type=\"template.default\">\n\t\t\t\t<div class=\"elementor-widget-container\">\n\t\t\t\t\t\t\t<div class=\"elementor-template\">\n\t\t\t\t\t<div data-elementor-type=\"page\" data-elementor-id=\"1772\" class=\"elementor elementor-1772\" data-elementor-post-type=\"elementor_library\">\n\t\t\t\t<div class=\"elementor-element elementor-element-adfed9d e-con-full e-flex e-con e-parent\" data-id=\"adfed9d\" data-element_type=\"container\">\n\t\t\t\t<div class=\"elementor-element elementor-element-60a5de7 elementor-widget elementor-widget-image\" data-id=\"60a5de7\" data-element_type=\"widget\" data-widget_type=\"image.default\">\n\t\t\t\t<div class=\"elementor-widget-container\">\n\t\t\t\t\t\t\t\t\t\t\t\t\t\t\t<img fetchpriority=\"high\" decoding=\"async\" width=\"2560\" height=\"909\" src=\"https:\/\/www.mosagreen.it\/wp-content\/uploads\/2025\/04\/riempimento_invasatura-scaled.jpg\" class=\"attachment-full size-full wp-image-580\" alt=\"\" srcset=\"https:\/\/www.mosagreen.it\/wp-content\/uploads\/2025\/04\/riempimento_invasatura-scaled.jpg 2560w, https:\/\/www.mosagreen.it\/wp-content\/uploads\/2025\/04\/riempimento_invasatura-300x107.jpg 300w, https:\/\/www.mosagreen.it\/wp-content\/uploads\/2025\/04\/riempimento_invasatura-1024x364.jpg 1024w, https:\/\/www.mosagreen.it\/wp-content\/uploads\/2025\/04\/riempimento_invasatura-768x273.jpg 768w, https:\/\/www.mosagreen.it\/wp-content\/uploads\/2025\/04\/riempimento_invasatura-1536x546.jpg 1536w, https:\/\/www.mosagreen.it\/wp-content\/uploads\/2025\/04\/riempimento_invasatura-2048x727.jpg 2048w\" sizes=\"(max-width: 2560px) 100vw, 2560px\" \/>\t\t\t\t\t\t\t\t\t\t\t\t\t\t\t<\/div>\n\t\t\t\t<\/div>\n\t\t\t\t<\/div>\n\t\t\t\t<\/div>\n\t\t\t\t<\/div>\n\t\t\t\t\t\t<\/div>\n\t\t\t\t<\/div>\n\t\t\t\t<\/div>\n\t\t<div class=\"elementor-element elementor-element-9ea491a e-flex e-con-boxed e-con e-parent\" data-id=\"9ea491a\" data-element_type=\"container\">\n\t\t\t\t\t<div class=\"e-con-inner\">\n\t\t<div class=\"elementor-element elementor-element-8831f47 e-con-full e-flex e-con e-child\" data-id=\"8831f47\" data-element_type=\"container\">\n\t\t\t\t<div class=\"elementor-element elementor-element-80e1dd2 elementor-invisible elementor-widget elementor-widget-theme-post-featured-image elementor-widget-image\" data-id=\"80e1dd2\" data-element_type=\"widget\" data-settings=\"{&quot;_animation&quot;:&quot;fadeInLeft&quot;,&quot;_animation_delay&quot;:300}\" data-widget_type=\"theme-post-featured-image.default\">\n\t\t\t\t<div class=\"elementor-widget-container\">\n\t\t\t\t\t\t\t\t\t\t\t\t\t\t\t<img decoding=\"async\" width=\"800\" height=\"560\" src=\"https:\/\/www.mosagreen.it\/wp-content\/uploads\/2025\/05\/FILLER-R9G-1-1024x717.png\" class=\"attachment-large size-large wp-image-1499\" alt=\"\" srcset=\"https:\/\/www.mosagreen.it\/wp-content\/uploads\/2025\/05\/FILLER-R9G-1-1024x717.png 1024w, https:\/\/www.mosagreen.it\/wp-content\/uploads\/2025\/05\/FILLER-R9G-1-300x210.png 300w, https:\/\/www.mosagreen.it\/wp-content\/uploads\/2025\/05\/FILLER-R9G-1-768x538.png 768w, https:\/\/www.mosagreen.it\/wp-content\/uploads\/2025\/05\/FILLER-R9G-1-1536x1076.png 1536w, https:\/\/www.mosagreen.it\/wp-content\/uploads\/2025\/05\/FILLER-R9G-1.png 1920w\" sizes=\"(max-width: 800px) 100vw, 800px\" \/>\t\t\t\t\t\t\t\t\t\t\t\t\t\t\t<\/div>\n\t\t\t\t<\/div>\n\t\t\t\t<\/div>\n\t\t<div class=\"elementor-element elementor-element-1f93c82 e-con-full e-flex elementor-invisible e-con e-child\" data-id=\"1f93c82\" data-element_type=\"container\" data-settings=\"{&quot;animation&quot;:&quot;fadeInRight&quot;,&quot;animation_delay&quot;:400}\">\n\t\t<div class=\"elementor-element elementor-element-85e5da3 e-con-full e-flex e-con e-child\" data-id=\"85e5da3\" data-element_type=\"container\">\n\t\t\t\t<div class=\"elementor-element elementor-element-5cda418 elementor-widget elementor-widget-heading\" data-id=\"5cda418\" data-element_type=\"widget\" data-widget_type=\"heading.default\">\n\t\t\t\t<div class=\"elementor-widget-container\">\n\t\t\t\t\t<h2 class=\"elementor-heading-title elementor-size-default\">REMPLISSEUSE<\/h2>\t\t\t\t<\/div>\n\t\t\t\t<\/div>\n\t\t\t\t<div class=\"elementor-element elementor-element-4c66ed2 elementor-widget elementor-widget-heading\" data-id=\"4c66ed2\" data-element_type=\"widget\" data-widget_type=\"heading.default\">\n\t\t\t\t<div class=\"elementor-widget-container\">\n\t\t\t\t\t<h2 class=\"elementor-heading-title elementor-size-default\">R9G<\/h2>\t\t\t\t<\/div>\n\t\t\t\t<\/div>\n\t\t\t\t<\/div>\n\t\t\t\t<div class=\"elementor-element elementor-element-a828877 elementor-widget elementor-widget-text-editor\" data-id=\"a828877\" data-element_type=\"widget\" data-widget_type=\"text-editor.default\">\n\t\t\t\t<div class=\"elementor-widget-container\">\n\t\t\t\t\t\t\t\t\tLa remplisseuse R9G est con\u00e7ue pour remplir des contenants et est \u00e9quip\u00e9e d\u2019une tr\u00e9mie de 1000 litres et d\u2019un compacteur \u00e0 lames qui assure un degr\u00e9 \u00e9lev\u00e9 de compactage du substrat. Elle est aussi dot\u00e9e d&rsquo;un convoyeur \u00e0 bande \u00e0 surface antid\u00e9rapante ainsi que d&rsquo;un syst\u00e8me de r\u00e9cup\u00e9ration \u00e0 cha\u00eene pour le substrat exc\u00e9dentaire. Cette remplisseuse peut \u00eatre utilis\u00e9e avec n&rsquo;importe quel type de contenant alv\u00e9ol\u00e9 et offre des performances optimales, m\u00eame \u00e0 grande vitesse.\t\t\t\t\t\t\t\t<\/div>\n\t\t\t\t<\/div>\n\t\t\t\t<\/div>\n\t\t\t\t\t<\/div>\n\t\t\t\t<\/div>\n\t\t<div class=\"elementor-element elementor-element-39814e7 e-flex e-con-boxed e-con e-parent\" data-id=\"39814e7\" data-element_type=\"container\">\n\t\t\t\t\t<div class=\"e-con-inner\">\n\t\t<div class=\"elementor-element elementor-element-a2b6b86 e-con-full e-transform e-flex e-con e-child\" data-id=\"a2b6b86\" data-element_type=\"container\" data-settings=\"{&quot;background_background&quot;:&quot;classic&quot;,&quot;_transform_translateY_effect&quot;:{&quot;unit&quot;:&quot;%&quot;,&quot;size&quot;:-18,&quot;sizes&quot;:[]},&quot;_transform_translateY_effect_tablet&quot;:{&quot;unit&quot;:&quot;%&quot;,&quot;size&quot;:&quot;&quot;,&quot;sizes&quot;:[]},&quot;_transform_translateY_effect_mobile&quot;:{&quot;unit&quot;:&quot;%&quot;,&quot;size&quot;:&quot;&quot;,&quot;sizes&quot;:[]},&quot;_transform_translateX_effect&quot;:{&quot;unit&quot;:&quot;px&quot;,&quot;size&quot;:&quot;&quot;,&quot;sizes&quot;:[]},&quot;_transform_translateX_effect_tablet&quot;:{&quot;unit&quot;:&quot;px&quot;,&quot;size&quot;:&quot;&quot;,&quot;sizes&quot;:[]},&quot;_transform_translateX_effect_mobile&quot;:{&quot;unit&quot;:&quot;px&quot;,&quot;size&quot;:&quot;&quot;,&quot;sizes&quot;:[]}}\">\n\t\t<div class=\"elementor-element elementor-element-f74bf2d e-con-full e-transform e-flex e-con e-child\" data-id=\"f74bf2d\" data-element_type=\"container\" data-settings=\"{&quot;_transform_translateY_effect&quot;:{&quot;unit&quot;:&quot;%&quot;,&quot;size&quot;:40,&quot;sizes&quot;:[]},&quot;_transform_translateY_effect_tablet&quot;:{&quot;unit&quot;:&quot;%&quot;,&quot;size&quot;:&quot;&quot;,&quot;sizes&quot;:[]},&quot;_transform_translateY_effect_mobile&quot;:{&quot;unit&quot;:&quot;%&quot;,&quot;size&quot;:&quot;&quot;,&quot;sizes&quot;:[]},&quot;_transform_translateX_effect&quot;:{&quot;unit&quot;:&quot;px&quot;,&quot;size&quot;:&quot;&quot;,&quot;sizes&quot;:[]},&quot;_transform_translateX_effect_tablet&quot;:{&quot;unit&quot;:&quot;px&quot;,&quot;size&quot;:&quot;&quot;,&quot;sizes&quot;:[]},&quot;_transform_translateX_effect_mobile&quot;:{&quot;unit&quot;:&quot;px&quot;,&quot;size&quot;:&quot;&quot;,&quot;sizes&quot;:[]}}\">\n\t\t\t\t<div class=\"elementor-element elementor-element-66d6526 elementor-invisible elementor-widget elementor-widget-image\" data-id=\"66d6526\" data-element_type=\"widget\" data-settings=\"{&quot;_animation&quot;:&quot;fadeInLeft&quot;,&quot;_animation_delay&quot;:300}\" data-widget_type=\"image.default\">\n\t\t\t\t<div class=\"elementor-widget-container\">\n\t\t\t\t\t\t\t\t\t\t\t\t\t\t\t<img decoding=\"async\" width=\"600\" height=\"600\" src=\"https:\/\/www.mosagreen.it\/wp-content\/uploads\/2025\/05\/pag-27.png\" class=\"attachment-large size-large wp-image-1874\" alt=\"\" srcset=\"https:\/\/www.mosagreen.it\/wp-content\/uploads\/2025\/05\/pag-27.png 600w, https:\/\/www.mosagreen.it\/wp-content\/uploads\/2025\/05\/pag-27-300x300.png 300w, https:\/\/www.mosagreen.it\/wp-content\/uploads\/2025\/05\/pag-27-150x150.png 150w\" sizes=\"(max-width: 600px) 100vw, 600px\" \/>\t\t\t\t\t\t\t\t\t\t\t\t\t\t\t<\/div>\n\t\t\t\t<\/div>\n\t\t\t\t<\/div>\n\t\t<div class=\"elementor-element elementor-element-0f33033 e-con-full e-flex e-con e-child\" data-id=\"0f33033\" data-element_type=\"container\">\n\t\t<div class=\"elementor-element elementor-element-656b361 e-con-full animated-slow vodu_blurb e-flex elementor-invisible e-con e-child\" data-id=\"656b361\" data-element_type=\"container\" data-settings=\"{&quot;background_background&quot;:&quot;classic&quot;,&quot;animation&quot;:&quot;fadeIn&quot;,&quot;animation_delay&quot;:1000}\">\n\t\t\t\t<div class=\"elementor-element elementor-element-53df5a7 elementor-widget elementor-widget-image\" data-id=\"53df5a7\" data-element_type=\"widget\" data-widget_type=\"image.default\">\n\t\t\t\t<div class=\"elementor-widget-container\">\n\t\t\t\t\t\t\t\t\t\t\t\t\t\t\t<img loading=\"lazy\" decoding=\"async\" width=\"1\" height=\"1\" src=\"https:\/\/www.mosagreen.it\/wp-content\/uploads\/2025\/05\/Asset-58.svg\" class=\"attachment-large size-large wp-image-1325\" alt=\"\" \/>\t\t\t\t\t\t\t\t\t\t\t\t\t\t\t<\/div>\n\t\t\t\t<\/div>\n\t\t<div class=\"elementor-element elementor-element-709f5c8 e-con-full vodu_cont_title e-flex e-con e-child\" data-id=\"709f5c8\" data-element_type=\"container\">\n\t\t\t\t<div class=\"elementor-element elementor-element-c1e31dc elementor-widget elementor-widget-heading\" data-id=\"c1e31dc\" data-element_type=\"widget\" data-widget_type=\"heading.default\">\n\t\t\t\t<div class=\"elementor-widget-container\">\n\t\t\t\t\t<h2 class=\"elementor-heading-title elementor-size-default\">D\u00e9pileur<\/h2>\t\t\t\t<\/div>\n\t\t\t\t<\/div>\n\t\t\t\t<\/div>\n\t\t\t\t<\/div>\n\t\t<div class=\"elementor-element elementor-element-f54bea8 e-con-full animated-slow vodu_blurb e-flex elementor-invisible e-con e-child\" data-id=\"f54bea8\" data-element_type=\"container\" data-settings=\"{&quot;background_background&quot;:&quot;classic&quot;,&quot;animation&quot;:&quot;fadeIn&quot;,&quot;animation_delay&quot;:1500}\">\n\t\t\t\t<div class=\"elementor-element elementor-element-6b0720b elementor-widget elementor-widget-image\" data-id=\"6b0720b\" data-element_type=\"widget\" data-widget_type=\"image.default\">\n\t\t\t\t<div class=\"elementor-widget-container\">\n\t\t\t\t\t\t\t\t\t\t\t\t\t\t\t<img loading=\"lazy\" decoding=\"async\" width=\"1\" height=\"1\" src=\"https:\/\/www.mosagreen.it\/wp-content\/uploads\/2025\/05\/Asset-60.svg\" class=\"attachment-large size-large wp-image-1330\" alt=\"\" \/>\t\t\t\t\t\t\t\t\t\t\t\t\t\t\t<\/div>\n\t\t\t\t<\/div>\n\t\t<div class=\"elementor-element elementor-element-0c2a1d2 e-con-full vodu_cont_title e-flex e-con e-child\" data-id=\"0c2a1d2\" data-element_type=\"container\">\n\t\t\t\t<div class=\"elementor-element elementor-element-ab9d1b9 elementor-widget elementor-widget-heading\" data-id=\"ab9d1b9\" data-element_type=\"widget\" data-widget_type=\"heading.default\">\n\t\t\t\t<div class=\"elementor-widget-container\">\n\t\t\t\t\t<h2 class=\"elementor-heading-title elementor-size-default\">Remplisseuse<\/h2>\t\t\t\t<\/div>\n\t\t\t\t<\/div>\n\t\t\t\t<\/div>\n\t\t\t\t<\/div>\n\t\t<div class=\"elementor-element elementor-element-f84ee8b e-con-full animated-slow vodu_blurb e-flex elementor-invisible e-con e-child\" data-id=\"f84ee8b\" data-element_type=\"container\" data-settings=\"{&quot;background_background&quot;:&quot;classic&quot;,&quot;animation&quot;:&quot;fadeIn&quot;,&quot;animation_delay&quot;:2000}\">\n\t\t\t\t<div class=\"elementor-element elementor-element-bf1e13d elementor-widget elementor-widget-image\" data-id=\"bf1e13d\" data-element_type=\"widget\" data-widget_type=\"image.default\">\n\t\t\t\t<div class=\"elementor-widget-container\">\n\t\t\t\t\t\t\t\t\t\t\t\t\t\t\t<img loading=\"lazy\" decoding=\"async\" width=\"1\" height=\"1\" src=\"https:\/\/www.mosagreen.it\/wp-content\/uploads\/2025\/05\/Asset-64.svg\" class=\"attachment-large size-large wp-image-8729\" alt=\"\" \/>\t\t\t\t\t\t\t\t\t\t\t\t\t\t\t<\/div>\n\t\t\t\t<\/div>\n\t\t<div class=\"elementor-element elementor-element-5fb9963 e-con-full vodu_cont_title e-flex e-con e-child\" data-id=\"5fb9963\" data-element_type=\"container\">\n\t\t\t\t<div class=\"elementor-element elementor-element-22506b8 elementor-widget elementor-widget-heading\" data-id=\"22506b8\" data-element_type=\"widget\" data-widget_type=\"heading.default\">\n\t\t\t\t<div class=\"elementor-widget-container\">\n\t\t\t\t\t<h2 class=\"elementor-heading-title elementor-size-default\">Compacteur<\/h2>\t\t\t\t<\/div>\n\t\t\t\t<\/div>\n\t\t\t\t<\/div>\n\t\t\t\t<\/div>\n\t\t\t\t<\/div>\n\t\t\t\t<\/div>\n\t\t\t\t\t<\/div>\n\t\t\t\t<\/div>\n\t\t<div class=\"elementor-element elementor-element-69e252b e-flex e-con-boxed elementor-invisible e-con e-parent\" data-id=\"69e252b\" data-element_type=\"container\" data-settings=\"{&quot;animation&quot;:&quot;fadeInUp&quot;,&quot;animation_delay&quot;:300}\">\n\t\t\t\t\t<div class=\"e-con-inner\">\n\t\t<div class=\"elementor-element elementor-element-51f5a25 e-con-full e-flex e-con e-child\" data-id=\"51f5a25\" data-element_type=\"container\">\n\t\t<div class=\"elementor-element elementor-element-9deadf7 e-con-full e-flex elementor-invisible e-con e-child\" data-id=\"9deadf7\" data-element_type=\"container\" data-settings=\"{&quot;animation&quot;:&quot;fadeInRight&quot;,&quot;animation_delay&quot;:400}\">\n\t\t\t\t<div class=\"elementor-element elementor-element-f067887 elementor-widget__width-inherit elementor-widget elementor-widget-shortcode\" data-id=\"f067887\" data-element_type=\"widget\" data-widget_type=\"shortcode.default\">\n\t\t\t\t<div class=\"elementor-widget-container\">\n\t\t\t\t\t\t\t<div class=\"elementor-shortcode\"><h2 id=\"tablepress-61-name\" class=\"tablepress-table-name tablepress-table-name-id-61\">REMPLISSEUSE R9G \u2013 Donn\u00e9es techniques<\/h2>\n\n<table id=\"tablepress-61\" class=\"tablepress tablepress-id-61\" aria-labelledby=\"tablepress-61-name\">\n<tbody class=\"row-striping\">\n<tr class=\"row-1\">\n\t<td class=\"column-1\">Capacit\u00e9 de production<\/td><td class=\"column-2\">1400<\/td><td class=\"column-3\">Conteneurs\/Heure<\/td>\n<\/tr>\n<tr class=\"row-2\">\n\t<td class=\"column-1\">Dimensions du conteneur<\/td><td class=\"column-2\">700x500x160<\/td><td class=\"column-3\">mm<\/td>\n<\/tr>\n<tr class=\"row-3\">\n\t<td class=\"column-1\">Puissance install\u00e9e<\/td><td class=\"column-2\">5<\/td><td class=\"column-3\">kW<\/td>\n<\/tr>\n<tr class=\"row-4\">\n\t<td class=\"column-1\">Capacit\u00e9 tr\u00e9mie<\/td><td class=\"column-2\">1000<\/td><td class=\"column-3\">l<\/td>\n<\/tr>\n<tr class=\"row-5\">\n\t<td class=\"column-1\">Poids<\/td><td class=\"column-2\">985<\/td><td class=\"column-3\">kg<\/td>\n<\/tr>\n<tr class=\"row-6\">\n\t<td class=\"column-1\">Dimensions<\/td><td class=\"column-2\">3200x2700<\/td><td class=\"column-3\">mm<\/td>\n<\/tr>\n<\/tbody>\n<\/table>\n<!-- #tablepress-61 from cache --><\/div>\n\t\t\t\t\t\t<\/div>\n\t\t\t\t<\/div>\n\t\t\t\t<div class=\"elementor-element elementor-element-147885b elementor-widget__width-inherit elementor-widget elementor-widget-shortcode\" data-id=\"147885b\" data-element_type=\"widget\" data-widget_type=\"shortcode.default\">\n\t\t\t\t<div class=\"elementor-widget-container\">\n\t\t\t\t\t\t\t<div class=\"elementor-shortcode\"><h2 id=\"tablepress-62-name\" class=\"tablepress-table-name tablepress-table-name-id-62\">REMPLISSEUSE R9G \u2013 D\u00e9pileurs disponibles<\/h2>\n\n<table id=\"tablepress-62\" class=\"tablepress tablepress-id-62\" aria-labelledby=\"tablepress-62-name\">\n<tbody class=\"row-striping\">\n<tr class=\"row-1\">\n\t<td class=\"column-1\">DC-1<\/td><td class=\"column-2\">D\u00e9pileur pour conteneurs en polystyr\u00e8ne<\/td>\n<\/tr>\n<tr class=\"row-2\">\n\t<td class=\"column-1\">DC-6<\/td><td class=\"column-2\">D\u00e9pileur pour conteneurs lourds en plastique dur<\/td>\n<\/tr>\n<tr class=\"row-3\">\n\t<td class=\"column-1\">DC-3<\/td><td class=\"column-2\">D\u00e9pileur pour conteneurs thermoform\u00e9s l\u00e9gers<\/td>\n<\/tr>\n<tr class=\"row-4\">\n\t<td class=\"column-1\">DC-8<\/td><td class=\"column-2\">D\u00e9pileur pour un rel\u00e2chement contr\u00f4l\u00e9 et sans \u00e0-coups des conteneurs.<\/td>\n<\/tr>\n<\/tbody>\n<\/table>\n<!-- #tablepress-62 from cache --><\/div>\n\t\t\t\t\t\t<\/div>\n\t\t\t\t<\/div>\n\t\t\t\t<\/div>\n\t\t\t\t<\/div>\n\t\t\t\t\t<\/div>\n\t\t\t\t<\/div>\n\t\t\t\t<\/div>\n\t\t","protected":false},"featured_media":1499,"template":"","meta":{"_acf_changed":false,"inline_featured_image":false},"product_category":[148],"class_list":["post-6086","product","type-product","status-publish","has-post-thumbnail","hentry","product_category-remplissage-et-rempotage"],"acf":[],"yoast_head":"<!-- This site is optimized with the Yoast SEO plugin v26.0 - https:\/\/yoast.com\/wordpress\/plugins\/seo\/ -->\n<title>REMPLISSEUSE R9G - MosaGreen<\/title>\n<meta name=\"robots\" content=\"index, follow, max-snippet:-1, max-image-preview:large, max-video-preview:-1\" \/>\n<link rel=\"canonical\" href=\"https:\/\/www.mosagreen.it\/fr\/product\/remplisseuse-r9g\/\" \/>\n<meta property=\"og:locale\" content=\"fr_FR\" \/>\n<meta property=\"og:type\" content=\"article\" \/>\n<meta property=\"og:title\" content=\"REMPLISSEUSE R9G - MosaGreen\" \/>\n<meta property=\"og:description\" content=\"La remplisseuse R9G est con\u00e7ue pour remplir des contenants et est \u00e9quip\u00e9e d\u2019une tr\u00e9mie de 1000 litres et d\u2019un compacteur \u00e0 lames qui assure un degr\u00e9 \u00e9lev\u00e9 de compactage du substrat. Elle est aussi dot\u00e9e d&rsquo;un convoyeur \u00e0 bande \u00e0 surface antid\u00e9rapante ainsi que d&rsquo;un syst\u00e8me de r\u00e9cup\u00e9ration \u00e0 cha\u00eene pour le substrat exc\u00e9dentaire. Cette [&hellip;]\" \/>\n<meta property=\"og:url\" content=\"https:\/\/www.mosagreen.it\/fr\/product\/remplisseuse-r9g\/\" \/>\n<meta property=\"og:site_name\" content=\"MosaGreen\" \/>\n<meta property=\"article:modified_time\" content=\"2025-09-05T13:20:47+00:00\" \/>\n<meta property=\"og:image\" content=\"https:\/\/www.mosagreen.it\/wp-content\/uploads\/2025\/05\/FILLER-R9G-1-1024x717.png\" \/>\n\t<meta property=\"og:image:width\" content=\"1024\" \/>\n\t<meta property=\"og:image:height\" content=\"717\" \/>\n\t<meta property=\"og:image:type\" content=\"image\/png\" \/>\n<meta name=\"twitter:card\" content=\"summary_large_image\" \/>\n<meta name=\"twitter:label1\" content=\"Dur\u00e9e de lecture estim\u00e9e\" \/>\n\t<meta name=\"twitter:data1\" content=\"2 minutes\" \/>\n<script type=\"application\/ld+json\" class=\"yoast-schema-graph\">{\"@context\":\"https:\/\/schema.org\",\"@graph\":[{\"@type\":\"WebPage\",\"@id\":\"https:\/\/www.mosagreen.it\/fr\/product\/remplisseuse-r9g\/\",\"url\":\"https:\/\/www.mosagreen.it\/fr\/product\/remplisseuse-r9g\/\",\"name\":\"REMPLISSEUSE R9G - MosaGreen\",\"isPartOf\":{\"@id\":\"https:\/\/www.mosagreen.it\/fr\/#website\"},\"primaryImageOfPage\":{\"@id\":\"https:\/\/www.mosagreen.it\/fr\/product\/remplisseuse-r9g\/#primaryimage\"},\"image\":{\"@id\":\"https:\/\/www.mosagreen.it\/fr\/product\/remplisseuse-r9g\/#primaryimage\"},\"thumbnailUrl\":\"https:\/\/www.mosagreen.it\/wp-content\/uploads\/2025\/05\/FILLER-R9G-1.png\",\"datePublished\":\"2025-05-02T15:50:28+00:00\",\"dateModified\":\"2025-09-05T13:20:47+00:00\",\"breadcrumb\":{\"@id\":\"https:\/\/www.mosagreen.it\/fr\/product\/remplisseuse-r9g\/#breadcrumb\"},\"inLanguage\":\"fr-FR\",\"potentialAction\":[{\"@type\":\"ReadAction\",\"target\":[\"https:\/\/www.mosagreen.it\/fr\/product\/remplisseuse-r9g\/\"]}]},{\"@type\":\"ImageObject\",\"inLanguage\":\"fr-FR\",\"@id\":\"https:\/\/www.mosagreen.it\/fr\/product\/remplisseuse-r9g\/#primaryimage\",\"url\":\"https:\/\/www.mosagreen.it\/wp-content\/uploads\/2025\/05\/FILLER-R9G-1.png\",\"contentUrl\":\"https:\/\/www.mosagreen.it\/wp-content\/uploads\/2025\/05\/FILLER-R9G-1.png\",\"width\":1920,\"height\":1345},{\"@type\":\"BreadcrumbList\",\"@id\":\"https:\/\/www.mosagreen.it\/fr\/product\/remplisseuse-r9g\/#breadcrumb\",\"itemListElement\":[{\"@type\":\"ListItem\",\"position\":1,\"name\":\"Home\",\"item\":\"https:\/\/www.mosagreen.it\/fr\/\"},{\"@type\":\"ListItem\",\"position\":2,\"name\":\"REMPLISSEUSE R9G\"}]},{\"@type\":\"WebSite\",\"@id\":\"https:\/\/www.mosagreen.it\/fr\/#website\",\"url\":\"https:\/\/www.mosagreen.it\/fr\/\",\"name\":\"MosaGreen\",\"description\":\"Macchine per OrtoFloro Vivaismo\",\"publisher\":{\"@id\":\"https:\/\/www.mosagreen.it\/fr\/#organization\"},\"potentialAction\":[{\"@type\":\"SearchAction\",\"target\":{\"@type\":\"EntryPoint\",\"urlTemplate\":\"https:\/\/www.mosagreen.it\/fr\/?s={search_term_string}\"},\"query-input\":{\"@type\":\"PropertyValueSpecification\",\"valueRequired\":true,\"valueName\":\"search_term_string\"}}],\"inLanguage\":\"fr-FR\"},{\"@type\":\"Organization\",\"@id\":\"https:\/\/www.mosagreen.it\/fr\/#organization\",\"name\":\"MosaGreen\",\"url\":\"https:\/\/www.mosagreen.it\/fr\/\",\"logo\":{\"@type\":\"ImageObject\",\"inLanguage\":\"fr-FR\",\"@id\":\"https:\/\/www.mosagreen.it\/fr\/#\/schema\/logo\/image\/\",\"url\":\"https:\/\/www.mosagreen.it\/wp-content\/uploads\/2025\/04\/logo-1.png\",\"contentUrl\":\"https:\/\/www.mosagreen.it\/wp-content\/uploads\/2025\/04\/logo-1.png\",\"width\":367,\"height\":476,\"caption\":\"MosaGreen\"},\"image\":{\"@id\":\"https:\/\/www.mosagreen.it\/fr\/#\/schema\/logo\/image\/\"}}]}<\/script>\n<!-- \/ Yoast SEO plugin. -->","yoast_head_json":{"title":"REMPLISSEUSE R9G - MosaGreen","robots":{"index":"index","follow":"follow","max-snippet":"max-snippet:-1","max-image-preview":"max-image-preview:large","max-video-preview":"max-video-preview:-1"},"canonical":"https:\/\/www.mosagreen.it\/fr\/product\/remplisseuse-r9g\/","og_locale":"fr_FR","og_type":"article","og_title":"REMPLISSEUSE R9G - MosaGreen","og_description":"La remplisseuse R9G est con\u00e7ue pour remplir des contenants et est \u00e9quip\u00e9e d\u2019une tr\u00e9mie de 1000 litres et d\u2019un compacteur \u00e0 lames qui assure un degr\u00e9 \u00e9lev\u00e9 de compactage du substrat. Elle est aussi dot\u00e9e d&rsquo;un convoyeur \u00e0 bande \u00e0 surface antid\u00e9rapante ainsi que d&rsquo;un syst\u00e8me de r\u00e9cup\u00e9ration \u00e0 cha\u00eene pour le substrat exc\u00e9dentaire. Cette [&hellip;]","og_url":"https:\/\/www.mosagreen.it\/fr\/product\/remplisseuse-r9g\/","og_site_name":"MosaGreen","article_modified_time":"2025-09-05T13:20:47+00:00","og_image":[{"width":1024,"height":717,"url":"https:\/\/www.mosagreen.it\/wp-content\/uploads\/2025\/05\/FILLER-R9G-1-1024x717.png","type":"image\/png"}],"twitter_card":"summary_large_image","twitter_misc":{"Dur\u00e9e de lecture estim\u00e9e":"2 minutes"},"schema":{"@context":"https:\/\/schema.org","@graph":[{"@type":"WebPage","@id":"https:\/\/www.mosagreen.it\/fr\/product\/remplisseuse-r9g\/","url":"https:\/\/www.mosagreen.it\/fr\/product\/remplisseuse-r9g\/","name":"REMPLISSEUSE R9G - MosaGreen","isPartOf":{"@id":"https:\/\/www.mosagreen.it\/fr\/#website"},"primaryImageOfPage":{"@id":"https:\/\/www.mosagreen.it\/fr\/product\/remplisseuse-r9g\/#primaryimage"},"image":{"@id":"https:\/\/www.mosagreen.it\/fr\/product\/remplisseuse-r9g\/#primaryimage"},"thumbnailUrl":"https:\/\/www.mosagreen.it\/wp-content\/uploads\/2025\/05\/FILLER-R9G-1.png","datePublished":"2025-05-02T15:50:28+00:00","dateModified":"2025-09-05T13:20:47+00:00","breadcrumb":{"@id":"https:\/\/www.mosagreen.it\/fr\/product\/remplisseuse-r9g\/#breadcrumb"},"inLanguage":"fr-FR","potentialAction":[{"@type":"ReadAction","target":["https:\/\/www.mosagreen.it\/fr\/product\/remplisseuse-r9g\/"]}]},{"@type":"ImageObject","inLanguage":"fr-FR","@id":"https:\/\/www.mosagreen.it\/fr\/product\/remplisseuse-r9g\/#primaryimage","url":"https:\/\/www.mosagreen.it\/wp-content\/uploads\/2025\/05\/FILLER-R9G-1.png","contentUrl":"https:\/\/www.mosagreen.it\/wp-content\/uploads\/2025\/05\/FILLER-R9G-1.png","width":1920,"height":1345},{"@type":"BreadcrumbList","@id":"https:\/\/www.mosagreen.it\/fr\/product\/remplisseuse-r9g\/#breadcrumb","itemListElement":[{"@type":"ListItem","position":1,"name":"Home","item":"https:\/\/www.mosagreen.it\/fr\/"},{"@type":"ListItem","position":2,"name":"REMPLISSEUSE R9G"}]},{"@type":"WebSite","@id":"https:\/\/www.mosagreen.it\/fr\/#website","url":"https:\/\/www.mosagreen.it\/fr\/","name":"MosaGreen","description":"Macchine per OrtoFloro Vivaismo","publisher":{"@id":"https:\/\/www.mosagreen.it\/fr\/#organization"},"potentialAction":[{"@type":"SearchAction","target":{"@type":"EntryPoint","urlTemplate":"https:\/\/www.mosagreen.it\/fr\/?s={search_term_string}"},"query-input":{"@type":"PropertyValueSpecification","valueRequired":true,"valueName":"search_term_string"}}],"inLanguage":"fr-FR"},{"@type":"Organization","@id":"https:\/\/www.mosagreen.it\/fr\/#organization","name":"MosaGreen","url":"https:\/\/www.mosagreen.it\/fr\/","logo":{"@type":"ImageObject","inLanguage":"fr-FR","@id":"https:\/\/www.mosagreen.it\/fr\/#\/schema\/logo\/image\/","url":"https:\/\/www.mosagreen.it\/wp-content\/uploads\/2025\/04\/logo-1.png","contentUrl":"https:\/\/www.mosagreen.it\/wp-content\/uploads\/2025\/04\/logo-1.png","width":367,"height":476,"caption":"MosaGreen"},"image":{"@id":"https:\/\/www.mosagreen.it\/fr\/#\/schema\/logo\/image\/"}}]}},"_links":{"self":[{"href":"https:\/\/www.mosagreen.it\/fr\/wp-json\/wp\/v2\/product\/6086","targetHints":{"allow":["GET"]}}],"collection":[{"href":"https:\/\/www.mosagreen.it\/fr\/wp-json\/wp\/v2\/product"}],"about":[{"href":"https:\/\/www.mosagreen.it\/fr\/wp-json\/wp\/v2\/types\/product"}],"version-history":[{"count":10,"href":"https:\/\/www.mosagreen.it\/fr\/wp-json\/wp\/v2\/product\/6086\/revisions"}],"predecessor-version":[{"id":8740,"href":"https:\/\/www.mosagreen.it\/fr\/wp-json\/wp\/v2\/product\/6086\/revisions\/8740"}],"wp:featuredmedia":[{"embeddable":true,"href":"https:\/\/www.mosagreen.it\/fr\/wp-json\/wp\/v2\/media\/1499"}],"wp:attachment":[{"href":"https:\/\/www.mosagreen.it\/fr\/wp-json\/wp\/v2\/media?parent=6086"}],"wp:term":[{"taxonomy":"product_category","embeddable":true,"href":"https:\/\/www.mosagreen.it\/fr\/wp-json\/wp\/v2\/product_category?post=6086"}],"curies":[{"name":"wp","href":"https:\/\/api.w.org\/{rel}","templated":true}]}}