{"id":6024,"date":"2025-01-04T11:39:55","date_gmt":"2025-01-04T10:39:55","guid":{"rendered":"https:\/\/www.mosagreen.it\/product\/formaimpronte-fi-e-fir\/"},"modified":"2025-09-05T09:50:05","modified_gmt":"2025-09-05T07:50:05","slug":"unite-dempreinte-fi-et-fir","status":"publish","type":"product","link":"https:\/\/www.mosagreen.it\/fr\/product\/unite-dempreinte-fi-et-fir\/","title":{"rendered":"UNIT\u00c9 D\u2019EMPREINTE FI ET FIR"},"content":{"rendered":"\t\t<div data-elementor-type=\"wp-post\" data-elementor-id=\"6024\" class=\"elementor elementor-6024 elementor-4899\" data-elementor-post-type=\"product\">\n\t\t\t\t<div class=\"elementor-element elementor-element-1ba8086 e-con-full e-flex e-con e-parent\" data-id=\"1ba8086\" data-element_type=\"container\">\n\t\t\t\t<div class=\"elementor-element elementor-element-c912589 elementor-widget elementor-widget-template\" data-id=\"c912589\" data-element_type=\"widget\" data-widget_type=\"template.default\">\n\t\t\t\t<div class=\"elementor-widget-container\">\n\t\t\t\t\t\t\t<div class=\"elementor-template\">\n\t\t\t\t\t<div data-elementor-type=\"page\" data-elementor-id=\"1772\" class=\"elementor elementor-1772\" data-elementor-post-type=\"elementor_library\">\n\t\t\t\t<div class=\"elementor-element elementor-element-adfed9d e-con-full e-flex e-con e-parent\" data-id=\"adfed9d\" data-element_type=\"container\">\n\t\t\t\t<div class=\"elementor-element elementor-element-60a5de7 elementor-widget elementor-widget-image\" data-id=\"60a5de7\" data-element_type=\"widget\" data-widget_type=\"image.default\">\n\t\t\t\t<div class=\"elementor-widget-container\">\n\t\t\t\t\t\t\t\t\t\t\t\t\t\t\t<img fetchpriority=\"high\" decoding=\"async\" width=\"2560\" height=\"909\" src=\"https:\/\/www.mosagreen.it\/wp-content\/uploads\/2025\/04\/riempimento_invasatura-scaled.jpg\" class=\"attachment-full size-full wp-image-579\" alt=\"\" srcset=\"https:\/\/www.mosagreen.it\/wp-content\/uploads\/2025\/04\/riempimento_invasatura-scaled.jpg 2560w, https:\/\/www.mosagreen.it\/wp-content\/uploads\/2025\/04\/riempimento_invasatura-300x107.jpg 300w, https:\/\/www.mosagreen.it\/wp-content\/uploads\/2025\/04\/riempimento_invasatura-1024x364.jpg 1024w, https:\/\/www.mosagreen.it\/wp-content\/uploads\/2025\/04\/riempimento_invasatura-768x273.jpg 768w, https:\/\/www.mosagreen.it\/wp-content\/uploads\/2025\/04\/riempimento_invasatura-1536x546.jpg 1536w, https:\/\/www.mosagreen.it\/wp-content\/uploads\/2025\/04\/riempimento_invasatura-2048x727.jpg 2048w\" sizes=\"(max-width: 2560px) 100vw, 2560px\" \/>\t\t\t\t\t\t\t\t\t\t\t\t\t\t\t<\/div>\n\t\t\t\t<\/div>\n\t\t\t\t<\/div>\n\t\t\t\t<\/div>\n\t\t\t\t<\/div>\n\t\t\t\t\t\t<\/div>\n\t\t\t\t<\/div>\n\t\t\t\t<\/div>\n\t\t<div class=\"elementor-element elementor-element-c8dfa5d e-flex e-con-boxed e-con e-parent\" data-id=\"c8dfa5d\" data-element_type=\"container\">\n\t\t\t\t\t<div class=\"e-con-inner\">\n\t\t<div class=\"elementor-element elementor-element-191efc7 e-con-full e-flex e-con e-child\" data-id=\"191efc7\" data-element_type=\"container\">\n\t\t\t\t<div class=\"elementor-element elementor-element-69419b7 elementor-invisible elementor-widget elementor-widget-theme-post-featured-image elementor-widget-image\" data-id=\"69419b7\" data-element_type=\"widget\" data-settings=\"{&quot;_animation&quot;:&quot;fadeInLeft&quot;,&quot;_animation_delay&quot;:300}\" data-widget_type=\"theme-post-featured-image.default\">\n\t\t\t\t<div class=\"elementor-widget-container\">\n\t\t\t\t\t\t\t\t\t\t\t\t\t\t\t<img decoding=\"async\" width=\"800\" height=\"612\" src=\"https:\/\/www.mosagreen.it\/wp-content\/uploads\/2025\/01\/Foto-Formaimpronte-1024x783.png\" class=\"attachment-large size-large wp-image-5214\" alt=\"\" srcset=\"https:\/\/www.mosagreen.it\/wp-content\/uploads\/2025\/01\/Foto-Formaimpronte-1024x783.png 1024w, https:\/\/www.mosagreen.it\/wp-content\/uploads\/2025\/01\/Foto-Formaimpronte-300x229.png 300w, https:\/\/www.mosagreen.it\/wp-content\/uploads\/2025\/01\/Foto-Formaimpronte-768x587.png 768w, https:\/\/www.mosagreen.it\/wp-content\/uploads\/2025\/01\/Foto-Formaimpronte-1536x1174.png 1536w, https:\/\/www.mosagreen.it\/wp-content\/uploads\/2025\/01\/Foto-Formaimpronte-2048x1566.png 2048w\" sizes=\"(max-width: 800px) 100vw, 800px\" \/>\t\t\t\t\t\t\t\t\t\t\t\t\t\t\t<\/div>\n\t\t\t\t<\/div>\n\t\t\t\t<\/div>\n\t\t<div class=\"elementor-element elementor-element-6cd5aa3 e-con-full e-flex elementor-invisible e-con e-child\" data-id=\"6cd5aa3\" data-element_type=\"container\" data-settings=\"{&quot;animation&quot;:&quot;fadeInRight&quot;,&quot;animation_delay&quot;:400}\">\n\t\t<div class=\"elementor-element elementor-element-d0b1ffa e-con-full e-flex e-con e-child\" data-id=\"d0b1ffa\" data-element_type=\"container\">\n\t\t\t\t<div class=\"elementor-element elementor-element-bdf2680 elementor-widget elementor-widget-heading\" data-id=\"bdf2680\" data-element_type=\"widget\" data-widget_type=\"heading.default\">\n\t\t\t\t<div class=\"elementor-widget-container\">\n\t\t\t\t\t<h2 class=\"elementor-heading-title elementor-size-default\">UNIT\u00c9 D\u2019EMPREINTE<\/h2>\t\t\t\t<\/div>\n\t\t\t\t<\/div>\n\t\t\t\t<div class=\"elementor-element elementor-element-556a4a7 elementor-widget elementor-widget-heading\" data-id=\"556a4a7\" data-element_type=\"widget\" data-widget_type=\"heading.default\">\n\t\t\t\t<div class=\"elementor-widget-container\">\n\t\t\t\t\t<h2 class=\"elementor-heading-title elementor-size-default\">FI ET FIR<\/h2>\t\t\t\t<\/div>\n\t\t\t\t<\/div>\n\t\t\t\t<\/div>\n\t\t\t\t<div class=\"elementor-element elementor-element-7ba91d2 elementor-widget elementor-widget-text-editor\" data-id=\"7ba91d2\" data-element_type=\"widget\" data-widget_type=\"text-editor.default\">\n\t\t\t\t<div class=\"elementor-widget-container\">\n\t\t\t\t\t\t\t\t\t<p>L\u2019unit\u00e9 d\u2019empreinte FI ET FIR est une machine extr\u00eamement polyvalente qui peut fonctionner de mani\u00e8re autonome ou \u00eatre int\u00e9gr\u00e9e dans des lignes de semis, de remplissage et de repiquage. Les trous de plantation sont enfonc\u00e9s dans le substrat \u00e0 l&rsquo;aide d&rsquo;une plaque munie de poin\u00e7ons fixes. La plaque est toujours con\u00e7ue et fabriqu\u00e9e sp\u00e9cialement pour le contenant utilis\u00e9. Sur demande, la machine peut \u00e9galement \u00eatre \u00e9quip\u00e9e d&rsquo;une plaque avec des poin\u00e7ons rotatifs pour r\u00e9aliser les trous de plantation par forage.<\/p>\t\t\t\t\t\t\t\t<\/div>\n\t\t\t\t<\/div>\n\t\t\t\t<\/div>\n\t\t\t\t\t<\/div>\n\t\t\t\t<\/div>\n\t\t<div class=\"elementor-element elementor-element-31b2feb e-flex e-con-boxed e-con e-parent\" data-id=\"31b2feb\" data-element_type=\"container\">\n\t\t\t\t\t<div class=\"e-con-inner\">\n\t\t<div class=\"elementor-element elementor-element-e0f3505 e-con-full e-transform e-flex e-con e-child\" data-id=\"e0f3505\" data-element_type=\"container\" data-settings=\"{&quot;background_background&quot;:&quot;classic&quot;,&quot;_transform_translateY_effect&quot;:{&quot;unit&quot;:&quot;%&quot;,&quot;size&quot;:-25,&quot;sizes&quot;:[]},&quot;_transform_translateY_effect_tablet&quot;:{&quot;unit&quot;:&quot;%&quot;,&quot;size&quot;:&quot;&quot;,&quot;sizes&quot;:[]},&quot;_transform_translateY_effect_mobile&quot;:{&quot;unit&quot;:&quot;%&quot;,&quot;size&quot;:&quot;&quot;,&quot;sizes&quot;:[]},&quot;_transform_translateX_effect&quot;:{&quot;unit&quot;:&quot;px&quot;,&quot;size&quot;:&quot;&quot;,&quot;sizes&quot;:[]},&quot;_transform_translateX_effect_tablet&quot;:{&quot;unit&quot;:&quot;px&quot;,&quot;size&quot;:&quot;&quot;,&quot;sizes&quot;:[]},&quot;_transform_translateX_effect_mobile&quot;:{&quot;unit&quot;:&quot;px&quot;,&quot;size&quot;:&quot;&quot;,&quot;sizes&quot;:[]}}\">\n\t\t<div class=\"elementor-element elementor-element-f069684 e-con-full e-transform e-flex e-con e-child\" data-id=\"f069684\" data-element_type=\"container\" data-settings=\"{&quot;_transform_translateY_effect&quot;:{&quot;unit&quot;:&quot;%&quot;,&quot;size&quot;:40,&quot;sizes&quot;:[]},&quot;_transform_translateY_effect_tablet&quot;:{&quot;unit&quot;:&quot;%&quot;,&quot;size&quot;:&quot;&quot;,&quot;sizes&quot;:[]},&quot;_transform_translateY_effect_mobile&quot;:{&quot;unit&quot;:&quot;%&quot;,&quot;size&quot;:&quot;&quot;,&quot;sizes&quot;:[]},&quot;_transform_translateX_effect&quot;:{&quot;unit&quot;:&quot;px&quot;,&quot;size&quot;:&quot;&quot;,&quot;sizes&quot;:[]},&quot;_transform_translateX_effect_tablet&quot;:{&quot;unit&quot;:&quot;px&quot;,&quot;size&quot;:&quot;&quot;,&quot;sizes&quot;:[]},&quot;_transform_translateX_effect_mobile&quot;:{&quot;unit&quot;:&quot;px&quot;,&quot;size&quot;:&quot;&quot;,&quot;sizes&quot;:[]}}\">\n\t\t\t\t<div class=\"elementor-element elementor-element-1a957c1 elementor-hidden-desktop elementor-hidden-tablet elementor-hidden-mobile elementor-invisible elementor-widget elementor-widget-image\" data-id=\"1a957c1\" data-element_type=\"widget\" data-settings=\"{&quot;_animation&quot;:&quot;fadeInLeft&quot;,&quot;_animation_delay&quot;:300}\" data-widget_type=\"image.default\">\n\t\t\t\t<div class=\"elementor-widget-container\">\n\t\t\t\t\t\t\t\t\t\t\t\t\t\t\t<img decoding=\"async\" width=\"600\" height=\"600\" src=\"https:\/\/www.mosagreen.it\/wp-content\/uploads\/2025\/05\/pag-37-a.png\" class=\"attachment-large size-large wp-image-1822\" alt=\"\" srcset=\"https:\/\/www.mosagreen.it\/wp-content\/uploads\/2025\/05\/pag-37-a.png 600w, https:\/\/www.mosagreen.it\/wp-content\/uploads\/2025\/05\/pag-37-a-300x300.png 300w, https:\/\/www.mosagreen.it\/wp-content\/uploads\/2025\/05\/pag-37-a-150x150.png 150w\" sizes=\"(max-width: 600px) 100vw, 600px\" \/>\t\t\t\t\t\t\t\t\t\t\t\t\t\t\t<\/div>\n\t\t\t\t<\/div>\n\t\t\t\t<div class=\"elementor-element elementor-element-439b275 elementor-hidden-desktop elementor-hidden-tablet elementor-hidden-mobile elementor-invisible elementor-widget elementor-widget-image\" data-id=\"439b275\" data-element_type=\"widget\" data-settings=\"{&quot;_animation&quot;:&quot;fadeInLeft&quot;,&quot;_animation_delay&quot;:300}\" data-widget_type=\"image.default\">\n\t\t\t\t<div class=\"elementor-widget-container\">\n\t\t\t\t\t\t\t\t\t\t\t\t\t\t\t<img loading=\"lazy\" decoding=\"async\" width=\"600\" height=\"600\" src=\"https:\/\/www.mosagreen.it\/wp-content\/uploads\/2025\/05\/pag-37-b.png\" class=\"attachment-large size-large wp-image-1827\" alt=\"\" srcset=\"https:\/\/www.mosagreen.it\/wp-content\/uploads\/2025\/05\/pag-37-b.png 600w, https:\/\/www.mosagreen.it\/wp-content\/uploads\/2025\/05\/pag-37-b-300x300.png 300w, https:\/\/www.mosagreen.it\/wp-content\/uploads\/2025\/05\/pag-37-b-150x150.png 150w\" sizes=\"(max-width: 600px) 100vw, 600px\" \/>\t\t\t\t\t\t\t\t\t\t\t\t\t\t\t<\/div>\n\t\t\t\t<\/div>\n\t\t\t\t<\/div>\n\t\t<div class=\"elementor-element elementor-element-e5e8ad7 e-con-full e-flex e-con e-child\" data-id=\"e5e8ad7\" data-element_type=\"container\">\n\t\t<div class=\"elementor-element elementor-element-fcff1ab e-con-full animated-slow vodu_blurb elementor-hidden-desktop elementor-hidden-tablet elementor-hidden-mobile e-flex elementor-invisible e-con e-child\" data-id=\"fcff1ab\" data-element_type=\"container\" data-settings=\"{&quot;background_background&quot;:&quot;classic&quot;,&quot;animation&quot;:&quot;fadeIn&quot;,&quot;animation_delay&quot;:1000}\">\n\t\t\t\t<div class=\"elementor-element elementor-element-93b25f1 elementor-widget elementor-widget-image\" data-id=\"93b25f1\" data-element_type=\"widget\" data-widget_type=\"image.default\">\n\t\t\t\t<div class=\"elementor-widget-container\">\n\t\t\t\t\t\t\t\t\t\t\t\t\t\t\t<img loading=\"lazy\" decoding=\"async\" width=\"1\" height=\"1\" src=\"https:\/\/www.mosagreen.it\/wp-content\/uploads\/2025\/05\/Asset-44.svg\" class=\"attachment-large size-large wp-image-1636\" alt=\"\" \/>\t\t\t\t\t\t\t\t\t\t\t\t\t\t\t<\/div>\n\t\t\t\t<\/div>\n\t\t<div class=\"elementor-element elementor-element-361bd6b e-con-full vodu_cont_title e-flex e-con e-child\" data-id=\"361bd6b\" data-element_type=\"container\">\n\t\t\t\t<div class=\"elementor-element elementor-element-de973ef elementor-widget elementor-widget-heading\" data-id=\"de973ef\" data-element_type=\"widget\" data-widget_type=\"heading.default\">\n\t\t\t\t<div class=\"elementor-widget-container\">\n\t\t\t\t\t<h2 class=\"elementor-heading-title elementor-size-default\">Cassetto di riempimento<\/h2>\t\t\t\t<\/div>\n\t\t\t\t<\/div>\n\t\t\t\t<\/div>\n\t\t\t\t<\/div>\n\t\t<div class=\"elementor-element elementor-element-363177b e-con-full animated-slow vodu_blurb e-flex elementor-invisible e-con e-child\" data-id=\"363177b\" data-element_type=\"container\" data-settings=\"{&quot;background_background&quot;:&quot;classic&quot;,&quot;animation&quot;:&quot;fadeIn&quot;,&quot;animation_delay&quot;:1500}\">\n\t\t\t\t<div class=\"elementor-element elementor-element-ab7ad88 elementor-widget elementor-widget-image\" data-id=\"ab7ad88\" data-element_type=\"widget\" data-widget_type=\"image.default\">\n\t\t\t\t<div class=\"elementor-widget-container\">\n\t\t\t\t\t\t\t\t\t\t\t\t\t\t\t<img loading=\"lazy\" decoding=\"async\" width=\"1\" height=\"1\" src=\"https:\/\/www.mosagreen.it\/wp-content\/uploads\/2025\/05\/Asset-43.svg\" class=\"attachment-large size-large wp-image-1641\" alt=\"\" \/>\t\t\t\t\t\t\t\t\t\t\t\t\t\t\t<\/div>\n\t\t\t\t<\/div>\n\t\t<div class=\"elementor-element elementor-element-7f7e99c e-con-full vodu_cont_title e-flex e-con e-child\" data-id=\"7f7e99c\" data-element_type=\"container\">\n\t\t\t\t<div class=\"elementor-element elementor-element-d5bdb20 elementor-widget elementor-widget-heading\" data-id=\"d5bdb20\" data-element_type=\"widget\" data-widget_type=\"heading.default\">\n\t\t\t\t<div class=\"elementor-widget-container\">\n\t\t\t\t\t<h2 class=\"elementor-heading-title elementor-size-default\">Plaque d\u2019empreinte<\/h2>\t\t\t\t<\/div>\n\t\t\t\t<\/div>\n\t\t\t\t<\/div>\n\t\t\t\t<\/div>\n\t\t\t\t<\/div>\n\t\t\t\t<\/div>\n\t\t\t\t\t<\/div>\n\t\t\t\t<\/div>\n\t\t<div class=\"elementor-element elementor-element-4e5ac7b e-flex e-con-boxed elementor-invisible e-con e-parent\" data-id=\"4e5ac7b\" data-element_type=\"container\" data-settings=\"{&quot;animation&quot;:&quot;fadeInUp&quot;,&quot;animation_delay&quot;:300}\">\n\t\t\t\t\t<div class=\"e-con-inner\">\n\t\t<div class=\"elementor-element elementor-element-efb6049 e-con-full e-flex e-con e-child\" data-id=\"efb6049\" data-element_type=\"container\">\n\t\t<div class=\"elementor-element elementor-element-1934e97 e-con-full e-flex elementor-invisible e-con e-child\" data-id=\"1934e97\" data-element_type=\"container\" data-settings=\"{&quot;animation&quot;:&quot;fadeInRight&quot;,&quot;animation_delay&quot;:400}\">\n\t\t\t\t<div class=\"elementor-element elementor-element-197ec1d elementor-widget__width-inherit elementor-widget elementor-widget-shortcode\" data-id=\"197ec1d\" data-element_type=\"widget\" data-widget_type=\"shortcode.default\">\n\t\t\t\t<div class=\"elementor-widget-container\">\n\t\t\t\t\t\t\t<div class=\"elementor-shortcode\"><h2 id=\"tablepress-54-name\" class=\"tablepress-table-name tablepress-table-name-id-54\">UNIT\u00c9 D\u2019EMPREINTE FI ET FIR \u2013 Donn\u00e9es techniques<\/h2>\n\n<table id=\"tablepress-54\" class=\"tablepress tablepress-id-54\" aria-labelledby=\"tablepress-54-name\">\n<tbody class=\"row-striping\">\n<tr class=\"row-1\">\n\t<td class=\"column-1\">Vitesse de travail<\/td><td class=\"column-2\">600<\/td><td class=\"column-3\">Conteneurs\/Heure<\/td>\n<\/tr>\n<tr class=\"row-2\">\n\t<td class=\"column-1\">Puissance install\u00e9e<\/td><td class=\"column-2\">1,1<\/td><td class=\"column-3\">kW<\/td>\n<\/tr>\n<tr class=\"row-3\">\n\t<td class=\"column-1\">Poids<\/td><td class=\"column-2\">250<\/td><td class=\"column-3\">Kg<\/td>\n<\/tr>\n<tr class=\"row-4\">\n\t<td class=\"column-1\">Dimensions<\/td><td class=\"column-2\">2100x1000<\/td><td class=\"column-3\">mm<\/td>\n<\/tr>\n<\/tbody>\n<\/table>\n<!-- #tablepress-54 from cache --><\/div>\n\t\t\t\t\t\t<\/div>\n\t\t\t\t<\/div>\n\t\t\t\t<\/div>\n\t\t\t\t<\/div>\n\t\t\t\t\t<\/div>\n\t\t\t\t<\/div>\n\t\t\t\t<\/div>\n\t\t","protected":false},"featured_media":5214,"template":"","meta":{"_acf_changed":false,"inline_featured_image":false},"product_category":[116],"class_list":["post-6024","product","type-product","status-publish","has-post-thumbnail","hentry","product_category-autres-machines"],"acf":[],"yoast_head":"<!-- This site is optimized with the Yoast SEO plugin v26.0 - https:\/\/yoast.com\/wordpress\/plugins\/seo\/ -->\n<title>UNIT\u00c9 D\u2019EMPREINTE FI ET FIR - MosaGreen<\/title>\n<meta name=\"robots\" content=\"index, follow, max-snippet:-1, max-image-preview:large, max-video-preview:-1\" \/>\n<link rel=\"canonical\" href=\"https:\/\/www.mosagreen.it\/fr\/product\/unite-dempreinte-fi-et-fir\/\" \/>\n<meta property=\"og:locale\" content=\"fr_FR\" \/>\n<meta property=\"og:type\" content=\"article\" \/>\n<meta property=\"og:title\" content=\"UNIT\u00c9 D\u2019EMPREINTE FI ET FIR - MosaGreen\" \/>\n<meta property=\"og:description\" content=\"L\u2019unit\u00e9 d\u2019empreinte FI ET FIR est une machine extr\u00eamement polyvalente qui peut fonctionner de mani\u00e8re autonome ou \u00eatre int\u00e9gr\u00e9e dans des lignes de semis, de remplissage et de repiquage. Les trous de plantation sont enfonc\u00e9s dans le substrat \u00e0 l&rsquo;aide d&rsquo;une plaque munie de poin\u00e7ons fixes. La plaque est toujours con\u00e7ue et fabriqu\u00e9e sp\u00e9cialement pour [&hellip;]\" \/>\n<meta property=\"og:url\" content=\"https:\/\/www.mosagreen.it\/fr\/product\/unite-dempreinte-fi-et-fir\/\" \/>\n<meta property=\"og:site_name\" content=\"MosaGreen\" \/>\n<meta property=\"article:modified_time\" content=\"2025-09-05T07:50:05+00:00\" \/>\n<meta property=\"og:image\" content=\"https:\/\/www.mosagreen.it\/wp-content\/uploads\/2025\/01\/Foto-Formaimpronte-scaled.png\" \/>\n\t<meta property=\"og:image:width\" content=\"2560\" \/>\n\t<meta property=\"og:image:height\" content=\"1957\" \/>\n\t<meta property=\"og:image:type\" content=\"image\/png\" \/>\n<meta name=\"twitter:card\" content=\"summary_large_image\" \/>\n<meta name=\"twitter:label1\" content=\"Dur\u00e9e de lecture estim\u00e9e\" \/>\n\t<meta name=\"twitter:data1\" content=\"2 minutes\" \/>\n<script type=\"application\/ld+json\" class=\"yoast-schema-graph\">{\"@context\":\"https:\/\/schema.org\",\"@graph\":[{\"@type\":\"WebPage\",\"@id\":\"https:\/\/www.mosagreen.it\/fr\/product\/unite-dempreinte-fi-et-fir\/\",\"url\":\"https:\/\/www.mosagreen.it\/fr\/product\/unite-dempreinte-fi-et-fir\/\",\"name\":\"UNIT\u00c9 D\u2019EMPREINTE FI ET FIR - MosaGreen\",\"isPartOf\":{\"@id\":\"https:\/\/www.mosagreen.it\/fr\/#website\"},\"primaryImageOfPage\":{\"@id\":\"https:\/\/www.mosagreen.it\/fr\/product\/unite-dempreinte-fi-et-fir\/#primaryimage\"},\"image\":{\"@id\":\"https:\/\/www.mosagreen.it\/fr\/product\/unite-dempreinte-fi-et-fir\/#primaryimage\"},\"thumbnailUrl\":\"https:\/\/www.mosagreen.it\/wp-content\/uploads\/2025\/01\/Foto-Formaimpronte-scaled.png\",\"datePublished\":\"2025-01-04T10:39:55+00:00\",\"dateModified\":\"2025-09-05T07:50:05+00:00\",\"breadcrumb\":{\"@id\":\"https:\/\/www.mosagreen.it\/fr\/product\/unite-dempreinte-fi-et-fir\/#breadcrumb\"},\"inLanguage\":\"fr-FR\",\"potentialAction\":[{\"@type\":\"ReadAction\",\"target\":[\"https:\/\/www.mosagreen.it\/fr\/product\/unite-dempreinte-fi-et-fir\/\"]}]},{\"@type\":\"ImageObject\",\"inLanguage\":\"fr-FR\",\"@id\":\"https:\/\/www.mosagreen.it\/fr\/product\/unite-dempreinte-fi-et-fir\/#primaryimage\",\"url\":\"https:\/\/www.mosagreen.it\/wp-content\/uploads\/2025\/01\/Foto-Formaimpronte-scaled.png\",\"contentUrl\":\"https:\/\/www.mosagreen.it\/wp-content\/uploads\/2025\/01\/Foto-Formaimpronte-scaled.png\",\"width\":2560,\"height\":1957},{\"@type\":\"BreadcrumbList\",\"@id\":\"https:\/\/www.mosagreen.it\/fr\/product\/unite-dempreinte-fi-et-fir\/#breadcrumb\",\"itemListElement\":[{\"@type\":\"ListItem\",\"position\":1,\"name\":\"Home\",\"item\":\"https:\/\/www.mosagreen.it\/fr\/\"},{\"@type\":\"ListItem\",\"position\":2,\"name\":\"UNIT\u00c9 D\u2019EMPREINTE FI ET FIR\"}]},{\"@type\":\"WebSite\",\"@id\":\"https:\/\/www.mosagreen.it\/fr\/#website\",\"url\":\"https:\/\/www.mosagreen.it\/fr\/\",\"name\":\"MosaGreen\",\"description\":\"Macchine per OrtoFloro Vivaismo\",\"publisher\":{\"@id\":\"https:\/\/www.mosagreen.it\/fr\/#organization\"},\"potentialAction\":[{\"@type\":\"SearchAction\",\"target\":{\"@type\":\"EntryPoint\",\"urlTemplate\":\"https:\/\/www.mosagreen.it\/fr\/?s={search_term_string}\"},\"query-input\":{\"@type\":\"PropertyValueSpecification\",\"valueRequired\":true,\"valueName\":\"search_term_string\"}}],\"inLanguage\":\"fr-FR\"},{\"@type\":\"Organization\",\"@id\":\"https:\/\/www.mosagreen.it\/fr\/#organization\",\"name\":\"MosaGreen\",\"url\":\"https:\/\/www.mosagreen.it\/fr\/\",\"logo\":{\"@type\":\"ImageObject\",\"inLanguage\":\"fr-FR\",\"@id\":\"https:\/\/www.mosagreen.it\/fr\/#\/schema\/logo\/image\/\",\"url\":\"https:\/\/www.mosagreen.it\/wp-content\/uploads\/2025\/04\/logo-1.png\",\"contentUrl\":\"https:\/\/www.mosagreen.it\/wp-content\/uploads\/2025\/04\/logo-1.png\",\"width\":367,\"height\":476,\"caption\":\"MosaGreen\"},\"image\":{\"@id\":\"https:\/\/www.mosagreen.it\/fr\/#\/schema\/logo\/image\/\"}}]}<\/script>\n<!-- \/ Yoast SEO plugin. -->","yoast_head_json":{"title":"UNIT\u00c9 D\u2019EMPREINTE FI ET FIR - MosaGreen","robots":{"index":"index","follow":"follow","max-snippet":"max-snippet:-1","max-image-preview":"max-image-preview:large","max-video-preview":"max-video-preview:-1"},"canonical":"https:\/\/www.mosagreen.it\/fr\/product\/unite-dempreinte-fi-et-fir\/","og_locale":"fr_FR","og_type":"article","og_title":"UNIT\u00c9 D\u2019EMPREINTE FI ET FIR - MosaGreen","og_description":"L\u2019unit\u00e9 d\u2019empreinte FI ET FIR est une machine extr\u00eamement polyvalente qui peut fonctionner de mani\u00e8re autonome ou \u00eatre int\u00e9gr\u00e9e dans des lignes de semis, de remplissage et de repiquage. Les trous de plantation sont enfonc\u00e9s dans le substrat \u00e0 l&rsquo;aide d&rsquo;une plaque munie de poin\u00e7ons fixes. La plaque est toujours con\u00e7ue et fabriqu\u00e9e sp\u00e9cialement pour [&hellip;]","og_url":"https:\/\/www.mosagreen.it\/fr\/product\/unite-dempreinte-fi-et-fir\/","og_site_name":"MosaGreen","article_modified_time":"2025-09-05T07:50:05+00:00","og_image":[{"width":2560,"height":1957,"url":"https:\/\/www.mosagreen.it\/wp-content\/uploads\/2025\/01\/Foto-Formaimpronte-scaled.png","type":"image\/png"}],"twitter_card":"summary_large_image","twitter_misc":{"Dur\u00e9e de lecture estim\u00e9e":"2 minutes"},"schema":{"@context":"https:\/\/schema.org","@graph":[{"@type":"WebPage","@id":"https:\/\/www.mosagreen.it\/fr\/product\/unite-dempreinte-fi-et-fir\/","url":"https:\/\/www.mosagreen.it\/fr\/product\/unite-dempreinte-fi-et-fir\/","name":"UNIT\u00c9 D\u2019EMPREINTE FI ET FIR - MosaGreen","isPartOf":{"@id":"https:\/\/www.mosagreen.it\/fr\/#website"},"primaryImageOfPage":{"@id":"https:\/\/www.mosagreen.it\/fr\/product\/unite-dempreinte-fi-et-fir\/#primaryimage"},"image":{"@id":"https:\/\/www.mosagreen.it\/fr\/product\/unite-dempreinte-fi-et-fir\/#primaryimage"},"thumbnailUrl":"https:\/\/www.mosagreen.it\/wp-content\/uploads\/2025\/01\/Foto-Formaimpronte-scaled.png","datePublished":"2025-01-04T10:39:55+00:00","dateModified":"2025-09-05T07:50:05+00:00","breadcrumb":{"@id":"https:\/\/www.mosagreen.it\/fr\/product\/unite-dempreinte-fi-et-fir\/#breadcrumb"},"inLanguage":"fr-FR","potentialAction":[{"@type":"ReadAction","target":["https:\/\/www.mosagreen.it\/fr\/product\/unite-dempreinte-fi-et-fir\/"]}]},{"@type":"ImageObject","inLanguage":"fr-FR","@id":"https:\/\/www.mosagreen.it\/fr\/product\/unite-dempreinte-fi-et-fir\/#primaryimage","url":"https:\/\/www.mosagreen.it\/wp-content\/uploads\/2025\/01\/Foto-Formaimpronte-scaled.png","contentUrl":"https:\/\/www.mosagreen.it\/wp-content\/uploads\/2025\/01\/Foto-Formaimpronte-scaled.png","width":2560,"height":1957},{"@type":"BreadcrumbList","@id":"https:\/\/www.mosagreen.it\/fr\/product\/unite-dempreinte-fi-et-fir\/#breadcrumb","itemListElement":[{"@type":"ListItem","position":1,"name":"Home","item":"https:\/\/www.mosagreen.it\/fr\/"},{"@type":"ListItem","position":2,"name":"UNIT\u00c9 D\u2019EMPREINTE FI ET FIR"}]},{"@type":"WebSite","@id":"https:\/\/www.mosagreen.it\/fr\/#website","url":"https:\/\/www.mosagreen.it\/fr\/","name":"MosaGreen","description":"Macchine per OrtoFloro Vivaismo","publisher":{"@id":"https:\/\/www.mosagreen.it\/fr\/#organization"},"potentialAction":[{"@type":"SearchAction","target":{"@type":"EntryPoint","urlTemplate":"https:\/\/www.mosagreen.it\/fr\/?s={search_term_string}"},"query-input":{"@type":"PropertyValueSpecification","valueRequired":true,"valueName":"search_term_string"}}],"inLanguage":"fr-FR"},{"@type":"Organization","@id":"https:\/\/www.mosagreen.it\/fr\/#organization","name":"MosaGreen","url":"https:\/\/www.mosagreen.it\/fr\/","logo":{"@type":"ImageObject","inLanguage":"fr-FR","@id":"https:\/\/www.mosagreen.it\/fr\/#\/schema\/logo\/image\/","url":"https:\/\/www.mosagreen.it\/wp-content\/uploads\/2025\/04\/logo-1.png","contentUrl":"https:\/\/www.mosagreen.it\/wp-content\/uploads\/2025\/04\/logo-1.png","width":367,"height":476,"caption":"MosaGreen"},"image":{"@id":"https:\/\/www.mosagreen.it\/fr\/#\/schema\/logo\/image\/"}}]}},"_links":{"self":[{"href":"https:\/\/www.mosagreen.it\/fr\/wp-json\/wp\/v2\/product\/6024","targetHints":{"allow":["GET"]}}],"collection":[{"href":"https:\/\/www.mosagreen.it\/fr\/wp-json\/wp\/v2\/product"}],"about":[{"href":"https:\/\/www.mosagreen.it\/fr\/wp-json\/wp\/v2\/types\/product"}],"version-history":[{"count":8,"href":"https:\/\/www.mosagreen.it\/fr\/wp-json\/wp\/v2\/product\/6024\/revisions"}],"predecessor-version":[{"id":8577,"href":"https:\/\/www.mosagreen.it\/fr\/wp-json\/wp\/v2\/product\/6024\/revisions\/8577"}],"wp:featuredmedia":[{"embeddable":true,"href":"https:\/\/www.mosagreen.it\/fr\/wp-json\/wp\/v2\/media\/5214"}],"wp:attachment":[{"href":"https:\/\/www.mosagreen.it\/fr\/wp-json\/wp\/v2\/media?parent=6024"}],"wp:term":[{"taxonomy":"product_category","embeddable":true,"href":"https:\/\/www.mosagreen.it\/fr\/wp-json\/wp\/v2\/product_category?post=6024"}],"curies":[{"name":"wp","href":"https:\/\/api.w.org\/{rel}","templated":true}]}}