{"id":8782,"date":"2025-09-05T15:29:53","date_gmt":"2025-09-05T13:29:53","guid":{"rendered":"https:\/\/www.mosagreen.it\/informativa-sui-cookie\/"},"modified":"2025-11-17T11:42:17","modified_gmt":"2025-11-17T10:42:17","slug":"politique-des-cookies","status":"publish","type":"page","link":"https:\/\/www.mosagreen.it\/fr\/politique-des-cookies\/","title":{"rendered":"Politique des cookies"},"content":{"rendered":"\t\t<div data-elementor-type=\"wp-page\" data-elementor-id=\"8782\" class=\"elementor elementor-8782 elementor-8768\" data-elementor-post-type=\"page\">\n\t\t\t\t<div class=\"elementor-element elementor-element-a0ecffd e-flex e-con-boxed e-con e-parent\" data-id=\"a0ecffd\" data-element_type=\"container\">\n\t\t\t\t\t<div class=\"e-con-inner\">\n\t\t\t\t<div class=\"elementor-element elementor-element-00204aa elementor-widget elementor-widget-text-editor\" data-id=\"00204aa\" data-element_type=\"widget\" data-widget_type=\"text-editor.default\">\n\t\t\t\t<div class=\"elementor-widget-container\">\n\t\t\t\t\t\t\t\t\t<p class=\"p1\"><b>Politique en mati\u00e8re de cookies de Mosa Green s.r.l.<\/b><\/p><p class=\"p2\">Mosa Green s.r.l., dont le si\u00e8ge social est situ\u00e9 au 14, Via Marconi, 33083 Chions (PN), Italie, en qualit\u00e9 de Responsable du traitement des donn\u00e9es (ci-apr\u00e8s d\u00e9nomm\u00e9 \u00abResponsable\u00bb), informe les visiteurs du site <a href=\"http:\/\/www.mosagreen.it\"><span class=\"s1\">www.mosagreen.it<\/span><\/a>, conform\u00e9ment au r\u00e8glement UE 679\/2016 et \u00e0 la l\u00e9gislation nationale en mati\u00e8re de protection des donn\u00e9es personnelles,<span class=\"Apple-converted-space\">\u00a0 <\/span>sur les cookies utilis\u00e9s par le site, en pr\u00e9cisant leurs types, leurs modalit\u00e9s d\u2019 utilisation, et en fournissant des indications permettant de les refuser ou de les supprimer.<\/p><p class=\"p3\"><b>Que sont les cookies ? <\/b><br \/>Les cookies sont des petits fichiers texte qu\u2019un site web envoie \u00e0 ses visiteurs pour diverses finalit\u00e9s. Les cookies peuvent \u00eatre class\u00e9s de diff\u00e9rentes mani\u00e8res\u00a0: Les cookies g\u00e9n\u00e9r\u00e9s et install\u00e9s directement par le site du Responsable sont appel\u00e9s <b>cookies de premi\u00e8re partie<\/b>. Les cookies d\u00e9finis par un site autre que celui du Responsable sont appel\u00e9s <b>cookies de tierce partie<\/b>, car ils sont g\u00e9r\u00e9s directement par des tiers. Ces derniers peuvent \u00e9galement \u00eatre des cookies de profilage, dont le Responsable n&rsquo;effectue aucun traitement.<\/p><p class=\"p3\"><b>Types de cookies utilis\u00e9s sur ce site et pour quelles finalit\u00e9s<\/b><\/p><ul class=\"ul1\"><li class=\"li3\"><b>Cookies techniques<\/b> <b>essentiels<\/b> (strictement n\u00e9cessaires) : indispensables au fonctionnement du site et \u00e0 l&rsquo;utilisation de certaines de ses fonctionnalit\u00e9s (par exemple, connexion, gestion de session). Ils ne n\u00e9cessitent pas de consentement.<\/li><li class=\"li3\"><b>Cookies de performance<\/b> (analytiques) : collectent des informations sur l&rsquo;utilisation du site par les visiteurs sous forme anonyme ou pseudonymis\u00e9e (pages visit\u00e9es, temps pass\u00e9 sur le site, messages d\u2019erreur).<\/li><li class=\"li3\"><b>Cookies de fonctionnalit\u00e9<\/b> : ils permettent au site de m\u00e9moriser les choix effectu\u00e9s par le visiteur (par exemple, la langue, la r\u00e9gion, les pr\u00e9f\u00e9rences) et d&rsquo;offrir des fonctionnalit\u00e9s am\u00e9lior\u00e9es.<\/li><\/ul><p class=\"p3\"><b>Liste des cookies utilis\u00e9s sur ce site<\/b><\/p><ul class=\"ul1\"><li class=\"li3\"><b>Wp-wpml_current_language<\/b>.<b> Domaine :<\/b> mosagreen.it. <b>Description :<\/b> Plugin multilingue WordPress qui configure le cookie n\u00e9cessaire \u00e0 l&rsquo;enregistrement de la langue actuelle ou au param\u00e9trage de la langue. <b>Dur\u00e9e :<\/b> Session. <b>Type :<\/b> Fonctionnel.<\/li><li class=\"li3\"><b>_gs<\/b>. <b>Domaine :<\/b> mosagreen.it. <b>Description :<\/b> Cookie install\u00e9 par Google Analytics pour calculer les donn\u00e9es relatives aux visites, aux sessions et aux campagnes. Il suit \u00e9galement l&rsquo;utilisation du site afin d\u2019\u00e9tablir un rapport analytique. Le cookie m\u00e9morise les informations de mani\u00e8re anonyme et attribue un num\u00e9ro unique, g\u00e9n\u00e9r\u00e9 al\u00e9atoirement, pour identifier chaque visiteur. <b>Dur\u00e9e : <\/b>1 an, 1 mois, 4 jours. <b>Type :<\/b> Analytique.<\/li><li class=\"li3\"><b>_gid<\/b>.<b> Domaine : <\/b>mosagreen.it. <b>Description<\/b> : Cookie install\u00e9 par Google Analytics. Le cookie _gid m\u00e9morise des informations sur la mani\u00e8re dont les visiteurs utilisent le site, notamment en cr\u00e9ant un rapport analytique qui inclut de mani\u00e8re anonyme le nombre de visiteurs, leur origine et les pages visit\u00e9es. <b>Dur\u00e9e :<\/b> 1 jour. <b>Type :<\/b> Analytique.<\/li><li class=\"li3\"><b>_gat_gtag_UA*<\/b>. <b>Domaine :<\/b> mosagreen.it. <b>Description :<\/b> Cookie d\u00e9fini par Google Analytics pour m\u00e9moriser un ID unique. <b>Dur\u00e9e :<\/b> 1 minute. <b>Type :<\/b> Analytique.<\/li><li class=\"li3\"><b>_ga_*<\/b>. <b>Domaine :<\/b> mosagreen.it. <b>Description : <\/b>Cookie install\u00e9 par Google Analytics pour m\u00e9moriser et compter les pages consult\u00e9es. <b>Dur\u00e9e :<\/b> 1 an, 1 mois, 4 jours. <b>Type :<\/b> Analytique.<\/li><li class=\"li3\"><b>wpEmojiSettingsSupports<\/b>. <b>Domaine :<\/b> mosagreen.it. <b>Description : <\/b>Cookie install\u00e9 par WordPress lorsque le visiteur interagit avec des emojis sur un site WordPress. Il permet de d\u00e9terminer si le navigateur du visiteur peut afficher correctement les emojis. <b>Dur\u00e9e :<\/b> Session. <b>Type :<\/b> Essentiel.<\/li><\/ul><p class=\"p3\">L&rsquo;utilisation de cookies tiers sur ce site ne peut \u00eatre enti\u00e8rement contr\u00f4l\u00e9e par le Responsable\u00a0; par cons\u00e9quent, toute r\u00e9f\u00e9rence sp\u00e9cifique doit \u00eatre consid\u00e9r\u00e9e comme indicative. Pour obtenir des informations compl\u00e8tes, le visiteur peut consulter la politique de confidentialit\u00e9 des services tiers respectifs mentionn\u00e9s dans le pr\u00e9sent document.<\/p><p class=\"p3\"><b>Consentement<br \/><\/b>Lors de la premi\u00e8re connexion au site, le syst\u00e8me demande au visiteur son consentement pour l&rsquo;utilisation des cookies non strictement n\u00e9cessaires.<br \/>Le visiteur peut :<\/p><ul class=\"ul1\"><li class=\"li3\">Accepter tous les cookies\u00a0;<\/li><li class=\"li3\">Configurer ses pr\u00e9f\u00e9rences\u00a0;<\/li><li class=\"li3\">Refuser les cookies non essentiels.<\/li><\/ul><p class=\"p3\"><b>Comment g\u00e9rer les pr\u00e9f\u00e9rences en mati\u00e8re de cookies<br \/><\/b>Le visiteur peut g\u00e9rer et\/ou modifier ses pr\u00e9f\u00e9rences :<\/p><ul class=\"ul1\"><li class=\"li3\"><b>Via les param\u00e8tres de son navigateur.<\/b> Actuellement, tous les navigateurs les plus courants (Google Chrome, Mozilla Firefox, Apple Safari, Microsoft Internet Explorer, Microsoft Edge, Brave, Opera) permettent la suppression des cookies. Cependant, ceux-ci seront r\u00e9cr\u00e9\u00e9s \u00e0 chaque nouvelle session ; il est donc conseill\u00e9 d\u2019 effectuer cette op\u00e9ration r\u00e9guli\u00e8rement ou d\u2019utiliser des fonctions automatis\u00e9es de suppression p\u00e9riodique. Il est important de noter que certaines fonctionnalit\u00e9s du site peuvent \u00eatre limit\u00e9es si les cookies sont d\u00e9sactiv\u00e9s.<\/li><\/ul><p class=\"p3\"><b>Responsable du traitement des donn\u00e9es<\/b><\/p><p class=\"p3\">Mosa Green s.r.l.<br \/>Via Marconi 14<br \/>33083 Chions (PN)<br \/>ITALIE<\/p><p class=\"p3\"><b>Adresse e-mail du Responsable <\/b>:\u00a0info@mosagreen.it<\/p><p class=\"p3\"><b>Derni\u00e8re mise \u00e0 jour<\/b> : 31.10. 2025<\/p>\t\t\t\t\t\t\t\t<\/div>\n\t\t\t\t<\/div>\n\t\t\t\t\t<\/div>\n\t\t\t\t<\/div>\n\t\t\t\t<\/div>\n\t\t","protected":false},"excerpt":{"rendered":"<p>Politique en mati\u00e8re de cookies de Mosa Green s.r.l. Mosa Green s.r.l., dont le si\u00e8ge social est situ\u00e9 au 14, Via Marconi, 33083 Chions (PN), Italie, en qualit\u00e9 de Responsable du traitement des donn\u00e9es (ci-apr\u00e8s d\u00e9nomm\u00e9 \u00abResponsable\u00bb), informe les visiteurs du site www.mosagreen.it, conform\u00e9ment au r\u00e8glement UE 679\/2016 et \u00e0 la l\u00e9gislation nationale en mati\u00e8re [&hellip;]<\/p>\n","protected":false},"author":1,"featured_media":0,"parent":0,"menu_order":101,"comment_status":"closed","ping_status":"closed","template":"","meta":{"_acf_changed":false,"inline_featured_image":false,"footnotes":""},"class_list":["post-8782","page","type-page","status-publish","hentry"],"acf":[],"yoast_head":"<!-- This site is optimized with the Yoast SEO plugin v26.0 - https:\/\/yoast.com\/wordpress\/plugins\/seo\/ -->\n<title>Politique des cookies - MosaGreen<\/title>\n<meta name=\"robots\" content=\"index, follow, max-snippet:-1, max-image-preview:large, max-video-preview:-1\" \/>\n<link rel=\"canonical\" href=\"https:\/\/www.mosagreen.it\/fr\/politique-des-cookies\/\" \/>\n<meta property=\"og:locale\" content=\"fr_FR\" \/>\n<meta property=\"og:type\" content=\"article\" \/>\n<meta property=\"og:title\" content=\"Politique des cookies - MosaGreen\" \/>\n<meta property=\"og:description\" content=\"Politique en mati\u00e8re de cookies de Mosa Green s.r.l. Mosa Green s.r.l., dont le si\u00e8ge social est situ\u00e9 au 14, Via Marconi, 33083 Chions (PN), Italie, en qualit\u00e9 de Responsable du traitement des donn\u00e9es (ci-apr\u00e8s d\u00e9nomm\u00e9 \u00abResponsable\u00bb), informe les visiteurs du site www.mosagreen.it, conform\u00e9ment au r\u00e8glement UE 679\/2016 et \u00e0 la l\u00e9gislation nationale en mati\u00e8re [&hellip;]\" \/>\n<meta property=\"og:url\" content=\"https:\/\/www.mosagreen.it\/fr\/politique-des-cookies\/\" \/>\n<meta property=\"og:site_name\" content=\"MosaGreen\" \/>\n<meta property=\"article:modified_time\" content=\"2025-11-17T10:42:17+00:00\" \/>\n<meta name=\"twitter:card\" content=\"summary_large_image\" \/>\n<meta name=\"twitter:label1\" content=\"Dur\u00e9e de lecture estim\u00e9e\" \/>\n\t<meta name=\"twitter:data1\" content=\"7 minutes\" \/>\n<script type=\"application\/ld+json\" class=\"yoast-schema-graph\">{\"@context\":\"https:\/\/schema.org\",\"@graph\":[{\"@type\":\"WebPage\",\"@id\":\"https:\/\/www.mosagreen.it\/fr\/politique-des-cookies\/\",\"url\":\"https:\/\/www.mosagreen.it\/fr\/politique-des-cookies\/\",\"name\":\"Politique des cookies - MosaGreen\",\"isPartOf\":{\"@id\":\"https:\/\/www.mosagreen.it\/fr\/#website\"},\"datePublished\":\"2025-09-05T13:29:53+00:00\",\"dateModified\":\"2025-11-17T10:42:17+00:00\",\"breadcrumb\":{\"@id\":\"https:\/\/www.mosagreen.it\/fr\/politique-des-cookies\/#breadcrumb\"},\"inLanguage\":\"fr-FR\",\"potentialAction\":[{\"@type\":\"ReadAction\",\"target\":[\"https:\/\/www.mosagreen.it\/fr\/politique-des-cookies\/\"]}]},{\"@type\":\"BreadcrumbList\",\"@id\":\"https:\/\/www.mosagreen.it\/fr\/politique-des-cookies\/#breadcrumb\",\"itemListElement\":[{\"@type\":\"ListItem\",\"position\":1,\"name\":\"Home\",\"item\":\"https:\/\/www.mosagreen.it\/fr\/\"},{\"@type\":\"ListItem\",\"position\":2,\"name\":\"Politique des cookies\"}]},{\"@type\":\"WebSite\",\"@id\":\"https:\/\/www.mosagreen.it\/fr\/#website\",\"url\":\"https:\/\/www.mosagreen.it\/fr\/\",\"name\":\"MosaGreen\",\"description\":\"Macchine per OrtoFloro Vivaismo\",\"publisher\":{\"@id\":\"https:\/\/www.mosagreen.it\/fr\/#organization\"},\"potentialAction\":[{\"@type\":\"SearchAction\",\"target\":{\"@type\":\"EntryPoint\",\"urlTemplate\":\"https:\/\/www.mosagreen.it\/fr\/?s={search_term_string}\"},\"query-input\":{\"@type\":\"PropertyValueSpecification\",\"valueRequired\":true,\"valueName\":\"search_term_string\"}}],\"inLanguage\":\"fr-FR\"},{\"@type\":\"Organization\",\"@id\":\"https:\/\/www.mosagreen.it\/fr\/#organization\",\"name\":\"MosaGreen\",\"url\":\"https:\/\/www.mosagreen.it\/fr\/\",\"logo\":{\"@type\":\"ImageObject\",\"inLanguage\":\"fr-FR\",\"@id\":\"https:\/\/www.mosagreen.it\/fr\/#\/schema\/logo\/image\/\",\"url\":\"https:\/\/www.mosagreen.it\/wp-content\/uploads\/2025\/04\/logo-1.png\",\"contentUrl\":\"https:\/\/www.mosagreen.it\/wp-content\/uploads\/2025\/04\/logo-1.png\",\"width\":367,\"height\":476,\"caption\":\"MosaGreen\"},\"image\":{\"@id\":\"https:\/\/www.mosagreen.it\/fr\/#\/schema\/logo\/image\/\"}}]}<\/script>\n<!-- \/ Yoast SEO plugin. -->","yoast_head_json":{"title":"Politique des cookies - MosaGreen","robots":{"index":"index","follow":"follow","max-snippet":"max-snippet:-1","max-image-preview":"max-image-preview:large","max-video-preview":"max-video-preview:-1"},"canonical":"https:\/\/www.mosagreen.it\/fr\/politique-des-cookies\/","og_locale":"fr_FR","og_type":"article","og_title":"Politique des cookies - MosaGreen","og_description":"Politique en mati\u00e8re de cookies de Mosa Green s.r.l. Mosa Green s.r.l., dont le si\u00e8ge social est situ\u00e9 au 14, Via Marconi, 33083 Chions (PN), Italie, en qualit\u00e9 de Responsable du traitement des donn\u00e9es (ci-apr\u00e8s d\u00e9nomm\u00e9 \u00abResponsable\u00bb), informe les visiteurs du site www.mosagreen.it, conform\u00e9ment au r\u00e8glement UE 679\/2016 et \u00e0 la l\u00e9gislation nationale en mati\u00e8re [&hellip;]","og_url":"https:\/\/www.mosagreen.it\/fr\/politique-des-cookies\/","og_site_name":"MosaGreen","article_modified_time":"2025-11-17T10:42:17+00:00","twitter_card":"summary_large_image","twitter_misc":{"Dur\u00e9e de lecture estim\u00e9e":"7 minutes"},"schema":{"@context":"https:\/\/schema.org","@graph":[{"@type":"WebPage","@id":"https:\/\/www.mosagreen.it\/fr\/politique-des-cookies\/","url":"https:\/\/www.mosagreen.it\/fr\/politique-des-cookies\/","name":"Politique des cookies - MosaGreen","isPartOf":{"@id":"https:\/\/www.mosagreen.it\/fr\/#website"},"datePublished":"2025-09-05T13:29:53+00:00","dateModified":"2025-11-17T10:42:17+00:00","breadcrumb":{"@id":"https:\/\/www.mosagreen.it\/fr\/politique-des-cookies\/#breadcrumb"},"inLanguage":"fr-FR","potentialAction":[{"@type":"ReadAction","target":["https:\/\/www.mosagreen.it\/fr\/politique-des-cookies\/"]}]},{"@type":"BreadcrumbList","@id":"https:\/\/www.mosagreen.it\/fr\/politique-des-cookies\/#breadcrumb","itemListElement":[{"@type":"ListItem","position":1,"name":"Home","item":"https:\/\/www.mosagreen.it\/fr\/"},{"@type":"ListItem","position":2,"name":"Politique des cookies"}]},{"@type":"WebSite","@id":"https:\/\/www.mosagreen.it\/fr\/#website","url":"https:\/\/www.mosagreen.it\/fr\/","name":"MosaGreen","description":"Macchine per OrtoFloro Vivaismo","publisher":{"@id":"https:\/\/www.mosagreen.it\/fr\/#organization"},"potentialAction":[{"@type":"SearchAction","target":{"@type":"EntryPoint","urlTemplate":"https:\/\/www.mosagreen.it\/fr\/?s={search_term_string}"},"query-input":{"@type":"PropertyValueSpecification","valueRequired":true,"valueName":"search_term_string"}}],"inLanguage":"fr-FR"},{"@type":"Organization","@id":"https:\/\/www.mosagreen.it\/fr\/#organization","name":"MosaGreen","url":"https:\/\/www.mosagreen.it\/fr\/","logo":{"@type":"ImageObject","inLanguage":"fr-FR","@id":"https:\/\/www.mosagreen.it\/fr\/#\/schema\/logo\/image\/","url":"https:\/\/www.mosagreen.it\/wp-content\/uploads\/2025\/04\/logo-1.png","contentUrl":"https:\/\/www.mosagreen.it\/wp-content\/uploads\/2025\/04\/logo-1.png","width":367,"height":476,"caption":"MosaGreen"},"image":{"@id":"https:\/\/www.mosagreen.it\/fr\/#\/schema\/logo\/image\/"}}]}},"_links":{"self":[{"href":"https:\/\/www.mosagreen.it\/fr\/wp-json\/wp\/v2\/pages\/8782","targetHints":{"allow":["GET"]}}],"collection":[{"href":"https:\/\/www.mosagreen.it\/fr\/wp-json\/wp\/v2\/pages"}],"about":[{"href":"https:\/\/www.mosagreen.it\/fr\/wp-json\/wp\/v2\/types\/page"}],"author":[{"embeddable":true,"href":"https:\/\/www.mosagreen.it\/fr\/wp-json\/wp\/v2\/users\/1"}],"replies":[{"embeddable":true,"href":"https:\/\/www.mosagreen.it\/fr\/wp-json\/wp\/v2\/comments?post=8782"}],"version-history":[{"count":7,"href":"https:\/\/www.mosagreen.it\/fr\/wp-json\/wp\/v2\/pages\/8782\/revisions"}],"predecessor-version":[{"id":9099,"href":"https:\/\/www.mosagreen.it\/fr\/wp-json\/wp\/v2\/pages\/8782\/revisions\/9099"}],"wp:attachment":[{"href":"https:\/\/www.mosagreen.it\/fr\/wp-json\/wp\/v2\/media?parent=8782"}],"curies":[{"name":"wp","href":"https:\/\/api.w.org\/{rel}","templated":true}]}}