{"id":8757,"date":"2025-04-22T16:35:09","date_gmt":"2025-04-22T14:35:09","guid":{"rendered":"https:\/\/www.mosagreen.it\/privacy-policy\/"},"modified":"2025-11-17T11:38:22","modified_gmt":"2025-11-17T10:38:22","slug":"politique-de-confidentialite","status":"publish","type":"page","link":"https:\/\/www.mosagreen.it\/fr\/politique-de-confidentialite\/","title":{"rendered":"Politique de confidentialit\u00e9"},"content":{"rendered":"\t\t<div data-elementor-type=\"wp-page\" data-elementor-id=\"8757\" class=\"elementor elementor-8757 elementor-3\" data-elementor-post-type=\"page\">\n\t\t\t\t<div class=\"elementor-element elementor-element-3e214db4 e-flex e-con-boxed e-con e-parent\" data-id=\"3e214db4\" data-element_type=\"container\">\n\t\t\t\t\t<div class=\"e-con-inner\">\n\t\t\t\t<div class=\"elementor-element elementor-element-76ec0f7f elementor-widget elementor-widget-text-editor\" data-id=\"76ec0f7f\" data-element_type=\"widget\" data-widget_type=\"text-editor.default\">\n\t\t\t\t<div class=\"elementor-widget-container\">\n\t\t\t\t\t\t\t\t\t<p class=\"p1\"><span class=\"s1\"><b>POLITIQUE DE CONFIDENTIALIT\u00c9<\/b><\/span><\/p><p class=\"p1\">La pr\u00e9sente note d&rsquo;information g\u00e9n\u00e9rale est fournie conform\u00e9ment au R\u00e8glement (UE) 2016\/679 \u00e0 ceux qui consultent le SITE WEB <a href=\"http:\/\/www.mosagreen.it\"><span class=\"s2\">www.mosagreen.it<\/span><\/a> .<br \/>Pour l&rsquo;utilisation de services sp\u00e9cifiques par les clients\/utilisateurs, des informations sp\u00e9cifiques seront fournies au cas par cas et, si n\u00e9cessaire, des consentements sp\u00e9cifiques au traitement de leurs donn\u00e9es personnelles seront demand\u00e9s.<\/p><p class=\"p1\"><b>Responsable du traitement des donn\u00e9es<br \/><\/b>La consultation du SITE WEB peut entra\u00eener le traitement de donn\u00e9es relatives \u00e0 des personnes identifi\u00e9es ou identifiables. Le responsable du traitement de ces donn\u00e9es est MOSA GREEN s.r.l., dont le si\u00e8ge social est situ\u00e9 Via Marconi 14, 33083 \u2013 Chions (PN) \u2013 N\u00b0 TVA : 01941080937.<\/p><p class=\"p1\"><b>Lieu et modalit\u00e9s du traitement des donn\u00e9es<br \/><\/b>Les traitements li\u00e9s \u00e0 la consultation du SITE WEB ont lieu au si\u00e8ge de MOSA GREEN s.r.l..<\/p><p class=\"p1\"><b>Donn\u00e9es de navigation<br \/><\/b>Les syst\u00e8mes informatiques et les proc\u00e9dures logicielles utilis\u00e9s pour le fonctionnement de ce SITE WEB acqui\u00e8rent, au cours de leur fonctionnement normal, certaines donn\u00e9es personnelles dont la transmission est implicite dans l&rsquo;utilisation des protocoles de communication Internet.<br \/>Il s&rsquo;agit d&rsquo;informations qui ne sont pas collect\u00e9es pour \u00eatre associ\u00e9es \u00e0 des personnes identifi\u00e9es, mais qui, de par leur nature m\u00eame, pourraient, par le biais de traitements et d&rsquo;associations avec des donn\u00e9es d\u00e9tenues par des tiers, effectu\u00e9s uniquement sur demande expresse de l&rsquo;autorit\u00e9 judiciaire, permettre d&rsquo;identifier les utilisateurs. Cette cat\u00e9gorie de donn\u00e9es comprend les adresses IP ou les noms de domaine des ordinateurs utilis\u00e9s par les utilisateurs qui se connectent au SITE WEB, les adresses URI (Uniform Resource Identifier) des ressources demand\u00e9es, l&rsquo;heure de la demande, la m\u00e9thode utilis\u00e9e pour soumettre la demande au serveur, la taille du fichier obtenu en r\u00e9ponse, le code num\u00e9rique indiquant l&rsquo;\u00e9tat de la r\u00e9ponse donn\u00e9e par le serveur (succ\u00e8s, erreur, etc.) et d&rsquo;autres param\u00e8tres relatifs au syst\u00e8me d&rsquo;exploitation et \u00e0 l&rsquo;environnement informatique de l&rsquo;utilisateur.<br \/>Ces donn\u00e9es constituent le registre des connexions.<br \/>Ces donn\u00e9es sont utilis\u00e9es par MOSA GREEN s.r.l.<span class=\"Apple-converted-space\">\u00a0 <\/span>dans le seul but d&rsquo;obtenir des informations statistiques anonymes sur l&rsquo;utilisation du SITE WEB et de v\u00e9rifier son bon fonctionnement. Le registre des connexions est ensuite mis \u00e0 la disposition des autorit\u00e9s judiciaires et pr\u00e9sent\u00e9 uniquement sur demande expresse.<\/p><p class=\"p1\"><b>Donn\u00e9es fournies volontairement par l&rsquo;utilisateur<br \/><\/b>Les donn\u00e9es sont collect\u00e9es dans le but d&rsquo;enregistrer l&rsquo;utilisateur et d&rsquo;activer \u00e0 son \u00e9gard les services d&rsquo;assistance et les communications demand\u00e9s. Elles seront trait\u00e9es \u00e9lectroniquement conform\u00e9ment aux lois en vigueur.<\/p><p class=\"p1\"><b>Facult\u00e9 de fournir des donn\u00e9es<br \/><\/b>Hormis ce qui est sp\u00e9cifi\u00e9 pour les donn\u00e9es de navigation, l&rsquo;utilisateur est libre de fournir les donn\u00e9es personnelles demand\u00e9es de temps \u00e0 autre par MOSA GREEN s.r.l., mais leur non-fourniture peut entra\u00eener l&rsquo;impossibilit\u00e9 de fournir les services demand\u00e9s.<\/p><p class=\"p1\"><b>Droits des personnes concern\u00e9es<br \/><\/b>Les personnes auxquelles se r\u00e9f\u00e8rent les donn\u00e9es personnelles ont le droit \u00e0 tout moment d&rsquo;obtenir la confirmation de l&rsquo;existence ou non de ces donn\u00e9es et d&rsquo;en conna\u00eetre le contenu et l&rsquo;origine, d&rsquo;en v\u00e9rifier l&rsquo;exactitude ou d&rsquo;en demander l&rsquo;int\u00e9gration ou la mise \u00e0 jour, ou la rectification, conform\u00e9ment au R\u00e8glement (UE) 2016\/679. En outre, on a le droit de demander la suppression, la transformation sous forme anonyme ou le blocage des donn\u00e9es trait\u00e9es en violation de la loi, ainsi que de s\u2019opposer dans tous les cas, pour des raisons l\u00e9gitimes, \u00e0 leur traitement, en \u00e9crivant \u00e0 MOSA GREEN s.r.l. Via Marconi 14, 33083 \u2013 Chions (PN) \u2013<span class=\"Apple-converted-space\">\u00a0 <\/span>N\u00b0 TVA : 01941080937.<\/p>\t\t\t\t\t\t\t\t<\/div>\n\t\t\t\t<\/div>\n\t\t\t\t\t<\/div>\n\t\t\t\t<\/div>\n\t\t\t\t<\/div>\n\t\t","protected":false},"excerpt":{"rendered":"<p>POLITIQUE DE CONFIDENTIALIT\u00c9 La pr\u00e9sente note d&rsquo;information g\u00e9n\u00e9rale est fournie conform\u00e9ment au R\u00e8glement (UE) 2016\/679 \u00e0 ceux qui consultent le SITE WEB www.mosagreen.it .Pour l&rsquo;utilisation de services sp\u00e9cifiques par les clients\/utilisateurs, des informations sp\u00e9cifiques seront fournies au cas par cas et, si n\u00e9cessaire, des consentements sp\u00e9cifiques au traitement de leurs donn\u00e9es personnelles seront demand\u00e9s. Responsable [&hellip;]<\/p>\n","protected":false},"author":1,"featured_media":0,"parent":0,"menu_order":100,"comment_status":"closed","ping_status":"closed","template":"","meta":{"_acf_changed":false,"inline_featured_image":false,"footnotes":""},"class_list":["post-8757","page","type-page","status-publish","hentry"],"acf":[],"yoast_head":"<!-- This site is optimized with the Yoast SEO plugin v26.0 - https:\/\/yoast.com\/wordpress\/plugins\/seo\/ -->\n<title>Politique de confidentialit\u00e9 - MosaGreen<\/title>\n<meta name=\"robots\" content=\"index, follow, max-snippet:-1, max-image-preview:large, max-video-preview:-1\" \/>\n<link rel=\"canonical\" href=\"https:\/\/www.mosagreen.it\/fr\/politique-de-confidentialite\/\" \/>\n<meta property=\"og:locale\" content=\"fr_FR\" \/>\n<meta property=\"og:type\" content=\"article\" \/>\n<meta property=\"og:title\" content=\"Politique de confidentialit\u00e9 - MosaGreen\" \/>\n<meta property=\"og:description\" content=\"POLITIQUE DE CONFIDENTIALIT\u00c9 La pr\u00e9sente note d&rsquo;information g\u00e9n\u00e9rale est fournie conform\u00e9ment au R\u00e8glement (UE) 2016\/679 \u00e0 ceux qui consultent le SITE WEB www.mosagreen.it .Pour l&rsquo;utilisation de services sp\u00e9cifiques par les clients\/utilisateurs, des informations sp\u00e9cifiques seront fournies au cas par cas et, si n\u00e9cessaire, des consentements sp\u00e9cifiques au traitement de leurs donn\u00e9es personnelles seront demand\u00e9s. Responsable [&hellip;]\" \/>\n<meta property=\"og:url\" content=\"https:\/\/www.mosagreen.it\/fr\/politique-de-confidentialite\/\" \/>\n<meta property=\"og:site_name\" content=\"MosaGreen\" \/>\n<meta property=\"article:modified_time\" content=\"2025-11-17T10:38:22+00:00\" \/>\n<meta name=\"twitter:card\" content=\"summary_large_image\" \/>\n<meta name=\"twitter:label1\" content=\"Dur\u00e9e de lecture estim\u00e9e\" \/>\n\t<meta name=\"twitter:data1\" content=\"3 minutes\" \/>\n<script type=\"application\/ld+json\" class=\"yoast-schema-graph\">{\"@context\":\"https:\/\/schema.org\",\"@graph\":[{\"@type\":\"WebPage\",\"@id\":\"https:\/\/www.mosagreen.it\/fr\/politique-de-confidentialite\/\",\"url\":\"https:\/\/www.mosagreen.it\/fr\/politique-de-confidentialite\/\",\"name\":\"Politique de confidentialit\u00e9 - MosaGreen\",\"isPartOf\":{\"@id\":\"https:\/\/www.mosagreen.it\/fr\/#website\"},\"datePublished\":\"2025-04-22T14:35:09+00:00\",\"dateModified\":\"2025-11-17T10:38:22+00:00\",\"breadcrumb\":{\"@id\":\"https:\/\/www.mosagreen.it\/fr\/politique-de-confidentialite\/#breadcrumb\"},\"inLanguage\":\"fr-FR\",\"potentialAction\":[{\"@type\":\"ReadAction\",\"target\":[\"https:\/\/www.mosagreen.it\/fr\/politique-de-confidentialite\/\"]}]},{\"@type\":\"BreadcrumbList\",\"@id\":\"https:\/\/www.mosagreen.it\/fr\/politique-de-confidentialite\/#breadcrumb\",\"itemListElement\":[{\"@type\":\"ListItem\",\"position\":1,\"name\":\"Home\",\"item\":\"https:\/\/www.mosagreen.it\/fr\/\"},{\"@type\":\"ListItem\",\"position\":2,\"name\":\"Politique de confidentialit\u00e9\"}]},{\"@type\":\"WebSite\",\"@id\":\"https:\/\/www.mosagreen.it\/fr\/#website\",\"url\":\"https:\/\/www.mosagreen.it\/fr\/\",\"name\":\"MosaGreen\",\"description\":\"Macchine per OrtoFloro Vivaismo\",\"publisher\":{\"@id\":\"https:\/\/www.mosagreen.it\/fr\/#organization\"},\"potentialAction\":[{\"@type\":\"SearchAction\",\"target\":{\"@type\":\"EntryPoint\",\"urlTemplate\":\"https:\/\/www.mosagreen.it\/fr\/?s={search_term_string}\"},\"query-input\":{\"@type\":\"PropertyValueSpecification\",\"valueRequired\":true,\"valueName\":\"search_term_string\"}}],\"inLanguage\":\"fr-FR\"},{\"@type\":\"Organization\",\"@id\":\"https:\/\/www.mosagreen.it\/fr\/#organization\",\"name\":\"MosaGreen\",\"url\":\"https:\/\/www.mosagreen.it\/fr\/\",\"logo\":{\"@type\":\"ImageObject\",\"inLanguage\":\"fr-FR\",\"@id\":\"https:\/\/www.mosagreen.it\/fr\/#\/schema\/logo\/image\/\",\"url\":\"https:\/\/www.mosagreen.it\/wp-content\/uploads\/2025\/04\/logo-1.png\",\"contentUrl\":\"https:\/\/www.mosagreen.it\/wp-content\/uploads\/2025\/04\/logo-1.png\",\"width\":367,\"height\":476,\"caption\":\"MosaGreen\"},\"image\":{\"@id\":\"https:\/\/www.mosagreen.it\/fr\/#\/schema\/logo\/image\/\"}}]}<\/script>\n<!-- \/ Yoast SEO plugin. -->","yoast_head_json":{"title":"Politique de confidentialit\u00e9 - MosaGreen","robots":{"index":"index","follow":"follow","max-snippet":"max-snippet:-1","max-image-preview":"max-image-preview:large","max-video-preview":"max-video-preview:-1"},"canonical":"https:\/\/www.mosagreen.it\/fr\/politique-de-confidentialite\/","og_locale":"fr_FR","og_type":"article","og_title":"Politique de confidentialit\u00e9 - MosaGreen","og_description":"POLITIQUE DE CONFIDENTIALIT\u00c9 La pr\u00e9sente note d&rsquo;information g\u00e9n\u00e9rale est fournie conform\u00e9ment au R\u00e8glement (UE) 2016\/679 \u00e0 ceux qui consultent le SITE WEB www.mosagreen.it .Pour l&rsquo;utilisation de services sp\u00e9cifiques par les clients\/utilisateurs, des informations sp\u00e9cifiques seront fournies au cas par cas et, si n\u00e9cessaire, des consentements sp\u00e9cifiques au traitement de leurs donn\u00e9es personnelles seront demand\u00e9s. Responsable [&hellip;]","og_url":"https:\/\/www.mosagreen.it\/fr\/politique-de-confidentialite\/","og_site_name":"MosaGreen","article_modified_time":"2025-11-17T10:38:22+00:00","twitter_card":"summary_large_image","twitter_misc":{"Dur\u00e9e de lecture estim\u00e9e":"3 minutes"},"schema":{"@context":"https:\/\/schema.org","@graph":[{"@type":"WebPage","@id":"https:\/\/www.mosagreen.it\/fr\/politique-de-confidentialite\/","url":"https:\/\/www.mosagreen.it\/fr\/politique-de-confidentialite\/","name":"Politique de confidentialit\u00e9 - MosaGreen","isPartOf":{"@id":"https:\/\/www.mosagreen.it\/fr\/#website"},"datePublished":"2025-04-22T14:35:09+00:00","dateModified":"2025-11-17T10:38:22+00:00","breadcrumb":{"@id":"https:\/\/www.mosagreen.it\/fr\/politique-de-confidentialite\/#breadcrumb"},"inLanguage":"fr-FR","potentialAction":[{"@type":"ReadAction","target":["https:\/\/www.mosagreen.it\/fr\/politique-de-confidentialite\/"]}]},{"@type":"BreadcrumbList","@id":"https:\/\/www.mosagreen.it\/fr\/politique-de-confidentialite\/#breadcrumb","itemListElement":[{"@type":"ListItem","position":1,"name":"Home","item":"https:\/\/www.mosagreen.it\/fr\/"},{"@type":"ListItem","position":2,"name":"Politique de confidentialit\u00e9"}]},{"@type":"WebSite","@id":"https:\/\/www.mosagreen.it\/fr\/#website","url":"https:\/\/www.mosagreen.it\/fr\/","name":"MosaGreen","description":"Macchine per OrtoFloro Vivaismo","publisher":{"@id":"https:\/\/www.mosagreen.it\/fr\/#organization"},"potentialAction":[{"@type":"SearchAction","target":{"@type":"EntryPoint","urlTemplate":"https:\/\/www.mosagreen.it\/fr\/?s={search_term_string}"},"query-input":{"@type":"PropertyValueSpecification","valueRequired":true,"valueName":"search_term_string"}}],"inLanguage":"fr-FR"},{"@type":"Organization","@id":"https:\/\/www.mosagreen.it\/fr\/#organization","name":"MosaGreen","url":"https:\/\/www.mosagreen.it\/fr\/","logo":{"@type":"ImageObject","inLanguage":"fr-FR","@id":"https:\/\/www.mosagreen.it\/fr\/#\/schema\/logo\/image\/","url":"https:\/\/www.mosagreen.it\/wp-content\/uploads\/2025\/04\/logo-1.png","contentUrl":"https:\/\/www.mosagreen.it\/wp-content\/uploads\/2025\/04\/logo-1.png","width":367,"height":476,"caption":"MosaGreen"},"image":{"@id":"https:\/\/www.mosagreen.it\/fr\/#\/schema\/logo\/image\/"}}]}},"_links":{"self":[{"href":"https:\/\/www.mosagreen.it\/fr\/wp-json\/wp\/v2\/pages\/8757","targetHints":{"allow":["GET"]}}],"collection":[{"href":"https:\/\/www.mosagreen.it\/fr\/wp-json\/wp\/v2\/pages"}],"about":[{"href":"https:\/\/www.mosagreen.it\/fr\/wp-json\/wp\/v2\/types\/page"}],"author":[{"embeddable":true,"href":"https:\/\/www.mosagreen.it\/fr\/wp-json\/wp\/v2\/users\/1"}],"replies":[{"embeddable":true,"href":"https:\/\/www.mosagreen.it\/fr\/wp-json\/wp\/v2\/comments?post=8757"}],"version-history":[{"count":8,"href":"https:\/\/www.mosagreen.it\/fr\/wp-json\/wp\/v2\/pages\/8757\/revisions"}],"predecessor-version":[{"id":9084,"href":"https:\/\/www.mosagreen.it\/fr\/wp-json\/wp\/v2\/pages\/8757\/revisions\/9084"}],"wp:attachment":[{"href":"https:\/\/www.mosagreen.it\/fr\/wp-json\/wp\/v2\/media?parent=8757"}],"curies":[{"name":"wp","href":"https:\/\/api.w.org\/{rel}","templated":true}]}}