{"id":7382,"date":"2025-05-06T17:56:26","date_gmt":"2025-05-06T15:56:26","guid":{"rendered":"https:\/\/www.mosagreen.it\/product\/seminatrici-to54r-to54rs\/"},"modified":"2025-08-19T11:37:43","modified_gmt":"2025-08-19T09:37:43","slug":"sembradora-to54r-to54rs","status":"publish","type":"product","link":"https:\/\/www.mosagreen.it\/es\/product\/sembradora-to54r-to54rs\/","title":{"rendered":"SEMBRADORA TO54R\/TO54RS"},"content":{"rendered":"\t\t<div data-elementor-type=\"wp-post\" data-elementor-id=\"7382\" class=\"elementor elementor-7382 elementor-1989\" data-elementor-post-type=\"product\">\n\t\t\t\t<div class=\"elementor-element elementor-element-378fd29 e-con-full e-flex e-con e-parent\" data-id=\"378fd29\" data-element_type=\"container\">\n\t\t\t\t<div class=\"elementor-element elementor-element-0355374 elementor-widget elementor-widget-template\" data-id=\"0355374\" data-element_type=\"widget\" data-widget_type=\"template.default\">\n\t\t\t\t<div class=\"elementor-widget-container\">\n\t\t\t\t\t\t\t<div class=\"elementor-template\">\n\t\t\t\t\t<div data-elementor-type=\"container\" data-elementor-id=\"1297\" class=\"elementor elementor-1297\" data-elementor-post-type=\"elementor_library\">\n\t\t\t\t<div class=\"elementor-element elementor-element-3a437e53 e-con-full e-flex e-con e-parent\" data-id=\"3a437e53\" data-element_type=\"container\">\n\t\t\t\t<div class=\"elementor-element elementor-element-4b7fb27 elementor-widget elementor-widget-image\" data-id=\"4b7fb27\" data-element_type=\"widget\" data-widget_type=\"image.default\">\n\t\t\t\t<div class=\"elementor-widget-container\">\n\t\t\t\t\t\t\t\t\t\t\t\t\t\t\t<img decoding=\"async\" src=\"https:\/\/www.mosagreen.it\/wp-content\/uploads\/elementor\/thumbs\/semina-scaled-r5g7waswuvst184okpie17k55ss3il6fvc515yv0ka.png\" title=\"semina\" alt=\"semina\" loading=\"lazy\" \/>\t\t\t\t\t\t\t\t\t\t\t\t\t\t\t<\/div>\n\t\t\t\t<\/div>\n\t\t\t\t<\/div>\n\t\t\t\t<\/div>\n\t\t\t\t<\/div>\n\t\t\t\t\t\t<\/div>\n\t\t\t\t<\/div>\n\t\t\t\t<\/div>\n\t\t<div class=\"elementor-element elementor-element-038544e e-flex e-con-boxed e-con e-parent\" data-id=\"038544e\" data-element_type=\"container\">\n\t\t\t\t\t<div class=\"e-con-inner\">\n\t\t<div class=\"elementor-element elementor-element-8b4969f e-con-full e-flex e-con e-child\" data-id=\"8b4969f\" data-element_type=\"container\">\n\t\t\t\t<div class=\"elementor-element elementor-element-45cb4f9 elementor-invisible elementor-widget elementor-widget-theme-post-featured-image elementor-widget-image\" data-id=\"45cb4f9\" data-element_type=\"widget\" data-settings=\"{&quot;_animation&quot;:&quot;fadeInLeft&quot;,&quot;_animation_delay&quot;:300}\" data-widget_type=\"theme-post-featured-image.default\">\n\t\t\t\t<div class=\"elementor-widget-container\">\n\t\t\t\t\t\t\t\t\t\t\t\t\t\t\t<img fetchpriority=\"high\" decoding=\"async\" width=\"500\" height=\"316\" src=\"https:\/\/www.mosagreen.it\/wp-content\/uploads\/2025\/05\/TO54R-copy-1.png\" class=\"attachment-large size-large wp-image-5361\" alt=\"\" srcset=\"https:\/\/www.mosagreen.it\/wp-content\/uploads\/2025\/05\/TO54R-copy-1.png 500w, https:\/\/www.mosagreen.it\/wp-content\/uploads\/2025\/05\/TO54R-copy-1-300x190.png 300w\" sizes=\"(max-width: 500px) 100vw, 500px\" \/>\t\t\t\t\t\t\t\t\t\t\t\t\t\t\t<\/div>\n\t\t\t\t<\/div>\n\t\t\t\t<\/div>\n\t\t<div class=\"elementor-element elementor-element-98c4d6a e-con-full e-flex elementor-invisible e-con e-child\" data-id=\"98c4d6a\" data-element_type=\"container\" data-settings=\"{&quot;animation&quot;:&quot;fadeInRight&quot;,&quot;animation_delay&quot;:400}\">\n\t\t<div class=\"elementor-element elementor-element-3a9379c e-con-full e-flex e-con e-child\" data-id=\"3a9379c\" data-element_type=\"container\">\n\t\t\t\t<div class=\"elementor-element elementor-element-24b9190 elementor-widget elementor-widget-heading\" data-id=\"24b9190\" data-element_type=\"widget\" data-widget_type=\"heading.default\">\n\t\t\t\t<div class=\"elementor-widget-container\">\n\t\t\t\t\t<h2 class=\"elementor-heading-title elementor-size-default\">SEMBRADORA<\/h2>\t\t\t\t<\/div>\n\t\t\t\t<\/div>\n\t\t\t\t<div class=\"elementor-element elementor-element-3787125 elementor-widget elementor-widget-heading\" data-id=\"3787125\" data-element_type=\"widget\" data-widget_type=\"heading.default\">\n\t\t\t\t<div class=\"elementor-widget-container\">\n\t\t\t\t\t<h2 class=\"elementor-heading-title elementor-size-default\">TO54R\/TO54RS<\/h2>\t\t\t\t<\/div>\n\t\t\t\t<\/div>\n\t\t\t\t<\/div>\n\t\t\t\t<div class=\"elementor-element elementor-element-bf80495 elementor-widget elementor-widget-text-editor\" data-id=\"bf80495\" data-element_type=\"widget\" data-widget_type=\"text-editor.default\">\n\t\t\t\t<div class=\"elementor-widget-container\">\n\t\t\t\t\t\t\t\t\tLas sembradoras TO54R y TO54RS est\u00e1n dise\u00f1adas para vol\u00famenes de producci\u00f3n medios. Ofrecen una gran precisi\u00f3n de siembra para cada variedad de semillas y cada tipo de bandeja, incluso con un gran n\u00famero de celdas. Estas sembradoras tienen las principales caracter\u00edsticas de los modelos m\u00e1s grandes, pero son mucho m\u00e1s compactas, en cuanto a dimensiones. Son ideales para combinarse con las llenadoras de la serie RME.\t\t\t\t\t\t\t\t<\/div>\n\t\t\t\t<\/div>\n\t\t\t\t<\/div>\n\t\t\t\t\t<\/div>\n\t\t\t\t<\/div>\n\t\t<div class=\"elementor-element elementor-element-7d08e31 e-flex e-con-boxed e-con e-parent\" data-id=\"7d08e31\" data-element_type=\"container\">\n\t\t\t\t\t<div class=\"e-con-inner\">\n\t\t<div class=\"elementor-element elementor-element-e5fd3ba e-con-full e-flex e-con e-child\" data-id=\"e5fd3ba\" data-element_type=\"container\" data-settings=\"{&quot;background_background&quot;:&quot;classic&quot;}\">\n\t\t<div class=\"elementor-element elementor-element-6ba15de e-con-full e-transform e-flex e-con e-child\" data-id=\"6ba15de\" data-element_type=\"container\" data-settings=\"{&quot;_transform_translateY_effect&quot;:{&quot;unit&quot;:&quot;%&quot;,&quot;size&quot;:40,&quot;sizes&quot;:[]},&quot;_transform_translateY_effect_tablet&quot;:{&quot;unit&quot;:&quot;%&quot;,&quot;size&quot;:&quot;&quot;,&quot;sizes&quot;:[]},&quot;_transform_translateY_effect_mobile&quot;:{&quot;unit&quot;:&quot;%&quot;,&quot;size&quot;:&quot;&quot;,&quot;sizes&quot;:[]},&quot;_transform_translateX_effect&quot;:{&quot;unit&quot;:&quot;px&quot;,&quot;size&quot;:&quot;&quot;,&quot;sizes&quot;:[]},&quot;_transform_translateX_effect_tablet&quot;:{&quot;unit&quot;:&quot;px&quot;,&quot;size&quot;:&quot;&quot;,&quot;sizes&quot;:[]},&quot;_transform_translateX_effect_mobile&quot;:{&quot;unit&quot;:&quot;px&quot;,&quot;size&quot;:&quot;&quot;,&quot;sizes&quot;:[]}}\">\n\t\t\t\t<\/div>\n\t\t<div class=\"elementor-element elementor-element-a6cc241 e-con-full e-flex e-con e-child\" data-id=\"a6cc241\" data-element_type=\"container\">\n\t\t<div class=\"elementor-element elementor-element-67ee6c0 e-con-full animated-slow vodu_blurb e-flex elementor-invisible e-con e-child\" data-id=\"67ee6c0\" data-element_type=\"container\" data-settings=\"{&quot;background_background&quot;:&quot;classic&quot;,&quot;animation&quot;:&quot;fadeIn&quot;,&quot;animation_delay&quot;:1000}\">\n\t\t\t\t<div class=\"elementor-element elementor-element-e35b164 elementor-widget elementor-widget-image\" data-id=\"e35b164\" data-element_type=\"widget\" data-widget_type=\"image.default\">\n\t\t\t\t<div class=\"elementor-widget-container\">\n\t\t\t\t\t\t\t\t\t\t\t\t\t\t\t<img decoding=\"async\" width=\"1\" height=\"1\" src=\"https:\/\/www.mosagreen.it\/wp-content\/uploads\/2025\/05\/Asset-55.svg\" class=\"attachment-large size-large wp-image-1398\" alt=\"\" \/>\t\t\t\t\t\t\t\t\t\t\t\t\t\t\t<\/div>\n\t\t\t\t<\/div>\n\t\t<div class=\"elementor-element elementor-element-e28122c e-con-full vodu_cont_title e-flex e-con e-child\" data-id=\"e28122c\" data-element_type=\"container\">\n\t\t\t\t<div class=\"elementor-element elementor-element-b820637 elementor-widget elementor-widget-heading\" data-id=\"b820637\" data-element_type=\"widget\" data-widget_type=\"heading.default\">\n\t\t\t\t<div class=\"elementor-widget-container\">\n\t\t\t\t\t<h2 class=\"elementor-heading-title elementor-size-default\">Rodillo de punzonado<\/h2>\t\t\t\t<\/div>\n\t\t\t\t<\/div>\n\t\t\t\t<\/div>\n\t\t\t\t<\/div>\n\t\t<div class=\"elementor-element elementor-element-cbd1dd2 e-con-full animated-slow vodu_blurb e-flex elementor-invisible e-con e-child\" data-id=\"cbd1dd2\" data-element_type=\"container\" data-settings=\"{&quot;background_background&quot;:&quot;classic&quot;,&quot;animation&quot;:&quot;fadeIn&quot;,&quot;animation_delay&quot;:1500}\">\n\t\t\t\t<div class=\"elementor-element elementor-element-6e8bfc3 elementor-widget elementor-widget-image\" data-id=\"6e8bfc3\" data-element_type=\"widget\" data-widget_type=\"image.default\">\n\t\t\t\t<div class=\"elementor-widget-container\">\n\t\t\t\t\t\t\t\t\t\t\t\t\t\t\t<img decoding=\"async\" width=\"1\" height=\"1\" src=\"https:\/\/www.mosagreen.it\/wp-content\/uploads\/2025\/05\/Asset-52.svg\" class=\"attachment-large size-large wp-image-1974\" alt=\"\" \/>\t\t\t\t\t\t\t\t\t\t\t\t\t\t\t<\/div>\n\t\t\t\t<\/div>\n\t\t<div class=\"elementor-element elementor-element-416f6dc e-con-full vodu_cont_title e-flex e-con e-child\" data-id=\"416f6dc\" data-element_type=\"container\">\n\t\t\t\t<div class=\"elementor-element elementor-element-087b0a4 elementor-widget elementor-widget-heading\" data-id=\"087b0a4\" data-element_type=\"widget\" data-widget_type=\"heading.default\">\n\t\t\t\t<div class=\"elementor-widget-container\">\n\t\t\t\t\t<h2 class=\"elementor-heading-title elementor-size-default\">Rodillo de siembra<\/h2>\t\t\t\t<\/div>\n\t\t\t\t<\/div>\n\t\t\t\t<\/div>\n\t\t\t\t<\/div>\n\t\t\t\t<\/div>\n\t\t\t\t<\/div>\n\t\t\t\t\t<\/div>\n\t\t\t\t<\/div>\n\t\t<div class=\"elementor-element elementor-element-3568212 e-flex e-con-boxed elementor-invisible e-con e-parent\" data-id=\"3568212\" data-element_type=\"container\" data-settings=\"{&quot;animation&quot;:&quot;fadeInUp&quot;,&quot;animation_delay&quot;:300}\">\n\t\t\t\t\t<div class=\"e-con-inner\">\n\t\t<div class=\"elementor-element elementor-element-16cca2e e-con-full e-flex e-con e-child\" data-id=\"16cca2e\" data-element_type=\"container\">\n\t\t<div class=\"elementor-element elementor-element-67feee8 e-con-full e-flex elementor-invisible e-con e-child\" data-id=\"67feee8\" data-element_type=\"container\" data-settings=\"{&quot;animation&quot;:&quot;fadeInRight&quot;,&quot;animation_delay&quot;:400}\">\n\t\t\t\t<div class=\"elementor-element elementor-element-6e15a43 elementor-widget__width-inherit elementor-widget elementor-widget-shortcode\" data-id=\"6e15a43\" data-element_type=\"widget\" data-widget_type=\"shortcode.default\">\n\t\t\t\t<div class=\"elementor-widget-container\">\n\t\t\t\t\t\t\t<div class=\"elementor-shortcode\"><h2 id=\"tablepress-199-name\" class=\"tablepress-table-name tablepress-table-name-id-199\">SEMBRADORA TO54R\/TO54RS \u2013 Datos t\u00e9cnicos<\/h2>\n\n<table id=\"tablepress-199\" class=\"tablepress tablepress-id-199\" aria-labelledby=\"tablepress-199-name\">\n<tbody class=\"row-striping\">\n<tr class=\"row-1\">\n\t<td class=\"column-1\">Producci\u00f3n horaria<\/td><td class=\"column-2\">600\/800<\/td><td class=\"column-3\">Bandejas\/Hora<\/td>\n<\/tr>\n<tr class=\"row-2\">\n\t<td class=\"column-1\">Medidas bandeja<\/td><td class=\"column-2\">700x500x100<\/td><td class=\"column-3\">mm<\/td>\n<\/tr>\n<tr class=\"row-3\">\n\t<td class=\"column-1\">Potencia instalada<\/td><td class=\"column-2\">4<\/td><td class=\"column-3\">kW<\/td>\n<\/tr>\n<tr class=\"row-4\">\n\t<td class=\"column-1\">Consumo aire<\/td><td class=\"column-2\">135<\/td><td class=\"column-3\">l\/min<\/td>\n<\/tr>\n<tr class=\"row-5\">\n\t<td class=\"column-1\">Peso<\/td><td class=\"column-2\">400<\/td><td class=\"column-3\">Kg<\/td>\n<\/tr>\n<tr class=\"row-6\">\n\t<td class=\"column-1\">Dimensiones<\/td><td class=\"column-2\">2200x1020<\/td><td class=\"column-3\">mm<\/td>\n<\/tr>\n<\/tbody>\n<\/table>\n<!-- #tablepress-199 from cache --><\/div>\n\t\t\t\t\t\t<\/div>\n\t\t\t\t<\/div>\n\t\t\t\t<\/div>\n\t\t\t\t<\/div>\n\t\t\t\t\t<\/div>\n\t\t\t\t<\/div>\n\t\t\t\t<\/div>\n\t\t","protected":false},"featured_media":5361,"template":"","meta":{"_acf_changed":false,"inline_featured_image":false},"product_category":[156,109],"class_list":["post-7382","product","type-product","status-publish","has-post-thumbnail","hentry","product_category-seminatrici-singole-es","product_category-siembra"],"acf":[],"yoast_head":"<!-- This site is optimized with the Yoast SEO plugin v26.0 - https:\/\/yoast.com\/wordpress\/plugins\/seo\/ -->\n<title>SEMBRADORA TO54R\/TO54RS - MosaGreen<\/title>\n<meta name=\"robots\" content=\"index, follow, max-snippet:-1, max-image-preview:large, max-video-preview:-1\" \/>\n<link rel=\"canonical\" href=\"https:\/\/www.mosagreen.it\/es\/product\/sembradora-to54r-to54rs\/\" \/>\n<meta property=\"og:locale\" content=\"es_ES\" \/>\n<meta property=\"og:type\" content=\"article\" \/>\n<meta property=\"og:title\" content=\"SEMBRADORA TO54R\/TO54RS - MosaGreen\" \/>\n<meta property=\"og:description\" content=\"Las sembradoras TO54R y TO54RS est\u00e1n dise\u00f1adas para vol\u00famenes de producci\u00f3n medios. Ofrecen una gran precisi\u00f3n de siembra para cada variedad de semillas y cada tipo de bandeja, incluso con un gran n\u00famero de celdas. Estas sembradoras tienen las principales caracter\u00edsticas de los modelos m\u00e1s grandes, pero son mucho m\u00e1s compactas, en cuanto a dimensiones. [&hellip;]\" \/>\n<meta property=\"og:url\" content=\"https:\/\/www.mosagreen.it\/es\/product\/sembradora-to54r-to54rs\/\" \/>\n<meta property=\"og:site_name\" content=\"MosaGreen\" \/>\n<meta property=\"article:modified_time\" content=\"2025-08-19T09:37:43+00:00\" \/>\n<meta property=\"og:image\" content=\"https:\/\/www.mosagreen.it\/wp-content\/uploads\/2025\/05\/TO54R-copy-1.png\" \/>\n\t<meta property=\"og:image:width\" content=\"500\" \/>\n\t<meta property=\"og:image:height\" content=\"316\" \/>\n\t<meta property=\"og:image:type\" content=\"image\/png\" \/>\n<meta name=\"twitter:card\" content=\"summary_large_image\" \/>\n<meta name=\"twitter:label1\" content=\"Tiempo de lectura\" \/>\n\t<meta name=\"twitter:data1\" content=\"2 minuto\" \/>\n<script type=\"application\/ld+json\" class=\"yoast-schema-graph\">{\"@context\":\"https:\/\/schema.org\",\"@graph\":[{\"@type\":\"WebPage\",\"@id\":\"https:\/\/www.mosagreen.it\/es\/product\/sembradora-to54r-to54rs\/\",\"url\":\"https:\/\/www.mosagreen.it\/es\/product\/sembradora-to54r-to54rs\/\",\"name\":\"SEMBRADORA TO54R\/TO54RS - MosaGreen\",\"isPartOf\":{\"@id\":\"https:\/\/www.mosagreen.it\/es\/#website\"},\"primaryImageOfPage\":{\"@id\":\"https:\/\/www.mosagreen.it\/es\/product\/sembradora-to54r-to54rs\/#primaryimage\"},\"image\":{\"@id\":\"https:\/\/www.mosagreen.it\/es\/product\/sembradora-to54r-to54rs\/#primaryimage\"},\"thumbnailUrl\":\"https:\/\/www.mosagreen.it\/wp-content\/uploads\/2025\/05\/TO54R-copy-1.png\",\"datePublished\":\"2025-05-06T15:56:26+00:00\",\"dateModified\":\"2025-08-19T09:37:43+00:00\",\"breadcrumb\":{\"@id\":\"https:\/\/www.mosagreen.it\/es\/product\/sembradora-to54r-to54rs\/#breadcrumb\"},\"inLanguage\":\"es\",\"potentialAction\":[{\"@type\":\"ReadAction\",\"target\":[\"https:\/\/www.mosagreen.it\/es\/product\/sembradora-to54r-to54rs\/\"]}]},{\"@type\":\"ImageObject\",\"inLanguage\":\"es\",\"@id\":\"https:\/\/www.mosagreen.it\/es\/product\/sembradora-to54r-to54rs\/#primaryimage\",\"url\":\"https:\/\/www.mosagreen.it\/wp-content\/uploads\/2025\/05\/TO54R-copy-1.png\",\"contentUrl\":\"https:\/\/www.mosagreen.it\/wp-content\/uploads\/2025\/05\/TO54R-copy-1.png\",\"width\":500,\"height\":316},{\"@type\":\"BreadcrumbList\",\"@id\":\"https:\/\/www.mosagreen.it\/es\/product\/sembradora-to54r-to54rs\/#breadcrumb\",\"itemListElement\":[{\"@type\":\"ListItem\",\"position\":1,\"name\":\"Home\",\"item\":\"https:\/\/www.mosagreen.it\/es\/\"},{\"@type\":\"ListItem\",\"position\":2,\"name\":\"SEMBRADORA TO54R\/TO54RS\"}]},{\"@type\":\"WebSite\",\"@id\":\"https:\/\/www.mosagreen.it\/es\/#website\",\"url\":\"https:\/\/www.mosagreen.it\/es\/\",\"name\":\"MosaGreen\",\"description\":\"Macchine per OrtoFloro Vivaismo\",\"publisher\":{\"@id\":\"https:\/\/www.mosagreen.it\/es\/#organization\"},\"potentialAction\":[{\"@type\":\"SearchAction\",\"target\":{\"@type\":\"EntryPoint\",\"urlTemplate\":\"https:\/\/www.mosagreen.it\/es\/?s={search_term_string}\"},\"query-input\":{\"@type\":\"PropertyValueSpecification\",\"valueRequired\":true,\"valueName\":\"search_term_string\"}}],\"inLanguage\":\"es\"},{\"@type\":\"Organization\",\"@id\":\"https:\/\/www.mosagreen.it\/es\/#organization\",\"name\":\"MosaGreen\",\"url\":\"https:\/\/www.mosagreen.it\/es\/\",\"logo\":{\"@type\":\"ImageObject\",\"inLanguage\":\"es\",\"@id\":\"https:\/\/www.mosagreen.it\/es\/#\/schema\/logo\/image\/\",\"url\":\"https:\/\/www.mosagreen.it\/wp-content\/uploads\/2025\/04\/logo-1.png\",\"contentUrl\":\"https:\/\/www.mosagreen.it\/wp-content\/uploads\/2025\/04\/logo-1.png\",\"width\":367,\"height\":476,\"caption\":\"MosaGreen\"},\"image\":{\"@id\":\"https:\/\/www.mosagreen.it\/es\/#\/schema\/logo\/image\/\"}}]}<\/script>\n<!-- \/ Yoast SEO plugin. -->","yoast_head_json":{"title":"SEMBRADORA TO54R\/TO54RS - MosaGreen","robots":{"index":"index","follow":"follow","max-snippet":"max-snippet:-1","max-image-preview":"max-image-preview:large","max-video-preview":"max-video-preview:-1"},"canonical":"https:\/\/www.mosagreen.it\/es\/product\/sembradora-to54r-to54rs\/","og_locale":"es_ES","og_type":"article","og_title":"SEMBRADORA TO54R\/TO54RS - MosaGreen","og_description":"Las sembradoras TO54R y TO54RS est\u00e1n dise\u00f1adas para vol\u00famenes de producci\u00f3n medios. Ofrecen una gran precisi\u00f3n de siembra para cada variedad de semillas y cada tipo de bandeja, incluso con un gran n\u00famero de celdas. Estas sembradoras tienen las principales caracter\u00edsticas de los modelos m\u00e1s grandes, pero son mucho m\u00e1s compactas, en cuanto a dimensiones. [&hellip;]","og_url":"https:\/\/www.mosagreen.it\/es\/product\/sembradora-to54r-to54rs\/","og_site_name":"MosaGreen","article_modified_time":"2025-08-19T09:37:43+00:00","og_image":[{"width":500,"height":316,"url":"https:\/\/www.mosagreen.it\/wp-content\/uploads\/2025\/05\/TO54R-copy-1.png","type":"image\/png"}],"twitter_card":"summary_large_image","twitter_misc":{"Tiempo de lectura":"2 minuto"},"schema":{"@context":"https:\/\/schema.org","@graph":[{"@type":"WebPage","@id":"https:\/\/www.mosagreen.it\/es\/product\/sembradora-to54r-to54rs\/","url":"https:\/\/www.mosagreen.it\/es\/product\/sembradora-to54r-to54rs\/","name":"SEMBRADORA TO54R\/TO54RS - MosaGreen","isPartOf":{"@id":"https:\/\/www.mosagreen.it\/es\/#website"},"primaryImageOfPage":{"@id":"https:\/\/www.mosagreen.it\/es\/product\/sembradora-to54r-to54rs\/#primaryimage"},"image":{"@id":"https:\/\/www.mosagreen.it\/es\/product\/sembradora-to54r-to54rs\/#primaryimage"},"thumbnailUrl":"https:\/\/www.mosagreen.it\/wp-content\/uploads\/2025\/05\/TO54R-copy-1.png","datePublished":"2025-05-06T15:56:26+00:00","dateModified":"2025-08-19T09:37:43+00:00","breadcrumb":{"@id":"https:\/\/www.mosagreen.it\/es\/product\/sembradora-to54r-to54rs\/#breadcrumb"},"inLanguage":"es","potentialAction":[{"@type":"ReadAction","target":["https:\/\/www.mosagreen.it\/es\/product\/sembradora-to54r-to54rs\/"]}]},{"@type":"ImageObject","inLanguage":"es","@id":"https:\/\/www.mosagreen.it\/es\/product\/sembradora-to54r-to54rs\/#primaryimage","url":"https:\/\/www.mosagreen.it\/wp-content\/uploads\/2025\/05\/TO54R-copy-1.png","contentUrl":"https:\/\/www.mosagreen.it\/wp-content\/uploads\/2025\/05\/TO54R-copy-1.png","width":500,"height":316},{"@type":"BreadcrumbList","@id":"https:\/\/www.mosagreen.it\/es\/product\/sembradora-to54r-to54rs\/#breadcrumb","itemListElement":[{"@type":"ListItem","position":1,"name":"Home","item":"https:\/\/www.mosagreen.it\/es\/"},{"@type":"ListItem","position":2,"name":"SEMBRADORA TO54R\/TO54RS"}]},{"@type":"WebSite","@id":"https:\/\/www.mosagreen.it\/es\/#website","url":"https:\/\/www.mosagreen.it\/es\/","name":"MosaGreen","description":"Macchine per OrtoFloro Vivaismo","publisher":{"@id":"https:\/\/www.mosagreen.it\/es\/#organization"},"potentialAction":[{"@type":"SearchAction","target":{"@type":"EntryPoint","urlTemplate":"https:\/\/www.mosagreen.it\/es\/?s={search_term_string}"},"query-input":{"@type":"PropertyValueSpecification","valueRequired":true,"valueName":"search_term_string"}}],"inLanguage":"es"},{"@type":"Organization","@id":"https:\/\/www.mosagreen.it\/es\/#organization","name":"MosaGreen","url":"https:\/\/www.mosagreen.it\/es\/","logo":{"@type":"ImageObject","inLanguage":"es","@id":"https:\/\/www.mosagreen.it\/es\/#\/schema\/logo\/image\/","url":"https:\/\/www.mosagreen.it\/wp-content\/uploads\/2025\/04\/logo-1.png","contentUrl":"https:\/\/www.mosagreen.it\/wp-content\/uploads\/2025\/04\/logo-1.png","width":367,"height":476,"caption":"MosaGreen"},"image":{"@id":"https:\/\/www.mosagreen.it\/es\/#\/schema\/logo\/image\/"}}]}},"_links":{"self":[{"href":"https:\/\/www.mosagreen.it\/es\/wp-json\/wp\/v2\/product\/7382","targetHints":{"allow":["GET"]}}],"collection":[{"href":"https:\/\/www.mosagreen.it\/es\/wp-json\/wp\/v2\/product"}],"about":[{"href":"https:\/\/www.mosagreen.it\/es\/wp-json\/wp\/v2\/types\/product"}],"version-history":[{"count":4,"href":"https:\/\/www.mosagreen.it\/es\/wp-json\/wp\/v2\/product\/7382\/revisions"}],"predecessor-version":[{"id":7386,"href":"https:\/\/www.mosagreen.it\/es\/wp-json\/wp\/v2\/product\/7382\/revisions\/7386"}],"wp:featuredmedia":[{"embeddable":true,"href":"https:\/\/www.mosagreen.it\/es\/wp-json\/wp\/v2\/media\/5361"}],"wp:attachment":[{"href":"https:\/\/www.mosagreen.it\/es\/wp-json\/wp\/v2\/media?parent=7382"}],"wp:term":[{"taxonomy":"product_category","embeddable":true,"href":"https:\/\/www.mosagreen.it\/es\/wp-json\/wp\/v2\/product_category?post=7382"}],"curies":[{"name":"wp","href":"https:\/\/api.w.org\/{rel}","templated":true}]}}