{"id":7347,"date":"2025-05-06T17:54:11","date_gmt":"2025-05-06T15:54:11","guid":{"rendered":"https:\/\/www.mosagreen.it\/product\/seminatrice-elettronica-s11s\/"},"modified":"2025-08-19T11:31:25","modified_gmt":"2025-08-19T09:31:25","slug":"sembradora-s11s","status":"publish","type":"product","link":"https:\/\/www.mosagreen.it\/es\/product\/sembradora-s11s\/","title":{"rendered":"SEMBRADORA S11S"},"content":{"rendered":"\t\t<div data-elementor-type=\"wp-post\" data-elementor-id=\"7347\" class=\"elementor elementor-7347 elementor-1591\" data-elementor-post-type=\"product\">\n\t\t\t\t<div class=\"elementor-element elementor-element-34207a0 e-con-full e-flex e-con e-parent\" data-id=\"34207a0\" data-element_type=\"container\">\n\t\t\t\t<div class=\"elementor-element elementor-element-6ee33e6 elementor-widget elementor-widget-template\" data-id=\"6ee33e6\" data-element_type=\"widget\" data-widget_type=\"template.default\">\n\t\t\t\t<div class=\"elementor-widget-container\">\n\t\t\t\t\t\t\t<div class=\"elementor-template\">\n\t\t\t\t\t<div data-elementor-type=\"container\" data-elementor-id=\"1297\" class=\"elementor elementor-1297\" data-elementor-post-type=\"elementor_library\">\n\t\t\t\t<div class=\"elementor-element elementor-element-3a437e53 e-con-full e-flex e-con e-parent\" data-id=\"3a437e53\" data-element_type=\"container\">\n\t\t\t\t<div class=\"elementor-element elementor-element-4b7fb27 elementor-widget elementor-widget-image\" data-id=\"4b7fb27\" data-element_type=\"widget\" data-widget_type=\"image.default\">\n\t\t\t\t<div class=\"elementor-widget-container\">\n\t\t\t\t\t\t\t\t\t\t\t\t\t\t\t<img decoding=\"async\" src=\"https:\/\/www.mosagreen.it\/wp-content\/uploads\/elementor\/thumbs\/semina-scaled-r5g7waswuvst184okpie17k55ss3il6fvc515yv0ka.png\" title=\"semina\" alt=\"semina\" loading=\"lazy\" \/>\t\t\t\t\t\t\t\t\t\t\t\t\t\t\t<\/div>\n\t\t\t\t<\/div>\n\t\t\t\t<\/div>\n\t\t\t\t<\/div>\n\t\t\t\t<\/div>\n\t\t\t\t\t\t<\/div>\n\t\t\t\t<\/div>\n\t\t\t\t<\/div>\n\t\t<div class=\"elementor-element elementor-element-8bc2fcc e-flex e-con-boxed e-con e-parent\" data-id=\"8bc2fcc\" data-element_type=\"container\">\n\t\t\t\t\t<div class=\"e-con-inner\">\n\t\t<div class=\"elementor-element elementor-element-87eb491 e-con-full e-flex e-con e-child\" data-id=\"87eb491\" data-element_type=\"container\">\n\t\t\t\t<div class=\"elementor-element elementor-element-7e7926e elementor-invisible elementor-widget elementor-widget-theme-post-featured-image elementor-widget-image\" data-id=\"7e7926e\" data-element_type=\"widget\" data-settings=\"{&quot;_animation&quot;:&quot;fadeInLeft&quot;,&quot;_animation_delay&quot;:300}\" data-widget_type=\"theme-post-featured-image.default\">\n\t\t\t\t<div class=\"elementor-widget-container\">\n\t\t\t\t\t\t\t\t\t\t\t\t\t\t\t<img fetchpriority=\"high\" decoding=\"async\" width=\"648\" height=\"450\" src=\"https:\/\/www.mosagreen.it\/wp-content\/uploads\/2025\/05\/PG_forestry_04_-1030x618-1.png\" class=\"attachment-large size-large wp-image-5430\" alt=\"\" srcset=\"https:\/\/www.mosagreen.it\/wp-content\/uploads\/2025\/05\/PG_forestry_04_-1030x618-1.png 648w, https:\/\/www.mosagreen.it\/wp-content\/uploads\/2025\/05\/PG_forestry_04_-1030x618-1-300x208.png 300w\" sizes=\"(max-width: 648px) 100vw, 648px\" \/>\t\t\t\t\t\t\t\t\t\t\t\t\t\t\t<\/div>\n\t\t\t\t<\/div>\n\t\t\t\t<\/div>\n\t\t<div class=\"elementor-element elementor-element-1d9c03c e-con-full e-flex elementor-invisible e-con e-child\" data-id=\"1d9c03c\" data-element_type=\"container\" data-settings=\"{&quot;animation&quot;:&quot;fadeInRight&quot;,&quot;animation_delay&quot;:400}\">\n\t\t<div class=\"elementor-element elementor-element-eb0be71 e-con-full e-flex e-con e-child\" data-id=\"eb0be71\" data-element_type=\"container\">\n\t\t\t\t<div class=\"elementor-element elementor-element-dd356a5 elementor-widget elementor-widget-heading\" data-id=\"dd356a5\" data-element_type=\"widget\" data-widget_type=\"heading.default\">\n\t\t\t\t<div class=\"elementor-widget-container\">\n\t\t\t\t\t<h2 class=\"elementor-heading-title elementor-size-default\">SEMBRADORA<\/h2>\t\t\t\t<\/div>\n\t\t\t\t<\/div>\n\t\t\t\t<div class=\"elementor-element elementor-element-6c4ba6b elementor-widget elementor-widget-heading\" data-id=\"6c4ba6b\" data-element_type=\"widget\" data-widget_type=\"heading.default\">\n\t\t\t\t<div class=\"elementor-widget-container\">\n\t\t\t\t\t<h2 class=\"elementor-heading-title elementor-size-default\">S11S<\/h2>\t\t\t\t<\/div>\n\t\t\t\t<\/div>\n\t\t\t\t<\/div>\n\t\t\t\t<div class=\"elementor-element elementor-element-95dd344 elementor-widget elementor-widget-text-editor\" data-id=\"95dd344\" data-element_type=\"widget\" data-widget_type=\"text-editor.default\">\n\t\t\t\t<div class=\"elementor-widget-container\">\n\t\t\t\t\t\t\t\t\tLa sembradora electr\u00f3nica S11S est\u00e1 dise\u00f1ada para vol\u00famenes de producci\u00f3n medios y bajos. Destaca por su gran versatilidad y cuenta con un rodillo de siembra motorizado (\u00d8106 mm) que permite realizar la siembra de forma continua o fila a fila. Est\u00e1 equipada con una cinta transportadora, que garantiza un alto rendimiento con todo tipo de bandejas y as\u00ed como con un control electr\u00f3nico para impostar y ajustar la siembra.\t\t\t\t\t\t\t\t<\/div>\n\t\t\t\t<\/div>\n\t\t\t\t<\/div>\n\t\t\t\t\t<\/div>\n\t\t\t\t<\/div>\n\t\t<div class=\"elementor-element elementor-element-d26f9fd e-flex e-con-boxed e-con e-parent\" data-id=\"d26f9fd\" data-element_type=\"container\">\n\t\t\t\t\t<div class=\"e-con-inner\">\n\t\t<div class=\"elementor-element elementor-element-5100aa5 e-con-full e-flex e-con e-child\" data-id=\"5100aa5\" data-element_type=\"container\" data-settings=\"{&quot;background_background&quot;:&quot;classic&quot;}\">\n\t\t<div class=\"elementor-element elementor-element-9433562 e-con-full e-transform e-flex e-con e-child\" data-id=\"9433562\" data-element_type=\"container\" data-settings=\"{&quot;_transform_translateY_effect&quot;:{&quot;unit&quot;:&quot;%&quot;,&quot;size&quot;:40,&quot;sizes&quot;:[]},&quot;_transform_translateY_effect_tablet&quot;:{&quot;unit&quot;:&quot;%&quot;,&quot;size&quot;:&quot;&quot;,&quot;sizes&quot;:[]},&quot;_transform_translateY_effect_mobile&quot;:{&quot;unit&quot;:&quot;%&quot;,&quot;size&quot;:&quot;&quot;,&quot;sizes&quot;:[]},&quot;_transform_translateX_effect&quot;:{&quot;unit&quot;:&quot;px&quot;,&quot;size&quot;:&quot;&quot;,&quot;sizes&quot;:[]},&quot;_transform_translateX_effect_tablet&quot;:{&quot;unit&quot;:&quot;px&quot;,&quot;size&quot;:&quot;&quot;,&quot;sizes&quot;:[]},&quot;_transform_translateX_effect_mobile&quot;:{&quot;unit&quot;:&quot;px&quot;,&quot;size&quot;:&quot;&quot;,&quot;sizes&quot;:[]}}\">\n\t\t\t\t<\/div>\n\t\t<div class=\"elementor-element elementor-element-4195b12 e-con-full e-flex e-con e-child\" data-id=\"4195b12\" data-element_type=\"container\">\n\t\t<div class=\"elementor-element elementor-element-bc6c6d7 e-con-full animated-slow vodu_blurb e-flex elementor-invisible e-con e-child\" data-id=\"bc6c6d7\" data-element_type=\"container\" data-settings=\"{&quot;background_background&quot;:&quot;classic&quot;,&quot;animation&quot;:&quot;fadeIn&quot;,&quot;animation_delay&quot;:1000}\">\n\t\t\t\t<div class=\"elementor-element elementor-element-c1f39e7 elementor-widget elementor-widget-image\" data-id=\"c1f39e7\" data-element_type=\"widget\" data-widget_type=\"image.default\">\n\t\t\t\t<div class=\"elementor-widget-container\">\n\t\t\t\t\t\t\t\t\t\t\t\t\t\t\t<img decoding=\"async\" width=\"1\" height=\"1\" src=\"https:\/\/www.mosagreen.it\/wp-content\/uploads\/2025\/05\/Asset-42.svg\" class=\"attachment-large size-large wp-image-2013\" alt=\"\" \/>\t\t\t\t\t\t\t\t\t\t\t\t\t\t\t<\/div>\n\t\t\t\t<\/div>\n\t\t<div class=\"elementor-element elementor-element-5619d25 e-con-full vodu_cont_title e-flex e-con e-child\" data-id=\"5619d25\" data-element_type=\"container\">\n\t\t\t\t<div class=\"elementor-element elementor-element-09426d3 elementor-widget elementor-widget-heading\" data-id=\"09426d3\" data-element_type=\"widget\" data-widget_type=\"heading.default\">\n\t\t\t\t<div class=\"elementor-widget-container\">\n\t\t\t\t\t<h2 class=\"elementor-heading-title elementor-size-default\">Placa de punzonado <\/h2>\t\t\t\t<\/div>\n\t\t\t\t<\/div>\n\t\t\t\t<\/div>\n\t\t\t\t<\/div>\n\t\t<div class=\"elementor-element elementor-element-fd94d94 e-con-full animated-slow vodu_blurb e-flex elementor-invisible e-con e-child\" data-id=\"fd94d94\" data-element_type=\"container\" data-settings=\"{&quot;background_background&quot;:&quot;classic&quot;,&quot;animation&quot;:&quot;fadeIn&quot;,&quot;animation_delay&quot;:1500}\">\n\t\t\t\t<div class=\"elementor-element elementor-element-562e3d4 elementor-widget elementor-widget-image\" data-id=\"562e3d4\" data-element_type=\"widget\" data-widget_type=\"image.default\">\n\t\t\t\t<div class=\"elementor-widget-container\">\n\t\t\t\t\t\t\t\t\t\t\t\t\t\t\t<img decoding=\"async\" width=\"1\" height=\"1\" src=\"https:\/\/www.mosagreen.it\/wp-content\/uploads\/2025\/05\/Asset-52.svg\" class=\"attachment-large size-large wp-image-1974\" alt=\"\" \/>\t\t\t\t\t\t\t\t\t\t\t\t\t\t\t<\/div>\n\t\t\t\t<\/div>\n\t\t<div class=\"elementor-element elementor-element-f88bfea e-con-full vodu_cont_title e-flex e-con e-child\" data-id=\"f88bfea\" data-element_type=\"container\">\n\t\t\t\t<div class=\"elementor-element elementor-element-eff7f48 elementor-widget elementor-widget-heading\" data-id=\"eff7f48\" data-element_type=\"widget\" data-widget_type=\"heading.default\">\n\t\t\t\t<div class=\"elementor-widget-container\">\n\t\t\t\t\t<h2 class=\"elementor-heading-title elementor-size-default\">Rodillo de siembra<\/h2>\t\t\t\t<\/div>\n\t\t\t\t<\/div>\n\t\t\t\t<\/div>\n\t\t\t\t<\/div>\n\t\t\t\t<\/div>\n\t\t\t\t<\/div>\n\t\t\t\t\t<\/div>\n\t\t\t\t<\/div>\n\t\t<div class=\"elementor-element elementor-element-d7e095a e-flex e-con-boxed elementor-invisible e-con e-parent\" data-id=\"d7e095a\" data-element_type=\"container\" data-settings=\"{&quot;animation&quot;:&quot;fadeInUp&quot;,&quot;animation_delay&quot;:300}\">\n\t\t\t\t\t<div class=\"e-con-inner\">\n\t\t<div class=\"elementor-element elementor-element-f3812b4 e-con-full e-flex e-con e-child\" data-id=\"f3812b4\" data-element_type=\"container\">\n\t\t<div class=\"elementor-element elementor-element-fc3e0fb e-con-full e-flex elementor-invisible e-con e-child\" data-id=\"fc3e0fb\" data-element_type=\"container\" data-settings=\"{&quot;animation&quot;:&quot;fadeInRight&quot;,&quot;animation_delay&quot;:400}\">\n\t\t\t\t<div class=\"elementor-element elementor-element-dd0e39a elementor-widget__width-inherit elementor-widget elementor-widget-shortcode\" data-id=\"dd0e39a\" data-element_type=\"widget\" data-widget_type=\"shortcode.default\">\n\t\t\t\t<div class=\"elementor-widget-container\">\n\t\t\t\t\t\t\t<div class=\"elementor-shortcode\"><h2 id=\"tablepress-195-name\" class=\"tablepress-table-name tablepress-table-name-id-195\">SEMBRADORA S11S \u2013 Datos t\u00e9cnicos<\/h2>\n\n<table id=\"tablepress-195\" class=\"tablepress tablepress-id-195\" aria-labelledby=\"tablepress-195-name\">\n<tbody class=\"row-striping\">\n<tr class=\"row-1\">\n\t<td class=\"column-1\">Producci\u00f3n horaria<\/td><td class=\"column-2\">600\/800<\/td><td class=\"column-3\">Bandejas\/Hora<\/td>\n<\/tr>\n<tr class=\"row-2\">\n\t<td class=\"column-1\">Medidas bandeja<\/td><td class=\"column-2\">700x500x160<\/td><td class=\"column-3\">mm<\/td>\n<\/tr>\n<tr class=\"row-3\">\n\t<td class=\"column-1\">Potencia instalada<\/td><td class=\"column-2\">2<\/td><td class=\"column-3\">kW<\/td>\n<\/tr>\n<tr class=\"row-4\">\n\t<td class=\"column-1\">Consumo aire<\/td><td class=\"column-2\">135<\/td><td class=\"column-3\">l\/min<\/td>\n<\/tr>\n<tr class=\"row-5\">\n\t<td class=\"column-1\">Peso<\/td><td class=\"column-2\">380<\/td><td class=\"column-3\">Kg<\/td>\n<\/tr>\n<tr class=\"row-6\">\n\t<td class=\"column-1\">Dimensiones<\/td><td class=\"column-2\">2150x1150<\/td><td class=\"column-3\">mm<\/td>\n<\/tr>\n<\/tbody>\n<\/table>\n<!-- #tablepress-195 from cache --><\/div>\n\t\t\t\t\t\t<\/div>\n\t\t\t\t<\/div>\n\t\t\t\t<\/div>\n\t\t\t\t<\/div>\n\t\t\t\t\t<\/div>\n\t\t\t\t<\/div>\n\t\t\t\t<\/div>\n\t\t","protected":false},"featured_media":5430,"template":"","meta":{"_acf_changed":false,"inline_featured_image":false},"product_category":[156,109],"class_list":["post-7347","product","type-product","status-publish","has-post-thumbnail","hentry","product_category-seminatrici-singole-es","product_category-siembra"],"acf":[],"yoast_head":"<!-- This site is optimized with the Yoast SEO plugin v26.0 - https:\/\/yoast.com\/wordpress\/plugins\/seo\/ -->\n<title>SEMBRADORA S11S - MosaGreen<\/title>\n<meta name=\"robots\" content=\"index, follow, max-snippet:-1, max-image-preview:large, max-video-preview:-1\" \/>\n<link rel=\"canonical\" href=\"https:\/\/www.mosagreen.it\/es\/product\/sembradora-s11s\/\" \/>\n<meta property=\"og:locale\" content=\"es_ES\" \/>\n<meta property=\"og:type\" content=\"article\" \/>\n<meta property=\"og:title\" content=\"SEMBRADORA S11S - MosaGreen\" \/>\n<meta property=\"og:description\" content=\"La sembradora electr\u00f3nica S11S est\u00e1 dise\u00f1ada para vol\u00famenes de producci\u00f3n medios y bajos. Destaca por su gran versatilidad y cuenta con un rodillo de siembra motorizado (\u00d8106 mm) que permite realizar la siembra de forma continua o fila a fila. Est\u00e1 equipada con una cinta transportadora, que garantiza un alto rendimiento con todo tipo de [&hellip;]\" \/>\n<meta property=\"og:url\" content=\"https:\/\/www.mosagreen.it\/es\/product\/sembradora-s11s\/\" \/>\n<meta property=\"og:site_name\" content=\"MosaGreen\" \/>\n<meta property=\"article:modified_time\" content=\"2025-08-19T09:31:25+00:00\" \/>\n<meta property=\"og:image\" content=\"https:\/\/www.mosagreen.it\/wp-content\/uploads\/2025\/05\/PG_forestry_04_-1030x618-1.png\" \/>\n\t<meta property=\"og:image:width\" content=\"648\" \/>\n\t<meta property=\"og:image:height\" content=\"450\" \/>\n\t<meta property=\"og:image:type\" content=\"image\/png\" \/>\n<meta name=\"twitter:card\" content=\"summary_large_image\" \/>\n<meta name=\"twitter:label1\" content=\"Tiempo de lectura\" \/>\n\t<meta name=\"twitter:data1\" content=\"2 minuto\" \/>\n<script type=\"application\/ld+json\" class=\"yoast-schema-graph\">{\"@context\":\"https:\/\/schema.org\",\"@graph\":[{\"@type\":\"WebPage\",\"@id\":\"https:\/\/www.mosagreen.it\/es\/product\/sembradora-s11s\/\",\"url\":\"https:\/\/www.mosagreen.it\/es\/product\/sembradora-s11s\/\",\"name\":\"SEMBRADORA S11S - MosaGreen\",\"isPartOf\":{\"@id\":\"https:\/\/www.mosagreen.it\/es\/#website\"},\"primaryImageOfPage\":{\"@id\":\"https:\/\/www.mosagreen.it\/es\/product\/sembradora-s11s\/#primaryimage\"},\"image\":{\"@id\":\"https:\/\/www.mosagreen.it\/es\/product\/sembradora-s11s\/#primaryimage\"},\"thumbnailUrl\":\"https:\/\/www.mosagreen.it\/wp-content\/uploads\/2025\/05\/PG_forestry_04_-1030x618-1.png\",\"datePublished\":\"2025-05-06T15:54:11+00:00\",\"dateModified\":\"2025-08-19T09:31:25+00:00\",\"breadcrumb\":{\"@id\":\"https:\/\/www.mosagreen.it\/es\/product\/sembradora-s11s\/#breadcrumb\"},\"inLanguage\":\"es\",\"potentialAction\":[{\"@type\":\"ReadAction\",\"target\":[\"https:\/\/www.mosagreen.it\/es\/product\/sembradora-s11s\/\"]}]},{\"@type\":\"ImageObject\",\"inLanguage\":\"es\",\"@id\":\"https:\/\/www.mosagreen.it\/es\/product\/sembradora-s11s\/#primaryimage\",\"url\":\"https:\/\/www.mosagreen.it\/wp-content\/uploads\/2025\/05\/PG_forestry_04_-1030x618-1.png\",\"contentUrl\":\"https:\/\/www.mosagreen.it\/wp-content\/uploads\/2025\/05\/PG_forestry_04_-1030x618-1.png\",\"width\":648,\"height\":450},{\"@type\":\"BreadcrumbList\",\"@id\":\"https:\/\/www.mosagreen.it\/es\/product\/sembradora-s11s\/#breadcrumb\",\"itemListElement\":[{\"@type\":\"ListItem\",\"position\":1,\"name\":\"Home\",\"item\":\"https:\/\/www.mosagreen.it\/es\/\"},{\"@type\":\"ListItem\",\"position\":2,\"name\":\"SEMBRADORA S11S\"}]},{\"@type\":\"WebSite\",\"@id\":\"https:\/\/www.mosagreen.it\/es\/#website\",\"url\":\"https:\/\/www.mosagreen.it\/es\/\",\"name\":\"MosaGreen\",\"description\":\"Macchine per OrtoFloro Vivaismo\",\"publisher\":{\"@id\":\"https:\/\/www.mosagreen.it\/es\/#organization\"},\"potentialAction\":[{\"@type\":\"SearchAction\",\"target\":{\"@type\":\"EntryPoint\",\"urlTemplate\":\"https:\/\/www.mosagreen.it\/es\/?s={search_term_string}\"},\"query-input\":{\"@type\":\"PropertyValueSpecification\",\"valueRequired\":true,\"valueName\":\"search_term_string\"}}],\"inLanguage\":\"es\"},{\"@type\":\"Organization\",\"@id\":\"https:\/\/www.mosagreen.it\/es\/#organization\",\"name\":\"MosaGreen\",\"url\":\"https:\/\/www.mosagreen.it\/es\/\",\"logo\":{\"@type\":\"ImageObject\",\"inLanguage\":\"es\",\"@id\":\"https:\/\/www.mosagreen.it\/es\/#\/schema\/logo\/image\/\",\"url\":\"https:\/\/www.mosagreen.it\/wp-content\/uploads\/2025\/04\/logo-1.png\",\"contentUrl\":\"https:\/\/www.mosagreen.it\/wp-content\/uploads\/2025\/04\/logo-1.png\",\"width\":367,\"height\":476,\"caption\":\"MosaGreen\"},\"image\":{\"@id\":\"https:\/\/www.mosagreen.it\/es\/#\/schema\/logo\/image\/\"}}]}<\/script>\n<!-- \/ Yoast SEO plugin. -->","yoast_head_json":{"title":"SEMBRADORA S11S - MosaGreen","robots":{"index":"index","follow":"follow","max-snippet":"max-snippet:-1","max-image-preview":"max-image-preview:large","max-video-preview":"max-video-preview:-1"},"canonical":"https:\/\/www.mosagreen.it\/es\/product\/sembradora-s11s\/","og_locale":"es_ES","og_type":"article","og_title":"SEMBRADORA S11S - MosaGreen","og_description":"La sembradora electr\u00f3nica S11S est\u00e1 dise\u00f1ada para vol\u00famenes de producci\u00f3n medios y bajos. Destaca por su gran versatilidad y cuenta con un rodillo de siembra motorizado (\u00d8106 mm) que permite realizar la siembra de forma continua o fila a fila. Est\u00e1 equipada con una cinta transportadora, que garantiza un alto rendimiento con todo tipo de [&hellip;]","og_url":"https:\/\/www.mosagreen.it\/es\/product\/sembradora-s11s\/","og_site_name":"MosaGreen","article_modified_time":"2025-08-19T09:31:25+00:00","og_image":[{"width":648,"height":450,"url":"https:\/\/www.mosagreen.it\/wp-content\/uploads\/2025\/05\/PG_forestry_04_-1030x618-1.png","type":"image\/png"}],"twitter_card":"summary_large_image","twitter_misc":{"Tiempo de lectura":"2 minuto"},"schema":{"@context":"https:\/\/schema.org","@graph":[{"@type":"WebPage","@id":"https:\/\/www.mosagreen.it\/es\/product\/sembradora-s11s\/","url":"https:\/\/www.mosagreen.it\/es\/product\/sembradora-s11s\/","name":"SEMBRADORA S11S - MosaGreen","isPartOf":{"@id":"https:\/\/www.mosagreen.it\/es\/#website"},"primaryImageOfPage":{"@id":"https:\/\/www.mosagreen.it\/es\/product\/sembradora-s11s\/#primaryimage"},"image":{"@id":"https:\/\/www.mosagreen.it\/es\/product\/sembradora-s11s\/#primaryimage"},"thumbnailUrl":"https:\/\/www.mosagreen.it\/wp-content\/uploads\/2025\/05\/PG_forestry_04_-1030x618-1.png","datePublished":"2025-05-06T15:54:11+00:00","dateModified":"2025-08-19T09:31:25+00:00","breadcrumb":{"@id":"https:\/\/www.mosagreen.it\/es\/product\/sembradora-s11s\/#breadcrumb"},"inLanguage":"es","potentialAction":[{"@type":"ReadAction","target":["https:\/\/www.mosagreen.it\/es\/product\/sembradora-s11s\/"]}]},{"@type":"ImageObject","inLanguage":"es","@id":"https:\/\/www.mosagreen.it\/es\/product\/sembradora-s11s\/#primaryimage","url":"https:\/\/www.mosagreen.it\/wp-content\/uploads\/2025\/05\/PG_forestry_04_-1030x618-1.png","contentUrl":"https:\/\/www.mosagreen.it\/wp-content\/uploads\/2025\/05\/PG_forestry_04_-1030x618-1.png","width":648,"height":450},{"@type":"BreadcrumbList","@id":"https:\/\/www.mosagreen.it\/es\/product\/sembradora-s11s\/#breadcrumb","itemListElement":[{"@type":"ListItem","position":1,"name":"Home","item":"https:\/\/www.mosagreen.it\/es\/"},{"@type":"ListItem","position":2,"name":"SEMBRADORA S11S"}]},{"@type":"WebSite","@id":"https:\/\/www.mosagreen.it\/es\/#website","url":"https:\/\/www.mosagreen.it\/es\/","name":"MosaGreen","description":"Macchine per OrtoFloro Vivaismo","publisher":{"@id":"https:\/\/www.mosagreen.it\/es\/#organization"},"potentialAction":[{"@type":"SearchAction","target":{"@type":"EntryPoint","urlTemplate":"https:\/\/www.mosagreen.it\/es\/?s={search_term_string}"},"query-input":{"@type":"PropertyValueSpecification","valueRequired":true,"valueName":"search_term_string"}}],"inLanguage":"es"},{"@type":"Organization","@id":"https:\/\/www.mosagreen.it\/es\/#organization","name":"MosaGreen","url":"https:\/\/www.mosagreen.it\/es\/","logo":{"@type":"ImageObject","inLanguage":"es","@id":"https:\/\/www.mosagreen.it\/es\/#\/schema\/logo\/image\/","url":"https:\/\/www.mosagreen.it\/wp-content\/uploads\/2025\/04\/logo-1.png","contentUrl":"https:\/\/www.mosagreen.it\/wp-content\/uploads\/2025\/04\/logo-1.png","width":367,"height":476,"caption":"MosaGreen"},"image":{"@id":"https:\/\/www.mosagreen.it\/es\/#\/schema\/logo\/image\/"}}]}},"_links":{"self":[{"href":"https:\/\/www.mosagreen.it\/es\/wp-json\/wp\/v2\/product\/7347","targetHints":{"allow":["GET"]}}],"collection":[{"href":"https:\/\/www.mosagreen.it\/es\/wp-json\/wp\/v2\/product"}],"about":[{"href":"https:\/\/www.mosagreen.it\/es\/wp-json\/wp\/v2\/types\/product"}],"version-history":[{"count":4,"href":"https:\/\/www.mosagreen.it\/es\/wp-json\/wp\/v2\/product\/7347\/revisions"}],"predecessor-version":[{"id":7351,"href":"https:\/\/www.mosagreen.it\/es\/wp-json\/wp\/v2\/product\/7347\/revisions\/7351"}],"wp:featuredmedia":[{"embeddable":true,"href":"https:\/\/www.mosagreen.it\/es\/wp-json\/wp\/v2\/media\/5430"}],"wp:attachment":[{"href":"https:\/\/www.mosagreen.it\/es\/wp-json\/wp\/v2\/media?parent=7347"}],"wp:term":[{"taxonomy":"product_category","embeddable":true,"href":"https:\/\/www.mosagreen.it\/es\/wp-json\/wp\/v2\/product_category?post=7347"}],"curies":[{"name":"wp","href":"https:\/\/api.w.org\/{rel}","templated":true}]}}