{"id":7312,"date":"2025-05-06T17:53:33","date_gmt":"2025-05-06T15:53:33","guid":{"rendered":"https:\/\/www.mosagreen.it\/product\/seminatrice-elettronica-doppio-rullo-se2r\/"},"modified":"2025-08-19T11:22:30","modified_gmt":"2025-08-19T09:22:30","slug":"sembradora-se2r","status":"publish","type":"product","link":"https:\/\/www.mosagreen.it\/es\/product\/sembradora-se2r\/","title":{"rendered":"SEMBRADORA SE2R"},"content":{"rendered":"\t\t<div data-elementor-type=\"wp-post\" data-elementor-id=\"7312\" class=\"elementor elementor-7312 elementor-2017\" data-elementor-post-type=\"product\">\n\t\t\t\t<div class=\"elementor-element elementor-element-b0631c0 e-con-full e-flex e-con e-parent\" data-id=\"b0631c0\" data-element_type=\"container\">\n\t\t\t\t<div class=\"elementor-element elementor-element-590f77d elementor-widget elementor-widget-template\" data-id=\"590f77d\" data-element_type=\"widget\" data-widget_type=\"template.default\">\n\t\t\t\t<div class=\"elementor-widget-container\">\n\t\t\t\t\t\t\t<div class=\"elementor-template\">\n\t\t\t\t\t<div data-elementor-type=\"container\" data-elementor-id=\"1297\" class=\"elementor elementor-1297\" data-elementor-post-type=\"elementor_library\">\n\t\t\t\t<div class=\"elementor-element elementor-element-3a437e53 e-con-full e-flex e-con e-parent\" data-id=\"3a437e53\" data-element_type=\"container\">\n\t\t\t\t<div class=\"elementor-element elementor-element-4b7fb27 elementor-widget elementor-widget-image\" data-id=\"4b7fb27\" data-element_type=\"widget\" data-widget_type=\"image.default\">\n\t\t\t\t<div class=\"elementor-widget-container\">\n\t\t\t\t\t\t\t\t\t\t\t\t\t\t\t<img decoding=\"async\" src=\"https:\/\/www.mosagreen.it\/wp-content\/uploads\/elementor\/thumbs\/semina-scaled-r5g7waswuvst184okpie17k55ss3il6fvc515yv0ka.png\" title=\"semina\" alt=\"semina\" loading=\"lazy\" \/>\t\t\t\t\t\t\t\t\t\t\t\t\t\t\t<\/div>\n\t\t\t\t<\/div>\n\t\t\t\t<\/div>\n\t\t\t\t<\/div>\n\t\t\t\t<\/div>\n\t\t\t\t\t\t<\/div>\n\t\t\t\t<\/div>\n\t\t\t\t<\/div>\n\t\t<div class=\"elementor-element elementor-element-fd12c6c e-flex e-con-boxed e-con e-parent\" data-id=\"fd12c6c\" data-element_type=\"container\">\n\t\t\t\t\t<div class=\"e-con-inner\">\n\t\t<div class=\"elementor-element elementor-element-e720bdb e-con-full e-flex e-con e-child\" data-id=\"e720bdb\" data-element_type=\"container\">\n\t\t\t\t<div class=\"elementor-element elementor-element-4b9c2ea elementor-invisible elementor-widget elementor-widget-theme-post-featured-image elementor-widget-image\" data-id=\"4b9c2ea\" data-element_type=\"widget\" data-settings=\"{&quot;_animation&quot;:&quot;fadeInLeft&quot;,&quot;_animation_delay&quot;:300}\" data-widget_type=\"theme-post-featured-image.default\">\n\t\t\t\t<div class=\"elementor-widget-container\">\n\t\t\t\t\t\t\t\t\t\t\t\t\t\t\t<img fetchpriority=\"high\" decoding=\"async\" width=\"800\" height=\"463\" src=\"https:\/\/www.mosagreen.it\/wp-content\/uploads\/2025\/05\/Double-drum-electronic-seeder-SE2R-1-1024x593.png\" class=\"attachment-large size-large wp-image-3342\" alt=\"\" srcset=\"https:\/\/www.mosagreen.it\/wp-content\/uploads\/2025\/05\/Double-drum-electronic-seeder-SE2R-1-1024x593.png 1024w, https:\/\/www.mosagreen.it\/wp-content\/uploads\/2025\/05\/Double-drum-electronic-seeder-SE2R-1-300x174.png 300w, https:\/\/www.mosagreen.it\/wp-content\/uploads\/2025\/05\/Double-drum-electronic-seeder-SE2R-1-768x445.png 768w, https:\/\/www.mosagreen.it\/wp-content\/uploads\/2025\/05\/Double-drum-electronic-seeder-SE2R-1-1536x889.png 1536w, https:\/\/www.mosagreen.it\/wp-content\/uploads\/2025\/05\/Double-drum-electronic-seeder-SE2R-1.png 1743w\" sizes=\"(max-width: 800px) 100vw, 800px\" \/>\t\t\t\t\t\t\t\t\t\t\t\t\t\t\t<\/div>\n\t\t\t\t<\/div>\n\t\t\t\t<\/div>\n\t\t<div class=\"elementor-element elementor-element-2f435f0 e-con-full e-flex elementor-invisible e-con e-child\" data-id=\"2f435f0\" data-element_type=\"container\" data-settings=\"{&quot;animation&quot;:&quot;fadeInRight&quot;,&quot;animation_delay&quot;:400}\">\n\t\t<div class=\"elementor-element elementor-element-3a439ab e-con-full e-flex e-con e-child\" data-id=\"3a439ab\" data-element_type=\"container\">\n\t\t\t\t<div class=\"elementor-element elementor-element-3725324 elementor-widget elementor-widget-heading\" data-id=\"3725324\" data-element_type=\"widget\" data-widget_type=\"heading.default\">\n\t\t\t\t<div class=\"elementor-widget-container\">\n\t\t\t\t\t<h2 class=\"elementor-heading-title elementor-size-default\">SEMBRADORA<\/h2>\t\t\t\t<\/div>\n\t\t\t\t<\/div>\n\t\t\t\t<div class=\"elementor-element elementor-element-f1987df elementor-widget elementor-widget-heading\" data-id=\"f1987df\" data-element_type=\"widget\" data-widget_type=\"heading.default\">\n\t\t\t\t<div class=\"elementor-widget-container\">\n\t\t\t\t\t<h2 class=\"elementor-heading-title elementor-size-default\">SE2R<\/h2>\t\t\t\t<\/div>\n\t\t\t\t<\/div>\n\t\t\t\t<\/div>\n\t\t\t\t<div class=\"elementor-element elementor-element-f971ba7 elementor-widget elementor-widget-text-editor\" data-id=\"f971ba7\" data-element_type=\"widget\" data-widget_type=\"text-editor.default\">\n\t\t\t\t<div class=\"elementor-widget-container\">\n\t\t\t\t\t\t\t\t\tLa seminatrice elettronica a doppio rullo SE2R \u00e8 concepita per volumi di produzione medio-bassi ed \u00e8 dotata di due rulli di semina motorizzati (\u00d8 106 mm). La velocit\u00e0 e i parametri di semina sono gestiti elettronicamente  in funzione della variet\u00e0 di seme e della tipologia di contenitore. Questa seminatrice consente di personalizzare la disposizione dei semi all\u2019interno del vaso\/alveolo e di effettuare la semina nei contenitori con alveoli sfalsati. Consente, inoltre di depositare diverse variet\u00e0 di semi nello stesso alveolo.\t\t\t\t\t\t\t\t<\/div>\n\t\t\t\t<\/div>\n\t\t\t\t<\/div>\n\t\t\t\t\t<\/div>\n\t\t\t\t<\/div>\n\t\t<div class=\"elementor-element elementor-element-d2c7bce e-flex e-con-boxed e-con e-parent\" data-id=\"d2c7bce\" data-element_type=\"container\">\n\t\t\t\t\t<div class=\"e-con-inner\">\n\t\t<div class=\"elementor-element elementor-element-b3643a7 e-con-full e-flex e-con e-child\" data-id=\"b3643a7\" data-element_type=\"container\" data-settings=\"{&quot;background_background&quot;:&quot;classic&quot;}\">\n\t\t<div class=\"elementor-element elementor-element-28a9fe9 e-con-full e-transform e-flex e-con e-child\" data-id=\"28a9fe9\" data-element_type=\"container\" data-settings=\"{&quot;_transform_translateY_effect&quot;:{&quot;unit&quot;:&quot;%&quot;,&quot;size&quot;:40,&quot;sizes&quot;:[]},&quot;_transform_translateY_effect_tablet&quot;:{&quot;unit&quot;:&quot;%&quot;,&quot;size&quot;:&quot;&quot;,&quot;sizes&quot;:[]},&quot;_transform_translateY_effect_mobile&quot;:{&quot;unit&quot;:&quot;%&quot;,&quot;size&quot;:&quot;&quot;,&quot;sizes&quot;:[]},&quot;_transform_translateX_effect&quot;:{&quot;unit&quot;:&quot;px&quot;,&quot;size&quot;:&quot;&quot;,&quot;sizes&quot;:[]},&quot;_transform_translateX_effect_tablet&quot;:{&quot;unit&quot;:&quot;px&quot;,&quot;size&quot;:&quot;&quot;,&quot;sizes&quot;:[]},&quot;_transform_translateX_effect_mobile&quot;:{&quot;unit&quot;:&quot;px&quot;,&quot;size&quot;:&quot;&quot;,&quot;sizes&quot;:[]}}\">\n\t\t\t\t<div class=\"elementor-element elementor-element-8f4b7c2 elementor-invisible elementor-widget elementor-widget-image\" data-id=\"8f4b7c2\" data-element_type=\"widget\" data-settings=\"{&quot;_animation&quot;:&quot;fadeInLeft&quot;,&quot;_animation_delay&quot;:300}\" data-widget_type=\"image.default\">\n\t\t\t\t<div class=\"elementor-widget-container\">\n\t\t\t\t\t\t\t\t\t\t\t\t\t\t\t<img decoding=\"async\" width=\"600\" height=\"600\" src=\"https:\/\/www.mosagreen.it\/wp-content\/uploads\/2025\/05\/pag-21-45.png\" class=\"attachment-large size-large wp-image-2028\" alt=\"\" srcset=\"https:\/\/www.mosagreen.it\/wp-content\/uploads\/2025\/05\/pag-21-45.png 600w, https:\/\/www.mosagreen.it\/wp-content\/uploads\/2025\/05\/pag-21-45-300x300.png 300w, https:\/\/www.mosagreen.it\/wp-content\/uploads\/2025\/05\/pag-21-45-150x150.png 150w\" sizes=\"(max-width: 600px) 100vw, 600px\" \/>\t\t\t\t\t\t\t\t\t\t\t\t\t\t\t<\/div>\n\t\t\t\t<\/div>\n\t\t\t\t<\/div>\n\t\t<div class=\"elementor-element elementor-element-0f3c995 e-con-full e-flex e-con e-child\" data-id=\"0f3c995\" data-element_type=\"container\">\n\t\t<div class=\"elementor-element elementor-element-2bc99b5 e-con-full animated-slow vodu_blurb e-flex elementor-invisible e-con e-child\" data-id=\"2bc99b5\" data-element_type=\"container\" data-settings=\"{&quot;background_background&quot;:&quot;classic&quot;,&quot;animation&quot;:&quot;fadeIn&quot;,&quot;animation_delay&quot;:1000}\">\n\t\t\t\t<div class=\"elementor-element elementor-element-6a6e089 elementor-widget elementor-widget-image\" data-id=\"6a6e089\" data-element_type=\"widget\" data-widget_type=\"image.default\">\n\t\t\t\t<div class=\"elementor-widget-container\">\n\t\t\t\t\t\t\t\t\t\t\t\t\t\t\t<img decoding=\"async\" width=\"1\" height=\"1\" src=\"https:\/\/www.mosagreen.it\/wp-content\/uploads\/2025\/05\/Asset-47.svg\" class=\"attachment-large size-large wp-image-2037\" alt=\"\" \/>\t\t\t\t\t\t\t\t\t\t\t\t\t\t\t<\/div>\n\t\t\t\t<\/div>\n\t\t<div class=\"elementor-element elementor-element-56d7142 e-con-full vodu_cont_title e-flex e-con e-child\" data-id=\"56d7142\" data-element_type=\"container\">\n\t\t\t\t<div class=\"elementor-element elementor-element-bc6ce10 elementor-widget elementor-widget-heading\" data-id=\"bc6ce10\" data-element_type=\"widget\" data-widget_type=\"heading.default\">\n\t\t\t\t<div class=\"elementor-widget-container\">\n\t\t\t\t\t<h2 class=\"elementor-heading-title elementor-size-default\">Due rulli di semina<\/h2>\t\t\t\t<\/div>\n\t\t\t\t<\/div>\n\t\t\t\t<\/div>\n\t\t\t\t<\/div>\n\t\t\t\t<\/div>\n\t\t\t\t<\/div>\n\t\t\t\t\t<\/div>\n\t\t\t\t<\/div>\n\t\t<div class=\"elementor-element elementor-element-c915d19 e-flex e-con-boxed elementor-invisible e-con e-parent\" data-id=\"c915d19\" data-element_type=\"container\" data-settings=\"{&quot;animation&quot;:&quot;fadeInUp&quot;,&quot;animation_delay&quot;:300}\">\n\t\t\t\t\t<div class=\"e-con-inner\">\n\t\t<div class=\"elementor-element elementor-element-5ceb6e6 e-con-full e-flex e-con e-child\" data-id=\"5ceb6e6\" data-element_type=\"container\">\n\t\t<div class=\"elementor-element elementor-element-95c5402 e-con-full e-flex elementor-invisible e-con e-child\" data-id=\"95c5402\" data-element_type=\"container\" data-settings=\"{&quot;animation&quot;:&quot;fadeInRight&quot;,&quot;animation_delay&quot;:400}\">\n\t\t\t\t<div class=\"elementor-element elementor-element-3a1cc51 elementor-widget__width-inherit elementor-widget elementor-widget-shortcode\" data-id=\"3a1cc51\" data-element_type=\"widget\" data-widget_type=\"shortcode.default\">\n\t\t\t\t<div class=\"elementor-widget-container\">\n\t\t\t\t\t\t\t<div class=\"elementor-shortcode\"><h2 id=\"tablepress-22-name\" class=\"tablepress-table-name tablepress-table-name-id-22\">SEMINATRICE ELETTRONICA DOPPIO RULLO SE2R \u2013 Dati tecnici<\/h2>\n\n<table id=\"tablepress-22\" class=\"tablepress tablepress-id-22\" aria-labelledby=\"tablepress-22-name\">\n<tbody class=\"row-striping\">\n<tr class=\"row-1\">\n\t<td class=\"column-1\">Produzione oraria<\/td><td class=\"column-2\">1400<\/td><td class=\"column-3\">Contenitori\/Ora<\/td>\n<\/tr>\n<tr class=\"row-2\">\n\t<td class=\"column-1\">Dimensioni contenitore<\/td><td class=\"column-2\">700x500x160<\/td><td class=\"column-3\">mm<\/td>\n<\/tr>\n<tr class=\"row-3\">\n\t<td class=\"column-1\">Potenza installata<\/td><td class=\"column-2\">4,05<\/td><td class=\"column-3\">kW<\/td>\n<\/tr>\n<tr class=\"row-4\">\n\t<td class=\"column-1\">Consumo aria (max)<\/td><td class=\"column-2\">200<\/td><td class=\"column-3\">l\/min<\/td>\n<\/tr>\n<tr class=\"row-5\">\n\t<td class=\"column-1\">Peso<\/td><td class=\"column-2\">545<\/td><td class=\"column-3\">kg<\/td>\n<\/tr>\n<tr class=\"row-6\">\n\t<td class=\"column-1\">Ingombro<\/td><td class=\"column-2\">2700x1150<\/td><td class=\"column-3\">mm<\/td>\n<\/tr>\n<\/tbody>\n<\/table>\n<!-- #tablepress-22 from cache --><\/div>\n\t\t\t\t\t\t<\/div>\n\t\t\t\t<\/div>\n\t\t\t\t<\/div>\n\t\t\t\t<\/div>\n\t\t\t\t\t<\/div>\n\t\t\t\t<\/div>\n\t\t\t\t<\/div>\n\t\t","protected":false},"featured_media":3342,"template":"","meta":{"_acf_changed":false,"inline_featured_image":false},"product_category":[156,109],"class_list":["post-7312","product","type-product","status-publish","has-post-thumbnail","hentry","product_category-seminatrici-singole-es","product_category-siembra"],"acf":[],"yoast_head":"<!-- This site is optimized with the Yoast SEO plugin v26.0 - https:\/\/yoast.com\/wordpress\/plugins\/seo\/ -->\n<title>SEMBRADORA SE2R - MosaGreen<\/title>\n<meta name=\"robots\" content=\"index, follow, max-snippet:-1, max-image-preview:large, max-video-preview:-1\" \/>\n<link rel=\"canonical\" href=\"https:\/\/www.mosagreen.it\/es\/product\/sembradora-se2r\/\" \/>\n<meta property=\"og:locale\" content=\"es_ES\" \/>\n<meta property=\"og:type\" content=\"article\" \/>\n<meta property=\"og:title\" content=\"SEMBRADORA SE2R - MosaGreen\" \/>\n<meta property=\"og:description\" content=\"La seminatrice elettronica a doppio rullo SE2R \u00e8 concepita per volumi di produzione medio-bassi ed \u00e8 dotata di due rulli di semina motorizzati (\u00d8 106 mm). La velocit\u00e0 e i parametri di semina sono gestiti elettronicamente in funzione della variet\u00e0 di seme e della tipologia di contenitore. Questa seminatrice consente di personalizzare la disposizione dei [&hellip;]\" \/>\n<meta property=\"og:url\" content=\"https:\/\/www.mosagreen.it\/es\/product\/sembradora-se2r\/\" \/>\n<meta property=\"og:site_name\" content=\"MosaGreen\" \/>\n<meta property=\"article:modified_time\" content=\"2025-08-19T09:22:30+00:00\" \/>\n<meta property=\"og:image\" content=\"https:\/\/www.mosagreen.it\/wp-content\/uploads\/2025\/05\/Double-drum-electronic-seeder-SE2R-1.png\" \/>\n\t<meta property=\"og:image:width\" content=\"1743\" \/>\n\t<meta property=\"og:image:height\" content=\"1009\" \/>\n\t<meta property=\"og:image:type\" content=\"image\/png\" \/>\n<meta name=\"twitter:card\" content=\"summary_large_image\" \/>\n<meta name=\"twitter:label1\" content=\"Tiempo de lectura\" \/>\n\t<meta name=\"twitter:data1\" content=\"2 minuto\" \/>\n<script type=\"application\/ld+json\" class=\"yoast-schema-graph\">{\"@context\":\"https:\/\/schema.org\",\"@graph\":[{\"@type\":\"WebPage\",\"@id\":\"https:\/\/www.mosagreen.it\/es\/product\/sembradora-se2r\/\",\"url\":\"https:\/\/www.mosagreen.it\/es\/product\/sembradora-se2r\/\",\"name\":\"SEMBRADORA SE2R - MosaGreen\",\"isPartOf\":{\"@id\":\"https:\/\/www.mosagreen.it\/es\/#website\"},\"primaryImageOfPage\":{\"@id\":\"https:\/\/www.mosagreen.it\/es\/product\/sembradora-se2r\/#primaryimage\"},\"image\":{\"@id\":\"https:\/\/www.mosagreen.it\/es\/product\/sembradora-se2r\/#primaryimage\"},\"thumbnailUrl\":\"https:\/\/www.mosagreen.it\/wp-content\/uploads\/2025\/05\/Double-drum-electronic-seeder-SE2R-1.png\",\"datePublished\":\"2025-05-06T15:53:33+00:00\",\"dateModified\":\"2025-08-19T09:22:30+00:00\",\"breadcrumb\":{\"@id\":\"https:\/\/www.mosagreen.it\/es\/product\/sembradora-se2r\/#breadcrumb\"},\"inLanguage\":\"es\",\"potentialAction\":[{\"@type\":\"ReadAction\",\"target\":[\"https:\/\/www.mosagreen.it\/es\/product\/sembradora-se2r\/\"]}]},{\"@type\":\"ImageObject\",\"inLanguage\":\"es\",\"@id\":\"https:\/\/www.mosagreen.it\/es\/product\/sembradora-se2r\/#primaryimage\",\"url\":\"https:\/\/www.mosagreen.it\/wp-content\/uploads\/2025\/05\/Double-drum-electronic-seeder-SE2R-1.png\",\"contentUrl\":\"https:\/\/www.mosagreen.it\/wp-content\/uploads\/2025\/05\/Double-drum-electronic-seeder-SE2R-1.png\",\"width\":1743,\"height\":1009},{\"@type\":\"BreadcrumbList\",\"@id\":\"https:\/\/www.mosagreen.it\/es\/product\/sembradora-se2r\/#breadcrumb\",\"itemListElement\":[{\"@type\":\"ListItem\",\"position\":1,\"name\":\"Home\",\"item\":\"https:\/\/www.mosagreen.it\/es\/\"},{\"@type\":\"ListItem\",\"position\":2,\"name\":\"SEMBRADORA SE2R\"}]},{\"@type\":\"WebSite\",\"@id\":\"https:\/\/www.mosagreen.it\/es\/#website\",\"url\":\"https:\/\/www.mosagreen.it\/es\/\",\"name\":\"MosaGreen\",\"description\":\"Macchine per OrtoFloro Vivaismo\",\"publisher\":{\"@id\":\"https:\/\/www.mosagreen.it\/es\/#organization\"},\"potentialAction\":[{\"@type\":\"SearchAction\",\"target\":{\"@type\":\"EntryPoint\",\"urlTemplate\":\"https:\/\/www.mosagreen.it\/es\/?s={search_term_string}\"},\"query-input\":{\"@type\":\"PropertyValueSpecification\",\"valueRequired\":true,\"valueName\":\"search_term_string\"}}],\"inLanguage\":\"es\"},{\"@type\":\"Organization\",\"@id\":\"https:\/\/www.mosagreen.it\/es\/#organization\",\"name\":\"MosaGreen\",\"url\":\"https:\/\/www.mosagreen.it\/es\/\",\"logo\":{\"@type\":\"ImageObject\",\"inLanguage\":\"es\",\"@id\":\"https:\/\/www.mosagreen.it\/es\/#\/schema\/logo\/image\/\",\"url\":\"https:\/\/www.mosagreen.it\/wp-content\/uploads\/2025\/04\/logo-1.png\",\"contentUrl\":\"https:\/\/www.mosagreen.it\/wp-content\/uploads\/2025\/04\/logo-1.png\",\"width\":367,\"height\":476,\"caption\":\"MosaGreen\"},\"image\":{\"@id\":\"https:\/\/www.mosagreen.it\/es\/#\/schema\/logo\/image\/\"}}]}<\/script>\n<!-- \/ Yoast SEO plugin. -->","yoast_head_json":{"title":"SEMBRADORA SE2R - MosaGreen","robots":{"index":"index","follow":"follow","max-snippet":"max-snippet:-1","max-image-preview":"max-image-preview:large","max-video-preview":"max-video-preview:-1"},"canonical":"https:\/\/www.mosagreen.it\/es\/product\/sembradora-se2r\/","og_locale":"es_ES","og_type":"article","og_title":"SEMBRADORA SE2R - MosaGreen","og_description":"La seminatrice elettronica a doppio rullo SE2R \u00e8 concepita per volumi di produzione medio-bassi ed \u00e8 dotata di due rulli di semina motorizzati (\u00d8 106 mm). La velocit\u00e0 e i parametri di semina sono gestiti elettronicamente in funzione della variet\u00e0 di seme e della tipologia di contenitore. Questa seminatrice consente di personalizzare la disposizione dei [&hellip;]","og_url":"https:\/\/www.mosagreen.it\/es\/product\/sembradora-se2r\/","og_site_name":"MosaGreen","article_modified_time":"2025-08-19T09:22:30+00:00","og_image":[{"width":1743,"height":1009,"url":"https:\/\/www.mosagreen.it\/wp-content\/uploads\/2025\/05\/Double-drum-electronic-seeder-SE2R-1.png","type":"image\/png"}],"twitter_card":"summary_large_image","twitter_misc":{"Tiempo de lectura":"2 minuto"},"schema":{"@context":"https:\/\/schema.org","@graph":[{"@type":"WebPage","@id":"https:\/\/www.mosagreen.it\/es\/product\/sembradora-se2r\/","url":"https:\/\/www.mosagreen.it\/es\/product\/sembradora-se2r\/","name":"SEMBRADORA SE2R - MosaGreen","isPartOf":{"@id":"https:\/\/www.mosagreen.it\/es\/#website"},"primaryImageOfPage":{"@id":"https:\/\/www.mosagreen.it\/es\/product\/sembradora-se2r\/#primaryimage"},"image":{"@id":"https:\/\/www.mosagreen.it\/es\/product\/sembradora-se2r\/#primaryimage"},"thumbnailUrl":"https:\/\/www.mosagreen.it\/wp-content\/uploads\/2025\/05\/Double-drum-electronic-seeder-SE2R-1.png","datePublished":"2025-05-06T15:53:33+00:00","dateModified":"2025-08-19T09:22:30+00:00","breadcrumb":{"@id":"https:\/\/www.mosagreen.it\/es\/product\/sembradora-se2r\/#breadcrumb"},"inLanguage":"es","potentialAction":[{"@type":"ReadAction","target":["https:\/\/www.mosagreen.it\/es\/product\/sembradora-se2r\/"]}]},{"@type":"ImageObject","inLanguage":"es","@id":"https:\/\/www.mosagreen.it\/es\/product\/sembradora-se2r\/#primaryimage","url":"https:\/\/www.mosagreen.it\/wp-content\/uploads\/2025\/05\/Double-drum-electronic-seeder-SE2R-1.png","contentUrl":"https:\/\/www.mosagreen.it\/wp-content\/uploads\/2025\/05\/Double-drum-electronic-seeder-SE2R-1.png","width":1743,"height":1009},{"@type":"BreadcrumbList","@id":"https:\/\/www.mosagreen.it\/es\/product\/sembradora-se2r\/#breadcrumb","itemListElement":[{"@type":"ListItem","position":1,"name":"Home","item":"https:\/\/www.mosagreen.it\/es\/"},{"@type":"ListItem","position":2,"name":"SEMBRADORA SE2R"}]},{"@type":"WebSite","@id":"https:\/\/www.mosagreen.it\/es\/#website","url":"https:\/\/www.mosagreen.it\/es\/","name":"MosaGreen","description":"Macchine per OrtoFloro Vivaismo","publisher":{"@id":"https:\/\/www.mosagreen.it\/es\/#organization"},"potentialAction":[{"@type":"SearchAction","target":{"@type":"EntryPoint","urlTemplate":"https:\/\/www.mosagreen.it\/es\/?s={search_term_string}"},"query-input":{"@type":"PropertyValueSpecification","valueRequired":true,"valueName":"search_term_string"}}],"inLanguage":"es"},{"@type":"Organization","@id":"https:\/\/www.mosagreen.it\/es\/#organization","name":"MosaGreen","url":"https:\/\/www.mosagreen.it\/es\/","logo":{"@type":"ImageObject","inLanguage":"es","@id":"https:\/\/www.mosagreen.it\/es\/#\/schema\/logo\/image\/","url":"https:\/\/www.mosagreen.it\/wp-content\/uploads\/2025\/04\/logo-1.png","contentUrl":"https:\/\/www.mosagreen.it\/wp-content\/uploads\/2025\/04\/logo-1.png","width":367,"height":476,"caption":"MosaGreen"},"image":{"@id":"https:\/\/www.mosagreen.it\/es\/#\/schema\/logo\/image\/"}}]}},"_links":{"self":[{"href":"https:\/\/www.mosagreen.it\/es\/wp-json\/wp\/v2\/product\/7312","targetHints":{"allow":["GET"]}}],"collection":[{"href":"https:\/\/www.mosagreen.it\/es\/wp-json\/wp\/v2\/product"}],"about":[{"href":"https:\/\/www.mosagreen.it\/es\/wp-json\/wp\/v2\/types\/product"}],"version-history":[{"count":1,"href":"https:\/\/www.mosagreen.it\/es\/wp-json\/wp\/v2\/product\/7312\/revisions"}],"predecessor-version":[{"id":7313,"href":"https:\/\/www.mosagreen.it\/es\/wp-json\/wp\/v2\/product\/7312\/revisions\/7313"}],"wp:featuredmedia":[{"embeddable":true,"href":"https:\/\/www.mosagreen.it\/es\/wp-json\/wp\/v2\/media\/3342"}],"wp:attachment":[{"href":"https:\/\/www.mosagreen.it\/es\/wp-json\/wp\/v2\/media?parent=7312"}],"wp:term":[{"taxonomy":"product_category","embeddable":true,"href":"https:\/\/www.mosagreen.it\/es\/wp-json\/wp\/v2\/product_category?post=7312"}],"curies":[{"name":"wp","href":"https:\/\/api.w.org\/{rel}","templated":true}]}}