{"id":7277,"date":"2025-05-06T17:52:37","date_gmt":"2025-05-06T15:52:37","guid":{"rendered":"https:\/\/www.mosagreen.it\/product\/seminatrice-doppio-rullo-sm2r\/"},"modified":"2025-08-19T11:17:30","modified_gmt":"2025-08-19T09:17:30","slug":"sembradora-sm2r","status":"publish","type":"product","link":"https:\/\/www.mosagreen.it\/es\/product\/sembradora-sm2r\/","title":{"rendered":"SEMBRADORA SM2R"},"content":{"rendered":"\t\t<div data-elementor-type=\"wp-post\" data-elementor-id=\"7277\" class=\"elementor elementor-7277 elementor-2044\" data-elementor-post-type=\"product\">\n\t\t\t\t<div class=\"elementor-element elementor-element-e6052bb e-con-full e-flex e-con e-parent\" data-id=\"e6052bb\" data-element_type=\"container\">\n\t\t\t\t<div class=\"elementor-element elementor-element-13b2f28 elementor-widget elementor-widget-template\" data-id=\"13b2f28\" data-element_type=\"widget\" data-widget_type=\"template.default\">\n\t\t\t\t<div class=\"elementor-widget-container\">\n\t\t\t\t\t\t\t<div class=\"elementor-template\">\n\t\t\t\t\t<div data-elementor-type=\"container\" data-elementor-id=\"1297\" class=\"elementor elementor-1297\" data-elementor-post-type=\"elementor_library\">\n\t\t\t\t<div class=\"elementor-element elementor-element-3a437e53 e-con-full e-flex e-con e-parent\" data-id=\"3a437e53\" data-element_type=\"container\">\n\t\t\t\t<div class=\"elementor-element elementor-element-4b7fb27 elementor-widget elementor-widget-image\" data-id=\"4b7fb27\" data-element_type=\"widget\" data-widget_type=\"image.default\">\n\t\t\t\t<div class=\"elementor-widget-container\">\n\t\t\t\t\t\t\t\t\t\t\t\t\t\t\t<img decoding=\"async\" src=\"https:\/\/www.mosagreen.it\/wp-content\/uploads\/elementor\/thumbs\/semina-scaled-r5g7waswuvst184okpie17k55ss3il6fvc515yv0ka.png\" title=\"semina\" alt=\"semina\" loading=\"lazy\" \/>\t\t\t\t\t\t\t\t\t\t\t\t\t\t\t<\/div>\n\t\t\t\t<\/div>\n\t\t\t\t<\/div>\n\t\t\t\t<\/div>\n\t\t\t\t<\/div>\n\t\t\t\t\t\t<\/div>\n\t\t\t\t<\/div>\n\t\t\t\t<\/div>\n\t\t<div class=\"elementor-element elementor-element-3df5e14 e-flex e-con-boxed e-con e-parent\" data-id=\"3df5e14\" data-element_type=\"container\">\n\t\t\t\t\t<div class=\"e-con-inner\">\n\t\t<div class=\"elementor-element elementor-element-2b8e553 e-con-full e-flex e-con e-child\" data-id=\"2b8e553\" data-element_type=\"container\">\n\t\t\t\t<div class=\"elementor-element elementor-element-531d148 elementor-invisible elementor-widget elementor-widget-theme-post-featured-image elementor-widget-image\" data-id=\"531d148\" data-element_type=\"widget\" data-settings=\"{&quot;_animation&quot;:&quot;fadeInLeft&quot;,&quot;_animation_delay&quot;:300}\" data-widget_type=\"theme-post-featured-image.default\">\n\t\t\t\t<div class=\"elementor-widget-container\">\n\t\t\t\t\t\t\t\t\t\t\t\t\t\t\t<img fetchpriority=\"high\" decoding=\"async\" width=\"500\" height=\"316\" src=\"https:\/\/www.mosagreen.it\/wp-content\/uploads\/2025\/05\/SM2R-copy-1.png\" class=\"attachment-large size-large wp-image-5342\" alt=\"\" srcset=\"https:\/\/www.mosagreen.it\/wp-content\/uploads\/2025\/05\/SM2R-copy-1.png 500w, https:\/\/www.mosagreen.it\/wp-content\/uploads\/2025\/05\/SM2R-copy-1-300x190.png 300w\" sizes=\"(max-width: 500px) 100vw, 500px\" \/>\t\t\t\t\t\t\t\t\t\t\t\t\t\t\t<\/div>\n\t\t\t\t<\/div>\n\t\t\t\t<\/div>\n\t\t<div class=\"elementor-element elementor-element-7466b01 e-con-full e-flex elementor-invisible e-con e-child\" data-id=\"7466b01\" data-element_type=\"container\" data-settings=\"{&quot;animation&quot;:&quot;fadeInRight&quot;,&quot;animation_delay&quot;:400}\">\n\t\t<div class=\"elementor-element elementor-element-d960cbf e-con-full e-flex e-con e-child\" data-id=\"d960cbf\" data-element_type=\"container\">\n\t\t\t\t<div class=\"elementor-element elementor-element-3336113 elementor-widget elementor-widget-heading\" data-id=\"3336113\" data-element_type=\"widget\" data-widget_type=\"heading.default\">\n\t\t\t\t<div class=\"elementor-widget-container\">\n\t\t\t\t\t<h2 class=\"elementor-heading-title elementor-size-default\">SEMBRADORA<\/h2>\t\t\t\t<\/div>\n\t\t\t\t<\/div>\n\t\t\t\t<div class=\"elementor-element elementor-element-a278d49 elementor-widget elementor-widget-heading\" data-id=\"a278d49\" data-element_type=\"widget\" data-widget_type=\"heading.default\">\n\t\t\t\t<div class=\"elementor-widget-container\">\n\t\t\t\t\t<h2 class=\"elementor-heading-title elementor-size-default\">SM2R<\/h2>\t\t\t\t<\/div>\n\t\t\t\t<\/div>\n\t\t\t\t<\/div>\n\t\t\t\t<div class=\"elementor-element elementor-element-b88dd85 elementor-widget elementor-widget-text-editor\" data-id=\"b88dd85\" data-element_type=\"widget\" data-widget_type=\"text-editor.default\">\n\t\t\t\t<div class=\"elementor-widget-container\">\n\t\t\t\t\t\t\t\t\tLa sembradora de doble rodillo SM2R est\u00e1 dise\u00f1ada para vol\u00famenes de producci\u00f3n altos y cuenta con dos rodillos de siembra (\u00d8210 mm). La velocidad y los par\u00e1metros de siembra se gestionan electr\u00f3nicamente en funci\u00f3n de la variedad de semillas y del tipo de bandeja. Permite personalizar la disposici\u00f3n de las semillas en macetas o alveolos, as\u00ed como realizar la siembra a tresbolillo en las bandejas. Adem\u00e1s, permite de sembrar diversos tipos de semillas en el mismo alveolo.\t\t\t\t\t\t\t\t<\/div>\n\t\t\t\t<\/div>\n\t\t\t\t<\/div>\n\t\t\t\t\t<\/div>\n\t\t\t\t<\/div>\n\t\t<div class=\"elementor-element elementor-element-e0ff9bc e-flex e-con-boxed e-con e-parent\" data-id=\"e0ff9bc\" data-element_type=\"container\">\n\t\t\t\t\t<div class=\"e-con-inner\">\n\t\t<div class=\"elementor-element elementor-element-a1ba91f e-con-full e-flex e-con e-child\" data-id=\"a1ba91f\" data-element_type=\"container\" data-settings=\"{&quot;background_background&quot;:&quot;classic&quot;}\">\n\t\t<div class=\"elementor-element elementor-element-d737f32 e-con-full e-transform e-flex e-con e-child\" data-id=\"d737f32\" data-element_type=\"container\" data-settings=\"{&quot;_transform_translateY_effect&quot;:{&quot;unit&quot;:&quot;%&quot;,&quot;size&quot;:40,&quot;sizes&quot;:[]},&quot;_transform_translateY_effect_tablet&quot;:{&quot;unit&quot;:&quot;%&quot;,&quot;size&quot;:&quot;&quot;,&quot;sizes&quot;:[]},&quot;_transform_translateY_effect_mobile&quot;:{&quot;unit&quot;:&quot;%&quot;,&quot;size&quot;:&quot;&quot;,&quot;sizes&quot;:[]},&quot;_transform_translateX_effect&quot;:{&quot;unit&quot;:&quot;px&quot;,&quot;size&quot;:&quot;&quot;,&quot;sizes&quot;:[]},&quot;_transform_translateX_effect_tablet&quot;:{&quot;unit&quot;:&quot;px&quot;,&quot;size&quot;:&quot;&quot;,&quot;sizes&quot;:[]},&quot;_transform_translateX_effect_mobile&quot;:{&quot;unit&quot;:&quot;px&quot;,&quot;size&quot;:&quot;&quot;,&quot;sizes&quot;:[]}}\">\n\t\t\t\t<div class=\"elementor-element elementor-element-6116c22 elementor-invisible elementor-widget elementor-widget-image\" data-id=\"6116c22\" data-element_type=\"widget\" data-settings=\"{&quot;_animation&quot;:&quot;fadeInLeft&quot;,&quot;_animation_delay&quot;:300}\" data-widget_type=\"image.default\">\n\t\t\t\t<div class=\"elementor-widget-container\">\n\t\t\t\t\t\t\t\t\t\t\t\t\t\t\t<img decoding=\"async\" width=\"600\" height=\"601\" src=\"https:\/\/www.mosagreen.it\/wp-content\/uploads\/2025\/05\/pag-47.png\" class=\"attachment-large size-large wp-image-2055\" alt=\"\" srcset=\"https:\/\/www.mosagreen.it\/wp-content\/uploads\/2025\/05\/pag-47.png 600w, https:\/\/www.mosagreen.it\/wp-content\/uploads\/2025\/05\/pag-47-300x300.png 300w, https:\/\/www.mosagreen.it\/wp-content\/uploads\/2025\/05\/pag-47-150x150.png 150w\" sizes=\"(max-width: 600px) 100vw, 600px\" \/>\t\t\t\t\t\t\t\t\t\t\t\t\t\t\t<\/div>\n\t\t\t\t<\/div>\n\t\t\t\t<\/div>\n\t\t<div class=\"elementor-element elementor-element-fe95729 e-con-full e-flex e-con e-child\" data-id=\"fe95729\" data-element_type=\"container\">\n\t\t<div class=\"elementor-element elementor-element-9aa5c20 e-con-full animated-slow vodu_blurb e-flex elementor-invisible e-con e-child\" data-id=\"9aa5c20\" data-element_type=\"container\" data-settings=\"{&quot;background_background&quot;:&quot;classic&quot;,&quot;animation&quot;:&quot;fadeIn&quot;,&quot;animation_delay&quot;:1000}\">\n\t\t\t\t<div class=\"elementor-element elementor-element-47feb64 elementor-widget elementor-widget-image\" data-id=\"47feb64\" data-element_type=\"widget\" data-widget_type=\"image.default\">\n\t\t\t\t<div class=\"elementor-widget-container\">\n\t\t\t\t\t\t\t\t\t\t\t\t\t\t\t<img decoding=\"async\" width=\"1\" height=\"1\" src=\"https:\/\/www.mosagreen.it\/wp-content\/uploads\/2025\/05\/Asset-55.svg\" class=\"attachment-large size-large wp-image-1398\" alt=\"\" \/>\t\t\t\t\t\t\t\t\t\t\t\t\t\t\t<\/div>\n\t\t\t\t<\/div>\n\t\t<div class=\"elementor-element elementor-element-21a7b9f e-con-full vodu_cont_title e-flex e-con e-child\" data-id=\"21a7b9f\" data-element_type=\"container\">\n\t\t\t\t<div class=\"elementor-element elementor-element-13dbbae elementor-widget elementor-widget-heading\" data-id=\"13dbbae\" data-element_type=\"widget\" data-widget_type=\"heading.default\">\n\t\t\t\t<div class=\"elementor-widget-container\">\n\t\t\t\t\t<h2 class=\"elementor-heading-title elementor-size-default\">Rodillo de punzonado<\/h2>\t\t\t\t<\/div>\n\t\t\t\t<\/div>\n\t\t\t\t<\/div>\n\t\t\t\t<\/div>\n\t\t<div class=\"elementor-element elementor-element-34df820 e-con-full animated-slow vodu_blurb e-flex elementor-invisible e-con e-child\" data-id=\"34df820\" data-element_type=\"container\" data-settings=\"{&quot;background_background&quot;:&quot;classic&quot;,&quot;animation&quot;:&quot;fadeIn&quot;,&quot;animation_delay&quot;:1500}\">\n\t\t\t\t<div class=\"elementor-element elementor-element-b506df2 elementor-widget elementor-widget-image\" data-id=\"b506df2\" data-element_type=\"widget\" data-widget_type=\"image.default\">\n\t\t\t\t<div class=\"elementor-widget-container\">\n\t\t\t\t\t\t\t\t\t\t\t\t\t\t\t<img loading=\"lazy\" decoding=\"async\" width=\"1\" height=\"1\" src=\"https:\/\/www.mosagreen.it\/wp-content\/uploads\/2025\/05\/Asset-47.svg\" class=\"attachment-large size-large wp-image-2037\" alt=\"\" \/>\t\t\t\t\t\t\t\t\t\t\t\t\t\t\t<\/div>\n\t\t\t\t<\/div>\n\t\t<div class=\"elementor-element elementor-element-a27e504 e-con-full vodu_cont_title e-flex e-con e-child\" data-id=\"a27e504\" data-element_type=\"container\">\n\t\t\t\t<div class=\"elementor-element elementor-element-6b47caf elementor-widget elementor-widget-heading\" data-id=\"6b47caf\" data-element_type=\"widget\" data-widget_type=\"heading.default\">\n\t\t\t\t<div class=\"elementor-widget-container\">\n\t\t\t\t\t<h2 class=\"elementor-heading-title elementor-size-default\">Dos rodillo de siembra<\/h2>\t\t\t\t<\/div>\n\t\t\t\t<\/div>\n\t\t\t\t<\/div>\n\t\t\t\t<\/div>\n\t\t\t\t<\/div>\n\t\t\t\t<\/div>\n\t\t\t\t\t<\/div>\n\t\t\t\t<\/div>\n\t\t<div class=\"elementor-element elementor-element-0441b3c e-flex e-con-boxed elementor-invisible e-con e-parent\" data-id=\"0441b3c\" data-element_type=\"container\" data-settings=\"{&quot;animation&quot;:&quot;fadeInUp&quot;,&quot;animation_delay&quot;:300}\">\n\t\t\t\t\t<div class=\"e-con-inner\">\n\t\t<div class=\"elementor-element elementor-element-6f3a5bc e-con-full e-flex e-con e-child\" data-id=\"6f3a5bc\" data-element_type=\"container\">\n\t\t<div class=\"elementor-element elementor-element-a990405 e-con-full e-flex elementor-invisible e-con e-child\" data-id=\"a990405\" data-element_type=\"container\" data-settings=\"{&quot;animation&quot;:&quot;fadeInRight&quot;,&quot;animation_delay&quot;:400}\">\n\t\t\t\t<div class=\"elementor-element elementor-element-3c42bf0 elementor-widget__width-inherit elementor-widget elementor-widget-shortcode\" data-id=\"3c42bf0\" data-element_type=\"widget\" data-widget_type=\"shortcode.default\">\n\t\t\t\t<div class=\"elementor-widget-container\">\n\t\t\t\t\t\t\t<div class=\"elementor-shortcode\"><h2 id=\"tablepress-187-name\" class=\"tablepress-table-name tablepress-table-name-id-187\">SEMBRADORA SM2R \u2013 Datos t\u00e9cnicos<\/h2>\n\n<table id=\"tablepress-187\" class=\"tablepress tablepress-id-187\" aria-labelledby=\"tablepress-187-name\">\n<tbody class=\"row-striping\">\n<tr class=\"row-1\">\n\t<td class=\"column-1\">Producci\u00f3n horaria<\/td><td class=\"column-2\">1400<\/td><td class=\"column-3\">Bandejas\/Hora<\/td>\n<\/tr>\n<tr class=\"row-2\">\n\t<td class=\"column-1\">Medidas bandeja<\/td><td class=\"column-2\">700x500x100<\/td><td class=\"column-3\">mm<\/td>\n<\/tr>\n<tr class=\"row-3\">\n\t<td class=\"column-1\">Potencia instalada<\/td><td class=\"column-2\">7,5<\/td><td class=\"column-3\">kW<\/td>\n<\/tr>\n<tr class=\"row-4\">\n\t<td class=\"column-1\">Consumo aire (m\u00e1x.)<\/td><td class=\"column-2\">250<\/td><td class=\"column-3\">l\/min<\/td>\n<\/tr>\n<tr class=\"row-5\">\n\t<td class=\"column-1\">Peso<\/td><td class=\"column-2\">700<\/td><td class=\"column-3\">kg<\/td>\n<\/tr>\n<tr class=\"row-6\">\n\t<td class=\"column-1\">Dimensiones<\/td><td class=\"column-2\">3600x1100<\/td><td class=\"column-3\">mm<\/td>\n<\/tr>\n<\/tbody>\n<\/table>\n<\/div>\n\t\t\t\t\t\t<\/div>\n\t\t\t\t<\/div>\n\t\t\t\t<\/div>\n\t\t\t\t<\/div>\n\t\t\t\t\t<\/div>\n\t\t\t\t<\/div>\n\t\t\t\t<\/div>\n\t\t","protected":false},"featured_media":5342,"template":"","meta":{"_acf_changed":false,"inline_featured_image":false},"product_category":[156,109],"class_list":["post-7277","product","type-product","status-publish","has-post-thumbnail","hentry","product_category-seminatrici-singole-es","product_category-siembra"],"acf":[],"yoast_head":"<!-- This site is optimized with the Yoast SEO plugin v26.0 - https:\/\/yoast.com\/wordpress\/plugins\/seo\/ -->\n<title>SEMBRADORA SM2R - MosaGreen<\/title>\n<meta name=\"robots\" content=\"index, follow, max-snippet:-1, max-image-preview:large, max-video-preview:-1\" \/>\n<link rel=\"canonical\" href=\"https:\/\/www.mosagreen.it\/es\/product\/sembradora-sm2r\/\" \/>\n<meta property=\"og:locale\" content=\"es_ES\" \/>\n<meta property=\"og:type\" content=\"article\" \/>\n<meta property=\"og:title\" content=\"SEMBRADORA SM2R - MosaGreen\" \/>\n<meta property=\"og:description\" content=\"La sembradora de doble rodillo SM2R est\u00e1 dise\u00f1ada para vol\u00famenes de producci\u00f3n altos y cuenta con dos rodillos de siembra (\u00d8210 mm). La velocidad y los par\u00e1metros de siembra se gestionan electr\u00f3nicamente en funci\u00f3n de la variedad de semillas y del tipo de bandeja. Permite personalizar la disposici\u00f3n de las semillas en macetas o alveolos, [&hellip;]\" \/>\n<meta property=\"og:url\" content=\"https:\/\/www.mosagreen.it\/es\/product\/sembradora-sm2r\/\" \/>\n<meta property=\"og:site_name\" content=\"MosaGreen\" \/>\n<meta property=\"article:modified_time\" content=\"2025-08-19T09:17:30+00:00\" \/>\n<meta property=\"og:image\" content=\"https:\/\/www.mosagreen.it\/wp-content\/uploads\/2025\/05\/SM2R-copy-1.png\" \/>\n\t<meta property=\"og:image:width\" content=\"500\" \/>\n\t<meta property=\"og:image:height\" content=\"316\" \/>\n\t<meta property=\"og:image:type\" content=\"image\/png\" \/>\n<meta name=\"twitter:card\" content=\"summary_large_image\" \/>\n<meta name=\"twitter:label1\" content=\"Tiempo de lectura\" \/>\n\t<meta name=\"twitter:data1\" content=\"2 minuto\" \/>\n<script type=\"application\/ld+json\" class=\"yoast-schema-graph\">{\"@context\":\"https:\/\/schema.org\",\"@graph\":[{\"@type\":\"WebPage\",\"@id\":\"https:\/\/www.mosagreen.it\/es\/product\/sembradora-sm2r\/\",\"url\":\"https:\/\/www.mosagreen.it\/es\/product\/sembradora-sm2r\/\",\"name\":\"SEMBRADORA SM2R - MosaGreen\",\"isPartOf\":{\"@id\":\"https:\/\/www.mosagreen.it\/es\/#website\"},\"primaryImageOfPage\":{\"@id\":\"https:\/\/www.mosagreen.it\/es\/product\/sembradora-sm2r\/#primaryimage\"},\"image\":{\"@id\":\"https:\/\/www.mosagreen.it\/es\/product\/sembradora-sm2r\/#primaryimage\"},\"thumbnailUrl\":\"https:\/\/www.mosagreen.it\/wp-content\/uploads\/2025\/05\/SM2R-copy-1.png\",\"datePublished\":\"2025-05-06T15:52:37+00:00\",\"dateModified\":\"2025-08-19T09:17:30+00:00\",\"breadcrumb\":{\"@id\":\"https:\/\/www.mosagreen.it\/es\/product\/sembradora-sm2r\/#breadcrumb\"},\"inLanguage\":\"es\",\"potentialAction\":[{\"@type\":\"ReadAction\",\"target\":[\"https:\/\/www.mosagreen.it\/es\/product\/sembradora-sm2r\/\"]}]},{\"@type\":\"ImageObject\",\"inLanguage\":\"es\",\"@id\":\"https:\/\/www.mosagreen.it\/es\/product\/sembradora-sm2r\/#primaryimage\",\"url\":\"https:\/\/www.mosagreen.it\/wp-content\/uploads\/2025\/05\/SM2R-copy-1.png\",\"contentUrl\":\"https:\/\/www.mosagreen.it\/wp-content\/uploads\/2025\/05\/SM2R-copy-1.png\",\"width\":500,\"height\":316},{\"@type\":\"BreadcrumbList\",\"@id\":\"https:\/\/www.mosagreen.it\/es\/product\/sembradora-sm2r\/#breadcrumb\",\"itemListElement\":[{\"@type\":\"ListItem\",\"position\":1,\"name\":\"Home\",\"item\":\"https:\/\/www.mosagreen.it\/es\/\"},{\"@type\":\"ListItem\",\"position\":2,\"name\":\"SEMBRADORA SM2R\"}]},{\"@type\":\"WebSite\",\"@id\":\"https:\/\/www.mosagreen.it\/es\/#website\",\"url\":\"https:\/\/www.mosagreen.it\/es\/\",\"name\":\"MosaGreen\",\"description\":\"Macchine per OrtoFloro Vivaismo\",\"publisher\":{\"@id\":\"https:\/\/www.mosagreen.it\/es\/#organization\"},\"potentialAction\":[{\"@type\":\"SearchAction\",\"target\":{\"@type\":\"EntryPoint\",\"urlTemplate\":\"https:\/\/www.mosagreen.it\/es\/?s={search_term_string}\"},\"query-input\":{\"@type\":\"PropertyValueSpecification\",\"valueRequired\":true,\"valueName\":\"search_term_string\"}}],\"inLanguage\":\"es\"},{\"@type\":\"Organization\",\"@id\":\"https:\/\/www.mosagreen.it\/es\/#organization\",\"name\":\"MosaGreen\",\"url\":\"https:\/\/www.mosagreen.it\/es\/\",\"logo\":{\"@type\":\"ImageObject\",\"inLanguage\":\"es\",\"@id\":\"https:\/\/www.mosagreen.it\/es\/#\/schema\/logo\/image\/\",\"url\":\"https:\/\/www.mosagreen.it\/wp-content\/uploads\/2025\/04\/logo-1.png\",\"contentUrl\":\"https:\/\/www.mosagreen.it\/wp-content\/uploads\/2025\/04\/logo-1.png\",\"width\":367,\"height\":476,\"caption\":\"MosaGreen\"},\"image\":{\"@id\":\"https:\/\/www.mosagreen.it\/es\/#\/schema\/logo\/image\/\"}}]}<\/script>\n<!-- \/ Yoast SEO plugin. -->","yoast_head_json":{"title":"SEMBRADORA SM2R - MosaGreen","robots":{"index":"index","follow":"follow","max-snippet":"max-snippet:-1","max-image-preview":"max-image-preview:large","max-video-preview":"max-video-preview:-1"},"canonical":"https:\/\/www.mosagreen.it\/es\/product\/sembradora-sm2r\/","og_locale":"es_ES","og_type":"article","og_title":"SEMBRADORA SM2R - MosaGreen","og_description":"La sembradora de doble rodillo SM2R est\u00e1 dise\u00f1ada para vol\u00famenes de producci\u00f3n altos y cuenta con dos rodillos de siembra (\u00d8210 mm). La velocidad y los par\u00e1metros de siembra se gestionan electr\u00f3nicamente en funci\u00f3n de la variedad de semillas y del tipo de bandeja. Permite personalizar la disposici\u00f3n de las semillas en macetas o alveolos, [&hellip;]","og_url":"https:\/\/www.mosagreen.it\/es\/product\/sembradora-sm2r\/","og_site_name":"MosaGreen","article_modified_time":"2025-08-19T09:17:30+00:00","og_image":[{"width":500,"height":316,"url":"https:\/\/www.mosagreen.it\/wp-content\/uploads\/2025\/05\/SM2R-copy-1.png","type":"image\/png"}],"twitter_card":"summary_large_image","twitter_misc":{"Tiempo de lectura":"2 minuto"},"schema":{"@context":"https:\/\/schema.org","@graph":[{"@type":"WebPage","@id":"https:\/\/www.mosagreen.it\/es\/product\/sembradora-sm2r\/","url":"https:\/\/www.mosagreen.it\/es\/product\/sembradora-sm2r\/","name":"SEMBRADORA SM2R - MosaGreen","isPartOf":{"@id":"https:\/\/www.mosagreen.it\/es\/#website"},"primaryImageOfPage":{"@id":"https:\/\/www.mosagreen.it\/es\/product\/sembradora-sm2r\/#primaryimage"},"image":{"@id":"https:\/\/www.mosagreen.it\/es\/product\/sembradora-sm2r\/#primaryimage"},"thumbnailUrl":"https:\/\/www.mosagreen.it\/wp-content\/uploads\/2025\/05\/SM2R-copy-1.png","datePublished":"2025-05-06T15:52:37+00:00","dateModified":"2025-08-19T09:17:30+00:00","breadcrumb":{"@id":"https:\/\/www.mosagreen.it\/es\/product\/sembradora-sm2r\/#breadcrumb"},"inLanguage":"es","potentialAction":[{"@type":"ReadAction","target":["https:\/\/www.mosagreen.it\/es\/product\/sembradora-sm2r\/"]}]},{"@type":"ImageObject","inLanguage":"es","@id":"https:\/\/www.mosagreen.it\/es\/product\/sembradora-sm2r\/#primaryimage","url":"https:\/\/www.mosagreen.it\/wp-content\/uploads\/2025\/05\/SM2R-copy-1.png","contentUrl":"https:\/\/www.mosagreen.it\/wp-content\/uploads\/2025\/05\/SM2R-copy-1.png","width":500,"height":316},{"@type":"BreadcrumbList","@id":"https:\/\/www.mosagreen.it\/es\/product\/sembradora-sm2r\/#breadcrumb","itemListElement":[{"@type":"ListItem","position":1,"name":"Home","item":"https:\/\/www.mosagreen.it\/es\/"},{"@type":"ListItem","position":2,"name":"SEMBRADORA SM2R"}]},{"@type":"WebSite","@id":"https:\/\/www.mosagreen.it\/es\/#website","url":"https:\/\/www.mosagreen.it\/es\/","name":"MosaGreen","description":"Macchine per OrtoFloro Vivaismo","publisher":{"@id":"https:\/\/www.mosagreen.it\/es\/#organization"},"potentialAction":[{"@type":"SearchAction","target":{"@type":"EntryPoint","urlTemplate":"https:\/\/www.mosagreen.it\/es\/?s={search_term_string}"},"query-input":{"@type":"PropertyValueSpecification","valueRequired":true,"valueName":"search_term_string"}}],"inLanguage":"es"},{"@type":"Organization","@id":"https:\/\/www.mosagreen.it\/es\/#organization","name":"MosaGreen","url":"https:\/\/www.mosagreen.it\/es\/","logo":{"@type":"ImageObject","inLanguage":"es","@id":"https:\/\/www.mosagreen.it\/es\/#\/schema\/logo\/image\/","url":"https:\/\/www.mosagreen.it\/wp-content\/uploads\/2025\/04\/logo-1.png","contentUrl":"https:\/\/www.mosagreen.it\/wp-content\/uploads\/2025\/04\/logo-1.png","width":367,"height":476,"caption":"MosaGreen"},"image":{"@id":"https:\/\/www.mosagreen.it\/es\/#\/schema\/logo\/image\/"}}]}},"_links":{"self":[{"href":"https:\/\/www.mosagreen.it\/es\/wp-json\/wp\/v2\/product\/7277","targetHints":{"allow":["GET"]}}],"collection":[{"href":"https:\/\/www.mosagreen.it\/es\/wp-json\/wp\/v2\/product"}],"about":[{"href":"https:\/\/www.mosagreen.it\/es\/wp-json\/wp\/v2\/types\/product"}],"version-history":[{"count":4,"href":"https:\/\/www.mosagreen.it\/es\/wp-json\/wp\/v2\/product\/7277\/revisions"}],"predecessor-version":[{"id":7281,"href":"https:\/\/www.mosagreen.it\/es\/wp-json\/wp\/v2\/product\/7277\/revisions\/7281"}],"wp:featuredmedia":[{"embeddable":true,"href":"https:\/\/www.mosagreen.it\/es\/wp-json\/wp\/v2\/media\/5342"}],"wp:attachment":[{"href":"https:\/\/www.mosagreen.it\/es\/wp-json\/wp\/v2\/media?parent=7277"}],"wp:term":[{"taxonomy":"product_category","embeddable":true,"href":"https:\/\/www.mosagreen.it\/es\/wp-json\/wp\/v2\/product_category?post=7277"}],"curies":[{"name":"wp","href":"https:\/\/api.w.org\/{rel}","templated":true}]}}