{"id":7172,"date":"2025-05-02T17:49:00","date_gmt":"2025-05-02T15:49:00","guid":{"rendered":"https:\/\/www.mosagreen.it\/product\/riempitore-r20g\/"},"modified":"2025-08-19T10:56:18","modified_gmt":"2025-08-19T08:56:18","slug":"llenadora-r20g","status":"publish","type":"product","link":"https:\/\/www.mosagreen.it\/es\/product\/llenadora-r20g\/","title":{"rendered":"LLENADORA R20G"},"content":{"rendered":"\t\t<div data-elementor-type=\"wp-post\" data-elementor-id=\"7172\" class=\"elementor elementor-7172 elementor-1495\" data-elementor-post-type=\"product\">\n\t\t\t\t<div class=\"elementor-element elementor-element-9376608 e-con-full e-flex e-con e-parent\" data-id=\"9376608\" data-element_type=\"container\">\n\t\t\t\t<div class=\"elementor-element elementor-element-bf57e50 elementor-widget elementor-widget-template\" data-id=\"bf57e50\" data-element_type=\"widget\" data-widget_type=\"template.default\">\n\t\t\t\t<div class=\"elementor-widget-container\">\n\t\t\t\t\t\t\t<div class=\"elementor-template\">\n\t\t\t\t\t<div data-elementor-type=\"page\" data-elementor-id=\"1772\" class=\"elementor elementor-1772\" data-elementor-post-type=\"elementor_library\">\n\t\t\t\t<div class=\"elementor-element elementor-element-adfed9d e-con-full e-flex e-con e-parent\" data-id=\"adfed9d\" data-element_type=\"container\">\n\t\t\t\t<div class=\"elementor-element elementor-element-60a5de7 elementor-widget elementor-widget-image\" data-id=\"60a5de7\" data-element_type=\"widget\" data-widget_type=\"image.default\">\n\t\t\t\t<div class=\"elementor-widget-container\">\n\t\t\t\t\t\t\t\t\t\t\t\t\t\t\t<img fetchpriority=\"high\" decoding=\"async\" width=\"2560\" height=\"909\" src=\"https:\/\/www.mosagreen.it\/wp-content\/uploads\/2025\/04\/riempimento_invasatura-scaled.jpg\" class=\"attachment-full size-full wp-image-580\" alt=\"\" srcset=\"https:\/\/www.mosagreen.it\/wp-content\/uploads\/2025\/04\/riempimento_invasatura-scaled.jpg 2560w, https:\/\/www.mosagreen.it\/wp-content\/uploads\/2025\/04\/riempimento_invasatura-300x107.jpg 300w, https:\/\/www.mosagreen.it\/wp-content\/uploads\/2025\/04\/riempimento_invasatura-1024x364.jpg 1024w, https:\/\/www.mosagreen.it\/wp-content\/uploads\/2025\/04\/riempimento_invasatura-768x273.jpg 768w, https:\/\/www.mosagreen.it\/wp-content\/uploads\/2025\/04\/riempimento_invasatura-1536x546.jpg 1536w, https:\/\/www.mosagreen.it\/wp-content\/uploads\/2025\/04\/riempimento_invasatura-2048x727.jpg 2048w\" sizes=\"(max-width: 2560px) 100vw, 2560px\" \/>\t\t\t\t\t\t\t\t\t\t\t\t\t\t\t<\/div>\n\t\t\t\t<\/div>\n\t\t\t\t<\/div>\n\t\t\t\t<\/div>\n\t\t\t\t<\/div>\n\t\t\t\t\t\t<\/div>\n\t\t\t\t<\/div>\n\t\t\t\t<\/div>\n\t\t<div class=\"elementor-element elementor-element-7ec33ab e-flex e-con-boxed e-con e-parent\" data-id=\"7ec33ab\" data-element_type=\"container\">\n\t\t\t\t\t<div class=\"e-con-inner\">\n\t\t<div class=\"elementor-element elementor-element-73c1632 e-con-full e-flex e-con e-child\" data-id=\"73c1632\" data-element_type=\"container\">\n\t\t\t\t<div class=\"elementor-element elementor-element-4996148 elementor-invisible elementor-widget elementor-widget-theme-post-featured-image elementor-widget-image\" data-id=\"4996148\" data-element_type=\"widget\" data-settings=\"{&quot;_animation&quot;:&quot;fadeInLeft&quot;,&quot;_animation_delay&quot;:300}\" data-widget_type=\"theme-post-featured-image.default\">\n\t\t\t\t<div class=\"elementor-widget-container\">\n\t\t\t\t\t\t\t\t\t\t\t\t\t\t\t<img decoding=\"async\" width=\"800\" height=\"766\" src=\"https:\/\/www.mosagreen.it\/wp-content\/uploads\/2025\/05\/FILLER-R20G-1-1024x981.png\" class=\"attachment-large size-large wp-image-3396\" alt=\"\" srcset=\"https:\/\/www.mosagreen.it\/wp-content\/uploads\/2025\/05\/FILLER-R20G-1-1024x981.png 1024w, https:\/\/www.mosagreen.it\/wp-content\/uploads\/2025\/05\/FILLER-R20G-1-300x287.png 300w, https:\/\/www.mosagreen.it\/wp-content\/uploads\/2025\/05\/FILLER-R20G-1-768x736.png 768w, https:\/\/www.mosagreen.it\/wp-content\/uploads\/2025\/05\/FILLER-R20G-1.png 1336w\" sizes=\"(max-width: 800px) 100vw, 800px\" \/>\t\t\t\t\t\t\t\t\t\t\t\t\t\t\t<\/div>\n\t\t\t\t<\/div>\n\t\t\t\t<\/div>\n\t\t<div class=\"elementor-element elementor-element-616af2b e-con-full e-flex elementor-invisible e-con e-child\" data-id=\"616af2b\" data-element_type=\"container\" data-settings=\"{&quot;animation&quot;:&quot;fadeInRight&quot;,&quot;animation_delay&quot;:400}\">\n\t\t<div class=\"elementor-element elementor-element-d2bb29f e-con-full e-flex e-con e-child\" data-id=\"d2bb29f\" data-element_type=\"container\">\n\t\t\t\t<div class=\"elementor-element elementor-element-7338838 elementor-widget elementor-widget-heading\" data-id=\"7338838\" data-element_type=\"widget\" data-widget_type=\"heading.default\">\n\t\t\t\t<div class=\"elementor-widget-container\">\n\t\t\t\t\t<h2 class=\"elementor-heading-title elementor-size-default\">LLENADORA<\/h2>\t\t\t\t<\/div>\n\t\t\t\t<\/div>\n\t\t\t\t<div class=\"elementor-element elementor-element-992ada7 elementor-widget elementor-widget-heading\" data-id=\"992ada7\" data-element_type=\"widget\" data-widget_type=\"heading.default\">\n\t\t\t\t<div class=\"elementor-widget-container\">\n\t\t\t\t\t<h2 class=\"elementor-heading-title elementor-size-default\">R20G<\/h2>\t\t\t\t<\/div>\n\t\t\t\t<\/div>\n\t\t\t\t<\/div>\n\t\t\t\t<div class=\"elementor-element elementor-element-3a40e1a elementor-widget elementor-widget-text-editor\" data-id=\"3a40e1a\" data-element_type=\"widget\" data-widget_type=\"text-editor.default\">\n\t\t\t\t<div class=\"elementor-widget-container\">\n\t\t\t\t\t\t\t\t\tLa llenadora R20G cuenta con una tolva de 1000 litros y un compactador de rotor, que permite alcanzar un llenado uniforme y altos niveles de compactaci\u00f3n del sustrato. La m\u00e1quina est\u00e1 equipada con un sistema de recuperaci\u00f3n por cinta del sustrato sobrante. Puede tratar todo tipo de bandejas, permite crear programas de llenado y ofrece un excelente rendimiento, incluso a velocidades de trabajo medias y altas.\t\t\t\t\t\t\t\t<\/div>\n\t\t\t\t<\/div>\n\t\t\t\t<\/div>\n\t\t\t\t\t<\/div>\n\t\t\t\t<\/div>\n\t\t<div class=\"elementor-element elementor-element-8d32a54 e-flex e-con-boxed e-con e-parent\" data-id=\"8d32a54\" data-element_type=\"container\">\n\t\t\t\t\t<div class=\"e-con-inner\">\n\t\t<div class=\"elementor-element elementor-element-05f7073 e-con-full e-transform e-flex e-con e-child\" data-id=\"05f7073\" data-element_type=\"container\" data-settings=\"{&quot;background_background&quot;:&quot;classic&quot;,&quot;_transform_translateY_effect&quot;:{&quot;unit&quot;:&quot;%&quot;,&quot;size&quot;:-25,&quot;sizes&quot;:[]},&quot;_transform_translateY_effect_tablet&quot;:{&quot;unit&quot;:&quot;%&quot;,&quot;size&quot;:&quot;&quot;,&quot;sizes&quot;:[]},&quot;_transform_translateY_effect_mobile&quot;:{&quot;unit&quot;:&quot;%&quot;,&quot;size&quot;:&quot;&quot;,&quot;sizes&quot;:[]},&quot;_transform_translateX_effect&quot;:{&quot;unit&quot;:&quot;px&quot;,&quot;size&quot;:&quot;&quot;,&quot;sizes&quot;:[]},&quot;_transform_translateX_effect_tablet&quot;:{&quot;unit&quot;:&quot;px&quot;,&quot;size&quot;:&quot;&quot;,&quot;sizes&quot;:[]},&quot;_transform_translateX_effect_mobile&quot;:{&quot;unit&quot;:&quot;px&quot;,&quot;size&quot;:&quot;&quot;,&quot;sizes&quot;:[]}}\">\n\t\t<div class=\"elementor-element elementor-element-eb1cfcc e-con-full e-transform e-flex e-con e-child\" data-id=\"eb1cfcc\" data-element_type=\"container\" data-settings=\"{&quot;_transform_translateY_effect&quot;:{&quot;unit&quot;:&quot;%&quot;,&quot;size&quot;:40,&quot;sizes&quot;:[]},&quot;_transform_translateY_effect_tablet&quot;:{&quot;unit&quot;:&quot;%&quot;,&quot;size&quot;:&quot;&quot;,&quot;sizes&quot;:[]},&quot;_transform_translateY_effect_mobile&quot;:{&quot;unit&quot;:&quot;%&quot;,&quot;size&quot;:&quot;&quot;,&quot;sizes&quot;:[]},&quot;_transform_translateX_effect&quot;:{&quot;unit&quot;:&quot;px&quot;,&quot;size&quot;:&quot;&quot;,&quot;sizes&quot;:[]},&quot;_transform_translateX_effect_tablet&quot;:{&quot;unit&quot;:&quot;px&quot;,&quot;size&quot;:&quot;&quot;,&quot;sizes&quot;:[]},&quot;_transform_translateX_effect_mobile&quot;:{&quot;unit&quot;:&quot;px&quot;,&quot;size&quot;:&quot;&quot;,&quot;sizes&quot;:[]}}\">\n\t\t\t\t<div class=\"elementor-element elementor-element-e5750a1 elementor-invisible elementor-widget elementor-widget-image\" data-id=\"e5750a1\" data-element_type=\"widget\" data-settings=\"{&quot;_animation&quot;:&quot;fadeInLeft&quot;,&quot;_animation_delay&quot;:300}\" data-widget_type=\"image.default\">\n\t\t\t\t<div class=\"elementor-widget-container\">\n\t\t\t\t\t\t\t\t\t\t\t\t\t\t\t<img decoding=\"async\" width=\"600\" height=\"600\" src=\"https:\/\/www.mosagreen.it\/wp-content\/uploads\/2025\/05\/pag-29.png\" class=\"attachment-large size-large wp-image-1884\" alt=\"\" srcset=\"https:\/\/www.mosagreen.it\/wp-content\/uploads\/2025\/05\/pag-29.png 600w, https:\/\/www.mosagreen.it\/wp-content\/uploads\/2025\/05\/pag-29-300x300.png 300w, https:\/\/www.mosagreen.it\/wp-content\/uploads\/2025\/05\/pag-29-150x150.png 150w\" sizes=\"(max-width: 600px) 100vw, 600px\" \/>\t\t\t\t\t\t\t\t\t\t\t\t\t\t\t<\/div>\n\t\t\t\t<\/div>\n\t\t\t\t<\/div>\n\t\t<div class=\"elementor-element elementor-element-db47bba e-con-full e-flex e-con e-child\" data-id=\"db47bba\" data-element_type=\"container\">\n\t\t<div class=\"elementor-element elementor-element-f88bb18 e-con-full animated-slow vodu_blurb e-flex elementor-invisible e-con e-child\" data-id=\"f88bb18\" data-element_type=\"container\" data-settings=\"{&quot;background_background&quot;:&quot;classic&quot;,&quot;animation&quot;:&quot;fadeIn&quot;,&quot;animation_delay&quot;:1000}\">\n\t\t\t\t<div class=\"elementor-element elementor-element-90dd476 elementor-widget elementor-widget-image\" data-id=\"90dd476\" data-element_type=\"widget\" data-widget_type=\"image.default\">\n\t\t\t\t<div class=\"elementor-widget-container\">\n\t\t\t\t\t\t\t\t\t\t\t\t\t\t\t<img loading=\"lazy\" decoding=\"async\" width=\"1\" height=\"1\" src=\"https:\/\/www.mosagreen.it\/wp-content\/uploads\/2025\/05\/Asset-58.svg\" class=\"attachment-large size-large wp-image-1327\" alt=\"\" \/>\t\t\t\t\t\t\t\t\t\t\t\t\t\t\t<\/div>\n\t\t\t\t<\/div>\n\t\t<div class=\"elementor-element elementor-element-2fb8108 e-con-full vodu_cont_title e-flex e-con e-child\" data-id=\"2fb8108\" data-element_type=\"container\">\n\t\t\t\t<div class=\"elementor-element elementor-element-f408509 elementor-widget elementor-widget-heading\" data-id=\"f408509\" data-element_type=\"widget\" data-widget_type=\"heading.default\">\n\t\t\t\t<div class=\"elementor-widget-container\">\n\t\t\t\t\t<h2 class=\"elementor-heading-title elementor-size-default\">Desapilador<\/h2>\t\t\t\t<\/div>\n\t\t\t\t<\/div>\n\t\t\t\t<\/div>\n\t\t\t\t<\/div>\n\t\t<div class=\"elementor-element elementor-element-f861d24 e-con-full animated-slow vodu_blurb e-flex elementor-invisible e-con e-child\" data-id=\"f861d24\" data-element_type=\"container\" data-settings=\"{&quot;background_background&quot;:&quot;classic&quot;,&quot;animation&quot;:&quot;fadeIn&quot;,&quot;animation_delay&quot;:1500}\">\n\t\t\t\t<div class=\"elementor-element elementor-element-8f572f0 elementor-widget elementor-widget-image\" data-id=\"8f572f0\" data-element_type=\"widget\" data-widget_type=\"image.default\">\n\t\t\t\t<div class=\"elementor-widget-container\">\n\t\t\t\t\t\t\t\t\t\t\t\t\t\t\t<img loading=\"lazy\" decoding=\"async\" width=\"1\" height=\"1\" src=\"https:\/\/www.mosagreen.it\/wp-content\/uploads\/2025\/05\/Asset-60.svg\" class=\"attachment-large size-large wp-image-1332\" alt=\"\" \/>\t\t\t\t\t\t\t\t\t\t\t\t\t\t\t<\/div>\n\t\t\t\t<\/div>\n\t\t<div class=\"elementor-element elementor-element-e5d1c92 e-con-full vodu_cont_title e-flex e-con e-child\" data-id=\"e5d1c92\" data-element_type=\"container\">\n\t\t\t\t<div class=\"elementor-element elementor-element-6163981 elementor-widget elementor-widget-heading\" data-id=\"6163981\" data-element_type=\"widget\" data-widget_type=\"heading.default\">\n\t\t\t\t<div class=\"elementor-widget-container\">\n\t\t\t\t\t<h2 class=\"elementor-heading-title elementor-size-default\">Llenadora<\/h2>\t\t\t\t<\/div>\n\t\t\t\t<\/div>\n\t\t\t\t<\/div>\n\t\t\t\t<\/div>\n\t\t<div class=\"elementor-element elementor-element-9fbfb83 e-con-full animated-slow vodu_blurb e-flex elementor-invisible e-con e-child\" data-id=\"9fbfb83\" data-element_type=\"container\" data-settings=\"{&quot;background_background&quot;:&quot;classic&quot;,&quot;animation&quot;:&quot;fadeIn&quot;,&quot;animation_delay&quot;:2000}\">\n\t\t\t\t<div class=\"elementor-element elementor-element-ce13126 elementor-widget elementor-widget-image\" data-id=\"ce13126\" data-element_type=\"widget\" data-widget_type=\"image.default\">\n\t\t\t\t<div class=\"elementor-widget-container\">\n\t\t\t\t\t\t\t\t\t\t\t\t\t\t\t<img loading=\"lazy\" decoding=\"async\" width=\"1\" height=\"1\" src=\"https:\/\/www.mosagreen.it\/wp-content\/uploads\/2025\/06\/Asset-63.svg\" class=\"attachment-large size-large wp-image-4102\" alt=\"\" \/>\t\t\t\t\t\t\t\t\t\t\t\t\t\t\t<\/div>\n\t\t\t\t<\/div>\n\t\t<div class=\"elementor-element elementor-element-40ffaa2 e-con-full vodu_cont_title e-flex e-con e-child\" data-id=\"40ffaa2\" data-element_type=\"container\">\n\t\t\t\t<div class=\"elementor-element elementor-element-ddd826a elementor-widget elementor-widget-heading\" data-id=\"ddd826a\" data-element_type=\"widget\" data-widget_type=\"heading.default\">\n\t\t\t\t<div class=\"elementor-widget-container\">\n\t\t\t\t\t<h2 class=\"elementor-heading-title elementor-size-default\">Compactador<\/h2>\t\t\t\t<\/div>\n\t\t\t\t<\/div>\n\t\t\t\t<\/div>\n\t\t\t\t<\/div>\n\t\t\t\t<\/div>\n\t\t\t\t<\/div>\n\t\t\t\t\t<\/div>\n\t\t\t\t<\/div>\n\t\t<div class=\"elementor-element elementor-element-66326d7 e-flex e-con-boxed elementor-invisible e-con e-parent\" data-id=\"66326d7\" data-element_type=\"container\" data-settings=\"{&quot;animation&quot;:&quot;fadeInUp&quot;,&quot;animation_delay&quot;:300}\">\n\t\t\t\t\t<div class=\"e-con-inner\">\n\t\t<div class=\"elementor-element elementor-element-84fe4d7 e-con-full e-flex e-con e-child\" data-id=\"84fe4d7\" data-element_type=\"container\">\n\t\t<div class=\"elementor-element elementor-element-c5e09a4 e-con-full e-flex elementor-invisible e-con e-child\" data-id=\"c5e09a4\" data-element_type=\"container\" data-settings=\"{&quot;animation&quot;:&quot;fadeInRight&quot;,&quot;animation_delay&quot;:400}\">\n\t\t\t\t<div class=\"elementor-element elementor-element-8b93f19 elementor-widget__width-inherit elementor-widget elementor-widget-shortcode\" data-id=\"8b93f19\" data-element_type=\"widget\" data-widget_type=\"shortcode.default\">\n\t\t\t\t<div class=\"elementor-widget-container\">\n\t\t\t\t\t\t\t<div class=\"elementor-shortcode\"><h2 id=\"tablepress-174-name\" class=\"tablepress-table-name tablepress-table-name-id-174\">LLENADORA R20G \u2013 Datos t\u00e9cnicos<\/h2>\n\n<table id=\"tablepress-174\" class=\"tablepress tablepress-id-174\" aria-labelledby=\"tablepress-174-name\">\n<tbody class=\"row-striping\">\n<tr class=\"row-1\">\n\t<td class=\"column-1\">Producci\u00f3n horaria<\/td><td class=\"column-2\">1000\/1200<\/td><td class=\"column-3\">Bandejas\/Hora<\/td>\n<\/tr>\n<tr class=\"row-2\">\n\t<td class=\"column-1\">Medidas bandeja<\/td><td class=\"column-2\">700x500x100<\/td><td class=\"column-3\">mm<\/td>\n<\/tr>\n<tr class=\"row-3\">\n\t<td class=\"column-1\">Potencia instalada<\/td><td class=\"column-2\">5<\/td><td class=\"column-3\">kW<\/td>\n<\/tr>\n<tr class=\"row-4\">\n\t<td class=\"column-1\">Capacidad tolva<\/td><td class=\"column-2\">1000<\/td><td class=\"column-3\">l<\/td>\n<\/tr>\n<tr class=\"row-5\">\n\t<td class=\"column-1\">Peso<\/td><td class=\"column-2\">985<\/td><td class=\"column-3\">kg<\/td>\n<\/tr>\n<tr class=\"row-6\">\n\t<td class=\"column-1\">Dimensiones<\/td><td class=\"column-2\">2800x2200<\/td><td class=\"column-3\">mm<\/td>\n<\/tr>\n<\/tbody>\n<\/table>\n<!-- #tablepress-174 from cache --><\/div>\n\t\t\t\t\t\t<\/div>\n\t\t\t\t<\/div>\n\t\t\t\t<div class=\"elementor-element elementor-element-bf924fe elementor-widget__width-inherit elementor-widget elementor-widget-shortcode\" data-id=\"bf924fe\" data-element_type=\"widget\" data-widget_type=\"shortcode.default\">\n\t\t\t\t<div class=\"elementor-widget-container\">\n\t\t\t\t\t\t\t<div class=\"elementor-shortcode\"><h2 id=\"tablepress-175-name\" class=\"tablepress-table-name tablepress-table-name-id-175\">LLENADORA R20G \u2013 Desapiladores disponibles<\/h2>\n\n<table id=\"tablepress-175\" class=\"tablepress tablepress-id-175\" aria-labelledby=\"tablepress-175-name\">\n<tbody class=\"row-striping\">\n<tr class=\"row-1\">\n\t<td class=\"column-1\">DC-1<\/td><td class=\"column-2\">Desapilador para bandejas en poliestireno<\/td>\n<\/tr>\n<tr class=\"row-2\">\n\t<td class=\"column-1\">DC-6<\/td><td class=\"column-2\">Desapilador para bandejas pasadas de pl\u00e1stico<\/td>\n<\/tr>\n<tr class=\"row-3\">\n\t<td class=\"column-1\">DC-3<\/td><td class=\"column-2\">Desapilador para bandejas termoformadas<\/td>\n<\/tr>\n<tr class=\"row-4\">\n\t<td class=\"column-1\">DC-8<\/td><td class=\"column-2\">Desapilador para una liberaci\u00f3n suave de las bandejas<\/td>\n<\/tr>\n<\/tbody>\n<\/table>\n<!-- #tablepress-175 from cache --><\/div>\n\t\t\t\t\t\t<\/div>\n\t\t\t\t<\/div>\n\t\t\t\t<\/div>\n\t\t\t\t<\/div>\n\t\t\t\t\t<\/div>\n\t\t\t\t<\/div>\n\t\t\t\t<\/div>\n\t\t","protected":false},"featured_media":3396,"template":"","meta":{"_acf_changed":false,"inline_featured_image":false},"product_category":[149],"class_list":["post-7172","product","type-product","status-publish","has-post-thumbnail","hentry","product_category-llenado-y-enmacetado"],"acf":[],"yoast_head":"<!-- This site is optimized with the Yoast SEO plugin v26.0 - https:\/\/yoast.com\/wordpress\/plugins\/seo\/ -->\n<title>LLENADORA R20G - MosaGreen<\/title>\n<meta name=\"robots\" content=\"index, follow, max-snippet:-1, max-image-preview:large, max-video-preview:-1\" \/>\n<link rel=\"canonical\" href=\"https:\/\/www.mosagreen.it\/es\/product\/llenadora-r20g\/\" \/>\n<meta property=\"og:locale\" content=\"es_ES\" \/>\n<meta property=\"og:type\" content=\"article\" \/>\n<meta property=\"og:title\" content=\"LLENADORA R20G - MosaGreen\" \/>\n<meta property=\"og:description\" content=\"La llenadora R20G cuenta con una tolva de 1000 litros y un compactador de rotor, que permite alcanzar un llenado uniforme y altos niveles de compactaci\u00f3n del sustrato. La m\u00e1quina est\u00e1 equipada con un sistema de recuperaci\u00f3n por cinta del sustrato sobrante. Puede tratar todo tipo de bandejas, permite crear programas de llenado y ofrece [&hellip;]\" \/>\n<meta property=\"og:url\" content=\"https:\/\/www.mosagreen.it\/es\/product\/llenadora-r20g\/\" \/>\n<meta property=\"og:site_name\" content=\"MosaGreen\" \/>\n<meta property=\"article:modified_time\" content=\"2025-08-19T08:56:18+00:00\" \/>\n<meta property=\"og:image\" content=\"https:\/\/www.mosagreen.it\/wp-content\/uploads\/2025\/05\/FILLER-R20G-1.png\" \/>\n\t<meta property=\"og:image:width\" content=\"1336\" \/>\n\t<meta property=\"og:image:height\" content=\"1280\" \/>\n\t<meta property=\"og:image:type\" content=\"image\/png\" \/>\n<meta name=\"twitter:card\" content=\"summary_large_image\" \/>\n<meta name=\"twitter:label1\" content=\"Tiempo de lectura\" \/>\n\t<meta name=\"twitter:data1\" content=\"2 minuto\" \/>\n<script type=\"application\/ld+json\" class=\"yoast-schema-graph\">{\"@context\":\"https:\/\/schema.org\",\"@graph\":[{\"@type\":\"WebPage\",\"@id\":\"https:\/\/www.mosagreen.it\/es\/product\/llenadora-r20g\/\",\"url\":\"https:\/\/www.mosagreen.it\/es\/product\/llenadora-r20g\/\",\"name\":\"LLENADORA R20G - MosaGreen\",\"isPartOf\":{\"@id\":\"https:\/\/www.mosagreen.it\/es\/#website\"},\"primaryImageOfPage\":{\"@id\":\"https:\/\/www.mosagreen.it\/es\/product\/llenadora-r20g\/#primaryimage\"},\"image\":{\"@id\":\"https:\/\/www.mosagreen.it\/es\/product\/llenadora-r20g\/#primaryimage\"},\"thumbnailUrl\":\"https:\/\/www.mosagreen.it\/wp-content\/uploads\/2025\/05\/FILLER-R20G-1.png\",\"datePublished\":\"2025-05-02T15:49:00+00:00\",\"dateModified\":\"2025-08-19T08:56:18+00:00\",\"breadcrumb\":{\"@id\":\"https:\/\/www.mosagreen.it\/es\/product\/llenadora-r20g\/#breadcrumb\"},\"inLanguage\":\"es\",\"potentialAction\":[{\"@type\":\"ReadAction\",\"target\":[\"https:\/\/www.mosagreen.it\/es\/product\/llenadora-r20g\/\"]}]},{\"@type\":\"ImageObject\",\"inLanguage\":\"es\",\"@id\":\"https:\/\/www.mosagreen.it\/es\/product\/llenadora-r20g\/#primaryimage\",\"url\":\"https:\/\/www.mosagreen.it\/wp-content\/uploads\/2025\/05\/FILLER-R20G-1.png\",\"contentUrl\":\"https:\/\/www.mosagreen.it\/wp-content\/uploads\/2025\/05\/FILLER-R20G-1.png\",\"width\":1336,\"height\":1280},{\"@type\":\"BreadcrumbList\",\"@id\":\"https:\/\/www.mosagreen.it\/es\/product\/llenadora-r20g\/#breadcrumb\",\"itemListElement\":[{\"@type\":\"ListItem\",\"position\":1,\"name\":\"Home\",\"item\":\"https:\/\/www.mosagreen.it\/es\/\"},{\"@type\":\"ListItem\",\"position\":2,\"name\":\"LLENADORA R20G\"}]},{\"@type\":\"WebSite\",\"@id\":\"https:\/\/www.mosagreen.it\/es\/#website\",\"url\":\"https:\/\/www.mosagreen.it\/es\/\",\"name\":\"MosaGreen\",\"description\":\"Macchine per OrtoFloro Vivaismo\",\"publisher\":{\"@id\":\"https:\/\/www.mosagreen.it\/es\/#organization\"},\"potentialAction\":[{\"@type\":\"SearchAction\",\"target\":{\"@type\":\"EntryPoint\",\"urlTemplate\":\"https:\/\/www.mosagreen.it\/es\/?s={search_term_string}\"},\"query-input\":{\"@type\":\"PropertyValueSpecification\",\"valueRequired\":true,\"valueName\":\"search_term_string\"}}],\"inLanguage\":\"es\"},{\"@type\":\"Organization\",\"@id\":\"https:\/\/www.mosagreen.it\/es\/#organization\",\"name\":\"MosaGreen\",\"url\":\"https:\/\/www.mosagreen.it\/es\/\",\"logo\":{\"@type\":\"ImageObject\",\"inLanguage\":\"es\",\"@id\":\"https:\/\/www.mosagreen.it\/es\/#\/schema\/logo\/image\/\",\"url\":\"https:\/\/www.mosagreen.it\/wp-content\/uploads\/2025\/04\/logo-1.png\",\"contentUrl\":\"https:\/\/www.mosagreen.it\/wp-content\/uploads\/2025\/04\/logo-1.png\",\"width\":367,\"height\":476,\"caption\":\"MosaGreen\"},\"image\":{\"@id\":\"https:\/\/www.mosagreen.it\/es\/#\/schema\/logo\/image\/\"}}]}<\/script>\n<!-- \/ Yoast SEO plugin. -->","yoast_head_json":{"title":"LLENADORA R20G - MosaGreen","robots":{"index":"index","follow":"follow","max-snippet":"max-snippet:-1","max-image-preview":"max-image-preview:large","max-video-preview":"max-video-preview:-1"},"canonical":"https:\/\/www.mosagreen.it\/es\/product\/llenadora-r20g\/","og_locale":"es_ES","og_type":"article","og_title":"LLENADORA R20G - MosaGreen","og_description":"La llenadora R20G cuenta con una tolva de 1000 litros y un compactador de rotor, que permite alcanzar un llenado uniforme y altos niveles de compactaci\u00f3n del sustrato. La m\u00e1quina est\u00e1 equipada con un sistema de recuperaci\u00f3n por cinta del sustrato sobrante. Puede tratar todo tipo de bandejas, permite crear programas de llenado y ofrece [&hellip;]","og_url":"https:\/\/www.mosagreen.it\/es\/product\/llenadora-r20g\/","og_site_name":"MosaGreen","article_modified_time":"2025-08-19T08:56:18+00:00","og_image":[{"width":1336,"height":1280,"url":"https:\/\/www.mosagreen.it\/wp-content\/uploads\/2025\/05\/FILLER-R20G-1.png","type":"image\/png"}],"twitter_card":"summary_large_image","twitter_misc":{"Tiempo de lectura":"2 minuto"},"schema":{"@context":"https:\/\/schema.org","@graph":[{"@type":"WebPage","@id":"https:\/\/www.mosagreen.it\/es\/product\/llenadora-r20g\/","url":"https:\/\/www.mosagreen.it\/es\/product\/llenadora-r20g\/","name":"LLENADORA R20G - MosaGreen","isPartOf":{"@id":"https:\/\/www.mosagreen.it\/es\/#website"},"primaryImageOfPage":{"@id":"https:\/\/www.mosagreen.it\/es\/product\/llenadora-r20g\/#primaryimage"},"image":{"@id":"https:\/\/www.mosagreen.it\/es\/product\/llenadora-r20g\/#primaryimage"},"thumbnailUrl":"https:\/\/www.mosagreen.it\/wp-content\/uploads\/2025\/05\/FILLER-R20G-1.png","datePublished":"2025-05-02T15:49:00+00:00","dateModified":"2025-08-19T08:56:18+00:00","breadcrumb":{"@id":"https:\/\/www.mosagreen.it\/es\/product\/llenadora-r20g\/#breadcrumb"},"inLanguage":"es","potentialAction":[{"@type":"ReadAction","target":["https:\/\/www.mosagreen.it\/es\/product\/llenadora-r20g\/"]}]},{"@type":"ImageObject","inLanguage":"es","@id":"https:\/\/www.mosagreen.it\/es\/product\/llenadora-r20g\/#primaryimage","url":"https:\/\/www.mosagreen.it\/wp-content\/uploads\/2025\/05\/FILLER-R20G-1.png","contentUrl":"https:\/\/www.mosagreen.it\/wp-content\/uploads\/2025\/05\/FILLER-R20G-1.png","width":1336,"height":1280},{"@type":"BreadcrumbList","@id":"https:\/\/www.mosagreen.it\/es\/product\/llenadora-r20g\/#breadcrumb","itemListElement":[{"@type":"ListItem","position":1,"name":"Home","item":"https:\/\/www.mosagreen.it\/es\/"},{"@type":"ListItem","position":2,"name":"LLENADORA R20G"}]},{"@type":"WebSite","@id":"https:\/\/www.mosagreen.it\/es\/#website","url":"https:\/\/www.mosagreen.it\/es\/","name":"MosaGreen","description":"Macchine per OrtoFloro Vivaismo","publisher":{"@id":"https:\/\/www.mosagreen.it\/es\/#organization"},"potentialAction":[{"@type":"SearchAction","target":{"@type":"EntryPoint","urlTemplate":"https:\/\/www.mosagreen.it\/es\/?s={search_term_string}"},"query-input":{"@type":"PropertyValueSpecification","valueRequired":true,"valueName":"search_term_string"}}],"inLanguage":"es"},{"@type":"Organization","@id":"https:\/\/www.mosagreen.it\/es\/#organization","name":"MosaGreen","url":"https:\/\/www.mosagreen.it\/es\/","logo":{"@type":"ImageObject","inLanguage":"es","@id":"https:\/\/www.mosagreen.it\/es\/#\/schema\/logo\/image\/","url":"https:\/\/www.mosagreen.it\/wp-content\/uploads\/2025\/04\/logo-1.png","contentUrl":"https:\/\/www.mosagreen.it\/wp-content\/uploads\/2025\/04\/logo-1.png","width":367,"height":476,"caption":"MosaGreen"},"image":{"@id":"https:\/\/www.mosagreen.it\/es\/#\/schema\/logo\/image\/"}}]}},"_links":{"self":[{"href":"https:\/\/www.mosagreen.it\/es\/wp-json\/wp\/v2\/product\/7172","targetHints":{"allow":["GET"]}}],"collection":[{"href":"https:\/\/www.mosagreen.it\/es\/wp-json\/wp\/v2\/product"}],"about":[{"href":"https:\/\/www.mosagreen.it\/es\/wp-json\/wp\/v2\/types\/product"}],"version-history":[{"count":4,"href":"https:\/\/www.mosagreen.it\/es\/wp-json\/wp\/v2\/product\/7172\/revisions"}],"predecessor-version":[{"id":7176,"href":"https:\/\/www.mosagreen.it\/es\/wp-json\/wp\/v2\/product\/7172\/revisions\/7176"}],"wp:featuredmedia":[{"embeddable":true,"href":"https:\/\/www.mosagreen.it\/es\/wp-json\/wp\/v2\/media\/3396"}],"wp:attachment":[{"href":"https:\/\/www.mosagreen.it\/es\/wp-json\/wp\/v2\/media?parent=7172"}],"wp:term":[{"taxonomy":"product_category","embeddable":true,"href":"https:\/\/www.mosagreen.it\/es\/wp-json\/wp\/v2\/product_category?post=7172"}],"curies":[{"name":"wp","href":"https:\/\/api.w.org\/{rel}","templated":true}]}}