{"id":6958,"date":"2025-05-02T17:44:45","date_gmt":"2025-05-02T15:44:45","guid":{"rendered":"https:\/\/www.mosagreen.it\/product\/miscelatore-per-substrati-mix-13s\/"},"modified":"2025-08-18T18:35:58","modified_gmt":"2025-08-18T16:35:58","slug":"mezacladora-se-sustrato-mix13s","status":"publish","type":"product","link":"https:\/\/www.mosagreen.it\/es\/product\/mezacladora-se-sustrato-mix13s\/","title":{"rendered":"MEZACLADORA SE SUSTRATO MIX13S"},"content":{"rendered":"\t\t<div data-elementor-type=\"wp-post\" data-elementor-id=\"6958\" class=\"elementor elementor-6958 elementor-2376\" data-elementor-post-type=\"product\">\n\t\t\t\t<div class=\"elementor-element elementor-element-a326a9e e-con-full e-flex e-con e-parent\" data-id=\"a326a9e\" data-element_type=\"container\">\n\t\t\t\t<div class=\"elementor-element elementor-element-f1822df elementor-widget elementor-widget-template\" data-id=\"f1822df\" data-element_type=\"widget\" data-widget_type=\"template.default\">\n\t\t\t\t<div class=\"elementor-widget-container\">\n\t\t\t\t\t\t\t<div class=\"elementor-template\">\n\t\t\t\t\t<div data-elementor-type=\"page\" data-elementor-id=\"1772\" class=\"elementor elementor-1772\" data-elementor-post-type=\"elementor_library\">\n\t\t\t\t<div class=\"elementor-element elementor-element-adfed9d e-con-full e-flex e-con e-parent\" data-id=\"adfed9d\" data-element_type=\"container\">\n\t\t\t\t<div class=\"elementor-element elementor-element-60a5de7 elementor-widget elementor-widget-image\" data-id=\"60a5de7\" data-element_type=\"widget\" data-widget_type=\"image.default\">\n\t\t\t\t<div class=\"elementor-widget-container\">\n\t\t\t\t\t\t\t\t\t\t\t\t\t\t\t<img fetchpriority=\"high\" decoding=\"async\" width=\"2560\" height=\"909\" src=\"https:\/\/www.mosagreen.it\/wp-content\/uploads\/2025\/04\/riempimento_invasatura-scaled.jpg\" class=\"attachment-full size-full wp-image-578\" alt=\"\" srcset=\"https:\/\/www.mosagreen.it\/wp-content\/uploads\/2025\/04\/riempimento_invasatura-scaled.jpg 2560w, https:\/\/www.mosagreen.it\/wp-content\/uploads\/2025\/04\/riempimento_invasatura-300x107.jpg 300w, https:\/\/www.mosagreen.it\/wp-content\/uploads\/2025\/04\/riempimento_invasatura-1024x364.jpg 1024w, https:\/\/www.mosagreen.it\/wp-content\/uploads\/2025\/04\/riempimento_invasatura-768x273.jpg 768w, https:\/\/www.mosagreen.it\/wp-content\/uploads\/2025\/04\/riempimento_invasatura-1536x546.jpg 1536w, https:\/\/www.mosagreen.it\/wp-content\/uploads\/2025\/04\/riempimento_invasatura-2048x727.jpg 2048w\" sizes=\"(max-width: 2560px) 100vw, 2560px\" \/>\t\t\t\t\t\t\t\t\t\t\t\t\t\t\t<\/div>\n\t\t\t\t<\/div>\n\t\t\t\t<\/div>\n\t\t\t\t<\/div>\n\t\t\t\t<\/div>\n\t\t\t\t\t\t<\/div>\n\t\t\t\t<\/div>\n\t\t\t\t<\/div>\n\t\t<div class=\"elementor-element elementor-element-864342c e-flex e-con-boxed e-con e-parent\" data-id=\"864342c\" data-element_type=\"container\">\n\t\t\t\t\t<div class=\"e-con-inner\">\n\t\t<div class=\"elementor-element elementor-element-1a59cd1 e-con-full e-flex e-con e-child\" data-id=\"1a59cd1\" data-element_type=\"container\">\n\t\t\t\t<div class=\"elementor-element elementor-element-b9c0544 elementor-invisible elementor-widget elementor-widget-theme-post-featured-image elementor-widget-image\" data-id=\"b9c0544\" data-element_type=\"widget\" data-settings=\"{&quot;_animation&quot;:&quot;fadeInLeft&quot;,&quot;_animation_delay&quot;:300}\" data-widget_type=\"theme-post-featured-image.default\">\n\t\t\t\t<div class=\"elementor-widget-container\">\n\t\t\t\t\t\t\t\t\t\t\t\t\t\t\t<img decoding=\"async\" width=\"800\" height=\"534\" src=\"https:\/\/www.mosagreen.it\/wp-content\/uploads\/2025\/05\/SUBSTRATE-MIXER-MIX13S-1024x683.png\" class=\"attachment-large size-large wp-image-2381\" alt=\"\" srcset=\"https:\/\/www.mosagreen.it\/wp-content\/uploads\/2025\/05\/SUBSTRATE-MIXER-MIX13S-1024x683.png 1024w, https:\/\/www.mosagreen.it\/wp-content\/uploads\/2025\/05\/SUBSTRATE-MIXER-MIX13S-300x200.png 300w, https:\/\/www.mosagreen.it\/wp-content\/uploads\/2025\/05\/SUBSTRATE-MIXER-MIX13S-768x512.png 768w, https:\/\/www.mosagreen.it\/wp-content\/uploads\/2025\/05\/SUBSTRATE-MIXER-MIX13S-1536x1024.png 1536w, https:\/\/www.mosagreen.it\/wp-content\/uploads\/2025\/05\/SUBSTRATE-MIXER-MIX13S.png 1920w\" sizes=\"(max-width: 800px) 100vw, 800px\" \/>\t\t\t\t\t\t\t\t\t\t\t\t\t\t\t<\/div>\n\t\t\t\t<\/div>\n\t\t\t\t<\/div>\n\t\t<div class=\"elementor-element elementor-element-7fba25b e-con-full e-flex elementor-invisible e-con e-child\" data-id=\"7fba25b\" data-element_type=\"container\" data-settings=\"{&quot;animation&quot;:&quot;fadeInRight&quot;,&quot;animation_delay&quot;:400}\">\n\t\t<div class=\"elementor-element elementor-element-9a34dab e-con-full e-flex e-con e-child\" data-id=\"9a34dab\" data-element_type=\"container\">\n\t\t\t\t<div class=\"elementor-element elementor-element-2e624b9 elementor-widget elementor-widget-heading\" data-id=\"2e624b9\" data-element_type=\"widget\" data-widget_type=\"heading.default\">\n\t\t\t\t<div class=\"elementor-widget-container\">\n\t\t\t\t\t<h2 class=\"elementor-heading-title elementor-size-default\">MEZACLADORA SE SUSTRATO<\/h2>\t\t\t\t<\/div>\n\t\t\t\t<\/div>\n\t\t\t\t<div class=\"elementor-element elementor-element-72768f8 elementor-widget elementor-widget-heading\" data-id=\"72768f8\" data-element_type=\"widget\" data-widget_type=\"heading.default\">\n\t\t\t\t<div class=\"elementor-widget-container\">\n\t\t\t\t\t<h2 class=\"elementor-heading-title elementor-size-default\">MIX13S<\/h2>\t\t\t\t<\/div>\n\t\t\t\t<\/div>\n\t\t\t\t<\/div>\n\t\t\t\t<div class=\"elementor-element elementor-element-76c4fa5 elementor-widget elementor-widget-text-editor\" data-id=\"76c4fa5\" data-element_type=\"widget\" data-widget_type=\"text-editor.default\">\n\t\t\t\t<div class=\"elementor-widget-container\">\n\t\t\t\t\t\t\t\t\tLa mezcladora de sustrato MIX13S cuenta con una tolva de 1000 litros, con sensores de nivel, de un eje mezclador de doble h\u00e9lice y de un sistema de humectaci\u00f3n con electrov\u00e1lvula y temporizador. El sustrato mezclado se descarga mediante una cinta transportadora de 1,7 m. El cuadro de mandos con panel de control permite gestionar el funcionamiento de la m\u00e1quina.\t\t\t\t\t\t\t\t<\/div>\n\t\t\t\t<\/div>\n\t\t\t\t<\/div>\n\t\t\t\t\t<\/div>\n\t\t\t\t<\/div>\n\t\t<div class=\"elementor-element elementor-element-abe3d47 e-flex e-con-boxed elementor-invisible e-con e-parent\" data-id=\"abe3d47\" data-element_type=\"container\" data-settings=\"{&quot;animation&quot;:&quot;fadeInUp&quot;,&quot;animation_delay&quot;:300}\">\n\t\t\t\t\t<div class=\"e-con-inner\">\n\t\t<div class=\"elementor-element elementor-element-63cc989 e-con-full e-flex e-con e-child\" data-id=\"63cc989\" data-element_type=\"container\">\n\t\t<div class=\"elementor-element elementor-element-e6661c5 e-con-full e-flex elementor-invisible e-con e-child\" data-id=\"e6661c5\" data-element_type=\"container\" data-settings=\"{&quot;animation&quot;:&quot;fadeInLeft&quot;,&quot;animation_delay&quot;:300}\">\n\t\t\t\t<div class=\"elementor-element elementor-element-1e2abf3 elementor-widget elementor-widget-image\" data-id=\"1e2abf3\" data-element_type=\"widget\" data-widget_type=\"image.default\">\n\t\t\t\t<div class=\"elementor-widget-container\">\n\t\t\t\t\t\t\t\t\t\t\t\t\t\t\t<img decoding=\"async\" width=\"600\" height=\"600\" src=\"https:\/\/www.mosagreen.it\/wp-content\/uploads\/2025\/05\/pag-64.png\" class=\"attachment-large size-large wp-image-2390\" alt=\"\" srcset=\"https:\/\/www.mosagreen.it\/wp-content\/uploads\/2025\/05\/pag-64.png 600w, https:\/\/www.mosagreen.it\/wp-content\/uploads\/2025\/05\/pag-64-300x300.png 300w, https:\/\/www.mosagreen.it\/wp-content\/uploads\/2025\/05\/pag-64-150x150.png 150w\" sizes=\"(max-width: 600px) 100vw, 600px\" \/>\t\t\t\t\t\t\t\t\t\t\t\t\t\t\t<\/div>\n\t\t\t\t<\/div>\n\t\t\t\t<\/div>\n\t\t<div class=\"elementor-element elementor-element-31aed79 e-con-full e-flex elementor-invisible e-con e-child\" data-id=\"31aed79\" data-element_type=\"container\" data-settings=\"{&quot;animation&quot;:&quot;fadeInRight&quot;,&quot;animation_delay&quot;:400}\">\n\t\t\t\t<div class=\"elementor-element elementor-element-56308ef elementor-widget__width-inherit elementor-widget elementor-widget-shortcode\" data-id=\"56308ef\" data-element_type=\"widget\" data-widget_type=\"shortcode.default\">\n\t\t\t\t<div class=\"elementor-widget-container\">\n\t\t\t\t\t\t\t<div class=\"elementor-shortcode\"><h2 id=\"tablepress-138-name\" class=\"tablepress-table-name tablepress-table-name-id-138\">MEZACLADORA SE SUSTRATO MIX13S \u2013 Datos t\u00e9cnicos<\/h2>\n\n<table id=\"tablepress-138\" class=\"tablepress tablepress-id-138\" aria-labelledby=\"tablepress-138-name\">\n<tbody class=\"row-striping\">\n<tr class=\"row-1\">\n\t<td class=\"column-1\">Potencia instalada<\/td><td class=\"column-2\">4,7<\/td><td class=\"column-3\">kW<\/td>\n<\/tr>\n<tr class=\"row-2\">\n\t<td class=\"column-1\">Consumo agua (m\u00e1x.)<\/td><td class=\"column-2\">42,5<\/td><td class=\"column-3\">l\/min<\/td>\n<\/tr>\n<tr class=\"row-3\">\n\t<td class=\"column-1\">Peso<\/td><td class=\"column-2\">650<\/td><td class=\"column-3\">kg<\/td>\n<\/tr>\n<tr class=\"row-4\">\n\t<td class=\"column-1\">Dimensiones<\/td><td class=\"column-2\">2748x2230<\/td><td class=\"column-3\">mm<\/td>\n<\/tr>\n<\/tbody>\n<\/table>\n<!-- #tablepress-138 from cache --><\/div>\n\t\t\t\t\t\t<\/div>\n\t\t\t\t<\/div>\n\t\t\t\t<\/div>\n\t\t\t\t<\/div>\n\t\t\t\t\t<\/div>\n\t\t\t\t<\/div>\n\t\t\t\t<\/div>\n\t\t","protected":false},"featured_media":2381,"template":"","meta":{"_acf_changed":false,"inline_featured_image":false},"product_category":[149],"class_list":["post-6958","product","type-product","status-publish","has-post-thumbnail","hentry","product_category-llenado-y-enmacetado"],"acf":[],"yoast_head":"<!-- This site is optimized with the Yoast SEO plugin v26.0 - https:\/\/yoast.com\/wordpress\/plugins\/seo\/ -->\n<title>MEZACLADORA SE SUSTRATO MIX13S - MosaGreen<\/title>\n<meta name=\"robots\" content=\"index, follow, max-snippet:-1, max-image-preview:large, max-video-preview:-1\" \/>\n<link rel=\"canonical\" href=\"https:\/\/www.mosagreen.it\/es\/product\/mezacladora-se-sustrato-mix13s\/\" \/>\n<meta property=\"og:locale\" content=\"es_ES\" \/>\n<meta property=\"og:type\" content=\"article\" \/>\n<meta property=\"og:title\" content=\"MEZACLADORA SE SUSTRATO MIX13S - MosaGreen\" \/>\n<meta property=\"og:description\" content=\"La mezcladora de sustrato MIX13S cuenta con una tolva de 1000 litros, con sensores de nivel, de un eje mezclador de doble h\u00e9lice y de un sistema de humectaci\u00f3n con electrov\u00e1lvula y temporizador. El sustrato mezclado se descarga mediante una cinta transportadora de 1,7 m. El cuadro de mandos con panel de control permite gestionar [&hellip;]\" \/>\n<meta property=\"og:url\" content=\"https:\/\/www.mosagreen.it\/es\/product\/mezacladora-se-sustrato-mix13s\/\" \/>\n<meta property=\"og:site_name\" content=\"MosaGreen\" \/>\n<meta property=\"article:modified_time\" content=\"2025-08-18T16:35:58+00:00\" \/>\n<meta property=\"og:image\" content=\"https:\/\/www.mosagreen.it\/wp-content\/uploads\/2025\/05\/SUBSTRATE-MIXER-MIX13S.png\" \/>\n\t<meta property=\"og:image:width\" content=\"1920\" \/>\n\t<meta property=\"og:image:height\" content=\"1280\" \/>\n\t<meta property=\"og:image:type\" content=\"image\/png\" \/>\n<meta name=\"twitter:card\" content=\"summary_large_image\" \/>\n<meta name=\"twitter:label1\" content=\"Tiempo de lectura\" \/>\n\t<meta name=\"twitter:data1\" content=\"2 minuto\" \/>\n<script type=\"application\/ld+json\" class=\"yoast-schema-graph\">{\"@context\":\"https:\/\/schema.org\",\"@graph\":[{\"@type\":\"WebPage\",\"@id\":\"https:\/\/www.mosagreen.it\/es\/product\/mezacladora-se-sustrato-mix13s\/\",\"url\":\"https:\/\/www.mosagreen.it\/es\/product\/mezacladora-se-sustrato-mix13s\/\",\"name\":\"MEZACLADORA SE SUSTRATO MIX13S - MosaGreen\",\"isPartOf\":{\"@id\":\"https:\/\/www.mosagreen.it\/es\/#website\"},\"primaryImageOfPage\":{\"@id\":\"https:\/\/www.mosagreen.it\/es\/product\/mezacladora-se-sustrato-mix13s\/#primaryimage\"},\"image\":{\"@id\":\"https:\/\/www.mosagreen.it\/es\/product\/mezacladora-se-sustrato-mix13s\/#primaryimage\"},\"thumbnailUrl\":\"https:\/\/www.mosagreen.it\/wp-content\/uploads\/2025\/05\/SUBSTRATE-MIXER-MIX13S.png\",\"datePublished\":\"2025-05-02T15:44:45+00:00\",\"dateModified\":\"2025-08-18T16:35:58+00:00\",\"breadcrumb\":{\"@id\":\"https:\/\/www.mosagreen.it\/es\/product\/mezacladora-se-sustrato-mix13s\/#breadcrumb\"},\"inLanguage\":\"es\",\"potentialAction\":[{\"@type\":\"ReadAction\",\"target\":[\"https:\/\/www.mosagreen.it\/es\/product\/mezacladora-se-sustrato-mix13s\/\"]}]},{\"@type\":\"ImageObject\",\"inLanguage\":\"es\",\"@id\":\"https:\/\/www.mosagreen.it\/es\/product\/mezacladora-se-sustrato-mix13s\/#primaryimage\",\"url\":\"https:\/\/www.mosagreen.it\/wp-content\/uploads\/2025\/05\/SUBSTRATE-MIXER-MIX13S.png\",\"contentUrl\":\"https:\/\/www.mosagreen.it\/wp-content\/uploads\/2025\/05\/SUBSTRATE-MIXER-MIX13S.png\",\"width\":1920,\"height\":1280},{\"@type\":\"BreadcrumbList\",\"@id\":\"https:\/\/www.mosagreen.it\/es\/product\/mezacladora-se-sustrato-mix13s\/#breadcrumb\",\"itemListElement\":[{\"@type\":\"ListItem\",\"position\":1,\"name\":\"Home\",\"item\":\"https:\/\/www.mosagreen.it\/es\/\"},{\"@type\":\"ListItem\",\"position\":2,\"name\":\"MEZACLADORA SE SUSTRATO MIX13S\"}]},{\"@type\":\"WebSite\",\"@id\":\"https:\/\/www.mosagreen.it\/es\/#website\",\"url\":\"https:\/\/www.mosagreen.it\/es\/\",\"name\":\"MosaGreen\",\"description\":\"Macchine per OrtoFloro Vivaismo\",\"publisher\":{\"@id\":\"https:\/\/www.mosagreen.it\/es\/#organization\"},\"potentialAction\":[{\"@type\":\"SearchAction\",\"target\":{\"@type\":\"EntryPoint\",\"urlTemplate\":\"https:\/\/www.mosagreen.it\/es\/?s={search_term_string}\"},\"query-input\":{\"@type\":\"PropertyValueSpecification\",\"valueRequired\":true,\"valueName\":\"search_term_string\"}}],\"inLanguage\":\"es\"},{\"@type\":\"Organization\",\"@id\":\"https:\/\/www.mosagreen.it\/es\/#organization\",\"name\":\"MosaGreen\",\"url\":\"https:\/\/www.mosagreen.it\/es\/\",\"logo\":{\"@type\":\"ImageObject\",\"inLanguage\":\"es\",\"@id\":\"https:\/\/www.mosagreen.it\/es\/#\/schema\/logo\/image\/\",\"url\":\"https:\/\/www.mosagreen.it\/wp-content\/uploads\/2025\/04\/logo-1.png\",\"contentUrl\":\"https:\/\/www.mosagreen.it\/wp-content\/uploads\/2025\/04\/logo-1.png\",\"width\":367,\"height\":476,\"caption\":\"MosaGreen\"},\"image\":{\"@id\":\"https:\/\/www.mosagreen.it\/es\/#\/schema\/logo\/image\/\"}}]}<\/script>\n<!-- \/ Yoast SEO plugin. -->","yoast_head_json":{"title":"MEZACLADORA SE SUSTRATO MIX13S - MosaGreen","robots":{"index":"index","follow":"follow","max-snippet":"max-snippet:-1","max-image-preview":"max-image-preview:large","max-video-preview":"max-video-preview:-1"},"canonical":"https:\/\/www.mosagreen.it\/es\/product\/mezacladora-se-sustrato-mix13s\/","og_locale":"es_ES","og_type":"article","og_title":"MEZACLADORA SE SUSTRATO MIX13S - MosaGreen","og_description":"La mezcladora de sustrato MIX13S cuenta con una tolva de 1000 litros, con sensores de nivel, de un eje mezclador de doble h\u00e9lice y de un sistema de humectaci\u00f3n con electrov\u00e1lvula y temporizador. El sustrato mezclado se descarga mediante una cinta transportadora de 1,7 m. El cuadro de mandos con panel de control permite gestionar [&hellip;]","og_url":"https:\/\/www.mosagreen.it\/es\/product\/mezacladora-se-sustrato-mix13s\/","og_site_name":"MosaGreen","article_modified_time":"2025-08-18T16:35:58+00:00","og_image":[{"width":1920,"height":1280,"url":"https:\/\/www.mosagreen.it\/wp-content\/uploads\/2025\/05\/SUBSTRATE-MIXER-MIX13S.png","type":"image\/png"}],"twitter_card":"summary_large_image","twitter_misc":{"Tiempo de lectura":"2 minuto"},"schema":{"@context":"https:\/\/schema.org","@graph":[{"@type":"WebPage","@id":"https:\/\/www.mosagreen.it\/es\/product\/mezacladora-se-sustrato-mix13s\/","url":"https:\/\/www.mosagreen.it\/es\/product\/mezacladora-se-sustrato-mix13s\/","name":"MEZACLADORA SE SUSTRATO MIX13S - MosaGreen","isPartOf":{"@id":"https:\/\/www.mosagreen.it\/es\/#website"},"primaryImageOfPage":{"@id":"https:\/\/www.mosagreen.it\/es\/product\/mezacladora-se-sustrato-mix13s\/#primaryimage"},"image":{"@id":"https:\/\/www.mosagreen.it\/es\/product\/mezacladora-se-sustrato-mix13s\/#primaryimage"},"thumbnailUrl":"https:\/\/www.mosagreen.it\/wp-content\/uploads\/2025\/05\/SUBSTRATE-MIXER-MIX13S.png","datePublished":"2025-05-02T15:44:45+00:00","dateModified":"2025-08-18T16:35:58+00:00","breadcrumb":{"@id":"https:\/\/www.mosagreen.it\/es\/product\/mezacladora-se-sustrato-mix13s\/#breadcrumb"},"inLanguage":"es","potentialAction":[{"@type":"ReadAction","target":["https:\/\/www.mosagreen.it\/es\/product\/mezacladora-se-sustrato-mix13s\/"]}]},{"@type":"ImageObject","inLanguage":"es","@id":"https:\/\/www.mosagreen.it\/es\/product\/mezacladora-se-sustrato-mix13s\/#primaryimage","url":"https:\/\/www.mosagreen.it\/wp-content\/uploads\/2025\/05\/SUBSTRATE-MIXER-MIX13S.png","contentUrl":"https:\/\/www.mosagreen.it\/wp-content\/uploads\/2025\/05\/SUBSTRATE-MIXER-MIX13S.png","width":1920,"height":1280},{"@type":"BreadcrumbList","@id":"https:\/\/www.mosagreen.it\/es\/product\/mezacladora-se-sustrato-mix13s\/#breadcrumb","itemListElement":[{"@type":"ListItem","position":1,"name":"Home","item":"https:\/\/www.mosagreen.it\/es\/"},{"@type":"ListItem","position":2,"name":"MEZACLADORA SE SUSTRATO MIX13S"}]},{"@type":"WebSite","@id":"https:\/\/www.mosagreen.it\/es\/#website","url":"https:\/\/www.mosagreen.it\/es\/","name":"MosaGreen","description":"Macchine per OrtoFloro Vivaismo","publisher":{"@id":"https:\/\/www.mosagreen.it\/es\/#organization"},"potentialAction":[{"@type":"SearchAction","target":{"@type":"EntryPoint","urlTemplate":"https:\/\/www.mosagreen.it\/es\/?s={search_term_string}"},"query-input":{"@type":"PropertyValueSpecification","valueRequired":true,"valueName":"search_term_string"}}],"inLanguage":"es"},{"@type":"Organization","@id":"https:\/\/www.mosagreen.it\/es\/#organization","name":"MosaGreen","url":"https:\/\/www.mosagreen.it\/es\/","logo":{"@type":"ImageObject","inLanguage":"es","@id":"https:\/\/www.mosagreen.it\/es\/#\/schema\/logo\/image\/","url":"https:\/\/www.mosagreen.it\/wp-content\/uploads\/2025\/04\/logo-1.png","contentUrl":"https:\/\/www.mosagreen.it\/wp-content\/uploads\/2025\/04\/logo-1.png","width":367,"height":476,"caption":"MosaGreen"},"image":{"@id":"https:\/\/www.mosagreen.it\/es\/#\/schema\/logo\/image\/"}}]}},"_links":{"self":[{"href":"https:\/\/www.mosagreen.it\/es\/wp-json\/wp\/v2\/product\/6958","targetHints":{"allow":["GET"]}}],"collection":[{"href":"https:\/\/www.mosagreen.it\/es\/wp-json\/wp\/v2\/product"}],"about":[{"href":"https:\/\/www.mosagreen.it\/es\/wp-json\/wp\/v2\/types\/product"}],"version-history":[{"count":4,"href":"https:\/\/www.mosagreen.it\/es\/wp-json\/wp\/v2\/product\/6958\/revisions"}],"predecessor-version":[{"id":6962,"href":"https:\/\/www.mosagreen.it\/es\/wp-json\/wp\/v2\/product\/6958\/revisions\/6962"}],"wp:featuredmedia":[{"embeddable":true,"href":"https:\/\/www.mosagreen.it\/es\/wp-json\/wp\/v2\/media\/2381"}],"wp:attachment":[{"href":"https:\/\/www.mosagreen.it\/es\/wp-json\/wp\/v2\/media?parent=6958"}],"wp:term":[{"taxonomy":"product_category","embeddable":true,"href":"https:\/\/www.mosagreen.it\/es\/wp-json\/wp\/v2\/product_category?post=6958"}],"curies":[{"name":"wp","href":"https:\/\/api.w.org\/{rel}","templated":true}]}}