{"id":6606,"date":"2025-03-12T17:56:59","date_gmt":"2025-03-12T16:56:59","guid":{"rendered":"https:\/\/www.mosagreen.it\/product\/decatastatore-d12d\/"},"modified":"2025-08-18T17:06:03","modified_gmt":"2025-08-18T15:06:03","slug":"desapilador-d12d","status":"publish","type":"product","link":"https:\/\/www.mosagreen.it\/es\/product\/desapilador-d12d\/","title":{"rendered":"DESAPILADOR D12D"},"content":{"rendered":"\t\t<div data-elementor-type=\"wp-post\" data-elementor-id=\"6606\" class=\"elementor elementor-6606 elementor-2311\" data-elementor-post-type=\"product\">\n\t\t\t\t<div class=\"elementor-element elementor-element-3cc16f5 e-con-full e-flex e-con e-parent\" data-id=\"3cc16f5\" data-element_type=\"container\">\n\t\t\t\t<div class=\"elementor-element elementor-element-1f93394 elementor-widget elementor-widget-template\" data-id=\"1f93394\" data-element_type=\"widget\" data-widget_type=\"template.default\">\n\t\t\t\t<div class=\"elementor-widget-container\">\n\t\t\t\t\t\t\t<div class=\"elementor-template\">\n\t\t\t\t\t<div data-elementor-type=\"page\" data-elementor-id=\"1781\" class=\"elementor elementor-1781\" data-elementor-post-type=\"elementor_library\">\n\t\t\t\t<div class=\"elementor-element elementor-element-5f89f02 e-con-full e-flex e-con e-parent\" data-id=\"5f89f02\" data-element_type=\"container\">\n\t\t\t\t<div class=\"elementor-element elementor-element-10fd106 elementor-widget elementor-widget-image\" data-id=\"10fd106\" data-element_type=\"widget\" data-widget_type=\"image.default\">\n\t\t\t\t<div class=\"elementor-widget-container\">\n\t\t\t\t\t\t\t\t\t\t\t\t\t\t\t<img decoding=\"async\" src=\"https:\/\/www.mosagreen.it\/wp-content\/uploads\/elementor\/thumbs\/TESTATA-Accatastatori-r6ikfzvickxrh6jq96bwn5xgezawb4j19zu3vymjq0.jpg\" title=\"TESTATA-Accatastatori\" alt=\"TESTATA-Accatastatori\" loading=\"lazy\" \/>\t\t\t\t\t\t\t\t\t\t\t\t\t\t\t<\/div>\n\t\t\t\t<\/div>\n\t\t\t\t<\/div>\n\t\t\t\t<\/div>\n\t\t\t\t<\/div>\n\t\t\t\t\t\t<\/div>\n\t\t\t\t<\/div>\n\t\t\t\t<\/div>\n\t\t<div class=\"elementor-element elementor-element-1bec91b e-flex e-con-boxed e-con e-parent\" data-id=\"1bec91b\" data-element_type=\"container\">\n\t\t\t\t\t<div class=\"e-con-inner\">\n\t\t<div class=\"elementor-element elementor-element-a855a6d e-con-full e-flex e-con e-child\" data-id=\"a855a6d\" data-element_type=\"container\">\n\t\t\t\t<div class=\"elementor-element elementor-element-7fece19 elementor-invisible elementor-widget elementor-widget-theme-post-featured-image elementor-widget-image\" data-id=\"7fece19\" data-element_type=\"widget\" data-settings=\"{&quot;_animation&quot;:&quot;fadeInLeft&quot;,&quot;_animation_delay&quot;:300}\" data-widget_type=\"theme-post-featured-image.default\">\n\t\t\t\t<div class=\"elementor-widget-container\">\n\t\t\t\t\t\t\t\t\t\t\t\t\t\t\t<img fetchpriority=\"high\" decoding=\"async\" width=\"800\" height=\"548\" src=\"https:\/\/www.mosagreen.it\/wp-content\/uploads\/2025\/03\/DESTACKER-D12D-1024x701.png\" class=\"attachment-large size-large wp-image-2317\" alt=\"\" srcset=\"https:\/\/www.mosagreen.it\/wp-content\/uploads\/2025\/03\/DESTACKER-D12D-1024x701.png 1024w, https:\/\/www.mosagreen.it\/wp-content\/uploads\/2025\/03\/DESTACKER-D12D-300x205.png 300w, https:\/\/www.mosagreen.it\/wp-content\/uploads\/2025\/03\/DESTACKER-D12D-768x526.png 768w, https:\/\/www.mosagreen.it\/wp-content\/uploads\/2025\/03\/DESTACKER-D12D-1536x1052.png 1536w, https:\/\/www.mosagreen.it\/wp-content\/uploads\/2025\/03\/DESTACKER-D12D.png 1920w\" sizes=\"(max-width: 800px) 100vw, 800px\" \/>\t\t\t\t\t\t\t\t\t\t\t\t\t\t\t<\/div>\n\t\t\t\t<\/div>\n\t\t\t\t<\/div>\n\t\t<div class=\"elementor-element elementor-element-2ae79ff e-con-full e-flex elementor-invisible e-con e-child\" data-id=\"2ae79ff\" data-element_type=\"container\" data-settings=\"{&quot;animation&quot;:&quot;fadeInRight&quot;,&quot;animation_delay&quot;:400}\">\n\t\t<div class=\"elementor-element elementor-element-42cb202 e-con-full e-flex e-con e-child\" data-id=\"42cb202\" data-element_type=\"container\">\n\t\t\t\t<div class=\"elementor-element elementor-element-25b0dc9 elementor-widget elementor-widget-heading\" data-id=\"25b0dc9\" data-element_type=\"widget\" data-widget_type=\"heading.default\">\n\t\t\t\t<div class=\"elementor-widget-container\">\n\t\t\t\t\t<h2 class=\"elementor-heading-title elementor-size-default\">DESAPILADOR<\/h2>\t\t\t\t<\/div>\n\t\t\t\t<\/div>\n\t\t\t\t<div class=\"elementor-element elementor-element-ed94371 elementor-widget elementor-widget-heading\" data-id=\"ed94371\" data-element_type=\"widget\" data-widget_type=\"heading.default\">\n\t\t\t\t<div class=\"elementor-widget-container\">\n\t\t\t\t\t<h2 class=\"elementor-heading-title elementor-size-default\">D12D<\/h2>\t\t\t\t<\/div>\n\t\t\t\t<\/div>\n\t\t\t\t<\/div>\n\t\t\t\t<div class=\"elementor-element elementor-element-3ca48fe elementor-widget elementor-widget-text-editor\" data-id=\"3ca48fe\" data-element_type=\"widget\" data-widget_type=\"text-editor.default\">\n\t\t\t\t<div class=\"elementor-widget-container\">\n\t\t\t\t\t\t\t\t\tEl desapilador d12d est\u00e1 dise\u00f1ado para distribuir macetas y barquetas en bandejas de transporte y se puede conectar a cualquier tipo de llenadora. Cuenta con una estaci\u00f3n de distribuci\u00f3n de bandejas de transporte y est\u00e1 disponible como opci\u00f3n con una o dos estaciones de distribuci\u00f3n de macetas o barquetas. La entrega y la inserci\u00f3n de macetas y barquetas se realiza fila por fila y el cambio de formato es r\u00e1pido. El desapilador est\u00e1 equipado con un panel de control sencillo e intuitivo.\t\t\t\t\t\t\t\t<\/div>\n\t\t\t\t<\/div>\n\t\t\t\t<\/div>\n\t\t\t\t\t<\/div>\n\t\t\t\t<\/div>\n\t\t<div class=\"elementor-element elementor-element-748ae39 e-flex e-con-boxed elementor-invisible e-con e-parent\" data-id=\"748ae39\" data-element_type=\"container\" data-settings=\"{&quot;animation&quot;:&quot;fadeInUp&quot;,&quot;animation_delay&quot;:300}\">\n\t\t\t\t\t<div class=\"e-con-inner\">\n\t\t<div class=\"elementor-element elementor-element-e975056 e-con-full e-flex e-con e-child\" data-id=\"e975056\" data-element_type=\"container\">\n\t\t<div class=\"elementor-element elementor-element-348a833 e-con-full e-flex elementor-invisible e-con e-child\" data-id=\"348a833\" data-element_type=\"container\" data-settings=\"{&quot;animation&quot;:&quot;fadeInRight&quot;,&quot;animation_delay&quot;:400}\">\n\t\t\t\t<div class=\"elementor-element elementor-element-40aca05 elementor-widget__width-inherit elementor-widget elementor-widget-shortcode\" data-id=\"40aca05\" data-element_type=\"widget\" data-widget_type=\"shortcode.default\">\n\t\t\t\t<div class=\"elementor-widget-container\">\n\t\t\t\t\t\t\t<div class=\"elementor-shortcode\"><h2 id=\"tablepress-126-name\" class=\"tablepress-table-name tablepress-table-name-id-126\">DESAPILADOR D12D \u2013 Datos t\u00e9cnicos<\/h2>\n\n<table id=\"tablepress-126\" class=\"tablepress tablepress-id-126\" aria-labelledby=\"tablepress-126-name\">\n<tbody class=\"row-striping\">\n<tr class=\"row-1\">\n\t<td class=\"column-1\">Producci\u00f3n horaria<\/td><td class=\"column-2\">600<\/td><td class=\"column-3\">Bandejas\/Hora<\/td>\n<\/tr>\n<tr class=\"row-2\">\n\t<td class=\"column-1\">Potencia instalada<\/td><td class=\"column-2\">1,5<\/td><td class=\"column-3\">kW<\/td>\n<\/tr>\n<tr class=\"row-3\">\n\t<td class=\"column-1\">Consumo aire (m\u00e1x.)<\/td><td class=\"column-2\">250<\/td><td class=\"column-3\">l\/min<\/td>\n<\/tr>\n<tr class=\"row-4\">\n\t<td class=\"column-1\">Peso<\/td><td class=\"column-2\">550<\/td><td class=\"column-3\">kg<\/td>\n<\/tr>\n<tr class=\"row-5\">\n\t<td class=\"column-1\">Dimensiones<\/td><td class=\"column-2\">3080x1000<\/td><td class=\"column-3\">mm<\/td>\n<\/tr>\n<\/tbody>\n<\/table>\n<!-- #tablepress-126 from cache --><\/div>\n\t\t\t\t\t\t<\/div>\n\t\t\t\t<\/div>\n\t\t\t\t<\/div>\n\t\t\t\t<\/div>\n\t\t\t\t\t<\/div>\n\t\t\t\t<\/div>\n\t\t\t\t<\/div>\n\t\t","protected":false},"featured_media":2317,"template":"","meta":{"_acf_changed":false,"inline_featured_image":false},"product_category":[113],"class_list":["post-6606","product","type-product","status-publish","has-post-thumbnail","hentry","product_category-apiladores-y-desapiladores"],"acf":[],"yoast_head":"<!-- This site is optimized with the Yoast SEO plugin v26.0 - https:\/\/yoast.com\/wordpress\/plugins\/seo\/ -->\n<title>DESAPILADOR D12D - MosaGreen<\/title>\n<meta name=\"robots\" content=\"index, follow, max-snippet:-1, max-image-preview:large, max-video-preview:-1\" \/>\n<link rel=\"canonical\" href=\"https:\/\/www.mosagreen.it\/es\/product\/desapilador-d12d\/\" \/>\n<meta property=\"og:locale\" content=\"es_ES\" \/>\n<meta property=\"og:type\" content=\"article\" \/>\n<meta property=\"og:title\" content=\"DESAPILADOR D12D - MosaGreen\" \/>\n<meta property=\"og:description\" content=\"El desapilador d12d est\u00e1 dise\u00f1ado para distribuir macetas y barquetas en bandejas de transporte y se puede conectar a cualquier tipo de llenadora. Cuenta con una estaci\u00f3n de distribuci\u00f3n de bandejas de transporte y est\u00e1 disponible como opci\u00f3n con una o dos estaciones de distribuci\u00f3n de macetas o barquetas. La entrega y la inserci\u00f3n de [&hellip;]\" \/>\n<meta property=\"og:url\" content=\"https:\/\/www.mosagreen.it\/es\/product\/desapilador-d12d\/\" \/>\n<meta property=\"og:site_name\" content=\"MosaGreen\" \/>\n<meta property=\"article:modified_time\" content=\"2025-08-18T15:06:03+00:00\" \/>\n<meta property=\"og:image\" content=\"https:\/\/www.mosagreen.it\/wp-content\/uploads\/2025\/03\/DESTACKER-D12D-1024x701.png\" \/>\n\t<meta property=\"og:image:width\" content=\"1024\" \/>\n\t<meta property=\"og:image:height\" content=\"701\" \/>\n\t<meta property=\"og:image:type\" content=\"image\/png\" \/>\n<meta name=\"twitter:card\" content=\"summary_large_image\" \/>\n<meta name=\"twitter:label1\" content=\"Tiempo de lectura\" \/>\n\t<meta name=\"twitter:data1\" content=\"1 minuto\" \/>\n<script type=\"application\/ld+json\" class=\"yoast-schema-graph\">{\"@context\":\"https:\/\/schema.org\",\"@graph\":[{\"@type\":\"WebPage\",\"@id\":\"https:\/\/www.mosagreen.it\/es\/product\/desapilador-d12d\/\",\"url\":\"https:\/\/www.mosagreen.it\/es\/product\/desapilador-d12d\/\",\"name\":\"DESAPILADOR D12D - MosaGreen\",\"isPartOf\":{\"@id\":\"https:\/\/www.mosagreen.it\/es\/#website\"},\"primaryImageOfPage\":{\"@id\":\"https:\/\/www.mosagreen.it\/es\/product\/desapilador-d12d\/#primaryimage\"},\"image\":{\"@id\":\"https:\/\/www.mosagreen.it\/es\/product\/desapilador-d12d\/#primaryimage\"},\"thumbnailUrl\":\"https:\/\/www.mosagreen.it\/wp-content\/uploads\/2025\/03\/DESTACKER-D12D.png\",\"datePublished\":\"2025-03-12T16:56:59+00:00\",\"dateModified\":\"2025-08-18T15:06:03+00:00\",\"breadcrumb\":{\"@id\":\"https:\/\/www.mosagreen.it\/es\/product\/desapilador-d12d\/#breadcrumb\"},\"inLanguage\":\"es\",\"potentialAction\":[{\"@type\":\"ReadAction\",\"target\":[\"https:\/\/www.mosagreen.it\/es\/product\/desapilador-d12d\/\"]}]},{\"@type\":\"ImageObject\",\"inLanguage\":\"es\",\"@id\":\"https:\/\/www.mosagreen.it\/es\/product\/desapilador-d12d\/#primaryimage\",\"url\":\"https:\/\/www.mosagreen.it\/wp-content\/uploads\/2025\/03\/DESTACKER-D12D.png\",\"contentUrl\":\"https:\/\/www.mosagreen.it\/wp-content\/uploads\/2025\/03\/DESTACKER-D12D.png\",\"width\":1920,\"height\":1315},{\"@type\":\"BreadcrumbList\",\"@id\":\"https:\/\/www.mosagreen.it\/es\/product\/desapilador-d12d\/#breadcrumb\",\"itemListElement\":[{\"@type\":\"ListItem\",\"position\":1,\"name\":\"Home\",\"item\":\"https:\/\/www.mosagreen.it\/es\/\"},{\"@type\":\"ListItem\",\"position\":2,\"name\":\"DESAPILADOR D12D\"}]},{\"@type\":\"WebSite\",\"@id\":\"https:\/\/www.mosagreen.it\/es\/#website\",\"url\":\"https:\/\/www.mosagreen.it\/es\/\",\"name\":\"MosaGreen\",\"description\":\"Macchine per OrtoFloro Vivaismo\",\"publisher\":{\"@id\":\"https:\/\/www.mosagreen.it\/es\/#organization\"},\"potentialAction\":[{\"@type\":\"SearchAction\",\"target\":{\"@type\":\"EntryPoint\",\"urlTemplate\":\"https:\/\/www.mosagreen.it\/es\/?s={search_term_string}\"},\"query-input\":{\"@type\":\"PropertyValueSpecification\",\"valueRequired\":true,\"valueName\":\"search_term_string\"}}],\"inLanguage\":\"es\"},{\"@type\":\"Organization\",\"@id\":\"https:\/\/www.mosagreen.it\/es\/#organization\",\"name\":\"MosaGreen\",\"url\":\"https:\/\/www.mosagreen.it\/es\/\",\"logo\":{\"@type\":\"ImageObject\",\"inLanguage\":\"es\",\"@id\":\"https:\/\/www.mosagreen.it\/es\/#\/schema\/logo\/image\/\",\"url\":\"https:\/\/www.mosagreen.it\/wp-content\/uploads\/2025\/04\/logo-1.png\",\"contentUrl\":\"https:\/\/www.mosagreen.it\/wp-content\/uploads\/2025\/04\/logo-1.png\",\"width\":367,\"height\":476,\"caption\":\"MosaGreen\"},\"image\":{\"@id\":\"https:\/\/www.mosagreen.it\/es\/#\/schema\/logo\/image\/\"}}]}<\/script>\n<!-- \/ Yoast SEO plugin. -->","yoast_head_json":{"title":"DESAPILADOR D12D - MosaGreen","robots":{"index":"index","follow":"follow","max-snippet":"max-snippet:-1","max-image-preview":"max-image-preview:large","max-video-preview":"max-video-preview:-1"},"canonical":"https:\/\/www.mosagreen.it\/es\/product\/desapilador-d12d\/","og_locale":"es_ES","og_type":"article","og_title":"DESAPILADOR D12D - MosaGreen","og_description":"El desapilador d12d est\u00e1 dise\u00f1ado para distribuir macetas y barquetas en bandejas de transporte y se puede conectar a cualquier tipo de llenadora. Cuenta con una estaci\u00f3n de distribuci\u00f3n de bandejas de transporte y est\u00e1 disponible como opci\u00f3n con una o dos estaciones de distribuci\u00f3n de macetas o barquetas. La entrega y la inserci\u00f3n de [&hellip;]","og_url":"https:\/\/www.mosagreen.it\/es\/product\/desapilador-d12d\/","og_site_name":"MosaGreen","article_modified_time":"2025-08-18T15:06:03+00:00","og_image":[{"width":1024,"height":701,"url":"https:\/\/www.mosagreen.it\/wp-content\/uploads\/2025\/03\/DESTACKER-D12D-1024x701.png","type":"image\/png"}],"twitter_card":"summary_large_image","twitter_misc":{"Tiempo de lectura":"1 minuto"},"schema":{"@context":"https:\/\/schema.org","@graph":[{"@type":"WebPage","@id":"https:\/\/www.mosagreen.it\/es\/product\/desapilador-d12d\/","url":"https:\/\/www.mosagreen.it\/es\/product\/desapilador-d12d\/","name":"DESAPILADOR D12D - MosaGreen","isPartOf":{"@id":"https:\/\/www.mosagreen.it\/es\/#website"},"primaryImageOfPage":{"@id":"https:\/\/www.mosagreen.it\/es\/product\/desapilador-d12d\/#primaryimage"},"image":{"@id":"https:\/\/www.mosagreen.it\/es\/product\/desapilador-d12d\/#primaryimage"},"thumbnailUrl":"https:\/\/www.mosagreen.it\/wp-content\/uploads\/2025\/03\/DESTACKER-D12D.png","datePublished":"2025-03-12T16:56:59+00:00","dateModified":"2025-08-18T15:06:03+00:00","breadcrumb":{"@id":"https:\/\/www.mosagreen.it\/es\/product\/desapilador-d12d\/#breadcrumb"},"inLanguage":"es","potentialAction":[{"@type":"ReadAction","target":["https:\/\/www.mosagreen.it\/es\/product\/desapilador-d12d\/"]}]},{"@type":"ImageObject","inLanguage":"es","@id":"https:\/\/www.mosagreen.it\/es\/product\/desapilador-d12d\/#primaryimage","url":"https:\/\/www.mosagreen.it\/wp-content\/uploads\/2025\/03\/DESTACKER-D12D.png","contentUrl":"https:\/\/www.mosagreen.it\/wp-content\/uploads\/2025\/03\/DESTACKER-D12D.png","width":1920,"height":1315},{"@type":"BreadcrumbList","@id":"https:\/\/www.mosagreen.it\/es\/product\/desapilador-d12d\/#breadcrumb","itemListElement":[{"@type":"ListItem","position":1,"name":"Home","item":"https:\/\/www.mosagreen.it\/es\/"},{"@type":"ListItem","position":2,"name":"DESAPILADOR D12D"}]},{"@type":"WebSite","@id":"https:\/\/www.mosagreen.it\/es\/#website","url":"https:\/\/www.mosagreen.it\/es\/","name":"MosaGreen","description":"Macchine per OrtoFloro Vivaismo","publisher":{"@id":"https:\/\/www.mosagreen.it\/es\/#organization"},"potentialAction":[{"@type":"SearchAction","target":{"@type":"EntryPoint","urlTemplate":"https:\/\/www.mosagreen.it\/es\/?s={search_term_string}"},"query-input":{"@type":"PropertyValueSpecification","valueRequired":true,"valueName":"search_term_string"}}],"inLanguage":"es"},{"@type":"Organization","@id":"https:\/\/www.mosagreen.it\/es\/#organization","name":"MosaGreen","url":"https:\/\/www.mosagreen.it\/es\/","logo":{"@type":"ImageObject","inLanguage":"es","@id":"https:\/\/www.mosagreen.it\/es\/#\/schema\/logo\/image\/","url":"https:\/\/www.mosagreen.it\/wp-content\/uploads\/2025\/04\/logo-1.png","contentUrl":"https:\/\/www.mosagreen.it\/wp-content\/uploads\/2025\/04\/logo-1.png","width":367,"height":476,"caption":"MosaGreen"},"image":{"@id":"https:\/\/www.mosagreen.it\/es\/#\/schema\/logo\/image\/"}}]}},"_links":{"self":[{"href":"https:\/\/www.mosagreen.it\/es\/wp-json\/wp\/v2\/product\/6606","targetHints":{"allow":["GET"]}}],"collection":[{"href":"https:\/\/www.mosagreen.it\/es\/wp-json\/wp\/v2\/product"}],"about":[{"href":"https:\/\/www.mosagreen.it\/es\/wp-json\/wp\/v2\/types\/product"}],"version-history":[{"count":7,"href":"https:\/\/www.mosagreen.it\/es\/wp-json\/wp\/v2\/product\/6606\/revisions"}],"predecessor-version":[{"id":6613,"href":"https:\/\/www.mosagreen.it\/es\/wp-json\/wp\/v2\/product\/6606\/revisions\/6613"}],"wp:featuredmedia":[{"embeddable":true,"href":"https:\/\/www.mosagreen.it\/es\/wp-json\/wp\/v2\/media\/2317"}],"wp:attachment":[{"href":"https:\/\/www.mosagreen.it\/es\/wp-json\/wp\/v2\/media?parent=6606"}],"wp:term":[{"taxonomy":"product_category","embeddable":true,"href":"https:\/\/www.mosagreen.it\/es\/wp-json\/wp\/v2\/product_category?post=6606"}],"curies":[{"name":"wp","href":"https:\/\/api.w.org\/{rel}","templated":true}]}}