{"id":6529,"date":"2025-03-12T17:54:41","date_gmt":"2025-03-12T16:54:41","guid":{"rendered":"https:\/\/www.mosagreen.it\/product\/decatastatore-con-unita-di-stampa-applicazione-etichette-e11d\/"},"modified":"2025-08-18T16:45:31","modified_gmt":"2025-08-18T14:45:31","slug":"desapilador-con-unidad-de-impresion-y-aplicacion-de-etiquetas-e11d","status":"publish","type":"product","link":"https:\/\/www.mosagreen.it\/es\/product\/desapilador-con-unidad-de-impresion-y-aplicacion-de-etiquetas-e11d\/","title":{"rendered":"DESAPILADOR CON UNIDAD DE IMPRESI\u00d3N Y APLICACI\u00d3N DE ETIQUETAS E11D"},"content":{"rendered":"\t\t<div data-elementor-type=\"wp-post\" data-elementor-id=\"6529\" class=\"elementor elementor-6529 elementor-2334\" data-elementor-post-type=\"product\">\n\t\t\t\t<div class=\"elementor-element elementor-element-b273026 e-con-full e-flex e-con e-parent\" data-id=\"b273026\" data-element_type=\"container\">\n\t\t\t\t<div class=\"elementor-element elementor-element-f435f04 elementor-widget elementor-widget-template\" data-id=\"f435f04\" data-element_type=\"widget\" data-widget_type=\"template.default\">\n\t\t\t\t<div class=\"elementor-widget-container\">\n\t\t\t\t\t\t\t<div class=\"elementor-template\">\n\t\t\t\t\t<div data-elementor-type=\"page\" data-elementor-id=\"1781\" class=\"elementor elementor-1781\" data-elementor-post-type=\"elementor_library\">\n\t\t\t\t<div class=\"elementor-element elementor-element-5f89f02 e-con-full e-flex e-con e-parent\" data-id=\"5f89f02\" data-element_type=\"container\">\n\t\t\t\t<div class=\"elementor-element elementor-element-10fd106 elementor-widget elementor-widget-image\" data-id=\"10fd106\" data-element_type=\"widget\" data-widget_type=\"image.default\">\n\t\t\t\t<div class=\"elementor-widget-container\">\n\t\t\t\t\t\t\t\t\t\t\t\t\t\t\t<img decoding=\"async\" src=\"https:\/\/www.mosagreen.it\/wp-content\/uploads\/elementor\/thumbs\/TESTATA-Accatastatori-r6ikfzvickxrh6jq96bwn5xgezawb4j19zu3vymjq0.jpg\" title=\"TESTATA-Accatastatori\" alt=\"TESTATA-Accatastatori\" loading=\"lazy\" \/>\t\t\t\t\t\t\t\t\t\t\t\t\t\t\t<\/div>\n\t\t\t\t<\/div>\n\t\t\t\t<\/div>\n\t\t\t\t<\/div>\n\t\t\t\t<\/div>\n\t\t\t\t\t\t<\/div>\n\t\t\t\t<\/div>\n\t\t\t\t<\/div>\n\t\t<div class=\"elementor-element elementor-element-040365f e-flex e-con-boxed e-con e-parent\" data-id=\"040365f\" data-element_type=\"container\">\n\t\t\t\t\t<div class=\"e-con-inner\">\n\t\t<div class=\"elementor-element elementor-element-da6265a e-con-full e-flex e-con e-child\" data-id=\"da6265a\" data-element_type=\"container\">\n\t\t\t\t<div class=\"elementor-element elementor-element-83dc58b elementor-invisible elementor-widget elementor-widget-theme-post-featured-image elementor-widget-image\" data-id=\"83dc58b\" data-element_type=\"widget\" data-settings=\"{&quot;_animation&quot;:&quot;fadeInLeft&quot;,&quot;_animation_delay&quot;:300}\" data-widget_type=\"theme-post-featured-image.default\">\n\t\t\t\t<div class=\"elementor-widget-container\">\n\t\t\t\t\t\t\t\t\t\t\t\t\t\t\t<img fetchpriority=\"high\" decoding=\"async\" width=\"800\" height=\"481\" src=\"https:\/\/www.mosagreen.it\/wp-content\/uploads\/2025\/03\/DESTACKER-WITH-PRINTINGLABELLING-UNIT-E11D-1024x616.png\" class=\"attachment-large size-large wp-image-3307\" alt=\"\" srcset=\"https:\/\/www.mosagreen.it\/wp-content\/uploads\/2025\/03\/DESTACKER-WITH-PRINTINGLABELLING-UNIT-E11D-1024x616.png 1024w, https:\/\/www.mosagreen.it\/wp-content\/uploads\/2025\/03\/DESTACKER-WITH-PRINTINGLABELLING-UNIT-E11D-300x180.png 300w, https:\/\/www.mosagreen.it\/wp-content\/uploads\/2025\/03\/DESTACKER-WITH-PRINTINGLABELLING-UNIT-E11D-768x462.png 768w, https:\/\/www.mosagreen.it\/wp-content\/uploads\/2025\/03\/DESTACKER-WITH-PRINTINGLABELLING-UNIT-E11D-1536x924.png 1536w, https:\/\/www.mosagreen.it\/wp-content\/uploads\/2025\/03\/DESTACKER-WITH-PRINTINGLABELLING-UNIT-E11D.png 1920w\" sizes=\"(max-width: 800px) 100vw, 800px\" \/>\t\t\t\t\t\t\t\t\t\t\t\t\t\t\t<\/div>\n\t\t\t\t<\/div>\n\t\t\t\t<\/div>\n\t\t<div class=\"elementor-element elementor-element-be6e17c e-con-full e-flex elementor-invisible e-con e-child\" data-id=\"be6e17c\" data-element_type=\"container\" data-settings=\"{&quot;animation&quot;:&quot;fadeInRight&quot;,&quot;animation_delay&quot;:400}\">\n\t\t<div class=\"elementor-element elementor-element-2a39422 e-con-full e-flex e-con e-child\" data-id=\"2a39422\" data-element_type=\"container\">\n\t\t\t\t<div class=\"elementor-element elementor-element-a1ad526 elementor-widget elementor-widget-heading\" data-id=\"a1ad526\" data-element_type=\"widget\" data-widget_type=\"heading.default\">\n\t\t\t\t<div class=\"elementor-widget-container\">\n\t\t\t\t\t<h2 class=\"elementor-heading-title elementor-size-default\">DESAPILADOR CON UNIDAD DE IMPRESI\u00d3N Y APLICACI\u00d3N DE ETIQUETAS<\/h2>\t\t\t\t<\/div>\n\t\t\t\t<\/div>\n\t\t\t\t<div class=\"elementor-element elementor-element-a983c84 elementor-widget elementor-widget-heading\" data-id=\"a983c84\" data-element_type=\"widget\" data-widget_type=\"heading.default\">\n\t\t\t\t<div class=\"elementor-widget-container\">\n\t\t\t\t\t<h2 class=\"elementor-heading-title elementor-size-default\">E11D<\/h2>\t\t\t\t<\/div>\n\t\t\t\t<\/div>\n\t\t\t\t<\/div>\n\t\t\t\t<div class=\"elementor-element elementor-element-fffab3e elementor-widget elementor-widget-text-editor\" data-id=\"fffab3e\" data-element_type=\"widget\" data-widget_type=\"text-editor.default\">\n\t\t\t\t<div class=\"elementor-widget-container\">\n\t\t\t\t\t\t\t\t\tEl desapilador E11D est\u00e1 dise\u00f1ado para distribuir macetas y barquetas en bandejas de transporte y se puede conectar a cualquier tipo de llenadora. Cuenta con una estaci\u00f3n de distribuci\u00f3n para bandejas de transporte y est\u00e1 disponible con una o dos estaciones para distribuir macetas o barquetas. El cambio de formato es r\u00e1pido. Su panel de control es sencillo e intuitivo. Este desapilador est\u00e1 provisto de una computadora y un software para crear, imprimir y aplicar etiquetas y est\u00e1 disponible como opci\u00f3n con una o dos estaciones de impresi\u00f3n y aplicaci\u00f3n de etiquetas para macetas y bandejas de transporte.\t\t\t\t\t\t\t\t<\/div>\n\t\t\t\t<\/div>\n\t\t\t\t<\/div>\n\t\t\t\t\t<\/div>\n\t\t\t\t<\/div>\n\t\t<div class=\"elementor-element elementor-element-313979c e-flex e-con-boxed elementor-invisible e-con e-parent\" data-id=\"313979c\" data-element_type=\"container\" data-settings=\"{&quot;animation&quot;:&quot;fadeInUp&quot;,&quot;animation_delay&quot;:300}\">\n\t\t\t\t\t<div class=\"e-con-inner\">\n\t\t<div class=\"elementor-element elementor-element-da0cf98 e-con-full e-flex e-con e-child\" data-id=\"da0cf98\" data-element_type=\"container\">\n\t\t<div class=\"elementor-element elementor-element-f436be3 e-con-full e-flex elementor-invisible e-con e-child\" data-id=\"f436be3\" data-element_type=\"container\" data-settings=\"{&quot;animation&quot;:&quot;fadeInLeft&quot;,&quot;animation_delay&quot;:300}\">\n\t\t\t\t<div class=\"elementor-element elementor-element-77cf3ab elementor-widget elementor-widget-video\" data-id=\"77cf3ab\" data-element_type=\"widget\" data-settings=\"{&quot;youtube_url&quot;:&quot;https:\\\/\\\/m.youtube.com\\\/watch?v=I0dNHxcxbmI&quot;,&quot;show_image_overlay&quot;:&quot;yes&quot;,&quot;image_overlay&quot;:{&quot;url&quot;:&quot;https:\\\/\\\/www.mosagreen.it\\\/wp-content\\\/uploads\\\/2025\\\/05\\\/DESTACKER-WITH-PRINTINGLABELLING-UNIT-E11D.png&quot;,&quot;id&quot;:2340,&quot;size&quot;:&quot;&quot;,&quot;alt&quot;:&quot;&quot;,&quot;source&quot;:&quot;library&quot;},&quot;lightbox&quot;:&quot;yes&quot;,&quot;lightbox_content_animation&quot;:&quot;fadeInUp&quot;,&quot;video_type&quot;:&quot;youtube&quot;,&quot;controls&quot;:&quot;yes&quot;}\" data-widget_type=\"video.default\">\n\t\t\t\t<div class=\"elementor-widget-container\">\n\t\t\t\t\t\t\t<div class=\"elementor-wrapper elementor-open-lightbox\">\n\t\t\t\t\t\t\t<div class=\"elementor-custom-embed-image-overlay\" data-elementor-open-lightbox=\"yes\" data-elementor-lightbox=\"{&quot;type&quot;:&quot;video&quot;,&quot;videoType&quot;:&quot;youtube&quot;,&quot;url&quot;:&quot;https:\\\/\\\/www.youtube.com\\\/embed\\\/I0dNHxcxbmI?feature=oembed&amp;start&amp;end&amp;wmode=opaque&amp;loop=0&amp;controls=1&amp;mute=0&amp;rel=0&amp;cc_load_policy=0&quot;,&quot;autoplay&quot;:&quot;&quot;,&quot;modalOptions&quot;:{&quot;id&quot;:&quot;elementor-lightbox-77cf3ab&quot;,&quot;entranceAnimation&quot;:&quot;fadeInUp&quot;,&quot;entranceAnimation_tablet&quot;:&quot;&quot;,&quot;entranceAnimation_mobile&quot;:&quot;&quot;,&quot;videoAspectRatio&quot;:&quot;169&quot;}}\" data-e-action-hash=\"#elementor-action%3Aaction%3Dlightbox%26settings%3DeyJ0eXBlIjoidmlkZW8iLCJ2aWRlb1R5cGUiOiJ5b3V0dWJlIiwidXJsIjoiaHR0cHM6XC9cL3d3dy55b3V0dWJlLmNvbVwvZW1iZWRcL0kwZE5IeGN4Ym1JP2ZlYXR1cmU9b2VtYmVkJnN0YXJ0JmVuZCZ3bW9kZT1vcGFxdWUmbG9vcD0wJmNvbnRyb2xzPTEmbXV0ZT0wJnJlbD0wJmNjX2xvYWRfcG9saWN5PTAiLCJhdXRvcGxheSI6IiIsIm1vZGFsT3B0aW9ucyI6eyJpZCI6ImVsZW1lbnRvci1saWdodGJveC03N2NmM2FiIiwiZW50cmFuY2VBbmltYXRpb24iOiJmYWRlSW5VcCIsImVudHJhbmNlQW5pbWF0aW9uX3RhYmxldCI6IiIsImVudHJhbmNlQW5pbWF0aW9uX21vYmlsZSI6IiIsInZpZGVvQXNwZWN0UmF0aW8iOiIxNjkifX0%3D\">\n\t\t\t\t\t\t\t\t\t\t\t<img decoding=\"async\" width=\"1920\" height=\"1280\" src=\"https:\/\/www.mosagreen.it\/wp-content\/uploads\/2025\/05\/DESTACKER-WITH-PRINTINGLABELLING-UNIT-E11D.png\" class=\"attachment-full size-full wp-image-2340\" alt=\"\" srcset=\"https:\/\/www.mosagreen.it\/wp-content\/uploads\/2025\/05\/DESTACKER-WITH-PRINTINGLABELLING-UNIT-E11D.png 1920w, https:\/\/www.mosagreen.it\/wp-content\/uploads\/2025\/05\/DESTACKER-WITH-PRINTINGLABELLING-UNIT-E11D-300x200.png 300w, https:\/\/www.mosagreen.it\/wp-content\/uploads\/2025\/05\/DESTACKER-WITH-PRINTINGLABELLING-UNIT-E11D-1024x683.png 1024w, https:\/\/www.mosagreen.it\/wp-content\/uploads\/2025\/05\/DESTACKER-WITH-PRINTINGLABELLING-UNIT-E11D-768x512.png 768w, https:\/\/www.mosagreen.it\/wp-content\/uploads\/2025\/05\/DESTACKER-WITH-PRINTINGLABELLING-UNIT-E11D-1536x1024.png 1536w\" sizes=\"(max-width: 1920px) 100vw, 1920px\" \/>\t\t\t\t\t\t\t\t\t\t\t\t\t\t\t\t<div class=\"elementor-custom-embed-play\" role=\"button\" aria-label=\"Reproducir v\u00eddeo\" tabindex=\"0\">\n\t\t\t\t\t\t\t<svg xmlns=\"http:\/\/www.w3.org\/2000\/svg\" width=\"68.508\" height=\"68.336\" viewBox=\"0 0 68.508 68.336\"><path id=\"Icon_material-sharp-slow-motion-video\" data-name=\"Icon material-sharp-slow-motion-video\" d=\"M40.849,29.654,30.375,21.79V52.7l10.474-7.864,10.13-7.589-10.13-7.589Zm0,0L30.375,21.79V52.7l10.474-7.864,10.13-7.589-10.13-7.589Zm0,0L30.375,21.79V52.7l10.474-7.864,10.13-7.589-10.13-7.589Zm-7.04-19.642V3.075A34.164,34.164,0,0,0,15.54,10.664l4.876,4.911a27.269,27.269,0,0,1,13.392-5.563Zm-18.234,10.4L10.664,15.54A34.164,34.164,0,0,0,3.075,33.809h6.937A27.269,27.269,0,0,1,15.575,20.417Zm-5.563,20.26H3.075a34.164,34.164,0,0,0,7.589,18.269l4.911-4.911a27.018,27.018,0,0,1-5.563-13.358ZM15.54,63.822a34.274,34.274,0,0,0,18.269,7.589V64.474a27.269,27.269,0,0,1-13.392-5.563L15.54,63.822ZM71.583,37.243A34.391,34.391,0,0,1,40.849,71.411V64.474a27.469,27.469,0,0,0,0-54.463V3.075A34.391,34.391,0,0,1,71.583,37.243Z\" transform=\"translate(-3.075 -3.075)\" fill=\"#fff\"><\/path><\/svg>\t\t\t\t\t\t<\/div>\n\t\t\t\t\t\t\t\t\t<\/div>\n\t\t\t\t\t<\/div>\n\t\t\t\t\t\t<\/div>\n\t\t\t\t<\/div>\n\t\t\t\t<\/div>\n\t\t<div class=\"elementor-element elementor-element-f93658f e-con-full e-flex elementor-invisible e-con e-child\" data-id=\"f93658f\" data-element_type=\"container\" data-settings=\"{&quot;animation&quot;:&quot;fadeInRight&quot;,&quot;animation_delay&quot;:400}\">\n\t\t\t\t<div class=\"elementor-element elementor-element-cefa988 elementor-widget__width-inherit elementor-widget elementor-widget-shortcode\" data-id=\"cefa988\" data-element_type=\"widget\" data-widget_type=\"shortcode.default\">\n\t\t\t\t<div class=\"elementor-widget-container\">\n\t\t\t\t\t\t\t<div class=\"elementor-shortcode\"><h2 id=\"tablepress-118-name\" class=\"tablepress-table-name tablepress-table-name-id-118\">DESAPILADOR CON UNIDAD DE IMPRESI\u00d3N Y APLICACI\u00d3N DE ETIQUETAS E11D \u2013 Datos t\u00e9cnicos<\/h2>\n\n<table id=\"tablepress-118\" class=\"tablepress tablepress-id-118\" aria-labelledby=\"tablepress-118-name\">\n<tbody class=\"row-striping\">\n<tr class=\"row-1\">\n\t<td class=\"column-1\">Producci\u00f3n horaria<\/td><td class=\"column-2\">600<\/td><td class=\"column-3\">Bandejas\/Hora<\/td>\n<\/tr>\n<tr class=\"row-2\">\n\t<td class=\"column-1\">Potencia instalada<\/td><td class=\"column-2\">1,5<\/td><td class=\"column-3\">kW<\/td>\n<\/tr>\n<tr class=\"row-3\">\n\t<td class=\"column-1\">Consumo aire (m\u00e1x.)<\/td><td class=\"column-2\">250<\/td><td class=\"column-3\">l\/min<\/td>\n<\/tr>\n<tr class=\"row-4\">\n\t<td class=\"column-1\">Peso<\/td><td class=\"column-2\">550<\/td><td class=\"column-3\">kg<\/td>\n<\/tr>\n<tr class=\"row-5\">\n\t<td class=\"column-1\">Dimensiones<\/td><td class=\"column-2\">3085x1500<\/td><td class=\"column-3\">mm<\/td>\n<\/tr>\n<\/tbody>\n<\/table>\n<!-- #tablepress-118 from cache --><\/div>\n\t\t\t\t\t\t<\/div>\n\t\t\t\t<\/div>\n\t\t\t\t<\/div>\n\t\t\t\t<\/div>\n\t\t\t\t\t<\/div>\n\t\t\t\t<\/div>\n\t\t\t\t<\/div>\n\t\t","protected":false},"featured_media":3307,"template":"","meta":{"_acf_changed":false,"inline_featured_image":false},"product_category":[113],"class_list":["post-6529","product","type-product","status-publish","has-post-thumbnail","hentry","product_category-apiladores-y-desapiladores"],"acf":[],"yoast_head":"<!-- This site is optimized with the Yoast SEO plugin v26.0 - https:\/\/yoast.com\/wordpress\/plugins\/seo\/ -->\n<title>DESAPILADOR CON UNIDAD DE IMPRESI\u00d3N Y APLICACI\u00d3N DE ETIQUETAS E11D - MosaGreen<\/title>\n<meta name=\"robots\" content=\"index, follow, max-snippet:-1, max-image-preview:large, max-video-preview:-1\" \/>\n<link rel=\"canonical\" href=\"https:\/\/www.mosagreen.it\/es\/product\/desapilador-con-unidad-de-impresion-y-aplicacion-de-etiquetas-e11d\/\" \/>\n<meta property=\"og:locale\" content=\"es_ES\" \/>\n<meta property=\"og:type\" content=\"article\" \/>\n<meta property=\"og:title\" content=\"DESAPILADOR CON UNIDAD DE IMPRESI\u00d3N Y APLICACI\u00d3N DE ETIQUETAS E11D - MosaGreen\" \/>\n<meta property=\"og:description\" content=\"El desapilador E11D est\u00e1 dise\u00f1ado para distribuir macetas y barquetas en bandejas de transporte y se puede conectar a cualquier tipo de llenadora. Cuenta con una estaci\u00f3n de distribuci\u00f3n para bandejas de transporte y est\u00e1 disponible con una o dos estaciones para distribuir macetas o barquetas. El cambio de formato es r\u00e1pido. Su panel de [&hellip;]\" \/>\n<meta property=\"og:url\" content=\"https:\/\/www.mosagreen.it\/es\/product\/desapilador-con-unidad-de-impresion-y-aplicacion-de-etiquetas-e11d\/\" \/>\n<meta property=\"og:site_name\" content=\"MosaGreen\" \/>\n<meta property=\"article:modified_time\" content=\"2025-08-18T14:45:31+00:00\" \/>\n<meta property=\"og:image\" content=\"https:\/\/www.mosagreen.it\/wp-content\/uploads\/2025\/03\/DESTACKER-WITH-PRINTINGLABELLING-UNIT-E11D.png\" \/>\n\t<meta property=\"og:image:width\" content=\"1920\" \/>\n\t<meta property=\"og:image:height\" content=\"1155\" \/>\n\t<meta property=\"og:image:type\" content=\"image\/png\" \/>\n<meta name=\"twitter:card\" content=\"summary_large_image\" \/>\n<meta name=\"twitter:label1\" content=\"Tiempo de lectura\" \/>\n\t<meta name=\"twitter:data1\" content=\"2 minuto\" \/>\n<script type=\"application\/ld+json\" class=\"yoast-schema-graph\">{\"@context\":\"https:\/\/schema.org\",\"@graph\":[{\"@type\":\"WebPage\",\"@id\":\"https:\/\/www.mosagreen.it\/es\/product\/desapilador-con-unidad-de-impresion-y-aplicacion-de-etiquetas-e11d\/\",\"url\":\"https:\/\/www.mosagreen.it\/es\/product\/desapilador-con-unidad-de-impresion-y-aplicacion-de-etiquetas-e11d\/\",\"name\":\"DESAPILADOR CON UNIDAD DE IMPRESI\u00d3N Y APLICACI\u00d3N DE ETIQUETAS E11D - MosaGreen\",\"isPartOf\":{\"@id\":\"https:\/\/www.mosagreen.it\/es\/#website\"},\"primaryImageOfPage\":{\"@id\":\"https:\/\/www.mosagreen.it\/es\/product\/desapilador-con-unidad-de-impresion-y-aplicacion-de-etiquetas-e11d\/#primaryimage\"},\"image\":{\"@id\":\"https:\/\/www.mosagreen.it\/es\/product\/desapilador-con-unidad-de-impresion-y-aplicacion-de-etiquetas-e11d\/#primaryimage\"},\"thumbnailUrl\":\"https:\/\/www.mosagreen.it\/wp-content\/uploads\/2025\/03\/DESTACKER-WITH-PRINTINGLABELLING-UNIT-E11D.png\",\"datePublished\":\"2025-03-12T16:54:41+00:00\",\"dateModified\":\"2025-08-18T14:45:31+00:00\",\"breadcrumb\":{\"@id\":\"https:\/\/www.mosagreen.it\/es\/product\/desapilador-con-unidad-de-impresion-y-aplicacion-de-etiquetas-e11d\/#breadcrumb\"},\"inLanguage\":\"es\",\"potentialAction\":[{\"@type\":\"ReadAction\",\"target\":[\"https:\/\/www.mosagreen.it\/es\/product\/desapilador-con-unidad-de-impresion-y-aplicacion-de-etiquetas-e11d\/\"]}]},{\"@type\":\"ImageObject\",\"inLanguage\":\"es\",\"@id\":\"https:\/\/www.mosagreen.it\/es\/product\/desapilador-con-unidad-de-impresion-y-aplicacion-de-etiquetas-e11d\/#primaryimage\",\"url\":\"https:\/\/www.mosagreen.it\/wp-content\/uploads\/2025\/03\/DESTACKER-WITH-PRINTINGLABELLING-UNIT-E11D.png\",\"contentUrl\":\"https:\/\/www.mosagreen.it\/wp-content\/uploads\/2025\/03\/DESTACKER-WITH-PRINTINGLABELLING-UNIT-E11D.png\",\"width\":1920,\"height\":1155},{\"@type\":\"BreadcrumbList\",\"@id\":\"https:\/\/www.mosagreen.it\/es\/product\/desapilador-con-unidad-de-impresion-y-aplicacion-de-etiquetas-e11d\/#breadcrumb\",\"itemListElement\":[{\"@type\":\"ListItem\",\"position\":1,\"name\":\"Home\",\"item\":\"https:\/\/www.mosagreen.it\/es\/\"},{\"@type\":\"ListItem\",\"position\":2,\"name\":\"DESAPILADOR CON UNIDAD DE IMPRESI\u00d3N Y APLICACI\u00d3N DE ETIQUETAS E11D\"}]},{\"@type\":\"WebSite\",\"@id\":\"https:\/\/www.mosagreen.it\/es\/#website\",\"url\":\"https:\/\/www.mosagreen.it\/es\/\",\"name\":\"MosaGreen\",\"description\":\"Macchine per OrtoFloro Vivaismo\",\"publisher\":{\"@id\":\"https:\/\/www.mosagreen.it\/es\/#organization\"},\"potentialAction\":[{\"@type\":\"SearchAction\",\"target\":{\"@type\":\"EntryPoint\",\"urlTemplate\":\"https:\/\/www.mosagreen.it\/es\/?s={search_term_string}\"},\"query-input\":{\"@type\":\"PropertyValueSpecification\",\"valueRequired\":true,\"valueName\":\"search_term_string\"}}],\"inLanguage\":\"es\"},{\"@type\":\"Organization\",\"@id\":\"https:\/\/www.mosagreen.it\/es\/#organization\",\"name\":\"MosaGreen\",\"url\":\"https:\/\/www.mosagreen.it\/es\/\",\"logo\":{\"@type\":\"ImageObject\",\"inLanguage\":\"es\",\"@id\":\"https:\/\/www.mosagreen.it\/es\/#\/schema\/logo\/image\/\",\"url\":\"https:\/\/www.mosagreen.it\/wp-content\/uploads\/2025\/04\/logo-1.png\",\"contentUrl\":\"https:\/\/www.mosagreen.it\/wp-content\/uploads\/2025\/04\/logo-1.png\",\"width\":367,\"height\":476,\"caption\":\"MosaGreen\"},\"image\":{\"@id\":\"https:\/\/www.mosagreen.it\/es\/#\/schema\/logo\/image\/\"}}]}<\/script>\n<!-- \/ Yoast SEO plugin. -->","yoast_head_json":{"title":"DESAPILADOR CON UNIDAD DE IMPRESI\u00d3N Y APLICACI\u00d3N DE ETIQUETAS E11D - MosaGreen","robots":{"index":"index","follow":"follow","max-snippet":"max-snippet:-1","max-image-preview":"max-image-preview:large","max-video-preview":"max-video-preview:-1"},"canonical":"https:\/\/www.mosagreen.it\/es\/product\/desapilador-con-unidad-de-impresion-y-aplicacion-de-etiquetas-e11d\/","og_locale":"es_ES","og_type":"article","og_title":"DESAPILADOR CON UNIDAD DE IMPRESI\u00d3N Y APLICACI\u00d3N DE ETIQUETAS E11D - MosaGreen","og_description":"El desapilador E11D est\u00e1 dise\u00f1ado para distribuir macetas y barquetas en bandejas de transporte y se puede conectar a cualquier tipo de llenadora. Cuenta con una estaci\u00f3n de distribuci\u00f3n para bandejas de transporte y est\u00e1 disponible con una o dos estaciones para distribuir macetas o barquetas. El cambio de formato es r\u00e1pido. Su panel de [&hellip;]","og_url":"https:\/\/www.mosagreen.it\/es\/product\/desapilador-con-unidad-de-impresion-y-aplicacion-de-etiquetas-e11d\/","og_site_name":"MosaGreen","article_modified_time":"2025-08-18T14:45:31+00:00","og_image":[{"width":1920,"height":1155,"url":"https:\/\/www.mosagreen.it\/wp-content\/uploads\/2025\/03\/DESTACKER-WITH-PRINTINGLABELLING-UNIT-E11D.png","type":"image\/png"}],"twitter_card":"summary_large_image","twitter_misc":{"Tiempo de lectura":"2 minuto"},"schema":{"@context":"https:\/\/schema.org","@graph":[{"@type":"WebPage","@id":"https:\/\/www.mosagreen.it\/es\/product\/desapilador-con-unidad-de-impresion-y-aplicacion-de-etiquetas-e11d\/","url":"https:\/\/www.mosagreen.it\/es\/product\/desapilador-con-unidad-de-impresion-y-aplicacion-de-etiquetas-e11d\/","name":"DESAPILADOR CON UNIDAD DE IMPRESI\u00d3N Y APLICACI\u00d3N DE ETIQUETAS E11D - MosaGreen","isPartOf":{"@id":"https:\/\/www.mosagreen.it\/es\/#website"},"primaryImageOfPage":{"@id":"https:\/\/www.mosagreen.it\/es\/product\/desapilador-con-unidad-de-impresion-y-aplicacion-de-etiquetas-e11d\/#primaryimage"},"image":{"@id":"https:\/\/www.mosagreen.it\/es\/product\/desapilador-con-unidad-de-impresion-y-aplicacion-de-etiquetas-e11d\/#primaryimage"},"thumbnailUrl":"https:\/\/www.mosagreen.it\/wp-content\/uploads\/2025\/03\/DESTACKER-WITH-PRINTINGLABELLING-UNIT-E11D.png","datePublished":"2025-03-12T16:54:41+00:00","dateModified":"2025-08-18T14:45:31+00:00","breadcrumb":{"@id":"https:\/\/www.mosagreen.it\/es\/product\/desapilador-con-unidad-de-impresion-y-aplicacion-de-etiquetas-e11d\/#breadcrumb"},"inLanguage":"es","potentialAction":[{"@type":"ReadAction","target":["https:\/\/www.mosagreen.it\/es\/product\/desapilador-con-unidad-de-impresion-y-aplicacion-de-etiquetas-e11d\/"]}]},{"@type":"ImageObject","inLanguage":"es","@id":"https:\/\/www.mosagreen.it\/es\/product\/desapilador-con-unidad-de-impresion-y-aplicacion-de-etiquetas-e11d\/#primaryimage","url":"https:\/\/www.mosagreen.it\/wp-content\/uploads\/2025\/03\/DESTACKER-WITH-PRINTINGLABELLING-UNIT-E11D.png","contentUrl":"https:\/\/www.mosagreen.it\/wp-content\/uploads\/2025\/03\/DESTACKER-WITH-PRINTINGLABELLING-UNIT-E11D.png","width":1920,"height":1155},{"@type":"BreadcrumbList","@id":"https:\/\/www.mosagreen.it\/es\/product\/desapilador-con-unidad-de-impresion-y-aplicacion-de-etiquetas-e11d\/#breadcrumb","itemListElement":[{"@type":"ListItem","position":1,"name":"Home","item":"https:\/\/www.mosagreen.it\/es\/"},{"@type":"ListItem","position":2,"name":"DESAPILADOR CON UNIDAD DE IMPRESI\u00d3N Y APLICACI\u00d3N DE ETIQUETAS E11D"}]},{"@type":"WebSite","@id":"https:\/\/www.mosagreen.it\/es\/#website","url":"https:\/\/www.mosagreen.it\/es\/","name":"MosaGreen","description":"Macchine per OrtoFloro Vivaismo","publisher":{"@id":"https:\/\/www.mosagreen.it\/es\/#organization"},"potentialAction":[{"@type":"SearchAction","target":{"@type":"EntryPoint","urlTemplate":"https:\/\/www.mosagreen.it\/es\/?s={search_term_string}"},"query-input":{"@type":"PropertyValueSpecification","valueRequired":true,"valueName":"search_term_string"}}],"inLanguage":"es"},{"@type":"Organization","@id":"https:\/\/www.mosagreen.it\/es\/#organization","name":"MosaGreen","url":"https:\/\/www.mosagreen.it\/es\/","logo":{"@type":"ImageObject","inLanguage":"es","@id":"https:\/\/www.mosagreen.it\/es\/#\/schema\/logo\/image\/","url":"https:\/\/www.mosagreen.it\/wp-content\/uploads\/2025\/04\/logo-1.png","contentUrl":"https:\/\/www.mosagreen.it\/wp-content\/uploads\/2025\/04\/logo-1.png","width":367,"height":476,"caption":"MosaGreen"},"image":{"@id":"https:\/\/www.mosagreen.it\/es\/#\/schema\/logo\/image\/"}}]}},"_links":{"self":[{"href":"https:\/\/www.mosagreen.it\/es\/wp-json\/wp\/v2\/product\/6529","targetHints":{"allow":["GET"]}}],"collection":[{"href":"https:\/\/www.mosagreen.it\/es\/wp-json\/wp\/v2\/product"}],"about":[{"href":"https:\/\/www.mosagreen.it\/es\/wp-json\/wp\/v2\/types\/product"}],"version-history":[{"count":4,"href":"https:\/\/www.mosagreen.it\/es\/wp-json\/wp\/v2\/product\/6529\/revisions"}],"predecessor-version":[{"id":6535,"href":"https:\/\/www.mosagreen.it\/es\/wp-json\/wp\/v2\/product\/6529\/revisions\/6535"}],"wp:featuredmedia":[{"embeddable":true,"href":"https:\/\/www.mosagreen.it\/es\/wp-json\/wp\/v2\/media\/3307"}],"wp:attachment":[{"href":"https:\/\/www.mosagreen.it\/es\/wp-json\/wp\/v2\/media?parent=6529"}],"wp:term":[{"taxonomy":"product_category","embeddable":true,"href":"https:\/\/www.mosagreen.it\/es\/wp-json\/wp\/v2\/product_category?post=6529"}],"curies":[{"name":"wp","href":"https:\/\/api.w.org\/{rel}","templated":true}]}}