{"id":6497,"date":"2025-03-12T17:52:30","date_gmt":"2025-03-12T16:52:30","guid":{"rendered":"https:\/\/www.mosagreen.it\/product\/pallettizzatore-aps23\/"},"modified":"2025-08-18T16:06:40","modified_gmt":"2025-08-18T14:06:40","slug":"paletizador-aps23","status":"publish","type":"product","link":"https:\/\/www.mosagreen.it\/es\/product\/paletizador-aps23\/","title":{"rendered":"PALETIZADOR APS23"},"content":{"rendered":"\t\t<div data-elementor-type=\"wp-post\" data-elementor-id=\"6497\" class=\"elementor elementor-6497 elementor-2366\" data-elementor-post-type=\"product\">\n\t\t\t\t<div class=\"elementor-element elementor-element-af09af8 e-con-full e-flex e-con e-parent\" data-id=\"af09af8\" data-element_type=\"container\">\n\t\t\t\t<div class=\"elementor-element elementor-element-f081740 elementor-widget elementor-widget-template\" data-id=\"f081740\" data-element_type=\"widget\" data-widget_type=\"template.default\">\n\t\t\t\t<div class=\"elementor-widget-container\">\n\t\t\t\t\t\t\t<div class=\"elementor-template\">\n\t\t\t\t\t<div data-elementor-type=\"page\" data-elementor-id=\"1781\" class=\"elementor elementor-1781\" data-elementor-post-type=\"elementor_library\">\n\t\t\t\t<div class=\"elementor-element elementor-element-5f89f02 e-con-full e-flex e-con e-parent\" data-id=\"5f89f02\" data-element_type=\"container\">\n\t\t\t\t<div class=\"elementor-element elementor-element-10fd106 elementor-widget elementor-widget-image\" data-id=\"10fd106\" data-element_type=\"widget\" data-widget_type=\"image.default\">\n\t\t\t\t<div class=\"elementor-widget-container\">\n\t\t\t\t\t\t\t\t\t\t\t\t\t\t\t<img decoding=\"async\" src=\"https:\/\/www.mosagreen.it\/wp-content\/uploads\/elementor\/thumbs\/TESTATA-Accatastatori-r6ikfzvickxrh6jq96bwn5xgezawb4j19zu3vymjq0.jpg\" title=\"TESTATA-Accatastatori\" alt=\"TESTATA-Accatastatori\" loading=\"lazy\" \/>\t\t\t\t\t\t\t\t\t\t\t\t\t\t\t<\/div>\n\t\t\t\t<\/div>\n\t\t\t\t<\/div>\n\t\t\t\t<\/div>\n\t\t\t\t<\/div>\n\t\t\t\t\t\t<\/div>\n\t\t\t\t<\/div>\n\t\t\t\t<\/div>\n\t\t<div class=\"elementor-element elementor-element-ae64296 e-flex e-con-boxed e-con e-parent\" data-id=\"ae64296\" data-element_type=\"container\">\n\t\t\t\t\t<div class=\"e-con-inner\">\n\t\t<div class=\"elementor-element elementor-element-8660118 e-con-full e-flex e-con e-child\" data-id=\"8660118\" data-element_type=\"container\">\n\t\t\t\t<div class=\"elementor-element elementor-element-ebc3178 elementor-invisible elementor-widget elementor-widget-theme-post-featured-image elementor-widget-image\" data-id=\"ebc3178\" data-element_type=\"widget\" data-settings=\"{&quot;_animation&quot;:&quot;fadeInLeft&quot;,&quot;_animation_delay&quot;:300}\" data-widget_type=\"theme-post-featured-image.default\">\n\t\t\t\t<div class=\"elementor-widget-container\">\n\t\t\t\t\t\t\t\t\t\t\t\t\t\t\t<img fetchpriority=\"high\" decoding=\"async\" width=\"800\" height=\"576\" src=\"https:\/\/www.mosagreen.it\/wp-content\/uploads\/2025\/05\/PALETTISER-APS23-1024x737.png\" class=\"attachment-large size-large wp-image-2371\" alt=\"\" srcset=\"https:\/\/www.mosagreen.it\/wp-content\/uploads\/2025\/05\/PALETTISER-APS23-1024x737.png 1024w, https:\/\/www.mosagreen.it\/wp-content\/uploads\/2025\/05\/PALETTISER-APS23-300x216.png 300w, https:\/\/www.mosagreen.it\/wp-content\/uploads\/2025\/05\/PALETTISER-APS23-768x553.png 768w, https:\/\/www.mosagreen.it\/wp-content\/uploads\/2025\/05\/PALETTISER-APS23-1536x1106.png 1536w, https:\/\/www.mosagreen.it\/wp-content\/uploads\/2025\/05\/PALETTISER-APS23.png 1920w\" sizes=\"(max-width: 800px) 100vw, 800px\" \/>\t\t\t\t\t\t\t\t\t\t\t\t\t\t\t<\/div>\n\t\t\t\t<\/div>\n\t\t\t\t<\/div>\n\t\t<div class=\"elementor-element elementor-element-173462f e-con-full e-flex elementor-invisible e-con e-child\" data-id=\"173462f\" data-element_type=\"container\" data-settings=\"{&quot;animation&quot;:&quot;fadeInRight&quot;,&quot;animation_delay&quot;:400}\">\n\t\t<div class=\"elementor-element elementor-element-62696d3 e-con-full e-flex e-con e-child\" data-id=\"62696d3\" data-element_type=\"container\">\n\t\t\t\t<div class=\"elementor-element elementor-element-cd6c337 elementor-widget elementor-widget-heading\" data-id=\"cd6c337\" data-element_type=\"widget\" data-widget_type=\"heading.default\">\n\t\t\t\t<div class=\"elementor-widget-container\">\n\t\t\t\t\t<h2 class=\"elementor-heading-title elementor-size-default\">PALETIZADOR<\/h2>\t\t\t\t<\/div>\n\t\t\t\t<\/div>\n\t\t\t\t<div class=\"elementor-element elementor-element-e9b7d08 elementor-widget elementor-widget-heading\" data-id=\"e9b7d08\" data-element_type=\"widget\" data-widget_type=\"heading.default\">\n\t\t\t\t<div class=\"elementor-widget-container\">\n\t\t\t\t\t<h2 class=\"elementor-heading-title elementor-size-default\">APS23<\/h2>\t\t\t\t<\/div>\n\t\t\t\t<\/div>\n\t\t\t\t<\/div>\n\t\t\t\t<div class=\"elementor-element elementor-element-14dd3e6 elementor-widget elementor-widget-text-editor\" data-id=\"14dd3e6\" data-element_type=\"widget\" data-widget_type=\"text-editor.default\">\n\t\t\t\t<div class=\"elementor-widget-container\">\n\t\t\t\t\t\t\t\t\tEl paletizador robotizado APS23 est\u00e1 dise\u00f1ado para mover y posicionar varios tipos de bandejas sobre paletas. Gracias a su movimiento en tres ejes y a su sistema neum\u00e1tico de recogida y rotaci\u00f3n, recoge las bandejas de un sistema de transporte y las coloca sobre una paleta seg\u00fan un esquema predefinido. La configuraci\u00f3n del paletizador, seg\u00fan las dimensiones y los materiales de las paletas y las bandejas, se gestiona a trav\u00e9s del panel de control con pantalla t\u00e1ctil. La pinza de movimiento tiene una capacidad m\u00e1xima de carga de 45 kg. La velocidad de trabajo es alta, de hasta 240 ciclos por hora. El paletizador cuenta con la opci\u00f3n de un sistema de cambio autom\u00e1tico de paleta, que asegura el funcionamiento continuo de la m\u00e1quina.\t\t\t\t\t\t\t\t<\/div>\n\t\t\t\t<\/div>\n\t\t\t\t<\/div>\n\t\t\t\t\t<\/div>\n\t\t\t\t<\/div>\n\t\t<div class=\"elementor-element elementor-element-ed99fa6 e-flex e-con-boxed elementor-invisible e-con e-parent\" data-id=\"ed99fa6\" data-element_type=\"container\" data-settings=\"{&quot;animation&quot;:&quot;fadeInUp&quot;,&quot;animation_delay&quot;:300}\">\n\t\t\t\t\t<div class=\"e-con-inner\">\n\t\t<div class=\"elementor-element elementor-element-5f70f2f e-con-full e-flex e-con e-child\" data-id=\"5f70f2f\" data-element_type=\"container\">\n\t\t<div class=\"elementor-element elementor-element-ff90029 e-con-full e-flex elementor-invisible e-con e-child\" data-id=\"ff90029\" data-element_type=\"container\" data-settings=\"{&quot;animation&quot;:&quot;fadeInRight&quot;,&quot;animation_delay&quot;:400}\">\n\t\t\t\t<div class=\"elementor-element elementor-element-39f5573 elementor-widget__width-inherit elementor-widget elementor-widget-shortcode\" data-id=\"39f5573\" data-element_type=\"widget\" data-widget_type=\"shortcode.default\">\n\t\t\t\t<div class=\"elementor-widget-container\">\n\t\t\t\t\t\t\t<div class=\"elementor-shortcode\"><h2 id=\"tablepress-114-name\" class=\"tablepress-table-name tablepress-table-name-id-114\">PALETIZADOR APS23 \u2013 Datos t\u00e9cnicos<\/h2>\n\n<table id=\"tablepress-114\" class=\"tablepress tablepress-id-114\" aria-labelledby=\"tablepress-114-name\">\n<tbody class=\"row-striping\">\n<tr class=\"row-1\">\n\t<td class=\"column-1\">Velocidad de trabajo<\/td><td class=\"column-2\">240<\/td><td class=\"column-3\">Ciclos\/Hora<\/td>\n<\/tr>\n<tr class=\"row-2\">\n\t<td class=\"column-1\">Medidas bandeja<\/td><td class=\"column-2\">700x500x160<\/td><td class=\"column-3\">mm<\/td>\n<\/tr>\n<tr class=\"row-3\">\n\t<td class=\"column-1\">Potencia instalada<\/td><td class=\"column-2\">5,5<\/td><td class=\"column-3\">kW<\/td>\n<\/tr>\n<tr class=\"row-4\">\n\t<td class=\"column-1\">Consumo aire (m\u00e1x.)<\/td><td class=\"column-2\">55<\/td><td class=\"column-3\">l\/min<\/td>\n<\/tr>\n<tr class=\"row-5\">\n\t<td class=\"column-1\">Peso<\/td><td class=\"column-2\">900<\/td><td class=\"column-3\">kg<\/td>\n<\/tr>\n<tr class=\"row-6\">\n\t<td class=\"column-1\">Dimensiones<\/td><td class=\"column-2\">7600x3400<\/td><td class=\"column-3\">mm<\/td>\n<\/tr>\n<\/tbody>\n<\/table>\n<\/div>\n\t\t\t\t\t\t<\/div>\n\t\t\t\t<\/div>\n\t\t\t\t<\/div>\n\t\t\t\t<\/div>\n\t\t\t\t\t<\/div>\n\t\t\t\t<\/div>\n\t\t\t\t<\/div>\n\t\t","protected":false},"featured_media":2371,"template":"","meta":{"_acf_changed":false,"inline_featured_image":false},"product_category":[113],"class_list":["post-6497","product","type-product","status-publish","has-post-thumbnail","hentry","product_category-apiladores-y-desapiladores"],"acf":[],"yoast_head":"<!-- This site is optimized with the Yoast SEO plugin v26.0 - https:\/\/yoast.com\/wordpress\/plugins\/seo\/ -->\n<title>PALETIZADOR APS23 - MosaGreen<\/title>\n<meta name=\"robots\" content=\"index, follow, max-snippet:-1, max-image-preview:large, max-video-preview:-1\" \/>\n<link rel=\"canonical\" href=\"https:\/\/www.mosagreen.it\/es\/product\/paletizador-aps23\/\" \/>\n<meta property=\"og:locale\" content=\"es_ES\" \/>\n<meta property=\"og:type\" content=\"article\" \/>\n<meta property=\"og:title\" content=\"PALETIZADOR APS23 - MosaGreen\" \/>\n<meta property=\"og:description\" content=\"El paletizador robotizado APS23 est\u00e1 dise\u00f1ado para mover y posicionar varios tipos de bandejas sobre paletas. Gracias a su movimiento en tres ejes y a su sistema neum\u00e1tico de recogida y rotaci\u00f3n, recoge las bandejas de un sistema de transporte y las coloca sobre una paleta seg\u00fan un esquema predefinido. La configuraci\u00f3n del paletizador, seg\u00fan [&hellip;]\" \/>\n<meta property=\"og:url\" content=\"https:\/\/www.mosagreen.it\/es\/product\/paletizador-aps23\/\" \/>\n<meta property=\"og:site_name\" content=\"MosaGreen\" \/>\n<meta property=\"article:modified_time\" content=\"2025-08-18T14:06:40+00:00\" \/>\n<meta property=\"og:image\" content=\"https:\/\/www.mosagreen.it\/wp-content\/uploads\/2025\/05\/PALETTISER-APS23-1024x737.png\" \/>\n\t<meta property=\"og:image:width\" content=\"1024\" \/>\n\t<meta property=\"og:image:height\" content=\"737\" \/>\n\t<meta property=\"og:image:type\" content=\"image\/png\" \/>\n<meta name=\"twitter:card\" content=\"summary_large_image\" \/>\n<meta name=\"twitter:label1\" content=\"Tiempo de lectura\" \/>\n\t<meta name=\"twitter:data1\" content=\"2 minuto\" \/>\n<script type=\"application\/ld+json\" class=\"yoast-schema-graph\">{\"@context\":\"https:\/\/schema.org\",\"@graph\":[{\"@type\":\"WebPage\",\"@id\":\"https:\/\/www.mosagreen.it\/es\/product\/paletizador-aps23\/\",\"url\":\"https:\/\/www.mosagreen.it\/es\/product\/paletizador-aps23\/\",\"name\":\"PALETIZADOR APS23 - MosaGreen\",\"isPartOf\":{\"@id\":\"https:\/\/www.mosagreen.it\/es\/#website\"},\"primaryImageOfPage\":{\"@id\":\"https:\/\/www.mosagreen.it\/es\/product\/paletizador-aps23\/#primaryimage\"},\"image\":{\"@id\":\"https:\/\/www.mosagreen.it\/es\/product\/paletizador-aps23\/#primaryimage\"},\"thumbnailUrl\":\"https:\/\/www.mosagreen.it\/wp-content\/uploads\/2025\/05\/PALETTISER-APS23.png\",\"datePublished\":\"2025-03-12T16:52:30+00:00\",\"dateModified\":\"2025-08-18T14:06:40+00:00\",\"breadcrumb\":{\"@id\":\"https:\/\/www.mosagreen.it\/es\/product\/paletizador-aps23\/#breadcrumb\"},\"inLanguage\":\"es\",\"potentialAction\":[{\"@type\":\"ReadAction\",\"target\":[\"https:\/\/www.mosagreen.it\/es\/product\/paletizador-aps23\/\"]}]},{\"@type\":\"ImageObject\",\"inLanguage\":\"es\",\"@id\":\"https:\/\/www.mosagreen.it\/es\/product\/paletizador-aps23\/#primaryimage\",\"url\":\"https:\/\/www.mosagreen.it\/wp-content\/uploads\/2025\/05\/PALETTISER-APS23.png\",\"contentUrl\":\"https:\/\/www.mosagreen.it\/wp-content\/uploads\/2025\/05\/PALETTISER-APS23.png\",\"width\":1920,\"height\":1382},{\"@type\":\"BreadcrumbList\",\"@id\":\"https:\/\/www.mosagreen.it\/es\/product\/paletizador-aps23\/#breadcrumb\",\"itemListElement\":[{\"@type\":\"ListItem\",\"position\":1,\"name\":\"Home\",\"item\":\"https:\/\/www.mosagreen.it\/es\/\"},{\"@type\":\"ListItem\",\"position\":2,\"name\":\"PALETIZADOR APS23\"}]},{\"@type\":\"WebSite\",\"@id\":\"https:\/\/www.mosagreen.it\/es\/#website\",\"url\":\"https:\/\/www.mosagreen.it\/es\/\",\"name\":\"MosaGreen\",\"description\":\"Macchine per OrtoFloro Vivaismo\",\"publisher\":{\"@id\":\"https:\/\/www.mosagreen.it\/es\/#organization\"},\"potentialAction\":[{\"@type\":\"SearchAction\",\"target\":{\"@type\":\"EntryPoint\",\"urlTemplate\":\"https:\/\/www.mosagreen.it\/es\/?s={search_term_string}\"},\"query-input\":{\"@type\":\"PropertyValueSpecification\",\"valueRequired\":true,\"valueName\":\"search_term_string\"}}],\"inLanguage\":\"es\"},{\"@type\":\"Organization\",\"@id\":\"https:\/\/www.mosagreen.it\/es\/#organization\",\"name\":\"MosaGreen\",\"url\":\"https:\/\/www.mosagreen.it\/es\/\",\"logo\":{\"@type\":\"ImageObject\",\"inLanguage\":\"es\",\"@id\":\"https:\/\/www.mosagreen.it\/es\/#\/schema\/logo\/image\/\",\"url\":\"https:\/\/www.mosagreen.it\/wp-content\/uploads\/2025\/04\/logo-1.png\",\"contentUrl\":\"https:\/\/www.mosagreen.it\/wp-content\/uploads\/2025\/04\/logo-1.png\",\"width\":367,\"height\":476,\"caption\":\"MosaGreen\"},\"image\":{\"@id\":\"https:\/\/www.mosagreen.it\/es\/#\/schema\/logo\/image\/\"}}]}<\/script>\n<!-- \/ Yoast SEO plugin. -->","yoast_head_json":{"title":"PALETIZADOR APS23 - MosaGreen","robots":{"index":"index","follow":"follow","max-snippet":"max-snippet:-1","max-image-preview":"max-image-preview:large","max-video-preview":"max-video-preview:-1"},"canonical":"https:\/\/www.mosagreen.it\/es\/product\/paletizador-aps23\/","og_locale":"es_ES","og_type":"article","og_title":"PALETIZADOR APS23 - MosaGreen","og_description":"El paletizador robotizado APS23 est\u00e1 dise\u00f1ado para mover y posicionar varios tipos de bandejas sobre paletas. Gracias a su movimiento en tres ejes y a su sistema neum\u00e1tico de recogida y rotaci\u00f3n, recoge las bandejas de un sistema de transporte y las coloca sobre una paleta seg\u00fan un esquema predefinido. La configuraci\u00f3n del paletizador, seg\u00fan [&hellip;]","og_url":"https:\/\/www.mosagreen.it\/es\/product\/paletizador-aps23\/","og_site_name":"MosaGreen","article_modified_time":"2025-08-18T14:06:40+00:00","og_image":[{"width":1024,"height":737,"url":"https:\/\/www.mosagreen.it\/wp-content\/uploads\/2025\/05\/PALETTISER-APS23-1024x737.png","type":"image\/png"}],"twitter_card":"summary_large_image","twitter_misc":{"Tiempo de lectura":"2 minuto"},"schema":{"@context":"https:\/\/schema.org","@graph":[{"@type":"WebPage","@id":"https:\/\/www.mosagreen.it\/es\/product\/paletizador-aps23\/","url":"https:\/\/www.mosagreen.it\/es\/product\/paletizador-aps23\/","name":"PALETIZADOR APS23 - MosaGreen","isPartOf":{"@id":"https:\/\/www.mosagreen.it\/es\/#website"},"primaryImageOfPage":{"@id":"https:\/\/www.mosagreen.it\/es\/product\/paletizador-aps23\/#primaryimage"},"image":{"@id":"https:\/\/www.mosagreen.it\/es\/product\/paletizador-aps23\/#primaryimage"},"thumbnailUrl":"https:\/\/www.mosagreen.it\/wp-content\/uploads\/2025\/05\/PALETTISER-APS23.png","datePublished":"2025-03-12T16:52:30+00:00","dateModified":"2025-08-18T14:06:40+00:00","breadcrumb":{"@id":"https:\/\/www.mosagreen.it\/es\/product\/paletizador-aps23\/#breadcrumb"},"inLanguage":"es","potentialAction":[{"@type":"ReadAction","target":["https:\/\/www.mosagreen.it\/es\/product\/paletizador-aps23\/"]}]},{"@type":"ImageObject","inLanguage":"es","@id":"https:\/\/www.mosagreen.it\/es\/product\/paletizador-aps23\/#primaryimage","url":"https:\/\/www.mosagreen.it\/wp-content\/uploads\/2025\/05\/PALETTISER-APS23.png","contentUrl":"https:\/\/www.mosagreen.it\/wp-content\/uploads\/2025\/05\/PALETTISER-APS23.png","width":1920,"height":1382},{"@type":"BreadcrumbList","@id":"https:\/\/www.mosagreen.it\/es\/product\/paletizador-aps23\/#breadcrumb","itemListElement":[{"@type":"ListItem","position":1,"name":"Home","item":"https:\/\/www.mosagreen.it\/es\/"},{"@type":"ListItem","position":2,"name":"PALETIZADOR APS23"}]},{"@type":"WebSite","@id":"https:\/\/www.mosagreen.it\/es\/#website","url":"https:\/\/www.mosagreen.it\/es\/","name":"MosaGreen","description":"Macchine per OrtoFloro Vivaismo","publisher":{"@id":"https:\/\/www.mosagreen.it\/es\/#organization"},"potentialAction":[{"@type":"SearchAction","target":{"@type":"EntryPoint","urlTemplate":"https:\/\/www.mosagreen.it\/es\/?s={search_term_string}"},"query-input":{"@type":"PropertyValueSpecification","valueRequired":true,"valueName":"search_term_string"}}],"inLanguage":"es"},{"@type":"Organization","@id":"https:\/\/www.mosagreen.it\/es\/#organization","name":"MosaGreen","url":"https:\/\/www.mosagreen.it\/es\/","logo":{"@type":"ImageObject","inLanguage":"es","@id":"https:\/\/www.mosagreen.it\/es\/#\/schema\/logo\/image\/","url":"https:\/\/www.mosagreen.it\/wp-content\/uploads\/2025\/04\/logo-1.png","contentUrl":"https:\/\/www.mosagreen.it\/wp-content\/uploads\/2025\/04\/logo-1.png","width":367,"height":476,"caption":"MosaGreen"},"image":{"@id":"https:\/\/www.mosagreen.it\/es\/#\/schema\/logo\/image\/"}}]}},"_links":{"self":[{"href":"https:\/\/www.mosagreen.it\/es\/wp-json\/wp\/v2\/product\/6497","targetHints":{"allow":["GET"]}}],"collection":[{"href":"https:\/\/www.mosagreen.it\/es\/wp-json\/wp\/v2\/product"}],"about":[{"href":"https:\/\/www.mosagreen.it\/es\/wp-json\/wp\/v2\/types\/product"}],"version-history":[{"count":4,"href":"https:\/\/www.mosagreen.it\/es\/wp-json\/wp\/v2\/product\/6497\/revisions"}],"predecessor-version":[{"id":6503,"href":"https:\/\/www.mosagreen.it\/es\/wp-json\/wp\/v2\/product\/6497\/revisions\/6503"}],"wp:featuredmedia":[{"embeddable":true,"href":"https:\/\/www.mosagreen.it\/es\/wp-json\/wp\/v2\/media\/2371"}],"wp:attachment":[{"href":"https:\/\/www.mosagreen.it\/es\/wp-json\/wp\/v2\/media?parent=6497"}],"wp:term":[{"taxonomy":"product_category","embeddable":true,"href":"https:\/\/www.mosagreen.it\/es\/wp-json\/wp\/v2\/product_category?post=6497"}],"curies":[{"name":"wp","href":"https:\/\/api.w.org\/{rel}","templated":true}]}}