{"id":6466,"date":"2025-03-11T17:53:14","date_gmt":"2025-03-11T16:53:14","guid":{"rendered":"https:\/\/www.mosagreen.it\/product\/unita-di-stampa-applicazione-etichette-e12d\/"},"modified":"2025-08-18T16:00:58","modified_gmt":"2025-08-18T14:00:58","slug":"unidad-de-impresion-y-aplicacion-etiquetas-e12d","status":"publish","type":"product","link":"https:\/\/www.mosagreen.it\/es\/product\/unidad-de-impresion-y-aplicacion-etiquetas-e12d\/","title":{"rendered":"UNIDAD DE IMPRESI\u00d3N Y APLICACI\u00d3N ETIQUETAS E12D"},"content":{"rendered":"\t\t<div data-elementor-type=\"wp-post\" data-elementor-id=\"6466\" class=\"elementor elementor-6466 elementor-2345\" data-elementor-post-type=\"product\">\n\t\t\t\t<div class=\"elementor-element elementor-element-224fca2 e-con-full e-flex e-con e-parent\" data-id=\"224fca2\" data-element_type=\"container\">\n\t\t\t\t<div class=\"elementor-element elementor-element-1694bb5 elementor-widget elementor-widget-template\" data-id=\"1694bb5\" data-element_type=\"widget\" data-widget_type=\"template.default\">\n\t\t\t\t<div class=\"elementor-widget-container\">\n\t\t\t\t\t\t\t<div class=\"elementor-template\">\n\t\t\t\t\t<div data-elementor-type=\"page\" data-elementor-id=\"1781\" class=\"elementor elementor-1781\" data-elementor-post-type=\"elementor_library\">\n\t\t\t\t<div class=\"elementor-element elementor-element-5f89f02 e-con-full e-flex e-con e-parent\" data-id=\"5f89f02\" data-element_type=\"container\">\n\t\t\t\t<div class=\"elementor-element elementor-element-10fd106 elementor-widget elementor-widget-image\" data-id=\"10fd106\" data-element_type=\"widget\" data-widget_type=\"image.default\">\n\t\t\t\t<div class=\"elementor-widget-container\">\n\t\t\t\t\t\t\t\t\t\t\t\t\t\t\t<img decoding=\"async\" src=\"https:\/\/www.mosagreen.it\/wp-content\/uploads\/elementor\/thumbs\/TESTATA-Accatastatori-r6ikfzvickxrh6jq96bwn5xgezawb4j19zu3vymjq0.jpg\" title=\"TESTATA-Accatastatori\" alt=\"TESTATA-Accatastatori\" loading=\"lazy\" \/>\t\t\t\t\t\t\t\t\t\t\t\t\t\t\t<\/div>\n\t\t\t\t<\/div>\n\t\t\t\t<\/div>\n\t\t\t\t<\/div>\n\t\t\t\t<\/div>\n\t\t\t\t\t\t<\/div>\n\t\t\t\t<\/div>\n\t\t\t\t<\/div>\n\t\t<div class=\"elementor-element elementor-element-27ec37c e-flex e-con-boxed e-con e-parent\" data-id=\"27ec37c\" data-element_type=\"container\">\n\t\t\t\t\t<div class=\"e-con-inner\">\n\t\t<div class=\"elementor-element elementor-element-8c5d696 e-con-full e-flex e-con e-child\" data-id=\"8c5d696\" data-element_type=\"container\">\n\t\t\t\t<div class=\"elementor-element elementor-element-51c8fff elementor-invisible elementor-widget elementor-widget-theme-post-featured-image elementor-widget-image\" data-id=\"51c8fff\" data-element_type=\"widget\" data-settings=\"{&quot;_animation&quot;:&quot;fadeInLeft&quot;,&quot;_animation_delay&quot;:300}\" data-widget_type=\"theme-post-featured-image.default\">\n\t\t\t\t<div class=\"elementor-widget-container\">\n\t\t\t\t\t\t\t\t\t\t\t\t\t\t\t<img fetchpriority=\"high\" decoding=\"async\" width=\"800\" height=\"507\" src=\"https:\/\/www.mosagreen.it\/wp-content\/uploads\/2025\/03\/PRINTING-LABELLING-UNIT-E12D-1024x649.png\" class=\"attachment-large size-large wp-image-3414\" alt=\"\" srcset=\"https:\/\/www.mosagreen.it\/wp-content\/uploads\/2025\/03\/PRINTING-LABELLING-UNIT-E12D-1024x649.png 1024w, https:\/\/www.mosagreen.it\/wp-content\/uploads\/2025\/03\/PRINTING-LABELLING-UNIT-E12D-300x190.png 300w, https:\/\/www.mosagreen.it\/wp-content\/uploads\/2025\/03\/PRINTING-LABELLING-UNIT-E12D-768x487.png 768w, https:\/\/www.mosagreen.it\/wp-content\/uploads\/2025\/03\/PRINTING-LABELLING-UNIT-E12D-1536x974.png 1536w, https:\/\/www.mosagreen.it\/wp-content\/uploads\/2025\/03\/PRINTING-LABELLING-UNIT-E12D.png 1842w\" sizes=\"(max-width: 800px) 100vw, 800px\" \/>\t\t\t\t\t\t\t\t\t\t\t\t\t\t\t<\/div>\n\t\t\t\t<\/div>\n\t\t\t\t<\/div>\n\t\t<div class=\"elementor-element elementor-element-8c1bcaa e-con-full e-flex elementor-invisible e-con e-child\" data-id=\"8c1bcaa\" data-element_type=\"container\" data-settings=\"{&quot;animation&quot;:&quot;fadeInRight&quot;,&quot;animation_delay&quot;:400}\">\n\t\t<div class=\"elementor-element elementor-element-334cc3d e-con-full e-flex e-con e-child\" data-id=\"334cc3d\" data-element_type=\"container\">\n\t\t\t\t<div class=\"elementor-element elementor-element-9171125 elementor-widget elementor-widget-heading\" data-id=\"9171125\" data-element_type=\"widget\" data-widget_type=\"heading.default\">\n\t\t\t\t<div class=\"elementor-widget-container\">\n\t\t\t\t\t<h2 class=\"elementor-heading-title elementor-size-default\">UNIDAD DE IMPRESI\u00d3N Y APLICACI\u00d3N ETIQUETAS<\/h2>\t\t\t\t<\/div>\n\t\t\t\t<\/div>\n\t\t\t\t<div class=\"elementor-element elementor-element-c54c90c elementor-widget elementor-widget-heading\" data-id=\"c54c90c\" data-element_type=\"widget\" data-widget_type=\"heading.default\">\n\t\t\t\t<div class=\"elementor-widget-container\">\n\t\t\t\t\t<h2 class=\"elementor-heading-title elementor-size-default\">E12D<\/h2>\t\t\t\t<\/div>\n\t\t\t\t<\/div>\n\t\t\t\t<\/div>\n\t\t\t\t<div class=\"elementor-element elementor-element-db70011 elementor-widget elementor-widget-text-editor\" data-id=\"db70011\" data-element_type=\"widget\" data-widget_type=\"text-editor.default\">\n\t\t\t\t<div class=\"elementor-widget-container\">\n\t\t\t\t\t\t\t\t\t<p>La unidad de impresi\u00f3n y aplicaci\u00f3n de etiquetas E12D est\u00e1 dise\u00f1ada para imprimir y aplicar etiquetas en bandejas y macetas. Est\u00e1 provista de una computadora y de un software para crear, imprimir y aplicar etiquetas a una velocidad de trabajo de entre 500 y 4000 etiquetas por hora. Se pueden imprimir etiquetas con unas dimensiones m\u00ednimas de 15 x 35 mm y m\u00e1ximas de 40 x 100 mm.<br \/><strong>Modelo E12D-Tray<\/strong>: est\u00e1 dise\u00f1ado para bandejas de siembra y de transporte. Este modelo se puede conectar a cualquier tipo de desapilador.<br \/><strong>Modelo E12D-Pot<\/strong>: est\u00e1 dise\u00f1ado para macetas individuales colocadas sobre una cinta de transportadora.<\/p>\t\t\t\t\t\t\t\t<\/div>\n\t\t\t\t<\/div>\n\t\t\t\t<\/div>\n\t\t\t\t\t<\/div>\n\t\t\t\t<\/div>\n\t\t<div class=\"elementor-element elementor-element-178a56e e-flex e-con-boxed elementor-invisible e-con e-parent\" data-id=\"178a56e\" data-element_type=\"container\" data-settings=\"{&quot;animation&quot;:&quot;fadeInUp&quot;,&quot;animation_delay&quot;:300}\">\n\t\t\t\t\t<div class=\"e-con-inner\">\n\t\t<div class=\"elementor-element elementor-element-ced29a8 e-con-full e-flex e-con e-child\" data-id=\"ced29a8\" data-element_type=\"container\">\n\t\t<div class=\"elementor-element elementor-element-7f5f9a1 e-con-full e-flex elementor-invisible e-con e-child\" data-id=\"7f5f9a1\" data-element_type=\"container\" data-settings=\"{&quot;animation&quot;:&quot;fadeInRight&quot;,&quot;animation_delay&quot;:400}\">\n\t\t\t\t<div class=\"elementor-element elementor-element-a8b1dcb elementor-widget__width-inherit elementor-widget elementor-widget-shortcode\" data-id=\"a8b1dcb\" data-element_type=\"widget\" data-widget_type=\"shortcode.default\">\n\t\t\t\t<div class=\"elementor-widget-container\">\n\t\t\t\t\t\t\t<div class=\"elementor-shortcode\">\n<table id=\"tablepress-110\" class=\"tablepress tablepress-id-110\">\n<thead>\n<tr class=\"row-1\">\n\t<th class=\"column-1\">Datos t\u00e9cnicos<\/th><th class=\"column-2\">E12D-Pot<\/th><th class=\"column-3\">E12D-Tray<\/th><td class=\"column-4\"><\/td>\n<\/tr>\n<\/thead>\n<tbody class=\"row-striping\">\n<tr class=\"row-2\">\n\t<td class=\"column-1\">Producci\u00f3n horaria<\/td><td class=\"column-2\">500-4000<\/td><td class=\"column-3\">1000<\/td><td class=\"column-4\">Etiquetas\/Hora<\/td>\n<\/tr>\n<tr class=\"row-3\">\n\t<td class=\"column-1\">Potencia instalada<\/td><td class=\"column-2\">0,5<\/td><td class=\"column-3\">0,5<\/td><td class=\"column-4\">kW<\/td>\n<\/tr>\n<tr class=\"row-4\">\n\t<td class=\"column-1\">Peso<\/td><td class=\"column-2\">170<\/td><td class=\"column-3\">120<\/td><td class=\"column-4\">kg<\/td>\n<\/tr>\n<tr class=\"row-5\">\n\t<td class=\"column-1\">Dimensiones<\/td><td class=\"column-2\">3200x1200<\/td><td class=\"column-3\">850x750<\/td><td class=\"column-4\">mm<\/td>\n<\/tr>\n<\/tbody>\n<\/table>\n<!-- #tablepress-110 from cache --><\/div>\n\t\t\t\t\t\t<\/div>\n\t\t\t\t<\/div>\n\t\t\t\t<\/div>\n\t\t\t\t<\/div>\n\t\t\t\t\t<\/div>\n\t\t\t\t<\/div>\n\t\t\t\t<\/div>\n\t\t","protected":false},"featured_media":3414,"template":"","meta":{"_acf_changed":false,"inline_featured_image":false},"product_category":[121],"class_list":["post-6466","product","type-product","status-publish","has-post-thumbnail","hentry","product_category-etiquetado"],"acf":[],"yoast_head":"<!-- This site is optimized with the Yoast SEO plugin v26.0 - https:\/\/yoast.com\/wordpress\/plugins\/seo\/ -->\n<title>UNIDAD DE IMPRESI\u00d3N Y APLICACI\u00d3N ETIQUETAS E12D - MosaGreen<\/title>\n<meta name=\"robots\" content=\"index, follow, max-snippet:-1, max-image-preview:large, max-video-preview:-1\" \/>\n<link rel=\"canonical\" href=\"https:\/\/www.mosagreen.it\/es\/product\/unidad-de-impresion-y-aplicacion-etiquetas-e12d\/\" \/>\n<meta property=\"og:locale\" content=\"es_ES\" \/>\n<meta property=\"og:type\" content=\"article\" \/>\n<meta property=\"og:title\" content=\"UNIDAD DE IMPRESI\u00d3N Y APLICACI\u00d3N ETIQUETAS E12D - MosaGreen\" \/>\n<meta property=\"og:description\" content=\"La unidad de impresi\u00f3n y aplicaci\u00f3n de etiquetas E12D est\u00e1 dise\u00f1ada para imprimir y aplicar etiquetas en bandejas y macetas. Est\u00e1 provista de una computadora y de un software para crear, imprimir y aplicar etiquetas a una velocidad de trabajo de entre 500 y 4000 etiquetas por hora. Se pueden imprimir etiquetas con unas dimensiones [&hellip;]\" \/>\n<meta property=\"og:url\" content=\"https:\/\/www.mosagreen.it\/es\/product\/unidad-de-impresion-y-aplicacion-etiquetas-e12d\/\" \/>\n<meta property=\"og:site_name\" content=\"MosaGreen\" \/>\n<meta property=\"article:modified_time\" content=\"2025-08-18T14:00:58+00:00\" \/>\n<meta property=\"og:image\" content=\"https:\/\/www.mosagreen.it\/wp-content\/uploads\/2025\/03\/PRINTING-LABELLING-UNIT-E12D.png\" \/>\n\t<meta property=\"og:image:width\" content=\"1842\" \/>\n\t<meta property=\"og:image:height\" content=\"1168\" \/>\n\t<meta property=\"og:image:type\" content=\"image\/png\" \/>\n<meta name=\"twitter:card\" content=\"summary_large_image\" \/>\n<meta name=\"twitter:label1\" content=\"Tiempo de lectura\" \/>\n\t<meta name=\"twitter:data1\" content=\"2 minuto\" \/>\n<script type=\"application\/ld+json\" class=\"yoast-schema-graph\">{\"@context\":\"https:\/\/schema.org\",\"@graph\":[{\"@type\":\"WebPage\",\"@id\":\"https:\/\/www.mosagreen.it\/es\/product\/unidad-de-impresion-y-aplicacion-etiquetas-e12d\/\",\"url\":\"https:\/\/www.mosagreen.it\/es\/product\/unidad-de-impresion-y-aplicacion-etiquetas-e12d\/\",\"name\":\"UNIDAD DE IMPRESI\u00d3N Y APLICACI\u00d3N ETIQUETAS E12D - MosaGreen\",\"isPartOf\":{\"@id\":\"https:\/\/www.mosagreen.it\/es\/#website\"},\"primaryImageOfPage\":{\"@id\":\"https:\/\/www.mosagreen.it\/es\/product\/unidad-de-impresion-y-aplicacion-etiquetas-e12d\/#primaryimage\"},\"image\":{\"@id\":\"https:\/\/www.mosagreen.it\/es\/product\/unidad-de-impresion-y-aplicacion-etiquetas-e12d\/#primaryimage\"},\"thumbnailUrl\":\"https:\/\/www.mosagreen.it\/wp-content\/uploads\/2025\/03\/PRINTING-LABELLING-UNIT-E12D.png\",\"datePublished\":\"2025-03-11T16:53:14+00:00\",\"dateModified\":\"2025-08-18T14:00:58+00:00\",\"breadcrumb\":{\"@id\":\"https:\/\/www.mosagreen.it\/es\/product\/unidad-de-impresion-y-aplicacion-etiquetas-e12d\/#breadcrumb\"},\"inLanguage\":\"es\",\"potentialAction\":[{\"@type\":\"ReadAction\",\"target\":[\"https:\/\/www.mosagreen.it\/es\/product\/unidad-de-impresion-y-aplicacion-etiquetas-e12d\/\"]}]},{\"@type\":\"ImageObject\",\"inLanguage\":\"es\",\"@id\":\"https:\/\/www.mosagreen.it\/es\/product\/unidad-de-impresion-y-aplicacion-etiquetas-e12d\/#primaryimage\",\"url\":\"https:\/\/www.mosagreen.it\/wp-content\/uploads\/2025\/03\/PRINTING-LABELLING-UNIT-E12D.png\",\"contentUrl\":\"https:\/\/www.mosagreen.it\/wp-content\/uploads\/2025\/03\/PRINTING-LABELLING-UNIT-E12D.png\",\"width\":1842,\"height\":1168},{\"@type\":\"BreadcrumbList\",\"@id\":\"https:\/\/www.mosagreen.it\/es\/product\/unidad-de-impresion-y-aplicacion-etiquetas-e12d\/#breadcrumb\",\"itemListElement\":[{\"@type\":\"ListItem\",\"position\":1,\"name\":\"Home\",\"item\":\"https:\/\/www.mosagreen.it\/es\/\"},{\"@type\":\"ListItem\",\"position\":2,\"name\":\"UNIDAD DE IMPRESI\u00d3N Y APLICACI\u00d3N ETIQUETAS E12D\"}]},{\"@type\":\"WebSite\",\"@id\":\"https:\/\/www.mosagreen.it\/es\/#website\",\"url\":\"https:\/\/www.mosagreen.it\/es\/\",\"name\":\"MosaGreen\",\"description\":\"Macchine per OrtoFloro Vivaismo\",\"publisher\":{\"@id\":\"https:\/\/www.mosagreen.it\/es\/#organization\"},\"potentialAction\":[{\"@type\":\"SearchAction\",\"target\":{\"@type\":\"EntryPoint\",\"urlTemplate\":\"https:\/\/www.mosagreen.it\/es\/?s={search_term_string}\"},\"query-input\":{\"@type\":\"PropertyValueSpecification\",\"valueRequired\":true,\"valueName\":\"search_term_string\"}}],\"inLanguage\":\"es\"},{\"@type\":\"Organization\",\"@id\":\"https:\/\/www.mosagreen.it\/es\/#organization\",\"name\":\"MosaGreen\",\"url\":\"https:\/\/www.mosagreen.it\/es\/\",\"logo\":{\"@type\":\"ImageObject\",\"inLanguage\":\"es\",\"@id\":\"https:\/\/www.mosagreen.it\/es\/#\/schema\/logo\/image\/\",\"url\":\"https:\/\/www.mosagreen.it\/wp-content\/uploads\/2025\/04\/logo-1.png\",\"contentUrl\":\"https:\/\/www.mosagreen.it\/wp-content\/uploads\/2025\/04\/logo-1.png\",\"width\":367,\"height\":476,\"caption\":\"MosaGreen\"},\"image\":{\"@id\":\"https:\/\/www.mosagreen.it\/es\/#\/schema\/logo\/image\/\"}}]}<\/script>\n<!-- \/ Yoast SEO plugin. -->","yoast_head_json":{"title":"UNIDAD DE IMPRESI\u00d3N Y APLICACI\u00d3N ETIQUETAS E12D - MosaGreen","robots":{"index":"index","follow":"follow","max-snippet":"max-snippet:-1","max-image-preview":"max-image-preview:large","max-video-preview":"max-video-preview:-1"},"canonical":"https:\/\/www.mosagreen.it\/es\/product\/unidad-de-impresion-y-aplicacion-etiquetas-e12d\/","og_locale":"es_ES","og_type":"article","og_title":"UNIDAD DE IMPRESI\u00d3N Y APLICACI\u00d3N ETIQUETAS E12D - MosaGreen","og_description":"La unidad de impresi\u00f3n y aplicaci\u00f3n de etiquetas E12D est\u00e1 dise\u00f1ada para imprimir y aplicar etiquetas en bandejas y macetas. Est\u00e1 provista de una computadora y de un software para crear, imprimir y aplicar etiquetas a una velocidad de trabajo de entre 500 y 4000 etiquetas por hora. Se pueden imprimir etiquetas con unas dimensiones [&hellip;]","og_url":"https:\/\/www.mosagreen.it\/es\/product\/unidad-de-impresion-y-aplicacion-etiquetas-e12d\/","og_site_name":"MosaGreen","article_modified_time":"2025-08-18T14:00:58+00:00","og_image":[{"width":1842,"height":1168,"url":"https:\/\/www.mosagreen.it\/wp-content\/uploads\/2025\/03\/PRINTING-LABELLING-UNIT-E12D.png","type":"image\/png"}],"twitter_card":"summary_large_image","twitter_misc":{"Tiempo de lectura":"2 minuto"},"schema":{"@context":"https:\/\/schema.org","@graph":[{"@type":"WebPage","@id":"https:\/\/www.mosagreen.it\/es\/product\/unidad-de-impresion-y-aplicacion-etiquetas-e12d\/","url":"https:\/\/www.mosagreen.it\/es\/product\/unidad-de-impresion-y-aplicacion-etiquetas-e12d\/","name":"UNIDAD DE IMPRESI\u00d3N Y APLICACI\u00d3N ETIQUETAS E12D - MosaGreen","isPartOf":{"@id":"https:\/\/www.mosagreen.it\/es\/#website"},"primaryImageOfPage":{"@id":"https:\/\/www.mosagreen.it\/es\/product\/unidad-de-impresion-y-aplicacion-etiquetas-e12d\/#primaryimage"},"image":{"@id":"https:\/\/www.mosagreen.it\/es\/product\/unidad-de-impresion-y-aplicacion-etiquetas-e12d\/#primaryimage"},"thumbnailUrl":"https:\/\/www.mosagreen.it\/wp-content\/uploads\/2025\/03\/PRINTING-LABELLING-UNIT-E12D.png","datePublished":"2025-03-11T16:53:14+00:00","dateModified":"2025-08-18T14:00:58+00:00","breadcrumb":{"@id":"https:\/\/www.mosagreen.it\/es\/product\/unidad-de-impresion-y-aplicacion-etiquetas-e12d\/#breadcrumb"},"inLanguage":"es","potentialAction":[{"@type":"ReadAction","target":["https:\/\/www.mosagreen.it\/es\/product\/unidad-de-impresion-y-aplicacion-etiquetas-e12d\/"]}]},{"@type":"ImageObject","inLanguage":"es","@id":"https:\/\/www.mosagreen.it\/es\/product\/unidad-de-impresion-y-aplicacion-etiquetas-e12d\/#primaryimage","url":"https:\/\/www.mosagreen.it\/wp-content\/uploads\/2025\/03\/PRINTING-LABELLING-UNIT-E12D.png","contentUrl":"https:\/\/www.mosagreen.it\/wp-content\/uploads\/2025\/03\/PRINTING-LABELLING-UNIT-E12D.png","width":1842,"height":1168},{"@type":"BreadcrumbList","@id":"https:\/\/www.mosagreen.it\/es\/product\/unidad-de-impresion-y-aplicacion-etiquetas-e12d\/#breadcrumb","itemListElement":[{"@type":"ListItem","position":1,"name":"Home","item":"https:\/\/www.mosagreen.it\/es\/"},{"@type":"ListItem","position":2,"name":"UNIDAD DE IMPRESI\u00d3N Y APLICACI\u00d3N ETIQUETAS E12D"}]},{"@type":"WebSite","@id":"https:\/\/www.mosagreen.it\/es\/#website","url":"https:\/\/www.mosagreen.it\/es\/","name":"MosaGreen","description":"Macchine per OrtoFloro Vivaismo","publisher":{"@id":"https:\/\/www.mosagreen.it\/es\/#organization"},"potentialAction":[{"@type":"SearchAction","target":{"@type":"EntryPoint","urlTemplate":"https:\/\/www.mosagreen.it\/es\/?s={search_term_string}"},"query-input":{"@type":"PropertyValueSpecification","valueRequired":true,"valueName":"search_term_string"}}],"inLanguage":"es"},{"@type":"Organization","@id":"https:\/\/www.mosagreen.it\/es\/#organization","name":"MosaGreen","url":"https:\/\/www.mosagreen.it\/es\/","logo":{"@type":"ImageObject","inLanguage":"es","@id":"https:\/\/www.mosagreen.it\/es\/#\/schema\/logo\/image\/","url":"https:\/\/www.mosagreen.it\/wp-content\/uploads\/2025\/04\/logo-1.png","contentUrl":"https:\/\/www.mosagreen.it\/wp-content\/uploads\/2025\/04\/logo-1.png","width":367,"height":476,"caption":"MosaGreen"},"image":{"@id":"https:\/\/www.mosagreen.it\/es\/#\/schema\/logo\/image\/"}}]}},"_links":{"self":[{"href":"https:\/\/www.mosagreen.it\/es\/wp-json\/wp\/v2\/product\/6466","targetHints":{"allow":["GET"]}}],"collection":[{"href":"https:\/\/www.mosagreen.it\/es\/wp-json\/wp\/v2\/product"}],"about":[{"href":"https:\/\/www.mosagreen.it\/es\/wp-json\/wp\/v2\/types\/product"}],"version-history":[{"count":4,"href":"https:\/\/www.mosagreen.it\/es\/wp-json\/wp\/v2\/product\/6466\/revisions"}],"predecessor-version":[{"id":6472,"href":"https:\/\/www.mosagreen.it\/es\/wp-json\/wp\/v2\/product\/6466\/revisions\/6472"}],"wp:featuredmedia":[{"embeddable":true,"href":"https:\/\/www.mosagreen.it\/es\/wp-json\/wp\/v2\/media\/3414"}],"wp:attachment":[{"href":"https:\/\/www.mosagreen.it\/es\/wp-json\/wp\/v2\/media?parent=6466"}],"wp:term":[{"taxonomy":"product_category","embeddable":true,"href":"https:\/\/www.mosagreen.it\/es\/wp-json\/wp\/v2\/product_category?post=6466"}],"curies":[{"name":"wp","href":"https:\/\/api.w.org\/{rel}","templated":true}]}}