{"id":8763,"date":"2025-04-22T16:35:09","date_gmt":"2025-04-22T14:35:09","guid":{"rendered":"https:\/\/www.mosagreen.it\/privacy-policy\/"},"modified":"2025-11-25T10:38:20","modified_gmt":"2025-11-25T09:38:20","slug":"politica-de-privacidad","status":"publish","type":"page","link":"https:\/\/www.mosagreen.it\/es\/politica-de-privacidad\/","title":{"rendered":"Pol\u00edtica de privacidad"},"content":{"rendered":"\t\t<div data-elementor-type=\"wp-page\" data-elementor-id=\"8763\" class=\"elementor elementor-8763 elementor-3\" data-elementor-post-type=\"page\">\n\t\t\t\t<div class=\"elementor-element elementor-element-3e214db4 e-flex e-con-boxed e-con e-parent\" data-id=\"3e214db4\" data-element_type=\"container\">\n\t\t\t\t\t<div class=\"e-con-inner\">\n\t\t\t\t<div class=\"elementor-element elementor-element-76ec0f7f elementor-widget elementor-widget-text-editor\" data-id=\"76ec0f7f\" data-element_type=\"widget\" data-widget_type=\"text-editor.default\">\n\t\t\t\t<div class=\"elementor-widget-container\">\n\t\t\t\t\t\t\t\t\t<p class=\"p1\"><span class=\"s1\"><b>POL\u00cdTICA DE PRIVACIDAD<\/b><\/span><\/p><p class=\"p1\">Esta informaci\u00f3n general est\u00e1 provista de acuerdo a lo establecido por el Reglamento General de Protecci\u00f3n de Datos, Reglamento (UE) 2016\/679 a todos los que visitan nuestro sitio <a href=\"http:\/\/www.mosagreen.it\"><span class=\"s2\">www.mosagreen.it<\/span><\/a>.<\/p><p class=\"p1\">Para la utilizaci\u00f3n de servicios espec\u00edficos por parte de los clientes\/visitantes, se proporcionar\u00e1 cada vez<span class=\"Apple-converted-space\">\u00a0 <\/span>informaci\u00f3n especifica y, si es necesario, se solicitar\u00e1 la atorizaci\u00f3n correpondiente para el tratamieto de los datos de car\u00e1cter personal.<\/p><p class=\"p1\"><b>Responsable del Tratamiento<br \/><\/b>A trav\u00e9s del portal web pueden ser tratados datos de car\u00e1cter personal relativos a personas identificadas o identificables. El Responsable del tratamiento de estos datos es MOSA GREEN S.r.l. con sede in Via Marconi 14, 33083 \u2013 Chions (PN) \u2013 CIF: 01941080937.<\/p><p class=\"p1\"><b>Lugar y modo de tratamiento de los datos<\/b><br \/>El tratamiento de los datos relativos a la visita del sitio se realiza en la sede de MOSA GREEN S.r.l..<\/p><p class=\"p1\"><b>Datos de navegaci\u00f3n<\/b><br \/>Los sistemas y los procedimientos inform\u00e1ticos encargados del funcionamiento de este sitio adquieren, en el curso de su funcionamiento normal, algunos datos de car\u00e1cter personal cuya transmisi\u00f3n es impl\u00edcita en el uso de los protocolos de comunicaci\u00f3n de Internet. Se trata de informaci\u00f3n que no se recoge para asociarla a personas concretas, pero que, dada su naturaleza, podr\u00eda permitir la identificaci\u00f3n de los visitantes, mediante elaboraciones y asociaciones con datos terceros, lo cual solo se realizar\u00e1 bajo requerimiento de la Autoridad Judicial. Esta categor\u00eda incluye: direcciones IP y nombres de dominio de los ordenadores utilizados por los visitantes para conectarse al sitio,<span class=\"Apple-converted-space\">\u00a0 <\/span>direcciones en notaci\u00f3n URI (Uniform Resource Identifier) de los recursos solicitados, horario de las solicitudes, m\u00e9todo utilizado para realizar la solicitud al servidor, tama\u00f1o del archivo de respuesta, c\u00f3digo num\u00e9rico que indica el estado de la respuesta del servidor (correcta, error etc.) y otros par\u00e1metros relativos al sistema operativo y al entorno inform\u00e1tico del usuario.<br \/>Estos datos conforman el registro de los enlaces.<\/p><p class=\"p1\">MOSA GREEN Srl utiliza estos datos \u00fanicamente para recopilar informaci\u00f3n estad\u00edstica an\u00f3nima sobre el uso del sitio y para comprobar su correcto funcionamiento. El registro de los accesos queda a disposici\u00f3n de la Autoridad Judicial y se presentar\u00e1 bajo petici\u00f3n espec\u00edfica.<\/p><p class=\"p1\"><b>Datos facilitados voluntariamente por el usuario<br \/><\/b>Los datos se recopilan con la finalidad de registrar al usuario y activar los servicios de asistencia y las comunicaciones solicitadas, y se ser\u00e1n tratados electr\u00f3nicamente conforme a la legislaci\u00f3n vigente.<\/p><p class=\"p1\"><b>Derecho de conferimiento de los datos<br \/><\/b>Con la excepci\u00f3n de lo especificado para los datos de navegaci\u00f3n, el usuario es libre de facilitar los datos personales que MOSA GREEN S.r.l. solicite en cada momento; aunque no facilitarlos podr\u00eda impedir que MOSA GREEN S.r.l. pueda proporcionar los servicios solicitados.<\/p><p class=\"p1\"><b>Derechos de los interesados<\/b><br \/>Los interesados a los que se refieren los datos de car\u00e1cter personal tienen derecho, en cualquier momento, a obtener la confirmaci\u00f3n de la existencia o inexistencia de los mismos, a conocer su contenido y origen, a verificar que son correctos y a solicitar su integraci\u00f3n, actualizaci\u00f3n o rectificaci\u00f3n, seg\u00fan lo establecido por el Reglamento General de Protecci\u00f3n de Datos, Reglamento (UE) 2016\/679. Tambi\u00e9n tienen derecho a solicitar la cancelaci\u00f3n de los datos tratados en violaci\u00f3n de la ley y a oponerse, por motivos leg\u00edtimos, al tratamiento de los datos, dirigi\u00e9ndo una petici\u00f3n por escrito a MOSA GREEN S.r.l. Via Marconi 14, 33083 \u2013 Chions (PN) \u2013 CIF: 01941080937.<\/p>\t\t\t\t\t\t\t\t<\/div>\n\t\t\t\t<\/div>\n\t\t\t\t\t<\/div>\n\t\t\t\t<\/div>\n\t\t\t\t<\/div>\n\t\t","protected":false},"excerpt":{"rendered":"<p>POL\u00cdTICA DE PRIVACIDAD Esta informaci\u00f3n general est\u00e1 provista de acuerdo a lo establecido por el Reglamento General de Protecci\u00f3n de Datos, Reglamento (UE) 2016\/679 a todos los que visitan nuestro sitio www.mosagreen.it. Para la utilizaci\u00f3n de servicios espec\u00edficos por parte de los clientes\/visitantes, se proporcionar\u00e1 cada vez\u00a0 informaci\u00f3n especifica y, si es necesario, se solicitar\u00e1 [&hellip;]<\/p>\n","protected":false},"author":1,"featured_media":0,"parent":0,"menu_order":100,"comment_status":"closed","ping_status":"closed","template":"","meta":{"_acf_changed":false,"inline_featured_image":false,"footnotes":""},"class_list":["post-8763","page","type-page","status-publish","hentry"],"acf":[],"yoast_head":"<!-- This site is optimized with the Yoast SEO plugin v26.0 - https:\/\/yoast.com\/wordpress\/plugins\/seo\/ -->\n<title>Pol\u00edtica de privacidad - MosaGreen<\/title>\n<meta name=\"robots\" content=\"index, follow, max-snippet:-1, max-image-preview:large, max-video-preview:-1\" \/>\n<link rel=\"canonical\" href=\"https:\/\/www.mosagreen.it\/es\/politica-de-privacidad\/\" \/>\n<meta property=\"og:locale\" content=\"es_ES\" \/>\n<meta property=\"og:type\" content=\"article\" \/>\n<meta property=\"og:title\" content=\"Pol\u00edtica de privacidad - MosaGreen\" \/>\n<meta property=\"og:description\" content=\"POL\u00cdTICA DE PRIVACIDAD Esta informaci\u00f3n general est\u00e1 provista de acuerdo a lo establecido por el Reglamento General de Protecci\u00f3n de Datos, Reglamento (UE) 2016\/679 a todos los que visitan nuestro sitio www.mosagreen.it. Para la utilizaci\u00f3n de servicios espec\u00edficos por parte de los clientes\/visitantes, se proporcionar\u00e1 cada vez\u00a0 informaci\u00f3n especifica y, si es necesario, se solicitar\u00e1 [&hellip;]\" \/>\n<meta property=\"og:url\" content=\"https:\/\/www.mosagreen.it\/es\/politica-de-privacidad\/\" \/>\n<meta property=\"og:site_name\" content=\"MosaGreen\" \/>\n<meta property=\"article:modified_time\" content=\"2025-11-25T09:38:20+00:00\" \/>\n<meta name=\"twitter:card\" content=\"summary_large_image\" \/>\n<meta name=\"twitter:label1\" content=\"Tiempo de lectura\" \/>\n\t<meta name=\"twitter:data1\" content=\"3 minuto\" \/>\n<script type=\"application\/ld+json\" class=\"yoast-schema-graph\">{\"@context\":\"https:\/\/schema.org\",\"@graph\":[{\"@type\":\"WebPage\",\"@id\":\"https:\/\/www.mosagreen.it\/es\/politica-de-privacidad\/\",\"url\":\"https:\/\/www.mosagreen.it\/es\/politica-de-privacidad\/\",\"name\":\"Pol\u00edtica de privacidad - MosaGreen\",\"isPartOf\":{\"@id\":\"https:\/\/www.mosagreen.it\/es\/#website\"},\"datePublished\":\"2025-04-22T14:35:09+00:00\",\"dateModified\":\"2025-11-25T09:38:20+00:00\",\"breadcrumb\":{\"@id\":\"https:\/\/www.mosagreen.it\/es\/politica-de-privacidad\/#breadcrumb\"},\"inLanguage\":\"es\",\"potentialAction\":[{\"@type\":\"ReadAction\",\"target\":[\"https:\/\/www.mosagreen.it\/es\/politica-de-privacidad\/\"]}]},{\"@type\":\"BreadcrumbList\",\"@id\":\"https:\/\/www.mosagreen.it\/es\/politica-de-privacidad\/#breadcrumb\",\"itemListElement\":[{\"@type\":\"ListItem\",\"position\":1,\"name\":\"Home\",\"item\":\"https:\/\/www.mosagreen.it\/es\/\"},{\"@type\":\"ListItem\",\"position\":2,\"name\":\"Pol\u00edtica de privacidad\"}]},{\"@type\":\"WebSite\",\"@id\":\"https:\/\/www.mosagreen.it\/es\/#website\",\"url\":\"https:\/\/www.mosagreen.it\/es\/\",\"name\":\"MosaGreen\",\"description\":\"Macchine per OrtoFloro Vivaismo\",\"publisher\":{\"@id\":\"https:\/\/www.mosagreen.it\/es\/#organization\"},\"potentialAction\":[{\"@type\":\"SearchAction\",\"target\":{\"@type\":\"EntryPoint\",\"urlTemplate\":\"https:\/\/www.mosagreen.it\/es\/?s={search_term_string}\"},\"query-input\":{\"@type\":\"PropertyValueSpecification\",\"valueRequired\":true,\"valueName\":\"search_term_string\"}}],\"inLanguage\":\"es\"},{\"@type\":\"Organization\",\"@id\":\"https:\/\/www.mosagreen.it\/es\/#organization\",\"name\":\"MosaGreen\",\"url\":\"https:\/\/www.mosagreen.it\/es\/\",\"logo\":{\"@type\":\"ImageObject\",\"inLanguage\":\"es\",\"@id\":\"https:\/\/www.mosagreen.it\/es\/#\/schema\/logo\/image\/\",\"url\":\"https:\/\/www.mosagreen.it\/wp-content\/uploads\/2025\/04\/logo-1.png\",\"contentUrl\":\"https:\/\/www.mosagreen.it\/wp-content\/uploads\/2025\/04\/logo-1.png\",\"width\":367,\"height\":476,\"caption\":\"MosaGreen\"},\"image\":{\"@id\":\"https:\/\/www.mosagreen.it\/es\/#\/schema\/logo\/image\/\"}}]}<\/script>\n<!-- \/ Yoast SEO plugin. -->","yoast_head_json":{"title":"Pol\u00edtica de privacidad - MosaGreen","robots":{"index":"index","follow":"follow","max-snippet":"max-snippet:-1","max-image-preview":"max-image-preview:large","max-video-preview":"max-video-preview:-1"},"canonical":"https:\/\/www.mosagreen.it\/es\/politica-de-privacidad\/","og_locale":"es_ES","og_type":"article","og_title":"Pol\u00edtica de privacidad - MosaGreen","og_description":"POL\u00cdTICA DE PRIVACIDAD Esta informaci\u00f3n general est\u00e1 provista de acuerdo a lo establecido por el Reglamento General de Protecci\u00f3n de Datos, Reglamento (UE) 2016\/679 a todos los que visitan nuestro sitio www.mosagreen.it. Para la utilizaci\u00f3n de servicios espec\u00edficos por parte de los clientes\/visitantes, se proporcionar\u00e1 cada vez\u00a0 informaci\u00f3n especifica y, si es necesario, se solicitar\u00e1 [&hellip;]","og_url":"https:\/\/www.mosagreen.it\/es\/politica-de-privacidad\/","og_site_name":"MosaGreen","article_modified_time":"2025-11-25T09:38:20+00:00","twitter_card":"summary_large_image","twitter_misc":{"Tiempo de lectura":"3 minuto"},"schema":{"@context":"https:\/\/schema.org","@graph":[{"@type":"WebPage","@id":"https:\/\/www.mosagreen.it\/es\/politica-de-privacidad\/","url":"https:\/\/www.mosagreen.it\/es\/politica-de-privacidad\/","name":"Pol\u00edtica de privacidad - MosaGreen","isPartOf":{"@id":"https:\/\/www.mosagreen.it\/es\/#website"},"datePublished":"2025-04-22T14:35:09+00:00","dateModified":"2025-11-25T09:38:20+00:00","breadcrumb":{"@id":"https:\/\/www.mosagreen.it\/es\/politica-de-privacidad\/#breadcrumb"},"inLanguage":"es","potentialAction":[{"@type":"ReadAction","target":["https:\/\/www.mosagreen.it\/es\/politica-de-privacidad\/"]}]},{"@type":"BreadcrumbList","@id":"https:\/\/www.mosagreen.it\/es\/politica-de-privacidad\/#breadcrumb","itemListElement":[{"@type":"ListItem","position":1,"name":"Home","item":"https:\/\/www.mosagreen.it\/es\/"},{"@type":"ListItem","position":2,"name":"Pol\u00edtica de privacidad"}]},{"@type":"WebSite","@id":"https:\/\/www.mosagreen.it\/es\/#website","url":"https:\/\/www.mosagreen.it\/es\/","name":"MosaGreen","description":"Macchine per OrtoFloro Vivaismo","publisher":{"@id":"https:\/\/www.mosagreen.it\/es\/#organization"},"potentialAction":[{"@type":"SearchAction","target":{"@type":"EntryPoint","urlTemplate":"https:\/\/www.mosagreen.it\/es\/?s={search_term_string}"},"query-input":{"@type":"PropertyValueSpecification","valueRequired":true,"valueName":"search_term_string"}}],"inLanguage":"es"},{"@type":"Organization","@id":"https:\/\/www.mosagreen.it\/es\/#organization","name":"MosaGreen","url":"https:\/\/www.mosagreen.it\/es\/","logo":{"@type":"ImageObject","inLanguage":"es","@id":"https:\/\/www.mosagreen.it\/es\/#\/schema\/logo\/image\/","url":"https:\/\/www.mosagreen.it\/wp-content\/uploads\/2025\/04\/logo-1.png","contentUrl":"https:\/\/www.mosagreen.it\/wp-content\/uploads\/2025\/04\/logo-1.png","width":367,"height":476,"caption":"MosaGreen"},"image":{"@id":"https:\/\/www.mosagreen.it\/es\/#\/schema\/logo\/image\/"}}]}},"_links":{"self":[{"href":"https:\/\/www.mosagreen.it\/es\/wp-json\/wp\/v2\/pages\/8763","targetHints":{"allow":["GET"]}}],"collection":[{"href":"https:\/\/www.mosagreen.it\/es\/wp-json\/wp\/v2\/pages"}],"about":[{"href":"https:\/\/www.mosagreen.it\/es\/wp-json\/wp\/v2\/types\/page"}],"author":[{"embeddable":true,"href":"https:\/\/www.mosagreen.it\/es\/wp-json\/wp\/v2\/users\/1"}],"replies":[{"embeddable":true,"href":"https:\/\/www.mosagreen.it\/es\/wp-json\/wp\/v2\/comments?post=8763"}],"version-history":[{"count":14,"href":"https:\/\/www.mosagreen.it\/es\/wp-json\/wp\/v2\/pages\/8763\/revisions"}],"predecessor-version":[{"id":9215,"href":"https:\/\/www.mosagreen.it\/es\/wp-json\/wp\/v2\/pages\/8763\/revisions\/9215"}],"wp:attachment":[{"href":"https:\/\/www.mosagreen.it\/es\/wp-json\/wp\/v2\/media?parent=8763"}],"curies":[{"name":"wp","href":"https:\/\/api.w.org\/{rel}","templated":true}]}}