{"id":4673,"date":"2025-05-29T10:21:07","date_gmt":"2025-05-29T08:21:07","guid":{"rendered":"https:\/\/www.mosagreen.it\/azienda\/"},"modified":"2025-08-07T09:56:04","modified_gmt":"2025-08-07T07:56:04","slug":"empresa-quines-somos","status":"publish","type":"page","link":"https:\/\/www.mosagreen.it\/es\/empresa-quines-somos\/","title":{"rendered":"EMPRESA\/ QUINES SOMOS"},"content":{"rendered":"\t\t<div data-elementor-type=\"wp-page\" data-elementor-id=\"4673\" class=\"elementor elementor-4673 elementor-3081\" data-elementor-post-type=\"page\">\n\t\t\t\t<div class=\"elementor-element elementor-element-d03bc27 e-con-full e-flex e-con e-parent\" data-id=\"d03bc27\" data-element_type=\"container\">\n\t\t\t\t<div class=\"elementor-element elementor-element-05af21d elementor-widget elementor-widget-image\" data-id=\"05af21d\" data-element_type=\"widget\" data-widget_type=\"image.default\">\n\t\t\t\t<div class=\"elementor-widget-container\">\n\t\t\t\t\t\t\t\t\t\t\t\t\t\t\t<img fetchpriority=\"high\" decoding=\"async\" width=\"800\" height=\"291\" src=\"https:\/\/www.mosagreen.it\/wp-content\/uploads\/2025\/07\/TESTATA-Azienda_ok-1024x373.jpg\" class=\"attachment-large size-large wp-image-4602\" alt=\"\" srcset=\"https:\/\/www.mosagreen.it\/wp-content\/uploads\/2025\/07\/TESTATA-Azienda_ok-1024x373.jpg 1024w, https:\/\/www.mosagreen.it\/wp-content\/uploads\/2025\/07\/TESTATA-Azienda_ok-300x109.jpg 300w, https:\/\/www.mosagreen.it\/wp-content\/uploads\/2025\/07\/TESTATA-Azienda_ok-768x280.jpg 768w, https:\/\/www.mosagreen.it\/wp-content\/uploads\/2025\/07\/TESTATA-Azienda_ok-1536x560.jpg 1536w, https:\/\/www.mosagreen.it\/wp-content\/uploads\/2025\/07\/TESTATA-Azienda_ok.jpg 1920w\" sizes=\"(max-width: 800px) 100vw, 800px\" \/>\t\t\t\t\t\t\t\t\t\t\t\t\t\t\t<\/div>\n\t\t\t\t<\/div>\n\t\t\t\t<\/div>\n\t\t<div class=\"elementor-element elementor-element-7cec5ea e-flex e-con-boxed e-con e-parent\" data-id=\"7cec5ea\" data-element_type=\"container\">\n\t\t\t\t\t<div class=\"e-con-inner\">\n\t\t\t\t<div class=\"elementor-element elementor-element-5395d86 elementor-widget elementor-widget-text-editor\" data-id=\"5395d86\" data-element_type=\"widget\" data-widget_type=\"text-editor.default\">\n\t\t\t\t<div class=\"elementor-widget-container\">\n\t\t\t\t\t\t\t\t\t<p>Desde 1968 Mosa est\u00e1 presente en los sectores industriales de moldes, moldeado y maquinaria agr\u00edcola. La actividad inicial de corte y plegado de chapa evolucion\u00f3 pronto hacia el moldeado de piezas met\u00e1licas y, luego, hacia el dise\u00f1o y la realizaci\u00f3n de moldes de alta tecnolog\u00eda. Gracias a los conocimientos t\u00e9cnicos adquiridos, a principios de los a\u00f1os 80, Mosa centr\u00f3 su atenci\u00f3n tambi\u00e9n en el sector hort\u00edcola, con el objetivo de desarrollar m\u00e1quinas de alta calidad, sencillas de usar y altamente profesionales. As\u00ed nacieron las revolucionarias trasplantadoras de campo TO45 y las sembradoras de precisi\u00f3n en bandejas TO40M. En 2011 Mosa cre\u00f3 Mosa Green, dedicada por completo al desarrollo de maquinaria para el sector hort\u00edcola. \u2028Hoy en d\u00eda, Mosa Green ofrece una gama completa de sistemas para viveros totalmente producida en Italia, que permite satisfacer las m\u00e1s varias exigencias de los clientes, gracias a su modularidad y versatilidad.\u2028La facilidad de uso, el mantenimiento limitado, fiabilidad y durabilidad en el tiempo son las caracter\u00edsticas que han permitido a la gama Mosa Green ganarse la confianza de los clientes <a href=\"\/es\/red-comercial\/\"><strong>internacionales<\/strong><\/a> m\u00e1s exigentes.<\/p>\t\t\t\t\t\t\t\t<\/div>\n\t\t\t\t<\/div>\n\t\t\t\t<div class=\"elementor-element elementor-element-1e63367 elementor-hidden-desktop elementor-hidden-tablet elementor-hidden-mobile elementor-widget elementor-widget-heading\" data-id=\"1e63367\" data-element_type=\"widget\" data-widget_type=\"heading.default\">\n\t\t\t\t<div class=\"elementor-widget-container\">\n\t\t\t\t\t<h2 class=\"elementor-heading-title elementor-size-default\">MOSA dal 1968<\/h2>\t\t\t\t<\/div>\n\t\t\t\t<\/div>\n\t\t\t\t<div class=\"elementor-element elementor-element-59259d6 elementor-hidden-desktop elementor-hidden-tablet elementor-hidden-mobile elementor-widget elementor-widget-text-editor\" data-id=\"59259d6\" data-element_type=\"widget\" data-widget_type=\"text-editor.default\">\n\t\t\t\t<div class=\"elementor-widget-container\">\n\t\t\t\t\t\t\t\t\t<p>Il <strong>Gruppo Mosa<\/strong> da oltre 40 anni rivolge l\u2019attivit\u00e0 produttiva all\u2019interscambio di esperienze tecniche e di marketing tra i settori industriali di competenza: \u201c<strong>Stampi<\/strong>\u201c, \u201c<strong>Stampaggio<\/strong>\u201d e \u201c<strong>Macchine per l\u2019Agricoltura<\/strong>\u201c.<\/p>\t\t\t\t\t\t\t\t<\/div>\n\t\t\t\t<\/div>\n\t\t\t\t\t<\/div>\n\t\t\t\t<\/div>\n\t\t<div class=\"elementor-element elementor-element-15801a3 elementor-hidden-desktop elementor-hidden-tablet elementor-hidden-mobile e-flex e-con-boxed elementor-invisible e-con e-parent\" data-id=\"15801a3\" data-element_type=\"container\" data-settings=\"{&quot;animation&quot;:&quot;fadeInRight&quot;,&quot;animation_delay&quot;:300,&quot;background_background&quot;:&quot;classic&quot;}\">\n\t\t\t\t\t<div class=\"e-con-inner\">\n\t\t<div class=\"elementor-element elementor-element-814a39d e-con-full e-flex e-con e-child\" data-id=\"814a39d\" data-element_type=\"container\">\n\t\t<div class=\"elementor-element elementor-element-aac8ce7 e-con-full e-flex elementor-invisible e-con e-child\" data-id=\"aac8ce7\" data-element_type=\"container\" data-settings=\"{&quot;animation&quot;:&quot;fadeInRight&quot;,&quot;animation_delay&quot;:400}\">\n\t\t<div class=\"elementor-element elementor-element-1af3f26 e-con-full e-flex e-con e-child\" data-id=\"1af3f26\" data-element_type=\"container\">\n\t\t\t\t<div class=\"elementor-element elementor-element-d1dfacc elementor-widget elementor-widget-image\" data-id=\"d1dfacc\" data-element_type=\"widget\" data-widget_type=\"image.default\">\n\t\t\t\t<div class=\"elementor-widget-container\">\n\t\t\t\t\t\t\t\t\t\t\t\t\t\t\t<img decoding=\"async\" width=\"564\" height=\"474\" src=\"https:\/\/www.mosagreen.it\/wp-content\/uploads\/2025\/06\/img_01.jpg\" class=\"attachment-large size-large wp-image-3941\" alt=\"\" srcset=\"https:\/\/www.mosagreen.it\/wp-content\/uploads\/2025\/06\/img_01.jpg 564w, https:\/\/www.mosagreen.it\/wp-content\/uploads\/2025\/06\/img_01-300x252.jpg 300w\" sizes=\"(max-width: 564px) 100vw, 564px\" \/>\t\t\t\t\t\t\t\t\t\t\t\t\t\t\t<\/div>\n\t\t\t\t<\/div>\n\t\t\t\t<\/div>\n\t\t<div class=\"elementor-element elementor-element-9a33d6a e-con-full e-flex e-con e-child\" data-id=\"9a33d6a\" data-element_type=\"container\">\n\t\t\t\t<div class=\"elementor-element elementor-element-0d6ff5e elementor-widget elementor-widget-text-editor\" data-id=\"0d6ff5e\" data-element_type=\"widget\" data-widget_type=\"text-editor.default\">\n\t\t\t\t<div class=\"elementor-widget-container\">\n\t\t\t\t\t\t\t\t\t<div>\u00a0<\/div><div>Questo suo punto di forza ha permesso una costante <strong>ricerca tecnologica<\/strong> con l\u2019obiettivo di affinare la qualit\u00e0 di produzione e fornire un <strong>prodotto di facile impiego<\/strong> per l\u2019utilizzatore finale.<\/div><div>\u00a0<\/div><div>L\u2019attivit\u00e0 iniziale di \u201ctaglio e piegatura della lamiera\u201d si \u00e8 presto evoluta nello stampaggio di <strong>particolari in metallo<\/strong> e successivamente nella progettazione e realizzazione di stampi ad <strong>alto contenuto tecnologico<\/strong>.<\/div>\t\t\t\t\t\t\t\t<\/div>\n\t\t\t\t<\/div>\n\t\t\t\t<\/div>\n\t\t\t\t<\/div>\n\t\t\t\t<\/div>\n\t\t\t\t\t<\/div>\n\t\t\t\t<\/div>\n\t\t<div class=\"elementor-element elementor-element-08cbdee elementor-hidden-desktop elementor-hidden-tablet elementor-hidden-mobile e-flex e-con-boxed elementor-invisible e-con e-parent\" data-id=\"08cbdee\" data-element_type=\"container\" data-settings=\"{&quot;animation&quot;:&quot;fadeInRight&quot;,&quot;animation_delay&quot;:300}\">\n\t\t\t\t\t<div class=\"e-con-inner\">\n\t\t<div class=\"elementor-element elementor-element-319efe4 e-con-full e-flex e-con e-child\" data-id=\"319efe4\" data-element_type=\"container\">\n\t\t<div class=\"elementor-element elementor-element-1bb5244 e-con-full e-flex elementor-invisible e-con e-child\" data-id=\"1bb5244\" data-element_type=\"container\" data-settings=\"{&quot;animation&quot;:&quot;fadeInRight&quot;,&quot;animation_delay&quot;:400}\">\n\t\t<div class=\"elementor-element elementor-element-100a527 e-con-full e-flex e-con e-child\" data-id=\"100a527\" data-element_type=\"container\">\n\t\t\t\t<div class=\"elementor-element elementor-element-0875460 elementor-widget elementor-widget-text-editor\" data-id=\"0875460\" data-element_type=\"widget\" data-widget_type=\"text-editor.default\">\n\t\t\t\t<div class=\"elementor-widget-container\">\n\t\t\t\t\t\t\t\t\t<p>Nei primi anni \u201980 il <strong>grande know-how<\/strong> tecnico acquisito viene allargato al servizio dell\u2019OrtoFloroVivaismo, sviluppando macchine <strong>altamente professionali<\/strong>.<\/p><p>Sono nate cos\u00ec le rivoluzionarie trapiantatrici da campo aperto TO45 e le seminatrici di precisione in alveolo TO40M.<\/p>\t\t\t\t\t\t\t\t<\/div>\n\t\t\t\t<\/div>\n\t\t\t\t<\/div>\n\t\t<div class=\"elementor-element elementor-element-d6534b9 e-con-full e-flex e-con e-child\" data-id=\"d6534b9\" data-element_type=\"container\">\n\t\t\t\t<div class=\"elementor-element elementor-element-8ba602a elementor-widget elementor-widget-image\" data-id=\"8ba602a\" data-element_type=\"widget\" data-widget_type=\"image.default\">\n\t\t\t\t<div class=\"elementor-widget-container\">\n\t\t\t\t\t\t\t\t\t\t\t\t\t\t\t<img decoding=\"async\" width=\"564\" height=\"474\" src=\"https:\/\/www.mosagreen.it\/wp-content\/uploads\/2025\/06\/img_02.png\" class=\"attachment-large size-large wp-image-3963\" alt=\"\" srcset=\"https:\/\/www.mosagreen.it\/wp-content\/uploads\/2025\/06\/img_02.png 564w, https:\/\/www.mosagreen.it\/wp-content\/uploads\/2025\/06\/img_02-300x252.png 300w\" sizes=\"(max-width: 564px) 100vw, 564px\" \/>\t\t\t\t\t\t\t\t\t\t\t\t\t\t\t<\/div>\n\t\t\t\t<\/div>\n\t\t\t\t<\/div>\n\t\t\t\t<\/div>\n\t\t\t\t<\/div>\n\t\t\t\t\t<\/div>\n\t\t\t\t<\/div>\n\t\t<div class=\"elementor-element elementor-element-82ae1c0 elementor-hidden-desktop elementor-hidden-tablet elementor-hidden-mobile e-flex e-con-boxed elementor-invisible e-con e-parent\" data-id=\"82ae1c0\" data-element_type=\"container\" data-settings=\"{&quot;animation&quot;:&quot;fadeInRight&quot;,&quot;animation_delay&quot;:300}\">\n\t\t\t\t\t<div class=\"e-con-inner\">\n\t\t\t\t<div class=\"elementor-element elementor-element-8ca5a7b elementor-widget elementor-widget-text-editor\" data-id=\"8ca5a7b\" data-element_type=\"widget\" data-widget_type=\"text-editor.default\">\n\t\t\t\t<div class=\"elementor-widget-container\">\n\t\t\t\t\t\t\t\t\t<p>Oggi <strong>Mosa Green<\/strong> propone una gamma completa di sistemi per vivai, interamente Made in Italy, contraddistinta da <strong>macchine semplici<\/strong> ed <strong>esclusive<\/strong>.<\/p><p>Agevolarne l\u2019utilizzo, ridurre gli interventi di manutenzione, accrescere affidabilit\u00e0 e durata nel tempo, sono le caratteristiche che hanno conquistato la fiducia dei clienti pi\u00f9 esigenti a livello internazionale.<\/p>\t\t\t\t\t\t\t\t<\/div>\n\t\t\t\t<\/div>\n\t\t\t\t\t<\/div>\n\t\t\t\t<\/div>\n\t\t\t\t<\/div>\n\t\t","protected":false},"excerpt":{"rendered":"<p>Desde 1968 Mosa est\u00e1 presente en los sectores industriales de moldes, moldeado y maquinaria agr\u00edcola. La actividad inicial de corte y plegado de chapa evolucion\u00f3 pronto hacia el moldeado de piezas met\u00e1licas y, luego, hacia el dise\u00f1o y la realizaci\u00f3n de moldes de alta tecnolog\u00eda. Gracias a los conocimientos t\u00e9cnicos adquiridos, a principios de los [&hellip;]<\/p>\n","protected":false},"author":1,"featured_media":4602,"parent":0,"menu_order":-80,"comment_status":"closed","ping_status":"closed","template":"","meta":{"_acf_changed":false,"inline_featured_image":false,"footnotes":""},"class_list":["post-4673","page","type-page","status-publish","has-post-thumbnail","hentry"],"acf":[],"yoast_head":"<!-- This site is optimized with the Yoast SEO plugin v26.0 - https:\/\/yoast.com\/wordpress\/plugins\/seo\/ -->\n<title>EMPRESA\/ QUINES SOMOS - MosaGreen<\/title>\n<meta name=\"robots\" content=\"index, follow, max-snippet:-1, max-image-preview:large, max-video-preview:-1\" \/>\n<link rel=\"canonical\" href=\"https:\/\/www.mosagreen.it\/es\/empresa-quines-somos\/\" \/>\n<meta property=\"og:locale\" content=\"es_ES\" \/>\n<meta property=\"og:type\" content=\"article\" \/>\n<meta property=\"og:title\" content=\"EMPRESA\/ QUINES SOMOS - MosaGreen\" \/>\n<meta property=\"og:description\" content=\"Desde 1968 Mosa est\u00e1 presente en los sectores industriales de moldes, moldeado y maquinaria agr\u00edcola. La actividad inicial de corte y plegado de chapa evolucion\u00f3 pronto hacia el moldeado de piezas met\u00e1licas y, luego, hacia el dise\u00f1o y la realizaci\u00f3n de moldes de alta tecnolog\u00eda. Gracias a los conocimientos t\u00e9cnicos adquiridos, a principios de los [&hellip;]\" \/>\n<meta property=\"og:url\" content=\"https:\/\/www.mosagreen.it\/es\/empresa-quines-somos\/\" \/>\n<meta property=\"og:site_name\" content=\"MosaGreen\" \/>\n<meta property=\"article:modified_time\" content=\"2025-08-07T07:56:04+00:00\" \/>\n<meta property=\"og:image\" content=\"https:\/\/www.mosagreen.it\/wp-content\/uploads\/2025\/07\/TESTATA-Azienda_ok.jpg\" \/>\n\t<meta property=\"og:image:width\" content=\"1920\" \/>\n\t<meta property=\"og:image:height\" content=\"700\" \/>\n\t<meta property=\"og:image:type\" content=\"image\/jpeg\" \/>\n<meta name=\"twitter:card\" content=\"summary_large_image\" \/>\n<meta name=\"twitter:label1\" content=\"Tiempo de lectura\" \/>\n\t<meta name=\"twitter:data1\" content=\"3 minuto\" \/>\n<script type=\"application\/ld+json\" class=\"yoast-schema-graph\">{\"@context\":\"https:\/\/schema.org\",\"@graph\":[{\"@type\":\"WebPage\",\"@id\":\"https:\/\/www.mosagreen.it\/es\/empresa-quines-somos\/\",\"url\":\"https:\/\/www.mosagreen.it\/es\/empresa-quines-somos\/\",\"name\":\"EMPRESA\/ QUINES SOMOS - MosaGreen\",\"isPartOf\":{\"@id\":\"https:\/\/www.mosagreen.it\/es\/#website\"},\"primaryImageOfPage\":{\"@id\":\"https:\/\/www.mosagreen.it\/es\/empresa-quines-somos\/#primaryimage\"},\"image\":{\"@id\":\"https:\/\/www.mosagreen.it\/es\/empresa-quines-somos\/#primaryimage\"},\"thumbnailUrl\":\"https:\/\/www.mosagreen.it\/wp-content\/uploads\/2025\/07\/TESTATA-Azienda_ok.jpg\",\"datePublished\":\"2025-05-29T08:21:07+00:00\",\"dateModified\":\"2025-08-07T07:56:04+00:00\",\"breadcrumb\":{\"@id\":\"https:\/\/www.mosagreen.it\/es\/empresa-quines-somos\/#breadcrumb\"},\"inLanguage\":\"es\",\"potentialAction\":[{\"@type\":\"ReadAction\",\"target\":[\"https:\/\/www.mosagreen.it\/es\/empresa-quines-somos\/\"]}]},{\"@type\":\"ImageObject\",\"inLanguage\":\"es\",\"@id\":\"https:\/\/www.mosagreen.it\/es\/empresa-quines-somos\/#primaryimage\",\"url\":\"https:\/\/www.mosagreen.it\/wp-content\/uploads\/2025\/07\/TESTATA-Azienda_ok.jpg\",\"contentUrl\":\"https:\/\/www.mosagreen.it\/wp-content\/uploads\/2025\/07\/TESTATA-Azienda_ok.jpg\",\"width\":1920,\"height\":700},{\"@type\":\"BreadcrumbList\",\"@id\":\"https:\/\/www.mosagreen.it\/es\/empresa-quines-somos\/#breadcrumb\",\"itemListElement\":[{\"@type\":\"ListItem\",\"position\":1,\"name\":\"Home\",\"item\":\"https:\/\/www.mosagreen.it\/es\/\"},{\"@type\":\"ListItem\",\"position\":2,\"name\":\"EMPRESA\/ QUINES SOMOS\"}]},{\"@type\":\"WebSite\",\"@id\":\"https:\/\/www.mosagreen.it\/es\/#website\",\"url\":\"https:\/\/www.mosagreen.it\/es\/\",\"name\":\"MosaGreen\",\"description\":\"Macchine per OrtoFloro Vivaismo\",\"publisher\":{\"@id\":\"https:\/\/www.mosagreen.it\/es\/#organization\"},\"potentialAction\":[{\"@type\":\"SearchAction\",\"target\":{\"@type\":\"EntryPoint\",\"urlTemplate\":\"https:\/\/www.mosagreen.it\/es\/?s={search_term_string}\"},\"query-input\":{\"@type\":\"PropertyValueSpecification\",\"valueRequired\":true,\"valueName\":\"search_term_string\"}}],\"inLanguage\":\"es\"},{\"@type\":\"Organization\",\"@id\":\"https:\/\/www.mosagreen.it\/es\/#organization\",\"name\":\"MosaGreen\",\"url\":\"https:\/\/www.mosagreen.it\/es\/\",\"logo\":{\"@type\":\"ImageObject\",\"inLanguage\":\"es\",\"@id\":\"https:\/\/www.mosagreen.it\/es\/#\/schema\/logo\/image\/\",\"url\":\"https:\/\/www.mosagreen.it\/wp-content\/uploads\/2025\/04\/logo-1.png\",\"contentUrl\":\"https:\/\/www.mosagreen.it\/wp-content\/uploads\/2025\/04\/logo-1.png\",\"width\":367,\"height\":476,\"caption\":\"MosaGreen\"},\"image\":{\"@id\":\"https:\/\/www.mosagreen.it\/es\/#\/schema\/logo\/image\/\"}}]}<\/script>\n<!-- \/ Yoast SEO plugin. -->","yoast_head_json":{"title":"EMPRESA\/ QUINES SOMOS - MosaGreen","robots":{"index":"index","follow":"follow","max-snippet":"max-snippet:-1","max-image-preview":"max-image-preview:large","max-video-preview":"max-video-preview:-1"},"canonical":"https:\/\/www.mosagreen.it\/es\/empresa-quines-somos\/","og_locale":"es_ES","og_type":"article","og_title":"EMPRESA\/ QUINES SOMOS - MosaGreen","og_description":"Desde 1968 Mosa est\u00e1 presente en los sectores industriales de moldes, moldeado y maquinaria agr\u00edcola. La actividad inicial de corte y plegado de chapa evolucion\u00f3 pronto hacia el moldeado de piezas met\u00e1licas y, luego, hacia el dise\u00f1o y la realizaci\u00f3n de moldes de alta tecnolog\u00eda. Gracias a los conocimientos t\u00e9cnicos adquiridos, a principios de los [&hellip;]","og_url":"https:\/\/www.mosagreen.it\/es\/empresa-quines-somos\/","og_site_name":"MosaGreen","article_modified_time":"2025-08-07T07:56:04+00:00","og_image":[{"width":1920,"height":700,"url":"https:\/\/www.mosagreen.it\/wp-content\/uploads\/2025\/07\/TESTATA-Azienda_ok.jpg","type":"image\/jpeg"}],"twitter_card":"summary_large_image","twitter_misc":{"Tiempo de lectura":"3 minuto"},"schema":{"@context":"https:\/\/schema.org","@graph":[{"@type":"WebPage","@id":"https:\/\/www.mosagreen.it\/es\/empresa-quines-somos\/","url":"https:\/\/www.mosagreen.it\/es\/empresa-quines-somos\/","name":"EMPRESA\/ QUINES SOMOS - MosaGreen","isPartOf":{"@id":"https:\/\/www.mosagreen.it\/es\/#website"},"primaryImageOfPage":{"@id":"https:\/\/www.mosagreen.it\/es\/empresa-quines-somos\/#primaryimage"},"image":{"@id":"https:\/\/www.mosagreen.it\/es\/empresa-quines-somos\/#primaryimage"},"thumbnailUrl":"https:\/\/www.mosagreen.it\/wp-content\/uploads\/2025\/07\/TESTATA-Azienda_ok.jpg","datePublished":"2025-05-29T08:21:07+00:00","dateModified":"2025-08-07T07:56:04+00:00","breadcrumb":{"@id":"https:\/\/www.mosagreen.it\/es\/empresa-quines-somos\/#breadcrumb"},"inLanguage":"es","potentialAction":[{"@type":"ReadAction","target":["https:\/\/www.mosagreen.it\/es\/empresa-quines-somos\/"]}]},{"@type":"ImageObject","inLanguage":"es","@id":"https:\/\/www.mosagreen.it\/es\/empresa-quines-somos\/#primaryimage","url":"https:\/\/www.mosagreen.it\/wp-content\/uploads\/2025\/07\/TESTATA-Azienda_ok.jpg","contentUrl":"https:\/\/www.mosagreen.it\/wp-content\/uploads\/2025\/07\/TESTATA-Azienda_ok.jpg","width":1920,"height":700},{"@type":"BreadcrumbList","@id":"https:\/\/www.mosagreen.it\/es\/empresa-quines-somos\/#breadcrumb","itemListElement":[{"@type":"ListItem","position":1,"name":"Home","item":"https:\/\/www.mosagreen.it\/es\/"},{"@type":"ListItem","position":2,"name":"EMPRESA\/ QUINES SOMOS"}]},{"@type":"WebSite","@id":"https:\/\/www.mosagreen.it\/es\/#website","url":"https:\/\/www.mosagreen.it\/es\/","name":"MosaGreen","description":"Macchine per OrtoFloro Vivaismo","publisher":{"@id":"https:\/\/www.mosagreen.it\/es\/#organization"},"potentialAction":[{"@type":"SearchAction","target":{"@type":"EntryPoint","urlTemplate":"https:\/\/www.mosagreen.it\/es\/?s={search_term_string}"},"query-input":{"@type":"PropertyValueSpecification","valueRequired":true,"valueName":"search_term_string"}}],"inLanguage":"es"},{"@type":"Organization","@id":"https:\/\/www.mosagreen.it\/es\/#organization","name":"MosaGreen","url":"https:\/\/www.mosagreen.it\/es\/","logo":{"@type":"ImageObject","inLanguage":"es","@id":"https:\/\/www.mosagreen.it\/es\/#\/schema\/logo\/image\/","url":"https:\/\/www.mosagreen.it\/wp-content\/uploads\/2025\/04\/logo-1.png","contentUrl":"https:\/\/www.mosagreen.it\/wp-content\/uploads\/2025\/04\/logo-1.png","width":367,"height":476,"caption":"MosaGreen"},"image":{"@id":"https:\/\/www.mosagreen.it\/es\/#\/schema\/logo\/image\/"}}]}},"_links":{"self":[{"href":"https:\/\/www.mosagreen.it\/es\/wp-json\/wp\/v2\/pages\/4673","targetHints":{"allow":["GET"]}}],"collection":[{"href":"https:\/\/www.mosagreen.it\/es\/wp-json\/wp\/v2\/pages"}],"about":[{"href":"https:\/\/www.mosagreen.it\/es\/wp-json\/wp\/v2\/types\/page"}],"author":[{"embeddable":true,"href":"https:\/\/www.mosagreen.it\/es\/wp-json\/wp\/v2\/users\/1"}],"replies":[{"embeddable":true,"href":"https:\/\/www.mosagreen.it\/es\/wp-json\/wp\/v2\/comments?post=4673"}],"version-history":[{"count":10,"href":"https:\/\/www.mosagreen.it\/es\/wp-json\/wp\/v2\/pages\/4673\/revisions"}],"predecessor-version":[{"id":5690,"href":"https:\/\/www.mosagreen.it\/es\/wp-json\/wp\/v2\/pages\/4673\/revisions\/5690"}],"wp:featuredmedia":[{"embeddable":true,"href":"https:\/\/www.mosagreen.it\/es\/wp-json\/wp\/v2\/media\/4602"}],"wp:attachment":[{"href":"https:\/\/www.mosagreen.it\/es\/wp-json\/wp\/v2\/media?parent=4673"}],"curies":[{"name":"wp","href":"https:\/\/api.w.org\/{rel}","templated":true}]}}