{"id":7374,"date":"2025-05-06T17:56:26","date_gmt":"2025-05-06T15:56:26","guid":{"rendered":"https:\/\/www.mosagreen.it\/product\/seminatrici-to54r-to54rs\/"},"modified":"2025-08-19T11:36:26","modified_gmt":"2025-08-19T09:36:26","slug":"saemaschinen-to54r-to54rs","status":"publish","type":"product","link":"https:\/\/www.mosagreen.it\/de\/product\/saemaschinen-to54r-to54rs\/","title":{"rendered":"S\u00c4MASCHINEN TO54R\/TO54RS"},"content":{"rendered":"\t\t<div data-elementor-type=\"wp-post\" data-elementor-id=\"7374\" class=\"elementor elementor-7374 elementor-1989\" data-elementor-post-type=\"product\">\n\t\t\t\t<div class=\"elementor-element elementor-element-378fd29 e-con-full e-flex e-con e-parent\" data-id=\"378fd29\" data-element_type=\"container\">\n\t\t\t\t<div class=\"elementor-element elementor-element-0355374 elementor-widget elementor-widget-template\" data-id=\"0355374\" data-element_type=\"widget\" data-widget_type=\"template.default\">\n\t\t\t\t<div class=\"elementor-widget-container\">\n\t\t\t\t\t\t\t<div class=\"elementor-template\">\n\t\t\t\t\t<div data-elementor-type=\"container\" data-elementor-id=\"1297\" class=\"elementor elementor-1297\" data-elementor-post-type=\"elementor_library\">\n\t\t\t\t<div class=\"elementor-element elementor-element-3a437e53 e-con-full e-flex e-con e-parent\" data-id=\"3a437e53\" data-element_type=\"container\">\n\t\t\t\t<div class=\"elementor-element elementor-element-4b7fb27 elementor-widget elementor-widget-image\" data-id=\"4b7fb27\" data-element_type=\"widget\" data-widget_type=\"image.default\">\n\t\t\t\t<div class=\"elementor-widget-container\">\n\t\t\t\t\t\t\t\t\t\t\t\t\t\t\t<img decoding=\"async\" src=\"https:\/\/www.mosagreen.it\/wp-content\/uploads\/elementor\/thumbs\/semina-scaled-r5g7waswuvst184okpie17k55ss3il6fvc515yv0ka.png\" title=\"semina\" alt=\"semina\" loading=\"lazy\" \/>\t\t\t\t\t\t\t\t\t\t\t\t\t\t\t<\/div>\n\t\t\t\t<\/div>\n\t\t\t\t<\/div>\n\t\t\t\t<\/div>\n\t\t\t\t<\/div>\n\t\t\t\t\t\t<\/div>\n\t\t\t\t<\/div>\n\t\t\t\t<\/div>\n\t\t<div class=\"elementor-element elementor-element-038544e e-flex e-con-boxed e-con e-parent\" data-id=\"038544e\" data-element_type=\"container\">\n\t\t\t\t\t<div class=\"e-con-inner\">\n\t\t<div class=\"elementor-element elementor-element-8b4969f e-con-full e-flex e-con e-child\" data-id=\"8b4969f\" data-element_type=\"container\">\n\t\t\t\t<div class=\"elementor-element elementor-element-45cb4f9 elementor-invisible elementor-widget elementor-widget-theme-post-featured-image elementor-widget-image\" data-id=\"45cb4f9\" data-element_type=\"widget\" data-settings=\"{&quot;_animation&quot;:&quot;fadeInLeft&quot;,&quot;_animation_delay&quot;:300}\" data-widget_type=\"theme-post-featured-image.default\">\n\t\t\t\t<div class=\"elementor-widget-container\">\n\t\t\t\t\t\t\t\t\t\t\t\t\t\t\t<img fetchpriority=\"high\" decoding=\"async\" width=\"500\" height=\"316\" src=\"https:\/\/www.mosagreen.it\/wp-content\/uploads\/2025\/05\/TO54R-copy-1.png\" class=\"attachment-large size-large wp-image-5360\" alt=\"\" srcset=\"https:\/\/www.mosagreen.it\/wp-content\/uploads\/2025\/05\/TO54R-copy-1.png 500w, https:\/\/www.mosagreen.it\/wp-content\/uploads\/2025\/05\/TO54R-copy-1-300x190.png 300w\" sizes=\"(max-width: 500px) 100vw, 500px\" \/>\t\t\t\t\t\t\t\t\t\t\t\t\t\t\t<\/div>\n\t\t\t\t<\/div>\n\t\t\t\t<\/div>\n\t\t<div class=\"elementor-element elementor-element-98c4d6a e-con-full e-flex elementor-invisible e-con e-child\" data-id=\"98c4d6a\" data-element_type=\"container\" data-settings=\"{&quot;animation&quot;:&quot;fadeInRight&quot;,&quot;animation_delay&quot;:400}\">\n\t\t<div class=\"elementor-element elementor-element-3a9379c e-con-full e-flex e-con e-child\" data-id=\"3a9379c\" data-element_type=\"container\">\n\t\t\t\t<div class=\"elementor-element elementor-element-24b9190 elementor-widget elementor-widget-heading\" data-id=\"24b9190\" data-element_type=\"widget\" data-widget_type=\"heading.default\">\n\t\t\t\t<div class=\"elementor-widget-container\">\n\t\t\t\t\t<h2 class=\"elementor-heading-title elementor-size-default\">S\u00c4MASCHINEN<\/h2>\t\t\t\t<\/div>\n\t\t\t\t<\/div>\n\t\t\t\t<div class=\"elementor-element elementor-element-3787125 elementor-widget elementor-widget-heading\" data-id=\"3787125\" data-element_type=\"widget\" data-widget_type=\"heading.default\">\n\t\t\t\t<div class=\"elementor-widget-container\">\n\t\t\t\t\t<h2 class=\"elementor-heading-title elementor-size-default\">TO54R\/TO54RS<\/h2>\t\t\t\t<\/div>\n\t\t\t\t<\/div>\n\t\t\t\t<\/div>\n\t\t\t\t<div class=\"elementor-element elementor-element-bf80495 elementor-widget elementor-widget-text-editor\" data-id=\"bf80495\" data-element_type=\"widget\" data-widget_type=\"text-editor.default\">\n\t\t\t\t<div class=\"elementor-widget-container\">\n\t\t\t\t\t\t\t\t\tDie S\u00e4maschinen TO54R und TO54RS sind f\u00fcr mittlere Produktionsmengen konzipiert. Sie gew\u00e4hrleisten eine hohe S\u00e4pr\u00e4zision f\u00fcr alle Saatgutarten und Beh\u00e4ltertypen, auch solche mit einer gro\u00dfen Anzahl von Zellen. Die S\u00e4maschinen weisen die Hauptmerkmale der gr\u00f6\u00dferen Modelle auf, sind aber kompakter und k\u00f6nnen mit den F\u00fcllmaschinen der RME-Reihe kombiniert werden.\t\t\t\t\t\t\t\t<\/div>\n\t\t\t\t<\/div>\n\t\t\t\t<\/div>\n\t\t\t\t\t<\/div>\n\t\t\t\t<\/div>\n\t\t<div class=\"elementor-element elementor-element-7d08e31 e-flex e-con-boxed e-con e-parent\" data-id=\"7d08e31\" data-element_type=\"container\">\n\t\t\t\t\t<div class=\"e-con-inner\">\n\t\t<div class=\"elementor-element elementor-element-e5fd3ba e-con-full e-flex e-con e-child\" data-id=\"e5fd3ba\" data-element_type=\"container\" data-settings=\"{&quot;background_background&quot;:&quot;classic&quot;}\">\n\t\t<div class=\"elementor-element elementor-element-6ba15de e-con-full e-transform e-flex e-con e-child\" data-id=\"6ba15de\" data-element_type=\"container\" data-settings=\"{&quot;_transform_translateY_effect&quot;:{&quot;unit&quot;:&quot;%&quot;,&quot;size&quot;:40,&quot;sizes&quot;:[]},&quot;_transform_translateY_effect_tablet&quot;:{&quot;unit&quot;:&quot;%&quot;,&quot;size&quot;:&quot;&quot;,&quot;sizes&quot;:[]},&quot;_transform_translateY_effect_mobile&quot;:{&quot;unit&quot;:&quot;%&quot;,&quot;size&quot;:&quot;&quot;,&quot;sizes&quot;:[]},&quot;_transform_translateX_effect&quot;:{&quot;unit&quot;:&quot;px&quot;,&quot;size&quot;:&quot;&quot;,&quot;sizes&quot;:[]},&quot;_transform_translateX_effect_tablet&quot;:{&quot;unit&quot;:&quot;px&quot;,&quot;size&quot;:&quot;&quot;,&quot;sizes&quot;:[]},&quot;_transform_translateX_effect_mobile&quot;:{&quot;unit&quot;:&quot;px&quot;,&quot;size&quot;:&quot;&quot;,&quot;sizes&quot;:[]}}\">\n\t\t\t\t<\/div>\n\t\t<div class=\"elementor-element elementor-element-a6cc241 e-con-full e-flex e-con e-child\" data-id=\"a6cc241\" data-element_type=\"container\">\n\t\t<div class=\"elementor-element elementor-element-67ee6c0 e-con-full animated-slow vodu_blurb e-flex elementor-invisible e-con e-child\" data-id=\"67ee6c0\" data-element_type=\"container\" data-settings=\"{&quot;background_background&quot;:&quot;classic&quot;,&quot;animation&quot;:&quot;fadeIn&quot;,&quot;animation_delay&quot;:1000}\">\n\t\t\t\t<div class=\"elementor-element elementor-element-e35b164 elementor-widget elementor-widget-image\" data-id=\"e35b164\" data-element_type=\"widget\" data-widget_type=\"image.default\">\n\t\t\t\t<div class=\"elementor-widget-container\">\n\t\t\t\t\t\t\t\t\t\t\t\t\t\t\t<img decoding=\"async\" width=\"1\" height=\"1\" src=\"https:\/\/www.mosagreen.it\/wp-content\/uploads\/2025\/05\/Asset-55.svg\" class=\"attachment-large size-large wp-image-1397\" alt=\"\" \/>\t\t\t\t\t\t\t\t\t\t\t\t\t\t\t<\/div>\n\t\t\t\t<\/div>\n\t\t<div class=\"elementor-element elementor-element-e28122c e-con-full vodu_cont_title e-flex e-con e-child\" data-id=\"e28122c\" data-element_type=\"container\">\n\t\t\t\t<div class=\"elementor-element elementor-element-b820637 elementor-widget elementor-widget-heading\" data-id=\"b820637\" data-element_type=\"widget\" data-widget_type=\"heading.default\">\n\t\t\t\t<div class=\"elementor-widget-container\">\n\t\t\t\t\t<h2 class=\"elementor-heading-title elementor-size-default\">Pflanzlochformwalze<\/h2>\t\t\t\t<\/div>\n\t\t\t\t<\/div>\n\t\t\t\t<\/div>\n\t\t\t\t<\/div>\n\t\t<div class=\"elementor-element elementor-element-cbd1dd2 e-con-full animated-slow vodu_blurb e-flex elementor-invisible e-con e-child\" data-id=\"cbd1dd2\" data-element_type=\"container\" data-settings=\"{&quot;background_background&quot;:&quot;classic&quot;,&quot;animation&quot;:&quot;fadeIn&quot;,&quot;animation_delay&quot;:1500}\">\n\t\t\t\t<div class=\"elementor-element elementor-element-6e8bfc3 elementor-widget elementor-widget-image\" data-id=\"6e8bfc3\" data-element_type=\"widget\" data-widget_type=\"image.default\">\n\t\t\t\t<div class=\"elementor-widget-container\">\n\t\t\t\t\t\t\t\t\t\t\t\t\t\t\t<img decoding=\"async\" width=\"1\" height=\"1\" src=\"https:\/\/www.mosagreen.it\/wp-content\/uploads\/2025\/05\/Asset-52.svg\" class=\"attachment-large size-large wp-image-1973\" alt=\"\" \/>\t\t\t\t\t\t\t\t\t\t\t\t\t\t\t<\/div>\n\t\t\t\t<\/div>\n\t\t<div class=\"elementor-element elementor-element-416f6dc e-con-full vodu_cont_title e-flex e-con e-child\" data-id=\"416f6dc\" data-element_type=\"container\">\n\t\t\t\t<div class=\"elementor-element elementor-element-087b0a4 elementor-widget elementor-widget-heading\" data-id=\"087b0a4\" data-element_type=\"widget\" data-widget_type=\"heading.default\">\n\t\t\t\t<div class=\"elementor-widget-container\">\n\t\t\t\t\t<h2 class=\"elementor-heading-title elementor-size-default\">S\u00e4walze<\/h2>\t\t\t\t<\/div>\n\t\t\t\t<\/div>\n\t\t\t\t<\/div>\n\t\t\t\t<\/div>\n\t\t\t\t<\/div>\n\t\t\t\t<\/div>\n\t\t\t\t\t<\/div>\n\t\t\t\t<\/div>\n\t\t<div class=\"elementor-element elementor-element-3568212 e-flex e-con-boxed elementor-invisible e-con e-parent\" data-id=\"3568212\" data-element_type=\"container\" data-settings=\"{&quot;animation&quot;:&quot;fadeInUp&quot;,&quot;animation_delay&quot;:300}\">\n\t\t\t\t\t<div class=\"e-con-inner\">\n\t\t<div class=\"elementor-element elementor-element-16cca2e e-con-full e-flex e-con e-child\" data-id=\"16cca2e\" data-element_type=\"container\">\n\t\t<div class=\"elementor-element elementor-element-67feee8 e-con-full e-flex elementor-invisible e-con e-child\" data-id=\"67feee8\" data-element_type=\"container\" data-settings=\"{&quot;animation&quot;:&quot;fadeInRight&quot;,&quot;animation_delay&quot;:400}\">\n\t\t\t\t<div class=\"elementor-element elementor-element-6e15a43 elementor-widget__width-inherit elementor-widget elementor-widget-shortcode\" data-id=\"6e15a43\" data-element_type=\"widget\" data-widget_type=\"shortcode.default\">\n\t\t\t\t<div class=\"elementor-widget-container\">\n\t\t\t\t\t\t\t<div class=\"elementor-shortcode\"><h2 id=\"tablepress-198-name\" class=\"tablepress-table-name tablepress-table-name-id-198\">S\u00c4MASCHINEN TO54R\/TO54RS \u2013 Technische Daten<\/h2>\n\n<table id=\"tablepress-198\" class=\"tablepress tablepress-id-198\" aria-labelledby=\"tablepress-198-name\">\n<tbody class=\"row-striping\">\n<tr class=\"row-1\">\n\t<td class=\"column-1\">Produktionsleistung<\/td><td class=\"column-2\">600\/800<\/td><td class=\"column-3\">Beh\u00e4lter\/Stunde<\/td>\n<\/tr>\n<tr class=\"row-2\">\n\t<td class=\"column-1\">Beh\u00e4lterma\u00dfe<\/td><td class=\"column-2\">700x500x100<\/td><td class=\"column-3\">mm<\/td>\n<\/tr>\n<tr class=\"row-3\">\n\t<td class=\"column-1\">Installierte Leistung<\/td><td class=\"column-2\">4<\/td><td class=\"column-3\">kW<\/td>\n<\/tr>\n<tr class=\"row-4\">\n\t<td class=\"column-1\">Luftverbrauch<\/td><td class=\"column-2\">135<\/td><td class=\"column-3\">l\/min<\/td>\n<\/tr>\n<tr class=\"row-5\">\n\t<td class=\"column-1\">Gewicht<\/td><td class=\"column-2\">400<\/td><td class=\"column-3\">Kg<\/td>\n<\/tr>\n<tr class=\"row-6\">\n\t<td class=\"column-1\">Abmessungen<\/td><td class=\"column-2\">2200x1020<\/td><td class=\"column-3\">mm<\/td>\n<\/tr>\n<\/tbody>\n<\/table>\n<!-- #tablepress-198 from cache --><\/div>\n\t\t\t\t\t\t<\/div>\n\t\t\t\t<\/div>\n\t\t\t\t<\/div>\n\t\t\t\t<\/div>\n\t\t\t\t\t<\/div>\n\t\t\t\t<\/div>\n\t\t\t\t<\/div>\n\t\t","protected":false},"featured_media":5360,"template":"","meta":{"_acf_changed":false,"inline_featured_image":false},"product_category":[108,155],"class_list":["post-7374","product","type-product","status-publish","has-post-thumbnail","hentry","product_category-saeen","product_category-seminatrici-singole-de"],"acf":[],"yoast_head":"<!-- This site is optimized with the Yoast SEO plugin v26.0 - https:\/\/yoast.com\/wordpress\/plugins\/seo\/ -->\n<title>S\u00c4MASCHINEN TO54R\/TO54RS - MosaGreen<\/title>\n<meta name=\"robots\" content=\"index, follow, max-snippet:-1, max-image-preview:large, max-video-preview:-1\" \/>\n<link rel=\"canonical\" href=\"https:\/\/www.mosagreen.it\/de\/product\/saemaschinen-to54r-to54rs\/\" \/>\n<meta property=\"og:locale\" content=\"de_DE\" \/>\n<meta property=\"og:type\" content=\"article\" \/>\n<meta property=\"og:title\" content=\"S\u00c4MASCHINEN TO54R\/TO54RS - MosaGreen\" \/>\n<meta property=\"og:description\" content=\"Die S\u00e4maschinen TO54R und TO54RS sind f\u00fcr mittlere Produktionsmengen konzipiert. Sie gew\u00e4hrleisten eine hohe S\u00e4pr\u00e4zision f\u00fcr alle Saatgutarten und Beh\u00e4ltertypen, auch solche mit einer gro\u00dfen Anzahl von Zellen. Die S\u00e4maschinen weisen die Hauptmerkmale der gr\u00f6\u00dferen Modelle auf, sind aber kompakter und k\u00f6nnen mit den F\u00fcllmaschinen der RME-Reihe kombiniert werden. Pflanzlochformwalze S\u00e4walze\" \/>\n<meta property=\"og:url\" content=\"https:\/\/www.mosagreen.it\/de\/product\/saemaschinen-to54r-to54rs\/\" \/>\n<meta property=\"og:site_name\" content=\"MosaGreen\" \/>\n<meta property=\"article:modified_time\" content=\"2025-08-19T09:36:26+00:00\" \/>\n<meta property=\"og:image\" content=\"https:\/\/www.mosagreen.it\/wp-content\/uploads\/2025\/05\/TO54R-copy-1.png\" \/>\n\t<meta property=\"og:image:width\" content=\"500\" \/>\n\t<meta property=\"og:image:height\" content=\"316\" \/>\n\t<meta property=\"og:image:type\" content=\"image\/png\" \/>\n<meta name=\"twitter:card\" content=\"summary_large_image\" \/>\n<meta name=\"twitter:label1\" content=\"Gesch\u00e4tzte Lesezeit\" \/>\n\t<meta name=\"twitter:data1\" content=\"2\u00a0Minute\" \/>\n<script type=\"application\/ld+json\" class=\"yoast-schema-graph\">{\"@context\":\"https:\/\/schema.org\",\"@graph\":[{\"@type\":\"WebPage\",\"@id\":\"https:\/\/www.mosagreen.it\/de\/product\/saemaschinen-to54r-to54rs\/\",\"url\":\"https:\/\/www.mosagreen.it\/de\/product\/saemaschinen-to54r-to54rs\/\",\"name\":\"S\u00c4MASCHINEN TO54R\/TO54RS - MosaGreen\",\"isPartOf\":{\"@id\":\"https:\/\/www.mosagreen.it\/de\/#website\"},\"primaryImageOfPage\":{\"@id\":\"https:\/\/www.mosagreen.it\/de\/product\/saemaschinen-to54r-to54rs\/#primaryimage\"},\"image\":{\"@id\":\"https:\/\/www.mosagreen.it\/de\/product\/saemaschinen-to54r-to54rs\/#primaryimage\"},\"thumbnailUrl\":\"https:\/\/www.mosagreen.it\/wp-content\/uploads\/2025\/05\/TO54R-copy-1.png\",\"datePublished\":\"2025-05-06T15:56:26+00:00\",\"dateModified\":\"2025-08-19T09:36:26+00:00\",\"breadcrumb\":{\"@id\":\"https:\/\/www.mosagreen.it\/de\/product\/saemaschinen-to54r-to54rs\/#breadcrumb\"},\"inLanguage\":\"de\",\"potentialAction\":[{\"@type\":\"ReadAction\",\"target\":[\"https:\/\/www.mosagreen.it\/de\/product\/saemaschinen-to54r-to54rs\/\"]}]},{\"@type\":\"ImageObject\",\"inLanguage\":\"de\",\"@id\":\"https:\/\/www.mosagreen.it\/de\/product\/saemaschinen-to54r-to54rs\/#primaryimage\",\"url\":\"https:\/\/www.mosagreen.it\/wp-content\/uploads\/2025\/05\/TO54R-copy-1.png\",\"contentUrl\":\"https:\/\/www.mosagreen.it\/wp-content\/uploads\/2025\/05\/TO54R-copy-1.png\",\"width\":500,\"height\":316},{\"@type\":\"BreadcrumbList\",\"@id\":\"https:\/\/www.mosagreen.it\/de\/product\/saemaschinen-to54r-to54rs\/#breadcrumb\",\"itemListElement\":[{\"@type\":\"ListItem\",\"position\":1,\"name\":\"Home\",\"item\":\"https:\/\/www.mosagreen.it\/de\/\"},{\"@type\":\"ListItem\",\"position\":2,\"name\":\"S\u00c4MASCHINEN TO54R\/TO54RS\"}]},{\"@type\":\"WebSite\",\"@id\":\"https:\/\/www.mosagreen.it\/de\/#website\",\"url\":\"https:\/\/www.mosagreen.it\/de\/\",\"name\":\"MosaGreen\",\"description\":\"Macchine per OrtoFloro Vivaismo\",\"publisher\":{\"@id\":\"https:\/\/www.mosagreen.it\/de\/#organization\"},\"potentialAction\":[{\"@type\":\"SearchAction\",\"target\":{\"@type\":\"EntryPoint\",\"urlTemplate\":\"https:\/\/www.mosagreen.it\/de\/?s={search_term_string}\"},\"query-input\":{\"@type\":\"PropertyValueSpecification\",\"valueRequired\":true,\"valueName\":\"search_term_string\"}}],\"inLanguage\":\"de\"},{\"@type\":\"Organization\",\"@id\":\"https:\/\/www.mosagreen.it\/de\/#organization\",\"name\":\"MosaGreen\",\"url\":\"https:\/\/www.mosagreen.it\/de\/\",\"logo\":{\"@type\":\"ImageObject\",\"inLanguage\":\"de\",\"@id\":\"https:\/\/www.mosagreen.it\/de\/#\/schema\/logo\/image\/\",\"url\":\"https:\/\/www.mosagreen.it\/wp-content\/uploads\/2025\/04\/logo-1.png\",\"contentUrl\":\"https:\/\/www.mosagreen.it\/wp-content\/uploads\/2025\/04\/logo-1.png\",\"width\":367,\"height\":476,\"caption\":\"MosaGreen\"},\"image\":{\"@id\":\"https:\/\/www.mosagreen.it\/de\/#\/schema\/logo\/image\/\"}}]}<\/script>\n<!-- \/ Yoast SEO plugin. -->","yoast_head_json":{"title":"S\u00c4MASCHINEN TO54R\/TO54RS - MosaGreen","robots":{"index":"index","follow":"follow","max-snippet":"max-snippet:-1","max-image-preview":"max-image-preview:large","max-video-preview":"max-video-preview:-1"},"canonical":"https:\/\/www.mosagreen.it\/de\/product\/saemaschinen-to54r-to54rs\/","og_locale":"de_DE","og_type":"article","og_title":"S\u00c4MASCHINEN TO54R\/TO54RS - MosaGreen","og_description":"Die S\u00e4maschinen TO54R und TO54RS sind f\u00fcr mittlere Produktionsmengen konzipiert. Sie gew\u00e4hrleisten eine hohe S\u00e4pr\u00e4zision f\u00fcr alle Saatgutarten und Beh\u00e4ltertypen, auch solche mit einer gro\u00dfen Anzahl von Zellen. Die S\u00e4maschinen weisen die Hauptmerkmale der gr\u00f6\u00dferen Modelle auf, sind aber kompakter und k\u00f6nnen mit den F\u00fcllmaschinen der RME-Reihe kombiniert werden. Pflanzlochformwalze S\u00e4walze","og_url":"https:\/\/www.mosagreen.it\/de\/product\/saemaschinen-to54r-to54rs\/","og_site_name":"MosaGreen","article_modified_time":"2025-08-19T09:36:26+00:00","og_image":[{"width":500,"height":316,"url":"https:\/\/www.mosagreen.it\/wp-content\/uploads\/2025\/05\/TO54R-copy-1.png","type":"image\/png"}],"twitter_card":"summary_large_image","twitter_misc":{"Gesch\u00e4tzte Lesezeit":"2\u00a0Minute"},"schema":{"@context":"https:\/\/schema.org","@graph":[{"@type":"WebPage","@id":"https:\/\/www.mosagreen.it\/de\/product\/saemaschinen-to54r-to54rs\/","url":"https:\/\/www.mosagreen.it\/de\/product\/saemaschinen-to54r-to54rs\/","name":"S\u00c4MASCHINEN TO54R\/TO54RS - MosaGreen","isPartOf":{"@id":"https:\/\/www.mosagreen.it\/de\/#website"},"primaryImageOfPage":{"@id":"https:\/\/www.mosagreen.it\/de\/product\/saemaschinen-to54r-to54rs\/#primaryimage"},"image":{"@id":"https:\/\/www.mosagreen.it\/de\/product\/saemaschinen-to54r-to54rs\/#primaryimage"},"thumbnailUrl":"https:\/\/www.mosagreen.it\/wp-content\/uploads\/2025\/05\/TO54R-copy-1.png","datePublished":"2025-05-06T15:56:26+00:00","dateModified":"2025-08-19T09:36:26+00:00","breadcrumb":{"@id":"https:\/\/www.mosagreen.it\/de\/product\/saemaschinen-to54r-to54rs\/#breadcrumb"},"inLanguage":"de","potentialAction":[{"@type":"ReadAction","target":["https:\/\/www.mosagreen.it\/de\/product\/saemaschinen-to54r-to54rs\/"]}]},{"@type":"ImageObject","inLanguage":"de","@id":"https:\/\/www.mosagreen.it\/de\/product\/saemaschinen-to54r-to54rs\/#primaryimage","url":"https:\/\/www.mosagreen.it\/wp-content\/uploads\/2025\/05\/TO54R-copy-1.png","contentUrl":"https:\/\/www.mosagreen.it\/wp-content\/uploads\/2025\/05\/TO54R-copy-1.png","width":500,"height":316},{"@type":"BreadcrumbList","@id":"https:\/\/www.mosagreen.it\/de\/product\/saemaschinen-to54r-to54rs\/#breadcrumb","itemListElement":[{"@type":"ListItem","position":1,"name":"Home","item":"https:\/\/www.mosagreen.it\/de\/"},{"@type":"ListItem","position":2,"name":"S\u00c4MASCHINEN TO54R\/TO54RS"}]},{"@type":"WebSite","@id":"https:\/\/www.mosagreen.it\/de\/#website","url":"https:\/\/www.mosagreen.it\/de\/","name":"MosaGreen","description":"Macchine per OrtoFloro Vivaismo","publisher":{"@id":"https:\/\/www.mosagreen.it\/de\/#organization"},"potentialAction":[{"@type":"SearchAction","target":{"@type":"EntryPoint","urlTemplate":"https:\/\/www.mosagreen.it\/de\/?s={search_term_string}"},"query-input":{"@type":"PropertyValueSpecification","valueRequired":true,"valueName":"search_term_string"}}],"inLanguage":"de"},{"@type":"Organization","@id":"https:\/\/www.mosagreen.it\/de\/#organization","name":"MosaGreen","url":"https:\/\/www.mosagreen.it\/de\/","logo":{"@type":"ImageObject","inLanguage":"de","@id":"https:\/\/www.mosagreen.it\/de\/#\/schema\/logo\/image\/","url":"https:\/\/www.mosagreen.it\/wp-content\/uploads\/2025\/04\/logo-1.png","contentUrl":"https:\/\/www.mosagreen.it\/wp-content\/uploads\/2025\/04\/logo-1.png","width":367,"height":476,"caption":"MosaGreen"},"image":{"@id":"https:\/\/www.mosagreen.it\/de\/#\/schema\/logo\/image\/"}}]}},"_links":{"self":[{"href":"https:\/\/www.mosagreen.it\/de\/wp-json\/wp\/v2\/product\/7374","targetHints":{"allow":["GET"]}}],"collection":[{"href":"https:\/\/www.mosagreen.it\/de\/wp-json\/wp\/v2\/product"}],"about":[{"href":"https:\/\/www.mosagreen.it\/de\/wp-json\/wp\/v2\/types\/product"}],"version-history":[{"count":4,"href":"https:\/\/www.mosagreen.it\/de\/wp-json\/wp\/v2\/product\/7374\/revisions"}],"predecessor-version":[{"id":7378,"href":"https:\/\/www.mosagreen.it\/de\/wp-json\/wp\/v2\/product\/7374\/revisions\/7378"}],"wp:featuredmedia":[{"embeddable":true,"href":"https:\/\/www.mosagreen.it\/de\/wp-json\/wp\/v2\/media\/5360"}],"wp:attachment":[{"href":"https:\/\/www.mosagreen.it\/de\/wp-json\/wp\/v2\/media?parent=7374"}],"wp:term":[{"taxonomy":"product_category","embeddable":true,"href":"https:\/\/www.mosagreen.it\/de\/wp-json\/wp\/v2\/product_category?post=7374"}],"curies":[{"name":"wp","href":"https:\/\/api.w.org\/{rel}","templated":true}]}}