{"id":7339,"date":"2025-05-06T17:54:11","date_gmt":"2025-05-06T15:54:11","guid":{"rendered":"https:\/\/www.mosagreen.it\/product\/seminatrice-elettronica-s11s\/"},"modified":"2025-08-19T11:30:15","modified_gmt":"2025-08-19T09:30:15","slug":"elektronische-saemaschine-s11s","status":"publish","type":"product","link":"https:\/\/www.mosagreen.it\/de\/product\/elektronische-saemaschine-s11s\/","title":{"rendered":"ELEKTRONISCHE S\u00c4MASCHINE S11S"},"content":{"rendered":"\t\t<div data-elementor-type=\"wp-post\" data-elementor-id=\"7339\" class=\"elementor elementor-7339 elementor-1591\" data-elementor-post-type=\"product\">\n\t\t\t\t<div class=\"elementor-element elementor-element-34207a0 e-con-full e-flex e-con e-parent\" data-id=\"34207a0\" data-element_type=\"container\">\n\t\t\t\t<div class=\"elementor-element elementor-element-6ee33e6 elementor-widget elementor-widget-template\" data-id=\"6ee33e6\" data-element_type=\"widget\" data-widget_type=\"template.default\">\n\t\t\t\t<div class=\"elementor-widget-container\">\n\t\t\t\t\t\t\t<div class=\"elementor-template\">\n\t\t\t\t\t<div data-elementor-type=\"container\" data-elementor-id=\"1297\" class=\"elementor elementor-1297\" data-elementor-post-type=\"elementor_library\">\n\t\t\t\t<div class=\"elementor-element elementor-element-3a437e53 e-con-full e-flex e-con e-parent\" data-id=\"3a437e53\" data-element_type=\"container\">\n\t\t\t\t<div class=\"elementor-element elementor-element-4b7fb27 elementor-widget elementor-widget-image\" data-id=\"4b7fb27\" data-element_type=\"widget\" data-widget_type=\"image.default\">\n\t\t\t\t<div class=\"elementor-widget-container\">\n\t\t\t\t\t\t\t\t\t\t\t\t\t\t\t<img decoding=\"async\" src=\"https:\/\/www.mosagreen.it\/wp-content\/uploads\/elementor\/thumbs\/semina-scaled-r5g7waswuvst184okpie17k55ss3il6fvc515yv0ka.png\" title=\"semina\" alt=\"semina\" loading=\"lazy\" \/>\t\t\t\t\t\t\t\t\t\t\t\t\t\t\t<\/div>\n\t\t\t\t<\/div>\n\t\t\t\t<\/div>\n\t\t\t\t<\/div>\n\t\t\t\t<\/div>\n\t\t\t\t\t\t<\/div>\n\t\t\t\t<\/div>\n\t\t\t\t<\/div>\n\t\t<div class=\"elementor-element elementor-element-8bc2fcc e-flex e-con-boxed e-con e-parent\" data-id=\"8bc2fcc\" data-element_type=\"container\">\n\t\t\t\t\t<div class=\"e-con-inner\">\n\t\t<div class=\"elementor-element elementor-element-87eb491 e-con-full e-flex e-con e-child\" data-id=\"87eb491\" data-element_type=\"container\">\n\t\t\t\t<div class=\"elementor-element elementor-element-7e7926e elementor-invisible elementor-widget elementor-widget-theme-post-featured-image elementor-widget-image\" data-id=\"7e7926e\" data-element_type=\"widget\" data-settings=\"{&quot;_animation&quot;:&quot;fadeInLeft&quot;,&quot;_animation_delay&quot;:300}\" data-widget_type=\"theme-post-featured-image.default\">\n\t\t\t\t<div class=\"elementor-widget-container\">\n\t\t\t\t\t\t\t\t\t\t\t\t\t\t\t<img fetchpriority=\"high\" decoding=\"async\" width=\"648\" height=\"450\" src=\"https:\/\/www.mosagreen.it\/wp-content\/uploads\/2025\/05\/PG_forestry_04_-1030x618-1.png\" class=\"attachment-large size-large wp-image-5429\" alt=\"\" srcset=\"https:\/\/www.mosagreen.it\/wp-content\/uploads\/2025\/05\/PG_forestry_04_-1030x618-1.png 648w, https:\/\/www.mosagreen.it\/wp-content\/uploads\/2025\/05\/PG_forestry_04_-1030x618-1-300x208.png 300w\" sizes=\"(max-width: 648px) 100vw, 648px\" \/>\t\t\t\t\t\t\t\t\t\t\t\t\t\t\t<\/div>\n\t\t\t\t<\/div>\n\t\t\t\t<\/div>\n\t\t<div class=\"elementor-element elementor-element-1d9c03c e-con-full e-flex elementor-invisible e-con e-child\" data-id=\"1d9c03c\" data-element_type=\"container\" data-settings=\"{&quot;animation&quot;:&quot;fadeInRight&quot;,&quot;animation_delay&quot;:400}\">\n\t\t<div class=\"elementor-element elementor-element-eb0be71 e-con-full e-flex e-con e-child\" data-id=\"eb0be71\" data-element_type=\"container\">\n\t\t\t\t<div class=\"elementor-element elementor-element-dd356a5 elementor-widget elementor-widget-heading\" data-id=\"dd356a5\" data-element_type=\"widget\" data-widget_type=\"heading.default\">\n\t\t\t\t<div class=\"elementor-widget-container\">\n\t\t\t\t\t<h2 class=\"elementor-heading-title elementor-size-default\">ELEKTRONISCHE S\u00c4MASCHINE<\/h2>\t\t\t\t<\/div>\n\t\t\t\t<\/div>\n\t\t\t\t<div class=\"elementor-element elementor-element-6c4ba6b elementor-widget elementor-widget-heading\" data-id=\"6c4ba6b\" data-element_type=\"widget\" data-widget_type=\"heading.default\">\n\t\t\t\t<div class=\"elementor-widget-container\">\n\t\t\t\t\t<h2 class=\"elementor-heading-title elementor-size-default\">S11S<\/h2>\t\t\t\t<\/div>\n\t\t\t\t<\/div>\n\t\t\t\t<\/div>\n\t\t\t\t<div class=\"elementor-element elementor-element-95dd344 elementor-widget elementor-widget-text-editor\" data-id=\"95dd344\" data-element_type=\"widget\" data-widget_type=\"text-editor.default\">\n\t\t\t\t<div class=\"elementor-widget-container\">\n\t\t\t\t\t\t\t\t\tDie elektronische S\u00e4maschine S11S ist f\u00fcr mittlere bis kleine Produktionsmengen konzipiert. Dank ihrer motorisierten S\u00e4walze (\u00d8106 mm) ist sie besonders flexibel einsetzbar, da sie eine kontinuierliche Aussaat und auch eine Reihenaussaat erm\u00f6glicht. Die S\u00e4maschine ist mit einem Bandf\u00f6rderer, der eine hohe Leistung f\u00fcr alle Arten von Beh\u00e4ltern gew\u00e4hrleistet, sowie mit einer Elektroniksteuerung zur Einstellung und Anpassung des S\u00e4vorgangs.\t\t\t\t\t\t\t\t<\/div>\n\t\t\t\t<\/div>\n\t\t\t\t<\/div>\n\t\t\t\t\t<\/div>\n\t\t\t\t<\/div>\n\t\t<div class=\"elementor-element elementor-element-d26f9fd e-flex e-con-boxed e-con e-parent\" data-id=\"d26f9fd\" data-element_type=\"container\">\n\t\t\t\t\t<div class=\"e-con-inner\">\n\t\t<div class=\"elementor-element elementor-element-5100aa5 e-con-full e-flex e-con e-child\" data-id=\"5100aa5\" data-element_type=\"container\" data-settings=\"{&quot;background_background&quot;:&quot;classic&quot;}\">\n\t\t<div class=\"elementor-element elementor-element-9433562 e-con-full e-transform e-flex e-con e-child\" data-id=\"9433562\" data-element_type=\"container\" data-settings=\"{&quot;_transform_translateY_effect&quot;:{&quot;unit&quot;:&quot;%&quot;,&quot;size&quot;:40,&quot;sizes&quot;:[]},&quot;_transform_translateY_effect_tablet&quot;:{&quot;unit&quot;:&quot;%&quot;,&quot;size&quot;:&quot;&quot;,&quot;sizes&quot;:[]},&quot;_transform_translateY_effect_mobile&quot;:{&quot;unit&quot;:&quot;%&quot;,&quot;size&quot;:&quot;&quot;,&quot;sizes&quot;:[]},&quot;_transform_translateX_effect&quot;:{&quot;unit&quot;:&quot;px&quot;,&quot;size&quot;:&quot;&quot;,&quot;sizes&quot;:[]},&quot;_transform_translateX_effect_tablet&quot;:{&quot;unit&quot;:&quot;px&quot;,&quot;size&quot;:&quot;&quot;,&quot;sizes&quot;:[]},&quot;_transform_translateX_effect_mobile&quot;:{&quot;unit&quot;:&quot;px&quot;,&quot;size&quot;:&quot;&quot;,&quot;sizes&quot;:[]}}\">\n\t\t\t\t<\/div>\n\t\t<div class=\"elementor-element elementor-element-4195b12 e-con-full e-flex e-con e-child\" data-id=\"4195b12\" data-element_type=\"container\">\n\t\t<div class=\"elementor-element elementor-element-bc6c6d7 e-con-full animated-slow vodu_blurb e-flex elementor-invisible e-con e-child\" data-id=\"bc6c6d7\" data-element_type=\"container\" data-settings=\"{&quot;background_background&quot;:&quot;classic&quot;,&quot;animation&quot;:&quot;fadeIn&quot;,&quot;animation_delay&quot;:1000}\">\n\t\t\t\t<div class=\"elementor-element elementor-element-c1f39e7 elementor-widget elementor-widget-image\" data-id=\"c1f39e7\" data-element_type=\"widget\" data-widget_type=\"image.default\">\n\t\t\t\t<div class=\"elementor-widget-container\">\n\t\t\t\t\t\t\t\t\t\t\t\t\t\t\t<img decoding=\"async\" width=\"1\" height=\"1\" src=\"https:\/\/www.mosagreen.it\/wp-content\/uploads\/2025\/05\/Asset-42.svg\" class=\"attachment-large size-large wp-image-2012\" alt=\"\" \/>\t\t\t\t\t\t\t\t\t\t\t\t\t\t\t<\/div>\n\t\t\t\t<\/div>\n\t\t<div class=\"elementor-element elementor-element-5619d25 e-con-full vodu_cont_title e-flex e-con e-child\" data-id=\"5619d25\" data-element_type=\"container\">\n\t\t\t\t<div class=\"elementor-element elementor-element-09426d3 elementor-widget elementor-widget-heading\" data-id=\"09426d3\" data-element_type=\"widget\" data-widget_type=\"heading.default\">\n\t\t\t\t<div class=\"elementor-widget-container\">\n\t\t\t\t\t<h2 class=\"elementor-heading-title elementor-size-default\">Pflanzlochformplatte<\/h2>\t\t\t\t<\/div>\n\t\t\t\t<\/div>\n\t\t\t\t<\/div>\n\t\t\t\t<\/div>\n\t\t<div class=\"elementor-element elementor-element-fd94d94 e-con-full animated-slow vodu_blurb e-flex elementor-invisible e-con e-child\" data-id=\"fd94d94\" data-element_type=\"container\" data-settings=\"{&quot;background_background&quot;:&quot;classic&quot;,&quot;animation&quot;:&quot;fadeIn&quot;,&quot;animation_delay&quot;:1500}\">\n\t\t\t\t<div class=\"elementor-element elementor-element-562e3d4 elementor-widget elementor-widget-image\" data-id=\"562e3d4\" data-element_type=\"widget\" data-widget_type=\"image.default\">\n\t\t\t\t<div class=\"elementor-widget-container\">\n\t\t\t\t\t\t\t\t\t\t\t\t\t\t\t<img decoding=\"async\" width=\"1\" height=\"1\" src=\"https:\/\/www.mosagreen.it\/wp-content\/uploads\/2025\/05\/Asset-52.svg\" class=\"attachment-large size-large wp-image-1973\" alt=\"\" \/>\t\t\t\t\t\t\t\t\t\t\t\t\t\t\t<\/div>\n\t\t\t\t<\/div>\n\t\t<div class=\"elementor-element elementor-element-f88bfea e-con-full vodu_cont_title e-flex e-con e-child\" data-id=\"f88bfea\" data-element_type=\"container\">\n\t\t\t\t<div class=\"elementor-element elementor-element-eff7f48 elementor-widget elementor-widget-heading\" data-id=\"eff7f48\" data-element_type=\"widget\" data-widget_type=\"heading.default\">\n\t\t\t\t<div class=\"elementor-widget-container\">\n\t\t\t\t\t<h2 class=\"elementor-heading-title elementor-size-default\">S\u00e4walze<\/h2>\t\t\t\t<\/div>\n\t\t\t\t<\/div>\n\t\t\t\t<\/div>\n\t\t\t\t<\/div>\n\t\t\t\t<\/div>\n\t\t\t\t<\/div>\n\t\t\t\t\t<\/div>\n\t\t\t\t<\/div>\n\t\t<div class=\"elementor-element elementor-element-d7e095a e-flex e-con-boxed elementor-invisible e-con e-parent\" data-id=\"d7e095a\" data-element_type=\"container\" data-settings=\"{&quot;animation&quot;:&quot;fadeInUp&quot;,&quot;animation_delay&quot;:300}\">\n\t\t\t\t\t<div class=\"e-con-inner\">\n\t\t<div class=\"elementor-element elementor-element-f3812b4 e-con-full e-flex e-con e-child\" data-id=\"f3812b4\" data-element_type=\"container\">\n\t\t<div class=\"elementor-element elementor-element-fc3e0fb e-con-full e-flex elementor-invisible e-con e-child\" data-id=\"fc3e0fb\" data-element_type=\"container\" data-settings=\"{&quot;animation&quot;:&quot;fadeInRight&quot;,&quot;animation_delay&quot;:400}\">\n\t\t\t\t<div class=\"elementor-element elementor-element-dd0e39a elementor-widget__width-inherit elementor-widget elementor-widget-shortcode\" data-id=\"dd0e39a\" data-element_type=\"widget\" data-widget_type=\"shortcode.default\">\n\t\t\t\t<div class=\"elementor-widget-container\">\n\t\t\t\t\t\t\t<div class=\"elementor-shortcode\"><h2 id=\"tablepress-194-name\" class=\"tablepress-table-name tablepress-table-name-id-194\">ELEKTRONISCHE S\u00c4MASCHINE S11S \u2013 Technische Daten<\/h2>\n\n<table id=\"tablepress-194\" class=\"tablepress tablepress-id-194\" aria-labelledby=\"tablepress-194-name\">\n<tbody class=\"row-striping\">\n<tr class=\"row-1\">\n\t<td class=\"column-1\">Produktionsleistung<\/td><td class=\"column-2\">600\/800<\/td><td class=\"column-3\">Beh\u00e4lter\/Stunde<\/td>\n<\/tr>\n<tr class=\"row-2\">\n\t<td class=\"column-1\">Beh\u00e4lterma\u00dfe<\/td><td class=\"column-2\">700x500x160<\/td><td class=\"column-3\">mm<\/td>\n<\/tr>\n<tr class=\"row-3\">\n\t<td class=\"column-1\">Installierte Leistung<\/td><td class=\"column-2\">2<\/td><td class=\"column-3\">kW<\/td>\n<\/tr>\n<tr class=\"row-4\">\n\t<td class=\"column-1\">Luftverbrauch<\/td><td class=\"column-2\">135<\/td><td class=\"column-3\">l\/min<\/td>\n<\/tr>\n<tr class=\"row-5\">\n\t<td class=\"column-1\">Gewicht<\/td><td class=\"column-2\">380<\/td><td class=\"column-3\">Kg<\/td>\n<\/tr>\n<tr class=\"row-6\">\n\t<td class=\"column-1\">Abmessungen<\/td><td class=\"column-2\">2150x1150<\/td><td class=\"column-3\">mm<\/td>\n<\/tr>\n<\/tbody>\n<\/table>\n<!-- #tablepress-194 from cache --><\/div>\n\t\t\t\t\t\t<\/div>\n\t\t\t\t<\/div>\n\t\t\t\t<\/div>\n\t\t\t\t<\/div>\n\t\t\t\t\t<\/div>\n\t\t\t\t<\/div>\n\t\t\t\t<\/div>\n\t\t","protected":false},"featured_media":5429,"template":"","meta":{"_acf_changed":false,"inline_featured_image":false},"product_category":[108,155],"class_list":["post-7339","product","type-product","status-publish","has-post-thumbnail","hentry","product_category-saeen","product_category-seminatrici-singole-de"],"acf":[],"yoast_head":"<!-- This site is optimized with the Yoast SEO plugin v26.0 - https:\/\/yoast.com\/wordpress\/plugins\/seo\/ -->\n<title>ELEKTRONISCHE S\u00c4MASCHINE S11S - MosaGreen<\/title>\n<meta name=\"robots\" content=\"index, follow, max-snippet:-1, max-image-preview:large, max-video-preview:-1\" \/>\n<link rel=\"canonical\" href=\"https:\/\/www.mosagreen.it\/de\/product\/elektronische-saemaschine-s11s\/\" \/>\n<meta property=\"og:locale\" content=\"de_DE\" \/>\n<meta property=\"og:type\" content=\"article\" \/>\n<meta property=\"og:title\" content=\"ELEKTRONISCHE S\u00c4MASCHINE S11S - MosaGreen\" \/>\n<meta property=\"og:description\" content=\"Die elektronische S\u00e4maschine S11S ist f\u00fcr mittlere bis kleine Produktionsmengen konzipiert. Dank ihrer motorisierten S\u00e4walze (\u00d8106 mm) ist sie besonders flexibel einsetzbar, da sie eine kontinuierliche Aussaat und auch eine Reihenaussaat erm\u00f6glicht. Die S\u00e4maschine ist mit einem Bandf\u00f6rderer, der eine hohe Leistung f\u00fcr alle Arten von Beh\u00e4ltern gew\u00e4hrleistet, sowie mit einer Elektroniksteuerung zur Einstellung und [&hellip;]\" \/>\n<meta property=\"og:url\" content=\"https:\/\/www.mosagreen.it\/de\/product\/elektronische-saemaschine-s11s\/\" \/>\n<meta property=\"og:site_name\" content=\"MosaGreen\" \/>\n<meta property=\"article:modified_time\" content=\"2025-08-19T09:30:15+00:00\" \/>\n<meta property=\"og:image\" content=\"https:\/\/www.mosagreen.it\/wp-content\/uploads\/2025\/05\/PG_forestry_04_-1030x618-1.png\" \/>\n\t<meta property=\"og:image:width\" content=\"648\" \/>\n\t<meta property=\"og:image:height\" content=\"450\" \/>\n\t<meta property=\"og:image:type\" content=\"image\/png\" \/>\n<meta name=\"twitter:card\" content=\"summary_large_image\" \/>\n<meta name=\"twitter:label1\" content=\"Gesch\u00e4tzte Lesezeit\" \/>\n\t<meta name=\"twitter:data1\" content=\"2\u00a0Minute\" \/>\n<script type=\"application\/ld+json\" class=\"yoast-schema-graph\">{\"@context\":\"https:\/\/schema.org\",\"@graph\":[{\"@type\":\"WebPage\",\"@id\":\"https:\/\/www.mosagreen.it\/de\/product\/elektronische-saemaschine-s11s\/\",\"url\":\"https:\/\/www.mosagreen.it\/de\/product\/elektronische-saemaschine-s11s\/\",\"name\":\"ELEKTRONISCHE S\u00c4MASCHINE S11S - MosaGreen\",\"isPartOf\":{\"@id\":\"https:\/\/www.mosagreen.it\/de\/#website\"},\"primaryImageOfPage\":{\"@id\":\"https:\/\/www.mosagreen.it\/de\/product\/elektronische-saemaschine-s11s\/#primaryimage\"},\"image\":{\"@id\":\"https:\/\/www.mosagreen.it\/de\/product\/elektronische-saemaschine-s11s\/#primaryimage\"},\"thumbnailUrl\":\"https:\/\/www.mosagreen.it\/wp-content\/uploads\/2025\/05\/PG_forestry_04_-1030x618-1.png\",\"datePublished\":\"2025-05-06T15:54:11+00:00\",\"dateModified\":\"2025-08-19T09:30:15+00:00\",\"breadcrumb\":{\"@id\":\"https:\/\/www.mosagreen.it\/de\/product\/elektronische-saemaschine-s11s\/#breadcrumb\"},\"inLanguage\":\"de\",\"potentialAction\":[{\"@type\":\"ReadAction\",\"target\":[\"https:\/\/www.mosagreen.it\/de\/product\/elektronische-saemaschine-s11s\/\"]}]},{\"@type\":\"ImageObject\",\"inLanguage\":\"de\",\"@id\":\"https:\/\/www.mosagreen.it\/de\/product\/elektronische-saemaschine-s11s\/#primaryimage\",\"url\":\"https:\/\/www.mosagreen.it\/wp-content\/uploads\/2025\/05\/PG_forestry_04_-1030x618-1.png\",\"contentUrl\":\"https:\/\/www.mosagreen.it\/wp-content\/uploads\/2025\/05\/PG_forestry_04_-1030x618-1.png\",\"width\":648,\"height\":450},{\"@type\":\"BreadcrumbList\",\"@id\":\"https:\/\/www.mosagreen.it\/de\/product\/elektronische-saemaschine-s11s\/#breadcrumb\",\"itemListElement\":[{\"@type\":\"ListItem\",\"position\":1,\"name\":\"Home\",\"item\":\"https:\/\/www.mosagreen.it\/de\/\"},{\"@type\":\"ListItem\",\"position\":2,\"name\":\"ELEKTRONISCHE S\u00c4MASCHINE S11S\"}]},{\"@type\":\"WebSite\",\"@id\":\"https:\/\/www.mosagreen.it\/de\/#website\",\"url\":\"https:\/\/www.mosagreen.it\/de\/\",\"name\":\"MosaGreen\",\"description\":\"Macchine per OrtoFloro Vivaismo\",\"publisher\":{\"@id\":\"https:\/\/www.mosagreen.it\/de\/#organization\"},\"potentialAction\":[{\"@type\":\"SearchAction\",\"target\":{\"@type\":\"EntryPoint\",\"urlTemplate\":\"https:\/\/www.mosagreen.it\/de\/?s={search_term_string}\"},\"query-input\":{\"@type\":\"PropertyValueSpecification\",\"valueRequired\":true,\"valueName\":\"search_term_string\"}}],\"inLanguage\":\"de\"},{\"@type\":\"Organization\",\"@id\":\"https:\/\/www.mosagreen.it\/de\/#organization\",\"name\":\"MosaGreen\",\"url\":\"https:\/\/www.mosagreen.it\/de\/\",\"logo\":{\"@type\":\"ImageObject\",\"inLanguage\":\"de\",\"@id\":\"https:\/\/www.mosagreen.it\/de\/#\/schema\/logo\/image\/\",\"url\":\"https:\/\/www.mosagreen.it\/wp-content\/uploads\/2025\/04\/logo-1.png\",\"contentUrl\":\"https:\/\/www.mosagreen.it\/wp-content\/uploads\/2025\/04\/logo-1.png\",\"width\":367,\"height\":476,\"caption\":\"MosaGreen\"},\"image\":{\"@id\":\"https:\/\/www.mosagreen.it\/de\/#\/schema\/logo\/image\/\"}}]}<\/script>\n<!-- \/ Yoast SEO plugin. -->","yoast_head_json":{"title":"ELEKTRONISCHE S\u00c4MASCHINE S11S - MosaGreen","robots":{"index":"index","follow":"follow","max-snippet":"max-snippet:-1","max-image-preview":"max-image-preview:large","max-video-preview":"max-video-preview:-1"},"canonical":"https:\/\/www.mosagreen.it\/de\/product\/elektronische-saemaschine-s11s\/","og_locale":"de_DE","og_type":"article","og_title":"ELEKTRONISCHE S\u00c4MASCHINE S11S - MosaGreen","og_description":"Die elektronische S\u00e4maschine S11S ist f\u00fcr mittlere bis kleine Produktionsmengen konzipiert. Dank ihrer motorisierten S\u00e4walze (\u00d8106 mm) ist sie besonders flexibel einsetzbar, da sie eine kontinuierliche Aussaat und auch eine Reihenaussaat erm\u00f6glicht. Die S\u00e4maschine ist mit einem Bandf\u00f6rderer, der eine hohe Leistung f\u00fcr alle Arten von Beh\u00e4ltern gew\u00e4hrleistet, sowie mit einer Elektroniksteuerung zur Einstellung und [&hellip;]","og_url":"https:\/\/www.mosagreen.it\/de\/product\/elektronische-saemaschine-s11s\/","og_site_name":"MosaGreen","article_modified_time":"2025-08-19T09:30:15+00:00","og_image":[{"width":648,"height":450,"url":"https:\/\/www.mosagreen.it\/wp-content\/uploads\/2025\/05\/PG_forestry_04_-1030x618-1.png","type":"image\/png"}],"twitter_card":"summary_large_image","twitter_misc":{"Gesch\u00e4tzte Lesezeit":"2\u00a0Minute"},"schema":{"@context":"https:\/\/schema.org","@graph":[{"@type":"WebPage","@id":"https:\/\/www.mosagreen.it\/de\/product\/elektronische-saemaschine-s11s\/","url":"https:\/\/www.mosagreen.it\/de\/product\/elektronische-saemaschine-s11s\/","name":"ELEKTRONISCHE S\u00c4MASCHINE S11S - MosaGreen","isPartOf":{"@id":"https:\/\/www.mosagreen.it\/de\/#website"},"primaryImageOfPage":{"@id":"https:\/\/www.mosagreen.it\/de\/product\/elektronische-saemaschine-s11s\/#primaryimage"},"image":{"@id":"https:\/\/www.mosagreen.it\/de\/product\/elektronische-saemaschine-s11s\/#primaryimage"},"thumbnailUrl":"https:\/\/www.mosagreen.it\/wp-content\/uploads\/2025\/05\/PG_forestry_04_-1030x618-1.png","datePublished":"2025-05-06T15:54:11+00:00","dateModified":"2025-08-19T09:30:15+00:00","breadcrumb":{"@id":"https:\/\/www.mosagreen.it\/de\/product\/elektronische-saemaschine-s11s\/#breadcrumb"},"inLanguage":"de","potentialAction":[{"@type":"ReadAction","target":["https:\/\/www.mosagreen.it\/de\/product\/elektronische-saemaschine-s11s\/"]}]},{"@type":"ImageObject","inLanguage":"de","@id":"https:\/\/www.mosagreen.it\/de\/product\/elektronische-saemaschine-s11s\/#primaryimage","url":"https:\/\/www.mosagreen.it\/wp-content\/uploads\/2025\/05\/PG_forestry_04_-1030x618-1.png","contentUrl":"https:\/\/www.mosagreen.it\/wp-content\/uploads\/2025\/05\/PG_forestry_04_-1030x618-1.png","width":648,"height":450},{"@type":"BreadcrumbList","@id":"https:\/\/www.mosagreen.it\/de\/product\/elektronische-saemaschine-s11s\/#breadcrumb","itemListElement":[{"@type":"ListItem","position":1,"name":"Home","item":"https:\/\/www.mosagreen.it\/de\/"},{"@type":"ListItem","position":2,"name":"ELEKTRONISCHE S\u00c4MASCHINE S11S"}]},{"@type":"WebSite","@id":"https:\/\/www.mosagreen.it\/de\/#website","url":"https:\/\/www.mosagreen.it\/de\/","name":"MosaGreen","description":"Macchine per OrtoFloro Vivaismo","publisher":{"@id":"https:\/\/www.mosagreen.it\/de\/#organization"},"potentialAction":[{"@type":"SearchAction","target":{"@type":"EntryPoint","urlTemplate":"https:\/\/www.mosagreen.it\/de\/?s={search_term_string}"},"query-input":{"@type":"PropertyValueSpecification","valueRequired":true,"valueName":"search_term_string"}}],"inLanguage":"de"},{"@type":"Organization","@id":"https:\/\/www.mosagreen.it\/de\/#organization","name":"MosaGreen","url":"https:\/\/www.mosagreen.it\/de\/","logo":{"@type":"ImageObject","inLanguage":"de","@id":"https:\/\/www.mosagreen.it\/de\/#\/schema\/logo\/image\/","url":"https:\/\/www.mosagreen.it\/wp-content\/uploads\/2025\/04\/logo-1.png","contentUrl":"https:\/\/www.mosagreen.it\/wp-content\/uploads\/2025\/04\/logo-1.png","width":367,"height":476,"caption":"MosaGreen"},"image":{"@id":"https:\/\/www.mosagreen.it\/de\/#\/schema\/logo\/image\/"}}]}},"_links":{"self":[{"href":"https:\/\/www.mosagreen.it\/de\/wp-json\/wp\/v2\/product\/7339","targetHints":{"allow":["GET"]}}],"collection":[{"href":"https:\/\/www.mosagreen.it\/de\/wp-json\/wp\/v2\/product"}],"about":[{"href":"https:\/\/www.mosagreen.it\/de\/wp-json\/wp\/v2\/types\/product"}],"version-history":[{"count":4,"href":"https:\/\/www.mosagreen.it\/de\/wp-json\/wp\/v2\/product\/7339\/revisions"}],"predecessor-version":[{"id":7343,"href":"https:\/\/www.mosagreen.it\/de\/wp-json\/wp\/v2\/product\/7339\/revisions\/7343"}],"wp:featuredmedia":[{"embeddable":true,"href":"https:\/\/www.mosagreen.it\/de\/wp-json\/wp\/v2\/media\/5429"}],"wp:attachment":[{"href":"https:\/\/www.mosagreen.it\/de\/wp-json\/wp\/v2\/media?parent=7339"}],"wp:term":[{"taxonomy":"product_category","embeddable":true,"href":"https:\/\/www.mosagreen.it\/de\/wp-json\/wp\/v2\/product_category?post=7339"}],"curies":[{"name":"wp","href":"https:\/\/api.w.org\/{rel}","templated":true}]}}