{"id":7200,"date":"2025-05-06T17:50:27","date_gmt":"2025-05-06T15:50:27","guid":{"rendered":"https:\/\/www.mosagreen.it\/product\/seminatrice-a-passo-to55-t\/"},"modified":"2025-08-19T11:02:21","modified_gmt":"2025-08-19T09:02:21","slug":"reihensaemaschine-to55-t","status":"publish","type":"product","link":"https:\/\/www.mosagreen.it\/de\/product\/reihensaemaschine-to55-t\/","title":{"rendered":"REIHENS\u00c4MASCHINE TO55.T"},"content":{"rendered":"\t\t<div data-elementor-type=\"wp-post\" data-elementor-id=\"7200\" class=\"elementor elementor-7200 elementor-1673\" data-elementor-post-type=\"product\">\n\t\t\t\t<div class=\"elementor-element elementor-element-da049de e-con-full e-flex e-con e-parent\" data-id=\"da049de\" data-element_type=\"container\">\n\t\t\t\t<div class=\"elementor-element elementor-element-fd356f5 elementor-widget elementor-widget-template\" data-id=\"fd356f5\" data-element_type=\"widget\" data-widget_type=\"template.default\">\n\t\t\t\t<div class=\"elementor-widget-container\">\n\t\t\t\t\t\t\t<div class=\"elementor-template\">\n\t\t\t\t\t<div data-elementor-type=\"container\" data-elementor-id=\"1297\" class=\"elementor elementor-1297\" data-elementor-post-type=\"elementor_library\">\n\t\t\t\t<div class=\"elementor-element elementor-element-3a437e53 e-con-full e-flex e-con e-parent\" data-id=\"3a437e53\" data-element_type=\"container\">\n\t\t\t\t<div class=\"elementor-element elementor-element-4b7fb27 elementor-widget elementor-widget-image\" data-id=\"4b7fb27\" data-element_type=\"widget\" data-widget_type=\"image.default\">\n\t\t\t\t<div class=\"elementor-widget-container\">\n\t\t\t\t\t\t\t\t\t\t\t\t\t\t\t<img decoding=\"async\" src=\"https:\/\/www.mosagreen.it\/wp-content\/uploads\/elementor\/thumbs\/semina-scaled-r5g7waswuvst184okpie17k55ss3il6fvc515yv0ka.png\" title=\"semina\" alt=\"semina\" loading=\"lazy\" \/>\t\t\t\t\t\t\t\t\t\t\t\t\t\t\t<\/div>\n\t\t\t\t<\/div>\n\t\t\t\t<\/div>\n\t\t\t\t<\/div>\n\t\t\t\t<\/div>\n\t\t\t\t\t\t<\/div>\n\t\t\t\t<\/div>\n\t\t\t\t<\/div>\n\t\t<div class=\"elementor-element elementor-element-91efb00 e-flex e-con-boxed e-con e-parent\" data-id=\"91efb00\" data-element_type=\"container\">\n\t\t\t\t\t<div class=\"e-con-inner\">\n\t\t<div class=\"elementor-element elementor-element-c3b1c87 e-con-full e-flex e-con e-child\" data-id=\"c3b1c87\" data-element_type=\"container\">\n\t\t\t\t<div class=\"elementor-element elementor-element-8784a1a elementor-invisible elementor-widget elementor-widget-theme-post-featured-image elementor-widget-image\" data-id=\"8784a1a\" data-element_type=\"widget\" data-settings=\"{&quot;_animation&quot;:&quot;fadeInLeft&quot;,&quot;_animation_delay&quot;:300}\" data-widget_type=\"theme-post-featured-image.default\">\n\t\t\t\t<div class=\"elementor-widget-container\">\n\t\t\t\t\t\t\t\t\t\t\t\t\t\t\t<img fetchpriority=\"high\" decoding=\"async\" width=\"800\" height=\"688\" src=\"https:\/\/www.mosagreen.it\/wp-content\/uploads\/2025\/05\/STEP-SEEDER-TO55.T-1024x880.png\" class=\"attachment-large size-large wp-image-1683\" alt=\"\" srcset=\"https:\/\/www.mosagreen.it\/wp-content\/uploads\/2025\/05\/STEP-SEEDER-TO55.T-1024x880.png 1024w, https:\/\/www.mosagreen.it\/wp-content\/uploads\/2025\/05\/STEP-SEEDER-TO55.T-300x258.png 300w, https:\/\/www.mosagreen.it\/wp-content\/uploads\/2025\/05\/STEP-SEEDER-TO55.T-768x660.png 768w, https:\/\/www.mosagreen.it\/wp-content\/uploads\/2025\/05\/STEP-SEEDER-TO55.T-1536x1320.png 1536w, https:\/\/www.mosagreen.it\/wp-content\/uploads\/2025\/05\/STEP-SEEDER-TO55.T.png 1920w\" sizes=\"(max-width: 800px) 100vw, 800px\" \/>\t\t\t\t\t\t\t\t\t\t\t\t\t\t\t<\/div>\n\t\t\t\t<\/div>\n\t\t\t\t<\/div>\n\t\t<div class=\"elementor-element elementor-element-59c9e83 e-con-full e-flex elementor-invisible e-con e-child\" data-id=\"59c9e83\" data-element_type=\"container\" data-settings=\"{&quot;animation&quot;:&quot;fadeInRight&quot;,&quot;animation_delay&quot;:400}\">\n\t\t<div class=\"elementor-element elementor-element-961ca09 e-con-full e-flex e-con e-child\" data-id=\"961ca09\" data-element_type=\"container\">\n\t\t\t\t<div class=\"elementor-element elementor-element-0f12478 elementor-widget elementor-widget-heading\" data-id=\"0f12478\" data-element_type=\"widget\" data-widget_type=\"heading.default\">\n\t\t\t\t<div class=\"elementor-widget-container\">\n\t\t\t\t\t<h2 class=\"elementor-heading-title elementor-size-default\">REIHENS\u00c4MASCHINE<\/h2>\t\t\t\t<\/div>\n\t\t\t\t<\/div>\n\t\t\t\t<div class=\"elementor-element elementor-element-f6bda8d elementor-widget elementor-widget-heading\" data-id=\"f6bda8d\" data-element_type=\"widget\" data-widget_type=\"heading.default\">\n\t\t\t\t<div class=\"elementor-widget-container\">\n\t\t\t\t\t<h2 class=\"elementor-heading-title elementor-size-default\">TO55.T<\/h2>\t\t\t\t<\/div>\n\t\t\t\t<\/div>\n\t\t\t\t<\/div>\n\t\t\t\t<div class=\"elementor-element elementor-element-e85d602 elementor-widget elementor-widget-text-editor\" data-id=\"e85d602\" data-element_type=\"widget\" data-widget_type=\"text-editor.default\">\n\t\t\t\t<div class=\"elementor-widget-container\">\n\t\t\t\t\t\t\t\t\tDie Reihens\u00e4maschine TO55.T ist f\u00fcr mittlere bis kleine Produktionsmengen konzipiert und ist mit einem Bandf\u00f6rderer f\u00fcr die Beh\u00e4lter ausgestattet. Sie ist mit einem Mechanismus f\u00fcr das Pflanzlochformen und das reihenweise S\u00e4en mit einem Nadel-S\u00e4balken ausger\u00fcstet und verf\u00fcgt \u00fcber 8 Nadels\u00e4tze in verschiedenen Gr\u00f6\u00dfen, f\u00fcr jede beliebige Saatgutsorte. Sie verf\u00fcgt au\u00dferdem \u00fcber eine Schnittstelle, \u00fcber welche S\u00e4programme erstellt und die S\u00e4parameter gegebenenfalls, auch im laufenden Betrieb, ge\u00e4ndert werden k\u00f6nnen. Diese wartungsfreundliche S\u00e4maschine mit schnellen Umr\u00fcstzeiten eignet sich ideal f\u00fcr das Arbeiten mit h\u00e4ufigem Saatgut-\/Beh\u00e4lterwechsel. F\u00fcr den Betrieb ist kein Druckluftanschluss erforderlich.\t\t\t\t\t\t\t\t<\/div>\n\t\t\t\t<\/div>\n\t\t\t\t<\/div>\n\t\t\t\t\t<\/div>\n\t\t\t\t<\/div>\n\t\t<div class=\"elementor-element elementor-element-5ff5a78 e-flex e-con-boxed e-con e-parent\" data-id=\"5ff5a78\" data-element_type=\"container\">\n\t\t\t\t\t<div class=\"e-con-inner\">\n\t\t<div class=\"elementor-element elementor-element-f55923b e-con-full e-flex e-con e-child\" data-id=\"f55923b\" data-element_type=\"container\" data-settings=\"{&quot;background_background&quot;:&quot;classic&quot;}\">\n\t\t<div class=\"elementor-element elementor-element-3cae392 e-con-full e-transform e-flex e-con e-child\" data-id=\"3cae392\" data-element_type=\"container\" data-settings=\"{&quot;_transform_translateY_effect&quot;:{&quot;unit&quot;:&quot;%&quot;,&quot;size&quot;:40,&quot;sizes&quot;:[]},&quot;_transform_translateY_effect_tablet&quot;:{&quot;unit&quot;:&quot;%&quot;,&quot;size&quot;:&quot;&quot;,&quot;sizes&quot;:[]},&quot;_transform_translateY_effect_mobile&quot;:{&quot;unit&quot;:&quot;%&quot;,&quot;size&quot;:&quot;&quot;,&quot;sizes&quot;:[]},&quot;_transform_translateX_effect&quot;:{&quot;unit&quot;:&quot;px&quot;,&quot;size&quot;:&quot;&quot;,&quot;sizes&quot;:[]},&quot;_transform_translateX_effect_tablet&quot;:{&quot;unit&quot;:&quot;px&quot;,&quot;size&quot;:&quot;&quot;,&quot;sizes&quot;:[]},&quot;_transform_translateX_effect_mobile&quot;:{&quot;unit&quot;:&quot;px&quot;,&quot;size&quot;:&quot;&quot;,&quot;sizes&quot;:[]}}\">\n\t\t\t\t<div class=\"elementor-element elementor-element-6f35ef4 elementor-invisible elementor-widget elementor-widget-image\" data-id=\"6f35ef4\" data-element_type=\"widget\" data-settings=\"{&quot;_animation&quot;:&quot;fadeInLeft&quot;,&quot;_animation_delay&quot;:300}\" data-widget_type=\"image.default\">\n\t\t\t\t<div class=\"elementor-widget-container\">\n\t\t\t\t\t\t\t\t\t\t\t\t\t\t\t<img decoding=\"async\" width=\"600\" height=\"600\" src=\"https:\/\/www.mosagreen.it\/wp-content\/uploads\/2025\/05\/pag-23-51-a.png\" class=\"attachment-large size-large wp-image-2097\" alt=\"\" srcset=\"https:\/\/www.mosagreen.it\/wp-content\/uploads\/2025\/05\/pag-23-51-a.png 600w, https:\/\/www.mosagreen.it\/wp-content\/uploads\/2025\/05\/pag-23-51-a-300x300.png 300w, https:\/\/www.mosagreen.it\/wp-content\/uploads\/2025\/05\/pag-23-51-a-150x150.png 150w\" sizes=\"(max-width: 600px) 100vw, 600px\" \/>\t\t\t\t\t\t\t\t\t\t\t\t\t\t\t<\/div>\n\t\t\t\t<\/div>\n\t\t\t\t<\/div>\n\t\t<div class=\"elementor-element elementor-element-23fe16e e-con-full e-flex e-con e-child\" data-id=\"23fe16e\" data-element_type=\"container\">\n\t\t<div class=\"elementor-element elementor-element-f531157 e-con-full animated-slow vodu_blurb e-flex elementor-invisible e-con e-child\" data-id=\"f531157\" data-element_type=\"container\" data-settings=\"{&quot;background_background&quot;:&quot;classic&quot;,&quot;animation&quot;:&quot;fadeIn&quot;,&quot;animation_delay&quot;:1000}\">\n\t\t\t\t<div class=\"elementor-element elementor-element-2fb69bf elementor-widget elementor-widget-image\" data-id=\"2fb69bf\" data-element_type=\"widget\" data-widget_type=\"image.default\">\n\t\t\t\t<div class=\"elementor-widget-container\">\n\t\t\t\t\t\t\t\t\t\t\t\t\t\t\t<img decoding=\"async\" width=\"1\" height=\"1\" src=\"https:\/\/www.mosagreen.it\/wp-content\/uploads\/2025\/05\/Asset-41.svg\" class=\"attachment-large size-large wp-image-2072\" alt=\"\" \/>\t\t\t\t\t\t\t\t\t\t\t\t\t\t\t<\/div>\n\t\t\t\t<\/div>\n\t\t<div class=\"elementor-element elementor-element-662cbb7 e-con-full vodu_cont_title e-flex e-con e-child\" data-id=\"662cbb7\" data-element_type=\"container\">\n\t\t\t\t<div class=\"elementor-element elementor-element-f1af2f7 elementor-widget elementor-widget-heading\" data-id=\"f1af2f7\" data-element_type=\"widget\" data-widget_type=\"heading.default\">\n\t\t\t\t<div class=\"elementor-widget-container\">\n\t\t\t\t\t<h2 class=\"elementor-heading-title elementor-size-default\">Pflanzlochformbalken<\/h2>\t\t\t\t<\/div>\n\t\t\t\t<\/div>\n\t\t\t\t<\/div>\n\t\t\t\t<\/div>\n\t\t<div class=\"elementor-element elementor-element-c246b4a e-con-full animated-slow vodu_blurb e-flex elementor-invisible e-con e-child\" data-id=\"c246b4a\" data-element_type=\"container\" data-settings=\"{&quot;background_background&quot;:&quot;classic&quot;,&quot;animation&quot;:&quot;fadeIn&quot;,&quot;animation_delay&quot;:1500}\">\n\t\t\t\t<div class=\"elementor-element elementor-element-b8b7531 elementor-widget elementor-widget-image\" data-id=\"b8b7531\" data-element_type=\"widget\" data-widget_type=\"image.default\">\n\t\t\t\t<div class=\"elementor-widget-container\">\n\t\t\t\t\t\t\t\t\t\t\t\t\t\t\t<img loading=\"lazy\" decoding=\"async\" width=\"1\" height=\"1\" src=\"https:\/\/www.mosagreen.it\/wp-content\/uploads\/2025\/05\/Asset-48.svg\" class=\"attachment-large size-large wp-image-2077\" alt=\"\" \/>\t\t\t\t\t\t\t\t\t\t\t\t\t\t\t<\/div>\n\t\t\t\t<\/div>\n\t\t<div class=\"elementor-element elementor-element-6b84b02 e-con-full vodu_cont_title e-flex e-con e-child\" data-id=\"6b84b02\" data-element_type=\"container\">\n\t\t\t\t<div class=\"elementor-element elementor-element-84cccaa elementor-widget elementor-widget-heading\" data-id=\"84cccaa\" data-element_type=\"widget\" data-widget_type=\"heading.default\">\n\t\t\t\t<div class=\"elementor-widget-container\">\n\t\t\t\t\t<h2 class=\"elementor-heading-title elementor-size-default\">S\u00e4balken<\/h2>\t\t\t\t<\/div>\n\t\t\t\t<\/div>\n\t\t\t\t<\/div>\n\t\t\t\t<\/div>\n\t\t\t\t<\/div>\n\t\t\t\t<\/div>\n\t\t\t\t\t<\/div>\n\t\t\t\t<\/div>\n\t\t<div class=\"elementor-element elementor-element-a18e471 e-flex e-con-boxed elementor-invisible e-con e-parent\" data-id=\"a18e471\" data-element_type=\"container\" data-settings=\"{&quot;animation&quot;:&quot;fadeInUp&quot;,&quot;animation_delay&quot;:300}\">\n\t\t\t\t\t<div class=\"e-con-inner\">\n\t\t<div class=\"elementor-element elementor-element-e41d95d e-con-full e-flex e-con e-child\" data-id=\"e41d95d\" data-element_type=\"container\">\n\t\t<div class=\"elementor-element elementor-element-c59a030 e-con-full e-flex elementor-invisible e-con e-child\" data-id=\"c59a030\" data-element_type=\"container\" data-settings=\"{&quot;animation&quot;:&quot;fadeInLeft&quot;,&quot;animation_delay&quot;:300}\">\n\t\t\t\t<div class=\"elementor-element elementor-element-9ecbd67 elementor-invisible elementor-widget elementor-widget-image\" data-id=\"9ecbd67\" data-element_type=\"widget\" data-settings=\"{&quot;_animation&quot;:&quot;fadeInLeft&quot;,&quot;_animation_delay&quot;:300}\" data-widget_type=\"image.default\">\n\t\t\t\t<div class=\"elementor-widget-container\">\n\t\t\t\t\t\t\t\t\t\t\t\t\t\t\t<img loading=\"lazy\" decoding=\"async\" width=\"600\" height=\"600\" src=\"https:\/\/www.mosagreen.it\/wp-content\/uploads\/2025\/05\/pag-23-51-b.png\" class=\"attachment-large size-large wp-image-2102\" alt=\"\" srcset=\"https:\/\/www.mosagreen.it\/wp-content\/uploads\/2025\/05\/pag-23-51-b.png 600w, https:\/\/www.mosagreen.it\/wp-content\/uploads\/2025\/05\/pag-23-51-b-300x300.png 300w, https:\/\/www.mosagreen.it\/wp-content\/uploads\/2025\/05\/pag-23-51-b-150x150.png 150w\" sizes=\"(max-width: 600px) 100vw, 600px\" \/>\t\t\t\t\t\t\t\t\t\t\t\t\t\t\t<\/div>\n\t\t\t\t<\/div>\n\t\t\t\t<\/div>\n\t\t<div class=\"elementor-element elementor-element-89864f6 e-con-full e-flex elementor-invisible e-con e-child\" data-id=\"89864f6\" data-element_type=\"container\" data-settings=\"{&quot;animation&quot;:&quot;fadeInRight&quot;,&quot;animation_delay&quot;:400}\">\n\t\t\t\t<div class=\"elementor-element elementor-element-2ee14cb elementor-widget__width-inherit elementor-widget elementor-widget-shortcode\" data-id=\"2ee14cb\" data-element_type=\"widget\" data-widget_type=\"shortcode.default\">\n\t\t\t\t<div class=\"elementor-widget-container\">\n\t\t\t\t\t\t\t<div class=\"elementor-shortcode\"><h2 id=\"tablepress-178-name\" class=\"tablepress-table-name tablepress-table-name-id-178\">REIHENS\u00c4MASCHINE TO55.T \u2013 Technische Daten<\/h2>\n\n<table id=\"tablepress-178\" class=\"tablepress tablepress-id-178\" aria-labelledby=\"tablepress-178-name\">\n<tbody class=\"row-striping\">\n<tr class=\"row-1\">\n\t<td class=\"column-1\">Arbeitsgeschwindigkeit<\/td><td class=\"column-2\">2<\/td><td class=\"column-3\">Sekunden\/Reihe<\/td>\n<\/tr>\n<tr class=\"row-2\">\n\t<td class=\"column-1\">Beh\u00e4lterma\u00dfe<\/td><td class=\"column-2\">700x500x100<\/td><td class=\"column-3\">mm<\/td>\n<\/tr>\n<tr class=\"row-3\">\n\t<td class=\"column-1\">Installierte Leistung<\/td><td class=\"column-2\">0,45<\/td><td class=\"column-3\">kW<\/td>\n<\/tr>\n<tr class=\"row-4\">\n\t<td class=\"column-1\">Gewicht<\/td><td class=\"column-2\">170<\/td><td class=\"column-3\">kg<\/td>\n<\/tr>\n<tr class=\"row-5\">\n\t<td class=\"column-1\">Abmessungen<\/td><td class=\"column-2\">1370x1040<\/td><td class=\"column-3\">mm<\/td>\n<\/tr>\n<\/tbody>\n<\/table>\n<!-- #tablepress-178 from cache --><\/div>\n\t\t\t\t\t\t<\/div>\n\t\t\t\t<\/div>\n\t\t\t\t<\/div>\n\t\t\t\t<\/div>\n\t\t\t\t\t<\/div>\n\t\t\t\t<\/div>\n\t\t\t\t<\/div>\n\t\t","protected":false},"featured_media":1683,"template":"","meta":{"_acf_changed":false,"inline_featured_image":false},"product_category":[108,155],"class_list":["post-7200","product","type-product","status-publish","has-post-thumbnail","hentry","product_category-saeen","product_category-seminatrici-singole-de"],"acf":[],"yoast_head":"<!-- This site is optimized with the Yoast SEO plugin v26.0 - https:\/\/yoast.com\/wordpress\/plugins\/seo\/ -->\n<title>REIHENS\u00c4MASCHINE TO55.T - MosaGreen<\/title>\n<meta name=\"robots\" content=\"index, follow, max-snippet:-1, max-image-preview:large, max-video-preview:-1\" \/>\n<link rel=\"canonical\" href=\"https:\/\/www.mosagreen.it\/de\/product\/reihensaemaschine-to55-t\/\" \/>\n<meta property=\"og:locale\" content=\"de_DE\" \/>\n<meta property=\"og:type\" content=\"article\" \/>\n<meta property=\"og:title\" content=\"REIHENS\u00c4MASCHINE TO55.T - MosaGreen\" \/>\n<meta property=\"og:description\" content=\"Die Reihens\u00e4maschine TO55.T ist f\u00fcr mittlere bis kleine Produktionsmengen konzipiert und ist mit einem Bandf\u00f6rderer f\u00fcr die Beh\u00e4lter ausgestattet. Sie ist mit einem Mechanismus f\u00fcr das Pflanzlochformen und das reihenweise S\u00e4en mit einem Nadel-S\u00e4balken ausger\u00fcstet und verf\u00fcgt \u00fcber 8 Nadels\u00e4tze in verschiedenen Gr\u00f6\u00dfen, f\u00fcr jede beliebige Saatgutsorte. Sie verf\u00fcgt au\u00dferdem \u00fcber eine Schnittstelle, \u00fcber welche [&hellip;]\" \/>\n<meta property=\"og:url\" content=\"https:\/\/www.mosagreen.it\/de\/product\/reihensaemaschine-to55-t\/\" \/>\n<meta property=\"og:site_name\" content=\"MosaGreen\" \/>\n<meta property=\"article:modified_time\" content=\"2025-08-19T09:02:21+00:00\" \/>\n<meta property=\"og:image\" content=\"https:\/\/www.mosagreen.it\/wp-content\/uploads\/2025\/05\/STEP-SEEDER-TO55.T-1024x880.png\" \/>\n\t<meta property=\"og:image:width\" content=\"1024\" \/>\n\t<meta property=\"og:image:height\" content=\"880\" \/>\n\t<meta property=\"og:image:type\" content=\"image\/png\" \/>\n<meta name=\"twitter:card\" content=\"summary_large_image\" \/>\n<meta name=\"twitter:label1\" content=\"Gesch\u00e4tzte Lesezeit\" \/>\n\t<meta name=\"twitter:data1\" content=\"2\u00a0Minute\" \/>\n<script type=\"application\/ld+json\" class=\"yoast-schema-graph\">{\"@context\":\"https:\/\/schema.org\",\"@graph\":[{\"@type\":\"WebPage\",\"@id\":\"https:\/\/www.mosagreen.it\/de\/product\/reihensaemaschine-to55-t\/\",\"url\":\"https:\/\/www.mosagreen.it\/de\/product\/reihensaemaschine-to55-t\/\",\"name\":\"REIHENS\u00c4MASCHINE TO55.T - MosaGreen\",\"isPartOf\":{\"@id\":\"https:\/\/www.mosagreen.it\/de\/#website\"},\"primaryImageOfPage\":{\"@id\":\"https:\/\/www.mosagreen.it\/de\/product\/reihensaemaschine-to55-t\/#primaryimage\"},\"image\":{\"@id\":\"https:\/\/www.mosagreen.it\/de\/product\/reihensaemaschine-to55-t\/#primaryimage\"},\"thumbnailUrl\":\"https:\/\/www.mosagreen.it\/wp-content\/uploads\/2025\/05\/STEP-SEEDER-TO55.T.png\",\"datePublished\":\"2025-05-06T15:50:27+00:00\",\"dateModified\":\"2025-08-19T09:02:21+00:00\",\"breadcrumb\":{\"@id\":\"https:\/\/www.mosagreen.it\/de\/product\/reihensaemaschine-to55-t\/#breadcrumb\"},\"inLanguage\":\"de\",\"potentialAction\":[{\"@type\":\"ReadAction\",\"target\":[\"https:\/\/www.mosagreen.it\/de\/product\/reihensaemaschine-to55-t\/\"]}]},{\"@type\":\"ImageObject\",\"inLanguage\":\"de\",\"@id\":\"https:\/\/www.mosagreen.it\/de\/product\/reihensaemaschine-to55-t\/#primaryimage\",\"url\":\"https:\/\/www.mosagreen.it\/wp-content\/uploads\/2025\/05\/STEP-SEEDER-TO55.T.png\",\"contentUrl\":\"https:\/\/www.mosagreen.it\/wp-content\/uploads\/2025\/05\/STEP-SEEDER-TO55.T.png\",\"width\":1920,\"height\":1650},{\"@type\":\"BreadcrumbList\",\"@id\":\"https:\/\/www.mosagreen.it\/de\/product\/reihensaemaschine-to55-t\/#breadcrumb\",\"itemListElement\":[{\"@type\":\"ListItem\",\"position\":1,\"name\":\"Home\",\"item\":\"https:\/\/www.mosagreen.it\/de\/\"},{\"@type\":\"ListItem\",\"position\":2,\"name\":\"REIHENS\u00c4MASCHINE TO55.T\"}]},{\"@type\":\"WebSite\",\"@id\":\"https:\/\/www.mosagreen.it\/de\/#website\",\"url\":\"https:\/\/www.mosagreen.it\/de\/\",\"name\":\"MosaGreen\",\"description\":\"Macchine per OrtoFloro Vivaismo\",\"publisher\":{\"@id\":\"https:\/\/www.mosagreen.it\/de\/#organization\"},\"potentialAction\":[{\"@type\":\"SearchAction\",\"target\":{\"@type\":\"EntryPoint\",\"urlTemplate\":\"https:\/\/www.mosagreen.it\/de\/?s={search_term_string}\"},\"query-input\":{\"@type\":\"PropertyValueSpecification\",\"valueRequired\":true,\"valueName\":\"search_term_string\"}}],\"inLanguage\":\"de\"},{\"@type\":\"Organization\",\"@id\":\"https:\/\/www.mosagreen.it\/de\/#organization\",\"name\":\"MosaGreen\",\"url\":\"https:\/\/www.mosagreen.it\/de\/\",\"logo\":{\"@type\":\"ImageObject\",\"inLanguage\":\"de\",\"@id\":\"https:\/\/www.mosagreen.it\/de\/#\/schema\/logo\/image\/\",\"url\":\"https:\/\/www.mosagreen.it\/wp-content\/uploads\/2025\/04\/logo-1.png\",\"contentUrl\":\"https:\/\/www.mosagreen.it\/wp-content\/uploads\/2025\/04\/logo-1.png\",\"width\":367,\"height\":476,\"caption\":\"MosaGreen\"},\"image\":{\"@id\":\"https:\/\/www.mosagreen.it\/de\/#\/schema\/logo\/image\/\"}}]}<\/script>\n<!-- \/ Yoast SEO plugin. -->","yoast_head_json":{"title":"REIHENS\u00c4MASCHINE TO55.T - MosaGreen","robots":{"index":"index","follow":"follow","max-snippet":"max-snippet:-1","max-image-preview":"max-image-preview:large","max-video-preview":"max-video-preview:-1"},"canonical":"https:\/\/www.mosagreen.it\/de\/product\/reihensaemaschine-to55-t\/","og_locale":"de_DE","og_type":"article","og_title":"REIHENS\u00c4MASCHINE TO55.T - MosaGreen","og_description":"Die Reihens\u00e4maschine TO55.T ist f\u00fcr mittlere bis kleine Produktionsmengen konzipiert und ist mit einem Bandf\u00f6rderer f\u00fcr die Beh\u00e4lter ausgestattet. Sie ist mit einem Mechanismus f\u00fcr das Pflanzlochformen und das reihenweise S\u00e4en mit einem Nadel-S\u00e4balken ausger\u00fcstet und verf\u00fcgt \u00fcber 8 Nadels\u00e4tze in verschiedenen Gr\u00f6\u00dfen, f\u00fcr jede beliebige Saatgutsorte. Sie verf\u00fcgt au\u00dferdem \u00fcber eine Schnittstelle, \u00fcber welche [&hellip;]","og_url":"https:\/\/www.mosagreen.it\/de\/product\/reihensaemaschine-to55-t\/","og_site_name":"MosaGreen","article_modified_time":"2025-08-19T09:02:21+00:00","og_image":[{"width":1024,"height":880,"url":"https:\/\/www.mosagreen.it\/wp-content\/uploads\/2025\/05\/STEP-SEEDER-TO55.T-1024x880.png","type":"image\/png"}],"twitter_card":"summary_large_image","twitter_misc":{"Gesch\u00e4tzte Lesezeit":"2\u00a0Minute"},"schema":{"@context":"https:\/\/schema.org","@graph":[{"@type":"WebPage","@id":"https:\/\/www.mosagreen.it\/de\/product\/reihensaemaschine-to55-t\/","url":"https:\/\/www.mosagreen.it\/de\/product\/reihensaemaschine-to55-t\/","name":"REIHENS\u00c4MASCHINE TO55.T - MosaGreen","isPartOf":{"@id":"https:\/\/www.mosagreen.it\/de\/#website"},"primaryImageOfPage":{"@id":"https:\/\/www.mosagreen.it\/de\/product\/reihensaemaschine-to55-t\/#primaryimage"},"image":{"@id":"https:\/\/www.mosagreen.it\/de\/product\/reihensaemaschine-to55-t\/#primaryimage"},"thumbnailUrl":"https:\/\/www.mosagreen.it\/wp-content\/uploads\/2025\/05\/STEP-SEEDER-TO55.T.png","datePublished":"2025-05-06T15:50:27+00:00","dateModified":"2025-08-19T09:02:21+00:00","breadcrumb":{"@id":"https:\/\/www.mosagreen.it\/de\/product\/reihensaemaschine-to55-t\/#breadcrumb"},"inLanguage":"de","potentialAction":[{"@type":"ReadAction","target":["https:\/\/www.mosagreen.it\/de\/product\/reihensaemaschine-to55-t\/"]}]},{"@type":"ImageObject","inLanguage":"de","@id":"https:\/\/www.mosagreen.it\/de\/product\/reihensaemaschine-to55-t\/#primaryimage","url":"https:\/\/www.mosagreen.it\/wp-content\/uploads\/2025\/05\/STEP-SEEDER-TO55.T.png","contentUrl":"https:\/\/www.mosagreen.it\/wp-content\/uploads\/2025\/05\/STEP-SEEDER-TO55.T.png","width":1920,"height":1650},{"@type":"BreadcrumbList","@id":"https:\/\/www.mosagreen.it\/de\/product\/reihensaemaschine-to55-t\/#breadcrumb","itemListElement":[{"@type":"ListItem","position":1,"name":"Home","item":"https:\/\/www.mosagreen.it\/de\/"},{"@type":"ListItem","position":2,"name":"REIHENS\u00c4MASCHINE TO55.T"}]},{"@type":"WebSite","@id":"https:\/\/www.mosagreen.it\/de\/#website","url":"https:\/\/www.mosagreen.it\/de\/","name":"MosaGreen","description":"Macchine per OrtoFloro Vivaismo","publisher":{"@id":"https:\/\/www.mosagreen.it\/de\/#organization"},"potentialAction":[{"@type":"SearchAction","target":{"@type":"EntryPoint","urlTemplate":"https:\/\/www.mosagreen.it\/de\/?s={search_term_string}"},"query-input":{"@type":"PropertyValueSpecification","valueRequired":true,"valueName":"search_term_string"}}],"inLanguage":"de"},{"@type":"Organization","@id":"https:\/\/www.mosagreen.it\/de\/#organization","name":"MosaGreen","url":"https:\/\/www.mosagreen.it\/de\/","logo":{"@type":"ImageObject","inLanguage":"de","@id":"https:\/\/www.mosagreen.it\/de\/#\/schema\/logo\/image\/","url":"https:\/\/www.mosagreen.it\/wp-content\/uploads\/2025\/04\/logo-1.png","contentUrl":"https:\/\/www.mosagreen.it\/wp-content\/uploads\/2025\/04\/logo-1.png","width":367,"height":476,"caption":"MosaGreen"},"image":{"@id":"https:\/\/www.mosagreen.it\/de\/#\/schema\/logo\/image\/"}}]}},"_links":{"self":[{"href":"https:\/\/www.mosagreen.it\/de\/wp-json\/wp\/v2\/product\/7200","targetHints":{"allow":["GET"]}}],"collection":[{"href":"https:\/\/www.mosagreen.it\/de\/wp-json\/wp\/v2\/product"}],"about":[{"href":"https:\/\/www.mosagreen.it\/de\/wp-json\/wp\/v2\/types\/product"}],"version-history":[{"count":4,"href":"https:\/\/www.mosagreen.it\/de\/wp-json\/wp\/v2\/product\/7200\/revisions"}],"predecessor-version":[{"id":7204,"href":"https:\/\/www.mosagreen.it\/de\/wp-json\/wp\/v2\/product\/7200\/revisions\/7204"}],"wp:featuredmedia":[{"embeddable":true,"href":"https:\/\/www.mosagreen.it\/de\/wp-json\/wp\/v2\/media\/1683"}],"wp:attachment":[{"href":"https:\/\/www.mosagreen.it\/de\/wp-json\/wp\/v2\/media?parent=7200"}],"wp:term":[{"taxonomy":"product_category","embeddable":true,"href":"https:\/\/www.mosagreen.it\/de\/wp-json\/wp\/v2\/product_category?post=7200"}],"curies":[{"name":"wp","href":"https:\/\/api.w.org\/{rel}","templated":true}]}}