{"id":7118,"date":"2025-05-02T17:48:16","date_gmt":"2025-05-02T15:48:16","guid":{"rendered":"https:\/\/www.mosagreen.it\/product\/riempitore-rme63c\/"},"modified":"2025-08-19T10:46:14","modified_gmt":"2025-08-19T08:46:14","slug":"fuellmaschine-rme63c","status":"publish","type":"product","link":"https:\/\/www.mosagreen.it\/de\/product\/fuellmaschine-rme63c\/","title":{"rendered":"F\u00dcLLMASCHINE RME63C"},"content":{"rendered":"\t\t<div data-elementor-type=\"wp-post\" data-elementor-id=\"7118\" class=\"elementor elementor-7118 elementor-685\" data-elementor-post-type=\"product\">\n\t\t\t\t<div class=\"elementor-element elementor-element-93ac67d e-con-full e-flex e-con e-parent\" data-id=\"93ac67d\" data-element_type=\"container\">\n\t\t\t\t<div class=\"elementor-element elementor-element-2323014 elementor-widget elementor-widget-template\" data-id=\"2323014\" data-element_type=\"widget\" data-widget_type=\"template.default\">\n\t\t\t\t<div class=\"elementor-widget-container\">\n\t\t\t\t\t\t\t<div class=\"elementor-template\">\n\t\t\t\t\t<div data-elementor-type=\"page\" data-elementor-id=\"1772\" class=\"elementor elementor-1772\" data-elementor-post-type=\"elementor_library\">\n\t\t\t\t<div class=\"elementor-element elementor-element-adfed9d e-con-full e-flex e-con e-parent\" data-id=\"adfed9d\" data-element_type=\"container\">\n\t\t\t\t<div class=\"elementor-element elementor-element-60a5de7 elementor-widget elementor-widget-image\" data-id=\"60a5de7\" data-element_type=\"widget\" data-widget_type=\"image.default\">\n\t\t\t\t<div class=\"elementor-widget-container\">\n\t\t\t\t\t\t\t\t\t\t\t\t\t\t\t<img fetchpriority=\"high\" decoding=\"async\" width=\"2560\" height=\"909\" src=\"https:\/\/www.mosagreen.it\/wp-content\/uploads\/2025\/04\/riempimento_invasatura-scaled.jpg\" class=\"attachment-full size-full wp-image-580\" alt=\"\" srcset=\"https:\/\/www.mosagreen.it\/wp-content\/uploads\/2025\/04\/riempimento_invasatura-scaled.jpg 2560w, https:\/\/www.mosagreen.it\/wp-content\/uploads\/2025\/04\/riempimento_invasatura-300x107.jpg 300w, https:\/\/www.mosagreen.it\/wp-content\/uploads\/2025\/04\/riempimento_invasatura-1024x364.jpg 1024w, https:\/\/www.mosagreen.it\/wp-content\/uploads\/2025\/04\/riempimento_invasatura-768x273.jpg 768w, https:\/\/www.mosagreen.it\/wp-content\/uploads\/2025\/04\/riempimento_invasatura-1536x546.jpg 1536w, https:\/\/www.mosagreen.it\/wp-content\/uploads\/2025\/04\/riempimento_invasatura-2048x727.jpg 2048w\" sizes=\"(max-width: 2560px) 100vw, 2560px\" \/>\t\t\t\t\t\t\t\t\t\t\t\t\t\t\t<\/div>\n\t\t\t\t<\/div>\n\t\t\t\t<\/div>\n\t\t\t\t<\/div>\n\t\t\t\t<\/div>\n\t\t\t\t\t\t<\/div>\n\t\t\t\t<\/div>\n\t\t\t\t<\/div>\n\t\t<div class=\"elementor-element elementor-element-836a277 e-flex e-con-boxed e-con e-parent\" data-id=\"836a277\" data-element_type=\"container\">\n\t\t\t\t\t<div class=\"e-con-inner\">\n\t\t<div class=\"elementor-element elementor-element-6747f97 e-con-full e-flex e-con e-child\" data-id=\"6747f97\" data-element_type=\"container\">\n\t\t\t\t<div class=\"elementor-element elementor-element-2b8d484 elementor-invisible elementor-widget elementor-widget-theme-post-featured-image elementor-widget-image\" data-id=\"2b8d484\" data-element_type=\"widget\" data-settings=\"{&quot;_animation&quot;:&quot;fadeInLeft&quot;,&quot;_animation_delay&quot;:300}\" data-widget_type=\"theme-post-featured-image.default\">\n\t\t\t\t<div class=\"elementor-widget-container\">\n\t\t\t\t\t\t\t\t\t\t\t\t\t\t\t<img decoding=\"async\" width=\"800\" height=\"639\" src=\"https:\/\/www.mosagreen.it\/wp-content\/uploads\/2025\/05\/FILLER-RME63C-1024x818.png\" class=\"attachment-large size-large wp-image-3401\" alt=\"\" srcset=\"https:\/\/www.mosagreen.it\/wp-content\/uploads\/2025\/05\/FILLER-RME63C-1024x818.png 1024w, https:\/\/www.mosagreen.it\/wp-content\/uploads\/2025\/05\/FILLER-RME63C-300x240.png 300w, https:\/\/www.mosagreen.it\/wp-content\/uploads\/2025\/05\/FILLER-RME63C-768x613.png 768w, https:\/\/www.mosagreen.it\/wp-content\/uploads\/2025\/05\/FILLER-RME63C-1536x1227.png 1536w, https:\/\/www.mosagreen.it\/wp-content\/uploads\/2025\/05\/FILLER-RME63C.png 1603w\" sizes=\"(max-width: 800px) 100vw, 800px\" \/>\t\t\t\t\t\t\t\t\t\t\t\t\t\t\t<\/div>\n\t\t\t\t<\/div>\n\t\t\t\t<\/div>\n\t\t<div class=\"elementor-element elementor-element-43a2a42 e-con-full e-flex elementor-invisible e-con e-child\" data-id=\"43a2a42\" data-element_type=\"container\" data-settings=\"{&quot;animation&quot;:&quot;fadeInRight&quot;,&quot;animation_delay&quot;:400}\">\n\t\t<div class=\"elementor-element elementor-element-e18ecb2 e-con-full e-flex e-con e-child\" data-id=\"e18ecb2\" data-element_type=\"container\">\n\t\t\t\t<div class=\"elementor-element elementor-element-46ffea5 elementor-widget elementor-widget-heading\" data-id=\"46ffea5\" data-element_type=\"widget\" data-widget_type=\"heading.default\">\n\t\t\t\t<div class=\"elementor-widget-container\">\n\t\t\t\t\t<h2 class=\"elementor-heading-title elementor-size-default\">F\u00dcLLMASCHINE<\/h2>\t\t\t\t<\/div>\n\t\t\t\t<\/div>\n\t\t\t\t<div class=\"elementor-element elementor-element-83aa0b4 elementor-widget elementor-widget-heading\" data-id=\"83aa0b4\" data-element_type=\"widget\" data-widget_type=\"heading.default\">\n\t\t\t\t<div class=\"elementor-widget-container\">\n\t\t\t\t\t<h2 class=\"elementor-heading-title elementor-size-default\">RME63C<\/h2>\t\t\t\t<\/div>\n\t\t\t\t<\/div>\n\t\t\t\t<\/div>\n\t\t\t\t<div class=\"elementor-element elementor-element-a6b04b0 elementor-widget elementor-widget-text-editor\" data-id=\"a6b04b0\" data-element_type=\"widget\" data-widget_type=\"text-editor.default\">\n\t\t\t\t<div class=\"elementor-widget-container\">\n\t\t\t\t\t\t\t\t\tDie F\u00fcllmaschine RME63C ist f\u00fcr das Bef\u00fcllen von Trays und Topf-\/Schalen-Shuttle-Trays konzipiert. Sie ist mit einem 1000-Liter-Substratbunker, einem Bandf\u00f6rderer mit rutschfester Oberfl\u00e4che, einem Propellerverdichter mit einstellbarer Geschwindigkeit, einer motorisierten Reinigungsb\u00fcrste sowie einem Transportband f\u00fcr die R\u00fcckf\u00fchrung von \u00fcbersch\u00fcssigem Substrat ausgestattet.\t\t\t\t\t\t\t\t<\/div>\n\t\t\t\t<\/div>\n\t\t\t\t<\/div>\n\t\t\t\t\t<\/div>\n\t\t\t\t<\/div>\n\t\t<div class=\"elementor-element elementor-element-f00d402 e-flex e-con-boxed e-con e-parent\" data-id=\"f00d402\" data-element_type=\"container\">\n\t\t\t\t\t<div class=\"e-con-inner\">\n\t\t<div class=\"elementor-element elementor-element-2b8d597 e-con-full e-transform e-flex e-con e-child\" data-id=\"2b8d597\" data-element_type=\"container\" data-settings=\"{&quot;background_background&quot;:&quot;classic&quot;,&quot;_transform_translateY_effect&quot;:{&quot;unit&quot;:&quot;%&quot;,&quot;size&quot;:-25,&quot;sizes&quot;:[]},&quot;_transform_translateY_effect_tablet&quot;:{&quot;unit&quot;:&quot;%&quot;,&quot;size&quot;:&quot;&quot;,&quot;sizes&quot;:[]},&quot;_transform_translateY_effect_mobile&quot;:{&quot;unit&quot;:&quot;%&quot;,&quot;size&quot;:&quot;&quot;,&quot;sizes&quot;:[]},&quot;_transform_translateX_effect&quot;:{&quot;unit&quot;:&quot;px&quot;,&quot;size&quot;:&quot;&quot;,&quot;sizes&quot;:[]},&quot;_transform_translateX_effect_tablet&quot;:{&quot;unit&quot;:&quot;px&quot;,&quot;size&quot;:&quot;&quot;,&quot;sizes&quot;:[]},&quot;_transform_translateX_effect_mobile&quot;:{&quot;unit&quot;:&quot;px&quot;,&quot;size&quot;:&quot;&quot;,&quot;sizes&quot;:[]}}\">\n\t\t<div class=\"elementor-element elementor-element-7317faf e-con-full e-transform e-flex e-con e-child\" data-id=\"7317faf\" data-element_type=\"container\" data-settings=\"{&quot;_transform_translateY_effect&quot;:{&quot;unit&quot;:&quot;%&quot;,&quot;size&quot;:40,&quot;sizes&quot;:[]},&quot;_transform_translateY_effect_tablet&quot;:{&quot;unit&quot;:&quot;%&quot;,&quot;size&quot;:&quot;&quot;,&quot;sizes&quot;:[]},&quot;_transform_translateY_effect_mobile&quot;:{&quot;unit&quot;:&quot;%&quot;,&quot;size&quot;:&quot;&quot;,&quot;sizes&quot;:[]},&quot;_transform_translateX_effect&quot;:{&quot;unit&quot;:&quot;px&quot;,&quot;size&quot;:&quot;&quot;,&quot;sizes&quot;:[]},&quot;_transform_translateX_effect_tablet&quot;:{&quot;unit&quot;:&quot;px&quot;,&quot;size&quot;:&quot;&quot;,&quot;sizes&quot;:[]},&quot;_transform_translateX_effect_mobile&quot;:{&quot;unit&quot;:&quot;px&quot;,&quot;size&quot;:&quot;&quot;,&quot;sizes&quot;:[]}}\">\n\t\t\t\t<div class=\"elementor-element elementor-element-13d1812 elementor-invisible elementor-widget elementor-widget-image\" data-id=\"13d1812\" data-element_type=\"widget\" data-settings=\"{&quot;_animation&quot;:&quot;fadeInLeft&quot;,&quot;_animation_delay&quot;:300}\" data-widget_type=\"image.default\">\n\t\t\t\t<div class=\"elementor-widget-container\">\n\t\t\t\t\t\t\t\t\t\t\t\t\t\t\t<img decoding=\"async\" width=\"800\" height=\"800\" src=\"https:\/\/www.mosagreen.it\/wp-content\/uploads\/2025\/04\/Dettaglio_rme63c.png\" class=\"attachment-large size-large wp-image-734\" alt=\"\" srcset=\"https:\/\/www.mosagreen.it\/wp-content\/uploads\/2025\/04\/Dettaglio_rme63c.png 960w, https:\/\/www.mosagreen.it\/wp-content\/uploads\/2025\/04\/Dettaglio_rme63c-300x300.png 300w, https:\/\/www.mosagreen.it\/wp-content\/uploads\/2025\/04\/Dettaglio_rme63c-150x150.png 150w, https:\/\/www.mosagreen.it\/wp-content\/uploads\/2025\/04\/Dettaglio_rme63c-768x768.png 768w\" sizes=\"(max-width: 800px) 100vw, 800px\" \/>\t\t\t\t\t\t\t\t\t\t\t\t\t\t\t<\/div>\n\t\t\t\t<\/div>\n\t\t\t\t<\/div>\n\t\t<div class=\"elementor-element elementor-element-5e3ae5a e-con-full e-flex e-con e-child\" data-id=\"5e3ae5a\" data-element_type=\"container\">\n\t\t<div class=\"elementor-element elementor-element-941391f e-con-full animated-slow vodu_blurb e-flex elementor-invisible e-con e-child\" data-id=\"941391f\" data-element_type=\"container\" data-settings=\"{&quot;background_background&quot;:&quot;classic&quot;,&quot;animation&quot;:&quot;fadeIn&quot;,&quot;animation_delay&quot;:1000}\">\n\t\t\t\t<div class=\"elementor-element elementor-element-ba223d4 elementor-widget elementor-widget-image\" data-id=\"ba223d4\" data-element_type=\"widget\" data-widget_type=\"image.default\">\n\t\t\t\t<div class=\"elementor-widget-container\">\n\t\t\t\t\t\t\t\t\t\t\t\t\t\t\t<img loading=\"lazy\" decoding=\"async\" width=\"1\" height=\"1\" src=\"https:\/\/www.mosagreen.it\/wp-content\/uploads\/2025\/05\/Asset-58.svg\" class=\"attachment-large size-large wp-image-1326\" alt=\"\" \/>\t\t\t\t\t\t\t\t\t\t\t\t\t\t\t<\/div>\n\t\t\t\t<\/div>\n\t\t<div class=\"elementor-element elementor-element-018cb45 e-con-full vodu_cont_title e-flex e-con e-child\" data-id=\"018cb45\" data-element_type=\"container\">\n\t\t\t\t<div class=\"elementor-element elementor-element-b673cc4 elementor-widget elementor-widget-heading\" data-id=\"b673cc4\" data-element_type=\"widget\" data-widget_type=\"heading.default\">\n\t\t\t\t<div class=\"elementor-widget-container\">\n\t\t\t\t\t<h2 class=\"elementor-heading-title elementor-size-default\">Entstapler<\/h2>\t\t\t\t<\/div>\n\t\t\t\t<\/div>\n\t\t\t\t<\/div>\n\t\t\t\t<\/div>\n\t\t<div class=\"elementor-element elementor-element-0ae753b e-con-full animated-slow vodu_blurb e-flex elementor-invisible e-con e-child\" data-id=\"0ae753b\" data-element_type=\"container\" data-settings=\"{&quot;background_background&quot;:&quot;classic&quot;,&quot;animation&quot;:&quot;fadeIn&quot;,&quot;animation_delay&quot;:1500}\">\n\t\t\t\t<div class=\"elementor-element elementor-element-e36f127 elementor-widget elementor-widget-image\" data-id=\"e36f127\" data-element_type=\"widget\" data-widget_type=\"image.default\">\n\t\t\t\t<div class=\"elementor-widget-container\">\n\t\t\t\t\t\t\t\t\t\t\t\t\t\t\t<img loading=\"lazy\" decoding=\"async\" width=\"1\" height=\"1\" src=\"https:\/\/www.mosagreen.it\/wp-content\/uploads\/2025\/05\/Asset-60.svg\" class=\"attachment-large size-large wp-image-1331\" alt=\"\" \/>\t\t\t\t\t\t\t\t\t\t\t\t\t\t\t<\/div>\n\t\t\t\t<\/div>\n\t\t<div class=\"elementor-element elementor-element-fabd022 e-con-full vodu_cont_title e-flex e-con e-child\" data-id=\"fabd022\" data-element_type=\"container\">\n\t\t\t\t<div class=\"elementor-element elementor-element-6dbe20e elementor-widget elementor-widget-heading\" data-id=\"6dbe20e\" data-element_type=\"widget\" data-widget_type=\"heading.default\">\n\t\t\t\t<div class=\"elementor-widget-container\">\n\t\t\t\t\t<h2 class=\"elementor-heading-title elementor-size-default\">F\u00fcllmaschine<\/h2>\t\t\t\t<\/div>\n\t\t\t\t<\/div>\n\t\t\t\t<\/div>\n\t\t\t\t<\/div>\n\t\t<div class=\"elementor-element elementor-element-32c350b e-con-full animated-slow vodu_blurb e-flex elementor-invisible e-con e-child\" data-id=\"32c350b\" data-element_type=\"container\" data-settings=\"{&quot;background_background&quot;:&quot;classic&quot;,&quot;animation&quot;:&quot;fadeIn&quot;,&quot;animation_delay&quot;:2000}\">\n\t\t\t\t<div class=\"elementor-element elementor-element-ef6e63b elementor-widget elementor-widget-image\" data-id=\"ef6e63b\" data-element_type=\"widget\" data-widget_type=\"image.default\">\n\t\t\t\t<div class=\"elementor-widget-container\">\n\t\t\t\t\t\t\t\t\t\t\t\t\t\t\t<img loading=\"lazy\" decoding=\"async\" width=\"1\" height=\"1\" src=\"https:\/\/www.mosagreen.it\/wp-content\/uploads\/2025\/05\/Asset-59.svg\" class=\"attachment-large size-large wp-image-1336\" alt=\"\" \/>\t\t\t\t\t\t\t\t\t\t\t\t\t\t\t<\/div>\n\t\t\t\t<\/div>\n\t\t<div class=\"elementor-element elementor-element-7d15874 e-con-full vodu_cont_title e-flex e-con e-child\" data-id=\"7d15874\" data-element_type=\"container\">\n\t\t\t\t<div class=\"elementor-element elementor-element-eab6a8f elementor-widget elementor-widget-heading\" data-id=\"eab6a8f\" data-element_type=\"widget\" data-widget_type=\"heading.default\">\n\t\t\t\t<div class=\"elementor-widget-container\">\n\t\t\t\t\t<h2 class=\"elementor-heading-title elementor-size-default\">Verdichter<\/h2>\t\t\t\t<\/div>\n\t\t\t\t<\/div>\n\t\t\t\t<\/div>\n\t\t\t\t<\/div>\n\t\t\t\t<\/div>\n\t\t\t\t<\/div>\n\t\t\t\t\t<\/div>\n\t\t\t\t<\/div>\n\t\t<div class=\"elementor-element elementor-element-683d638 e-flex e-con-boxed elementor-invisible e-con e-parent\" data-id=\"683d638\" data-element_type=\"container\" data-settings=\"{&quot;animation&quot;:&quot;fadeInUp&quot;,&quot;animation_delay&quot;:300}\">\n\t\t\t\t\t<div class=\"e-con-inner\">\n\t\t<div class=\"elementor-element elementor-element-3ead410 e-con-full e-flex e-con e-child\" data-id=\"3ead410\" data-element_type=\"container\">\n\t\t<div class=\"elementor-element elementor-element-f63fef4 e-con-full e-flex elementor-invisible e-con e-child\" data-id=\"f63fef4\" data-element_type=\"container\" data-settings=\"{&quot;animation&quot;:&quot;fadeInRight&quot;,&quot;animation_delay&quot;:400}\">\n\t\t\t\t<div class=\"elementor-element elementor-element-a7884ad elementor-widget__width-inherit elementor-widget elementor-widget-shortcode\" data-id=\"a7884ad\" data-element_type=\"widget\" data-widget_type=\"shortcode.default\">\n\t\t\t\t<div class=\"elementor-widget-container\">\n\t\t\t\t\t\t\t<div class=\"elementor-shortcode\"><h2 id=\"tablepress-163-name\" class=\"tablepress-table-name tablepress-table-name-id-163\">F\u00dcLLMASCHINE RME63C \u2013 Technische Daten<\/h2>\n\n<table id=\"tablepress-163\" class=\"tablepress tablepress-id-163\" aria-labelledby=\"tablepress-163-name\">\n<tbody class=\"row-striping\">\n<tr class=\"row-1\">\n\t<td class=\"column-1\">Produktionsleistung<\/td><td class=\"column-2\">800<\/td><td class=\"column-3\">Beh\u00e4lter\/Stunde<\/td>\n<\/tr>\n<tr class=\"row-2\">\n\t<td class=\"column-1\">Beh\u00e4lterma\u00dfe<\/td><td class=\"column-2\">700x500x160<\/td><td class=\"column-3\">mm<\/td>\n<\/tr>\n<tr class=\"row-3\">\n\t<td class=\"column-1\">Installierte Leistung<\/td><td class=\"column-2\">2,9<\/td><td class=\"column-3\">kW<\/td>\n<\/tr>\n<tr class=\"row-4\">\n\t<td class=\"column-1\">Bunker-Fassungsverm\u00f6gen<\/td><td class=\"column-2\">1000<\/td><td class=\"column-3\">l<\/td>\n<\/tr>\n<tr class=\"row-5\">\n\t<td class=\"column-1\">Gewicht<\/td><td class=\"column-2\">655<\/td><td class=\"column-3\">kg<\/td>\n<\/tr>\n<tr class=\"row-6\">\n\t<td class=\"column-1\">Abmessungen<\/td><td class=\"column-2\">2850x2500<\/td><td class=\"column-3\">mm<\/td>\n<\/tr>\n<\/tbody>\n<\/table>\n<!-- #tablepress-163 from cache --><\/div>\n\t\t\t\t\t\t<\/div>\n\t\t\t\t<\/div>\n\t\t\t\t<div class=\"elementor-element elementor-element-d185f90 elementor-widget__width-inherit elementor-widget elementor-widget-shortcode\" data-id=\"d185f90\" data-element_type=\"widget\" data-widget_type=\"shortcode.default\">\n\t\t\t\t<div class=\"elementor-widget-container\">\n\t\t\t\t\t\t\t<div class=\"elementor-shortcode\"><h2 id=\"tablepress-164-name\" class=\"tablepress-table-name tablepress-table-name-id-164\">F\u00dcLLMASCHINE RME63C \u2013 Lieferbare Entstapler<\/h2>\n\n<table id=\"tablepress-164\" class=\"tablepress tablepress-id-164\" aria-labelledby=\"tablepress-164-name\">\n<tbody class=\"row-striping\">\n<tr class=\"row-1\">\n\t<td class=\"column-1\">DC-1<\/td><td class=\"column-2\">Entstapler f\u00fcr Styropor-Beh\u00e4lter<\/td>\n<\/tr>\n<tr class=\"row-2\">\n\t<td class=\"column-1\">DC-6<\/td><td class=\"column-2\">Entstapler f\u00fcr schwere Hartplastik-Beh\u00e4lter<\/td>\n<\/tr>\n<tr class=\"row-3\">\n\t<td class=\"column-1\">DC-3<\/td><td class=\"column-2\">Entstapler f\u00fcr leichte thermogeformte Beh\u00e4lter<\/td>\n<\/tr>\n<tr class=\"row-4\">\n\t<td class=\"column-1\">DC-8<\/td><td class=\"column-2\">Entstapler f\u00fcr eine ruckfreie Freigabe der Beh\u00e4lter<\/td>\n<\/tr>\n<\/tbody>\n<\/table>\n<!-- #tablepress-164 from cache --><\/div>\n\t\t\t\t\t\t<\/div>\n\t\t\t\t<\/div>\n\t\t\t\t<\/div>\n\t\t\t\t<\/div>\n\t\t\t\t\t<\/div>\n\t\t\t\t<\/div>\n\t\t\t\t<\/div>\n\t\t","protected":false},"featured_media":3401,"template":"","meta":{"_acf_changed":false,"inline_featured_image":false},"product_category":[147],"class_list":["post-7118","product","type-product","status-publish","has-post-thumbnail","hentry","product_category-fuellen-und-eintopfen"],"acf":[],"yoast_head":"<!-- This site is optimized with the Yoast SEO plugin v26.0 - https:\/\/yoast.com\/wordpress\/plugins\/seo\/ -->\n<title>F\u00dcLLMASCHINE RME63C - MosaGreen<\/title>\n<meta name=\"robots\" content=\"index, follow, max-snippet:-1, max-image-preview:large, max-video-preview:-1\" \/>\n<link rel=\"canonical\" href=\"https:\/\/www.mosagreen.it\/de\/product\/fuellmaschine-rme63c\/\" \/>\n<meta property=\"og:locale\" content=\"de_DE\" \/>\n<meta property=\"og:type\" content=\"article\" \/>\n<meta property=\"og:title\" content=\"F\u00dcLLMASCHINE RME63C - MosaGreen\" \/>\n<meta property=\"og:description\" content=\"Die F\u00fcllmaschine RME63C ist f\u00fcr das Bef\u00fcllen von Trays und Topf-\/Schalen-Shuttle-Trays konzipiert. Sie ist mit einem 1000-Liter-Substratbunker, einem Bandf\u00f6rderer mit rutschfester Oberfl\u00e4che, einem Propellerverdichter mit einstellbarer Geschwindigkeit, einer motorisierten Reinigungsb\u00fcrste sowie einem Transportband f\u00fcr die R\u00fcckf\u00fchrung von \u00fcbersch\u00fcssigem Substrat ausgestattet. Entstapler F\u00fcllmaschine Verdichter\" \/>\n<meta property=\"og:url\" content=\"https:\/\/www.mosagreen.it\/de\/product\/fuellmaschine-rme63c\/\" \/>\n<meta property=\"og:site_name\" content=\"MosaGreen\" \/>\n<meta property=\"article:modified_time\" content=\"2025-08-19T08:46:14+00:00\" \/>\n<meta property=\"og:image\" content=\"https:\/\/www.mosagreen.it\/wp-content\/uploads\/2025\/05\/FILLER-RME63C.png\" \/>\n\t<meta property=\"og:image:width\" content=\"1603\" \/>\n\t<meta property=\"og:image:height\" content=\"1280\" \/>\n\t<meta property=\"og:image:type\" content=\"image\/png\" \/>\n<meta name=\"twitter:card\" content=\"summary_large_image\" \/>\n<meta name=\"twitter:label1\" content=\"Gesch\u00e4tzte Lesezeit\" \/>\n\t<meta name=\"twitter:data1\" content=\"2\u00a0Minute\" \/>\n<script type=\"application\/ld+json\" class=\"yoast-schema-graph\">{\"@context\":\"https:\/\/schema.org\",\"@graph\":[{\"@type\":\"WebPage\",\"@id\":\"https:\/\/www.mosagreen.it\/de\/product\/fuellmaschine-rme63c\/\",\"url\":\"https:\/\/www.mosagreen.it\/de\/product\/fuellmaschine-rme63c\/\",\"name\":\"F\u00dcLLMASCHINE RME63C - MosaGreen\",\"isPartOf\":{\"@id\":\"https:\/\/www.mosagreen.it\/de\/#website\"},\"primaryImageOfPage\":{\"@id\":\"https:\/\/www.mosagreen.it\/de\/product\/fuellmaschine-rme63c\/#primaryimage\"},\"image\":{\"@id\":\"https:\/\/www.mosagreen.it\/de\/product\/fuellmaschine-rme63c\/#primaryimage\"},\"thumbnailUrl\":\"https:\/\/www.mosagreen.it\/wp-content\/uploads\/2025\/05\/FILLER-RME63C.png\",\"datePublished\":\"2025-05-02T15:48:16+00:00\",\"dateModified\":\"2025-08-19T08:46:14+00:00\",\"breadcrumb\":{\"@id\":\"https:\/\/www.mosagreen.it\/de\/product\/fuellmaschine-rme63c\/#breadcrumb\"},\"inLanguage\":\"de\",\"potentialAction\":[{\"@type\":\"ReadAction\",\"target\":[\"https:\/\/www.mosagreen.it\/de\/product\/fuellmaschine-rme63c\/\"]}]},{\"@type\":\"ImageObject\",\"inLanguage\":\"de\",\"@id\":\"https:\/\/www.mosagreen.it\/de\/product\/fuellmaschine-rme63c\/#primaryimage\",\"url\":\"https:\/\/www.mosagreen.it\/wp-content\/uploads\/2025\/05\/FILLER-RME63C.png\",\"contentUrl\":\"https:\/\/www.mosagreen.it\/wp-content\/uploads\/2025\/05\/FILLER-RME63C.png\",\"width\":1603,\"height\":1280},{\"@type\":\"BreadcrumbList\",\"@id\":\"https:\/\/www.mosagreen.it\/de\/product\/fuellmaschine-rme63c\/#breadcrumb\",\"itemListElement\":[{\"@type\":\"ListItem\",\"position\":1,\"name\":\"Home\",\"item\":\"https:\/\/www.mosagreen.it\/de\/\"},{\"@type\":\"ListItem\",\"position\":2,\"name\":\"F\u00dcLLMASCHINE RME63C\"}]},{\"@type\":\"WebSite\",\"@id\":\"https:\/\/www.mosagreen.it\/de\/#website\",\"url\":\"https:\/\/www.mosagreen.it\/de\/\",\"name\":\"MosaGreen\",\"description\":\"Macchine per OrtoFloro Vivaismo\",\"publisher\":{\"@id\":\"https:\/\/www.mosagreen.it\/de\/#organization\"},\"potentialAction\":[{\"@type\":\"SearchAction\",\"target\":{\"@type\":\"EntryPoint\",\"urlTemplate\":\"https:\/\/www.mosagreen.it\/de\/?s={search_term_string}\"},\"query-input\":{\"@type\":\"PropertyValueSpecification\",\"valueRequired\":true,\"valueName\":\"search_term_string\"}}],\"inLanguage\":\"de\"},{\"@type\":\"Organization\",\"@id\":\"https:\/\/www.mosagreen.it\/de\/#organization\",\"name\":\"MosaGreen\",\"url\":\"https:\/\/www.mosagreen.it\/de\/\",\"logo\":{\"@type\":\"ImageObject\",\"inLanguage\":\"de\",\"@id\":\"https:\/\/www.mosagreen.it\/de\/#\/schema\/logo\/image\/\",\"url\":\"https:\/\/www.mosagreen.it\/wp-content\/uploads\/2025\/04\/logo-1.png\",\"contentUrl\":\"https:\/\/www.mosagreen.it\/wp-content\/uploads\/2025\/04\/logo-1.png\",\"width\":367,\"height\":476,\"caption\":\"MosaGreen\"},\"image\":{\"@id\":\"https:\/\/www.mosagreen.it\/de\/#\/schema\/logo\/image\/\"}}]}<\/script>\n<!-- \/ Yoast SEO plugin. -->","yoast_head_json":{"title":"F\u00dcLLMASCHINE RME63C - MosaGreen","robots":{"index":"index","follow":"follow","max-snippet":"max-snippet:-1","max-image-preview":"max-image-preview:large","max-video-preview":"max-video-preview:-1"},"canonical":"https:\/\/www.mosagreen.it\/de\/product\/fuellmaschine-rme63c\/","og_locale":"de_DE","og_type":"article","og_title":"F\u00dcLLMASCHINE RME63C - MosaGreen","og_description":"Die F\u00fcllmaschine RME63C ist f\u00fcr das Bef\u00fcllen von Trays und Topf-\/Schalen-Shuttle-Trays konzipiert. Sie ist mit einem 1000-Liter-Substratbunker, einem Bandf\u00f6rderer mit rutschfester Oberfl\u00e4che, einem Propellerverdichter mit einstellbarer Geschwindigkeit, einer motorisierten Reinigungsb\u00fcrste sowie einem Transportband f\u00fcr die R\u00fcckf\u00fchrung von \u00fcbersch\u00fcssigem Substrat ausgestattet. Entstapler F\u00fcllmaschine Verdichter","og_url":"https:\/\/www.mosagreen.it\/de\/product\/fuellmaschine-rme63c\/","og_site_name":"MosaGreen","article_modified_time":"2025-08-19T08:46:14+00:00","og_image":[{"width":1603,"height":1280,"url":"https:\/\/www.mosagreen.it\/wp-content\/uploads\/2025\/05\/FILLER-RME63C.png","type":"image\/png"}],"twitter_card":"summary_large_image","twitter_misc":{"Gesch\u00e4tzte Lesezeit":"2\u00a0Minute"},"schema":{"@context":"https:\/\/schema.org","@graph":[{"@type":"WebPage","@id":"https:\/\/www.mosagreen.it\/de\/product\/fuellmaschine-rme63c\/","url":"https:\/\/www.mosagreen.it\/de\/product\/fuellmaschine-rme63c\/","name":"F\u00dcLLMASCHINE RME63C - MosaGreen","isPartOf":{"@id":"https:\/\/www.mosagreen.it\/de\/#website"},"primaryImageOfPage":{"@id":"https:\/\/www.mosagreen.it\/de\/product\/fuellmaschine-rme63c\/#primaryimage"},"image":{"@id":"https:\/\/www.mosagreen.it\/de\/product\/fuellmaschine-rme63c\/#primaryimage"},"thumbnailUrl":"https:\/\/www.mosagreen.it\/wp-content\/uploads\/2025\/05\/FILLER-RME63C.png","datePublished":"2025-05-02T15:48:16+00:00","dateModified":"2025-08-19T08:46:14+00:00","breadcrumb":{"@id":"https:\/\/www.mosagreen.it\/de\/product\/fuellmaschine-rme63c\/#breadcrumb"},"inLanguage":"de","potentialAction":[{"@type":"ReadAction","target":["https:\/\/www.mosagreen.it\/de\/product\/fuellmaschine-rme63c\/"]}]},{"@type":"ImageObject","inLanguage":"de","@id":"https:\/\/www.mosagreen.it\/de\/product\/fuellmaschine-rme63c\/#primaryimage","url":"https:\/\/www.mosagreen.it\/wp-content\/uploads\/2025\/05\/FILLER-RME63C.png","contentUrl":"https:\/\/www.mosagreen.it\/wp-content\/uploads\/2025\/05\/FILLER-RME63C.png","width":1603,"height":1280},{"@type":"BreadcrumbList","@id":"https:\/\/www.mosagreen.it\/de\/product\/fuellmaschine-rme63c\/#breadcrumb","itemListElement":[{"@type":"ListItem","position":1,"name":"Home","item":"https:\/\/www.mosagreen.it\/de\/"},{"@type":"ListItem","position":2,"name":"F\u00dcLLMASCHINE RME63C"}]},{"@type":"WebSite","@id":"https:\/\/www.mosagreen.it\/de\/#website","url":"https:\/\/www.mosagreen.it\/de\/","name":"MosaGreen","description":"Macchine per OrtoFloro Vivaismo","publisher":{"@id":"https:\/\/www.mosagreen.it\/de\/#organization"},"potentialAction":[{"@type":"SearchAction","target":{"@type":"EntryPoint","urlTemplate":"https:\/\/www.mosagreen.it\/de\/?s={search_term_string}"},"query-input":{"@type":"PropertyValueSpecification","valueRequired":true,"valueName":"search_term_string"}}],"inLanguage":"de"},{"@type":"Organization","@id":"https:\/\/www.mosagreen.it\/de\/#organization","name":"MosaGreen","url":"https:\/\/www.mosagreen.it\/de\/","logo":{"@type":"ImageObject","inLanguage":"de","@id":"https:\/\/www.mosagreen.it\/de\/#\/schema\/logo\/image\/","url":"https:\/\/www.mosagreen.it\/wp-content\/uploads\/2025\/04\/logo-1.png","contentUrl":"https:\/\/www.mosagreen.it\/wp-content\/uploads\/2025\/04\/logo-1.png","width":367,"height":476,"caption":"MosaGreen"},"image":{"@id":"https:\/\/www.mosagreen.it\/de\/#\/schema\/logo\/image\/"}}]}},"_links":{"self":[{"href":"https:\/\/www.mosagreen.it\/de\/wp-json\/wp\/v2\/product\/7118","targetHints":{"allow":["GET"]}}],"collection":[{"href":"https:\/\/www.mosagreen.it\/de\/wp-json\/wp\/v2\/product"}],"about":[{"href":"https:\/\/www.mosagreen.it\/de\/wp-json\/wp\/v2\/types\/product"}],"version-history":[{"count":4,"href":"https:\/\/www.mosagreen.it\/de\/wp-json\/wp\/v2\/product\/7118\/revisions"}],"predecessor-version":[{"id":7122,"href":"https:\/\/www.mosagreen.it\/de\/wp-json\/wp\/v2\/product\/7118\/revisions\/7122"}],"wp:featuredmedia":[{"embeddable":true,"href":"https:\/\/www.mosagreen.it\/de\/wp-json\/wp\/v2\/media\/3401"}],"wp:attachment":[{"href":"https:\/\/www.mosagreen.it\/de\/wp-json\/wp\/v2\/media?parent=7118"}],"wp:term":[{"taxonomy":"product_category","embeddable":true,"href":"https:\/\/www.mosagreen.it\/de\/wp-json\/wp\/v2\/product_category?post=7118"}],"curies":[{"name":"wp","href":"https:\/\/api.w.org\/{rel}","templated":true}]}}