{"id":6702,"date":"2025-05-02T08:47:05","date_gmt":"2025-05-02T06:47:05","guid":{"rendered":"https:\/\/www.mosagreen.it\/product\/pannello-di-controllo-aqua-green-connect\/"},"modified":"2025-08-18T17:34:08","modified_gmt":"2025-08-18T15:34:08","slug":"steuerpanel-aqua-green-connect","status":"publish","type":"product","link":"https:\/\/www.mosagreen.it\/de\/product\/steuerpanel-aqua-green-connect\/","title":{"rendered":"STEUERPANEL AQUA GREEN CONNECT"},"content":{"rendered":"\t\t<div data-elementor-type=\"wp-post\" data-elementor-id=\"6702\" class=\"elementor elementor-6702 elementor-2569\" data-elementor-post-type=\"product\">\n\t\t\t\t<div class=\"elementor-element elementor-element-a1f243f e-con-full e-flex e-con e-parent\" data-id=\"a1f243f\" data-element_type=\"container\">\n\t\t\t\t<div class=\"elementor-element elementor-element-4f09dea elementor-widget elementor-widget-template\" data-id=\"4f09dea\" data-element_type=\"widget\" data-widget_type=\"template.default\">\n\t\t\t\t<div class=\"elementor-widget-container\">\n\t\t\t\t\t\t\t<div class=\"elementor-template\">\n\t\t\t\t\t<div data-elementor-type=\"page\" data-elementor-id=\"1778\" class=\"elementor elementor-1778\" data-elementor-post-type=\"elementor_library\">\n\t\t\t\t<div class=\"elementor-element elementor-element-6aadf54 e-con-full e-flex e-con e-parent\" data-id=\"6aadf54\" data-element_type=\"container\">\n\t\t\t\t<div class=\"elementor-element elementor-element-9b512b8 elementor-widget elementor-widget-image\" data-id=\"9b512b8\" data-element_type=\"widget\" data-widget_type=\"image.default\">\n\t\t\t\t<div class=\"elementor-widget-container\">\n\t\t\t\t\t\t\t\t\t\t\t\t\t\t\t<img decoding=\"async\" src=\"https:\/\/www.mosagreen.it\/wp-content\/uploads\/elementor\/thumbs\/TESTATA-Irrigazione-r6ikhhgb64z3uydwkbhn3aeq9xythvfqhd0s8qf3vc.jpg\" title=\"TESTATA-Irrigazione\" alt=\"TESTATA-Irrigazione\" loading=\"lazy\" \/>\t\t\t\t\t\t\t\t\t\t\t\t\t\t\t<\/div>\n\t\t\t\t<\/div>\n\t\t\t\t<\/div>\n\t\t\t\t<\/div>\n\t\t\t\t<\/div>\n\t\t\t\t\t\t<\/div>\n\t\t\t\t<\/div>\n\t\t\t\t<\/div>\n\t\t<div class=\"elementor-element elementor-element-055cfc2 e-flex e-con-boxed e-con e-parent\" data-id=\"055cfc2\" data-element_type=\"container\">\n\t\t\t\t\t<div class=\"e-con-inner\">\n\t\t<div class=\"elementor-element elementor-element-caa1732 e-con-full e-flex e-con e-child\" data-id=\"caa1732\" data-element_type=\"container\">\n\t\t\t\t<div class=\"elementor-element elementor-element-27297fd elementor-invisible elementor-widget elementor-widget-theme-post-featured-image elementor-widget-image\" data-id=\"27297fd\" data-element_type=\"widget\" data-settings=\"{&quot;_animation&quot;:&quot;fadeInLeft&quot;,&quot;_animation_delay&quot;:300}\" data-widget_type=\"theme-post-featured-image.default\">\n\t\t\t\t<div class=\"elementor-widget-container\">\n\t\t\t\t\t\t\t\t\t\t\t\t\t\t\t<img fetchpriority=\"high\" decoding=\"async\" width=\"600\" height=\"600\" src=\"https:\/\/www.mosagreen.it\/wp-content\/uploads\/2025\/05\/Pannello.png\" class=\"attachment-large size-large wp-image-5450\" alt=\"\" srcset=\"https:\/\/www.mosagreen.it\/wp-content\/uploads\/2025\/05\/Pannello.png 600w, https:\/\/www.mosagreen.it\/wp-content\/uploads\/2025\/05\/Pannello-300x300.png 300w, https:\/\/www.mosagreen.it\/wp-content\/uploads\/2025\/05\/Pannello-150x150.png 150w\" sizes=\"(max-width: 600px) 100vw, 600px\" \/>\t\t\t\t\t\t\t\t\t\t\t\t\t\t\t<\/div>\n\t\t\t\t<\/div>\n\t\t\t\t<\/div>\n\t\t<div class=\"elementor-element elementor-element-4588a71 e-con-full e-flex elementor-invisible e-con e-child\" data-id=\"4588a71\" data-element_type=\"container\" data-settings=\"{&quot;animation&quot;:&quot;fadeInRight&quot;,&quot;animation_delay&quot;:400}\">\n\t\t<div class=\"elementor-element elementor-element-7a7ad8c e-con-full e-flex e-con e-child\" data-id=\"7a7ad8c\" data-element_type=\"container\">\n\t\t\t\t<div class=\"elementor-element elementor-element-b84adf0 elementor-widget elementor-widget-heading\" data-id=\"b84adf0\" data-element_type=\"widget\" data-widget_type=\"heading.default\">\n\t\t\t\t<div class=\"elementor-widget-container\">\n\t\t\t\t\t<h2 class=\"elementor-heading-title elementor-size-default\">STEUERPANEL<\/h2>\t\t\t\t<\/div>\n\t\t\t\t<\/div>\n\t\t\t\t<div class=\"elementor-element elementor-element-6cb1c55 elementor-widget elementor-widget-heading\" data-id=\"6cb1c55\" data-element_type=\"widget\" data-widget_type=\"heading.default\">\n\t\t\t\t<div class=\"elementor-widget-container\">\n\t\t\t\t\t<h2 class=\"elementor-heading-title elementor-size-default\">AQUA GREEN CONNECT<\/h2>\t\t\t\t<\/div>\n\t\t\t\t<\/div>\n\t\t\t\t<\/div>\n\t\t\t\t<div class=\"elementor-element elementor-element-4c4dd93 elementor-widget elementor-widget-text-editor\" data-id=\"4c4dd93\" data-element_type=\"widget\" data-widget_type=\"text-editor.default\">\n\t\t\t\t<div class=\"elementor-widget-container\">\n\t\t\t\t\t\t\t\t\t<ul><li>Erstellung und Verwaltung von Bew\u00e4sserungsprogrammen<\/li><li>Unterteilung der zu bew\u00e4ssernden Fl\u00e4che in bis zu 10 Zonen<\/li><li>5 vorprogrammierte Starts, die verschiedenen Bew\u00e4sserungszonen zugeordnet werden k\u00f6nnen<\/li><li>Steuerung von bis zu 3 Magnetventilen je Bew\u00e4sserungsbalken<\/li><li>Steuerung von bis zu 5 Bew\u00e4sserungsbalken im Simultanbetrieb, wobei jeder Balken mit einem eigenen Bedienpanel ausger\u00fcstet ist<\/li><li>Fernsteuerung \u00fcber eine Web-Applikation<\/li><li>Steuerung s\u00e4mtlicher Bew\u00e4sserungs-Parameter und -Programme in Echtzeit<\/li><li>Erfassung und Speicherung der Daten der bordeigenen Sensoren<\/li><li>Bew\u00e4sserungs-Tagesbericht<\/li><li>Bew\u00e4sserungs-Tagesberichte Archiv.<\/li><\/ul>\t\t\t\t\t\t\t\t<\/div>\n\t\t\t\t<\/div>\n\t\t\t\t<\/div>\n\t\t\t\t\t<\/div>\n\t\t\t\t<\/div>\n\t\t\t\t<\/div>\n\t\t","protected":false},"featured_media":5450,"template":"","meta":{"_acf_changed":false,"inline_featured_image":false},"product_category":[123],"class_list":["post-6702","product","type-product","status-publish","has-post-thumbnail","hentry","product_category-bewaessern"],"acf":[],"yoast_head":"<!-- This site is optimized with the Yoast SEO plugin v26.0 - https:\/\/yoast.com\/wordpress\/plugins\/seo\/ -->\n<title>STEUERPANEL AQUA GREEN CONNECT - MosaGreen<\/title>\n<meta name=\"robots\" content=\"index, follow, max-snippet:-1, max-image-preview:large, max-video-preview:-1\" \/>\n<link rel=\"canonical\" href=\"https:\/\/www.mosagreen.it\/de\/product\/steuerpanel-aqua-green-connect\/\" \/>\n<meta property=\"og:locale\" content=\"de_DE\" \/>\n<meta property=\"og:type\" content=\"article\" \/>\n<meta property=\"og:title\" content=\"STEUERPANEL AQUA GREEN CONNECT - MosaGreen\" \/>\n<meta property=\"og:description\" content=\"Erstellung und Verwaltung von Bew\u00e4sserungsprogrammen Unterteilung der zu bew\u00e4ssernden Fl\u00e4che in bis zu 10 Zonen 5 vorprogrammierte Starts, die verschiedenen Bew\u00e4sserungszonen zugeordnet werden k\u00f6nnen Steuerung von bis zu 3 Magnetventilen je Bew\u00e4sserungsbalken Steuerung von bis zu 5 Bew\u00e4sserungsbalken im Simultanbetrieb, wobei jeder Balken mit einem eigenen Bedienpanel ausger\u00fcstet ist Fernsteuerung \u00fcber eine Web-Applikation Steuerung s\u00e4mtlicher [&hellip;]\" \/>\n<meta property=\"og:url\" content=\"https:\/\/www.mosagreen.it\/de\/product\/steuerpanel-aqua-green-connect\/\" \/>\n<meta property=\"og:site_name\" content=\"MosaGreen\" \/>\n<meta property=\"article:modified_time\" content=\"2025-08-18T15:34:08+00:00\" \/>\n<meta property=\"og:image\" content=\"https:\/\/www.mosagreen.it\/wp-content\/uploads\/2025\/05\/Pannello.png\" \/>\n\t<meta property=\"og:image:width\" content=\"600\" \/>\n\t<meta property=\"og:image:height\" content=\"600\" \/>\n\t<meta property=\"og:image:type\" content=\"image\/png\" \/>\n<meta name=\"twitter:card\" content=\"summary_large_image\" \/>\n<meta name=\"twitter:label1\" content=\"Gesch\u00e4tzte Lesezeit\" \/>\n\t<meta name=\"twitter:data1\" content=\"2\u00a0Minute\" \/>\n<script type=\"application\/ld+json\" class=\"yoast-schema-graph\">{\"@context\":\"https:\/\/schema.org\",\"@graph\":[{\"@type\":\"WebPage\",\"@id\":\"https:\/\/www.mosagreen.it\/de\/product\/steuerpanel-aqua-green-connect\/\",\"url\":\"https:\/\/www.mosagreen.it\/de\/product\/steuerpanel-aqua-green-connect\/\",\"name\":\"STEUERPANEL AQUA GREEN CONNECT - MosaGreen\",\"isPartOf\":{\"@id\":\"https:\/\/www.mosagreen.it\/de\/#website\"},\"primaryImageOfPage\":{\"@id\":\"https:\/\/www.mosagreen.it\/de\/product\/steuerpanel-aqua-green-connect\/#primaryimage\"},\"image\":{\"@id\":\"https:\/\/www.mosagreen.it\/de\/product\/steuerpanel-aqua-green-connect\/#primaryimage\"},\"thumbnailUrl\":\"https:\/\/www.mosagreen.it\/wp-content\/uploads\/2025\/05\/Pannello.png\",\"datePublished\":\"2025-05-02T06:47:05+00:00\",\"dateModified\":\"2025-08-18T15:34:08+00:00\",\"breadcrumb\":{\"@id\":\"https:\/\/www.mosagreen.it\/de\/product\/steuerpanel-aqua-green-connect\/#breadcrumb\"},\"inLanguage\":\"de\",\"potentialAction\":[{\"@type\":\"ReadAction\",\"target\":[\"https:\/\/www.mosagreen.it\/de\/product\/steuerpanel-aqua-green-connect\/\"]}]},{\"@type\":\"ImageObject\",\"inLanguage\":\"de\",\"@id\":\"https:\/\/www.mosagreen.it\/de\/product\/steuerpanel-aqua-green-connect\/#primaryimage\",\"url\":\"https:\/\/www.mosagreen.it\/wp-content\/uploads\/2025\/05\/Pannello.png\",\"contentUrl\":\"https:\/\/www.mosagreen.it\/wp-content\/uploads\/2025\/05\/Pannello.png\",\"width\":600,\"height\":600},{\"@type\":\"BreadcrumbList\",\"@id\":\"https:\/\/www.mosagreen.it\/de\/product\/steuerpanel-aqua-green-connect\/#breadcrumb\",\"itemListElement\":[{\"@type\":\"ListItem\",\"position\":1,\"name\":\"Home\",\"item\":\"https:\/\/www.mosagreen.it\/de\/\"},{\"@type\":\"ListItem\",\"position\":2,\"name\":\"STEUERPANEL AQUA GREEN CONNECT\"}]},{\"@type\":\"WebSite\",\"@id\":\"https:\/\/www.mosagreen.it\/de\/#website\",\"url\":\"https:\/\/www.mosagreen.it\/de\/\",\"name\":\"MosaGreen\",\"description\":\"Macchine per OrtoFloro Vivaismo\",\"publisher\":{\"@id\":\"https:\/\/www.mosagreen.it\/de\/#organization\"},\"potentialAction\":[{\"@type\":\"SearchAction\",\"target\":{\"@type\":\"EntryPoint\",\"urlTemplate\":\"https:\/\/www.mosagreen.it\/de\/?s={search_term_string}\"},\"query-input\":{\"@type\":\"PropertyValueSpecification\",\"valueRequired\":true,\"valueName\":\"search_term_string\"}}],\"inLanguage\":\"de\"},{\"@type\":\"Organization\",\"@id\":\"https:\/\/www.mosagreen.it\/de\/#organization\",\"name\":\"MosaGreen\",\"url\":\"https:\/\/www.mosagreen.it\/de\/\",\"logo\":{\"@type\":\"ImageObject\",\"inLanguage\":\"de\",\"@id\":\"https:\/\/www.mosagreen.it\/de\/#\/schema\/logo\/image\/\",\"url\":\"https:\/\/www.mosagreen.it\/wp-content\/uploads\/2025\/04\/logo-1.png\",\"contentUrl\":\"https:\/\/www.mosagreen.it\/wp-content\/uploads\/2025\/04\/logo-1.png\",\"width\":367,\"height\":476,\"caption\":\"MosaGreen\"},\"image\":{\"@id\":\"https:\/\/www.mosagreen.it\/de\/#\/schema\/logo\/image\/\"}}]}<\/script>\n<!-- \/ Yoast SEO plugin. -->","yoast_head_json":{"title":"STEUERPANEL AQUA GREEN CONNECT - MosaGreen","robots":{"index":"index","follow":"follow","max-snippet":"max-snippet:-1","max-image-preview":"max-image-preview:large","max-video-preview":"max-video-preview:-1"},"canonical":"https:\/\/www.mosagreen.it\/de\/product\/steuerpanel-aqua-green-connect\/","og_locale":"de_DE","og_type":"article","og_title":"STEUERPANEL AQUA GREEN CONNECT - MosaGreen","og_description":"Erstellung und Verwaltung von Bew\u00e4sserungsprogrammen Unterteilung der zu bew\u00e4ssernden Fl\u00e4che in bis zu 10 Zonen 5 vorprogrammierte Starts, die verschiedenen Bew\u00e4sserungszonen zugeordnet werden k\u00f6nnen Steuerung von bis zu 3 Magnetventilen je Bew\u00e4sserungsbalken Steuerung von bis zu 5 Bew\u00e4sserungsbalken im Simultanbetrieb, wobei jeder Balken mit einem eigenen Bedienpanel ausger\u00fcstet ist Fernsteuerung \u00fcber eine Web-Applikation Steuerung s\u00e4mtlicher [&hellip;]","og_url":"https:\/\/www.mosagreen.it\/de\/product\/steuerpanel-aqua-green-connect\/","og_site_name":"MosaGreen","article_modified_time":"2025-08-18T15:34:08+00:00","og_image":[{"width":600,"height":600,"url":"https:\/\/www.mosagreen.it\/wp-content\/uploads\/2025\/05\/Pannello.png","type":"image\/png"}],"twitter_card":"summary_large_image","twitter_misc":{"Gesch\u00e4tzte Lesezeit":"2\u00a0Minute"},"schema":{"@context":"https:\/\/schema.org","@graph":[{"@type":"WebPage","@id":"https:\/\/www.mosagreen.it\/de\/product\/steuerpanel-aqua-green-connect\/","url":"https:\/\/www.mosagreen.it\/de\/product\/steuerpanel-aqua-green-connect\/","name":"STEUERPANEL AQUA GREEN CONNECT - MosaGreen","isPartOf":{"@id":"https:\/\/www.mosagreen.it\/de\/#website"},"primaryImageOfPage":{"@id":"https:\/\/www.mosagreen.it\/de\/product\/steuerpanel-aqua-green-connect\/#primaryimage"},"image":{"@id":"https:\/\/www.mosagreen.it\/de\/product\/steuerpanel-aqua-green-connect\/#primaryimage"},"thumbnailUrl":"https:\/\/www.mosagreen.it\/wp-content\/uploads\/2025\/05\/Pannello.png","datePublished":"2025-05-02T06:47:05+00:00","dateModified":"2025-08-18T15:34:08+00:00","breadcrumb":{"@id":"https:\/\/www.mosagreen.it\/de\/product\/steuerpanel-aqua-green-connect\/#breadcrumb"},"inLanguage":"de","potentialAction":[{"@type":"ReadAction","target":["https:\/\/www.mosagreen.it\/de\/product\/steuerpanel-aqua-green-connect\/"]}]},{"@type":"ImageObject","inLanguage":"de","@id":"https:\/\/www.mosagreen.it\/de\/product\/steuerpanel-aqua-green-connect\/#primaryimage","url":"https:\/\/www.mosagreen.it\/wp-content\/uploads\/2025\/05\/Pannello.png","contentUrl":"https:\/\/www.mosagreen.it\/wp-content\/uploads\/2025\/05\/Pannello.png","width":600,"height":600},{"@type":"BreadcrumbList","@id":"https:\/\/www.mosagreen.it\/de\/product\/steuerpanel-aqua-green-connect\/#breadcrumb","itemListElement":[{"@type":"ListItem","position":1,"name":"Home","item":"https:\/\/www.mosagreen.it\/de\/"},{"@type":"ListItem","position":2,"name":"STEUERPANEL AQUA GREEN CONNECT"}]},{"@type":"WebSite","@id":"https:\/\/www.mosagreen.it\/de\/#website","url":"https:\/\/www.mosagreen.it\/de\/","name":"MosaGreen","description":"Macchine per OrtoFloro Vivaismo","publisher":{"@id":"https:\/\/www.mosagreen.it\/de\/#organization"},"potentialAction":[{"@type":"SearchAction","target":{"@type":"EntryPoint","urlTemplate":"https:\/\/www.mosagreen.it\/de\/?s={search_term_string}"},"query-input":{"@type":"PropertyValueSpecification","valueRequired":true,"valueName":"search_term_string"}}],"inLanguage":"de"},{"@type":"Organization","@id":"https:\/\/www.mosagreen.it\/de\/#organization","name":"MosaGreen","url":"https:\/\/www.mosagreen.it\/de\/","logo":{"@type":"ImageObject","inLanguage":"de","@id":"https:\/\/www.mosagreen.it\/de\/#\/schema\/logo\/image\/","url":"https:\/\/www.mosagreen.it\/wp-content\/uploads\/2025\/04\/logo-1.png","contentUrl":"https:\/\/www.mosagreen.it\/wp-content\/uploads\/2025\/04\/logo-1.png","width":367,"height":476,"caption":"MosaGreen"},"image":{"@id":"https:\/\/www.mosagreen.it\/de\/#\/schema\/logo\/image\/"}}]}},"_links":{"self":[{"href":"https:\/\/www.mosagreen.it\/de\/wp-json\/wp\/v2\/product\/6702","targetHints":{"allow":["GET"]}}],"collection":[{"href":"https:\/\/www.mosagreen.it\/de\/wp-json\/wp\/v2\/product"}],"about":[{"href":"https:\/\/www.mosagreen.it\/de\/wp-json\/wp\/v2\/types\/product"}],"version-history":[{"count":4,"href":"https:\/\/www.mosagreen.it\/de\/wp-json\/wp\/v2\/product\/6702\/revisions"}],"predecessor-version":[{"id":6706,"href":"https:\/\/www.mosagreen.it\/de\/wp-json\/wp\/v2\/product\/6702\/revisions\/6706"}],"wp:featuredmedia":[{"embeddable":true,"href":"https:\/\/www.mosagreen.it\/de\/wp-json\/wp\/v2\/media\/5450"}],"wp:attachment":[{"href":"https:\/\/www.mosagreen.it\/de\/wp-json\/wp\/v2\/media?parent=6702"}],"wp:term":[{"taxonomy":"product_category","embeddable":true,"href":"https:\/\/www.mosagreen.it\/de\/wp-json\/wp\/v2\/product_category?post=6702"}],"curies":[{"name":"wp","href":"https:\/\/api.w.org\/{rel}","templated":true}]}}