{"id":6418,"date":"2025-03-10T10:34:51","date_gmt":"2025-03-10T09:34:51","guid":{"rendered":"https:\/\/www.mosagreen.it\/product\/caricatore-automatico-di-contenitori-to59\/"},"modified":"2025-08-18T15:49:33","modified_gmt":"2025-08-18T13:49:33","slug":"tray-automatiklader-to59","status":"publish","type":"product","link":"https:\/\/www.mosagreen.it\/de\/product\/tray-automatiklader-to59\/","title":{"rendered":"TRAY AUTOMATIKLADER TO59"},"content":{"rendered":"\t\t<div data-elementor-type=\"wp-post\" data-elementor-id=\"6418\" class=\"elementor elementor-6418 elementor-2355\" data-elementor-post-type=\"product\">\n\t\t\t\t<div class=\"elementor-element elementor-element-b5812a9 e-con-full e-flex e-con e-parent\" data-id=\"b5812a9\" data-element_type=\"container\">\n\t\t\t\t<div class=\"elementor-element elementor-element-495e226 elementor-widget elementor-widget-template\" data-id=\"495e226\" data-element_type=\"widget\" data-widget_type=\"template.default\">\n\t\t\t\t<div class=\"elementor-widget-container\">\n\t\t\t\t\t\t\t<div class=\"elementor-template\">\n\t\t\t\t\t<div data-elementor-type=\"page\" data-elementor-id=\"1787\" class=\"elementor elementor-1787\" data-elementor-post-type=\"elementor_library\">\n\t\t\t\t<div class=\"elementor-element elementor-element-0033920 e-con-full e-flex e-con e-parent\" data-id=\"0033920\" data-element_type=\"container\">\n\t\t\t\t<div class=\"elementor-element elementor-element-cfa2025 elementor-widget elementor-widget-image\" data-id=\"cfa2025\" data-element_type=\"widget\" data-widget_type=\"image.default\">\n\t\t\t\t<div class=\"elementor-widget-container\">\n\t\t\t\t\t\t\t\t\t\t\t\t\t\t\t<img decoding=\"async\" src=\"https:\/\/www.mosagreen.it\/wp-content\/uploads\/elementor\/thumbs\/TESTATA-Movimentazione-r6iki5w43twk8teelm1xw48ppymd204r8pzepxevdk.jpg\" title=\"TESTATA-Movimentazione\" alt=\"TESTATA-Movimentazione\" loading=\"lazy\" \/>\t\t\t\t\t\t\t\t\t\t\t\t\t\t\t<\/div>\n\t\t\t\t<\/div>\n\t\t\t\t<\/div>\n\t\t\t\t<\/div>\n\t\t\t\t<\/div>\n\t\t\t\t\t\t<\/div>\n\t\t\t\t<\/div>\n\t\t\t\t<\/div>\n\t\t<div class=\"elementor-element elementor-element-e6d4980 e-flex e-con-boxed e-con e-parent\" data-id=\"e6d4980\" data-element_type=\"container\">\n\t\t\t\t\t<div class=\"e-con-inner\">\n\t\t<div class=\"elementor-element elementor-element-7a6e026 e-con-full e-flex e-con e-child\" data-id=\"7a6e026\" data-element_type=\"container\">\n\t\t\t\t<div class=\"elementor-element elementor-element-f4942ad elementor-invisible elementor-widget elementor-widget-theme-post-featured-image elementor-widget-image\" data-id=\"f4942ad\" data-element_type=\"widget\" data-settings=\"{&quot;_animation&quot;:&quot;fadeInLeft&quot;,&quot;_animation_delay&quot;:300}\" data-widget_type=\"theme-post-featured-image.default\">\n\t\t\t\t<div class=\"elementor-widget-container\">\n\t\t\t\t\t\t\t\t\t\t\t\t\t\t\t<img fetchpriority=\"high\" decoding=\"async\" width=\"800\" height=\"466\" src=\"https:\/\/www.mosagreen.it\/wp-content\/uploads\/2025\/03\/AUTOMATIC-TRAY-LOADER-TO59-1024x596.png\" class=\"attachment-large size-large wp-image-3268\" alt=\"\" srcset=\"https:\/\/www.mosagreen.it\/wp-content\/uploads\/2025\/03\/AUTOMATIC-TRAY-LOADER-TO59-1024x596.png 1024w, https:\/\/www.mosagreen.it\/wp-content\/uploads\/2025\/03\/AUTOMATIC-TRAY-LOADER-TO59-300x175.png 300w, https:\/\/www.mosagreen.it\/wp-content\/uploads\/2025\/03\/AUTOMATIC-TRAY-LOADER-TO59-768x447.png 768w, https:\/\/www.mosagreen.it\/wp-content\/uploads\/2025\/03\/AUTOMATIC-TRAY-LOADER-TO59-1536x894.png 1536w, https:\/\/www.mosagreen.it\/wp-content\/uploads\/2025\/03\/AUTOMATIC-TRAY-LOADER-TO59.png 1920w\" sizes=\"(max-width: 800px) 100vw, 800px\" \/>\t\t\t\t\t\t\t\t\t\t\t\t\t\t\t<\/div>\n\t\t\t\t<\/div>\n\t\t\t\t<\/div>\n\t\t<div class=\"elementor-element elementor-element-4cd0f18 e-con-full e-flex elementor-invisible e-con e-child\" data-id=\"4cd0f18\" data-element_type=\"container\" data-settings=\"{&quot;animation&quot;:&quot;fadeInRight&quot;,&quot;animation_delay&quot;:400}\">\n\t\t<div class=\"elementor-element elementor-element-fb4b608 e-con-full e-flex e-con e-child\" data-id=\"fb4b608\" data-element_type=\"container\">\n\t\t\t\t<div class=\"elementor-element elementor-element-25a4232 elementor-widget elementor-widget-heading\" data-id=\"25a4232\" data-element_type=\"widget\" data-widget_type=\"heading.default\">\n\t\t\t\t<div class=\"elementor-widget-container\">\n\t\t\t\t\t<h2 class=\"elementor-heading-title elementor-size-default\">TRAY AUTOMATIKLADER<\/h2>\t\t\t\t<\/div>\n\t\t\t\t<\/div>\n\t\t\t\t<div class=\"elementor-element elementor-element-0a3911a elementor-widget elementor-widget-heading\" data-id=\"0a3911a\" data-element_type=\"widget\" data-widget_type=\"heading.default\">\n\t\t\t\t<div class=\"elementor-widget-container\">\n\t\t\t\t\t<h2 class=\"elementor-heading-title elementor-size-default\">TO59<\/h2>\t\t\t\t<\/div>\n\t\t\t\t<\/div>\n\t\t\t\t<\/div>\n\t\t\t\t<div class=\"elementor-element elementor-element-fc1103a elementor-widget elementor-widget-text-editor\" data-id=\"fc1103a\" data-element_type=\"widget\" data-widget_type=\"text-editor.default\">\n\t\t\t\t<div class=\"elementor-widget-container\">\n\t\t\t\t\t\t\t\t\tDer Tray Automatiklader TO59 ist f\u00fcr die automatische Beschickung eines in eine S\u00e4linie integrierten Beh\u00e4lterentstaplers konzipiert. Er ist wahlweise mit einem 3 m oder einem 4 m langen F\u00f6rderband erh\u00e4ltlich. Dieser Tray Lader erm\u00f6glicht es, einen an eine F\u00fcllmaschine angeschlossenen Entstapler automatisch mit Traystapeln zu beschicken und ist in zwei Ausf\u00fchrungen erh\u00e4ltlich: eine f\u00fcr Hartplastik-Trays und eine f\u00fcr Polystyrol-Trays.\t\t\t\t\t\t\t\t<\/div>\n\t\t\t\t<\/div>\n\t\t\t\t<\/div>\n\t\t\t\t\t<\/div>\n\t\t\t\t<\/div>\n\t\t<div class=\"elementor-element elementor-element-42bbfd3 e-flex e-con-boxed elementor-invisible e-con e-parent\" data-id=\"42bbfd3\" data-element_type=\"container\" data-settings=\"{&quot;animation&quot;:&quot;fadeInUp&quot;,&quot;animation_delay&quot;:300}\">\n\t\t\t\t\t<div class=\"e-con-inner\">\n\t\t<div class=\"elementor-element elementor-element-58d4987 e-con-full e-flex e-con e-child\" data-id=\"58d4987\" data-element_type=\"container\">\n\t\t<div class=\"elementor-element elementor-element-e09de5f e-con-full e-flex elementor-invisible e-con e-child\" data-id=\"e09de5f\" data-element_type=\"container\" data-settings=\"{&quot;animation&quot;:&quot;fadeInRight&quot;,&quot;animation_delay&quot;:400}\">\n\t\t\t\t<div class=\"elementor-element elementor-element-82ef387 elementor-widget__width-inherit elementor-widget elementor-widget-shortcode\" data-id=\"82ef387\" data-element_type=\"widget\" data-widget_type=\"shortcode.default\">\n\t\t\t\t<div class=\"elementor-widget-container\">\n\t\t\t\t\t\t\t<div class=\"elementor-shortcode\"><h2 id=\"tablepress-105-name\" class=\"tablepress-table-name tablepress-table-name-id-105\">TRAY AUTOMATIKLADER TO59 \u2013 Lieferbare Entstapler<\/h2>\n\n<table id=\"tablepress-105\" class=\"tablepress tablepress-id-105\" aria-labelledby=\"tablepress-105-name\">\n<tbody class=\"row-striping\">\n<tr class=\"row-1\">\n\t<td class=\"column-1\">DC-1<\/td><td class=\"column-2\">Entstapler f\u00fcr Styropor-Beh\u00e4lter<\/td>\n<\/tr>\n<tr class=\"row-2\">\n\t<td class=\"column-1\">DC-6<\/td><td class=\"column-2\">Entstapler f\u00fcr schwere Hartplastik-Beh\u00e4lter<\/td>\n<\/tr>\n<\/tbody>\n<\/table>\n<!-- #tablepress-105 from cache --><\/div>\n\t\t\t\t\t\t<\/div>\n\t\t\t\t<\/div>\n\t\t\t\t<\/div>\n\t\t\t\t<\/div>\n\t\t\t\t\t<\/div>\n\t\t\t\t<\/div>\n\t\t\t\t<\/div>\n\t\t","protected":false},"featured_media":3268,"template":"","meta":{"_acf_changed":false,"inline_featured_image":false},"product_category":[131],"class_list":["post-6418","product","type-product","status-publish","has-post-thumbnail","hentry","product_category-befoerdern"],"acf":[],"yoast_head":"<!-- This site is optimized with the Yoast SEO plugin v26.0 - https:\/\/yoast.com\/wordpress\/plugins\/seo\/ -->\n<title>TRAY AUTOMATIKLADER TO59 - MosaGreen<\/title>\n<meta name=\"robots\" content=\"index, follow, max-snippet:-1, max-image-preview:large, max-video-preview:-1\" \/>\n<link rel=\"canonical\" href=\"https:\/\/www.mosagreen.it\/de\/product\/tray-automatiklader-to59\/\" \/>\n<meta property=\"og:locale\" content=\"de_DE\" \/>\n<meta property=\"og:type\" content=\"article\" \/>\n<meta property=\"og:title\" content=\"TRAY AUTOMATIKLADER TO59 - MosaGreen\" \/>\n<meta property=\"og:description\" content=\"Der Tray Automatiklader TO59 ist f\u00fcr die automatische Beschickung eines in eine S\u00e4linie integrierten Beh\u00e4lterentstaplers konzipiert. Er ist wahlweise mit einem 3 m oder einem 4 m langen F\u00f6rderband erh\u00e4ltlich. Dieser Tray Lader erm\u00f6glicht es, einen an eine F\u00fcllmaschine angeschlossenen Entstapler automatisch mit Traystapeln zu beschicken und ist in zwei Ausf\u00fchrungen erh\u00e4ltlich: eine f\u00fcr Hartplastik-Trays [&hellip;]\" \/>\n<meta property=\"og:url\" content=\"https:\/\/www.mosagreen.it\/de\/product\/tray-automatiklader-to59\/\" \/>\n<meta property=\"og:site_name\" content=\"MosaGreen\" \/>\n<meta property=\"article:modified_time\" content=\"2025-08-18T13:49:33+00:00\" \/>\n<meta property=\"og:image\" content=\"https:\/\/www.mosagreen.it\/wp-content\/uploads\/2025\/03\/AUTOMATIC-TRAY-LOADER-TO59.png\" \/>\n\t<meta property=\"og:image:width\" content=\"1920\" \/>\n\t<meta property=\"og:image:height\" content=\"1118\" \/>\n\t<meta property=\"og:image:type\" content=\"image\/png\" \/>\n<meta name=\"twitter:card\" content=\"summary_large_image\" \/>\n<meta name=\"twitter:label1\" content=\"Gesch\u00e4tzte Lesezeit\" \/>\n\t<meta name=\"twitter:data1\" content=\"1\u00a0Minute\" \/>\n<script type=\"application\/ld+json\" class=\"yoast-schema-graph\">{\"@context\":\"https:\/\/schema.org\",\"@graph\":[{\"@type\":\"WebPage\",\"@id\":\"https:\/\/www.mosagreen.it\/de\/product\/tray-automatiklader-to59\/\",\"url\":\"https:\/\/www.mosagreen.it\/de\/product\/tray-automatiklader-to59\/\",\"name\":\"TRAY AUTOMATIKLADER TO59 - MosaGreen\",\"isPartOf\":{\"@id\":\"https:\/\/www.mosagreen.it\/de\/#website\"},\"primaryImageOfPage\":{\"@id\":\"https:\/\/www.mosagreen.it\/de\/product\/tray-automatiklader-to59\/#primaryimage\"},\"image\":{\"@id\":\"https:\/\/www.mosagreen.it\/de\/product\/tray-automatiklader-to59\/#primaryimage\"},\"thumbnailUrl\":\"https:\/\/www.mosagreen.it\/wp-content\/uploads\/2025\/03\/AUTOMATIC-TRAY-LOADER-TO59.png\",\"datePublished\":\"2025-03-10T09:34:51+00:00\",\"dateModified\":\"2025-08-18T13:49:33+00:00\",\"breadcrumb\":{\"@id\":\"https:\/\/www.mosagreen.it\/de\/product\/tray-automatiklader-to59\/#breadcrumb\"},\"inLanguage\":\"de\",\"potentialAction\":[{\"@type\":\"ReadAction\",\"target\":[\"https:\/\/www.mosagreen.it\/de\/product\/tray-automatiklader-to59\/\"]}]},{\"@type\":\"ImageObject\",\"inLanguage\":\"de\",\"@id\":\"https:\/\/www.mosagreen.it\/de\/product\/tray-automatiklader-to59\/#primaryimage\",\"url\":\"https:\/\/www.mosagreen.it\/wp-content\/uploads\/2025\/03\/AUTOMATIC-TRAY-LOADER-TO59.png\",\"contentUrl\":\"https:\/\/www.mosagreen.it\/wp-content\/uploads\/2025\/03\/AUTOMATIC-TRAY-LOADER-TO59.png\",\"width\":1920,\"height\":1118},{\"@type\":\"BreadcrumbList\",\"@id\":\"https:\/\/www.mosagreen.it\/de\/product\/tray-automatiklader-to59\/#breadcrumb\",\"itemListElement\":[{\"@type\":\"ListItem\",\"position\":1,\"name\":\"Home\",\"item\":\"https:\/\/www.mosagreen.it\/de\/\"},{\"@type\":\"ListItem\",\"position\":2,\"name\":\"TRAY AUTOMATIKLADER TO59\"}]},{\"@type\":\"WebSite\",\"@id\":\"https:\/\/www.mosagreen.it\/de\/#website\",\"url\":\"https:\/\/www.mosagreen.it\/de\/\",\"name\":\"MosaGreen\",\"description\":\"Macchine per OrtoFloro Vivaismo\",\"publisher\":{\"@id\":\"https:\/\/www.mosagreen.it\/de\/#organization\"},\"potentialAction\":[{\"@type\":\"SearchAction\",\"target\":{\"@type\":\"EntryPoint\",\"urlTemplate\":\"https:\/\/www.mosagreen.it\/de\/?s={search_term_string}\"},\"query-input\":{\"@type\":\"PropertyValueSpecification\",\"valueRequired\":true,\"valueName\":\"search_term_string\"}}],\"inLanguage\":\"de\"},{\"@type\":\"Organization\",\"@id\":\"https:\/\/www.mosagreen.it\/de\/#organization\",\"name\":\"MosaGreen\",\"url\":\"https:\/\/www.mosagreen.it\/de\/\",\"logo\":{\"@type\":\"ImageObject\",\"inLanguage\":\"de\",\"@id\":\"https:\/\/www.mosagreen.it\/de\/#\/schema\/logo\/image\/\",\"url\":\"https:\/\/www.mosagreen.it\/wp-content\/uploads\/2025\/04\/logo-1.png\",\"contentUrl\":\"https:\/\/www.mosagreen.it\/wp-content\/uploads\/2025\/04\/logo-1.png\",\"width\":367,\"height\":476,\"caption\":\"MosaGreen\"},\"image\":{\"@id\":\"https:\/\/www.mosagreen.it\/de\/#\/schema\/logo\/image\/\"}}]}<\/script>\n<!-- \/ Yoast SEO plugin. -->","yoast_head_json":{"title":"TRAY AUTOMATIKLADER TO59 - MosaGreen","robots":{"index":"index","follow":"follow","max-snippet":"max-snippet:-1","max-image-preview":"max-image-preview:large","max-video-preview":"max-video-preview:-1"},"canonical":"https:\/\/www.mosagreen.it\/de\/product\/tray-automatiklader-to59\/","og_locale":"de_DE","og_type":"article","og_title":"TRAY AUTOMATIKLADER TO59 - MosaGreen","og_description":"Der Tray Automatiklader TO59 ist f\u00fcr die automatische Beschickung eines in eine S\u00e4linie integrierten Beh\u00e4lterentstaplers konzipiert. Er ist wahlweise mit einem 3 m oder einem 4 m langen F\u00f6rderband erh\u00e4ltlich. Dieser Tray Lader erm\u00f6glicht es, einen an eine F\u00fcllmaschine angeschlossenen Entstapler automatisch mit Traystapeln zu beschicken und ist in zwei Ausf\u00fchrungen erh\u00e4ltlich: eine f\u00fcr Hartplastik-Trays [&hellip;]","og_url":"https:\/\/www.mosagreen.it\/de\/product\/tray-automatiklader-to59\/","og_site_name":"MosaGreen","article_modified_time":"2025-08-18T13:49:33+00:00","og_image":[{"width":1920,"height":1118,"url":"https:\/\/www.mosagreen.it\/wp-content\/uploads\/2025\/03\/AUTOMATIC-TRAY-LOADER-TO59.png","type":"image\/png"}],"twitter_card":"summary_large_image","twitter_misc":{"Gesch\u00e4tzte Lesezeit":"1\u00a0Minute"},"schema":{"@context":"https:\/\/schema.org","@graph":[{"@type":"WebPage","@id":"https:\/\/www.mosagreen.it\/de\/product\/tray-automatiklader-to59\/","url":"https:\/\/www.mosagreen.it\/de\/product\/tray-automatiklader-to59\/","name":"TRAY AUTOMATIKLADER TO59 - MosaGreen","isPartOf":{"@id":"https:\/\/www.mosagreen.it\/de\/#website"},"primaryImageOfPage":{"@id":"https:\/\/www.mosagreen.it\/de\/product\/tray-automatiklader-to59\/#primaryimage"},"image":{"@id":"https:\/\/www.mosagreen.it\/de\/product\/tray-automatiklader-to59\/#primaryimage"},"thumbnailUrl":"https:\/\/www.mosagreen.it\/wp-content\/uploads\/2025\/03\/AUTOMATIC-TRAY-LOADER-TO59.png","datePublished":"2025-03-10T09:34:51+00:00","dateModified":"2025-08-18T13:49:33+00:00","breadcrumb":{"@id":"https:\/\/www.mosagreen.it\/de\/product\/tray-automatiklader-to59\/#breadcrumb"},"inLanguage":"de","potentialAction":[{"@type":"ReadAction","target":["https:\/\/www.mosagreen.it\/de\/product\/tray-automatiklader-to59\/"]}]},{"@type":"ImageObject","inLanguage":"de","@id":"https:\/\/www.mosagreen.it\/de\/product\/tray-automatiklader-to59\/#primaryimage","url":"https:\/\/www.mosagreen.it\/wp-content\/uploads\/2025\/03\/AUTOMATIC-TRAY-LOADER-TO59.png","contentUrl":"https:\/\/www.mosagreen.it\/wp-content\/uploads\/2025\/03\/AUTOMATIC-TRAY-LOADER-TO59.png","width":1920,"height":1118},{"@type":"BreadcrumbList","@id":"https:\/\/www.mosagreen.it\/de\/product\/tray-automatiklader-to59\/#breadcrumb","itemListElement":[{"@type":"ListItem","position":1,"name":"Home","item":"https:\/\/www.mosagreen.it\/de\/"},{"@type":"ListItem","position":2,"name":"TRAY AUTOMATIKLADER TO59"}]},{"@type":"WebSite","@id":"https:\/\/www.mosagreen.it\/de\/#website","url":"https:\/\/www.mosagreen.it\/de\/","name":"MosaGreen","description":"Macchine per OrtoFloro Vivaismo","publisher":{"@id":"https:\/\/www.mosagreen.it\/de\/#organization"},"potentialAction":[{"@type":"SearchAction","target":{"@type":"EntryPoint","urlTemplate":"https:\/\/www.mosagreen.it\/de\/?s={search_term_string}"},"query-input":{"@type":"PropertyValueSpecification","valueRequired":true,"valueName":"search_term_string"}}],"inLanguage":"de"},{"@type":"Organization","@id":"https:\/\/www.mosagreen.it\/de\/#organization","name":"MosaGreen","url":"https:\/\/www.mosagreen.it\/de\/","logo":{"@type":"ImageObject","inLanguage":"de","@id":"https:\/\/www.mosagreen.it\/de\/#\/schema\/logo\/image\/","url":"https:\/\/www.mosagreen.it\/wp-content\/uploads\/2025\/04\/logo-1.png","contentUrl":"https:\/\/www.mosagreen.it\/wp-content\/uploads\/2025\/04\/logo-1.png","width":367,"height":476,"caption":"MosaGreen"},"image":{"@id":"https:\/\/www.mosagreen.it\/de\/#\/schema\/logo\/image\/"}}]}},"_links":{"self":[{"href":"https:\/\/www.mosagreen.it\/de\/wp-json\/wp\/v2\/product\/6418","targetHints":{"allow":["GET"]}}],"collection":[{"href":"https:\/\/www.mosagreen.it\/de\/wp-json\/wp\/v2\/product"}],"about":[{"href":"https:\/\/www.mosagreen.it\/de\/wp-json\/wp\/v2\/types\/product"}],"version-history":[{"count":4,"href":"https:\/\/www.mosagreen.it\/de\/wp-json\/wp\/v2\/product\/6418\/revisions"}],"predecessor-version":[{"id":6424,"href":"https:\/\/www.mosagreen.it\/de\/wp-json\/wp\/v2\/product\/6418\/revisions\/6424"}],"wp:featuredmedia":[{"embeddable":true,"href":"https:\/\/www.mosagreen.it\/de\/wp-json\/wp\/v2\/media\/3268"}],"wp:attachment":[{"href":"https:\/\/www.mosagreen.it\/de\/wp-json\/wp\/v2\/media?parent=6418"}],"wp:term":[{"taxonomy":"product_category","embeddable":true,"href":"https:\/\/www.mosagreen.it\/de\/wp-json\/wp\/v2\/product_category?post=6418"}],"curies":[{"name":"wp","href":"https:\/\/api.w.org\/{rel}","templated":true}]}}