{"id":6320,"date":"2025-02-01T11:11:57","date_gmt":"2025-02-01T10:11:57","guid":{"rendered":"https:\/\/www.mosagreen.it\/product\/trapiantatrice-tea-600n\/"},"modified":"2025-08-18T15:28:38","modified_gmt":"2025-08-18T13:28:38","slug":"transplanter-tea-600n","status":"publish","type":"product","link":"https:\/\/www.mosagreen.it\/de\/product\/transplanter-tea-600n\/","title":{"rendered":"TRANSPLANTER\u00a0TEA 600N"},"content":{"rendered":"\t\t<div data-elementor-type=\"wp-post\" data-elementor-id=\"6320\" class=\"elementor elementor-6320 elementor-2112\" data-elementor-post-type=\"product\">\n\t\t\t\t<div class=\"elementor-element elementor-element-7cb1c50 e-con-full e-flex e-con e-parent\" data-id=\"7cb1c50\" data-element_type=\"container\">\n\t\t\t\t<div class=\"elementor-element elementor-element-99d53d3 elementor-widget elementor-widget-template\" data-id=\"99d53d3\" data-element_type=\"widget\" data-widget_type=\"template.default\">\n\t\t\t\t<div class=\"elementor-widget-container\">\n\t\t\t\t\t\t\t<div class=\"elementor-template\">\n\t\t\t\t\t<div data-elementor-type=\"page\" data-elementor-id=\"1790\" class=\"elementor elementor-1790\" data-elementor-post-type=\"elementor_library\">\n\t\t\t\t<div class=\"elementor-element elementor-element-150f5b1 e-con-full e-flex e-con e-parent\" data-id=\"150f5b1\" data-element_type=\"container\">\n\t\t\t\t<div class=\"elementor-element elementor-element-0df2c98 elementor-widget elementor-widget-image\" data-id=\"0df2c98\" data-element_type=\"widget\" data-widget_type=\"image.default\">\n\t\t\t\t<div class=\"elementor-widget-container\">\n\t\t\t\t\t\t\t\t\t\t\t\t\t\t\t<img decoding=\"async\" src=\"https:\/\/www.mosagreen.it\/wp-content\/uploads\/elementor\/thumbs\/TESTATA-Trapiantatrici-r6ikiqkka6ovc8kd8uzqez0usfsfrceunkc3a0k7ko.jpg\" title=\"TESTATA-Trapiantatrici\" alt=\"TESTATA-Trapiantatrici\" loading=\"lazy\" \/>\t\t\t\t\t\t\t\t\t\t\t\t\t\t\t<\/div>\n\t\t\t\t<\/div>\n\t\t\t\t<\/div>\n\t\t\t\t<\/div>\n\t\t\t\t<\/div>\n\t\t\t\t\t\t<\/div>\n\t\t\t\t<\/div>\n\t\t\t\t<\/div>\n\t\t<div class=\"elementor-element elementor-element-f46b1c1 e-flex e-con-boxed e-con e-parent\" data-id=\"f46b1c1\" data-element_type=\"container\">\n\t\t\t\t\t<div class=\"e-con-inner\">\n\t\t<div class=\"elementor-element elementor-element-a7397a6 e-con-full e-flex e-con e-child\" data-id=\"a7397a6\" data-element_type=\"container\">\n\t\t\t\t<div class=\"elementor-element elementor-element-7d9dee5 elementor-invisible elementor-widget elementor-widget-theme-post-featured-image elementor-widget-image\" data-id=\"7d9dee5\" data-element_type=\"widget\" data-settings=\"{&quot;_animation&quot;:&quot;fadeInLeft&quot;,&quot;_animation_delay&quot;:300}\" data-widget_type=\"theme-post-featured-image.default\">\n\t\t\t\t<div class=\"elementor-widget-container\">\n\t\t\t\t\t\t\t\t\t\t\t\t\t\t\t<img fetchpriority=\"high\" decoding=\"async\" width=\"800\" height=\"671\" src=\"https:\/\/www.mosagreen.it\/wp-content\/uploads\/2025\/05\/TRANSPLANTER-TEA-600N-1024x859.png\" class=\"attachment-large size-large wp-image-2128\" alt=\"\" srcset=\"https:\/\/www.mosagreen.it\/wp-content\/uploads\/2025\/05\/TRANSPLANTER-TEA-600N-1024x859.png 1024w, https:\/\/www.mosagreen.it\/wp-content\/uploads\/2025\/05\/TRANSPLANTER-TEA-600N-300x252.png 300w, https:\/\/www.mosagreen.it\/wp-content\/uploads\/2025\/05\/TRANSPLANTER-TEA-600N-768x644.png 768w, https:\/\/www.mosagreen.it\/wp-content\/uploads\/2025\/05\/TRANSPLANTER-TEA-600N-1536x1288.png 1536w, https:\/\/www.mosagreen.it\/wp-content\/uploads\/2025\/05\/TRANSPLANTER-TEA-600N.png 1920w\" sizes=\"(max-width: 800px) 100vw, 800px\" \/>\t\t\t\t\t\t\t\t\t\t\t\t\t\t\t<\/div>\n\t\t\t\t<\/div>\n\t\t\t\t<\/div>\n\t\t<div class=\"elementor-element elementor-element-2ff16de e-con-full e-flex elementor-invisible e-con e-child\" data-id=\"2ff16de\" data-element_type=\"container\" data-settings=\"{&quot;animation&quot;:&quot;fadeInRight&quot;,&quot;animation_delay&quot;:400}\">\n\t\t<div class=\"elementor-element elementor-element-070ad0a e-con-full e-flex e-con e-child\" data-id=\"070ad0a\" data-element_type=\"container\">\n\t\t\t\t<div class=\"elementor-element elementor-element-6f02528 elementor-widget elementor-widget-heading\" data-id=\"6f02528\" data-element_type=\"widget\" data-widget_type=\"heading.default\">\n\t\t\t\t<div class=\"elementor-widget-container\">\n\t\t\t\t\t<h2 class=\"elementor-heading-title elementor-size-default\">TRANSPLANTER\u00a0TEA<\/h2>\t\t\t\t<\/div>\n\t\t\t\t<\/div>\n\t\t\t\t<div class=\"elementor-element elementor-element-c0dd735 elementor-widget elementor-widget-heading\" data-id=\"c0dd735\" data-element_type=\"widget\" data-widget_type=\"heading.default\">\n\t\t\t\t<div class=\"elementor-widget-container\">\n\t\t\t\t\t<h2 class=\"elementor-heading-title elementor-size-default\">600N<\/h2>\t\t\t\t<\/div>\n\t\t\t\t<\/div>\n\t\t\t\t<\/div>\n\t\t\t\t<div class=\"elementor-element elementor-element-cced66c elementor-widget elementor-widget-text-editor\" data-id=\"cced66c\" data-element_type=\"widget\" data-widget_type=\"text-editor.default\">\n\t\t\t\t<div class=\"elementor-widget-container\">\n\t\t\t\t\t\t\t\t\tDer Transplanter TEA 600N ist f\u00fcr das automatische Umpflanzen von Jungpflanzen konzipiert und zeichnet sich durch eine einfache Bedienung und einen geringen Wartungsaufwand aus. Die Greifer sind einzeln motorisiert und erm\u00f6glichen es, die Jungpflanzen auch seitlich zu erfassen. Die Seitw\u00e4rtsbewegung der Greifer sowie die Maschinenparameter und die Umpflanzprogramme werden \u00fcber das Bedienpanel verwaltet. Die Parameter und Programme k\u00f6nnen auf einem USB-Stick gespeichert werden.\t\t\t\t\t\t\t\t<\/div>\n\t\t\t\t<\/div>\n\t\t\t\t<\/div>\n\t\t\t\t\t<\/div>\n\t\t\t\t<\/div>\n\t\t<div class=\"elementor-element elementor-element-bd7eac4 e-flex e-con-boxed elementor-invisible e-con e-parent\" data-id=\"bd7eac4\" data-element_type=\"container\" data-settings=\"{&quot;animation&quot;:&quot;fadeInUp&quot;,&quot;animation_delay&quot;:300}\">\n\t\t\t\t\t<div class=\"e-con-inner\">\n\t\t<div class=\"elementor-element elementor-element-332f4dc e-con-full e-flex e-con e-child\" data-id=\"332f4dc\" data-element_type=\"container\">\n\t\t<div class=\"elementor-element elementor-element-ba62386 e-con-full e-flex elementor-invisible e-con e-child\" data-id=\"ba62386\" data-element_type=\"container\" data-settings=\"{&quot;animation&quot;:&quot;fadeInLeft&quot;,&quot;animation_delay&quot;:300}\">\n\t\t\t\t<div class=\"elementor-element elementor-element-6820faf elementor-widget elementor-widget-image\" data-id=\"6820faf\" data-element_type=\"widget\" data-widget_type=\"image.default\">\n\t\t\t\t<div class=\"elementor-widget-container\">\n\t\t\t\t\t\t\t\t\t\t\t\t\t\t\t<img decoding=\"async\" width=\"600\" height=\"600\" src=\"https:\/\/www.mosagreen.it\/wp-content\/uploads\/2025\/05\/pag-53-55.png\" class=\"attachment-large size-large wp-image-2137\" alt=\"\" srcset=\"https:\/\/www.mosagreen.it\/wp-content\/uploads\/2025\/05\/pag-53-55.png 600w, https:\/\/www.mosagreen.it\/wp-content\/uploads\/2025\/05\/pag-53-55-300x300.png 300w, https:\/\/www.mosagreen.it\/wp-content\/uploads\/2025\/05\/pag-53-55-150x150.png 150w\" sizes=\"(max-width: 600px) 100vw, 600px\" \/>\t\t\t\t\t\t\t\t\t\t\t\t\t\t\t<\/div>\n\t\t\t\t<\/div>\n\t\t\t\t<\/div>\n\t\t<div class=\"elementor-element elementor-element-2d69a09 e-con-full e-flex elementor-invisible e-con e-child\" data-id=\"2d69a09\" data-element_type=\"container\" data-settings=\"{&quot;animation&quot;:&quot;fadeInRight&quot;,&quot;animation_delay&quot;:400}\">\n\t\t\t\t<div class=\"elementor-element elementor-element-15fe2bc elementor-widget__width-inherit elementor-widget elementor-widget-shortcode\" data-id=\"15fe2bc\" data-element_type=\"widget\" data-widget_type=\"shortcode.default\">\n\t\t\t\t<div class=\"elementor-widget-container\">\n\t\t\t\t\t\t\t<div class=\"elementor-shortcode\"><h2 id=\"tablepress-93-name\" class=\"tablepress-table-name tablepress-table-name-id-93\">TRANSPLANTER\u00a0TEA 600N \u2013 Technische Daten<\/h2>\n\n<table id=\"tablepress-93\" class=\"tablepress tablepress-id-93\" aria-labelledby=\"tablepress-93-name\">\n<tbody class=\"row-striping\">\n<tr class=\"row-1\">\n\t<td class=\"column-1\">Produktionsleistung<\/td><td class=\"column-2\">1500<\/td><td class=\"column-3\">Pflanzen\/Stunde\/Greifer<\/td>\n<\/tr>\n<tr class=\"row-2\">\n\t<td class=\"column-1\">Beh\u00e4lterma\u00dfe<\/td><td class=\"column-2\">400x600<\/td><td class=\"column-3\">mm<\/td>\n<\/tr>\n<tr class=\"row-3\">\n\t<td class=\"column-1\">Luftverbrauch (max.)<\/td><td class=\"column-2\">70<\/td><td class=\"column-3\">l\/min<\/td>\n<\/tr>\n<tr class=\"row-4\">\n\t<td class=\"column-1\">Anzahl der Greifer (max.)<\/td><td class=\"column-2\">12<\/td><td class=\"column-3\"><\/td>\n<\/tr>\n<tr class=\"row-5\">\n\t<td class=\"column-1\">Gewicht<\/td><td class=\"column-2\">600<\/td><td class=\"column-3\">kg<\/td>\n<\/tr>\n<tr class=\"row-6\">\n\t<td class=\"column-1\">Abmessungen<\/td><td class=\"column-2\">1900x2900<\/td><td class=\"column-3\">mm<\/td>\n<\/tr>\n<\/tbody>\n<\/table>\n<!-- #tablepress-93 from cache --><\/div>\n\t\t\t\t\t\t<\/div>\n\t\t\t\t<\/div>\n\t\t\t\t<\/div>\n\t\t\t\t<\/div>\n\t\t\t\t\t<\/div>\n\t\t\t\t<\/div>\n\t\t\t\t<\/div>\n\t\t","protected":false},"featured_media":2128,"template":"","meta":{"_acf_changed":false,"inline_featured_image":false},"product_category":[140,135],"class_list":["post-6320","product","type-product","status-publish","has-post-thumbnail","hentry","product_category-trapiantatrici-automatiche-tea-de","product_category-umpflanzen"],"acf":[],"yoast_head":"<!-- This site is optimized with the Yoast SEO plugin v26.0 - https:\/\/yoast.com\/wordpress\/plugins\/seo\/ -->\n<title>TRANSPLANTER\u00a0TEA 600N - MosaGreen<\/title>\n<meta name=\"robots\" content=\"index, follow, max-snippet:-1, max-image-preview:large, max-video-preview:-1\" \/>\n<link rel=\"canonical\" href=\"https:\/\/www.mosagreen.it\/de\/product\/transplanter-tea-600n\/\" \/>\n<meta property=\"og:locale\" content=\"de_DE\" \/>\n<meta property=\"og:type\" content=\"article\" \/>\n<meta property=\"og:title\" content=\"TRANSPLANTER\u00a0TEA 600N - MosaGreen\" \/>\n<meta property=\"og:description\" content=\"Der Transplanter TEA 600N ist f\u00fcr das automatische Umpflanzen von Jungpflanzen konzipiert und zeichnet sich durch eine einfache Bedienung und einen geringen Wartungsaufwand aus. Die Greifer sind einzeln motorisiert und erm\u00f6glichen es, die Jungpflanzen auch seitlich zu erfassen. Die Seitw\u00e4rtsbewegung der Greifer sowie die Maschinenparameter und die Umpflanzprogramme werden \u00fcber das Bedienpanel verwaltet. Die Parameter [&hellip;]\" \/>\n<meta property=\"og:url\" content=\"https:\/\/www.mosagreen.it\/de\/product\/transplanter-tea-600n\/\" \/>\n<meta property=\"og:site_name\" content=\"MosaGreen\" \/>\n<meta property=\"article:modified_time\" content=\"2025-08-18T13:28:38+00:00\" \/>\n<meta property=\"og:image\" content=\"https:\/\/www.mosagreen.it\/wp-content\/uploads\/2025\/05\/TRANSPLANTER-TEA-600N-1024x859.png\" \/>\n\t<meta property=\"og:image:width\" content=\"1024\" \/>\n\t<meta property=\"og:image:height\" content=\"859\" \/>\n\t<meta property=\"og:image:type\" content=\"image\/png\" \/>\n<meta name=\"twitter:card\" content=\"summary_large_image\" \/>\n<meta name=\"twitter:label1\" content=\"Gesch\u00e4tzte Lesezeit\" \/>\n\t<meta name=\"twitter:data1\" content=\"2\u00a0Minute\" \/>\n<script type=\"application\/ld+json\" class=\"yoast-schema-graph\">{\"@context\":\"https:\/\/schema.org\",\"@graph\":[{\"@type\":\"WebPage\",\"@id\":\"https:\/\/www.mosagreen.it\/de\/product\/transplanter-tea-600n\/\",\"url\":\"https:\/\/www.mosagreen.it\/de\/product\/transplanter-tea-600n\/\",\"name\":\"TRANSPLANTER\u00a0TEA 600N - MosaGreen\",\"isPartOf\":{\"@id\":\"https:\/\/www.mosagreen.it\/de\/#website\"},\"primaryImageOfPage\":{\"@id\":\"https:\/\/www.mosagreen.it\/de\/product\/transplanter-tea-600n\/#primaryimage\"},\"image\":{\"@id\":\"https:\/\/www.mosagreen.it\/de\/product\/transplanter-tea-600n\/#primaryimage\"},\"thumbnailUrl\":\"https:\/\/www.mosagreen.it\/wp-content\/uploads\/2025\/05\/TRANSPLANTER-TEA-600N.png\",\"datePublished\":\"2025-02-01T10:11:57+00:00\",\"dateModified\":\"2025-08-18T13:28:38+00:00\",\"breadcrumb\":{\"@id\":\"https:\/\/www.mosagreen.it\/de\/product\/transplanter-tea-600n\/#breadcrumb\"},\"inLanguage\":\"de\",\"potentialAction\":[{\"@type\":\"ReadAction\",\"target\":[\"https:\/\/www.mosagreen.it\/de\/product\/transplanter-tea-600n\/\"]}]},{\"@type\":\"ImageObject\",\"inLanguage\":\"de\",\"@id\":\"https:\/\/www.mosagreen.it\/de\/product\/transplanter-tea-600n\/#primaryimage\",\"url\":\"https:\/\/www.mosagreen.it\/wp-content\/uploads\/2025\/05\/TRANSPLANTER-TEA-600N.png\",\"contentUrl\":\"https:\/\/www.mosagreen.it\/wp-content\/uploads\/2025\/05\/TRANSPLANTER-TEA-600N.png\",\"width\":1920,\"height\":1610},{\"@type\":\"BreadcrumbList\",\"@id\":\"https:\/\/www.mosagreen.it\/de\/product\/transplanter-tea-600n\/#breadcrumb\",\"itemListElement\":[{\"@type\":\"ListItem\",\"position\":1,\"name\":\"Home\",\"item\":\"https:\/\/www.mosagreen.it\/de\/\"},{\"@type\":\"ListItem\",\"position\":2,\"name\":\"TRANSPLANTER\u00a0TEA 600N\"}]},{\"@type\":\"WebSite\",\"@id\":\"https:\/\/www.mosagreen.it\/de\/#website\",\"url\":\"https:\/\/www.mosagreen.it\/de\/\",\"name\":\"MosaGreen\",\"description\":\"Macchine per OrtoFloro Vivaismo\",\"publisher\":{\"@id\":\"https:\/\/www.mosagreen.it\/de\/#organization\"},\"potentialAction\":[{\"@type\":\"SearchAction\",\"target\":{\"@type\":\"EntryPoint\",\"urlTemplate\":\"https:\/\/www.mosagreen.it\/de\/?s={search_term_string}\"},\"query-input\":{\"@type\":\"PropertyValueSpecification\",\"valueRequired\":true,\"valueName\":\"search_term_string\"}}],\"inLanguage\":\"de\"},{\"@type\":\"Organization\",\"@id\":\"https:\/\/www.mosagreen.it\/de\/#organization\",\"name\":\"MosaGreen\",\"url\":\"https:\/\/www.mosagreen.it\/de\/\",\"logo\":{\"@type\":\"ImageObject\",\"inLanguage\":\"de\",\"@id\":\"https:\/\/www.mosagreen.it\/de\/#\/schema\/logo\/image\/\",\"url\":\"https:\/\/www.mosagreen.it\/wp-content\/uploads\/2025\/04\/logo-1.png\",\"contentUrl\":\"https:\/\/www.mosagreen.it\/wp-content\/uploads\/2025\/04\/logo-1.png\",\"width\":367,\"height\":476,\"caption\":\"MosaGreen\"},\"image\":{\"@id\":\"https:\/\/www.mosagreen.it\/de\/#\/schema\/logo\/image\/\"}}]}<\/script>\n<!-- \/ Yoast SEO plugin. -->","yoast_head_json":{"title":"TRANSPLANTER\u00a0TEA 600N - MosaGreen","robots":{"index":"index","follow":"follow","max-snippet":"max-snippet:-1","max-image-preview":"max-image-preview:large","max-video-preview":"max-video-preview:-1"},"canonical":"https:\/\/www.mosagreen.it\/de\/product\/transplanter-tea-600n\/","og_locale":"de_DE","og_type":"article","og_title":"TRANSPLANTER\u00a0TEA 600N - MosaGreen","og_description":"Der Transplanter TEA 600N ist f\u00fcr das automatische Umpflanzen von Jungpflanzen konzipiert und zeichnet sich durch eine einfache Bedienung und einen geringen Wartungsaufwand aus. Die Greifer sind einzeln motorisiert und erm\u00f6glichen es, die Jungpflanzen auch seitlich zu erfassen. Die Seitw\u00e4rtsbewegung der Greifer sowie die Maschinenparameter und die Umpflanzprogramme werden \u00fcber das Bedienpanel verwaltet. Die Parameter [&hellip;]","og_url":"https:\/\/www.mosagreen.it\/de\/product\/transplanter-tea-600n\/","og_site_name":"MosaGreen","article_modified_time":"2025-08-18T13:28:38+00:00","og_image":[{"width":1024,"height":859,"url":"https:\/\/www.mosagreen.it\/wp-content\/uploads\/2025\/05\/TRANSPLANTER-TEA-600N-1024x859.png","type":"image\/png"}],"twitter_card":"summary_large_image","twitter_misc":{"Gesch\u00e4tzte Lesezeit":"2\u00a0Minute"},"schema":{"@context":"https:\/\/schema.org","@graph":[{"@type":"WebPage","@id":"https:\/\/www.mosagreen.it\/de\/product\/transplanter-tea-600n\/","url":"https:\/\/www.mosagreen.it\/de\/product\/transplanter-tea-600n\/","name":"TRANSPLANTER\u00a0TEA 600N - MosaGreen","isPartOf":{"@id":"https:\/\/www.mosagreen.it\/de\/#website"},"primaryImageOfPage":{"@id":"https:\/\/www.mosagreen.it\/de\/product\/transplanter-tea-600n\/#primaryimage"},"image":{"@id":"https:\/\/www.mosagreen.it\/de\/product\/transplanter-tea-600n\/#primaryimage"},"thumbnailUrl":"https:\/\/www.mosagreen.it\/wp-content\/uploads\/2025\/05\/TRANSPLANTER-TEA-600N.png","datePublished":"2025-02-01T10:11:57+00:00","dateModified":"2025-08-18T13:28:38+00:00","breadcrumb":{"@id":"https:\/\/www.mosagreen.it\/de\/product\/transplanter-tea-600n\/#breadcrumb"},"inLanguage":"de","potentialAction":[{"@type":"ReadAction","target":["https:\/\/www.mosagreen.it\/de\/product\/transplanter-tea-600n\/"]}]},{"@type":"ImageObject","inLanguage":"de","@id":"https:\/\/www.mosagreen.it\/de\/product\/transplanter-tea-600n\/#primaryimage","url":"https:\/\/www.mosagreen.it\/wp-content\/uploads\/2025\/05\/TRANSPLANTER-TEA-600N.png","contentUrl":"https:\/\/www.mosagreen.it\/wp-content\/uploads\/2025\/05\/TRANSPLANTER-TEA-600N.png","width":1920,"height":1610},{"@type":"BreadcrumbList","@id":"https:\/\/www.mosagreen.it\/de\/product\/transplanter-tea-600n\/#breadcrumb","itemListElement":[{"@type":"ListItem","position":1,"name":"Home","item":"https:\/\/www.mosagreen.it\/de\/"},{"@type":"ListItem","position":2,"name":"TRANSPLANTER\u00a0TEA 600N"}]},{"@type":"WebSite","@id":"https:\/\/www.mosagreen.it\/de\/#website","url":"https:\/\/www.mosagreen.it\/de\/","name":"MosaGreen","description":"Macchine per OrtoFloro Vivaismo","publisher":{"@id":"https:\/\/www.mosagreen.it\/de\/#organization"},"potentialAction":[{"@type":"SearchAction","target":{"@type":"EntryPoint","urlTemplate":"https:\/\/www.mosagreen.it\/de\/?s={search_term_string}"},"query-input":{"@type":"PropertyValueSpecification","valueRequired":true,"valueName":"search_term_string"}}],"inLanguage":"de"},{"@type":"Organization","@id":"https:\/\/www.mosagreen.it\/de\/#organization","name":"MosaGreen","url":"https:\/\/www.mosagreen.it\/de\/","logo":{"@type":"ImageObject","inLanguage":"de","@id":"https:\/\/www.mosagreen.it\/de\/#\/schema\/logo\/image\/","url":"https:\/\/www.mosagreen.it\/wp-content\/uploads\/2025\/04\/logo-1.png","contentUrl":"https:\/\/www.mosagreen.it\/wp-content\/uploads\/2025\/04\/logo-1.png","width":367,"height":476,"caption":"MosaGreen"},"image":{"@id":"https:\/\/www.mosagreen.it\/de\/#\/schema\/logo\/image\/"}}]}},"_links":{"self":[{"href":"https:\/\/www.mosagreen.it\/de\/wp-json\/wp\/v2\/product\/6320","targetHints":{"allow":["GET"]}}],"collection":[{"href":"https:\/\/www.mosagreen.it\/de\/wp-json\/wp\/v2\/product"}],"about":[{"href":"https:\/\/www.mosagreen.it\/de\/wp-json\/wp\/v2\/types\/product"}],"version-history":[{"count":4,"href":"https:\/\/www.mosagreen.it\/de\/wp-json\/wp\/v2\/product\/6320\/revisions"}],"predecessor-version":[{"id":6328,"href":"https:\/\/www.mosagreen.it\/de\/wp-json\/wp\/v2\/product\/6320\/revisions\/6328"}],"wp:featuredmedia":[{"embeddable":true,"href":"https:\/\/www.mosagreen.it\/de\/wp-json\/wp\/v2\/media\/2128"}],"wp:attachment":[{"href":"https:\/\/www.mosagreen.it\/de\/wp-json\/wp\/v2\/media?parent=6320"}],"wp:term":[{"taxonomy":"product_category","embeddable":true,"href":"https:\/\/www.mosagreen.it\/de\/wp-json\/wp\/v2\/product_category?post=6320"}],"curies":[{"name":"wp","href":"https:\/\/api.w.org\/{rel}","templated":true}]}}