{"id":6156,"date":"2025-01-05T11:38:58","date_gmt":"2025-01-05T10:38:58","guid":{"rendered":"https:\/\/www.mosagreen.it\/product\/estrattore-pneumatico-ex-p\/"},"modified":"2025-08-18T14:51:52","modified_gmt":"2025-08-18T12:51:52","slug":"pneumatischer-ausdruecker-ex-p","status":"publish","type":"product","link":"https:\/\/www.mosagreen.it\/de\/product\/pneumatischer-ausdruecker-ex-p\/","title":{"rendered":"PNEUMATISCHER AUSDR\u00dcCKER EX-P"},"content":{"rendered":"\t\t<div data-elementor-type=\"wp-post\" data-elementor-id=\"6156\" class=\"elementor elementor-6156 elementor-2528\" data-elementor-post-type=\"product\">\n\t\t\t\t<div class=\"elementor-element elementor-element-469289d e-con-full e-flex e-con e-parent\" data-id=\"469289d\" data-element_type=\"container\">\n\t\t\t\t<div class=\"elementor-element elementor-element-5787df5 elementor-widget elementor-widget-template\" data-id=\"5787df5\" data-element_type=\"widget\" data-widget_type=\"template.default\">\n\t\t\t\t<div class=\"elementor-widget-container\">\n\t\t\t\t\t\t\t<div class=\"elementor-template\">\n\t\t\t\t\t<div data-elementor-type=\"page\" data-elementor-id=\"1772\" class=\"elementor elementor-1772\" data-elementor-post-type=\"elementor_library\">\n\t\t\t\t<div class=\"elementor-element elementor-element-adfed9d e-con-full e-flex e-con e-parent\" data-id=\"adfed9d\" data-element_type=\"container\">\n\t\t\t\t<div class=\"elementor-element elementor-element-60a5de7 elementor-widget elementor-widget-image\" data-id=\"60a5de7\" data-element_type=\"widget\" data-widget_type=\"image.default\">\n\t\t\t\t<div class=\"elementor-widget-container\">\n\t\t\t\t\t\t\t\t\t\t\t\t\t\t\t<img fetchpriority=\"high\" decoding=\"async\" width=\"2560\" height=\"909\" src=\"https:\/\/www.mosagreen.it\/wp-content\/uploads\/2025\/04\/riempimento_invasatura-scaled.jpg\" class=\"attachment-full size-full wp-image-577\" alt=\"\" srcset=\"https:\/\/www.mosagreen.it\/wp-content\/uploads\/2025\/04\/riempimento_invasatura-scaled.jpg 2560w, https:\/\/www.mosagreen.it\/wp-content\/uploads\/2025\/04\/riempimento_invasatura-300x107.jpg 300w, https:\/\/www.mosagreen.it\/wp-content\/uploads\/2025\/04\/riempimento_invasatura-1024x364.jpg 1024w, https:\/\/www.mosagreen.it\/wp-content\/uploads\/2025\/04\/riempimento_invasatura-768x273.jpg 768w, https:\/\/www.mosagreen.it\/wp-content\/uploads\/2025\/04\/riempimento_invasatura-1536x546.jpg 1536w, https:\/\/www.mosagreen.it\/wp-content\/uploads\/2025\/04\/riempimento_invasatura-2048x727.jpg 2048w\" sizes=\"(max-width: 2560px) 100vw, 2560px\" \/>\t\t\t\t\t\t\t\t\t\t\t\t\t\t\t<\/div>\n\t\t\t\t<\/div>\n\t\t\t\t<\/div>\n\t\t\t\t<\/div>\n\t\t\t\t<\/div>\n\t\t\t\t\t\t<\/div>\n\t\t\t\t<\/div>\n\t\t\t\t<\/div>\n\t\t<div class=\"elementor-element elementor-element-d0fd014 e-flex e-con-boxed e-con e-parent\" data-id=\"d0fd014\" data-element_type=\"container\">\n\t\t\t\t\t<div class=\"e-con-inner\">\n\t\t<div class=\"elementor-element elementor-element-6d22093 e-con-full e-flex e-con e-child\" data-id=\"6d22093\" data-element_type=\"container\">\n\t\t\t\t<div class=\"elementor-element elementor-element-ac5aa22 elementor-invisible elementor-widget elementor-widget-theme-post-featured-image elementor-widget-image\" data-id=\"ac5aa22\" data-element_type=\"widget\" data-settings=\"{&quot;_animation&quot;:&quot;fadeInLeft&quot;,&quot;_animation_delay&quot;:300}\" data-widget_type=\"theme-post-featured-image.default\">\n\t\t\t\t<div class=\"elementor-widget-container\">\n\t\t\t\t\t\t\t\t\t\t\t\t\t\t\t<img decoding=\"async\" width=\"800\" height=\"541\" src=\"https:\/\/www.mosagreen.it\/wp-content\/uploads\/2025\/01\/EX-R-estrattore-pneumatico-1024x693.png\" class=\"attachment-large size-large wp-image-5443\" alt=\"\" srcset=\"https:\/\/www.mosagreen.it\/wp-content\/uploads\/2025\/01\/EX-R-estrattore-pneumatico-1024x693.png 1024w, https:\/\/www.mosagreen.it\/wp-content\/uploads\/2025\/01\/EX-R-estrattore-pneumatico-300x203.png 300w, https:\/\/www.mosagreen.it\/wp-content\/uploads\/2025\/01\/EX-R-estrattore-pneumatico-768x520.png 768w, https:\/\/www.mosagreen.it\/wp-content\/uploads\/2025\/01\/EX-R-estrattore-pneumatico.png 1329w\" sizes=\"(max-width: 800px) 100vw, 800px\" \/>\t\t\t\t\t\t\t\t\t\t\t\t\t\t\t<\/div>\n\t\t\t\t<\/div>\n\t\t\t\t<\/div>\n\t\t<div class=\"elementor-element elementor-element-a3c784c e-con-full e-flex elementor-invisible e-con e-child\" data-id=\"a3c784c\" data-element_type=\"container\" data-settings=\"{&quot;animation&quot;:&quot;fadeInRight&quot;,&quot;animation_delay&quot;:400}\">\n\t\t<div class=\"elementor-element elementor-element-313eaa7 e-con-full e-flex e-con e-child\" data-id=\"313eaa7\" data-element_type=\"container\">\n\t\t\t\t<div class=\"elementor-element elementor-element-d673848 elementor-widget elementor-widget-heading\" data-id=\"d673848\" data-element_type=\"widget\" data-widget_type=\"heading.default\">\n\t\t\t\t<div class=\"elementor-widget-container\">\n\t\t\t\t\t<h2 class=\"elementor-heading-title elementor-size-default\">PNEUMATISCHER AUSDR\u00dcCKER<\/h2>\t\t\t\t<\/div>\n\t\t\t\t<\/div>\n\t\t\t\t<div class=\"elementor-element elementor-element-ee3d9c1 elementor-widget elementor-widget-heading\" data-id=\"ee3d9c1\" data-element_type=\"widget\" data-widget_type=\"heading.default\">\n\t\t\t\t<div class=\"elementor-widget-container\">\n\t\t\t\t\t<h2 class=\"elementor-heading-title elementor-size-default\">EX-P<\/h2>\t\t\t\t<\/div>\n\t\t\t\t<\/div>\n\t\t\t\t<\/div>\n\t\t\t\t<div class=\"elementor-element elementor-element-4fd834e elementor-widget elementor-widget-text-editor\" data-id=\"4fd834e\" data-element_type=\"widget\" data-widget_type=\"text-editor.default\">\n\t\t\t\t<div class=\"elementor-widget-container\">\n\t\t\t\t\t\t\t\t\tDer pneumatische Ausdr\u00fccker EX-P ist eine einfache und praktische Vorrichtung zum Ausdr\u00fccken von Jungpflanzen aus Polystyrol-, Hartplastik- und formstabilen thermogeformten Beh\u00e4ltern. Er verf\u00fcgt \u00fcber eine Ausdr\u00fcckplatte mit Stiften, die jeweils passend f\u00fcr den verwendeten Beh\u00e4lter eigens konzipiert und ma\u00dfgefertigt wird.\t\t\t\t\t\t\t\t<\/div>\n\t\t\t\t<\/div>\n\t\t\t\t<\/div>\n\t\t\t\t\t<\/div>\n\t\t\t\t<\/div>\n\t\t<div class=\"elementor-element elementor-element-0fb10b3 e-flex e-con-boxed elementor-invisible e-con e-parent\" data-id=\"0fb10b3\" data-element_type=\"container\" data-settings=\"{&quot;animation&quot;:&quot;fadeInUp&quot;,&quot;animation_delay&quot;:300}\">\n\t\t\t\t\t<div class=\"e-con-inner\">\n\t\t<div class=\"elementor-element elementor-element-5db52cc e-con-full e-flex e-con e-child\" data-id=\"5db52cc\" data-element_type=\"container\">\n\t\t<div class=\"elementor-element elementor-element-46c4a02 e-con-full e-flex elementor-invisible e-con e-child\" data-id=\"46c4a02\" data-element_type=\"container\" data-settings=\"{&quot;animation&quot;:&quot;fadeInRight&quot;,&quot;animation_delay&quot;:400}\">\n\t\t\t\t<div class=\"elementor-element elementor-element-471476b elementor-widget__width-inherit elementor-widget elementor-widget-shortcode\" data-id=\"471476b\" data-element_type=\"widget\" data-widget_type=\"shortcode.default\">\n\t\t\t\t<div class=\"elementor-widget-container\">\n\t\t\t\t\t\t\t<div class=\"elementor-shortcode\"><h2 id=\"tablepress-72-name\" class=\"tablepress-table-name tablepress-table-name-id-72\">PNEUMATISCHER AUSDR\u00dcCKER EX-P \u2013 Technische Daten<\/h2>\n\n<table id=\"tablepress-72\" class=\"tablepress tablepress-id-72\" aria-labelledby=\"tablepress-72-name\">\n<tbody class=\"row-striping\">\n<tr class=\"row-1\">\n\t<td class=\"column-1\">Gewicht<\/td><td class=\"column-2\">230<\/td><td class=\"column-3\">kg<\/td>\n<\/tr>\n<tr class=\"row-2\">\n\t<td class=\"column-1\">Abmessungen<\/td><td class=\"column-2\">1990x880<\/td><td class=\"column-3\">mm<\/td>\n<\/tr>\n<\/tbody>\n<\/table>\n<!-- #tablepress-72 from cache --><\/div>\n\t\t\t\t\t\t<\/div>\n\t\t\t\t<\/div>\n\t\t\t\t<\/div>\n\t\t\t\t<\/div>\n\t\t\t\t\t<\/div>\n\t\t\t\t<\/div>\n\t\t\t\t<\/div>\n\t\t","protected":false},"featured_media":5443,"template":"","meta":{"_acf_changed":false,"inline_featured_image":false},"product_category":[115],"class_list":["post-6156","product","type-product","status-publish","has-post-thumbnail","hentry","product_category-weitere-maschinen"],"acf":[],"yoast_head":"<!-- This site is optimized with the Yoast SEO plugin v26.0 - https:\/\/yoast.com\/wordpress\/plugins\/seo\/ -->\n<title>PNEUMATISCHER AUSDR\u00dcCKER EX-P - MosaGreen<\/title>\n<meta name=\"robots\" content=\"index, follow, max-snippet:-1, max-image-preview:large, max-video-preview:-1\" \/>\n<link rel=\"canonical\" href=\"https:\/\/www.mosagreen.it\/de\/product\/pneumatischer-ausdruecker-ex-p\/\" \/>\n<meta property=\"og:locale\" content=\"de_DE\" \/>\n<meta property=\"og:type\" content=\"article\" \/>\n<meta property=\"og:title\" content=\"PNEUMATISCHER AUSDR\u00dcCKER EX-P - MosaGreen\" \/>\n<meta property=\"og:description\" content=\"Der pneumatische Ausdr\u00fccker EX-P ist eine einfache und praktische Vorrichtung zum Ausdr\u00fccken von Jungpflanzen aus Polystyrol-, Hartplastik- und formstabilen thermogeformten Beh\u00e4ltern. Er verf\u00fcgt \u00fcber eine Ausdr\u00fcckplatte mit Stiften, die jeweils passend f\u00fcr den verwendeten Beh\u00e4lter eigens konzipiert und ma\u00dfgefertigt wird.\" \/>\n<meta property=\"og:url\" content=\"https:\/\/www.mosagreen.it\/de\/product\/pneumatischer-ausdruecker-ex-p\/\" \/>\n<meta property=\"og:site_name\" content=\"MosaGreen\" \/>\n<meta property=\"article:modified_time\" content=\"2025-08-18T12:51:52+00:00\" \/>\n<meta property=\"og:image\" content=\"https:\/\/www.mosagreen.it\/wp-content\/uploads\/2025\/01\/EX-R-estrattore-pneumatico.png\" \/>\n\t<meta property=\"og:image:width\" content=\"1329\" \/>\n\t<meta property=\"og:image:height\" content=\"899\" \/>\n\t<meta property=\"og:image:type\" content=\"image\/png\" \/>\n<meta name=\"twitter:card\" content=\"summary_large_image\" \/>\n<meta name=\"twitter:label1\" content=\"Gesch\u00e4tzte Lesezeit\" \/>\n\t<meta name=\"twitter:data1\" content=\"1\u00a0Minute\" \/>\n<script type=\"application\/ld+json\" class=\"yoast-schema-graph\">{\"@context\":\"https:\/\/schema.org\",\"@graph\":[{\"@type\":\"WebPage\",\"@id\":\"https:\/\/www.mosagreen.it\/de\/product\/pneumatischer-ausdruecker-ex-p\/\",\"url\":\"https:\/\/www.mosagreen.it\/de\/product\/pneumatischer-ausdruecker-ex-p\/\",\"name\":\"PNEUMATISCHER AUSDR\u00dcCKER EX-P - MosaGreen\",\"isPartOf\":{\"@id\":\"https:\/\/www.mosagreen.it\/de\/#website\"},\"primaryImageOfPage\":{\"@id\":\"https:\/\/www.mosagreen.it\/de\/product\/pneumatischer-ausdruecker-ex-p\/#primaryimage\"},\"image\":{\"@id\":\"https:\/\/www.mosagreen.it\/de\/product\/pneumatischer-ausdruecker-ex-p\/#primaryimage\"},\"thumbnailUrl\":\"https:\/\/www.mosagreen.it\/wp-content\/uploads\/2025\/01\/EX-R-estrattore-pneumatico.png\",\"datePublished\":\"2025-01-05T10:38:58+00:00\",\"dateModified\":\"2025-08-18T12:51:52+00:00\",\"breadcrumb\":{\"@id\":\"https:\/\/www.mosagreen.it\/de\/product\/pneumatischer-ausdruecker-ex-p\/#breadcrumb\"},\"inLanguage\":\"de\",\"potentialAction\":[{\"@type\":\"ReadAction\",\"target\":[\"https:\/\/www.mosagreen.it\/de\/product\/pneumatischer-ausdruecker-ex-p\/\"]}]},{\"@type\":\"ImageObject\",\"inLanguage\":\"de\",\"@id\":\"https:\/\/www.mosagreen.it\/de\/product\/pneumatischer-ausdruecker-ex-p\/#primaryimage\",\"url\":\"https:\/\/www.mosagreen.it\/wp-content\/uploads\/2025\/01\/EX-R-estrattore-pneumatico.png\",\"contentUrl\":\"https:\/\/www.mosagreen.it\/wp-content\/uploads\/2025\/01\/EX-R-estrattore-pneumatico.png\",\"width\":1329,\"height\":899},{\"@type\":\"BreadcrumbList\",\"@id\":\"https:\/\/www.mosagreen.it\/de\/product\/pneumatischer-ausdruecker-ex-p\/#breadcrumb\",\"itemListElement\":[{\"@type\":\"ListItem\",\"position\":1,\"name\":\"Home\",\"item\":\"https:\/\/www.mosagreen.it\/de\/\"},{\"@type\":\"ListItem\",\"position\":2,\"name\":\"PNEUMATISCHER AUSDR\u00dcCKER EX-P\"}]},{\"@type\":\"WebSite\",\"@id\":\"https:\/\/www.mosagreen.it\/de\/#website\",\"url\":\"https:\/\/www.mosagreen.it\/de\/\",\"name\":\"MosaGreen\",\"description\":\"Macchine per OrtoFloro Vivaismo\",\"publisher\":{\"@id\":\"https:\/\/www.mosagreen.it\/de\/#organization\"},\"potentialAction\":[{\"@type\":\"SearchAction\",\"target\":{\"@type\":\"EntryPoint\",\"urlTemplate\":\"https:\/\/www.mosagreen.it\/de\/?s={search_term_string}\"},\"query-input\":{\"@type\":\"PropertyValueSpecification\",\"valueRequired\":true,\"valueName\":\"search_term_string\"}}],\"inLanguage\":\"de\"},{\"@type\":\"Organization\",\"@id\":\"https:\/\/www.mosagreen.it\/de\/#organization\",\"name\":\"MosaGreen\",\"url\":\"https:\/\/www.mosagreen.it\/de\/\",\"logo\":{\"@type\":\"ImageObject\",\"inLanguage\":\"de\",\"@id\":\"https:\/\/www.mosagreen.it\/de\/#\/schema\/logo\/image\/\",\"url\":\"https:\/\/www.mosagreen.it\/wp-content\/uploads\/2025\/04\/logo-1.png\",\"contentUrl\":\"https:\/\/www.mosagreen.it\/wp-content\/uploads\/2025\/04\/logo-1.png\",\"width\":367,\"height\":476,\"caption\":\"MosaGreen\"},\"image\":{\"@id\":\"https:\/\/www.mosagreen.it\/de\/#\/schema\/logo\/image\/\"}}]}<\/script>\n<!-- \/ Yoast SEO plugin. -->","yoast_head_json":{"title":"PNEUMATISCHER AUSDR\u00dcCKER EX-P - MosaGreen","robots":{"index":"index","follow":"follow","max-snippet":"max-snippet:-1","max-image-preview":"max-image-preview:large","max-video-preview":"max-video-preview:-1"},"canonical":"https:\/\/www.mosagreen.it\/de\/product\/pneumatischer-ausdruecker-ex-p\/","og_locale":"de_DE","og_type":"article","og_title":"PNEUMATISCHER AUSDR\u00dcCKER EX-P - MosaGreen","og_description":"Der pneumatische Ausdr\u00fccker EX-P ist eine einfache und praktische Vorrichtung zum Ausdr\u00fccken von Jungpflanzen aus Polystyrol-, Hartplastik- und formstabilen thermogeformten Beh\u00e4ltern. Er verf\u00fcgt \u00fcber eine Ausdr\u00fcckplatte mit Stiften, die jeweils passend f\u00fcr den verwendeten Beh\u00e4lter eigens konzipiert und ma\u00dfgefertigt wird.","og_url":"https:\/\/www.mosagreen.it\/de\/product\/pneumatischer-ausdruecker-ex-p\/","og_site_name":"MosaGreen","article_modified_time":"2025-08-18T12:51:52+00:00","og_image":[{"width":1329,"height":899,"url":"https:\/\/www.mosagreen.it\/wp-content\/uploads\/2025\/01\/EX-R-estrattore-pneumatico.png","type":"image\/png"}],"twitter_card":"summary_large_image","twitter_misc":{"Gesch\u00e4tzte Lesezeit":"1\u00a0Minute"},"schema":{"@context":"https:\/\/schema.org","@graph":[{"@type":"WebPage","@id":"https:\/\/www.mosagreen.it\/de\/product\/pneumatischer-ausdruecker-ex-p\/","url":"https:\/\/www.mosagreen.it\/de\/product\/pneumatischer-ausdruecker-ex-p\/","name":"PNEUMATISCHER AUSDR\u00dcCKER EX-P - MosaGreen","isPartOf":{"@id":"https:\/\/www.mosagreen.it\/de\/#website"},"primaryImageOfPage":{"@id":"https:\/\/www.mosagreen.it\/de\/product\/pneumatischer-ausdruecker-ex-p\/#primaryimage"},"image":{"@id":"https:\/\/www.mosagreen.it\/de\/product\/pneumatischer-ausdruecker-ex-p\/#primaryimage"},"thumbnailUrl":"https:\/\/www.mosagreen.it\/wp-content\/uploads\/2025\/01\/EX-R-estrattore-pneumatico.png","datePublished":"2025-01-05T10:38:58+00:00","dateModified":"2025-08-18T12:51:52+00:00","breadcrumb":{"@id":"https:\/\/www.mosagreen.it\/de\/product\/pneumatischer-ausdruecker-ex-p\/#breadcrumb"},"inLanguage":"de","potentialAction":[{"@type":"ReadAction","target":["https:\/\/www.mosagreen.it\/de\/product\/pneumatischer-ausdruecker-ex-p\/"]}]},{"@type":"ImageObject","inLanguage":"de","@id":"https:\/\/www.mosagreen.it\/de\/product\/pneumatischer-ausdruecker-ex-p\/#primaryimage","url":"https:\/\/www.mosagreen.it\/wp-content\/uploads\/2025\/01\/EX-R-estrattore-pneumatico.png","contentUrl":"https:\/\/www.mosagreen.it\/wp-content\/uploads\/2025\/01\/EX-R-estrattore-pneumatico.png","width":1329,"height":899},{"@type":"BreadcrumbList","@id":"https:\/\/www.mosagreen.it\/de\/product\/pneumatischer-ausdruecker-ex-p\/#breadcrumb","itemListElement":[{"@type":"ListItem","position":1,"name":"Home","item":"https:\/\/www.mosagreen.it\/de\/"},{"@type":"ListItem","position":2,"name":"PNEUMATISCHER AUSDR\u00dcCKER EX-P"}]},{"@type":"WebSite","@id":"https:\/\/www.mosagreen.it\/de\/#website","url":"https:\/\/www.mosagreen.it\/de\/","name":"MosaGreen","description":"Macchine per OrtoFloro Vivaismo","publisher":{"@id":"https:\/\/www.mosagreen.it\/de\/#organization"},"potentialAction":[{"@type":"SearchAction","target":{"@type":"EntryPoint","urlTemplate":"https:\/\/www.mosagreen.it\/de\/?s={search_term_string}"},"query-input":{"@type":"PropertyValueSpecification","valueRequired":true,"valueName":"search_term_string"}}],"inLanguage":"de"},{"@type":"Organization","@id":"https:\/\/www.mosagreen.it\/de\/#organization","name":"MosaGreen","url":"https:\/\/www.mosagreen.it\/de\/","logo":{"@type":"ImageObject","inLanguage":"de","@id":"https:\/\/www.mosagreen.it\/de\/#\/schema\/logo\/image\/","url":"https:\/\/www.mosagreen.it\/wp-content\/uploads\/2025\/04\/logo-1.png","contentUrl":"https:\/\/www.mosagreen.it\/wp-content\/uploads\/2025\/04\/logo-1.png","width":367,"height":476,"caption":"MosaGreen"},"image":{"@id":"https:\/\/www.mosagreen.it\/de\/#\/schema\/logo\/image\/"}}]}},"_links":{"self":[{"href":"https:\/\/www.mosagreen.it\/de\/wp-json\/wp\/v2\/product\/6156","targetHints":{"allow":["GET"]}}],"collection":[{"href":"https:\/\/www.mosagreen.it\/de\/wp-json\/wp\/v2\/product"}],"about":[{"href":"https:\/\/www.mosagreen.it\/de\/wp-json\/wp\/v2\/types\/product"}],"version-history":[{"count":4,"href":"https:\/\/www.mosagreen.it\/de\/wp-json\/wp\/v2\/product\/6156\/revisions"}],"predecessor-version":[{"id":6162,"href":"https:\/\/www.mosagreen.it\/de\/wp-json\/wp\/v2\/product\/6156\/revisions\/6162"}],"wp:featuredmedia":[{"embeddable":true,"href":"https:\/\/www.mosagreen.it\/de\/wp-json\/wp\/v2\/media\/5443"}],"wp:attachment":[{"href":"https:\/\/www.mosagreen.it\/de\/wp-json\/wp\/v2\/media?parent=6156"}],"wp:term":[{"taxonomy":"product_category","embeddable":true,"href":"https:\/\/www.mosagreen.it\/de\/wp-json\/wp\/v2\/product_category?post=6156"}],"curies":[{"name":"wp","href":"https:\/\/api.w.org\/{rel}","templated":true}]}}