{"id":8785,"date":"2025-09-05T15:29:53","date_gmt":"2025-09-05T13:29:53","guid":{"rendered":"https:\/\/www.mosagreen.it\/informativa-sui-cookie\/"},"modified":"2025-11-17T11:42:50","modified_gmt":"2025-11-17T10:42:50","slug":"cookie-einstellungen","status":"publish","type":"page","link":"https:\/\/www.mosagreen.it\/de\/cookie-einstellungen\/","title":{"rendered":"Cookie-Einstellungen"},"content":{"rendered":"\t\t<div data-elementor-type=\"wp-page\" data-elementor-id=\"8785\" class=\"elementor elementor-8785 elementor-8768\" data-elementor-post-type=\"page\">\n\t\t\t\t<div class=\"elementor-element elementor-element-a0ecffd e-flex e-con-boxed e-con e-parent\" data-id=\"a0ecffd\" data-element_type=\"container\">\n\t\t\t\t\t<div class=\"e-con-inner\">\n\t\t\t\t<div class=\"elementor-element elementor-element-00204aa elementor-widget elementor-widget-text-editor\" data-id=\"00204aa\" data-element_type=\"widget\" data-widget_type=\"text-editor.default\">\n\t\t\t\t<div class=\"elementor-widget-container\">\n\t\t\t\t\t\t\t\t\t<p class=\"p1\"><b>Cookie-Richtlinie der Mosa Green s.r.l.<\/b><\/p><p class=\"p2\">Die Mosa Green s.r.l. mit Sitz in Via Marconi 14, 33083 Chions (PN), Italien, in ihrer Eigenschaft als Verantwortlicher f\u00fcr die Datenverarbeitung (nachfolgend \u201eVerantwortlicher\u201c genannt) informiert die Besucher ihrer Website <a href=\"http:\/\/www.mosagreen.it\"><span class=\"s1\">www.mosagreen.it<\/span><\/a>, gem\u00e4\u00df der Verordnung (EU) 679\/2016 und den nationalen Datenschutzbestimmungen, \u00fcber die auf dieser Website verwendeten Cookies, deren Arten und Verwendungszwecke, und gibt Hinweise dazu, wie diese abgelehnt oder gel\u00f6scht werden k\u00f6nnen.<\/p><p class=\"p2\"><b>Was sind Cookies?<\/b><\/p><p class=\"p2\">Cookies sind kleine Datens\u00e4tze, die von den Websites zu unterschiedlichen Zwecken an deren Besucher gesendet werden. Die Cookies k\u00f6nnen in verschiedener Weise klassifiziert werden: Cookies, die direkt von der Website des Verantwortlichen generiert und installiert werden, werden als <b>Erstanbieter-Cookies <\/b>bezeichnet. Cookies, die von einer anderen Website als der des Verantwortlichen gesetzt werden, werden als <b>Cookies von Drittanbietern <\/b>bezeichnet, da sie direkt von Dritten verwaltet werden. Letztere k\u00f6nnen auch Profiling-Cookies sein, die vom Verantwortlichen der Website nicht verarbeitet werden.<\/p><p class=\"p2\"><b>Arten von Cookies, die auf dieser Website verwendet werden, und zu welchen Zwecken<\/b><\/p><ul class=\"ul1\"><li class=\"li2\"><b>Technisch essenzielle Cookies<\/b> (unbedingt erforderlich): unerl\u00e4sslich f\u00fcr den Betrieb der Website und f\u00fcr die Nutzung bestimmter Funktionen (z. B. Login, Session-Management). Sie bed\u00fcrfen keiner Zustimmung.<\/li><li class=\"li2\"><b>Performance-Cookies<\/b> (Analytics): Diese Cookies erfassen anonymisierte oder pseudonymisierte Informationen \u00fcber die Nutzung der Website durch Besucher (besuchte Seiten, Verweildauer, Fehlermeldungen).<\/li><li class=\"li2\"><b>Funktionale Cookies<\/b>: Diese erm\u00f6glichen es der Website, die vom Besucher getroffenen Auswahlen (z. B. Sprache, Region, Pr\u00e4ferenzen) zu speichern und somit verbesserte Funktionen anzubieten.<\/li><\/ul><p class=\"p2\"><b>Auflistung der auf dieser Website verwendeten Cookies<\/b><\/p><ul class=\"ul1\"><li class=\"li2\"><b>Wp-wpml_current_language<\/b>.<b> Domain:<\/b> mosagreen.it. <b>Beschreibung:<\/b> Mehrsprachiges WordPress-Plugin, das das f\u00fcr die Speicherung der aktuellen Sprache oder der Spracheinstellung erforderliche Cookie setzt. <b>Dauer:<\/b> Session. <b>Art:<\/b> Funktional.<\/li><li class=\"li2\"><b>_gs<\/b>. <b>Domain:<\/b> mosagreen.it. <b>Beschreibung:<\/b> Dieses Cookie wird von Google Analytics installiert und dient der Berechnung von Daten zu den Besuchen, Sessions und Kampagnen. Au\u00dferdem verfolgt es die Nutzung der Website, um einen Analysebericht dar\u00fcber zu erstellen. Das Cookie speichert die Informationen in anonymisierter Form und weist eine zuf\u00e4llig generierte Nummer zur eindeutigen Erkennung der Besucher zu. <b>Dauer: <\/b>1 Jahr, 1 Monat, 4 Tage. <b>Art:<\/b> Analytisch.<\/li><li class=\"li2\"><b>_gid<\/b>.<b> Domain: <\/b>mosagreen.it. <b>Beschreibung<\/b>: Dieses Cookie wird von Google Analytics installiert. Das Cookie _gid speichert Informationen dar\u00fcber, wie Besucher die Website nutzen, und erstellt einen Analysebericht, der in anonymisierter Form die Anzahl der Besucher, ihre Herkunft und die von ihnen besuchten Seiten enth\u00e4lt. <b>Dauer:<\/b> 1 Tag. <b>Art:<\/b> Analytisch.<\/li><li class=\"li2\"><b>_gat_gtag_UA*<\/b>. <b>Domain:<\/b> mosagreen.it. <b>Beschreibung:<\/b> Google Analytics setzt dieses Cookie, um eine eindeutige ID zu speichern. <b>Dauer:<\/b> 1 Minute. <b>Art:<\/b> analytisch.<\/li><li class=\"li2\"><b>_ga_*<\/b>. <b>Domain:<\/b> mosagreen.it. <b>Beschreibung: <\/b>Google Analytics setzt dieses Cookie, um die besuchten Seiten zu speichern und zu z\u00e4hlen. <b>Dauer:<\/b> 1 Jahr, 1 Monat, 4 Tage. <b>Art:<\/b> analytisch.<\/li><li class=\"li2\"><b>wpEmojiSettingsSupports<\/b>. <b>Domain:<\/b> mosagreen.it. <b>Beschreibung: <\/b>WordPress setzt dieses Cookie, wenn der Besucher mit Emojis auf einer WordPress-Website interagiert. Es hilft dabei festzustellen, ob der Browser des Besuchers Emojis korrekt anzeigen kann. <b>Dauer:<\/b> Session. <b>Art:<\/b> Essenziell.<\/li><\/ul><p class=\"p2\">Da die Verwendung von Cookies von Drittanbietern auf dieser Website vom Verantwortlichen nicht vollst\u00e4ndig kontrolliert werden kann, sind alle spezifischen Verweise als Hinweise zu verstehen. Um vollst\u00e4ndige Informationen zu erhalten, kann der Besucher die Datenschutzrichtlinien der jeweiligen Drittanbieter einsehen, die in diesem Dokument aufgef\u00fchrt sind.<\/p><p class=\"p2\"><b>Zustimmung<\/b><\/p><p class=\"p2\">Beim ersten Besuch der Website wird der Besucher um seine Zustimmung zur Verwendung von nicht unbedingt erforderlichen Cookies ersucht. Der Besucher kann:<\/p><ul class=\"ul1\"><li class=\"li2\">Alle Cookies akzeptieren<\/li><li class=\"li2\">Seine Pr\u00e4ferenzen konfigurieren<\/li><li class=\"li2\">Nicht unbedingt erforderliche Cookies ablehnen.<\/li><\/ul><p class=\"p2\"><b>Verwaltung der Cookie-Pr\u00e4ferenzen<br \/><\/b>Der Besucher kann seine Einstellungen wie folgt verwalten und\/oder \u00e4ndern:<\/p><ul class=\"ul1\"><li class=\"li2\"><b>\u00dcber die Einstellungen des Browsers<\/b>. Derzeit erm\u00f6glichen alle g\u00e4ngigen Browser (Google Chrome, Mozilla Firefox, Apple Safari, Microsoft Internet Explorer, Microsoft Edge, Brave, Opera) das L\u00f6schen von Cookies, jedoch werden die Cookies bei jeder neuen Session erneut installiert. Aus diesem Grund wird empfohlen, diesen Vorgang regelm\u00e4\u00dfig durchzuf\u00fchren oder automatisierte Funktionen f\u00fcr die regelm\u00e4\u00dfige L\u00f6schung zu verwenden. Es ist zu beachten, dass die Deaktivierung von Cookies bestimmte Funktionen der Website einschr\u00e4nken kann.\u00a0<\/li><\/ul><p class=\"p2\"><b>Verantwortlicher f\u00fcr die Datenverarbeitung<\/b><\/p><p class=\"p2\">Mosa Green s.r.l.<br \/>Via Marconi 14<br \/>33083 Chions (PN)<br \/>ITALIEN<\/p><p class=\"p2\"><b>E-Mail-Adresse des Verantwortlichen:<\/b>\u00a0info@mosagreen.it<\/p><p class=\"p2\"><b>Zuletzt ge\u00e4ndert am<\/b>: 31.10. 2025<\/p>\t\t\t\t\t\t\t\t<\/div>\n\t\t\t\t<\/div>\n\t\t\t\t\t<\/div>\n\t\t\t\t<\/div>\n\t\t\t\t<\/div>\n\t\t","protected":false},"excerpt":{"rendered":"<p>Cookie-Richtlinie der Mosa Green s.r.l. Die Mosa Green s.r.l. mit Sitz in Via Marconi 14, 33083 Chions (PN), Italien, in ihrer Eigenschaft als Verantwortlicher f\u00fcr die Datenverarbeitung (nachfolgend \u201eVerantwortlicher\u201c genannt) informiert die Besucher ihrer Website www.mosagreen.it, gem\u00e4\u00df der Verordnung (EU) 679\/2016 und den nationalen Datenschutzbestimmungen, \u00fcber die auf dieser Website verwendeten Cookies, deren Arten und [&hellip;]<\/p>\n","protected":false},"author":1,"featured_media":0,"parent":0,"menu_order":101,"comment_status":"closed","ping_status":"closed","template":"","meta":{"_acf_changed":false,"inline_featured_image":false,"footnotes":""},"class_list":["post-8785","page","type-page","status-publish","hentry"],"acf":[],"yoast_head":"<!-- This site is optimized with the Yoast SEO plugin v26.0 - https:\/\/yoast.com\/wordpress\/plugins\/seo\/ -->\n<title>Cookie-Einstellungen - MosaGreen<\/title>\n<meta name=\"robots\" content=\"index, follow, max-snippet:-1, max-image-preview:large, max-video-preview:-1\" \/>\n<link rel=\"canonical\" href=\"https:\/\/www.mosagreen.it\/de\/cookie-einstellungen\/\" \/>\n<meta property=\"og:locale\" content=\"de_DE\" \/>\n<meta property=\"og:type\" content=\"article\" \/>\n<meta property=\"og:title\" content=\"Cookie-Einstellungen - MosaGreen\" \/>\n<meta property=\"og:description\" content=\"Cookie-Richtlinie der Mosa Green s.r.l. Die Mosa Green s.r.l. mit Sitz in Via Marconi 14, 33083 Chions (PN), Italien, in ihrer Eigenschaft als Verantwortlicher f\u00fcr die Datenverarbeitung (nachfolgend \u201eVerantwortlicher\u201c genannt) informiert die Besucher ihrer Website www.mosagreen.it, gem\u00e4\u00df der Verordnung (EU) 679\/2016 und den nationalen Datenschutzbestimmungen, \u00fcber die auf dieser Website verwendeten Cookies, deren Arten und [&hellip;]\" \/>\n<meta property=\"og:url\" content=\"https:\/\/www.mosagreen.it\/de\/cookie-einstellungen\/\" \/>\n<meta property=\"og:site_name\" content=\"MosaGreen\" \/>\n<meta property=\"article:modified_time\" content=\"2025-11-17T10:42:50+00:00\" \/>\n<meta name=\"twitter:card\" content=\"summary_large_image\" \/>\n<meta name=\"twitter:label1\" content=\"Gesch\u00e4tzte Lesezeit\" \/>\n\t<meta name=\"twitter:data1\" content=\"4\u00a0Minute\" \/>\n<script type=\"application\/ld+json\" class=\"yoast-schema-graph\">{\"@context\":\"https:\/\/schema.org\",\"@graph\":[{\"@type\":\"WebPage\",\"@id\":\"https:\/\/www.mosagreen.it\/de\/cookie-einstellungen\/\",\"url\":\"https:\/\/www.mosagreen.it\/de\/cookie-einstellungen\/\",\"name\":\"Cookie-Einstellungen - MosaGreen\",\"isPartOf\":{\"@id\":\"https:\/\/www.mosagreen.it\/de\/#website\"},\"datePublished\":\"2025-09-05T13:29:53+00:00\",\"dateModified\":\"2025-11-17T10:42:50+00:00\",\"breadcrumb\":{\"@id\":\"https:\/\/www.mosagreen.it\/de\/cookie-einstellungen\/#breadcrumb\"},\"inLanguage\":\"de\",\"potentialAction\":[{\"@type\":\"ReadAction\",\"target\":[\"https:\/\/www.mosagreen.it\/de\/cookie-einstellungen\/\"]}]},{\"@type\":\"BreadcrumbList\",\"@id\":\"https:\/\/www.mosagreen.it\/de\/cookie-einstellungen\/#breadcrumb\",\"itemListElement\":[{\"@type\":\"ListItem\",\"position\":1,\"name\":\"Home\",\"item\":\"https:\/\/www.mosagreen.it\/de\/\"},{\"@type\":\"ListItem\",\"position\":2,\"name\":\"Cookie-Einstellungen\"}]},{\"@type\":\"WebSite\",\"@id\":\"https:\/\/www.mosagreen.it\/de\/#website\",\"url\":\"https:\/\/www.mosagreen.it\/de\/\",\"name\":\"MosaGreen\",\"description\":\"Macchine per OrtoFloro Vivaismo\",\"publisher\":{\"@id\":\"https:\/\/www.mosagreen.it\/de\/#organization\"},\"potentialAction\":[{\"@type\":\"SearchAction\",\"target\":{\"@type\":\"EntryPoint\",\"urlTemplate\":\"https:\/\/www.mosagreen.it\/de\/?s={search_term_string}\"},\"query-input\":{\"@type\":\"PropertyValueSpecification\",\"valueRequired\":true,\"valueName\":\"search_term_string\"}}],\"inLanguage\":\"de\"},{\"@type\":\"Organization\",\"@id\":\"https:\/\/www.mosagreen.it\/de\/#organization\",\"name\":\"MosaGreen\",\"url\":\"https:\/\/www.mosagreen.it\/de\/\",\"logo\":{\"@type\":\"ImageObject\",\"inLanguage\":\"de\",\"@id\":\"https:\/\/www.mosagreen.it\/de\/#\/schema\/logo\/image\/\",\"url\":\"https:\/\/www.mosagreen.it\/wp-content\/uploads\/2025\/04\/logo-1.png\",\"contentUrl\":\"https:\/\/www.mosagreen.it\/wp-content\/uploads\/2025\/04\/logo-1.png\",\"width\":367,\"height\":476,\"caption\":\"MosaGreen\"},\"image\":{\"@id\":\"https:\/\/www.mosagreen.it\/de\/#\/schema\/logo\/image\/\"}}]}<\/script>\n<!-- \/ Yoast SEO plugin. -->","yoast_head_json":{"title":"Cookie-Einstellungen - MosaGreen","robots":{"index":"index","follow":"follow","max-snippet":"max-snippet:-1","max-image-preview":"max-image-preview:large","max-video-preview":"max-video-preview:-1"},"canonical":"https:\/\/www.mosagreen.it\/de\/cookie-einstellungen\/","og_locale":"de_DE","og_type":"article","og_title":"Cookie-Einstellungen - MosaGreen","og_description":"Cookie-Richtlinie der Mosa Green s.r.l. Die Mosa Green s.r.l. mit Sitz in Via Marconi 14, 33083 Chions (PN), Italien, in ihrer Eigenschaft als Verantwortlicher f\u00fcr die Datenverarbeitung (nachfolgend \u201eVerantwortlicher\u201c genannt) informiert die Besucher ihrer Website www.mosagreen.it, gem\u00e4\u00df der Verordnung (EU) 679\/2016 und den nationalen Datenschutzbestimmungen, \u00fcber die auf dieser Website verwendeten Cookies, deren Arten und [&hellip;]","og_url":"https:\/\/www.mosagreen.it\/de\/cookie-einstellungen\/","og_site_name":"MosaGreen","article_modified_time":"2025-11-17T10:42:50+00:00","twitter_card":"summary_large_image","twitter_misc":{"Gesch\u00e4tzte Lesezeit":"4\u00a0Minute"},"schema":{"@context":"https:\/\/schema.org","@graph":[{"@type":"WebPage","@id":"https:\/\/www.mosagreen.it\/de\/cookie-einstellungen\/","url":"https:\/\/www.mosagreen.it\/de\/cookie-einstellungen\/","name":"Cookie-Einstellungen - MosaGreen","isPartOf":{"@id":"https:\/\/www.mosagreen.it\/de\/#website"},"datePublished":"2025-09-05T13:29:53+00:00","dateModified":"2025-11-17T10:42:50+00:00","breadcrumb":{"@id":"https:\/\/www.mosagreen.it\/de\/cookie-einstellungen\/#breadcrumb"},"inLanguage":"de","potentialAction":[{"@type":"ReadAction","target":["https:\/\/www.mosagreen.it\/de\/cookie-einstellungen\/"]}]},{"@type":"BreadcrumbList","@id":"https:\/\/www.mosagreen.it\/de\/cookie-einstellungen\/#breadcrumb","itemListElement":[{"@type":"ListItem","position":1,"name":"Home","item":"https:\/\/www.mosagreen.it\/de\/"},{"@type":"ListItem","position":2,"name":"Cookie-Einstellungen"}]},{"@type":"WebSite","@id":"https:\/\/www.mosagreen.it\/de\/#website","url":"https:\/\/www.mosagreen.it\/de\/","name":"MosaGreen","description":"Macchine per OrtoFloro Vivaismo","publisher":{"@id":"https:\/\/www.mosagreen.it\/de\/#organization"},"potentialAction":[{"@type":"SearchAction","target":{"@type":"EntryPoint","urlTemplate":"https:\/\/www.mosagreen.it\/de\/?s={search_term_string}"},"query-input":{"@type":"PropertyValueSpecification","valueRequired":true,"valueName":"search_term_string"}}],"inLanguage":"de"},{"@type":"Organization","@id":"https:\/\/www.mosagreen.it\/de\/#organization","name":"MosaGreen","url":"https:\/\/www.mosagreen.it\/de\/","logo":{"@type":"ImageObject","inLanguage":"de","@id":"https:\/\/www.mosagreen.it\/de\/#\/schema\/logo\/image\/","url":"https:\/\/www.mosagreen.it\/wp-content\/uploads\/2025\/04\/logo-1.png","contentUrl":"https:\/\/www.mosagreen.it\/wp-content\/uploads\/2025\/04\/logo-1.png","width":367,"height":476,"caption":"MosaGreen"},"image":{"@id":"https:\/\/www.mosagreen.it\/de\/#\/schema\/logo\/image\/"}}]}},"_links":{"self":[{"href":"https:\/\/www.mosagreen.it\/de\/wp-json\/wp\/v2\/pages\/8785","targetHints":{"allow":["GET"]}}],"collection":[{"href":"https:\/\/www.mosagreen.it\/de\/wp-json\/wp\/v2\/pages"}],"about":[{"href":"https:\/\/www.mosagreen.it\/de\/wp-json\/wp\/v2\/types\/page"}],"author":[{"embeddable":true,"href":"https:\/\/www.mosagreen.it\/de\/wp-json\/wp\/v2\/users\/1"}],"replies":[{"embeddable":true,"href":"https:\/\/www.mosagreen.it\/de\/wp-json\/wp\/v2\/comments?post=8785"}],"version-history":[{"count":7,"href":"https:\/\/www.mosagreen.it\/de\/wp-json\/wp\/v2\/pages\/8785\/revisions"}],"predecessor-version":[{"id":9102,"href":"https:\/\/www.mosagreen.it\/de\/wp-json\/wp\/v2\/pages\/8785\/revisions\/9102"}],"wp:attachment":[{"href":"https:\/\/www.mosagreen.it\/de\/wp-json\/wp\/v2\/media?parent=8785"}],"curies":[{"name":"wp","href":"https:\/\/api.w.org\/{rel}","templated":true}]}}